{"id":449,"date":"2019-06-27T16:37:06","date_gmt":"2019-06-27T14:37:06","guid":{"rendered":"http:\/\/www.akilles.fi\/bandy\/?page_id=449"},"modified":"2024-09-30T15:41:03","modified_gmt":"2024-09-30T13:41:03","slug":"u21","status":"publish","type":"page","link":"https:\/\/www.akilles.fi\/bandy\/u21\/","title":{"rendered":"U21"},"content":{"rendered":"\t\t<div data-elementor-type=\"wp-post\" data-elementor-id=\"449\" class=\"elementor elementor-449\" data-elementor-post-type=\"page\">\n\t\t\t\t\t\t<section class=\"elementor-section elementor-top-section elementor-element elementor-element-65920ff elementor-section-boxed elementor-section-height-default elementor-section-height-default\" data-id=\"65920ff\" data-element_type=\"section\">\n\t\t\t\t\t\t<div class=\"elementor-container elementor-column-gap-default\">\n\t\t\t\t\t<div class=\"elementor-column elementor-col-100 elementor-top-column elementor-element elementor-element-912aaaf\" data-id=\"912aaaf\" data-element_type=\"column\">\n\t\t\t<div class=\"elementor-widget-wrap\">\n\t\t\t\t\t\t\t<\/div>\n\t\t<\/div>\n\t\t\t\t\t<\/div>\n\t\t<\/section>\n\t\t\t\t<section class=\"elementor-section elementor-top-section elementor-element elementor-element-6368fdc elementor-section-boxed elementor-section-height-default elementor-section-height-default\" data-id=\"6368fdc\" data-element_type=\"section\">\n\t\t\t\t\t\t<div class=\"elementor-container elementor-column-gap-default\">\n\t\t\t\t\t<div class=\"elementor-column elementor-col-100 elementor-top-column elementor-element elementor-element-f70eae4\" data-id=\"f70eae4\" data-element_type=\"column\">\n\t\t\t<div class=\"elementor-widget-wrap elementor-element-populated\">\n\t\t\t\t\t\t<div class=\"elementor-element elementor-element-74ea1bc elementor-widget elementor-widget-heading\" data-id=\"74ea1bc\" data-element_type=\"widget\" data-widget_type=\"heading.default\">\n\t\t\t\t<div class=\"elementor-widget-container\">\n\t\t\t\t\t<h4 class=\"elementor-heading-title elementor-size-default\"><a href=\"http:\/\/www.akilles.fi\/bandy\/juniorlag-juniorijoukkueet\/\"><br>Yhteystiedot - Kontaktuppgifter \n <\/a><\/h4>\t\t\t\t<\/div>\n\t\t\t\t<\/div>\n\t\t\t\t\t<\/div>\n\t\t<\/div>\n\t\t\t\t\t<\/div>\n\t\t<\/section>\n\t\t\t\t<section class=\"elementor-section elementor-top-section elementor-element elementor-element-287c51e elementor-section-boxed elementor-section-height-default elementor-section-height-default\" data-id=\"287c51e\" data-element_type=\"section\">\n\t\t\t\t\t\t<div class=\"elementor-container elementor-column-gap-default\">\n\t\t\t\t\t<div class=\"elementor-column elementor-col-100 elementor-top-column elementor-element elementor-element-7388017\" data-id=\"7388017\" data-element_type=\"column\">\n\t\t\t<div class=\"elementor-widget-wrap elementor-element-populated\">\n\t\t\t\t\t\t<div class=\"elementor-element elementor-element-34766ed elementor-widget elementor-widget-heading\" data-id=\"34766ed\" data-element_type=\"widget\" data-widget_type=\"heading.default\">\n\t\t\t\t<div class=\"elementor-widget-container\">\n\t\t\t\t\t<h2 class=\"elementor-heading-title elementor-size-default\">Kalenteri - Kalendern<\/h2>\t\t\t\t<\/div>\n\t\t\t\t<\/div>\n\t\t\t\t<div class=\"elementor-element elementor-element-170a8e5 elementor-widget elementor-widget-html\" data-id=\"170a8e5\" data-element_type=\"widget\" data-widget_type=\"html.default\">\n\t\t\t\t<div class=\"elementor-widget-container\">\n\t\t\t\t\t<!-- myClub embed JS - start -->\r\n<div class=\"myclub-embed\" data-url=\"https:\/\/akilles.myclub.fi\/groups\/12050\/event_embeds\/6986?token=720c7c251992ffa8efeaba00ca7557d535d83a3e\"><\/div>\r\n<script>(function(d, s, id) { var js, mjs = d.getElementsByTagName(s)[0]; if (d.getElementById(id)) return; js = d.createElement(s); js.id = id; js.async = true; js.src = \"https:\/\/d1kgctjlkvcjq1.cloudfront.net\/assets\/myclub-embed.js\"; mjs.parentNode.insertBefore(js, mjs); }(document, 'script', 'myclub-embed-js'));<\/script>\r\n<!-- myClub embed JS - end -->\r\n\t\t\t\t<\/div>\n\t\t\t\t<\/div>\n\t\t\t\t\t<\/div>\n\t\t<\/div>\n\t\t\t\t\t<\/div>\n\t\t<\/section>\n\t\t\t\t<section class=\"elementor-section elementor-top-section elementor-element elementor-element-1c045d9 elementor-section-boxed elementor-section-height-default elementor-section-height-default\" data-id=\"1c045d9\" data-element_type=\"section\">\n\t\t\t\t\t\t<div class=\"elementor-container elementor-column-gap-default\">\n\t\t\t\t\t<div class=\"elementor-column elementor-col-50 elementor-top-column elementor-element elementor-element-3797795\" data-id=\"3797795\" data-element_type=\"column\">\n\t\t\t<div class=\"elementor-widget-wrap elementor-element-populated\">\n\t\t\t\t\t\t<div class=\"elementor-element elementor-element-c33b7d8 elementor-widget elementor-widget-html\" data-id=\"c33b7d8\" data-element_type=\"widget\" data-widget_type=\"html.default\">\n\t\t\t\t<div class=\"elementor-widget-container\">\n\t\t\t\t\t<div style='width:400px'><script src='https:\/\/finbandy.torneopal.fi\/taso\/widget.php?teamid=757&amp;widget=schedule'><\/script><\/div>\t\t\t\t<\/div>\n\t\t\t\t<\/div>\n\t\t\t\t\t<\/div>\n\t\t<\/div>\n\t\t\t\t<div class=\"elementor-column elementor-col-50 elementor-top-column elementor-element elementor-element-32b99e3\" data-id=\"32b99e3\" data-element_type=\"column\">\n\t\t\t<div class=\"elementor-widget-wrap\">\n\t\t\t\t\t\t\t<\/div>\n\t\t<\/div>\n\t\t\t\t\t<\/div>\n\t\t<\/section>\n\t\t\t\t<section class=\"elementor-section elementor-top-section elementor-element elementor-element-9e7ef09 elementor-section-boxed elementor-section-height-default elementor-section-height-default\" data-id=\"9e7ef09\" data-element_type=\"section\">\n\t\t\t\t\t\t<div class=\"elementor-container elementor-column-gap-default\">\n\t\t\t\t\t<div class=\"elementor-column elementor-col-100 elementor-top-column elementor-element elementor-element-1a41ae7\" data-id=\"1a41ae7\" data-element_type=\"column\">\n\t\t\t<div class=\"elementor-widget-wrap elementor-element-populated\">\n\t\t\t\t\t\t<div class=\"elementor-element elementor-element-33c4580 elementor-widget elementor-widget-text-editor\" data-id=\"33c4580\" data-element_type=\"widget\" data-widget_type=\"text-editor.default\">\n\t\t\t\t<div class=\"elementor-widget-container\">\n\t\t\t\t\t\t\t\t\t<h4>Menneet kaudet &#8211; Gamla s\u00e4songer<\/h4>\t\t\t\t\t\t\t\t<\/div>\n\t\t\t\t<\/div>\n\t\t\t\t\t<\/div>\n\t\t<\/div>\n\t\t\t\t\t<\/div>\n\t\t<\/section>\n\t\t\t\t<section class=\"elementor-section elementor-top-section elementor-element elementor-element-2829b00 elementor-section-boxed elementor-section-height-default elementor-section-height-default\" data-id=\"2829b00\" data-element_type=\"section\">\n\t\t\t\t\t\t<div class=\"elementor-container elementor-column-gap-default\">\n\t\t\t\t\t<div class=\"elementor-column elementor-col-100 elementor-top-column elementor-element elementor-element-272f17a\" data-id=\"272f17a\" data-element_type=\"column\">\n\t\t\t<div class=\"elementor-widget-wrap elementor-element-populated\">\n\t\t\t\t\t\t<div class=\"elementor-element elementor-element-4b24beb elementor-widget elementor-widget-image\" data-id=\"4b24beb\" data-element_type=\"widget\" data-widget_type=\"image.default\">\n\t\t\t\t<div class=\"elementor-widget-container\">\n\t\t\t\t\t\t\t\t\t\t\t\t\t\t\t<img fetchpriority=\"high\" decoding=\"async\" width=\"1024\" height=\"640\" src=\"https:\/\/www.akilles.fi\/bandy\/wp-content\/uploads\/sites\/26\/2024\/09\/U21_2023-24-1024x640.jpg\" class=\"attachment-large size-large wp-image-4268\" alt=\"\" srcset=\"https:\/\/www.akilles.fi\/bandy\/wp-content\/uploads\/sites\/26\/2024\/09\/U21_2023-24-1024x640.jpg 1024w, https:\/\/www.akilles.fi\/bandy\/wp-content\/uploads\/sites\/26\/2024\/09\/U21_2023-24-300x188.jpg 300w, https:\/\/www.akilles.fi\/bandy\/wp-content\/uploads\/sites\/26\/2024\/09\/U21_2023-24-768x480.jpg 768w, https:\/\/www.akilles.fi\/bandy\/wp-content\/uploads\/sites\/26\/2024\/09\/U21_2023-24.jpg 1166w\" sizes=\"(max-width: 1024px) 100vw, 1024px\" \/>\t\t\t\t\t\t\t\t\t\t\t\t\t\t\t<\/div>\n\t\t\t\t<\/div>\n\t\t\t\t<div class=\"elementor-element elementor-element-0d1ee24 elementor-widget elementor-widget-text-editor\" data-id=\"0d1ee24\" data-element_type=\"widget\" data-widget_type=\"text-editor.default\">\n\t\t\t\t<div class=\"elementor-widget-container\">\n\t\t\t\t\t\t\t\t\t<p><strong>Kauden 2023-24 pronssia voittanut joukkue &#8211; Bronslaget fr\u00e5n s\u00e4songen 2023-24<\/strong><\/p>\t\t\t\t\t\t\t\t<\/div>\n\t\t\t\t<\/div>\n\t\t\t\t\t<\/div>\n\t\t<\/div>\n\t\t\t\t\t<\/div>\n\t\t<\/section>\n\t\t\t\t<section class=\"elementor-section elementor-top-section elementor-element elementor-element-eb980dc elementor-section-boxed elementor-section-height-default elementor-section-height-default\" data-id=\"eb980dc\" data-element_type=\"section\">\n\t\t\t\t\t\t<div class=\"elementor-container elementor-column-gap-default\">\n\t\t\t\t\t<div class=\"elementor-column elementor-col-100 elementor-top-column elementor-element elementor-element-b06b849\" data-id=\"b06b849\" data-element_type=\"column\">\n\t\t\t<div class=\"elementor-widget-wrap elementor-element-populated\">\n\t\t\t\t\t\t<div class=\"elementor-element elementor-element-24c30fa elementor-widget elementor-widget-image\" data-id=\"24c30fa\" data-element_type=\"widget\" data-widget_type=\"image.default\">\n\t\t\t\t<div class=\"elementor-widget-container\">\n\t\t\t\t\t\t\t\t\t\t\t\t\t\t\t<img decoding=\"async\" width=\"1024\" height=\"683\" src=\"https:\/\/www.akilles.fi\/bandy\/wp-content\/uploads\/sites\/26\/2021\/03\/U21-by-IiroPekonen-1024x683.jpg\" class=\"attachment-large size-large wp-image-2335\" alt=\"\" srcset=\"https:\/\/www.akilles.fi\/bandy\/wp-content\/uploads\/sites\/26\/2021\/03\/U21-by-IiroPekonen-1024x683.jpg 1024w, https:\/\/www.akilles.fi\/bandy\/wp-content\/uploads\/sites\/26\/2021\/03\/U21-by-IiroPekonen-300x200.jpg 300w, https:\/\/www.akilles.fi\/bandy\/wp-content\/uploads\/sites\/26\/2021\/03\/U21-by-IiroPekonen-768x512.jpg 768w, https:\/\/www.akilles.fi\/bandy\/wp-content\/uploads\/sites\/26\/2021\/03\/U21-by-IiroPekonen-1536x1024.jpg 1536w, https:\/\/www.akilles.fi\/bandy\/wp-content\/uploads\/sites\/26\/2021\/03\/U21-by-IiroPekonen-2048x1365.jpg 2048w\" sizes=\"(max-width: 1024px) 100vw, 1024px\" \/>\t\t\t\t\t\t\t\t\t\t\t\t\t\t\t<\/div>\n\t\t\t\t<\/div>\n\t\t\t\t<div class=\"elementor-element elementor-element-b2ffe9d elementor-widget elementor-widget-text-editor\" data-id=\"b2ffe9d\" data-element_type=\"widget\" data-widget_type=\"text-editor.default\">\n\t\t\t\t<div class=\"elementor-widget-container\">\n\t\t\t\t\t\t\t\t\t<p><strong>2020-21 Pronssijoukkue \/ Bronslaget.<\/strong> <strong><em>Kuva Iiro Pekonen<\/em><\/strong><\/p>\t\t\t\t\t\t\t\t<\/div>\n\t\t\t\t<\/div>\n\t\t\t\t\t<\/div>\n\t\t<\/div>\n\t\t\t\t\t<\/div>\n\t\t<\/section>\n\t\t\t\t<section class=\"elementor-section elementor-top-section elementor-element elementor-element-27eb470 elementor-section-boxed elementor-section-height-default elementor-section-height-default\" data-id=\"27eb470\" data-element_type=\"section\">\n\t\t\t\t\t\t<div class=\"elementor-container elementor-column-gap-wide\">\n\t\t\t\t\t<div class=\"elementor-column elementor-col-50 elementor-top-column elementor-element elementor-element-1224a86\" data-id=\"1224a86\" data-element_type=\"column\">\n\t\t\t<div class=\"elementor-widget-wrap elementor-element-populated\">\n\t\t\t\t\t\t<div class=\"elementor-element elementor-element-7d00e1d elementor-widget elementor-widget-image\" data-id=\"7d00e1d\" data-element_type=\"widget\" data-widget_type=\"image.default\">\n\t\t\t\t<div class=\"elementor-widget-container\">\n\t\t\t\t\t\t\t\t\t\t\t\t\t\t\t<img decoding=\"async\" width=\"967\" height=\"726\" src=\"https:\/\/www.akilles.fi\/bandy\/wp-content\/uploads\/sites\/26\/2019\/08\/P21.jpg\" class=\"attachment-full size-full wp-image-603\" alt=\"\" srcset=\"https:\/\/www.akilles.fi\/bandy\/wp-content\/uploads\/sites\/26\/2019\/08\/P21.jpg 967w, https:\/\/www.akilles.fi\/bandy\/wp-content\/uploads\/sites\/26\/2019\/08\/P21-300x225.jpg 300w, https:\/\/www.akilles.fi\/bandy\/wp-content\/uploads\/sites\/26\/2019\/08\/P21-768x577.jpg 768w\" sizes=\"(max-width: 967px) 100vw, 967px\" \/>\t\t\t\t\t\t\t\t\t\t\t\t\t\t\t<\/div>\n\t\t\t\t<\/div>\n\t\t\t\t\t<\/div>\n\t\t<\/div>\n\t\t\t\t<div class=\"elementor-column elementor-col-50 elementor-top-column elementor-element elementor-element-b6a3ace\" data-id=\"b6a3ace\" data-element_type=\"column\">\n\t\t\t<div class=\"elementor-widget-wrap elementor-element-populated\">\n\t\t\t\t\t\t<div class=\"elementor-element elementor-element-a8016bd elementor-widget elementor-widget-text-editor\" data-id=\"a8016bd\" data-element_type=\"widget\" data-widget_type=\"text-editor.default\">\n\t\t\t\t<div class=\"elementor-widget-container\">\n\t\t\t\t\t\t\t\t\t<p>Joukkuekuva kaudelta 2018-19<\/p>\t\t\t\t\t\t\t\t<\/div>\n\t\t\t\t<\/div>\n\t\t\t\t\t<\/div>\n\t\t<\/div>\n\t\t\t\t\t<\/div>\n\t\t<\/section>\n\t\t\t\t<section class=\"elementor-section elementor-top-section elementor-element elementor-element-fc4ae33 elementor-section-boxed elementor-section-height-default elementor-section-height-default\" data-id=\"fc4ae33\" data-element_type=\"section\">\n\t\t\t\t\t\t<div class=\"elementor-container elementor-column-gap-default\">\n\t\t\t\t\t<div class=\"elementor-column elementor-col-100 elementor-top-column elementor-element elementor-element-5fd3975\" data-id=\"5fd3975\" data-element_type=\"column\">\n\t\t\t<div class=\"elementor-widget-wrap\">\n\t\t\t\t\t\t\t<\/div>\n\t\t<\/div>\n\t\t\t\t\t<\/div>\n\t\t<\/section>\n\t\t\t\t<\/div>\n\t\t","protected":false},"excerpt":{"rendered":"<p>Yhteystiedot &#8211; Kontaktuppgifter Kalenteri &#8211; Kalendern Menneet kaudet &#8211; Gamla s\u00e4songer Kauden 2023-24 pronssia voittanut joukkue &#8211; Bronslaget fr\u00e5n s\u00e4songen 2023-24 2020-21 Pronssijoukkue \/ Bronslaget. Kuva Iiro Pekonen Joukkuekuva kaudelta 2018-19<\/p>\n","protected":false},"author":4,"featured_media":0,"parent":0,"menu_order":0,"comment_status":"closed","ping_status":"closed","template":"","meta":{"_crdt_document":"","footnotes":""},"class_list":["post-449","page","type-page","status-publish","hentry"],"yoast_head":"<!-- This site is optimized with the Yoast SEO plugin v26.8 - https:\/\/yoast.com\/product\/yoast-seo-wordpress\/ -->\n<title>U21 - Bandy - J\u00e4\u00e4pallo<\/title>\n<meta name=\"robots\" content=\"index, follow, max-snippet:-1, max-image-preview:large, max-video-preview:-1\" \/>\n<link rel=\"canonical\" href=\"https:\/\/www.akilles.fi\/bandy\/u21\/\" \/>\n<meta property=\"og:locale\" content=\"en_US\" \/>\n<meta property=\"og:type\" content=\"article\" \/>\n<meta property=\"og:title\" content=\"U21 - Bandy - J\u00e4\u00e4pallo\" \/>\n<meta property=\"og:description\" content=\"Yhteystiedot &#8211; Kontaktuppgifter Kalenteri &#8211; Kalendern Menneet kaudet &#8211; Gamla s\u00e4songer Kauden 2023-24 pronssia voittanut joukkue &#8211; Bronslaget fr\u00e5n s\u00e4songen 2023-24 2020-21 Pronssijoukkue \/ Bronslaget. Kuva Iiro Pekonen Joukkuekuva kaudelta 2018-19\" \/>\n<meta property=\"og:url\" content=\"https:\/\/www.akilles.fi\/bandy\/u21\/\" \/>\n<meta property=\"og:site_name\" content=\"Bandy - J\u00e4\u00e4pallo\" \/>\n<meta property=\"article:modified_time\" content=\"2024-09-30T13:41:03+00:00\" \/>\n<meta property=\"og:image\" content=\"http:\/\/www.akilles.fi\/bandy\/wp-content\/uploads\/sites\/26\/2024\/09\/U21_2023-24-1024x640.jpg\" \/>\n<meta name=\"twitter:card\" content=\"summary_large_image\" \/>\n<meta name=\"twitter:label1\" content=\"Est. reading time\" \/>\n\t<meta name=\"twitter:data1\" content=\"1 minute\" \/>\n<script type=\"application\/ld+json\" class=\"yoast-schema-graph\">{\"@context\":\"https:\/\/schema.org\",\"@graph\":[{\"@type\":\"WebPage\",\"@id\":\"https:\/\/www.akilles.fi\/bandy\/u21\/\",\"url\":\"https:\/\/www.akilles.fi\/bandy\/u21\/\",\"name\":\"U21 - Bandy - J\u00e4\u00e4pallo\",\"isPartOf\":{\"@id\":\"https:\/\/www.akilles.fi\/bandy\/#website\"},\"primaryImageOfPage\":{\"@id\":\"https:\/\/www.akilles.fi\/bandy\/u21\/#primaryimage\"},\"image\":{\"@id\":\"https:\/\/www.akilles.fi\/bandy\/u21\/#primaryimage\"},\"thumbnailUrl\":\"http:\/\/www.akilles.fi\/bandy\/wp-content\/uploads\/sites\/26\/2024\/09\/U21_2023-24-1024x640.jpg\",\"datePublished\":\"2019-06-27T14:37:06+00:00\",\"dateModified\":\"2024-09-30T13:41:03+00:00\",\"breadcrumb\":{\"@id\":\"https:\/\/www.akilles.fi\/bandy\/u21\/#breadcrumb\"},\"inLanguage\":\"en-US\",\"potentialAction\":[{\"@type\":\"ReadAction\",\"target\":[\"https:\/\/www.akilles.fi\/bandy\/u21\/\"]}]},{\"@type\":\"ImageObject\",\"inLanguage\":\"en-US\",\"@id\":\"https:\/\/www.akilles.fi\/bandy\/u21\/#primaryimage\",\"url\":\"https:\/\/www.akilles.fi\/bandy\/wp-content\/uploads\/sites\/26\/2024\/09\/U21_2023-24.jpg\",\"contentUrl\":\"https:\/\/www.akilles.fi\/bandy\/wp-content\/uploads\/sites\/26\/2024\/09\/U21_2023-24.jpg\",\"width\":1166,\"height\":729},{\"@type\":\"BreadcrumbList\",\"@id\":\"https:\/\/www.akilles.fi\/bandy\/u21\/#breadcrumb\",\"itemListElement\":[{\"@type\":\"ListItem\",\"position\":1,\"name\":\"Home\",\"item\":\"https:\/\/www.akilles.fi\/bandy\/\"},{\"@type\":\"ListItem\",\"position\":2,\"name\":\"U21\"}]},{\"@type\":\"WebSite\",\"@id\":\"https:\/\/www.akilles.fi\/bandy\/#website\",\"url\":\"https:\/\/www.akilles.fi\/bandy\/\",\"name\":\"Bandy - J\u00e4\u00e4pallo\",\"description\":\"Borg\u00e5 Akilles Bandy - Porvoon Akilles J\u00e4\u00e4pallo\",\"potentialAction\":[{\"@type\":\"SearchAction\",\"target\":{\"@type\":\"EntryPoint\",\"urlTemplate\":\"https:\/\/www.akilles.fi\/bandy\/?s={search_term_string}\"},\"query-input\":{\"@type\":\"PropertyValueSpecification\",\"valueRequired\":true,\"valueName\":\"search_term_string\"}}],\"inLanguage\":\"en-US\"}]}<\/script>\n<!-- \/ Yoast SEO plugin. -->","yoast_head_json":{"title":"U21 - Bandy - J\u00e4\u00e4pallo","robots":{"index":"index","follow":"follow","max-snippet":"max-snippet:-1","max-image-preview":"max-image-preview:large","max-video-preview":"max-video-preview:-1"},"canonical":"https:\/\/www.akilles.fi\/bandy\/u21\/","og_locale":"en_US","og_type":"article","og_title":"U21 - Bandy - J\u00e4\u00e4pallo","og_description":"Yhteystiedot &#8211; Kontaktuppgifter Kalenteri &#8211; Kalendern Menneet kaudet &#8211; Gamla s\u00e4songer Kauden 2023-24 pronssia voittanut joukkue &#8211; Bronslaget fr\u00e5n s\u00e4songen 2023-24 2020-21 Pronssijoukkue \/ Bronslaget. Kuva Iiro Pekonen Joukkuekuva kaudelta 2018-19","og_url":"https:\/\/www.akilles.fi\/bandy\/u21\/","og_site_name":"Bandy - J\u00e4\u00e4pallo","article_modified_time":"2024-09-30T13:41:03+00:00","og_image":[{"url":"http:\/\/www.akilles.fi\/bandy\/wp-content\/uploads\/sites\/26\/2024\/09\/U21_2023-24-1024x640.jpg","type":"","width":"","height":""}],"twitter_card":"summary_large_image","twitter_misc":{"Est. reading time":"1 minute"},"schema":{"@context":"https:\/\/schema.org","@graph":[{"@type":"WebPage","@id":"https:\/\/www.akilles.fi\/bandy\/u21\/","url":"https:\/\/www.akilles.fi\/bandy\/u21\/","name":"U21 - Bandy - J\u00e4\u00e4pallo","isPartOf":{"@id":"https:\/\/www.akilles.fi\/bandy\/#website"},"primaryImageOfPage":{"@id":"https:\/\/www.akilles.fi\/bandy\/u21\/#primaryimage"},"image":{"@id":"https:\/\/www.akilles.fi\/bandy\/u21\/#primaryimage"},"thumbnailUrl":"http:\/\/www.akilles.fi\/bandy\/wp-content\/uploads\/sites\/26\/2024\/09\/U21_2023-24-1024x640.jpg","datePublished":"2019-06-27T14:37:06+00:00","dateModified":"2024-09-30T13:41:03+00:00","breadcrumb":{"@id":"https:\/\/www.akilles.fi\/bandy\/u21\/#breadcrumb"},"inLanguage":"en-US","potentialAction":[{"@type":"ReadAction","target":["https:\/\/www.akilles.fi\/bandy\/u21\/"]}]},{"@type":"ImageObject","inLanguage":"en-US","@id":"https:\/\/www.akilles.fi\/bandy\/u21\/#primaryimage","url":"https:\/\/www.akilles.fi\/bandy\/wp-content\/uploads\/sites\/26\/2024\/09\/U21_2023-24.jpg","contentUrl":"https:\/\/www.akilles.fi\/bandy\/wp-content\/uploads\/sites\/26\/2024\/09\/U21_2023-24.jpg","width":1166,"height":729},{"@type":"BreadcrumbList","@id":"https:\/\/www.akilles.fi\/bandy\/u21\/#breadcrumb","itemListElement":[{"@type":"ListItem","position":1,"name":"Home","item":"https:\/\/www.akilles.fi\/bandy\/"},{"@type":"ListItem","position":2,"name":"U21"}]},{"@type":"WebSite","@id":"https:\/\/www.akilles.fi\/bandy\/#website","url":"https:\/\/www.akilles.fi\/bandy\/","name":"Bandy - J\u00e4\u00e4pallo","description":"Borg\u00e5 Akilles Bandy - Porvoon Akilles J\u00e4\u00e4pallo","potentialAction":[{"@type":"SearchAction","target":{"@type":"EntryPoint","urlTemplate":"https:\/\/www.akilles.fi\/bandy\/?s={search_term_string}"},"query-input":{"@type":"PropertyValueSpecification","valueRequired":true,"valueName":"search_term_string"}}],"inLanguage":"en-US"}]}},"_links":{"self":[{"href":"https:\/\/www.akilles.fi\/bandy\/wp-json\/wp\/v2\/pages\/449","targetHints":{"allow":["GET"]}}],"collection":[{"href":"https:\/\/www.akilles.fi\/bandy\/wp-json\/wp\/v2\/pages"}],"about":[{"href":"https:\/\/www.akilles.fi\/bandy\/wp-json\/wp\/v2\/types\/page"}],"author":[{"embeddable":true,"href":"https:\/\/www.akilles.fi\/bandy\/wp-json\/wp\/v2\/users\/4"}],"replies":[{"embeddable":true,"href":"https:\/\/www.akilles.fi\/bandy\/wp-json\/wp\/v2\/comments?post=449"}],"version-history":[{"count":63,"href":"https:\/\/www.akilles.fi\/bandy\/wp-json\/wp\/v2\/pages\/449\/revisions"}],"predecessor-version":[{"id":4272,"href":"https:\/\/www.akilles.fi\/bandy\/wp-json\/wp\/v2\/pages\/449\/revisions\/4272"}],"wp:attachment":[{"href":"https:\/\/www.akilles.fi\/bandy\/wp-json\/wp\/v2\/media?parent=449"}],"curies":[{"name":"wp","href":"https:\/\/api.w.org\/{rel}","templated":true}]}}