{"id":450,"date":"2019-06-27T16:36:22","date_gmt":"2019-06-27T14:36:22","guid":{"rendered":"http:\/\/www.akilles.fi\/bandy\/?page_id=450"},"modified":"2024-01-22T11:57:10","modified_gmt":"2024-01-22T09:57:10","slug":"u12","status":"publish","type":"page","link":"https:\/\/www.akilles.fi\/bandy\/u12\/","title":{"rendered":"U12"},"content":{"rendered":"\t\t<div data-elementor-type=\"wp-post\" data-elementor-id=\"450\" class=\"elementor elementor-450\" data-elementor-post-type=\"page\">\n\t\t\t\t\t\t<section class=\"elementor-section elementor-top-section elementor-element elementor-element-1f0341d elementor-section-boxed elementor-section-height-default elementor-section-height-default\" data-id=\"1f0341d\" data-element_type=\"section\">\n\t\t\t\t\t\t<div class=\"elementor-container elementor-column-gap-default\">\n\t\t\t\t\t<div class=\"elementor-column elementor-col-100 elementor-top-column elementor-element elementor-element-6f59c93\" data-id=\"6f59c93\" data-element_type=\"column\">\n\t\t\t<div class=\"elementor-widget-wrap elementor-element-populated\">\n\t\t\t\t\t\t<div class=\"elementor-element elementor-element-86dc05e elementor-widget elementor-widget-heading\" data-id=\"86dc05e\" data-element_type=\"widget\" data-widget_type=\"heading.default\">\n\t\t\t\t<div class=\"elementor-widget-container\">\n\t\t\t\t\t<h2 class=\"elementor-heading-title elementor-size-default\"><a href=\"http:\/\/www.akilles.fi\/bandy\/juniorlag-juniorijoukkueet\/\"><br>Yhteystiedot - Kontaktuppgifter<br><br><\/a><\/h2>\t\t\t\t<\/div>\n\t\t\t\t<\/div>\n\t\t\t\t\t<\/div>\n\t\t<\/div>\n\t\t\t\t\t<\/div>\n\t\t<\/section>\n\t\t\t\t<section class=\"elementor-section elementor-top-section elementor-element elementor-element-3fd6721 elementor-section-boxed elementor-section-height-default elementor-section-height-default\" data-id=\"3fd6721\" data-element_type=\"section\">\n\t\t\t\t\t\t<div class=\"elementor-container elementor-column-gap-default\">\n\t\t\t\t\t<div class=\"elementor-column elementor-col-100 elementor-top-column elementor-element elementor-element-2912f14\" data-id=\"2912f14\" data-element_type=\"column\">\n\t\t\t<div class=\"elementor-widget-wrap elementor-element-populated\">\n\t\t\t\t\t\t<div class=\"elementor-element elementor-element-11613f8 elementor-widget elementor-widget-text-editor\" data-id=\"11613f8\" data-element_type=\"widget\" data-widget_type=\"text-editor.default\">\n\t\t\t\t<div class=\"elementor-widget-container\">\n\t\t\t\t\t\t\t\t\t<h4>\u00a0<\/h4><h4>Vanhat kaudet &#8211; Gamla S\u00e4songer<\/h4>\t\t\t\t\t\t\t\t<\/div>\n\t\t\t\t<\/div>\n\t\t\t\t\t<\/div>\n\t\t<\/div>\n\t\t\t\t\t<\/div>\n\t\t<\/section>\n\t\t\t\t<section class=\"elementor-section elementor-top-section elementor-element elementor-element-a6e680d elementor-section-boxed elementor-section-height-default elementor-section-height-default\" data-id=\"a6e680d\" data-element_type=\"section\">\n\t\t\t\t\t\t<div class=\"elementor-container elementor-column-gap-default\">\n\t\t\t\t\t<div class=\"elementor-column elementor-col-50 elementor-top-column elementor-element elementor-element-b3b73e2\" data-id=\"b3b73e2\" data-element_type=\"column\">\n\t\t\t<div class=\"elementor-widget-wrap elementor-element-populated\">\n\t\t\t\t\t\t<div class=\"elementor-element elementor-element-10f8519 elementor-widget elementor-widget-image\" data-id=\"10f8519\" data-element_type=\"widget\" data-widget_type=\"image.default\">\n\t\t\t\t<div class=\"elementor-widget-container\">\n\t\t\t\t\t\t\t\t\t\t\t\t\t\t\t<img fetchpriority=\"high\" decoding=\"async\" width=\"1024\" height=\"769\" src=\"https:\/\/www.akilles.fi\/bandy\/wp-content\/uploads\/sites\/26\/2019\/09\/P11lag-1024x769.jpg\" class=\"attachment-large size-large wp-image-952\" alt=\"\" srcset=\"https:\/\/www.akilles.fi\/bandy\/wp-content\/uploads\/sites\/26\/2019\/09\/P11lag-1024x769.jpg 1024w, https:\/\/www.akilles.fi\/bandy\/wp-content\/uploads\/sites\/26\/2019\/09\/P11lag-300x225.jpg 300w, https:\/\/www.akilles.fi\/bandy\/wp-content\/uploads\/sites\/26\/2019\/09\/P11lag-768x577.jpg 768w, https:\/\/www.akilles.fi\/bandy\/wp-content\/uploads\/sites\/26\/2019\/09\/P11lag.jpg 1934w\" sizes=\"(max-width: 1024px) 100vw, 1024px\" \/>\t\t\t\t\t\t\t\t\t\t\t\t\t\t\t<\/div>\n\t\t\t\t<\/div>\n\t\t\t\t\t<\/div>\n\t\t<\/div>\n\t\t\t\t<div class=\"elementor-column elementor-col-50 elementor-top-column elementor-element elementor-element-7cf12d4\" data-id=\"7cf12d4\" data-element_type=\"column\">\n\t\t\t<div class=\"elementor-widget-wrap elementor-element-populated\">\n\t\t\t\t\t\t<div class=\"elementor-element elementor-element-33a134b elementor-widget elementor-widget-text-editor\" data-id=\"33a134b\" data-element_type=\"widget\" data-widget_type=\"text-editor.default\">\n\t\t\t\t<div class=\"elementor-widget-container\">\n\t\t\t\t\t\t\t\t\t<p><strong>Joukkuekuva kaudelta 2019-20<\/strong><\/p>\t\t\t\t\t\t\t\t<\/div>\n\t\t\t\t<\/div>\n\t\t\t\t\t<\/div>\n\t\t<\/div>\n\t\t\t\t\t<\/div>\n\t\t<\/section>\n\t\t\t\t<section class=\"elementor-section elementor-top-section elementor-element elementor-element-2d8b55d elementor-section-boxed elementor-section-height-default elementor-section-height-default\" data-id=\"2d8b55d\" data-element_type=\"section\">\n\t\t\t\t\t\t<div class=\"elementor-container elementor-column-gap-default\">\n\t\t\t\t\t<div class=\"elementor-column elementor-col-50 elementor-top-column elementor-element elementor-element-d8a8ffb\" data-id=\"d8a8ffb\" data-element_type=\"column\">\n\t\t\t<div class=\"elementor-widget-wrap elementor-element-populated\">\n\t\t\t\t\t\t<div class=\"elementor-element elementor-element-74654a5 elementor-widget elementor-widget-image\" data-id=\"74654a5\" data-element_type=\"widget\" data-widget_type=\"image.default\">\n\t\t\t\t<div class=\"elementor-widget-container\">\n\t\t\t\t\t\t\t\t\t\t\t\t\t\t\t<img decoding=\"async\" width=\"1024\" height=\"683\" src=\"https:\/\/www.akilles.fi\/bandy\/wp-content\/uploads\/sites\/26\/2019\/11\/akilles-p11p13-1024x683.jpg\" class=\"attachment-large size-large wp-image-1282\" alt=\"\" srcset=\"https:\/\/www.akilles.fi\/bandy\/wp-content\/uploads\/sites\/26\/2019\/11\/akilles-p11p13-1024x683.jpg 1024w, https:\/\/www.akilles.fi\/bandy\/wp-content\/uploads\/sites\/26\/2019\/11\/akilles-p11p13-300x200.jpg 300w, https:\/\/www.akilles.fi\/bandy\/wp-content\/uploads\/sites\/26\/2019\/11\/akilles-p11p13-768x512.jpg 768w, https:\/\/www.akilles.fi\/bandy\/wp-content\/uploads\/sites\/26\/2019\/11\/akilles-p11p13-1536x1024.jpg 1536w, https:\/\/www.akilles.fi\/bandy\/wp-content\/uploads\/sites\/26\/2019\/11\/akilles-p11p13-2048x1365.jpg 2048w\" sizes=\"(max-width: 1024px) 100vw, 1024px\" \/>\t\t\t\t\t\t\t\t\t\t\t\t\t\t\t<\/div>\n\t\t\t\t<\/div>\n\t\t\t\t\t<\/div>\n\t\t<\/div>\n\t\t\t\t<div class=\"elementor-column elementor-col-50 elementor-top-column elementor-element elementor-element-1ae3395\" data-id=\"1ae3395\" data-element_type=\"column\">\n\t\t\t<div class=\"elementor-widget-wrap elementor-element-populated\">\n\t\t\t\t\t\t<div class=\"elementor-element elementor-element-e7e04c3 elementor-widget elementor-widget-text-editor\" data-id=\"e7e04c3\" data-element_type=\"widget\" data-widget_type=\"text-editor.default\">\n\t\t\t\t<div class=\"elementor-widget-container\">\n\t\t\t\t\t\t\t\t\t<p>Joukkuekuva 2019-20<\/p>\t\t\t\t\t\t\t\t<\/div>\n\t\t\t\t<\/div>\n\t\t\t\t\t<\/div>\n\t\t<\/div>\n\t\t\t\t\t<\/div>\n\t\t<\/section>\n\t\t\t\t<\/div>\n\t\t","protected":false},"excerpt":{"rendered":"<p>Yhteystiedot &#8211; Kontaktuppgifter \u00a0 Vanhat kaudet &#8211; Gamla S\u00e4songer Joukkuekuva kaudelta 2019-20 Joukkuekuva 2019-20<\/p>\n","protected":false},"author":4,"featured_media":0,"parent":0,"menu_order":0,"comment_status":"closed","ping_status":"closed","template":"","meta":{"_crdt_document":"","footnotes":""},"class_list":["post-450","page","type-page","status-publish","hentry"],"yoast_head":"<!-- This site is optimized with the Yoast SEO plugin v27.4 - https:\/\/yoast.com\/product\/yoast-seo-wordpress\/ -->\n<title>U12 - Bandy - J\u00e4\u00e4pallo<\/title>\n<meta name=\"robots\" content=\"index, follow, max-snippet:-1, max-image-preview:large, max-video-preview:-1\" \/>\n<link rel=\"canonical\" href=\"https:\/\/www.akilles.fi\/bandy\/u12\/\" \/>\n<meta property=\"og:locale\" content=\"en_US\" \/>\n<meta property=\"og:type\" content=\"article\" \/>\n<meta property=\"og:title\" content=\"U12 - Bandy - J\u00e4\u00e4pallo\" \/>\n<meta property=\"og:description\" content=\"Yhteystiedot &#8211; Kontaktuppgifter \u00a0 Vanhat kaudet &#8211; Gamla S\u00e4songer Joukkuekuva kaudelta 2019-20 Joukkuekuva 2019-20\" \/>\n<meta property=\"og:url\" content=\"https:\/\/www.akilles.fi\/bandy\/u12\/\" \/>\n<meta property=\"og:site_name\" content=\"Bandy - J\u00e4\u00e4pallo\" \/>\n<meta property=\"article:modified_time\" content=\"2024-01-22T09:57:10+00:00\" \/>\n<meta property=\"og:image\" content=\"http:\/\/www.akilles.fi\/bandy\/wp-content\/uploads\/sites\/26\/2019\/09\/P11lag-1024x769.jpg\" \/>\n<meta name=\"twitter:card\" content=\"summary_large_image\" \/>\n<meta name=\"twitter:label1\" content=\"Est. reading time\" \/>\n\t<meta name=\"twitter:data1\" content=\"1 minute\" \/>\n<script type=\"application\/ld+json\" class=\"yoast-schema-graph\">{\"@context\":\"https:\\\/\\\/schema.org\",\"@graph\":[{\"@type\":\"WebPage\",\"@id\":\"https:\\\/\\\/www.akilles.fi\\\/bandy\\\/u12\\\/\",\"url\":\"https:\\\/\\\/www.akilles.fi\\\/bandy\\\/u12\\\/\",\"name\":\"U12 - Bandy - J\u00e4\u00e4pallo\",\"isPartOf\":{\"@id\":\"https:\\\/\\\/www.akilles.fi\\\/bandy\\\/#website\"},\"primaryImageOfPage\":{\"@id\":\"https:\\\/\\\/www.akilles.fi\\\/bandy\\\/u12\\\/#primaryimage\"},\"image\":{\"@id\":\"https:\\\/\\\/www.akilles.fi\\\/bandy\\\/u12\\\/#primaryimage\"},\"thumbnailUrl\":\"http:\\\/\\\/www.akilles.fi\\\/bandy\\\/wp-content\\\/uploads\\\/sites\\\/26\\\/2019\\\/09\\\/P11lag-1024x769.jpg\",\"datePublished\":\"2019-06-27T14:36:22+00:00\",\"dateModified\":\"2024-01-22T09:57:10+00:00\",\"breadcrumb\":{\"@id\":\"https:\\\/\\\/www.akilles.fi\\\/bandy\\\/u12\\\/#breadcrumb\"},\"inLanguage\":\"en-US\",\"potentialAction\":[{\"@type\":\"ReadAction\",\"target\":[\"https:\\\/\\\/www.akilles.fi\\\/bandy\\\/u12\\\/\"]}]},{\"@type\":\"ImageObject\",\"inLanguage\":\"en-US\",\"@id\":\"https:\\\/\\\/www.akilles.fi\\\/bandy\\\/u12\\\/#primaryimage\",\"url\":\"http:\\\/\\\/www.akilles.fi\\\/bandy\\\/wp-content\\\/uploads\\\/sites\\\/26\\\/2019\\\/09\\\/P11lag-1024x769.jpg\",\"contentUrl\":\"http:\\\/\\\/www.akilles.fi\\\/bandy\\\/wp-content\\\/uploads\\\/sites\\\/26\\\/2019\\\/09\\\/P11lag-1024x769.jpg\"},{\"@type\":\"BreadcrumbList\",\"@id\":\"https:\\\/\\\/www.akilles.fi\\\/bandy\\\/u12\\\/#breadcrumb\",\"itemListElement\":[{\"@type\":\"ListItem\",\"position\":1,\"name\":\"Home\",\"item\":\"https:\\\/\\\/www.akilles.fi\\\/bandy\\\/\"},{\"@type\":\"ListItem\",\"position\":2,\"name\":\"U12\"}]},{\"@type\":\"WebSite\",\"@id\":\"https:\\\/\\\/www.akilles.fi\\\/bandy\\\/#website\",\"url\":\"https:\\\/\\\/www.akilles.fi\\\/bandy\\\/\",\"name\":\"Bandy - J\u00e4\u00e4pallo\",\"description\":\"Borg\u00e5 Akilles Bandy - Porvoon Akilles J\u00e4\u00e4pallo\",\"potentialAction\":[{\"@type\":\"SearchAction\",\"target\":{\"@type\":\"EntryPoint\",\"urlTemplate\":\"https:\\\/\\\/www.akilles.fi\\\/bandy\\\/?s={search_term_string}\"},\"query-input\":{\"@type\":\"PropertyValueSpecification\",\"valueRequired\":true,\"valueName\":\"search_term_string\"}}],\"inLanguage\":\"en-US\"}]}<\/script>\n<!-- \/ Yoast SEO plugin. -->","yoast_head_json":{"title":"U12 - Bandy - J\u00e4\u00e4pallo","robots":{"index":"index","follow":"follow","max-snippet":"max-snippet:-1","max-image-preview":"max-image-preview:large","max-video-preview":"max-video-preview:-1"},"canonical":"https:\/\/www.akilles.fi\/bandy\/u12\/","og_locale":"en_US","og_type":"article","og_title":"U12 - Bandy - J\u00e4\u00e4pallo","og_description":"Yhteystiedot &#8211; Kontaktuppgifter \u00a0 Vanhat kaudet &#8211; Gamla S\u00e4songer Joukkuekuva kaudelta 2019-20 Joukkuekuva 2019-20","og_url":"https:\/\/www.akilles.fi\/bandy\/u12\/","og_site_name":"Bandy - J\u00e4\u00e4pallo","article_modified_time":"2024-01-22T09:57:10+00:00","og_image":[{"url":"http:\/\/www.akilles.fi\/bandy\/wp-content\/uploads\/sites\/26\/2019\/09\/P11lag-1024x769.jpg","type":"","width":"","height":""}],"twitter_card":"summary_large_image","twitter_misc":{"Est. reading time":"1 minute"},"schema":{"@context":"https:\/\/schema.org","@graph":[{"@type":"WebPage","@id":"https:\/\/www.akilles.fi\/bandy\/u12\/","url":"https:\/\/www.akilles.fi\/bandy\/u12\/","name":"U12 - Bandy - J\u00e4\u00e4pallo","isPartOf":{"@id":"https:\/\/www.akilles.fi\/bandy\/#website"},"primaryImageOfPage":{"@id":"https:\/\/www.akilles.fi\/bandy\/u12\/#primaryimage"},"image":{"@id":"https:\/\/www.akilles.fi\/bandy\/u12\/#primaryimage"},"thumbnailUrl":"http:\/\/www.akilles.fi\/bandy\/wp-content\/uploads\/sites\/26\/2019\/09\/P11lag-1024x769.jpg","datePublished":"2019-06-27T14:36:22+00:00","dateModified":"2024-01-22T09:57:10+00:00","breadcrumb":{"@id":"https:\/\/www.akilles.fi\/bandy\/u12\/#breadcrumb"},"inLanguage":"en-US","potentialAction":[{"@type":"ReadAction","target":["https:\/\/www.akilles.fi\/bandy\/u12\/"]}]},{"@type":"ImageObject","inLanguage":"en-US","@id":"https:\/\/www.akilles.fi\/bandy\/u12\/#primaryimage","url":"http:\/\/www.akilles.fi\/bandy\/wp-content\/uploads\/sites\/26\/2019\/09\/P11lag-1024x769.jpg","contentUrl":"http:\/\/www.akilles.fi\/bandy\/wp-content\/uploads\/sites\/26\/2019\/09\/P11lag-1024x769.jpg"},{"@type":"BreadcrumbList","@id":"https:\/\/www.akilles.fi\/bandy\/u12\/#breadcrumb","itemListElement":[{"@type":"ListItem","position":1,"name":"Home","item":"https:\/\/www.akilles.fi\/bandy\/"},{"@type":"ListItem","position":2,"name":"U12"}]},{"@type":"WebSite","@id":"https:\/\/www.akilles.fi\/bandy\/#website","url":"https:\/\/www.akilles.fi\/bandy\/","name":"Bandy - J\u00e4\u00e4pallo","description":"Borg\u00e5 Akilles Bandy - Porvoon Akilles J\u00e4\u00e4pallo","potentialAction":[{"@type":"SearchAction","target":{"@type":"EntryPoint","urlTemplate":"https:\/\/www.akilles.fi\/bandy\/?s={search_term_string}"},"query-input":{"@type":"PropertyValueSpecification","valueRequired":true,"valueName":"search_term_string"}}],"inLanguage":"en-US"}]}},"_links":{"self":[{"href":"https:\/\/www.akilles.fi\/bandy\/wp-json\/wp\/v2\/pages\/450","targetHints":{"allow":["GET"]}}],"collection":[{"href":"https:\/\/www.akilles.fi\/bandy\/wp-json\/wp\/v2\/pages"}],"about":[{"href":"https:\/\/www.akilles.fi\/bandy\/wp-json\/wp\/v2\/types\/page"}],"author":[{"embeddable":true,"href":"https:\/\/www.akilles.fi\/bandy\/wp-json\/wp\/v2\/users\/4"}],"replies":[{"embeddable":true,"href":"https:\/\/www.akilles.fi\/bandy\/wp-json\/wp\/v2\/comments?post=450"}],"version-history":[{"count":23,"href":"https:\/\/www.akilles.fi\/bandy\/wp-json\/wp\/v2\/pages\/450\/revisions"}],"predecessor-version":[{"id":4112,"href":"https:\/\/www.akilles.fi\/bandy\/wp-json\/wp\/v2\/pages\/450\/revisions\/4112"}],"wp:attachment":[{"href":"https:\/\/www.akilles.fi\/bandy\/wp-json\/wp\/v2\/media?parent=450"}],"curies":[{"name":"wp","href":"https:\/\/api.w.org\/{rel}","templated":true}]}}