{"id":461,"date":"2019-06-27T16:39:12","date_gmt":"2019-06-27T16:39:12","guid":{"rendered":"http:\/\/www.akilles.fi\/bandy\/?page_id=461"},"modified":"2022-12-01T08:59:45","modified_gmt":"2022-12-01T06:59:45","slug":"handelsekalender-tapahtumakalenteri","status":"publish","type":"page","link":"https:\/\/www.akilles.fi\/bandy\/handelsekalender-tapahtumakalenteri\/","title":{"rendered":"Matchkalender (Ej i bruk!) &#8211; Ottelukalenteri (Ei k\u00e4yt\u00f6ss\u00e4!)"},"content":{"rendered":"\t\t<div data-elementor-type=\"wp-post\" data-elementor-id=\"461\" class=\"elementor elementor-461\" data-elementor-post-type=\"page\">\n\t\t\t\t\t\t<section class=\"elementor-section elementor-top-section elementor-element elementor-element-a2c2fef elementor-section-boxed elementor-section-height-default elementor-section-height-default\" data-id=\"a2c2fef\" data-element_type=\"section\">\n\t\t\t\t\t\t<div class=\"elementor-container elementor-column-gap-default\">\n\t\t\t\t\t<div class=\"elementor-column elementor-col-100 elementor-top-column elementor-element elementor-element-d71b034\" data-id=\"d71b034\" data-element_type=\"column\">\n\t\t\t<div class=\"elementor-widget-wrap elementor-element-populated\">\n\t\t\t\t\t\t<div class=\"elementor-element elementor-element-a0084eb elementor-widget elementor-widget-html\" data-id=\"a0084eb\" data-element_type=\"widget\" data-widget_type=\"html.default\">\n\t\t\t\t<div class=\"elementor-widget-container\">\n\t\t\t\t\t<iframe src=\"https:\/\/calendar.google.com\/calendar\/b\/2\/embed?height=600&amp;wkst=2&amp;bgcolor=%23ffffff&amp;ctz=Europe%2FHelsinki&amp;src=YWtpbGxlcy5iYW5keUBnbWFpbC5jb20&amp;color=%230B8043&amp;showTitle=0&amp;showNav=1&amp;showDate=1&amp;showCalendars=0&amp;showTz=0&amp;title\" style=\"border-width:0\" width=\"800\" height=\"600\" frameborder=\"0\" scrolling=\"no\"><\/iframe>\t\t\t\t<\/div>\n\t\t\t\t<\/div>\n\t\t\t\t\t<\/div>\n\t\t<\/div>\n\t\t\t\t\t<\/div>\n\t\t<\/section>\n\t\t\t\t<\/div>\n\t\t","protected":false},"excerpt":{"rendered":"","protected":false},"author":4,"featured_media":0,"parent":0,"menu_order":0,"comment_status":"closed","ping_status":"closed","template":"","meta":{"_crdt_document":"","footnotes":""},"class_list":["post-461","page","type-page","status-publish","hentry"],"yoast_head":"<!-- This site is optimized with the Yoast SEO plugin v26.8 - https:\/\/yoast.com\/product\/yoast-seo-wordpress\/ -->\n<title>Matchkalender (Ej i bruk!) - Ottelukalenteri (Ei k\u00e4yt\u00f6ss\u00e4!) - Bandy - J\u00e4\u00e4pallo<\/title>\n<meta name=\"robots\" content=\"index, follow, max-snippet:-1, max-image-preview:large, max-video-preview:-1\" \/>\n<link rel=\"canonical\" href=\"https:\/\/www.akilles.fi\/bandy\/handelsekalender-tapahtumakalenteri\/\" \/>\n<meta property=\"og:locale\" content=\"en_US\" \/>\n<meta property=\"og:type\" content=\"article\" \/>\n<meta property=\"og:title\" content=\"Matchkalender (Ej i bruk!) - Ottelukalenteri (Ei k\u00e4yt\u00f6ss\u00e4!) - Bandy - J\u00e4\u00e4pallo\" \/>\n<meta property=\"og:url\" content=\"https:\/\/www.akilles.fi\/bandy\/handelsekalender-tapahtumakalenteri\/\" \/>\n<meta property=\"og:site_name\" content=\"Bandy - J\u00e4\u00e4pallo\" \/>\n<meta property=\"article:modified_time\" content=\"2022-12-01T06:59:45+00:00\" \/>\n<meta name=\"twitter:card\" content=\"summary_large_image\" \/>\n<script type=\"application\/ld+json\" class=\"yoast-schema-graph\">{\"@context\":\"https:\/\/schema.org\",\"@graph\":[{\"@type\":\"WebPage\",\"@id\":\"https:\/\/www.akilles.fi\/bandy\/handelsekalender-tapahtumakalenteri\/\",\"url\":\"https:\/\/www.akilles.fi\/bandy\/handelsekalender-tapahtumakalenteri\/\",\"name\":\"Matchkalender (Ej i bruk!) - Ottelukalenteri (Ei k\u00e4yt\u00f6ss\u00e4!) - Bandy - J\u00e4\u00e4pallo\",\"isPartOf\":{\"@id\":\"https:\/\/www.akilles.fi\/bandy\/#website\"},\"datePublished\":\"2019-06-27T16:39:12+00:00\",\"dateModified\":\"2022-12-01T06:59:45+00:00\",\"breadcrumb\":{\"@id\":\"https:\/\/www.akilles.fi\/bandy\/handelsekalender-tapahtumakalenteri\/#breadcrumb\"},\"inLanguage\":\"en-US\",\"potentialAction\":[{\"@type\":\"ReadAction\",\"target\":[\"https:\/\/www.akilles.fi\/bandy\/handelsekalender-tapahtumakalenteri\/\"]}]},{\"@type\":\"BreadcrumbList\",\"@id\":\"https:\/\/www.akilles.fi\/bandy\/handelsekalender-tapahtumakalenteri\/#breadcrumb\",\"itemListElement\":[{\"@type\":\"ListItem\",\"position\":1,\"name\":\"Home\",\"item\":\"https:\/\/www.akilles.fi\/bandy\/\"},{\"@type\":\"ListItem\",\"position\":2,\"name\":\"Matchkalender (Ej i bruk!) &#8211; Ottelukalenteri (Ei k\u00e4yt\u00f6ss\u00e4!)\"}]},{\"@type\":\"WebSite\",\"@id\":\"https:\/\/www.akilles.fi\/bandy\/#website\",\"url\":\"https:\/\/www.akilles.fi\/bandy\/\",\"name\":\"Bandy - J\u00e4\u00e4pallo\",\"description\":\"Borg\u00e5 Akilles Bandy - Porvoon Akilles J\u00e4\u00e4pallo\",\"potentialAction\":[{\"@type\":\"SearchAction\",\"target\":{\"@type\":\"EntryPoint\",\"urlTemplate\":\"https:\/\/www.akilles.fi\/bandy\/?s={search_term_string}\"},\"query-input\":{\"@type\":\"PropertyValueSpecification\",\"valueRequired\":true,\"valueName\":\"search_term_string\"}}],\"inLanguage\":\"en-US\"}]}<\/script>\n<!-- \/ Yoast SEO plugin. -->","yoast_head_json":{"title":"Matchkalender (Ej i bruk!) - Ottelukalenteri (Ei k\u00e4yt\u00f6ss\u00e4!) - Bandy - J\u00e4\u00e4pallo","robots":{"index":"index","follow":"follow","max-snippet":"max-snippet:-1","max-image-preview":"max-image-preview:large","max-video-preview":"max-video-preview:-1"},"canonical":"https:\/\/www.akilles.fi\/bandy\/handelsekalender-tapahtumakalenteri\/","og_locale":"en_US","og_type":"article","og_title":"Matchkalender (Ej i bruk!) - Ottelukalenteri (Ei k\u00e4yt\u00f6ss\u00e4!) - Bandy - J\u00e4\u00e4pallo","og_url":"https:\/\/www.akilles.fi\/bandy\/handelsekalender-tapahtumakalenteri\/","og_site_name":"Bandy - J\u00e4\u00e4pallo","article_modified_time":"2022-12-01T06:59:45+00:00","twitter_card":"summary_large_image","schema":{"@context":"https:\/\/schema.org","@graph":[{"@type":"WebPage","@id":"https:\/\/www.akilles.fi\/bandy\/handelsekalender-tapahtumakalenteri\/","url":"https:\/\/www.akilles.fi\/bandy\/handelsekalender-tapahtumakalenteri\/","name":"Matchkalender (Ej i bruk!) - Ottelukalenteri (Ei k\u00e4yt\u00f6ss\u00e4!) - Bandy - J\u00e4\u00e4pallo","isPartOf":{"@id":"https:\/\/www.akilles.fi\/bandy\/#website"},"datePublished":"2019-06-27T16:39:12+00:00","dateModified":"2022-12-01T06:59:45+00:00","breadcrumb":{"@id":"https:\/\/www.akilles.fi\/bandy\/handelsekalender-tapahtumakalenteri\/#breadcrumb"},"inLanguage":"en-US","potentialAction":[{"@type":"ReadAction","target":["https:\/\/www.akilles.fi\/bandy\/handelsekalender-tapahtumakalenteri\/"]}]},{"@type":"BreadcrumbList","@id":"https:\/\/www.akilles.fi\/bandy\/handelsekalender-tapahtumakalenteri\/#breadcrumb","itemListElement":[{"@type":"ListItem","position":1,"name":"Home","item":"https:\/\/www.akilles.fi\/bandy\/"},{"@type":"ListItem","position":2,"name":"Matchkalender (Ej i bruk!) &#8211; Ottelukalenteri (Ei k\u00e4yt\u00f6ss\u00e4!)"}]},{"@type":"WebSite","@id":"https:\/\/www.akilles.fi\/bandy\/#website","url":"https:\/\/www.akilles.fi\/bandy\/","name":"Bandy - J\u00e4\u00e4pallo","description":"Borg\u00e5 Akilles Bandy - Porvoon Akilles J\u00e4\u00e4pallo","potentialAction":[{"@type":"SearchAction","target":{"@type":"EntryPoint","urlTemplate":"https:\/\/www.akilles.fi\/bandy\/?s={search_term_string}"},"query-input":{"@type":"PropertyValueSpecification","valueRequired":true,"valueName":"search_term_string"}}],"inLanguage":"en-US"}]}},"_links":{"self":[{"href":"https:\/\/www.akilles.fi\/bandy\/wp-json\/wp\/v2\/pages\/461","targetHints":{"allow":["GET"]}}],"collection":[{"href":"https:\/\/www.akilles.fi\/bandy\/wp-json\/wp\/v2\/pages"}],"about":[{"href":"https:\/\/www.akilles.fi\/bandy\/wp-json\/wp\/v2\/types\/page"}],"author":[{"embeddable":true,"href":"https:\/\/www.akilles.fi\/bandy\/wp-json\/wp\/v2\/users\/4"}],"replies":[{"embeddable":true,"href":"https:\/\/www.akilles.fi\/bandy\/wp-json\/wp\/v2\/comments?post=461"}],"version-history":[{"count":27,"href":"https:\/\/www.akilles.fi\/bandy\/wp-json\/wp\/v2\/pages\/461\/revisions"}],"predecessor-version":[{"id":3508,"href":"https:\/\/www.akilles.fi\/bandy\/wp-json\/wp\/v2\/pages\/461\/revisions\/3508"}],"wp:attachment":[{"href":"https:\/\/www.akilles.fi\/bandy\/wp-json\/wp\/v2\/media?parent=461"}],"curies":[{"name":"wp","href":"https:\/\/api.w.org\/{rel}","templated":true}]}}