{"id":466,"date":"2019-06-27T16:39:43","date_gmt":"2019-06-27T16:39:43","guid":{"rendered":"http:\/\/www.akilles.fi\/bandy\/?page_id=466"},"modified":"2023-11-15T11:23:09","modified_gmt":"2023-11-15T09:23:09","slug":"lankar-linkit","status":"publish","type":"page","link":"https:\/\/www.akilles.fi\/bandy\/lankar-linkit\/","title":{"rendered":"L\u00e4nkar &#8211; Linkit"},"content":{"rendered":"\t\t<div data-elementor-type=\"wp-post\" data-elementor-id=\"466\" class=\"elementor elementor-466\" data-elementor-post-type=\"page\">\n\t\t\t\t\t\t<section class=\"elementor-section elementor-top-section elementor-element elementor-element-88b41d0 elementor-section-boxed elementor-section-height-default elementor-section-height-default\" data-id=\"88b41d0\" data-element_type=\"section\">\n\t\t\t\t\t\t<div class=\"elementor-container elementor-column-gap-default\">\n\t\t\t\t\t<div class=\"elementor-column elementor-col-50 elementor-top-column elementor-element elementor-element-3318d18\" data-id=\"3318d18\" data-element_type=\"column\">\n\t\t\t<div class=\"elementor-widget-wrap elementor-element-populated\">\n\t\t\t\t\t\t<div class=\"elementor-element elementor-element-7e0bef8 elementor-widget elementor-widget-text-editor\" data-id=\"7e0bef8\" data-element_type=\"widget\" data-widget_type=\"text-editor.default\">\n\t\t\t\t<div class=\"elementor-widget-container\">\n\t\t\t\t\t\t\t\t\t<p><a href=\"http:\/\/finbandy.fi\/\" target=\"_blank\" rel=\"noopener\" data-saferedirecturl=\"https:\/\/www.google.com\/url?q=http:\/\/finbandy.fi\/&amp;source=gmail&amp;ust=1567171847684000&amp;usg=AFQjCNECoYop1pJtA9RiRcS6XV6IvOQSSQ\">S<\/a><a href=\"http:\/\/finbandy.fi\/\" target=\"_blank\" rel=\"noopener\" data-saferedirecturl=\"https:\/\/www.google.com\/url?q=http:\/\/finbandy.fi\/&amp;source=gmail&amp;ust=1567171847684000&amp;usg=AFQjCNECoYop1pJtA9RiRcS6XV6IvOQSSQ\">uomen J\u00e4\u00e4palloliitto &#8211; Finlands Bandyf\u00f6rbund<\/a><\/p><p><a href=\"https:\/\/finbandy.torneopal.fi\/taso\/live.php?sarja=BL\" target=\"_blank\" rel=\"noopener\" data-saferedirecturl=\"https:\/\/www.google.com\/url?q=https:\/\/finbandy2.torneopal.fi\/taso\/live.php&amp;source=gmail&amp;ust=1567171847684000&amp;usg=AFQjCNFABAfy3e_nhEIP4TwRvOrP0JDRPA\">Live seuranta bandyliiga<\/a><\/p><h4>Bandyliigan joukkueet\u00a0&#8211; Lagen i Bandyligan<\/h4><ul><li><a href=\"http:\/\/botniabandy.fi\/\" target=\"_blank\" rel=\"noopener\" data-saferedirecturl=\"https:\/\/www.google.com\/url?q=http:\/\/botniabandy.fi\/&amp;source=gmail&amp;ust=1567171847684000&amp;usg=AFQjCNGwOi8I0WiN8QWohaC_ti_EeEN2Cw\">Botnia<\/a><\/li><li><a href=\"http:\/\/hifk-bandy.fi\/\" target=\"_blank\" rel=\"noopener\" data-saferedirecturl=\"https:\/\/www.google.com\/url?q=http:\/\/hifk-bandy.fi\/&amp;source=gmail&amp;ust=1567171847684000&amp;usg=AFQjCNFW1B63v9pKL4BoSh0V2KhFiDj4bg\">HIFK<\/a><\/li><li><a href=\"http:\/\/jps.fi\/\" target=\"_blank\" rel=\"noopener\" data-saferedirecturl=\"https:\/\/www.google.com\/url?q=http:\/\/jps.fi\/&amp;source=gmail&amp;ust=1567171847684000&amp;usg=AFQjCNHX8x5tzUEWLkX_zenIKR-UqJKc9Q\">JPS<\/a><\/li><li><a href=\"http:\/\/kampparit.fi\/\" target=\"_blank\" rel=\"noopener\" data-saferedirecturl=\"https:\/\/www.google.com\/url?q=http:\/\/kampparit.fi\/&amp;source=gmail&amp;ust=1567171847684000&amp;usg=AFQjCNHioBMlT5LbW03ApChNGntJLen4BQ\">Kampparit<\/a><\/li><li><a href=\"http:\/\/www.porinnarukera.fi\/\" target=\"_blank\" rel=\"noopener\" data-saferedirecturl=\"https:\/\/www.google.com\/url?q=http:\/\/www.porinnarukera.fi\/&amp;source=gmail&amp;ust=1567171847684000&amp;usg=AFQjCNFZxsd1ZY7cmDVkYDi0zAHIGwAuAw\">Naruker\u00e4<\/a><\/li><li><a href=\"http:\/\/ols.fi\/\" target=\"_blank\" rel=\"noopener\" data-saferedirecturl=\"https:\/\/www.google.com\/url?q=http:\/\/ols.fi\/&amp;source=gmail&amp;ust=1567171847684000&amp;usg=AFQjCNHAOwlNlaVEaq2dvs89WotEUXOtMQ\">OLS<\/a><\/li><li><a href=\"http:\/\/veitera.fi\/\" target=\"_blank\" rel=\"noopener\" data-saferedirecturl=\"https:\/\/www.google.com\/url?q=http:\/\/veitera.fi\/&amp;source=gmail&amp;ust=1567171847684000&amp;usg=AFQjCNFluEGOeccf-grxCVGFO8XxHa1lGQ\">Veiter\u00e4<\/a><\/li><li><a href=\"http:\/\/wp35.net\/\" target=\"_blank\" rel=\"noopener\" data-saferedirecturl=\"https:\/\/www.google.com\/url?q=http:\/\/wp35.net\/&amp;source=gmail&amp;ust=1567171847684000&amp;usg=AFQjCNE8NUDuAzTe5h9zshsIh6ibCf_9lQ\">WP-35<\/a><\/li><\/ul>\t\t\t\t\t\t\t\t<\/div>\n\t\t\t\t<\/div>\n\t\t\t\t\t<\/div>\n\t\t<\/div>\n\t\t\t\t<div class=\"elementor-column elementor-col-50 elementor-top-column elementor-element elementor-element-3036a88\" data-id=\"3036a88\" data-element_type=\"column\">\n\t\t\t<div class=\"elementor-widget-wrap elementor-element-populated\">\n\t\t\t\t\t\t<div class=\"elementor-element elementor-element-a202153 elementor-widget elementor-widget-text-editor\" data-id=\"a202153\" data-element_type=\"widget\" data-widget_type=\"text-editor.default\">\n\t\t\t\t<div class=\"elementor-widget-container\">\n\t\t\t\t\t\t\t\t\t<h4>Muita j\u00e4\u00e4pallosivustoja &#8211; \u00d6vriga Bandyl\u00e4nkar<\/h4><ul><li><a href=\"https:\/\/bandygrytan.se\/\">Bandygrytan<\/a><\/li><li><a href=\"http:\/\/pasabandy.fi\/\" target=\"_blank\" rel=\"noopener\" data-saferedirecturl=\"https:\/\/www.google.com\/url?q=http:\/\/pasabandy.fi\/&amp;source=gmail&amp;ust=1567171847684000&amp;usg=AFQjCNE4q73e51NnvUEUVtjrgvJ3_NoPWA\">PaSa Bandy<\/a><\/li><li><a href=\"http:\/\/topv.net\/\" target=\"_blank\" rel=\"noopener\" data-saferedirecturl=\"https:\/\/www.google.com\/url?q=http:\/\/topv.net\/&amp;source=gmail&amp;ust=1567171847684000&amp;usg=AFQjCNGPulG0sgIqqsgcSFrXo0fstVETkw\">ToPV<\/a><\/li><li><a href=\"http:\/\/vesta-bandy.net\/\" target=\"_blank\" rel=\"noopener\" data-saferedirecturl=\"https:\/\/www.google.com\/url?q=http:\/\/vesta-bandy.net\/&amp;source=gmail&amp;ust=1567171847684000&amp;usg=AFQjCNEOVDJrTnS7sKcDhWF-R4NlV5Cy0g\">Vesta<\/a><\/li><li><a href=\"http:\/\/wiipurinsudet.fi\/\" target=\"_blank\" rel=\"noopener\" data-saferedirecturl=\"https:\/\/www.google.com\/url?q=http:\/\/wiipurinsudet.fi\/&amp;source=gmail&amp;ust=1567171847684000&amp;usg=AFQjCNEAU07_nlaIaSe2fWCeSiOoEKSFIg\">Wiipurin sudet<\/a><\/li><li><a href=\"https:\/\/fi-fi.facebook.com\/J%C3%A4%C3%A4pallon-yst%C3%A4v%C3%A4t-116404281753861\/\" target=\"_blank\" rel=\"noopener\" data-saferedirecturl=\"https:\/\/www.google.com\/url?q=https:\/\/fi-fi.facebook.com\/J%25C3%25A4%25C3%25A4pallon-yst%25C3%25A4v%25C3%25A4t-116404281753861\/&amp;source=gmail&amp;ust=1567171847684000&amp;usg=AFQjCNF28ai0uPzY51PVzUUHFBOrR2RDnA\">J\u00e4\u00e4pallon yst\u00e4v\u00e4t<\/a><\/li><li><a href=\"http:\/\/worldbandy.com\/\" target=\"_blank\" rel=\"noopener\" data-saferedirecturl=\"https:\/\/www.google.com\/url?q=http:\/\/worldbandy.com\/&amp;source=gmail&amp;ust=1567171847684000&amp;usg=AFQjCNFTX9EVSo-EcDy4NYUL35rjgaPPwQ\">FIB<\/a><\/li><li><a href=\"http:\/\/www.svenskbandy.se\/\" target=\"_blank\" rel=\"noopener\" data-saferedirecturl=\"https:\/\/www.google.com\/url?q=http:\/\/www.svenskbandy.se\/&amp;source=gmail&amp;ust=1567171847684000&amp;usg=AFQjCNE_SNZ1PNpX28waa5UhITTu1Dtv_g\">Svenska Bandyf\u00f6rbundet<\/a><\/li><li><a href=\"http:\/\/bandyforbundet.no\/bandy\/\" target=\"_blank\" rel=\"noopener\" data-saferedirecturl=\"https:\/\/www.google.com\/url?q=http:\/\/bandyforbundet.no\/bandy\/&amp;source=gmail&amp;ust=1567171847684000&amp;usg=AFQjCNEw1J-He5YwKj7KFAvILt5JTChxgA\">Norges Bandyforbund<\/a><\/li><li><a href=\"https:\/\/asp3.timmi.fi\/WebTimmi\/login.do?loginName=GUEST_PORVOO&amp;password=GUEST\" target=\"_blank\" rel=\"noopener\" data-saferedirecturl=\"https:\/\/www.google.com\/url?q=https:\/\/asp3.timmi.fi\/WebTimmi\/login.do?loginName%3DGUEST_PORVOO%26password%3DGUEST&amp;source=gmail&amp;ust=1567171847684000&amp;usg=AFQjCNFXug7-za2qO509kM7XINaQuN9Vjg\">Porvoon TIMMI<\/a><\/li><\/ul>\t\t\t\t\t\t\t\t<\/div>\n\t\t\t\t<\/div>\n\t\t\t\t\t<\/div>\n\t\t<\/div>\n\t\t\t\t\t<\/div>\n\t\t<\/section>\n\t\t\t\t<\/div>\n\t\t","protected":false},"excerpt":{"rendered":"<p>Suomen J\u00e4\u00e4palloliitto &#8211; Finlands Bandyf\u00f6rbund Live seuranta bandyliiga Bandyliigan joukkueet\u00a0&#8211; Lagen i Bandyligan Botnia HIFK JPS Kampparit Naruker\u00e4 OLS Veiter\u00e4 WP-35 Muita j\u00e4\u00e4pallosivustoja &#8211; \u00d6vriga Bandyl\u00e4nkar Bandygrytan PaSa Bandy ToPV Vesta Wiipurin sudet J\u00e4\u00e4pallon yst\u00e4v\u00e4t FIB Svenska Bandyf\u00f6rbundet Norges Bandyforbund Porvoon TIMMI<\/p>\n","protected":false},"author":4,"featured_media":0,"parent":0,"menu_order":0,"comment_status":"closed","ping_status":"closed","template":"","meta":{"_crdt_document":"","footnotes":""},"class_list":["post-466","page","type-page","status-publish","hentry"],"yoast_head":"<!-- This site is optimized with the Yoast SEO plugin v26.8 - https:\/\/yoast.com\/product\/yoast-seo-wordpress\/ -->\n<title>L\u00e4nkar - Linkit - Bandy - J\u00e4\u00e4pallo<\/title>\n<meta name=\"robots\" content=\"index, follow, max-snippet:-1, max-image-preview:large, max-video-preview:-1\" \/>\n<link rel=\"canonical\" href=\"https:\/\/www.akilles.fi\/bandy\/lankar-linkit\/\" \/>\n<meta property=\"og:locale\" content=\"en_US\" \/>\n<meta property=\"og:type\" content=\"article\" \/>\n<meta property=\"og:title\" content=\"L\u00e4nkar - Linkit - Bandy - J\u00e4\u00e4pallo\" \/>\n<meta property=\"og:description\" content=\"Suomen J\u00e4\u00e4palloliitto &#8211; Finlands Bandyf\u00f6rbund Live seuranta bandyliiga Bandyliigan joukkueet\u00a0&#8211; Lagen i Bandyligan Botnia HIFK JPS Kampparit Naruker\u00e4 OLS Veiter\u00e4 WP-35 Muita j\u00e4\u00e4pallosivustoja &#8211; \u00d6vriga Bandyl\u00e4nkar Bandygrytan PaSa Bandy ToPV Vesta Wiipurin sudet J\u00e4\u00e4pallon yst\u00e4v\u00e4t FIB Svenska Bandyf\u00f6rbundet Norges Bandyforbund Porvoon TIMMI\" \/>\n<meta property=\"og:url\" content=\"https:\/\/www.akilles.fi\/bandy\/lankar-linkit\/\" \/>\n<meta property=\"og:site_name\" content=\"Bandy - J\u00e4\u00e4pallo\" \/>\n<meta property=\"article:modified_time\" content=\"2023-11-15T09:23:09+00:00\" \/>\n<meta name=\"twitter:card\" content=\"summary_large_image\" \/>\n<meta name=\"twitter:label1\" content=\"Est. reading time\" \/>\n\t<meta name=\"twitter:data1\" content=\"1 minute\" \/>\n<script type=\"application\/ld+json\" class=\"yoast-schema-graph\">{\"@context\":\"https:\/\/schema.org\",\"@graph\":[{\"@type\":\"WebPage\",\"@id\":\"https:\/\/www.akilles.fi\/bandy\/lankar-linkit\/\",\"url\":\"https:\/\/www.akilles.fi\/bandy\/lankar-linkit\/\",\"name\":\"L\u00e4nkar - Linkit - Bandy - J\u00e4\u00e4pallo\",\"isPartOf\":{\"@id\":\"https:\/\/www.akilles.fi\/bandy\/#website\"},\"datePublished\":\"2019-06-27T16:39:43+00:00\",\"dateModified\":\"2023-11-15T09:23:09+00:00\",\"breadcrumb\":{\"@id\":\"https:\/\/www.akilles.fi\/bandy\/lankar-linkit\/#breadcrumb\"},\"inLanguage\":\"en-US\",\"potentialAction\":[{\"@type\":\"ReadAction\",\"target\":[\"https:\/\/www.akilles.fi\/bandy\/lankar-linkit\/\"]}]},{\"@type\":\"BreadcrumbList\",\"@id\":\"https:\/\/www.akilles.fi\/bandy\/lankar-linkit\/#breadcrumb\",\"itemListElement\":[{\"@type\":\"ListItem\",\"position\":1,\"name\":\"Home\",\"item\":\"https:\/\/www.akilles.fi\/bandy\/\"},{\"@type\":\"ListItem\",\"position\":2,\"name\":\"L\u00e4nkar &#8211; Linkit\"}]},{\"@type\":\"WebSite\",\"@id\":\"https:\/\/www.akilles.fi\/bandy\/#website\",\"url\":\"https:\/\/www.akilles.fi\/bandy\/\",\"name\":\"Bandy - J\u00e4\u00e4pallo\",\"description\":\"Borg\u00e5 Akilles Bandy - Porvoon Akilles J\u00e4\u00e4pallo\",\"potentialAction\":[{\"@type\":\"SearchAction\",\"target\":{\"@type\":\"EntryPoint\",\"urlTemplate\":\"https:\/\/www.akilles.fi\/bandy\/?s={search_term_string}\"},\"query-input\":{\"@type\":\"PropertyValueSpecification\",\"valueRequired\":true,\"valueName\":\"search_term_string\"}}],\"inLanguage\":\"en-US\"}]}<\/script>\n<!-- \/ Yoast SEO plugin. -->","yoast_head_json":{"title":"L\u00e4nkar - Linkit - Bandy - J\u00e4\u00e4pallo","robots":{"index":"index","follow":"follow","max-snippet":"max-snippet:-1","max-image-preview":"max-image-preview:large","max-video-preview":"max-video-preview:-1"},"canonical":"https:\/\/www.akilles.fi\/bandy\/lankar-linkit\/","og_locale":"en_US","og_type":"article","og_title":"L\u00e4nkar - Linkit - Bandy - J\u00e4\u00e4pallo","og_description":"Suomen J\u00e4\u00e4palloliitto &#8211; Finlands Bandyf\u00f6rbund Live seuranta bandyliiga Bandyliigan joukkueet\u00a0&#8211; Lagen i Bandyligan Botnia HIFK JPS Kampparit Naruker\u00e4 OLS Veiter\u00e4 WP-35 Muita j\u00e4\u00e4pallosivustoja &#8211; \u00d6vriga Bandyl\u00e4nkar Bandygrytan PaSa Bandy ToPV Vesta Wiipurin sudet J\u00e4\u00e4pallon yst\u00e4v\u00e4t FIB Svenska Bandyf\u00f6rbundet Norges Bandyforbund Porvoon TIMMI","og_url":"https:\/\/www.akilles.fi\/bandy\/lankar-linkit\/","og_site_name":"Bandy - J\u00e4\u00e4pallo","article_modified_time":"2023-11-15T09:23:09+00:00","twitter_card":"summary_large_image","twitter_misc":{"Est. reading time":"1 minute"},"schema":{"@context":"https:\/\/schema.org","@graph":[{"@type":"WebPage","@id":"https:\/\/www.akilles.fi\/bandy\/lankar-linkit\/","url":"https:\/\/www.akilles.fi\/bandy\/lankar-linkit\/","name":"L\u00e4nkar - Linkit - Bandy - J\u00e4\u00e4pallo","isPartOf":{"@id":"https:\/\/www.akilles.fi\/bandy\/#website"},"datePublished":"2019-06-27T16:39:43+00:00","dateModified":"2023-11-15T09:23:09+00:00","breadcrumb":{"@id":"https:\/\/www.akilles.fi\/bandy\/lankar-linkit\/#breadcrumb"},"inLanguage":"en-US","potentialAction":[{"@type":"ReadAction","target":["https:\/\/www.akilles.fi\/bandy\/lankar-linkit\/"]}]},{"@type":"BreadcrumbList","@id":"https:\/\/www.akilles.fi\/bandy\/lankar-linkit\/#breadcrumb","itemListElement":[{"@type":"ListItem","position":1,"name":"Home","item":"https:\/\/www.akilles.fi\/bandy\/"},{"@type":"ListItem","position":2,"name":"L\u00e4nkar &#8211; Linkit"}]},{"@type":"WebSite","@id":"https:\/\/www.akilles.fi\/bandy\/#website","url":"https:\/\/www.akilles.fi\/bandy\/","name":"Bandy - J\u00e4\u00e4pallo","description":"Borg\u00e5 Akilles Bandy - Porvoon Akilles J\u00e4\u00e4pallo","potentialAction":[{"@type":"SearchAction","target":{"@type":"EntryPoint","urlTemplate":"https:\/\/www.akilles.fi\/bandy\/?s={search_term_string}"},"query-input":{"@type":"PropertyValueSpecification","valueRequired":true,"valueName":"search_term_string"}}],"inLanguage":"en-US"}]}},"_links":{"self":[{"href":"https:\/\/www.akilles.fi\/bandy\/wp-json\/wp\/v2\/pages\/466","targetHints":{"allow":["GET"]}}],"collection":[{"href":"https:\/\/www.akilles.fi\/bandy\/wp-json\/wp\/v2\/pages"}],"about":[{"href":"https:\/\/www.akilles.fi\/bandy\/wp-json\/wp\/v2\/types\/page"}],"author":[{"embeddable":true,"href":"https:\/\/www.akilles.fi\/bandy\/wp-json\/wp\/v2\/users\/4"}],"replies":[{"embeddable":true,"href":"https:\/\/www.akilles.fi\/bandy\/wp-json\/wp\/v2\/comments?post=466"}],"version-history":[{"count":21,"href":"https:\/\/www.akilles.fi\/bandy\/wp-json\/wp\/v2\/pages\/466\/revisions"}],"predecessor-version":[{"id":3929,"href":"https:\/\/www.akilles.fi\/bandy\/wp-json\/wp\/v2\/pages\/466\/revisions\/3929"}],"wp:attachment":[{"href":"https:\/\/www.akilles.fi\/bandy\/wp-json\/wp\/v2\/media?parent=466"}],"curies":[{"name":"wp","href":"https:\/\/api.w.org\/{rel}","templated":true}]}}