{"id":384,"date":"2018-12-29T08:32:29","date_gmt":"2018-12-29T08:32:29","guid":{"rendered":"http:\/\/94.237.33.215\/~akilles\/nyasida\/?page_id=384"},"modified":"2026-02-04T15:30:58","modified_gmt":"2026-02-04T15:30:58","slug":"kontaktpersoner-yhteyshenkilot","status":"publish","type":"page","link":"https:\/\/www.akilles.fi\/centralstyrelsen\/kontaktpersoner-yhteyshenkilot\/","title":{"rendered":"Kontaktpersoner &#8211;  Yhteyshenkil\u00f6t"},"content":{"rendered":"\t\t<div data-elementor-type=\"wp-post\" data-elementor-id=\"384\" class=\"elementor elementor-384\" data-elementor-post-type=\"page\">\n\t\t\t\t\t\t<section class=\"elementor-section elementor-top-section elementor-element elementor-element-46b3a5f elementor-section-boxed elementor-section-height-default elementor-section-height-default\" data-id=\"46b3a5f\" data-element_type=\"section\">\n\t\t\t\t\t\t<div class=\"elementor-container elementor-column-gap-default\">\n\t\t\t\t\t<div class=\"elementor-column elementor-col-100 elementor-top-column elementor-element elementor-element-45e20c9\" data-id=\"45e20c9\" data-element_type=\"column\">\n\t\t\t<div class=\"elementor-widget-wrap elementor-element-populated\">\n\t\t\t\t\t\t<div class=\"elementor-element elementor-element-1873873 elementor-widget elementor-widget-text-editor\" data-id=\"1873873\" data-element_type=\"widget\" data-widget_type=\"text-editor.default\">\n\t\t\t\t<div class=\"elementor-widget-container\">\n\t\t\t\t\t\t\t\t\t<table><tbody><tr><td><span style=\"color: #000000;\">Centralstyrelse Keskushallitus<\/span><\/td><td colspan=\"2\"><span style=\"color: #000000;\"><a style=\"color: #000000;\" href=\"hilding.mattsson@akilles.fi\">Hilding\u00a0 Mattsson<\/a> (ordf\u00f6rande &#8211; puh.joht)<\/span><br \/><span style=\"color: #000000;\">tel 040 833 4495<\/span><br \/><span style=\"color: #000000;\"><a style=\"color: #000000;\" href=\"mailto:kajmannone(\u00e4t)gmail.com\">Kaj Mannonen<\/a> (viceordf\u00f6rande &#8211; varapuh.joht.)<\/span><br \/><span style=\"color: #000000;\">tel. 0400 814 974<\/span><br \/><span style=\"color: #000000;\"><a style=\"color: #000000;\" href=\"http:\/\/ron.liljendal(\u00e4t)akilles.fi\">Ron Liljendal <\/a>(sekreterare &#8211; sihteeri)<\/span><br \/><span style=\"color: #000000;\">tel 040 7385599<\/span><\/td><\/tr><tr><td><span style=\"color: #000000;\">Bandy &#8211; J\u00e4\u00e4pallo<\/span><\/td><td><span style=\"color: #000000;\"><a style=\"color: #000000;\">Jari Kettunen <\/a><\/span><br \/><span style=\"color: #000000;\">tel. 040 5141133<\/span><\/td><td><span style=\"color: #000000;\"><a style=\"color: #000000;\" href=\"mailto:ann-marie.hanninen(\u00e4t)pp.inet.fi\">Ann-Marie H\u00e4nninen<\/a><\/span><br \/><span style=\"color: #000000;\">tel 050 379 4295<\/span><\/td><\/tr><tr><td><span style=\"color: #000000;\">Cykel &#8211; Py\u00f6r\u00e4ily<\/span><\/td><td><a href=\"http:\/\/tommi.kajasoja(\u00e4t)gmail.com\"><span style=\"color: #000000;\">Tommi Kajasoja<\/span><\/a><br \/><span style=\"color: #000000;\">tel 046 8515963<br \/><\/span><\/td><td>\u00a0<\/td><\/tr><tr><td><span style=\"color: #000000;\">Fotboll &#8211; Jalkapallo<\/span><\/td><td><span style=\"color: #000000;\"><a style=\"color: #000000;\" href=\"http:\/\/matias.ahlgren(\u00e4t)gmail.com\">Matias Ahlgren<\/a><\/span><br \/><span style=\"color: #000000;\">tel 040 7648846<\/span><\/td><td><span style=\"color: #000000;\"><a style=\"color: #000000;\" href=\"http:\/\/magnus.eklov(\u00e4t)gmail.com\">Magnus Ekl\u00f6v<\/a><\/span><br \/><span style=\"color: #000000;\">tel 040 7797041<\/span><\/td><\/tr><tr><td><span style=\"color: #000000;\">Friidrott &#8211; Yleisurheilu<\/span><\/td><td><span style=\"color: #000000;\"><a style=\"color: #000000;\" href=\"http:\/\/fredrik.h.bohme(\u00e4t)gmail.com\">Fredrik B\u00f6hme<\/a><\/span><br \/><span style=\"color: #000000;\">tel 040 731 6373<\/span><\/td><td><span style=\"color: #000000;\"><a style=\"color: #000000;\" href=\"mailto:leif.rikberg(\u00e4t)akilles.fi\">Leif Rikberg<\/a><\/span><br \/><span style=\"color: #000000;\">tel 040 183 3008<\/span><\/td><\/tr><tr><td><span style=\"color: #000000;\">Handboll &#8211; K\u00e4sipallo<\/span><\/td><td><span style=\"color: #000000;\"><a style=\"color: #000000;\" href=\"http:\/\/johanna.maria.turunen(\u00e4t)gmail.com\">Johanna Turunen<\/a><\/span><br \/><span style=\"color: #000000;\">tel 040 5088939<\/span><\/td><td><span style=\"color: #000000;\"><a style=\"color: #000000;\" href=\"mailto:ron.liljendal@akilles.fi\">Ron Liljendal<\/a><\/span><br \/><span style=\"color: #000000;\">tel 040 7385599<\/span><\/td><\/tr><tr><td><span style=\"color: #000000;\">Kondition &#8211; Kuntoilu<\/span><\/td><td><span style=\"color: #000000;\"><a style=\"color: #000000;\">Elisabeth Svaetichin<\/a><\/span><br \/><span style=\"color: #000000;\">tel 040 5938804<\/span><\/td><td>\u00a0<\/td><\/tr><tr><td><span style=\"color: #000000;\">Orientering &#8211; Suunnistus<\/span><\/td><td><span style=\"color: #000000;\"><a style=\"color: #000000;\" href=\"vesamikael.isoniemi@gmail.com\">Vesa Isoniemi<\/a><\/span><br \/><span style=\"color: #000000;\">tel<span lang=\"FI\"> 041 5473007<\/span><\/span><\/td><td><span style=\"color: #000000;\"><a style=\"color: #000000;\" href=\"mailto:anders.lindahl@idrott.fi\">Anders Lindahl<\/a><\/span><br \/><span style=\"color: #000000;\">tel 0500 718 269<\/span><\/td><\/tr><tr><td><span style=\"color: #000000;\">Skid &#8211; Hiihto<\/span><\/td><td><a href=\"http:\/\/esapetri.liukkonen(\u00e4t)gmail.com\"><span style=\"color: #000000;\">Esa Liukkonen<\/span><\/a><br \/><span style=\"color: #000000;\">tel 040 7169114<\/span><\/td><td><span style=\"color: #000000;\">Johan \u00d6hberg<\/span><br \/><span style=\"color: #000000;\">tel. 0400 955872<\/span><\/td><\/tr><tr><td><span style=\"color: #000000;\">Garantif\u00f6reningen<\/span><br \/><span style=\"color: #000000;\">Kannatusyhdistys<\/span><\/td><td><span style=\"color: #000000;\"><a style=\"color: #000000;\" href=\"mailto:lars.heinonen(\u00e4t)gmail.com\">Lars Heinonen<\/a><\/span><br \/><span style=\"color: #000000;\">tel 040 550 8193<\/span><\/td><\/tr><\/tbody><\/table>\t\t\t\t\t\t\t\t<\/div>\n\t\t\t\t<\/div>\n\t\t\t\t\t<\/div>\n\t\t<\/div>\n\t\t\t\t\t<\/div>\n\t\t<\/section>\n\t\t\t\t<\/div>\n\t\t","protected":false},"excerpt":{"rendered":"<p>Centralstyrelse Keskushallitus Hilding\u00a0 Mattsson (ordf\u00f6rande &#8211; puh.joht)tel 040 833 4495Kaj Mannonen (viceordf\u00f6rande &#8211; varapuh.joht.)tel. 0400 814 974Ron Liljendal (sekreterare &#8211; sihteeri)tel 040 7385599 Bandy &#8211; J\u00e4\u00e4pallo Jari Kettunen tel. 040 5141133 Ann-Marie H\u00e4nninentel 050 379 4295 Cykel &#8211; Py\u00f6r\u00e4ily Tommi Kajasojatel 046 8515963 \u00a0 Fotboll &#8211; Jalkapallo Matias Ahlgrentel 040 7648846 Magnus Ekl\u00f6vtel 040 7797041 [&hellip;]<\/p>\n","protected":false},"author":4,"featured_media":0,"parent":0,"menu_order":0,"comment_status":"closed","ping_status":"closed","template":"","meta":{"_crdt_document":"","footnotes":""},"class_list":["post-384","page","type-page","status-publish","hentry"],"yoast_head":"<!-- This site is optimized with the Yoast SEO plugin v27.4 - https:\/\/yoast.com\/product\/yoast-seo-wordpress\/ -->\n<title>Kontaktpersoner - Yhteyshenkil\u00f6t - Borg\u00e5 Akilles - Porvoon Akilles<\/title>\n<meta name=\"robots\" content=\"index, follow, max-snippet:-1, max-image-preview:large, max-video-preview:-1\" \/>\n<link rel=\"canonical\" href=\"https:\/\/www.akilles.fi\/centralstyrelsen\/kontaktpersoner-yhteyshenkilot\/\" \/>\n<meta property=\"og:locale\" content=\"sv_SE\" \/>\n<meta property=\"og:type\" content=\"article\" \/>\n<meta property=\"og:title\" content=\"Kontaktpersoner - Yhteyshenkil\u00f6t - Borg\u00e5 Akilles - Porvoon Akilles\" \/>\n<meta property=\"og:description\" content=\"Centralstyrelse Keskushallitus Hilding\u00a0 Mattsson (ordf\u00f6rande &#8211; puh.joht)tel 040 833 4495Kaj Mannonen (viceordf\u00f6rande &#8211; varapuh.joht.)tel. 0400 814 974Ron Liljendal (sekreterare &#8211; sihteeri)tel 040 7385599 Bandy &#8211; J\u00e4\u00e4pallo Jari Kettunen tel. 040 5141133 Ann-Marie H\u00e4nninentel 050 379 4295 Cykel &#8211; Py\u00f6r\u00e4ily Tommi Kajasojatel 046 8515963 \u00a0 Fotboll &#8211; Jalkapallo Matias Ahlgrentel 040 7648846 Magnus Ekl\u00f6vtel 040 7797041 [&hellip;]\" \/>\n<meta property=\"og:url\" content=\"https:\/\/www.akilles.fi\/centralstyrelsen\/kontaktpersoner-yhteyshenkilot\/\" \/>\n<meta property=\"og:site_name\" content=\"Borg\u00e5 Akilles - Porvoon Akilles\" \/>\n<meta property=\"article:modified_time\" content=\"2026-02-04T15:30:58+00:00\" \/>\n<meta name=\"twitter:card\" content=\"summary_large_image\" \/>\n<meta name=\"twitter:label1\" content=\"Ber\u00e4knad l\u00e4stid\" \/>\n\t<meta name=\"twitter:data1\" content=\"1 minut\" \/>\n<script type=\"application\/ld+json\" class=\"yoast-schema-graph\">{\"@context\":\"https:\\\/\\\/schema.org\",\"@graph\":[{\"@type\":\"WebPage\",\"@id\":\"https:\\\/\\\/www.akilles.fi\\\/centralstyrelsen\\\/kontaktpersoner-yhteyshenkilot\\\/\",\"url\":\"https:\\\/\\\/www.akilles.fi\\\/centralstyrelsen\\\/kontaktpersoner-yhteyshenkilot\\\/\",\"name\":\"Kontaktpersoner - Yhteyshenkil\u00f6t - Borg\u00e5 Akilles - Porvoon Akilles\",\"isPartOf\":{\"@id\":\"https:\\\/\\\/www.akilles.fi\\\/centralstyrelsen\\\/#website\"},\"datePublished\":\"2018-12-29T08:32:29+00:00\",\"dateModified\":\"2026-02-04T15:30:58+00:00\",\"breadcrumb\":{\"@id\":\"https:\\\/\\\/www.akilles.fi\\\/centralstyrelsen\\\/kontaktpersoner-yhteyshenkilot\\\/#breadcrumb\"},\"inLanguage\":\"sv-SE\",\"potentialAction\":[{\"@type\":\"ReadAction\",\"target\":[\"https:\\\/\\\/www.akilles.fi\\\/centralstyrelsen\\\/kontaktpersoner-yhteyshenkilot\\\/\"]}]},{\"@type\":\"BreadcrumbList\",\"@id\":\"https:\\\/\\\/www.akilles.fi\\\/centralstyrelsen\\\/kontaktpersoner-yhteyshenkilot\\\/#breadcrumb\",\"itemListElement\":[{\"@type\":\"ListItem\",\"position\":1,\"name\":\"Home\",\"item\":\"https:\\\/\\\/www.akilles.fi\\\/centralstyrelsen\\\/\"},{\"@type\":\"ListItem\",\"position\":2,\"name\":\"Kontaktpersoner &#8211; Yhteyshenkil\u00f6t\"}]},{\"@type\":\"WebSite\",\"@id\":\"https:\\\/\\\/www.akilles.fi\\\/centralstyrelsen\\\/#website\",\"url\":\"https:\\\/\\\/www.akilles.fi\\\/centralstyrelsen\\\/\",\"name\":\"Borg\u00e5 Akilles - Porvoon Akilles\",\"description\":\"Borg\u00e5 Akilles - Porvoon Akilles\",\"potentialAction\":[{\"@type\":\"SearchAction\",\"target\":{\"@type\":\"EntryPoint\",\"urlTemplate\":\"https:\\\/\\\/www.akilles.fi\\\/centralstyrelsen\\\/?s={search_term_string}\"},\"query-input\":{\"@type\":\"PropertyValueSpecification\",\"valueRequired\":true,\"valueName\":\"search_term_string\"}}],\"inLanguage\":\"sv-SE\"}]}<\/script>\n<!-- \/ Yoast SEO plugin. -->","yoast_head_json":{"title":"Kontaktpersoner - Yhteyshenkil\u00f6t - Borg\u00e5 Akilles - Porvoon Akilles","robots":{"index":"index","follow":"follow","max-snippet":"max-snippet:-1","max-image-preview":"max-image-preview:large","max-video-preview":"max-video-preview:-1"},"canonical":"https:\/\/www.akilles.fi\/centralstyrelsen\/kontaktpersoner-yhteyshenkilot\/","og_locale":"sv_SE","og_type":"article","og_title":"Kontaktpersoner - Yhteyshenkil\u00f6t - Borg\u00e5 Akilles - Porvoon Akilles","og_description":"Centralstyrelse Keskushallitus Hilding\u00a0 Mattsson (ordf\u00f6rande &#8211; puh.joht)tel 040 833 4495Kaj Mannonen (viceordf\u00f6rande &#8211; varapuh.joht.)tel. 0400 814 974Ron Liljendal (sekreterare &#8211; sihteeri)tel 040 7385599 Bandy &#8211; J\u00e4\u00e4pallo Jari Kettunen tel. 040 5141133 Ann-Marie H\u00e4nninentel 050 379 4295 Cykel &#8211; Py\u00f6r\u00e4ily Tommi Kajasojatel 046 8515963 \u00a0 Fotboll &#8211; Jalkapallo Matias Ahlgrentel 040 7648846 Magnus Ekl\u00f6vtel 040 7797041 [&hellip;]","og_url":"https:\/\/www.akilles.fi\/centralstyrelsen\/kontaktpersoner-yhteyshenkilot\/","og_site_name":"Borg\u00e5 Akilles - Porvoon Akilles","article_modified_time":"2026-02-04T15:30:58+00:00","twitter_card":"summary_large_image","twitter_misc":{"Ber\u00e4knad l\u00e4stid":"1 minut"},"schema":{"@context":"https:\/\/schema.org","@graph":[{"@type":"WebPage","@id":"https:\/\/www.akilles.fi\/centralstyrelsen\/kontaktpersoner-yhteyshenkilot\/","url":"https:\/\/www.akilles.fi\/centralstyrelsen\/kontaktpersoner-yhteyshenkilot\/","name":"Kontaktpersoner - Yhteyshenkil\u00f6t - Borg\u00e5 Akilles - Porvoon Akilles","isPartOf":{"@id":"https:\/\/www.akilles.fi\/centralstyrelsen\/#website"},"datePublished":"2018-12-29T08:32:29+00:00","dateModified":"2026-02-04T15:30:58+00:00","breadcrumb":{"@id":"https:\/\/www.akilles.fi\/centralstyrelsen\/kontaktpersoner-yhteyshenkilot\/#breadcrumb"},"inLanguage":"sv-SE","potentialAction":[{"@type":"ReadAction","target":["https:\/\/www.akilles.fi\/centralstyrelsen\/kontaktpersoner-yhteyshenkilot\/"]}]},{"@type":"BreadcrumbList","@id":"https:\/\/www.akilles.fi\/centralstyrelsen\/kontaktpersoner-yhteyshenkilot\/#breadcrumb","itemListElement":[{"@type":"ListItem","position":1,"name":"Home","item":"https:\/\/www.akilles.fi\/centralstyrelsen\/"},{"@type":"ListItem","position":2,"name":"Kontaktpersoner &#8211; Yhteyshenkil\u00f6t"}]},{"@type":"WebSite","@id":"https:\/\/www.akilles.fi\/centralstyrelsen\/#website","url":"https:\/\/www.akilles.fi\/centralstyrelsen\/","name":"Borg\u00e5 Akilles - Porvoon Akilles","description":"Borg\u00e5 Akilles - Porvoon Akilles","potentialAction":[{"@type":"SearchAction","target":{"@type":"EntryPoint","urlTemplate":"https:\/\/www.akilles.fi\/centralstyrelsen\/?s={search_term_string}"},"query-input":{"@type":"PropertyValueSpecification","valueRequired":true,"valueName":"search_term_string"}}],"inLanguage":"sv-SE"}]}},"_links":{"self":[{"href":"https:\/\/www.akilles.fi\/centralstyrelsen\/wp-json\/wp\/v2\/pages\/384","targetHints":{"allow":["GET"]}}],"collection":[{"href":"https:\/\/www.akilles.fi\/centralstyrelsen\/wp-json\/wp\/v2\/pages"}],"about":[{"href":"https:\/\/www.akilles.fi\/centralstyrelsen\/wp-json\/wp\/v2\/types\/page"}],"author":[{"embeddable":true,"href":"https:\/\/www.akilles.fi\/centralstyrelsen\/wp-json\/wp\/v2\/users\/4"}],"replies":[{"embeddable":true,"href":"https:\/\/www.akilles.fi\/centralstyrelsen\/wp-json\/wp\/v2\/comments?post=384"}],"version-history":[{"count":54,"href":"https:\/\/www.akilles.fi\/centralstyrelsen\/wp-json\/wp\/v2\/pages\/384\/revisions"}],"predecessor-version":[{"id":2272,"href":"https:\/\/www.akilles.fi\/centralstyrelsen\/wp-json\/wp\/v2\/pages\/384\/revisions\/2272"}],"wp:attachment":[{"href":"https:\/\/www.akilles.fi\/centralstyrelsen\/wp-json\/wp\/v2\/media?parent=384"}],"curies":[{"name":"wp","href":"https:\/\/api.w.org\/{rel}","templated":true}]}}