{"id":386,"date":"2018-12-29T08:33:11","date_gmt":"2018-12-29T08:33:11","guid":{"rendered":"http:\/\/94.237.33.215\/~akilles\/nyasida\/?page_id=386"},"modified":"2026-02-04T15:24:08","modified_gmt":"2026-02-04T15:24:08","slug":"centralstyrelse-keskushallitus","status":"publish","type":"page","link":"https:\/\/www.akilles.fi\/centralstyrelsen\/centralstyrelse-keskushallitus\/","title":{"rendered":"Centralstyrelse &#8211; Keskushallitus"},"content":{"rendered":"\t\t<div data-elementor-type=\"wp-post\" data-elementor-id=\"386\" class=\"elementor elementor-386\" data-elementor-post-type=\"page\">\n\t\t\t\t\t\t<section class=\"elementor-section elementor-top-section elementor-element elementor-element-59eef9cb elementor-section-boxed elementor-section-height-default elementor-section-height-default\" data-id=\"59eef9cb\" data-element_type=\"section\">\n\t\t\t\t\t\t<div class=\"elementor-container elementor-column-gap-default\">\n\t\t\t\t\t<div class=\"elementor-column elementor-col-100 elementor-top-column elementor-element elementor-element-101cc6be\" data-id=\"101cc6be\" data-element_type=\"column\">\n\t\t\t<div class=\"elementor-widget-wrap elementor-element-populated\">\n\t\t\t\t\t\t<div class=\"elementor-element elementor-element-1180ad17 elementor-widget elementor-widget-text-editor\" data-id=\"1180ad17\" data-element_type=\"widget\" data-widget_type=\"text-editor.default\">\n\t\t\t\t<div class=\"elementor-widget-container\">\n\t\t\t\t\t\t\t\t\t<ul><li><span style=\"color: #000000;\"><a style=\"color: #000000;\" href=\"hilding.mattsson@akilles.fi\">Hilding Mattsson<\/a> (ordf\u00f6rande &#8211; puh.joht)<\/span><br \/><span style=\"color: #000000;\">tel. 040 833 4495<\/span><\/li><li><span style=\"color: #000000;\"><a style=\"color: #000000;\" href=\"mailto:kajmannonen(\u00e4t)gmail.com\">Kaj Mannonen<\/a> (viceordf\u00f6rande &#8211; varapuh.joht.)<\/span><br \/><span style=\"color: #000000;\">tel. 0400 814 974<\/span><\/li><li><span style=\"color: #000000;\"><a style=\"color: #000000;\" href=\"mailto:ron.liljendal(\u00e4t)akilles.fi\">Ron Liljendal<\/a> \u00a0(sekreterare &#8211; sihteeri)<\/span><br \/><span style=\"color: #000000;\">tel. 040 7385599<\/span><\/li><li><span style=\"color: #000000;\"><a style=\"color: #000000;\" href=\"mailto:Jari.Kettunen@porvoo.fi\">Jari Kettunen<\/a> (bandy &#8211; j\u00e4\u00e4pallo)<\/span><br \/><span style=\"color: #000000;\">tel. 040 5141133<\/span><\/li><li><span style=\"color: #000000;\"><a style=\"color: #000000;\" href=\"http:\/\/jonathan.ewalds(\u00e4t)akilles.fi\">Jonathan Ewalds<\/a> (cykel &#8211; py\u00f6r\u00e4ily)<\/span><br \/><span style=\"color: #000000;\"><span style=\"color: #000000;\">tel<\/span>. 050 911 1950<\/span><\/li><li><span style=\"color: #000000;\"><a style=\"color: #000000;\" href=\"http:\/\/magnus.eklov(at)gmail.com\">Magnus Ekl\u00f6v<\/a> (fotboll &#8211; jalkapallo)<\/span><br \/><span style=\"color: #000000;\">tel 040 7797041<\/span><\/li><li><span style=\"color: #000000;\"><a style=\"color: #000000;\" href=\"mailto:leif.rikberg(\u00e4t)akilles.fi\">Leif Rikberg<\/a> (friidrott &#8211; yleisurheilu)<\/span><br \/><span style=\"color: #000000;\">tel. 040 1833008<\/span><\/li><li><span style=\"color: #000000;\"><a style=\"color: #000000;\" href=\"http:\/\/johanna.maria.turunen(\u00e4t)gmail.com\">Johanna Turunen<\/a> (handboll &#8211; k\u00e4sipallo)<\/span><br \/><span style=\"color: #000000;\">tel. 040 5088939<\/span><\/li><li><span style=\"color: #000000;\"><a style=\"color: #000000;\" href=\"gunnar.bomberg@pp.inet.fi\">Gunnar Bomberg<\/a> (kondition &#8211; kuntoilu)<\/span><br \/><span style=\"color: #000000;\">tel. 040 5244666<\/span><\/li><li><span style=\"color: #000000;\"><a style=\"color: #000000;\" href=\"mailto:vesa.isoniemi(\u00e4t)pp.inet.fi\">Vesa Isoniemi<\/a> (orientering &#8211; suunnistus)<\/span><br \/><span style=\"color: #000000;\">tel. 041 5473007<\/span><\/li><li><span style=\"color: #000000;\"><a style=\"color: #000000;\" href=\"http:\/\/johan.ohberg(\u00e4t)porvoo.fi\">Johan \u00d6hberg<\/a> (skidning &#8211; hiihto)<\/span><br \/><span style=\"color: #000000;\">tel. 040 7169114<br \/><\/span><\/li><li><span style=\"color: #000000;\"><a style=\"color: #000000;\" href=\"mailto:lars.heinonen(at)gmail.com\">Lars Heinonen<\/a> (garantif\u00f6reningen &#8211; kannatusyhdistys)<\/span><br \/><span style=\"color: #000000;\">tel. 040 5508193<\/span><\/li><\/ul><p><!-- \/wp:list --><\/p>\t\t\t\t\t\t\t\t<\/div>\n\t\t\t\t<\/div>\n\t\t\t\t\t<\/div>\n\t\t<\/div>\n\t\t\t\t\t<\/div>\n\t\t<\/section>\n\t\t\t\t<\/div>\n\t\t","protected":false},"excerpt":{"rendered":"<p>Hilding Mattsson (ordf\u00f6rande &#8211; puh.joht)tel. 040 833 4495 Kaj Mannonen (viceordf\u00f6rande &#8211; varapuh.joht.)tel. 0400 814 974 Ron Liljendal \u00a0(sekreterare &#8211; sihteeri)tel. 040 7385599 Jari Kettunen (bandy &#8211; j\u00e4\u00e4pallo)tel. 040 5141133 Jonathan Ewalds (cykel &#8211; py\u00f6r\u00e4ily)tel. 050 911 1950 Magnus Ekl\u00f6v (fotboll &#8211; jalkapallo)tel 040 7797041 Leif Rikberg (friidrott &#8211; yleisurheilu)tel. 040 1833008 Johanna Turunen (handboll [&hellip;]<\/p>\n","protected":false},"author":4,"featured_media":0,"parent":0,"menu_order":0,"comment_status":"closed","ping_status":"closed","template":"","meta":{"_crdt_document":"","footnotes":""},"class_list":["post-386","page","type-page","status-publish","hentry"],"yoast_head":"<!-- This site is optimized with the Yoast SEO plugin v27.4 - https:\/\/yoast.com\/product\/yoast-seo-wordpress\/ -->\n<title>Centralstyrelse - Keskushallitus - Borg\u00e5 Akilles - Porvoon Akilles<\/title>\n<meta name=\"robots\" content=\"index, follow, max-snippet:-1, max-image-preview:large, max-video-preview:-1\" \/>\n<link rel=\"canonical\" href=\"https:\/\/www.akilles.fi\/centralstyrelsen\/centralstyrelse-keskushallitus\/\" \/>\n<meta property=\"og:locale\" content=\"sv_SE\" \/>\n<meta property=\"og:type\" content=\"article\" \/>\n<meta property=\"og:title\" content=\"Centralstyrelse - Keskushallitus - Borg\u00e5 Akilles - Porvoon Akilles\" \/>\n<meta property=\"og:description\" content=\"Hilding Mattsson (ordf\u00f6rande &#8211; puh.joht)tel. 040 833 4495 Kaj Mannonen (viceordf\u00f6rande &#8211; varapuh.joht.)tel. 0400 814 974 Ron Liljendal \u00a0(sekreterare &#8211; sihteeri)tel. 040 7385599 Jari Kettunen (bandy &#8211; j\u00e4\u00e4pallo)tel. 040 5141133 Jonathan Ewalds (cykel &#8211; py\u00f6r\u00e4ily)tel. 050 911 1950 Magnus Ekl\u00f6v (fotboll &#8211; jalkapallo)tel 040 7797041 Leif Rikberg (friidrott &#8211; yleisurheilu)tel. 040 1833008 Johanna Turunen (handboll [&hellip;]\" \/>\n<meta property=\"og:url\" content=\"https:\/\/www.akilles.fi\/centralstyrelsen\/centralstyrelse-keskushallitus\/\" \/>\n<meta property=\"og:site_name\" content=\"Borg\u00e5 Akilles - Porvoon Akilles\" \/>\n<meta property=\"article:modified_time\" content=\"2026-02-04T15:24:08+00:00\" \/>\n<meta name=\"twitter:card\" content=\"summary_large_image\" \/>\n<meta name=\"twitter:label1\" content=\"Ber\u00e4knad l\u00e4stid\" \/>\n\t<meta name=\"twitter:data1\" content=\"1 minut\" \/>\n<script type=\"application\/ld+json\" class=\"yoast-schema-graph\">{\"@context\":\"https:\\\/\\\/schema.org\",\"@graph\":[{\"@type\":\"WebPage\",\"@id\":\"https:\\\/\\\/www.akilles.fi\\\/centralstyrelsen\\\/centralstyrelse-keskushallitus\\\/\",\"url\":\"https:\\\/\\\/www.akilles.fi\\\/centralstyrelsen\\\/centralstyrelse-keskushallitus\\\/\",\"name\":\"Centralstyrelse - Keskushallitus - Borg\u00e5 Akilles - Porvoon Akilles\",\"isPartOf\":{\"@id\":\"https:\\\/\\\/www.akilles.fi\\\/centralstyrelsen\\\/#website\"},\"datePublished\":\"2018-12-29T08:33:11+00:00\",\"dateModified\":\"2026-02-04T15:24:08+00:00\",\"breadcrumb\":{\"@id\":\"https:\\\/\\\/www.akilles.fi\\\/centralstyrelsen\\\/centralstyrelse-keskushallitus\\\/#breadcrumb\"},\"inLanguage\":\"sv-SE\",\"potentialAction\":[{\"@type\":\"ReadAction\",\"target\":[\"https:\\\/\\\/www.akilles.fi\\\/centralstyrelsen\\\/centralstyrelse-keskushallitus\\\/\"]}]},{\"@type\":\"BreadcrumbList\",\"@id\":\"https:\\\/\\\/www.akilles.fi\\\/centralstyrelsen\\\/centralstyrelse-keskushallitus\\\/#breadcrumb\",\"itemListElement\":[{\"@type\":\"ListItem\",\"position\":1,\"name\":\"Home\",\"item\":\"https:\\\/\\\/www.akilles.fi\\\/centralstyrelsen\\\/\"},{\"@type\":\"ListItem\",\"position\":2,\"name\":\"Centralstyrelse &#8211; Keskushallitus\"}]},{\"@type\":\"WebSite\",\"@id\":\"https:\\\/\\\/www.akilles.fi\\\/centralstyrelsen\\\/#website\",\"url\":\"https:\\\/\\\/www.akilles.fi\\\/centralstyrelsen\\\/\",\"name\":\"Borg\u00e5 Akilles - Porvoon Akilles\",\"description\":\"Borg\u00e5 Akilles - Porvoon Akilles\",\"potentialAction\":[{\"@type\":\"SearchAction\",\"target\":{\"@type\":\"EntryPoint\",\"urlTemplate\":\"https:\\\/\\\/www.akilles.fi\\\/centralstyrelsen\\\/?s={search_term_string}\"},\"query-input\":{\"@type\":\"PropertyValueSpecification\",\"valueRequired\":true,\"valueName\":\"search_term_string\"}}],\"inLanguage\":\"sv-SE\"}]}<\/script>\n<!-- \/ Yoast SEO plugin. -->","yoast_head_json":{"title":"Centralstyrelse - Keskushallitus - Borg\u00e5 Akilles - Porvoon Akilles","robots":{"index":"index","follow":"follow","max-snippet":"max-snippet:-1","max-image-preview":"max-image-preview:large","max-video-preview":"max-video-preview:-1"},"canonical":"https:\/\/www.akilles.fi\/centralstyrelsen\/centralstyrelse-keskushallitus\/","og_locale":"sv_SE","og_type":"article","og_title":"Centralstyrelse - Keskushallitus - Borg\u00e5 Akilles - Porvoon Akilles","og_description":"Hilding Mattsson (ordf\u00f6rande &#8211; puh.joht)tel. 040 833 4495 Kaj Mannonen (viceordf\u00f6rande &#8211; varapuh.joht.)tel. 0400 814 974 Ron Liljendal \u00a0(sekreterare &#8211; sihteeri)tel. 040 7385599 Jari Kettunen (bandy &#8211; j\u00e4\u00e4pallo)tel. 040 5141133 Jonathan Ewalds (cykel &#8211; py\u00f6r\u00e4ily)tel. 050 911 1950 Magnus Ekl\u00f6v (fotboll &#8211; jalkapallo)tel 040 7797041 Leif Rikberg (friidrott &#8211; yleisurheilu)tel. 040 1833008 Johanna Turunen (handboll [&hellip;]","og_url":"https:\/\/www.akilles.fi\/centralstyrelsen\/centralstyrelse-keskushallitus\/","og_site_name":"Borg\u00e5 Akilles - Porvoon Akilles","article_modified_time":"2026-02-04T15:24:08+00:00","twitter_card":"summary_large_image","twitter_misc":{"Ber\u00e4knad l\u00e4stid":"1 minut"},"schema":{"@context":"https:\/\/schema.org","@graph":[{"@type":"WebPage","@id":"https:\/\/www.akilles.fi\/centralstyrelsen\/centralstyrelse-keskushallitus\/","url":"https:\/\/www.akilles.fi\/centralstyrelsen\/centralstyrelse-keskushallitus\/","name":"Centralstyrelse - Keskushallitus - Borg\u00e5 Akilles - Porvoon Akilles","isPartOf":{"@id":"https:\/\/www.akilles.fi\/centralstyrelsen\/#website"},"datePublished":"2018-12-29T08:33:11+00:00","dateModified":"2026-02-04T15:24:08+00:00","breadcrumb":{"@id":"https:\/\/www.akilles.fi\/centralstyrelsen\/centralstyrelse-keskushallitus\/#breadcrumb"},"inLanguage":"sv-SE","potentialAction":[{"@type":"ReadAction","target":["https:\/\/www.akilles.fi\/centralstyrelsen\/centralstyrelse-keskushallitus\/"]}]},{"@type":"BreadcrumbList","@id":"https:\/\/www.akilles.fi\/centralstyrelsen\/centralstyrelse-keskushallitus\/#breadcrumb","itemListElement":[{"@type":"ListItem","position":1,"name":"Home","item":"https:\/\/www.akilles.fi\/centralstyrelsen\/"},{"@type":"ListItem","position":2,"name":"Centralstyrelse &#8211; Keskushallitus"}]},{"@type":"WebSite","@id":"https:\/\/www.akilles.fi\/centralstyrelsen\/#website","url":"https:\/\/www.akilles.fi\/centralstyrelsen\/","name":"Borg\u00e5 Akilles - Porvoon Akilles","description":"Borg\u00e5 Akilles - Porvoon Akilles","potentialAction":[{"@type":"SearchAction","target":{"@type":"EntryPoint","urlTemplate":"https:\/\/www.akilles.fi\/centralstyrelsen\/?s={search_term_string}"},"query-input":{"@type":"PropertyValueSpecification","valueRequired":true,"valueName":"search_term_string"}}],"inLanguage":"sv-SE"}]}},"_links":{"self":[{"href":"https:\/\/www.akilles.fi\/centralstyrelsen\/wp-json\/wp\/v2\/pages\/386","targetHints":{"allow":["GET"]}}],"collection":[{"href":"https:\/\/www.akilles.fi\/centralstyrelsen\/wp-json\/wp\/v2\/pages"}],"about":[{"href":"https:\/\/www.akilles.fi\/centralstyrelsen\/wp-json\/wp\/v2\/types\/page"}],"author":[{"embeddable":true,"href":"https:\/\/www.akilles.fi\/centralstyrelsen\/wp-json\/wp\/v2\/users\/4"}],"replies":[{"embeddable":true,"href":"https:\/\/www.akilles.fi\/centralstyrelsen\/wp-json\/wp\/v2\/comments?post=386"}],"version-history":[{"count":30,"href":"https:\/\/www.akilles.fi\/centralstyrelsen\/wp-json\/wp\/v2\/pages\/386\/revisions"}],"predecessor-version":[{"id":2266,"href":"https:\/\/www.akilles.fi\/centralstyrelsen\/wp-json\/wp\/v2\/pages\/386\/revisions\/2266"}],"wp:attachment":[{"href":"https:\/\/www.akilles.fi\/centralstyrelsen\/wp-json\/wp\/v2\/media?parent=386"}],"curies":[{"name":"wp","href":"https:\/\/api.w.org\/{rel}","templated":true}]}}