{"id":388,"date":"2018-12-29T08:33:49","date_gmt":"2018-12-29T08:33:49","guid":{"rendered":"http:\/\/94.237.33.215\/~akilles\/nyasida\/?page_id=388"},"modified":"2025-01-08T14:35:22","modified_gmt":"2025-01-08T14:35:22","slug":"kansli-toimisto","status":"publish","type":"page","link":"https:\/\/www.akilles.fi\/centralstyrelsen\/kansli-toimisto\/","title":{"rendered":"Kansli &#8211; Toimisto"},"content":{"rendered":"\t\t<div data-elementor-type=\"wp-post\" data-elementor-id=\"388\" class=\"elementor elementor-388\" data-elementor-post-type=\"page\">\n\t\t\t\t\t\t<section class=\"elementor-section elementor-top-section elementor-element elementor-element-15331e1 elementor-section-boxed elementor-section-height-default elementor-section-height-default\" data-id=\"15331e1\" data-element_type=\"section\">\n\t\t\t\t\t\t<div class=\"elementor-container elementor-column-gap-default\">\n\t\t\t\t\t<div class=\"elementor-column elementor-col-100 elementor-top-column elementor-element elementor-element-4b96ab2\" data-id=\"4b96ab2\" data-element_type=\"column\">\n\t\t\t<div class=\"elementor-widget-wrap elementor-element-populated\">\n\t\t\t\t\t\t<div class=\"elementor-element elementor-element-42a23e8 elementor-widget elementor-widget-text-editor\" data-id=\"42a23e8\" data-element_type=\"widget\" data-widget_type=\"text-editor.default\">\n\t\t\t\t<div class=\"elementor-widget-container\">\n\t\t\t\t\t\t\t\t\t<p><span style=\"color: #000000;\">F\u00e4nriksgatan 4, 06100 Borg\u00e5<\/span><br \/><span style=\"color: #000000;\">V\u00e4nrikinkatu 4, 06100 Porvoo<\/span><\/p><p><span style=\"color: #000000;\">Leif Rikberg (sekreterare &#8211; sihteeri)<\/span><br \/><span style=\"color: #000000;\">tel. 040-183 3008, leif.rikberg@akilles.fi<\/span><\/p>\t\t\t\t\t\t\t\t<\/div>\n\t\t\t\t<\/div>\n\t\t\t\t<div class=\"elementor-element elementor-element-60d64fd elementor-widget elementor-widget-image\" data-id=\"60d64fd\" data-element_type=\"widget\" data-widget_type=\"image.default\">\n\t\t\t\t<div class=\"elementor-widget-container\">\n\t\t\t\t\t\t\t\t\t\t\t\t\t\t\t<img decoding=\"async\" src=\"https:\/\/www.akilles.fi\/centralstyrelsen\/wp-content\/uploads\/sites\/27\/2019\/01\/akillehuset.jpg\" title=\"akillehuset\" alt=\"\" loading=\"lazy\" \/>\t\t\t\t\t\t\t\t\t\t\t\t\t\t\t<\/div>\n\t\t\t\t<\/div>\n\t\t\t\t\t<\/div>\n\t\t<\/div>\n\t\t\t\t\t<\/div>\n\t\t<\/section>\n\t\t\t\t<\/div>\n\t\t","protected":false},"excerpt":{"rendered":"<p>F\u00e4nriksgatan 4, 06100 Borg\u00e5V\u00e4nrikinkatu 4, 06100 Porvoo Leif Rikberg (sekreterare &#8211; sihteeri)tel. 040-183 3008, leif.rikberg@akilles.fi<\/p>\n","protected":false},"author":4,"featured_media":0,"parent":0,"menu_order":0,"comment_status":"closed","ping_status":"closed","template":"","meta":{"_crdt_document":"","footnotes":""},"class_list":["post-388","page","type-page","status-publish","hentry"],"yoast_head":"<!-- This site is optimized with the Yoast SEO plugin v26.8 - https:\/\/yoast.com\/product\/yoast-seo-wordpress\/ -->\n<title>Kansli - Toimisto - Borg\u00e5 Akilles - Porvoon Akilles<\/title>\n<meta name=\"robots\" content=\"index, follow, max-snippet:-1, max-image-preview:large, max-video-preview:-1\" \/>\n<link rel=\"canonical\" href=\"https:\/\/www.akilles.fi\/centralstyrelsen\/kansli-toimisto\/\" \/>\n<meta property=\"og:locale\" content=\"sv_SE\" \/>\n<meta property=\"og:type\" content=\"article\" \/>\n<meta property=\"og:title\" content=\"Kansli - Toimisto - Borg\u00e5 Akilles - Porvoon Akilles\" \/>\n<meta property=\"og:description\" content=\"F\u00e4nriksgatan 4, 06100 Borg\u00e5V\u00e4nrikinkatu 4, 06100 Porvoo Leif Rikberg (sekreterare &#8211; sihteeri)tel. 040-183 3008, leif.rikberg@akilles.fi\" \/>\n<meta property=\"og:url\" content=\"https:\/\/www.akilles.fi\/centralstyrelsen\/kansli-toimisto\/\" \/>\n<meta property=\"og:site_name\" content=\"Borg\u00e5 Akilles - Porvoon Akilles\" \/>\n<meta property=\"article:modified_time\" content=\"2025-01-08T14:35:22+00:00\" \/>\n<meta property=\"og:image\" content=\"http:\/\/www.akilles.fi\/centralstyrelsen\/wp-content\/uploads\/sites\/27\/elementor\/thumbs\/akillehuset-o4v9rh6zjc8x0gdau8qexfayq28i6gmjxg3l6eor50.jpg\" \/>\n<meta name=\"twitter:card\" content=\"summary_large_image\" \/>\n<meta name=\"twitter:label1\" content=\"Ber\u00e4knad l\u00e4stid\" \/>\n\t<meta name=\"twitter:data1\" content=\"1 minut\" \/>\n<script type=\"application\/ld+json\" class=\"yoast-schema-graph\">{\"@context\":\"https:\/\/schema.org\",\"@graph\":[{\"@type\":\"WebPage\",\"@id\":\"https:\/\/www.akilles.fi\/centralstyrelsen\/kansli-toimisto\/\",\"url\":\"https:\/\/www.akilles.fi\/centralstyrelsen\/kansli-toimisto\/\",\"name\":\"Kansli - Toimisto - Borg\u00e5 Akilles - Porvoon Akilles\",\"isPartOf\":{\"@id\":\"https:\/\/www.akilles.fi\/centralstyrelsen\/#website\"},\"primaryImageOfPage\":{\"@id\":\"https:\/\/www.akilles.fi\/centralstyrelsen\/kansli-toimisto\/#primaryimage\"},\"image\":{\"@id\":\"https:\/\/www.akilles.fi\/centralstyrelsen\/kansli-toimisto\/#primaryimage\"},\"thumbnailUrl\":\"http:\/\/www.akilles.fi\/centralstyrelsen\/wp-content\/uploads\/sites\/27\/elementor\/thumbs\/akillehuset-o4v9rh6zjc8x0gdau8qexfayq28i6gmjxg3l6eor50.jpg\",\"datePublished\":\"2018-12-29T08:33:49+00:00\",\"dateModified\":\"2025-01-08T14:35:22+00:00\",\"breadcrumb\":{\"@id\":\"https:\/\/www.akilles.fi\/centralstyrelsen\/kansli-toimisto\/#breadcrumb\"},\"inLanguage\":\"sv-SE\",\"potentialAction\":[{\"@type\":\"ReadAction\",\"target\":[\"https:\/\/www.akilles.fi\/centralstyrelsen\/kansli-toimisto\/\"]}]},{\"@type\":\"ImageObject\",\"inLanguage\":\"sv-SE\",\"@id\":\"https:\/\/www.akilles.fi\/centralstyrelsen\/kansli-toimisto\/#primaryimage\",\"url\":\"http:\/\/www.akilles.fi\/centralstyrelsen\/wp-content\/uploads\/sites\/27\/elementor\/thumbs\/akillehuset-o4v9rh6zjc8x0gdau8qexfayq28i6gmjxg3l6eor50.jpg\",\"contentUrl\":\"http:\/\/www.akilles.fi\/centralstyrelsen\/wp-content\/uploads\/sites\/27\/elementor\/thumbs\/akillehuset-o4v9rh6zjc8x0gdau8qexfayq28i6gmjxg3l6eor50.jpg\"},{\"@type\":\"BreadcrumbList\",\"@id\":\"https:\/\/www.akilles.fi\/centralstyrelsen\/kansli-toimisto\/#breadcrumb\",\"itemListElement\":[{\"@type\":\"ListItem\",\"position\":1,\"name\":\"Home\",\"item\":\"https:\/\/www.akilles.fi\/centralstyrelsen\/\"},{\"@type\":\"ListItem\",\"position\":2,\"name\":\"Kansli &#8211; Toimisto\"}]},{\"@type\":\"WebSite\",\"@id\":\"https:\/\/www.akilles.fi\/centralstyrelsen\/#website\",\"url\":\"https:\/\/www.akilles.fi\/centralstyrelsen\/\",\"name\":\"Borg\u00e5 Akilles - Porvoon Akilles\",\"description\":\"Borg\u00e5 Akilles - Porvoon Akilles\",\"potentialAction\":[{\"@type\":\"SearchAction\",\"target\":{\"@type\":\"EntryPoint\",\"urlTemplate\":\"https:\/\/www.akilles.fi\/centralstyrelsen\/?s={search_term_string}\"},\"query-input\":{\"@type\":\"PropertyValueSpecification\",\"valueRequired\":true,\"valueName\":\"search_term_string\"}}],\"inLanguage\":\"sv-SE\"}]}<\/script>\n<!-- \/ Yoast SEO plugin. -->","yoast_head_json":{"title":"Kansli - Toimisto - Borg\u00e5 Akilles - Porvoon Akilles","robots":{"index":"index","follow":"follow","max-snippet":"max-snippet:-1","max-image-preview":"max-image-preview:large","max-video-preview":"max-video-preview:-1"},"canonical":"https:\/\/www.akilles.fi\/centralstyrelsen\/kansli-toimisto\/","og_locale":"sv_SE","og_type":"article","og_title":"Kansli - Toimisto - Borg\u00e5 Akilles - Porvoon Akilles","og_description":"F\u00e4nriksgatan 4, 06100 Borg\u00e5V\u00e4nrikinkatu 4, 06100 Porvoo Leif Rikberg (sekreterare &#8211; sihteeri)tel. 040-183 3008, leif.rikberg@akilles.fi","og_url":"https:\/\/www.akilles.fi\/centralstyrelsen\/kansli-toimisto\/","og_site_name":"Borg\u00e5 Akilles - Porvoon Akilles","article_modified_time":"2025-01-08T14:35:22+00:00","og_image":[{"url":"http:\/\/www.akilles.fi\/centralstyrelsen\/wp-content\/uploads\/sites\/27\/elementor\/thumbs\/akillehuset-o4v9rh6zjc8x0gdau8qexfayq28i6gmjxg3l6eor50.jpg","type":"","width":"","height":""}],"twitter_card":"summary_large_image","twitter_misc":{"Ber\u00e4knad l\u00e4stid":"1 minut"},"schema":{"@context":"https:\/\/schema.org","@graph":[{"@type":"WebPage","@id":"https:\/\/www.akilles.fi\/centralstyrelsen\/kansli-toimisto\/","url":"https:\/\/www.akilles.fi\/centralstyrelsen\/kansli-toimisto\/","name":"Kansli - Toimisto - Borg\u00e5 Akilles - Porvoon Akilles","isPartOf":{"@id":"https:\/\/www.akilles.fi\/centralstyrelsen\/#website"},"primaryImageOfPage":{"@id":"https:\/\/www.akilles.fi\/centralstyrelsen\/kansli-toimisto\/#primaryimage"},"image":{"@id":"https:\/\/www.akilles.fi\/centralstyrelsen\/kansli-toimisto\/#primaryimage"},"thumbnailUrl":"http:\/\/www.akilles.fi\/centralstyrelsen\/wp-content\/uploads\/sites\/27\/elementor\/thumbs\/akillehuset-o4v9rh6zjc8x0gdau8qexfayq28i6gmjxg3l6eor50.jpg","datePublished":"2018-12-29T08:33:49+00:00","dateModified":"2025-01-08T14:35:22+00:00","breadcrumb":{"@id":"https:\/\/www.akilles.fi\/centralstyrelsen\/kansli-toimisto\/#breadcrumb"},"inLanguage":"sv-SE","potentialAction":[{"@type":"ReadAction","target":["https:\/\/www.akilles.fi\/centralstyrelsen\/kansli-toimisto\/"]}]},{"@type":"ImageObject","inLanguage":"sv-SE","@id":"https:\/\/www.akilles.fi\/centralstyrelsen\/kansli-toimisto\/#primaryimage","url":"http:\/\/www.akilles.fi\/centralstyrelsen\/wp-content\/uploads\/sites\/27\/elementor\/thumbs\/akillehuset-o4v9rh6zjc8x0gdau8qexfayq28i6gmjxg3l6eor50.jpg","contentUrl":"http:\/\/www.akilles.fi\/centralstyrelsen\/wp-content\/uploads\/sites\/27\/elementor\/thumbs\/akillehuset-o4v9rh6zjc8x0gdau8qexfayq28i6gmjxg3l6eor50.jpg"},{"@type":"BreadcrumbList","@id":"https:\/\/www.akilles.fi\/centralstyrelsen\/kansli-toimisto\/#breadcrumb","itemListElement":[{"@type":"ListItem","position":1,"name":"Home","item":"https:\/\/www.akilles.fi\/centralstyrelsen\/"},{"@type":"ListItem","position":2,"name":"Kansli &#8211; Toimisto"}]},{"@type":"WebSite","@id":"https:\/\/www.akilles.fi\/centralstyrelsen\/#website","url":"https:\/\/www.akilles.fi\/centralstyrelsen\/","name":"Borg\u00e5 Akilles - Porvoon Akilles","description":"Borg\u00e5 Akilles - Porvoon Akilles","potentialAction":[{"@type":"SearchAction","target":{"@type":"EntryPoint","urlTemplate":"https:\/\/www.akilles.fi\/centralstyrelsen\/?s={search_term_string}"},"query-input":{"@type":"PropertyValueSpecification","valueRequired":true,"valueName":"search_term_string"}}],"inLanguage":"sv-SE"}]}},"_links":{"self":[{"href":"https:\/\/www.akilles.fi\/centralstyrelsen\/wp-json\/wp\/v2\/pages\/388","targetHints":{"allow":["GET"]}}],"collection":[{"href":"https:\/\/www.akilles.fi\/centralstyrelsen\/wp-json\/wp\/v2\/pages"}],"about":[{"href":"https:\/\/www.akilles.fi\/centralstyrelsen\/wp-json\/wp\/v2\/types\/page"}],"author":[{"embeddable":true,"href":"https:\/\/www.akilles.fi\/centralstyrelsen\/wp-json\/wp\/v2\/users\/4"}],"replies":[{"embeddable":true,"href":"https:\/\/www.akilles.fi\/centralstyrelsen\/wp-json\/wp\/v2\/comments?post=388"}],"version-history":[{"count":6,"href":"https:\/\/www.akilles.fi\/centralstyrelsen\/wp-json\/wp\/v2\/pages\/388\/revisions"}],"predecessor-version":[{"id":2124,"href":"https:\/\/www.akilles.fi\/centralstyrelsen\/wp-json\/wp\/v2\/pages\/388\/revisions\/2124"}],"wp:attachment":[{"href":"https:\/\/www.akilles.fi\/centralstyrelsen\/wp-json\/wp\/v2\/media?parent=388"}],"curies":[{"name":"wp","href":"https:\/\/api.w.org\/{rel}","templated":true}]}}