{"id":858,"date":"2019-01-29T09:27:14","date_gmt":"2019-01-29T09:27:14","guid":{"rendered":"http:\/\/94.237.33.215\/~akilles\/nyasida\/?page_id=847"},"modified":"2019-01-29T09:27:14","modified_gmt":"2019-01-29T09:27:14","slug":"wordpress-elementor-instruktioner-2","status":"publish","type":"page","link":"https:\/\/www.akilles.fi\/centralstyrelsen\/wordpress-elementor-instruktioner-2\/","title":{"rendered":"WordPress + Elementor ohjeet"},"content":{"rendered":"<p>\t\t\t\t&lt;![CDATA[<\/p>\n<h2>WordPress + Elementor ohjeet (k\u00e4\u00e4nt\u00e4minen k\u00e4ynniss\u00e4)<\/h2>\n<h3>Kirjautuminen<\/h3>\n<p>Osoite: <a href=\"http:\/\/94.237.33.215\/~akilles\/nyasida\/wp-admin\/\">http:\/\/94.237.33.215\/~akilles\/nyasida\/wp-admin\/<\/a><\/p>\n<p>Jos sinulla on k\u00e4ytt\u00f6oikeudet useamman jaoston kotisivuilla, valitse oikea jaosto vasemmasta yl\u00e4kulmasta.<\/p>\n<p><a href=\"http:\/\/www.akilles.fi\/2\/wp-content\/uploads\/sites\/27\/2019\/01\/valjsektion.png\"><img decoding=\"async\" src=\"http:\/\/www.akilles.fi\/2\/wp-content\/uploads\/sites\/27\/2019\/01\/valjsektion-300x125.png\" alt=\"\" width=\"300\" height=\"125\" \/><\/a><\/p>\n<hr \/>\n<h3>\u00a0<\/h3>\n<h3>Uuden sivun lis\u00e4\u00e4minen<\/h3>\n<ol>\n<li>Valitse Sivut &gt; Lis\u00e4\u00e4 uusi vasemmasta laidasta<\/li>\n<\/ol>\n<p><a href=\"http:\/\/www.akilles.fi\/2\/wp-content\/uploads\/sites\/27\/2019\/01\/nysida1.png\"><img decoding=\"async\" src=\"http:\/\/www.akilles.fi\/2\/wp-content\/uploads\/sites\/27\/2019\/01\/nysida1-300x153.png\" alt=\"\" width=\"300\" height=\"153\" \/><\/a><\/p>\n<p>2. Kirjoita sivun otsikko<\/p>\n<p><a href=\"http:\/\/www.akilles.fi\/2\/wp-content\/uploads\/sites\/27\/2019\/01\/nysida2.png\"><img decoding=\"async\" src=\"http:\/\/www.akilles.fi\/2\/wp-content\/uploads\/sites\/27\/2019\/01\/nysida2-300x127.png\" alt=\"\" width=\"300\" height=\"127\" \/><\/a><\/p>\n<p>3. Paina julkaise (publish\/publicera) nappia oikessa yl\u00e4kulmassa kahteen kertaan<\/p>\n<p><a href=\"http:\/\/www.akilles.fi\/2\/wp-content\/uploads\/sites\/27\/2019\/01\/nysida3.png\"><img loading=\"lazy\" decoding=\"async\" src=\"http:\/\/www.akilles.fi\/2\/wp-content\/uploads\/sites\/27\/2019\/01\/nysida3-300x114.png\" alt=\"\" width=\"300\" height=\"114\" \/><\/a><\/p>\n<p>4. Paina Muokkaa Elementorilla nappia<\/p>\n<p><a href=\"http:\/\/www.akilles.fi\/2\/wp-content\/uploads\/sites\/27\/2019\/01\/nysida4.png\"><img loading=\"lazy\" decoding=\"async\" src=\"http:\/\/www.akilles.fi\/2\/wp-content\/uploads\/sites\/27\/2019\/01\/nysida4-300x211.png\" alt=\"\" width=\"300\" height=\"211\" \/><\/a><\/p>\n<p>4. Jos haluat sivulla useamman sarakkeen paina plusmerkki\u00e4 ja valitse rakenne<\/p>\n<p><a href=\"http:\/\/www.akilles.fi\/2\/wp-content\/uploads\/sites\/27\/2019\/01\/nysida5.png\"><img loading=\"lazy\" decoding=\"async\" src=\"http:\/\/www.akilles.fi\/2\/wp-content\/uploads\/sites\/27\/2019\/01\/nysida5-300x149.png\" alt=\"\" width=\"300\" height=\"149\" \/><\/a><\/p>\n<p>5. Paina ruudukkomerkki\u00e4 p\u00e4\u00e4st\u00e4ksesi\u00a0 vimpainvalikkoon<\/p>\n<p><a href=\"http:\/\/www.akilles.fi\/2\/wp-content\/uploads\/sites\/27\/2019\/01\/nysida6.png\"><img loading=\"lazy\" decoding=\"async\" src=\"http:\/\/www.akilles.fi\/2\/wp-content\/uploads\/sites\/27\/2019\/01\/nysida6.png\" alt=\"\" width=\"294\" height=\"195\" \/><\/a><\/p>\n<p>6. Valise mink\u00e4 vimpaimen haluat ja ved\u00e4 se oikeaan kohtaan. Tekstinmuokkain on k\u00e4tevin vimpain, sill\u00e4 voi my\u00f6s lis\u00e4t\u00e4 kuvia ja otsikoita<\/p>\n<p><a href=\"http:\/\/www.akilles.fi\/2\/wp-content\/uploads\/sites\/27\/2019\/01\/nysida7.png\"><img loading=\"lazy\" decoding=\"async\" src=\"http:\/\/www.akilles.fi\/2\/wp-content\/uploads\/sites\/27\/2019\/01\/nysida7-300x196.png\" alt=\"\" width=\"300\" height=\"196\" \/><\/a><\/p>\n<p>7. Kun lis\u00e4\u00e4 vimpaimen sivulle vasemmalle avautuu vimpaimen valikko, jos voit muokata sis\u00e4lt\u00f6\u00e4 ja ulkon\u00e4k\u00f6\u00e4.<\/p>\n<p>Vimpaimien valikko voi my\u00f6s avata napsauttamalla hiiren kakkospainiketta ja valitsemalla &#8221;muokkaa xxxxxxx&#8221;<\/p>\n<p>8. Napsauta alareunan &#8221;P\u00e4ivit\u00e4&#8221;-nappia kun olet valmis<\/p>\n<hr \/>\n<h3>\u00a0<\/h3>\n<h3>Sivun muokkaaminen<\/h3>\n<ol>\n<li>Mene sivujen listaukseen, etsi oikea sivu ja napsauta &#8221;muokkaa elementorilla&#8221;- linkki\u00e4<a href=\"http:\/\/www.akilles.fi\/2\/wp-content\/uploads\/sites\/27\/2019\/01\/redigerasida.png\"><img loading=\"lazy\" decoding=\"async\" src=\"http:\/\/www.akilles.fi\/2\/wp-content\/uploads\/sites\/27\/2019\/01\/redigerasida-300x64.png\" alt=\"\" width=\"300\" height=\"64\" \/><\/a><\/li>\n<\/ol>\n<hr \/>\n<h3>\u00a0<\/h3>\n<h3>Elementorin tekstinmuokkain<\/h3>\n<p>Tekstinmuokkaimen yl\u00e4pulella olevasta &#8221;Lis\u00e4\u00e4 media&#8221;-napista voi tekstiin lis\u00e4t\u00e4 kuvia. Tekstinmuokkaimella voi my\u00f6s lis\u00e4t\u00e4 otsikoita ja linkkej\u00e4<\/p>\n<p>Jos haluat rivinvaihdon ilman ett\u00e4 syntyy uusi kappale, k\u00e4yt\u00e4 shift+enter.<\/p>\n<hr \/>\n<h3>Valikon muokkaaminen<\/h3>\n<ol>\n<li>Valistse Ulkoasu &gt; Vaalikot vasemmanpuoleisesta valikosta<a href=\"http:\/\/www.akilles.fi\/2\/wp-content\/uploads\/sites\/27\/2019\/01\/meny1.png\"><img loading=\"lazy\" decoding=\"async\" src=\"http:\/\/www.akilles.fi\/2\/wp-content\/uploads\/sites\/27\/2019\/01\/meny1-300x224.png\" alt=\"\" width=\"300\" height=\"224\" \/><\/a><\/li>\n<\/ol>\n<p>2. Valitse &#8221;undermeny &#8211; dator&#8221; tair &#8221;undermeny &#8211; mobil&#8221; <strong>HUOM! Tee samat muutokset molemmassa valikossa, jota vajotta valikot pysyv\u00e4t samanlaisina tietokoneella ja puhelimessa<br \/><\/strong><\/p>\n<p><strong> <a href=\"http:\/\/www.akilles.fi\/2\/wp-content\/uploads\/sites\/27\/2019\/01\/meny2.png\"><img loading=\"lazy\" decoding=\"async\" src=\"http:\/\/www.akilles.fi\/2\/wp-content\/uploads\/sites\/27\/2019\/01\/meny2-300x88.png\" alt=\"\" width=\"300\" height=\"88\" \/><\/a><\/strong><\/p>\n<p>3. Vasemmalta voi valita mit\u00e4 haluat lis\u00e4t\u00e4 valikkoon<a href=\"http:\/\/www.akilles.fi\/2\/wp-content\/uploads\/sites\/27\/2019\/01\/meny3.png\"><img loading=\"lazy\" decoding=\"async\" src=\"http:\/\/www.akilles.fi\/2\/wp-content\/uploads\/sites\/27\/2019\/01\/meny3-263x300.png\" alt=\"\" width=\"263\" height=\"300\" \/><\/a><\/p>\n<p>4. Oikealla puolella voi siirt\u00e4 linkkej\u00e4 oikeaan j\u00e4rjestykseen<\/p>\n<p>Saadaksesi rivinvaihdon suomen ja ruotsin v\u00e4liin lis\u00e4\u00e4 &lt;br&gt; sanojen v\u00e4liin<\/p>\n<p>5. Tallenna kun olet valmis<\/p>\n<p>6. Muista tehd\u00e4 muutokset sek\u00e4 tietokone- ett\u00e4 puhelinvalikoissa!<\/p>\n<hr \/>\n<h3>\u00a0<\/h3>\n<h3>Muokkaa slides<\/h3>\n<ol>\n<li>Jos et ole kirjautuneena, kirjaudu sis\u00e4\u00e4n osoitteessa: <a href=\"http:\/\/94.237.33.215\/~akilles\/nyasida\/wp-admin\/\">http:\/\/94.237.33.215\/~akilles\/nyasida\/wp-admin\/<\/a><\/li>\n<li>Mene jaoston kotisivulle ja valitse yl\u00e4laidasta &#8221;Muokkaa Elementorilla &gt; huvudmeny&#8221;<a href=\"http:\/\/www.akilles.fi\/2\/wp-content\/uploads\/sites\/27\/2019\/01\/slides.png\"><img loading=\"lazy\" decoding=\"async\" src=\"http:\/\/www.akilles.fi\/2\/wp-content\/uploads\/sites\/27\/2019\/01\/slides-300x163.png\" alt=\"\" width=\"300\" height=\"163\" \/><\/a><\/li>\n<li>Napsauta hiiren kakkospainikkeella slideseja ja valitse &#8221;Muokkaa slides&#8221;<a href=\"http:\/\/www.akilles.fi\/2\/wp-content\/uploads\/sites\/27\/2019\/01\/slides2.png\"><img loading=\"lazy\" decoding=\"async\" src=\"http:\/\/www.akilles.fi\/2\/wp-content\/uploads\/sites\/27\/2019\/01\/slides2-300x183.png\" alt=\"\" width=\"300\" height=\"183\" \/><\/a><\/li>\n<li>Vasemmalle avautuu valikko, josta voit poistaa, lis\u00e4t\u00e4 tai muokata slideseja<\/li>\n<li>Napsauta otsikkoa avataksesi valikon josta voi muokata taustakuvaa ja sis\u00e4lt\u00f6\u00e4<a href=\"http:\/\/www.akilles.fi\/2\/wp-content\/uploads\/sites\/27\/2019\/01\/slides3.png\"><img loading=\"lazy\" decoding=\"async\" src=\"http:\/\/www.akilles.fi\/2\/wp-content\/uploads\/sites\/27\/2019\/01\/slides3-300x183.png\" alt=\"\" width=\"300\" height=\"183\" \/><\/a><\/li>\n<li>Napsauta p\u00e4ivit\u00e4 nappia alareunassa kun olet valmis<\/li>\n<\/ol>\n<hr \/>\n<h3>\u00a0<\/h3>\n<h3>Muokkaa alaviitett\u00e4<\/h3>\n<ol>\n<li>Jos et ole kirjautuneena, kirjaudu sis\u00e4\u00e4n osoitteessa: <a href=\"http:\/\/94.237.33.215\/~akilles\/nyasida\/wp-admin\/\">http:\/\/94.237.33.215\/~akilles\/nyasida\/wp-admin\/<\/a><\/li>\n<li>Mene jaoston kotisivulle ja valitse yl\u00e4laidasta \u201dMuokkaa Elementorilla &gt; Akilesfooter\u201d<a href=\"http:\/\/www.akilles.fi\/2\/wp-content\/uploads\/sites\/27\/2019\/01\/sidfot.png\"><img loading=\"lazy\" decoding=\"async\" src=\"http:\/\/www.akilles.fi\/2\/wp-content\/uploads\/sites\/27\/2019\/01\/sidfot-300x163.png\" alt=\"\" width=\"300\" height=\"163\" \/><\/a><\/li>\n<li>Napsauta hiiren kakkospainikkeella kohtaa jota haluat muuttaa ja valitse &#8221;Muokka tekstinmuokkainta&#8221; <a href=\"http:\/\/www.akilles.fi\/2\/wp-content\/uploads\/sites\/27\/2019\/01\/sidfot2.png\"><img loading=\"lazy\" decoding=\"async\" src=\"http:\/\/www.akilles.fi\/2\/wp-content\/uploads\/sites\/27\/2019\/01\/sidfot2-300x92.png\" alt=\"\" width=\"300\" height=\"92\" \/><\/a><\/li>\n<li>Tekstinmuokkain avautuu vasemalle<\/li>\n<li>Napsauta p\u00e4ivit\u00e4 nappia alareunassa kun olet valmis<\/li>\n<\/ol>\n<hr \/>\n<h3>\u00a0<\/h3>\n<h3>Ongelmia?<\/h3>\n<p>Ota yhteytt\u00e4 s\u00e4hk\u00f6postilla: <a href=\"webmaster@akilles.fi\">webmaster@akilles.fi<\/a><\/p>\n<p>]]&gt;\t\t<\/p>\n","protected":false},"excerpt":{"rendered":"<p>&lt;![CDATA[ WordPress + Elementor ohjeet (k\u00e4\u00e4nt\u00e4minen k\u00e4ynniss\u00e4) Kirjautuminen Osoite: http:\/\/94.237.33.215\/~akilles\/nyasida\/wp-admin\/ Jos sinulla on k\u00e4ytt\u00f6oikeudet useamman jaoston kotisivuilla, valitse oikea jaosto vasemmasta yl\u00e4kulmasta. \u00a0 Uuden sivun lis\u00e4\u00e4minen Valitse Sivut &gt; Lis\u00e4\u00e4 uusi vasemmasta laidasta 2. Kirjoita sivun otsikko 3. Paina julkaise (publish\/publicera) nappia oikessa yl\u00e4kulmassa kahteen kertaan 4. Paina Muokkaa Elementorilla nappia 4. Jos haluat sivulla [&hellip;]<\/p>\n","protected":false},"author":4,"featured_media":0,"parent":0,"menu_order":0,"comment_status":"closed","ping_status":"closed","template":"elementor_canvas","meta":{"_crdt_document":"","footnotes":""},"class_list":["post-858","page","type-page","status-publish","hentry"],"yoast_head":"<!-- This site is optimized with the Yoast SEO plugin v26.8 - https:\/\/yoast.com\/product\/yoast-seo-wordpress\/ -->\n<title>Wordpress + Elementor ohjeet - Borg\u00e5 Akilles - Porvoon Akilles<\/title>\n<meta name=\"robots\" content=\"index, follow, max-snippet:-1, max-image-preview:large, max-video-preview:-1\" \/>\n<link rel=\"canonical\" href=\"https:\/\/www.akilles.fi\/centralstyrelsen\/wordpress-elementor-instruktioner-2\/\" \/>\n<meta property=\"og:locale\" content=\"sv_SE\" \/>\n<meta property=\"og:type\" content=\"article\" \/>\n<meta property=\"og:title\" content=\"Wordpress + Elementor ohjeet - Borg\u00e5 Akilles - Porvoon Akilles\" \/>\n<meta property=\"og:description\" content=\"&lt;![CDATA[ WordPress + Elementor ohjeet (k\u00e4\u00e4nt\u00e4minen k\u00e4ynniss\u00e4) Kirjautuminen Osoite: http:\/\/94.237.33.215\/~akilles\/nyasida\/wp-admin\/ Jos sinulla on k\u00e4ytt\u00f6oikeudet useamman jaoston kotisivuilla, valitse oikea jaosto vasemmasta yl\u00e4kulmasta. \u00a0 Uuden sivun lis\u00e4\u00e4minen Valitse Sivut &gt; Lis\u00e4\u00e4 uusi vasemmasta laidasta 2. Kirjoita sivun otsikko 3. Paina julkaise (publish\/publicera) nappia oikessa yl\u00e4kulmassa kahteen kertaan 4. Paina Muokkaa Elementorilla nappia 4. Jos haluat sivulla [&hellip;]\" \/>\n<meta property=\"og:url\" content=\"https:\/\/www.akilles.fi\/centralstyrelsen\/wordpress-elementor-instruktioner-2\/\" \/>\n<meta property=\"og:site_name\" content=\"Borg\u00e5 Akilles - Porvoon Akilles\" \/>\n<meta property=\"og:image\" content=\"http:\/\/www.akilles.fi\/2\/wp-content\/uploads\/sites\/27\/2019\/01\/valjsektion-300x125.png\" \/>\n<meta name=\"twitter:card\" content=\"summary_large_image\" \/>\n<meta name=\"twitter:label1\" content=\"Ber\u00e4knad l\u00e4stid\" \/>\n\t<meta name=\"twitter:data1\" content=\"2 minuter\" \/>\n<script type=\"application\/ld+json\" class=\"yoast-schema-graph\">{\"@context\":\"https:\/\/schema.org\",\"@graph\":[{\"@type\":\"WebPage\",\"@id\":\"https:\/\/www.akilles.fi\/centralstyrelsen\/wordpress-elementor-instruktioner-2\/\",\"url\":\"https:\/\/www.akilles.fi\/centralstyrelsen\/wordpress-elementor-instruktioner-2\/\",\"name\":\"Wordpress + Elementor ohjeet - Borg\u00e5 Akilles - Porvoon Akilles\",\"isPartOf\":{\"@id\":\"https:\/\/www.akilles.fi\/centralstyrelsen\/#website\"},\"primaryImageOfPage\":{\"@id\":\"https:\/\/www.akilles.fi\/centralstyrelsen\/wordpress-elementor-instruktioner-2\/#primaryimage\"},\"image\":{\"@id\":\"https:\/\/www.akilles.fi\/centralstyrelsen\/wordpress-elementor-instruktioner-2\/#primaryimage\"},\"thumbnailUrl\":\"http:\/\/www.akilles.fi\/2\/wp-content\/uploads\/sites\/27\/2019\/01\/valjsektion-300x125.png\",\"datePublished\":\"2019-01-29T09:27:14+00:00\",\"breadcrumb\":{\"@id\":\"https:\/\/www.akilles.fi\/centralstyrelsen\/wordpress-elementor-instruktioner-2\/#breadcrumb\"},\"inLanguage\":\"sv-SE\",\"potentialAction\":[{\"@type\":\"ReadAction\",\"target\":[\"https:\/\/www.akilles.fi\/centralstyrelsen\/wordpress-elementor-instruktioner-2\/\"]}]},{\"@type\":\"ImageObject\",\"inLanguage\":\"sv-SE\",\"@id\":\"https:\/\/www.akilles.fi\/centralstyrelsen\/wordpress-elementor-instruktioner-2\/#primaryimage\",\"url\":\"http:\/\/www.akilles.fi\/2\/wp-content\/uploads\/sites\/27\/2019\/01\/valjsektion-300x125.png\",\"contentUrl\":\"http:\/\/www.akilles.fi\/2\/wp-content\/uploads\/sites\/27\/2019\/01\/valjsektion-300x125.png\"},{\"@type\":\"BreadcrumbList\",\"@id\":\"https:\/\/www.akilles.fi\/centralstyrelsen\/wordpress-elementor-instruktioner-2\/#breadcrumb\",\"itemListElement\":[{\"@type\":\"ListItem\",\"position\":1,\"name\":\"Home\",\"item\":\"https:\/\/www.akilles.fi\/centralstyrelsen\/\"},{\"@type\":\"ListItem\",\"position\":2,\"name\":\"WordPress + Elementor ohjeet\"}]},{\"@type\":\"WebSite\",\"@id\":\"https:\/\/www.akilles.fi\/centralstyrelsen\/#website\",\"url\":\"https:\/\/www.akilles.fi\/centralstyrelsen\/\",\"name\":\"Borg\u00e5 Akilles - Porvoon Akilles\",\"description\":\"Borg\u00e5 Akilles - Porvoon Akilles\",\"potentialAction\":[{\"@type\":\"SearchAction\",\"target\":{\"@type\":\"EntryPoint\",\"urlTemplate\":\"https:\/\/www.akilles.fi\/centralstyrelsen\/?s={search_term_string}\"},\"query-input\":{\"@type\":\"PropertyValueSpecification\",\"valueRequired\":true,\"valueName\":\"search_term_string\"}}],\"inLanguage\":\"sv-SE\"}]}<\/script>\n<!-- \/ Yoast SEO plugin. -->","yoast_head_json":{"title":"Wordpress + Elementor ohjeet - Borg\u00e5 Akilles - Porvoon Akilles","robots":{"index":"index","follow":"follow","max-snippet":"max-snippet:-1","max-image-preview":"max-image-preview:large","max-video-preview":"max-video-preview:-1"},"canonical":"https:\/\/www.akilles.fi\/centralstyrelsen\/wordpress-elementor-instruktioner-2\/","og_locale":"sv_SE","og_type":"article","og_title":"Wordpress + Elementor ohjeet - Borg\u00e5 Akilles - Porvoon Akilles","og_description":"&lt;![CDATA[ WordPress + Elementor ohjeet (k\u00e4\u00e4nt\u00e4minen k\u00e4ynniss\u00e4) Kirjautuminen Osoite: http:\/\/94.237.33.215\/~akilles\/nyasida\/wp-admin\/ Jos sinulla on k\u00e4ytt\u00f6oikeudet useamman jaoston kotisivuilla, valitse oikea jaosto vasemmasta yl\u00e4kulmasta. \u00a0 Uuden sivun lis\u00e4\u00e4minen Valitse Sivut &gt; Lis\u00e4\u00e4 uusi vasemmasta laidasta 2. Kirjoita sivun otsikko 3. Paina julkaise (publish\/publicera) nappia oikessa yl\u00e4kulmassa kahteen kertaan 4. Paina Muokkaa Elementorilla nappia 4. Jos haluat sivulla [&hellip;]","og_url":"https:\/\/www.akilles.fi\/centralstyrelsen\/wordpress-elementor-instruktioner-2\/","og_site_name":"Borg\u00e5 Akilles - Porvoon Akilles","og_image":[{"url":"http:\/\/www.akilles.fi\/2\/wp-content\/uploads\/sites\/27\/2019\/01\/valjsektion-300x125.png","type":"","width":"","height":""}],"twitter_card":"summary_large_image","twitter_misc":{"Ber\u00e4knad l\u00e4stid":"2 minuter"},"schema":{"@context":"https:\/\/schema.org","@graph":[{"@type":"WebPage","@id":"https:\/\/www.akilles.fi\/centralstyrelsen\/wordpress-elementor-instruktioner-2\/","url":"https:\/\/www.akilles.fi\/centralstyrelsen\/wordpress-elementor-instruktioner-2\/","name":"Wordpress + Elementor ohjeet - Borg\u00e5 Akilles - Porvoon Akilles","isPartOf":{"@id":"https:\/\/www.akilles.fi\/centralstyrelsen\/#website"},"primaryImageOfPage":{"@id":"https:\/\/www.akilles.fi\/centralstyrelsen\/wordpress-elementor-instruktioner-2\/#primaryimage"},"image":{"@id":"https:\/\/www.akilles.fi\/centralstyrelsen\/wordpress-elementor-instruktioner-2\/#primaryimage"},"thumbnailUrl":"http:\/\/www.akilles.fi\/2\/wp-content\/uploads\/sites\/27\/2019\/01\/valjsektion-300x125.png","datePublished":"2019-01-29T09:27:14+00:00","breadcrumb":{"@id":"https:\/\/www.akilles.fi\/centralstyrelsen\/wordpress-elementor-instruktioner-2\/#breadcrumb"},"inLanguage":"sv-SE","potentialAction":[{"@type":"ReadAction","target":["https:\/\/www.akilles.fi\/centralstyrelsen\/wordpress-elementor-instruktioner-2\/"]}]},{"@type":"ImageObject","inLanguage":"sv-SE","@id":"https:\/\/www.akilles.fi\/centralstyrelsen\/wordpress-elementor-instruktioner-2\/#primaryimage","url":"http:\/\/www.akilles.fi\/2\/wp-content\/uploads\/sites\/27\/2019\/01\/valjsektion-300x125.png","contentUrl":"http:\/\/www.akilles.fi\/2\/wp-content\/uploads\/sites\/27\/2019\/01\/valjsektion-300x125.png"},{"@type":"BreadcrumbList","@id":"https:\/\/www.akilles.fi\/centralstyrelsen\/wordpress-elementor-instruktioner-2\/#breadcrumb","itemListElement":[{"@type":"ListItem","position":1,"name":"Home","item":"https:\/\/www.akilles.fi\/centralstyrelsen\/"},{"@type":"ListItem","position":2,"name":"WordPress + Elementor ohjeet"}]},{"@type":"WebSite","@id":"https:\/\/www.akilles.fi\/centralstyrelsen\/#website","url":"https:\/\/www.akilles.fi\/centralstyrelsen\/","name":"Borg\u00e5 Akilles - Porvoon Akilles","description":"Borg\u00e5 Akilles - Porvoon Akilles","potentialAction":[{"@type":"SearchAction","target":{"@type":"EntryPoint","urlTemplate":"https:\/\/www.akilles.fi\/centralstyrelsen\/?s={search_term_string}"},"query-input":{"@type":"PropertyValueSpecification","valueRequired":true,"valueName":"search_term_string"}}],"inLanguage":"sv-SE"}]}},"_links":{"self":[{"href":"https:\/\/www.akilles.fi\/centralstyrelsen\/wp-json\/wp\/v2\/pages\/858","targetHints":{"allow":["GET"]}}],"collection":[{"href":"https:\/\/www.akilles.fi\/centralstyrelsen\/wp-json\/wp\/v2\/pages"}],"about":[{"href":"https:\/\/www.akilles.fi\/centralstyrelsen\/wp-json\/wp\/v2\/types\/page"}],"author":[{"embeddable":true,"href":"https:\/\/www.akilles.fi\/centralstyrelsen\/wp-json\/wp\/v2\/users\/4"}],"replies":[{"embeddable":true,"href":"https:\/\/www.akilles.fi\/centralstyrelsen\/wp-json\/wp\/v2\/comments?post=858"}],"version-history":[{"count":0,"href":"https:\/\/www.akilles.fi\/centralstyrelsen\/wp-json\/wp\/v2\/pages\/858\/revisions"}],"wp:attachment":[{"href":"https:\/\/www.akilles.fi\/centralstyrelsen\/wp-json\/wp\/v2\/media?parent=858"}],"curies":[{"name":"wp","href":"https:\/\/api.w.org\/{rel}","templated":true}]}}