{"id":460,"date":"2019-01-28T16:43:54","date_gmt":"2019-01-28T16:43:54","guid":{"rendered":"http:\/\/94.237.33.215\/~akilles\/nyasida\/cykel\/?page_id=460"},"modified":"2025-04-08T10:24:08","modified_gmt":"2025-04-08T10:24:08","slug":"kontakt-yhteystiedot","status":"publish","type":"page","link":"https:\/\/www.akilles.fi\/cykel\/kontakt-yhteystiedot\/","title":{"rendered":"Kontakt &#8211; Yhteystiedot"},"content":{"rendered":"\n<details class=\"wp-block-details is-layout-flow wp-block-details-is-layout-flow\"><summary><\/summary>\n<h4>Puheenjohtaja &#8211; Ordf\u00f6rande<\/h4>\n<p>Tommi Kajasoja<br \/>tommi.kajasoja@gmail.com<\/p>\n<h4>Varapuheenjohtaja &#8211; Viceordf\u00f6rande<\/h4>\n<p>Mathias Hannus<br \/>050-376 0564<br \/>mathias.hannus(at)akilles.fi<\/p>\n<h4>Sihteeri &#8211; Sektreterare<\/h4>\n<p>P\u00e4ivi Karhu<br \/>040-596 1065<br \/>paivi.karhu(at)akilles.fi<\/p>\n<h4>Rahastonhoitaja &#8211; Kass\u00f6r<\/h4>\n<p>Susan Lindberg<\/p>\n<h4>J\u00e4senet &#8211; Medlemmar<\/h4>\n<p>Jonathan Ewalds<\/p>\n<p>Olli Lappalainen<\/p>\n<\/details>\n","protected":false},"excerpt":{"rendered":"","protected":false},"author":4,"featured_media":0,"parent":0,"menu_order":0,"comment_status":"closed","ping_status":"closed","template":"","meta":{"_crdt_document":"","footnotes":""},"class_list":["post-460","page","type-page","status-publish","hentry"],"yoast_head":"<!-- This site is optimized with the Yoast SEO plugin v26.8 - https:\/\/yoast.com\/product\/yoast-seo-wordpress\/ -->\n<title>Kontakt - Yhteystiedot - Cykel - Py\u00f6r\u00e4ily<\/title>\n<meta name=\"robots\" content=\"index, follow, max-snippet:-1, max-image-preview:large, max-video-preview:-1\" \/>\n<link rel=\"canonical\" href=\"https:\/\/www.akilles.fi\/cykel\/kontakt-yhteystiedot\/\" \/>\n<meta property=\"og:locale\" content=\"fi_FI\" \/>\n<meta property=\"og:type\" content=\"article\" \/>\n<meta property=\"og:title\" content=\"Kontakt - Yhteystiedot - Cykel - Py\u00f6r\u00e4ily\" \/>\n<meta property=\"og:url\" content=\"https:\/\/www.akilles.fi\/cykel\/kontakt-yhteystiedot\/\" \/>\n<meta property=\"og:site_name\" content=\"Cykel - Py\u00f6r\u00e4ily\" \/>\n<meta property=\"article:modified_time\" content=\"2025-04-08T10:24:08+00:00\" \/>\n<meta name=\"twitter:card\" content=\"summary_large_image\" \/>\n<meta name=\"twitter:label1\" content=\"Arvioitu lukuaika\" \/>\n\t<meta name=\"twitter:data1\" content=\"1 minuutti\" \/>\n<script type=\"application\/ld+json\" class=\"yoast-schema-graph\">{\"@context\":\"https:\/\/schema.org\",\"@graph\":[{\"@type\":\"WebPage\",\"@id\":\"https:\/\/www.akilles.fi\/cykel\/kontakt-yhteystiedot\/\",\"url\":\"https:\/\/www.akilles.fi\/cykel\/kontakt-yhteystiedot\/\",\"name\":\"Kontakt - Yhteystiedot - Cykel - Py\u00f6r\u00e4ily\",\"isPartOf\":{\"@id\":\"https:\/\/www.akilles.fi\/cykel\/#website\"},\"datePublished\":\"2019-01-28T16:43:54+00:00\",\"dateModified\":\"2025-04-08T10:24:08+00:00\",\"breadcrumb\":{\"@id\":\"https:\/\/www.akilles.fi\/cykel\/kontakt-yhteystiedot\/#breadcrumb\"},\"inLanguage\":\"fi\",\"potentialAction\":[{\"@type\":\"ReadAction\",\"target\":[\"https:\/\/www.akilles.fi\/cykel\/kontakt-yhteystiedot\/\"]}]},{\"@type\":\"BreadcrumbList\",\"@id\":\"https:\/\/www.akilles.fi\/cykel\/kontakt-yhteystiedot\/#breadcrumb\",\"itemListElement\":[{\"@type\":\"ListItem\",\"position\":1,\"name\":\"Home\",\"item\":\"https:\/\/www.akilles.fi\/cykel\/\"},{\"@type\":\"ListItem\",\"position\":2,\"name\":\"Kontakt &#8211; Yhteystiedot\"}]},{\"@type\":\"WebSite\",\"@id\":\"https:\/\/www.akilles.fi\/cykel\/#website\",\"url\":\"https:\/\/www.akilles.fi\/cykel\/\",\"name\":\"Cykel - Py\u00f6r\u00e4ily\",\"description\":\"Borg\u00e5 Akilles Cykel - Porvoon Akilles Py\u00f6r\u00e4ily\",\"potentialAction\":[{\"@type\":\"SearchAction\",\"target\":{\"@type\":\"EntryPoint\",\"urlTemplate\":\"https:\/\/www.akilles.fi\/cykel\/?s={search_term_string}\"},\"query-input\":{\"@type\":\"PropertyValueSpecification\",\"valueRequired\":true,\"valueName\":\"search_term_string\"}}],\"inLanguage\":\"fi\"}]}<\/script>\n<!-- \/ Yoast SEO plugin. -->","yoast_head_json":{"title":"Kontakt - Yhteystiedot - Cykel - Py\u00f6r\u00e4ily","robots":{"index":"index","follow":"follow","max-snippet":"max-snippet:-1","max-image-preview":"max-image-preview:large","max-video-preview":"max-video-preview:-1"},"canonical":"https:\/\/www.akilles.fi\/cykel\/kontakt-yhteystiedot\/","og_locale":"fi_FI","og_type":"article","og_title":"Kontakt - Yhteystiedot - Cykel - Py\u00f6r\u00e4ily","og_url":"https:\/\/www.akilles.fi\/cykel\/kontakt-yhteystiedot\/","og_site_name":"Cykel - Py\u00f6r\u00e4ily","article_modified_time":"2025-04-08T10:24:08+00:00","twitter_card":"summary_large_image","twitter_misc":{"Arvioitu lukuaika":"1 minuutti"},"schema":{"@context":"https:\/\/schema.org","@graph":[{"@type":"WebPage","@id":"https:\/\/www.akilles.fi\/cykel\/kontakt-yhteystiedot\/","url":"https:\/\/www.akilles.fi\/cykel\/kontakt-yhteystiedot\/","name":"Kontakt - Yhteystiedot - Cykel - Py\u00f6r\u00e4ily","isPartOf":{"@id":"https:\/\/www.akilles.fi\/cykel\/#website"},"datePublished":"2019-01-28T16:43:54+00:00","dateModified":"2025-04-08T10:24:08+00:00","breadcrumb":{"@id":"https:\/\/www.akilles.fi\/cykel\/kontakt-yhteystiedot\/#breadcrumb"},"inLanguage":"fi","potentialAction":[{"@type":"ReadAction","target":["https:\/\/www.akilles.fi\/cykel\/kontakt-yhteystiedot\/"]}]},{"@type":"BreadcrumbList","@id":"https:\/\/www.akilles.fi\/cykel\/kontakt-yhteystiedot\/#breadcrumb","itemListElement":[{"@type":"ListItem","position":1,"name":"Home","item":"https:\/\/www.akilles.fi\/cykel\/"},{"@type":"ListItem","position":2,"name":"Kontakt &#8211; Yhteystiedot"}]},{"@type":"WebSite","@id":"https:\/\/www.akilles.fi\/cykel\/#website","url":"https:\/\/www.akilles.fi\/cykel\/","name":"Cykel - Py\u00f6r\u00e4ily","description":"Borg\u00e5 Akilles Cykel - Porvoon Akilles Py\u00f6r\u00e4ily","potentialAction":[{"@type":"SearchAction","target":{"@type":"EntryPoint","urlTemplate":"https:\/\/www.akilles.fi\/cykel\/?s={search_term_string}"},"query-input":{"@type":"PropertyValueSpecification","valueRequired":true,"valueName":"search_term_string"}}],"inLanguage":"fi"}]}},"_links":{"self":[{"href":"https:\/\/www.akilles.fi\/cykel\/wp-json\/wp\/v2\/pages\/460","targetHints":{"allow":["GET"]}}],"collection":[{"href":"https:\/\/www.akilles.fi\/cykel\/wp-json\/wp\/v2\/pages"}],"about":[{"href":"https:\/\/www.akilles.fi\/cykel\/wp-json\/wp\/v2\/types\/page"}],"author":[{"embeddable":true,"href":"https:\/\/www.akilles.fi\/cykel\/wp-json\/wp\/v2\/users\/4"}],"replies":[{"embeddable":true,"href":"https:\/\/www.akilles.fi\/cykel\/wp-json\/wp\/v2\/comments?post=460"}],"version-history":[{"count":17,"href":"https:\/\/www.akilles.fi\/cykel\/wp-json\/wp\/v2\/pages\/460\/revisions"}],"predecessor-version":[{"id":651,"href":"https:\/\/www.akilles.fi\/cykel\/wp-json\/wp\/v2\/pages\/460\/revisions\/651"}],"wp:attachment":[{"href":"https:\/\/www.akilles.fi\/cykel\/wp-json\/wp\/v2\/media?parent=460"}],"curies":[{"name":"wp","href":"https:\/\/api.w.org\/{rel}","templated":true}]}}