{"id":5,"date":"2019-01-18T09:09:57","date_gmt":"2019-01-18T09:09:57","guid":{"rendered":"http:\/\/94.237.33.215\/~akilles\/nyasida\/cykel\/?page_id=5"},"modified":"2023-10-09T17:19:14","modified_gmt":"2023-10-09T17:19:14","slug":"cykel-pyoraily","status":"publish","type":"page","link":"https:\/\/www.akilles.fi\/cykel\/","title":{"rendered":"Cykel &#8211; Py\u00f6r\u00e4ily"},"content":{"rendered":"\t\t<div data-elementor-type=\"wp-post\" data-elementor-id=\"5\" class=\"elementor elementor-5\" data-elementor-post-type=\"page\">\n\t\t\t\t\t\t<section class=\"elementor-section elementor-top-section elementor-element elementor-element-a424092 elementor-section-boxed elementor-section-height-default elementor-section-height-default\" data-id=\"a424092\" data-element_type=\"section\">\n\t\t\t\t\t\t<div class=\"elementor-container elementor-column-gap-default\">\n\t\t\t\t\t<div class=\"elementor-column elementor-col-100 elementor-top-column elementor-element elementor-element-2a46af6\" data-id=\"2a46af6\" data-element_type=\"column\">\n\t\t\t<div class=\"elementor-widget-wrap elementor-element-populated\">\n\t\t\t\t\t\t<section class=\"elementor-section elementor-inner-section elementor-element elementor-element-cf7b108 elementor-section-boxed elementor-section-height-default elementor-section-height-default\" data-id=\"cf7b108\" data-element_type=\"section\">\n\t\t\t\t\t\t<div class=\"elementor-container elementor-column-gap-default\">\n\t\t\t\t\t<div class=\"elementor-column elementor-col-50 elementor-inner-column elementor-element elementor-element-254816c\" data-id=\"254816c\" data-element_type=\"column\">\n\t\t\t<div class=\"elementor-widget-wrap elementor-element-populated\">\n\t\t\t\t\t\t<div class=\"elementor-element elementor-element-a5d8162 elementor-widget elementor-widget-facebook-page\" data-id=\"a5d8162\" data-element_type=\"widget\" data-widget_type=\"facebook-page.default\">\n\t\t\t\t<div class=\"elementor-widget-container\">\n\t\t\t\t\t<div class=\"elementor-facebook-widget fb-page\" data-href=\"https:\/\/www.facebook.com\/akillesgreenteam\" data-tabs=\"timeline\" data-height=\"500px\" data-width=\"500px\" data-small-header=\"false\" data-hide-cover=\"false\" data-show-facepile=\"true\" data-hide-cta=\"false\" style=\"min-height: 1px;height:500px\"><\/div>\t\t\t\t<\/div>\n\t\t\t\t<\/div>\n\t\t\t\t\t<\/div>\n\t\t<\/div>\n\t\t\t\t<div class=\"elementor-column elementor-col-50 elementor-inner-column elementor-element elementor-element-db8171e\" data-id=\"db8171e\" data-element_type=\"column\">\n\t\t\t<div class=\"elementor-widget-wrap elementor-element-populated\">\n\t\t\t\t\t\t<div class=\"elementor-element elementor-element-2d8478e elementor-widget elementor-widget-text-editor\" data-id=\"2d8478e\" data-element_type=\"widget\" data-widget_type=\"text-editor.default\">\n\t\t\t\t<div class=\"elementor-widget-container\">\n\t\t\t\t\t\t\t\t\t<h1>Suomen johtava py\u00f6r\u00e4ilyseura<\/h1>\n<p>Porvoon Akilles on yksi maan vanhimmista ja perinteikk\u00e4immist\u00e4 yh\u00e4 toimivista py\u00f6r\u00e4ilyseuroista.<\/p>\n<p>Porvoon Akilles on perustettu vuonna 1902 ja sen py\u00f6r\u00e4jaosto vuonna 1911.&nbsp;Akilleen kiehtovaan ja lukuisia anekdootteja sis\u00e4lt\u00e4v\u00e4\u00e4n tarinaan p\u00e4\u00e4set tutustumaan historiaosiossamme.<\/p>\n<p>Porvoon Akilles &nbsp;on tuottanut kymmenitt\u00e4in suomalaisia huippuajajia. Akilleessa tehd\u00e4\u00e4n pitk\u00e4j\u00e4nteist\u00e4 ty\u00f6t\u00e4 seuran nostamiseksi&nbsp;tuloslistojen k\u00e4rkeen.<\/p>\n<p>Haluamme luoda suomalaiselle huippupy\u00f6r\u00e4ilylle kehitysalustan&nbsp;nuorten py\u00f6r\u00e4ilij\u00f6iden kehitt\u00e4miseksi aina&nbsp;ammattilaisuuteen saakka.<\/p>\n<p>Tulevana kautena 2024 tulemme panostamaan entist\u00e4 enemm\u00e4n lasten ja nuorten py\u00f6r\u00e4ilyharrastuksen kehitt\u00e4miseen ja tukemiseen. Haemme t\u00e4h\u00e4n tarkoitukseen my\u00f6s innokkaita henkil\u00f6it\u00e4 toimimaan toiminnan vet\u00e4jin\u00e4.&nbsp;<\/p>\n<p>Mik\u00e4li olet kiinnostunut liittym\u00e4\u00e4n seuraan niin ota rohkeasti yhteytt\u00e4 Jonathan Ewaldsiin (pj) tai P\u00e4ivi Karhu:un (sihteeri).<\/p>\t\t\t\t\t\t\t\t<\/div>\n\t\t\t\t<\/div>\n\t\t\t\t\t<\/div>\n\t\t<\/div>\n\t\t\t\t\t<\/div>\n\t\t<\/section>\n\t\t\t\t\t<\/div>\n\t\t<\/div>\n\t\t\t\t\t<\/div>\n\t\t<\/section>\n\t\t\t\t<\/div>\n\t\t","protected":false},"excerpt":{"rendered":"<p>Suomen johtava py\u00f6r\u00e4ilyseura Porvoon Akilles on yksi maan vanhimmista ja perinteikk\u00e4immist\u00e4 yh\u00e4 toimivista py\u00f6r\u00e4ilyseuroista. Porvoon Akilles on perustettu vuonna 1902 ja sen py\u00f6r\u00e4jaosto vuonna 1911.&nbsp;Akilleen kiehtovaan ja lukuisia anekdootteja sis\u00e4lt\u00e4v\u00e4\u00e4n tarinaan p\u00e4\u00e4set tutustumaan historiaosiossamme. Porvoon Akilles &nbsp;on tuottanut kymmenitt\u00e4in suomalaisia huippuajajia. Akilleessa tehd\u00e4\u00e4n pitk\u00e4j\u00e4nteist\u00e4 ty\u00f6t\u00e4 seuran nostamiseksi&nbsp;tuloslistojen k\u00e4rkeen. Haluamme luoda suomalaiselle huippupy\u00f6r\u00e4ilylle kehitysalustan&nbsp;nuorten py\u00f6r\u00e4ilij\u00f6iden kehitt\u00e4miseksi [&hellip;]<\/p>\n","protected":false},"author":4,"featured_media":0,"parent":0,"menu_order":0,"comment_status":"closed","ping_status":"closed","template":"","meta":{"_crdt_document":"","footnotes":""},"class_list":["post-5","page","type-page","status-publish","hentry"],"yoast_head":"<!-- This site is optimized with the Yoast SEO plugin v27.4 - https:\/\/yoast.com\/product\/yoast-seo-wordpress\/ -->\n<title>Cykel - Py\u00f6r\u00e4ily - Cykel - Py\u00f6r\u00e4ily<\/title>\n<meta name=\"robots\" content=\"index, follow, max-snippet:-1, max-image-preview:large, max-video-preview:-1\" \/>\n<link rel=\"canonical\" href=\"https:\/\/www.akilles.fi\/cykel\/\" \/>\n<meta property=\"og:locale\" content=\"fi_FI\" \/>\n<meta property=\"og:type\" content=\"article\" \/>\n<meta property=\"og:title\" content=\"Cykel - Py\u00f6r\u00e4ily - Cykel - Py\u00f6r\u00e4ily\" \/>\n<meta property=\"og:description\" content=\"Suomen johtava py\u00f6r\u00e4ilyseura Porvoon Akilles on yksi maan vanhimmista ja perinteikk\u00e4immist\u00e4 yh\u00e4 toimivista py\u00f6r\u00e4ilyseuroista. Porvoon Akilles on perustettu vuonna 1902 ja sen py\u00f6r\u00e4jaosto vuonna 1911.&nbsp;Akilleen kiehtovaan ja lukuisia anekdootteja sis\u00e4lt\u00e4v\u00e4\u00e4n tarinaan p\u00e4\u00e4set tutustumaan historiaosiossamme. Porvoon Akilles &nbsp;on tuottanut kymmenitt\u00e4in suomalaisia huippuajajia. Akilleessa tehd\u00e4\u00e4n pitk\u00e4j\u00e4nteist\u00e4 ty\u00f6t\u00e4 seuran nostamiseksi&nbsp;tuloslistojen k\u00e4rkeen. Haluamme luoda suomalaiselle huippupy\u00f6r\u00e4ilylle kehitysalustan&nbsp;nuorten py\u00f6r\u00e4ilij\u00f6iden kehitt\u00e4miseksi [&hellip;]\" \/>\n<meta property=\"og:url\" content=\"https:\/\/www.akilles.fi\/cykel\/\" \/>\n<meta property=\"og:site_name\" content=\"Cykel - Py\u00f6r\u00e4ily\" \/>\n<meta property=\"article:modified_time\" content=\"2023-10-09T17:19:14+00:00\" \/>\n<meta name=\"twitter:card\" content=\"summary_large_image\" \/>\n<meta name=\"twitter:label1\" content=\"Arvioitu lukuaika\" \/>\n\t<meta name=\"twitter:data1\" content=\"1 minuutti\" \/>\n<script type=\"application\/ld+json\" class=\"yoast-schema-graph\">{\"@context\":\"https:\\\/\\\/schema.org\",\"@graph\":[{\"@type\":\"WebPage\",\"@id\":\"https:\\\/\\\/www.akilles.fi\\\/cykel\\\/\",\"url\":\"https:\\\/\\\/www.akilles.fi\\\/cykel\\\/\",\"name\":\"Cykel - Py\u00f6r\u00e4ily - Cykel - Py\u00f6r\u00e4ily\",\"isPartOf\":{\"@id\":\"https:\\\/\\\/www.akilles.fi\\\/cykel\\\/#website\"},\"datePublished\":\"2019-01-18T09:09:57+00:00\",\"dateModified\":\"2023-10-09T17:19:14+00:00\",\"breadcrumb\":{\"@id\":\"https:\\\/\\\/www.akilles.fi\\\/cykel\\\/#breadcrumb\"},\"inLanguage\":\"fi\",\"potentialAction\":[{\"@type\":\"ReadAction\",\"target\":[\"https:\\\/\\\/www.akilles.fi\\\/cykel\\\/\"]}]},{\"@type\":\"BreadcrumbList\",\"@id\":\"https:\\\/\\\/www.akilles.fi\\\/cykel\\\/#breadcrumb\",\"itemListElement\":[{\"@type\":\"ListItem\",\"position\":1,\"name\":\"Home\",\"item\":\"https:\\\/\\\/www.akilles.fi\\\/cykel\\\/\"},{\"@type\":\"ListItem\",\"position\":2,\"name\":\"Cykel &#8211; Py\u00f6r\u00e4ily\"}]},{\"@type\":\"WebSite\",\"@id\":\"https:\\\/\\\/www.akilles.fi\\\/cykel\\\/#website\",\"url\":\"https:\\\/\\\/www.akilles.fi\\\/cykel\\\/\",\"name\":\"Cykel - Py\u00f6r\u00e4ily\",\"description\":\"Borg\u00e5 Akilles Cykel - Porvoon Akilles Py\u00f6r\u00e4ily\",\"potentialAction\":[{\"@type\":\"SearchAction\",\"target\":{\"@type\":\"EntryPoint\",\"urlTemplate\":\"https:\\\/\\\/www.akilles.fi\\\/cykel\\\/?s={search_term_string}\"},\"query-input\":{\"@type\":\"PropertyValueSpecification\",\"valueRequired\":true,\"valueName\":\"search_term_string\"}}],\"inLanguage\":\"fi\"}]}<\/script>\n<!-- \/ Yoast SEO plugin. -->","yoast_head_json":{"title":"Cykel - Py\u00f6r\u00e4ily - Cykel - Py\u00f6r\u00e4ily","robots":{"index":"index","follow":"follow","max-snippet":"max-snippet:-1","max-image-preview":"max-image-preview:large","max-video-preview":"max-video-preview:-1"},"canonical":"https:\/\/www.akilles.fi\/cykel\/","og_locale":"fi_FI","og_type":"article","og_title":"Cykel - Py\u00f6r\u00e4ily - Cykel - Py\u00f6r\u00e4ily","og_description":"Suomen johtava py\u00f6r\u00e4ilyseura Porvoon Akilles on yksi maan vanhimmista ja perinteikk\u00e4immist\u00e4 yh\u00e4 toimivista py\u00f6r\u00e4ilyseuroista. Porvoon Akilles on perustettu vuonna 1902 ja sen py\u00f6r\u00e4jaosto vuonna 1911.&nbsp;Akilleen kiehtovaan ja lukuisia anekdootteja sis\u00e4lt\u00e4v\u00e4\u00e4n tarinaan p\u00e4\u00e4set tutustumaan historiaosiossamme. Porvoon Akilles &nbsp;on tuottanut kymmenitt\u00e4in suomalaisia huippuajajia. Akilleessa tehd\u00e4\u00e4n pitk\u00e4j\u00e4nteist\u00e4 ty\u00f6t\u00e4 seuran nostamiseksi&nbsp;tuloslistojen k\u00e4rkeen. Haluamme luoda suomalaiselle huippupy\u00f6r\u00e4ilylle kehitysalustan&nbsp;nuorten py\u00f6r\u00e4ilij\u00f6iden kehitt\u00e4miseksi [&hellip;]","og_url":"https:\/\/www.akilles.fi\/cykel\/","og_site_name":"Cykel - Py\u00f6r\u00e4ily","article_modified_time":"2023-10-09T17:19:14+00:00","twitter_card":"summary_large_image","twitter_misc":{"Arvioitu lukuaika":"1 minuutti"},"schema":{"@context":"https:\/\/schema.org","@graph":[{"@type":"WebPage","@id":"https:\/\/www.akilles.fi\/cykel\/","url":"https:\/\/www.akilles.fi\/cykel\/","name":"Cykel - Py\u00f6r\u00e4ily - Cykel - Py\u00f6r\u00e4ily","isPartOf":{"@id":"https:\/\/www.akilles.fi\/cykel\/#website"},"datePublished":"2019-01-18T09:09:57+00:00","dateModified":"2023-10-09T17:19:14+00:00","breadcrumb":{"@id":"https:\/\/www.akilles.fi\/cykel\/#breadcrumb"},"inLanguage":"fi","potentialAction":[{"@type":"ReadAction","target":["https:\/\/www.akilles.fi\/cykel\/"]}]},{"@type":"BreadcrumbList","@id":"https:\/\/www.akilles.fi\/cykel\/#breadcrumb","itemListElement":[{"@type":"ListItem","position":1,"name":"Home","item":"https:\/\/www.akilles.fi\/cykel\/"},{"@type":"ListItem","position":2,"name":"Cykel &#8211; Py\u00f6r\u00e4ily"}]},{"@type":"WebSite","@id":"https:\/\/www.akilles.fi\/cykel\/#website","url":"https:\/\/www.akilles.fi\/cykel\/","name":"Cykel - Py\u00f6r\u00e4ily","description":"Borg\u00e5 Akilles Cykel - Porvoon Akilles Py\u00f6r\u00e4ily","potentialAction":[{"@type":"SearchAction","target":{"@type":"EntryPoint","urlTemplate":"https:\/\/www.akilles.fi\/cykel\/?s={search_term_string}"},"query-input":{"@type":"PropertyValueSpecification","valueRequired":true,"valueName":"search_term_string"}}],"inLanguage":"fi"}]}},"_links":{"self":[{"href":"https:\/\/www.akilles.fi\/cykel\/wp-json\/wp\/v2\/pages\/5","targetHints":{"allow":["GET"]}}],"collection":[{"href":"https:\/\/www.akilles.fi\/cykel\/wp-json\/wp\/v2\/pages"}],"about":[{"href":"https:\/\/www.akilles.fi\/cykel\/wp-json\/wp\/v2\/types\/page"}],"author":[{"embeddable":true,"href":"https:\/\/www.akilles.fi\/cykel\/wp-json\/wp\/v2\/users\/4"}],"replies":[{"embeddable":true,"href":"https:\/\/www.akilles.fi\/cykel\/wp-json\/wp\/v2\/comments?post=5"}],"version-history":[{"count":16,"href":"https:\/\/www.akilles.fi\/cykel\/wp-json\/wp\/v2\/pages\/5\/revisions"}],"predecessor-version":[{"id":565,"href":"https:\/\/www.akilles.fi\/cykel\/wp-json\/wp\/v2\/pages\/5\/revisions\/565"}],"wp:attachment":[{"href":"https:\/\/www.akilles.fi\/cykel\/wp-json\/wp\/v2\/media?parent=5"}],"curies":[{"name":"wp","href":"https:\/\/api.w.org\/{rel}","templated":true}]}}