{"id":513,"date":"2020-04-07T16:14:09","date_gmt":"2020-04-07T16:14:09","guid":{"rendered":"http:\/\/www.akilles.fi\/cykel\/?page_id=513"},"modified":"2023-10-09T18:19:23","modified_gmt":"2023-10-09T18:19:23","slug":"cykelskolafillarikoulu","status":"publish","type":"page","link":"https:\/\/www.akilles.fi\/cykel\/cykelskolafillarikoulu\/","title":{"rendered":"Cykelskola &#8211; Fillarikoulu"},"content":{"rendered":"\t\t<div data-elementor-type=\"wp-page\" data-elementor-id=\"513\" class=\"elementor elementor-513\" data-elementor-post-type=\"page\">\n\t\t\t\t\t\t<section class=\"elementor-section elementor-top-section elementor-element elementor-element-bcdf9e7 elementor-section-boxed elementor-section-height-default elementor-section-height-default\" data-id=\"bcdf9e7\" data-element_type=\"section\">\n\t\t\t\t\t\t<div class=\"elementor-container elementor-column-gap-default\">\n\t\t\t\t\t<div class=\"elementor-column elementor-col-100 elementor-top-column elementor-element elementor-element-4c4aca7\" data-id=\"4c4aca7\" data-element_type=\"column\">\n\t\t\t<div class=\"elementor-widget-wrap elementor-element-populated\">\n\t\t\t\t\t\t<section class=\"elementor-section elementor-inner-section elementor-element elementor-element-341c28e elementor-section-boxed elementor-section-height-default elementor-section-height-default\" data-id=\"341c28e\" data-element_type=\"section\">\n\t\t\t\t\t\t<div class=\"elementor-container elementor-column-gap-default\">\n\t\t\t\t\t<div class=\"elementor-column elementor-col-50 elementor-inner-column elementor-element elementor-element-0b42e6e\" data-id=\"0b42e6e\" data-element_type=\"column\">\n\t\t\t<div class=\"elementor-widget-wrap elementor-element-populated\">\n\t\t\t\t\t\t<div class=\"elementor-element elementor-element-19eecbe elementor-widget elementor-widget-text-editor\" data-id=\"19eecbe\" data-element_type=\"widget\" data-widget_type=\"text-editor.default\">\n\t\t\t\t<div class=\"elementor-widget-container\">\n\t\t\t\t\t\t\t\t\t<div class=\"xdj266r x11i5rnm xat24cr x1mh8g0r x1vvkbs x126k92a\"><h2 dir=\"auto\">Porvoon Energian Maastopy\u00f6r\u00e4ryhm\u00e4 lapsille ja nuorille<\/h2><\/div><div class=\"x11i5rnm xat24cr x1mh8g0r x1vvkbs xtlvy1s x126k92a\"><div dir=\"auto\">Akilleen py\u00f6r\u00e4ilyjaosto k\u00e4ynnisti lapsille ja nuorille suunnatun maastopy\u00f6r\u00e4ryhm\u00e4n kes\u00e4kuussa 2021. Ryhm\u00e4 jatkaa my\u00f6s syksyll\u00e4 2023.<\/div><div dir=\"auto\">\u00a0<\/div><\/div><div class=\"x11i5rnm xat24cr x1mh8g0r x1vvkbs xtlvy1s x126k92a\"><div dir=\"auto\">Py\u00f6r\u00e4ryhm\u00e4n tavoitteena on lenkkeill\u00e4 maastossa yhdess\u00e4 ja samalla opetella maastopy\u00f6r\u00e4ilyyn tarvittavaa py\u00f6r\u00e4n hallintaa ja haastavampaa teknist\u00e4 ajamista. Ryhm\u00e4n vet\u00e4jin\u00e4 toimivat Akilles Green Teamin kokeneet kilpapy\u00f6r\u00e4ilij\u00e4t.<\/div><div dir=\"auto\">\u00a0<\/div><div dir=\"auto\">Ryhm\u00e4n ik\u00e4suositus on 9-14v ja toivomme ett\u00e4 lapsella on py\u00f6r\u00e4ilyn perustaidot hallussa. Kyp\u00e4r\u00e4 on v\u00e4ltt\u00e4m\u00e4t\u00f6n ja suosittelemme k\u00e4ytt\u00e4m\u00e4\u00e4n my\u00f6s ajolaseja ja -hanskoja. Osallistujilla tulisi olla maastoon soveltuvaa py\u00f6r\u00e4\u00e4. Vanhemmat ovat tervetulleet mukaan.<\/div><div dir=\"auto\">\u00a0<\/div><div dir=\"auto\">Lenkkimaastoina toimivat Porvoon keskustan l\u00e4himets\u00e4t kuten Joonaanm\u00e4ki, Humla, Hornhattula, Kokonniemi ja Hamari.<\/div><\/div><div class=\"x11i5rnm xat24cr x1mh8g0r x1vvkbs xtlvy1s x126k92a\"><div dir=\"auto\">\u00a0<\/div><div dir=\"auto\">Kokoontuminen maanantaisin 4.9 alkaen kello 17.00 ja kesto 1h-1.5h<\/div><div dir=\"auto\">\u00a0<\/div><div dir=\"auto\">Maastopy\u00f6r\u00e4ryhm\u00e4n mahdollistaa Porvoon Energia ja on ilmainen kaikille Akilles j\u00e4senille. Alle 15 vuotiaiden vuosij\u00e4senyys on 10\u20ac<\/div><\/div><div class=\"x11i5rnm xat24cr x1mh8g0r x1vvkbs xtlvy1s x126k92a\"><div dir=\"auto\">\u00a0<\/div><div dir=\"auto\">Ilmoittautumiset ja yhteydenotot s\u00e4hk\u00f6postitse osoitteeseen jonathan.ewalds@akilles.fi Ryhm\u00e4\u00e4n mahtuu 20 osallistujaa. Tarkempi info l\u00e4hetet\u00e4\u00e4n ilmoittautuneille.<\/div><div dir=\"auto\">Tervetuloa mukaan!<\/div><div dir=\"auto\">\u00a0<\/div><h4>Fillarikoulu jatkuu my\u00f6s kev\u00e4\u00e4ll\u00e4 2024!<\/h4><\/div>\t\t\t\t\t\t\t\t<\/div>\n\t\t\t\t<\/div>\n\t\t\t\t\t<\/div>\n\t\t<\/div>\n\t\t\t\t<div class=\"elementor-column elementor-col-50 elementor-inner-column elementor-element elementor-element-cccc9db\" data-id=\"cccc9db\" data-element_type=\"column\">\n\t\t\t<div class=\"elementor-widget-wrap elementor-element-populated\">\n\t\t\t\t\t\t<div class=\"elementor-element elementor-element-c30ee90 elementor-widget elementor-widget-image\" data-id=\"c30ee90\" data-element_type=\"widget\" data-widget_type=\"image.default\">\n\t\t\t\t<div class=\"elementor-widget-container\">\n\t\t\t\t\t\t\t\t\t\t\t\t\t\t\t<img fetchpriority=\"high\" decoding=\"async\" width=\"768\" height=\"1024\" src=\"https:\/\/www.akilles.fi\/cykel\/wp-content\/uploads\/sites\/25\/2023\/10\/IMG_20231009_174041-768x1024.jpg\" class=\"attachment-large size-large wp-image-576\" alt=\"Py\u00f6r\u00e4ilykoulu - cykelskola\" srcset=\"https:\/\/www.akilles.fi\/cykel\/wp-content\/uploads\/sites\/25\/2023\/10\/IMG_20231009_174041-768x1024.jpg 768w, https:\/\/www.akilles.fi\/cykel\/wp-content\/uploads\/sites\/25\/2023\/10\/IMG_20231009_174041-225x300.jpg 225w, https:\/\/www.akilles.fi\/cykel\/wp-content\/uploads\/sites\/25\/2023\/10\/IMG_20231009_174041-1152x1536.jpg 1152w, https:\/\/www.akilles.fi\/cykel\/wp-content\/uploads\/sites\/25\/2023\/10\/IMG_20231009_174041-1536x2048.jpg 1536w, https:\/\/www.akilles.fi\/cykel\/wp-content\/uploads\/sites\/25\/2023\/10\/IMG_20231009_174041-scaled.jpg 1920w\" sizes=\"(max-width: 768px) 100vw, 768px\" \/>\t\t\t\t\t\t\t\t\t\t\t\t\t\t\t<\/div>\n\t\t\t\t<\/div>\n\t\t\t\t\t<\/div>\n\t\t<\/div>\n\t\t\t\t\t<\/div>\n\t\t<\/section>\n\t\t\t\t\t<\/div>\n\t\t<\/div>\n\t\t\t\t\t<\/div>\n\t\t<\/section>\n\t\t\t\t<section class=\"elementor-section elementor-top-section elementor-element elementor-element-39a64f5 elementor-section-boxed elementor-section-height-default elementor-section-height-default\" data-id=\"39a64f5\" data-element_type=\"section\">\n\t\t\t\t\t\t<div class=\"elementor-container elementor-column-gap-default\">\n\t\t\t\t\t<div class=\"elementor-column elementor-col-100 elementor-top-column elementor-element elementor-element-4b07003\" data-id=\"4b07003\" data-element_type=\"column\">\n\t\t\t<div class=\"elementor-widget-wrap elementor-element-populated\">\n\t\t\t\t\t\t<div class=\"elementor-element elementor-element-4825f28 elementor-widget elementor-widget-image\" data-id=\"4825f28\" data-element_type=\"widget\" data-widget_type=\"image.default\">\n\t\t\t\t<div class=\"elementor-widget-container\">\n\t\t\t\t\t\t\t\t\t\t\t\t\t\t\t<img decoding=\"async\" src=\"https:\/\/pbe.fi\/wp-content\/themes\/porvoonenergia\/assets\/images\/porvoon-energia.svg\" title=\"\" alt=\"Porvoon Energia - Borg\u00e5 Energi\" loading=\"lazy\" \/>\t\t\t\t\t\t\t\t\t\t\t\t\t\t\t<\/div>\n\t\t\t\t<\/div>\n\t\t\t\t\t<\/div>\n\t\t<\/div>\n\t\t\t\t\t<\/div>\n\t\t<\/section>\n\t\t\t\t<\/div>\n\t\t","protected":false},"excerpt":{"rendered":"<p>Porvoon Energian Maastopy\u00f6r\u00e4ryhm\u00e4 lapsille ja nuorille Akilleen py\u00f6r\u00e4ilyjaosto k\u00e4ynnisti lapsille ja nuorille suunnatun maastopy\u00f6r\u00e4ryhm\u00e4n kes\u00e4kuussa 2021. Ryhm\u00e4 jatkaa my\u00f6s syksyll\u00e4 2023.&nbsp;Py\u00f6r\u00e4ryhm\u00e4n tavoitteena on lenkkeill\u00e4 maastossa yhdess\u00e4 ja samalla opetella maastopy\u00f6r\u00e4ilyyn tarvittavaa py\u00f6r\u00e4n hallintaa ja haastavampaa teknist\u00e4 ajamista. Ryhm\u00e4n vet\u00e4jin\u00e4 toimivat Akilles Green Teamin kokeneet kilpapy\u00f6r\u00e4ilij\u00e4t.&nbsp;Ryhm\u00e4n ik\u00e4suositus on 9-14v ja toivomme ett\u00e4 lapsella on py\u00f6r\u00e4ilyn perustaidot [&hellip;]<\/p>\n","protected":false},"author":8,"featured_media":0,"parent":0,"menu_order":0,"comment_status":"closed","ping_status":"closed","template":"","meta":{"_crdt_document":"","footnotes":""},"class_list":["post-513","page","type-page","status-publish","hentry"],"yoast_head":"<!-- This site is optimized with the Yoast SEO plugin v26.8 - https:\/\/yoast.com\/product\/yoast-seo-wordpress\/ -->\n<title>Cykelskola - Fillarikoulu - Cykel - Py\u00f6r\u00e4ily<\/title>\n<meta name=\"robots\" content=\"index, follow, max-snippet:-1, max-image-preview:large, max-video-preview:-1\" \/>\n<link rel=\"canonical\" href=\"https:\/\/www.akilles.fi\/cykel\/cykelskolafillarikoulu\/\" \/>\n<meta property=\"og:locale\" content=\"fi_FI\" \/>\n<meta property=\"og:type\" content=\"article\" \/>\n<meta property=\"og:title\" content=\"Cykelskola - Fillarikoulu - Cykel - Py\u00f6r\u00e4ily\" \/>\n<meta property=\"og:description\" content=\"Porvoon Energian Maastopy\u00f6r\u00e4ryhm\u00e4 lapsille ja nuorille Akilleen py\u00f6r\u00e4ilyjaosto k\u00e4ynnisti lapsille ja nuorille suunnatun maastopy\u00f6r\u00e4ryhm\u00e4n kes\u00e4kuussa 2021. Ryhm\u00e4 jatkaa my\u00f6s syksyll\u00e4 2023.&nbsp;Py\u00f6r\u00e4ryhm\u00e4n tavoitteena on lenkkeill\u00e4 maastossa yhdess\u00e4 ja samalla opetella maastopy\u00f6r\u00e4ilyyn tarvittavaa py\u00f6r\u00e4n hallintaa ja haastavampaa teknist\u00e4 ajamista. Ryhm\u00e4n vet\u00e4jin\u00e4 toimivat Akilles Green Teamin kokeneet kilpapy\u00f6r\u00e4ilij\u00e4t.&nbsp;Ryhm\u00e4n ik\u00e4suositus on 9-14v ja toivomme ett\u00e4 lapsella on py\u00f6r\u00e4ilyn perustaidot [&hellip;]\" \/>\n<meta property=\"og:url\" content=\"https:\/\/www.akilles.fi\/cykel\/cykelskolafillarikoulu\/\" \/>\n<meta property=\"og:site_name\" content=\"Cykel - Py\u00f6r\u00e4ily\" \/>\n<meta property=\"article:modified_time\" content=\"2023-10-09T18:19:23+00:00\" \/>\n<meta property=\"og:image\" content=\"http:\/\/www.akilles.fi\/cykel\/wp-content\/uploads\/sites\/25\/2023\/10\/IMG_20231009_174041-768x1024.jpg\" \/>\n<meta name=\"twitter:card\" content=\"summary_large_image\" \/>\n<meta name=\"twitter:label1\" content=\"Arvioitu lukuaika\" \/>\n\t<meta name=\"twitter:data1\" content=\"2 minuuttia\" \/>\n<script type=\"application\/ld+json\" class=\"yoast-schema-graph\">{\"@context\":\"https:\/\/schema.org\",\"@graph\":[{\"@type\":\"WebPage\",\"@id\":\"https:\/\/www.akilles.fi\/cykel\/cykelskolafillarikoulu\/\",\"url\":\"https:\/\/www.akilles.fi\/cykel\/cykelskolafillarikoulu\/\",\"name\":\"Cykelskola - Fillarikoulu - Cykel - Py\u00f6r\u00e4ily\",\"isPartOf\":{\"@id\":\"https:\/\/www.akilles.fi\/cykel\/#website\"},\"primaryImageOfPage\":{\"@id\":\"https:\/\/www.akilles.fi\/cykel\/cykelskolafillarikoulu\/#primaryimage\"},\"image\":{\"@id\":\"https:\/\/www.akilles.fi\/cykel\/cykelskolafillarikoulu\/#primaryimage\"},\"thumbnailUrl\":\"http:\/\/www.akilles.fi\/cykel\/wp-content\/uploads\/sites\/25\/2023\/10\/IMG_20231009_174041-768x1024.jpg\",\"datePublished\":\"2020-04-07T16:14:09+00:00\",\"dateModified\":\"2023-10-09T18:19:23+00:00\",\"breadcrumb\":{\"@id\":\"https:\/\/www.akilles.fi\/cykel\/cykelskolafillarikoulu\/#breadcrumb\"},\"inLanguage\":\"fi\",\"potentialAction\":[{\"@type\":\"ReadAction\",\"target\":[\"https:\/\/www.akilles.fi\/cykel\/cykelskolafillarikoulu\/\"]}]},{\"@type\":\"ImageObject\",\"inLanguage\":\"fi\",\"@id\":\"https:\/\/www.akilles.fi\/cykel\/cykelskolafillarikoulu\/#primaryimage\",\"url\":\"http:\/\/www.akilles.fi\/cykel\/wp-content\/uploads\/sites\/25\/2023\/10\/IMG_20231009_174041-768x1024.jpg\",\"contentUrl\":\"http:\/\/www.akilles.fi\/cykel\/wp-content\/uploads\/sites\/25\/2023\/10\/IMG_20231009_174041-768x1024.jpg\"},{\"@type\":\"BreadcrumbList\",\"@id\":\"https:\/\/www.akilles.fi\/cykel\/cykelskolafillarikoulu\/#breadcrumb\",\"itemListElement\":[{\"@type\":\"ListItem\",\"position\":1,\"name\":\"Home\",\"item\":\"https:\/\/www.akilles.fi\/cykel\/\"},{\"@type\":\"ListItem\",\"position\":2,\"name\":\"Cykelskola &#8211; Fillarikoulu\"}]},{\"@type\":\"WebSite\",\"@id\":\"https:\/\/www.akilles.fi\/cykel\/#website\",\"url\":\"https:\/\/www.akilles.fi\/cykel\/\",\"name\":\"Cykel - Py\u00f6r\u00e4ily\",\"description\":\"Borg\u00e5 Akilles Cykel - Porvoon Akilles Py\u00f6r\u00e4ily\",\"potentialAction\":[{\"@type\":\"SearchAction\",\"target\":{\"@type\":\"EntryPoint\",\"urlTemplate\":\"https:\/\/www.akilles.fi\/cykel\/?s={search_term_string}\"},\"query-input\":{\"@type\":\"PropertyValueSpecification\",\"valueRequired\":true,\"valueName\":\"search_term_string\"}}],\"inLanguage\":\"fi\"}]}<\/script>\n<!-- \/ Yoast SEO plugin. -->","yoast_head_json":{"title":"Cykelskola - Fillarikoulu - Cykel - Py\u00f6r\u00e4ily","robots":{"index":"index","follow":"follow","max-snippet":"max-snippet:-1","max-image-preview":"max-image-preview:large","max-video-preview":"max-video-preview:-1"},"canonical":"https:\/\/www.akilles.fi\/cykel\/cykelskolafillarikoulu\/","og_locale":"fi_FI","og_type":"article","og_title":"Cykelskola - Fillarikoulu - Cykel - Py\u00f6r\u00e4ily","og_description":"Porvoon Energian Maastopy\u00f6r\u00e4ryhm\u00e4 lapsille ja nuorille Akilleen py\u00f6r\u00e4ilyjaosto k\u00e4ynnisti lapsille ja nuorille suunnatun maastopy\u00f6r\u00e4ryhm\u00e4n kes\u00e4kuussa 2021. Ryhm\u00e4 jatkaa my\u00f6s syksyll\u00e4 2023.&nbsp;Py\u00f6r\u00e4ryhm\u00e4n tavoitteena on lenkkeill\u00e4 maastossa yhdess\u00e4 ja samalla opetella maastopy\u00f6r\u00e4ilyyn tarvittavaa py\u00f6r\u00e4n hallintaa ja haastavampaa teknist\u00e4 ajamista. Ryhm\u00e4n vet\u00e4jin\u00e4 toimivat Akilles Green Teamin kokeneet kilpapy\u00f6r\u00e4ilij\u00e4t.&nbsp;Ryhm\u00e4n ik\u00e4suositus on 9-14v ja toivomme ett\u00e4 lapsella on py\u00f6r\u00e4ilyn perustaidot [&hellip;]","og_url":"https:\/\/www.akilles.fi\/cykel\/cykelskolafillarikoulu\/","og_site_name":"Cykel - Py\u00f6r\u00e4ily","article_modified_time":"2023-10-09T18:19:23+00:00","og_image":[{"url":"http:\/\/www.akilles.fi\/cykel\/wp-content\/uploads\/sites\/25\/2023\/10\/IMG_20231009_174041-768x1024.jpg","type":"","width":"","height":""}],"twitter_card":"summary_large_image","twitter_misc":{"Arvioitu lukuaika":"2 minuuttia"},"schema":{"@context":"https:\/\/schema.org","@graph":[{"@type":"WebPage","@id":"https:\/\/www.akilles.fi\/cykel\/cykelskolafillarikoulu\/","url":"https:\/\/www.akilles.fi\/cykel\/cykelskolafillarikoulu\/","name":"Cykelskola - Fillarikoulu - Cykel - Py\u00f6r\u00e4ily","isPartOf":{"@id":"https:\/\/www.akilles.fi\/cykel\/#website"},"primaryImageOfPage":{"@id":"https:\/\/www.akilles.fi\/cykel\/cykelskolafillarikoulu\/#primaryimage"},"image":{"@id":"https:\/\/www.akilles.fi\/cykel\/cykelskolafillarikoulu\/#primaryimage"},"thumbnailUrl":"http:\/\/www.akilles.fi\/cykel\/wp-content\/uploads\/sites\/25\/2023\/10\/IMG_20231009_174041-768x1024.jpg","datePublished":"2020-04-07T16:14:09+00:00","dateModified":"2023-10-09T18:19:23+00:00","breadcrumb":{"@id":"https:\/\/www.akilles.fi\/cykel\/cykelskolafillarikoulu\/#breadcrumb"},"inLanguage":"fi","potentialAction":[{"@type":"ReadAction","target":["https:\/\/www.akilles.fi\/cykel\/cykelskolafillarikoulu\/"]}]},{"@type":"ImageObject","inLanguage":"fi","@id":"https:\/\/www.akilles.fi\/cykel\/cykelskolafillarikoulu\/#primaryimage","url":"http:\/\/www.akilles.fi\/cykel\/wp-content\/uploads\/sites\/25\/2023\/10\/IMG_20231009_174041-768x1024.jpg","contentUrl":"http:\/\/www.akilles.fi\/cykel\/wp-content\/uploads\/sites\/25\/2023\/10\/IMG_20231009_174041-768x1024.jpg"},{"@type":"BreadcrumbList","@id":"https:\/\/www.akilles.fi\/cykel\/cykelskolafillarikoulu\/#breadcrumb","itemListElement":[{"@type":"ListItem","position":1,"name":"Home","item":"https:\/\/www.akilles.fi\/cykel\/"},{"@type":"ListItem","position":2,"name":"Cykelskola &#8211; Fillarikoulu"}]},{"@type":"WebSite","@id":"https:\/\/www.akilles.fi\/cykel\/#website","url":"https:\/\/www.akilles.fi\/cykel\/","name":"Cykel - Py\u00f6r\u00e4ily","description":"Borg\u00e5 Akilles Cykel - Porvoon Akilles Py\u00f6r\u00e4ily","potentialAction":[{"@type":"SearchAction","target":{"@type":"EntryPoint","urlTemplate":"https:\/\/www.akilles.fi\/cykel\/?s={search_term_string}"},"query-input":{"@type":"PropertyValueSpecification","valueRequired":true,"valueName":"search_term_string"}}],"inLanguage":"fi"}]}},"_links":{"self":[{"href":"https:\/\/www.akilles.fi\/cykel\/wp-json\/wp\/v2\/pages\/513","targetHints":{"allow":["GET"]}}],"collection":[{"href":"https:\/\/www.akilles.fi\/cykel\/wp-json\/wp\/v2\/pages"}],"about":[{"href":"https:\/\/www.akilles.fi\/cykel\/wp-json\/wp\/v2\/types\/page"}],"author":[{"embeddable":true,"href":"https:\/\/www.akilles.fi\/cykel\/wp-json\/wp\/v2\/users\/8"}],"replies":[{"embeddable":true,"href":"https:\/\/www.akilles.fi\/cykel\/wp-json\/wp\/v2\/comments?post=513"}],"version-history":[{"count":16,"href":"https:\/\/www.akilles.fi\/cykel\/wp-json\/wp\/v2\/pages\/513\/revisions"}],"predecessor-version":[{"id":622,"href":"https:\/\/www.akilles.fi\/cykel\/wp-json\/wp\/v2\/pages\/513\/revisions\/622"}],"wp:attachment":[{"href":"https:\/\/www.akilles.fi\/cykel\/wp-json\/wp\/v2\/media?parent=513"}],"curies":[{"name":"wp","href":"https:\/\/api.w.org\/{rel}","templated":true}]}}