{"id":2267,"date":"2025-10-11T17:05:37","date_gmt":"2025-10-11T17:05:37","guid":{"rendered":"https:\/\/www.akilles.fi\/fotboll\/?page_id=2267"},"modified":"2025-10-11T17:07:35","modified_gmt":"2025-10-11T17:07:35","slug":"p2020","status":"publish","type":"page","link":"https:\/\/www.akilles.fi\/fotboll\/p2020\/","title":{"rendered":"P2020"},"content":{"rendered":"\t\t<div data-elementor-type=\"wp-page\" data-elementor-id=\"2267\" class=\"elementor elementor-2267\" data-elementor-post-type=\"page\">\n\t\t\t\t\t\t<section class=\"elementor-section elementor-top-section elementor-element elementor-element-1e92aeb elementor-section-boxed elementor-section-height-default elementor-section-height-default\" data-id=\"1e92aeb\" data-element_type=\"section\">\n\t\t\t\t\t\t<div class=\"elementor-container elementor-column-gap-default\">\n\t\t\t\t\t<div class=\"elementor-column elementor-col-100 elementor-top-column elementor-element elementor-element-024609a\" data-id=\"024609a\" data-element_type=\"column\">\n\t\t\t<div class=\"elementor-widget-wrap elementor-element-populated\">\n\t\t\t\t\t\t<div class=\"elementor-element elementor-element-0c361bc elementor-widget elementor-widget-heading\" data-id=\"0c361bc\" data-element_type=\"widget\" data-widget_type=\"heading.default\">\n\t\t\t\t<div class=\"elementor-widget-container\">\n\t\t\t\t\t<h2 class=\"elementor-heading-title elementor-size-default\">P2020<\/h2>\t\t\t\t<\/div>\n\t\t\t\t<\/div>\n\t\t\t\t<div class=\"elementor-element elementor-element-25c14c3 elementor-widget elementor-widget-text-editor\" data-id=\"25c14c3\" data-element_type=\"widget\" data-widget_type=\"text-editor.default\">\n\t\t\t\t<div class=\"elementor-widget-container\">\n\t\t\t\t\t\t\t\t\t<p>Akilles pojkar 2020 inledde sin verksamhet p\u00e5 v\u00e5ren 2025. V\u00e5r str\u00e4van \u00e4r att verksamheten \u00e4r v\u00e4lorganiserad, lekfull och att barnen l\u00e4r sig att fungera i grupp. Vi tr\u00e4nar en g\u00e5ng i veckan.Tr\u00e4ningen best\u00e5r av lekar, stafetter och \u00f6vningar som utvecklar r\u00f6rlighet, balans och grundmotoriska f\u00e4rdigheter.<\/p><p>Enkla \u00f6vningar med boll samt spel \u00e4r en central del av tr\u00e4ningen. V\u00e5r str\u00e4van \u00e4r att barnen trivs och k\u00e4nner gl\u00e4dje i samband med tr\u00e4ningen, vilket \u00f6kar motivationen och intresset f\u00f6r fotboll p\u00e5 sikt.<\/p><p>P2020 deltar inte \u00e4nnu i seriespel, men vi kommer att spela tr\u00e4ningsmatcher under s\u00e4songen.<\/p>\t\t\t\t\t\t\t\t<\/div>\n\t\t\t\t<\/div>\n\t\t\t\t<div class=\"elementor-element elementor-element-1e1ef8b elementor-widget-divider--view-line elementor-widget elementor-widget-divider\" data-id=\"1e1ef8b\" data-element_type=\"widget\" data-widget_type=\"divider.default\">\n\t\t\t\t<div class=\"elementor-widget-container\">\n\t\t\t\t\t\t\t<div class=\"elementor-divider\">\n\t\t\t<span class=\"elementor-divider-separator\">\n\t\t\t\t\t\t<\/span>\n\t\t<\/div>\n\t\t\t\t\t\t<\/div>\n\t\t\t\t<\/div>\n\t\t\t\t<div class=\"elementor-element elementor-element-aef5e29 elementor-widget elementor-widget-text-editor\" data-id=\"aef5e29\" data-element_type=\"widget\" data-widget_type=\"text-editor.default\">\n\t\t\t\t<div class=\"elementor-widget-container\">\n\t\t\t\t\t\t\t\t\t<p>Akilles pojat 2020 aloitti toimintansa kev\u00e4\u00e4ll\u00e4 2025. Pyrimme siihen ett\u00e4 toiminta on hyvin organisoitu, leikkimielinen ja ett\u00e4 lapset oppivat toimimaan ryhm\u00e4ss\u00e4. Harjoittelemme kerran viikossa.<\/p><p>Harjoittelu perustuu leikkeihin, viesteihin jotka kehitt\u00e4v\u00e4t liikkuvuutta, motoriikkaa sek\u00e4 tasapainoa.<\/p><p>Yksinkertaiset harjoitteet pallon kanssa sek\u00e4 erilaiset pelit ovat keskeinen osa harjoittelua. Pyrkimyksen\u00e4 on saada lapset innostumaan, viihtym\u00e4\u00e4n ja tuntea iloa harjoituksissa, mik\u00e4 vaikuttaa positiivisesti motivaatioon pidemm\u00e4ll\u00e4 aikav\u00e4lill\u00e4.<\/p><p>P2020 ei osallistu sarjapeleihin, mutta tulemme kauden aikana pelaamaan harjoitusotteluita.<\/p>\t\t\t\t\t\t\t\t<\/div>\n\t\t\t\t<\/div>\n\t\t\t\t\t<\/div>\n\t\t<\/div>\n\t\t\t\t\t<\/div>\n\t\t<\/section>\n\t\t\t\t<section class=\"elementor-section elementor-top-section elementor-element elementor-element-bbace51 elementor-section-boxed elementor-section-height-default elementor-section-height-default\" data-id=\"bbace51\" data-element_type=\"section\">\n\t\t\t\t\t\t<div class=\"elementor-container elementor-column-gap-default\">\n\t\t\t\t\t<div class=\"elementor-column elementor-col-100 elementor-top-column elementor-element elementor-element-503c368\" data-id=\"503c368\" data-element_type=\"column\">\n\t\t\t<div class=\"elementor-widget-wrap elementor-element-populated\">\n\t\t\t\t\t\t<div class=\"elementor-element elementor-element-f4dd1ae elementor-widget elementor-widget-heading\" data-id=\"f4dd1ae\" data-element_type=\"widget\" data-widget_type=\"heading.default\">\n\t\t\t\t<div class=\"elementor-widget-container\">\n\t\t\t\t\t<h2 class=\"elementor-heading-title elementor-size-default\">Tr\u00e4nare \/ Valmennus<\/h2>\t\t\t\t<\/div>\n\t\t\t\t<\/div>\n\t\t\t\t<div class=\"elementor-element elementor-element-0423aaf elementor-widget elementor-widget-text-editor\" data-id=\"0423aaf\" data-element_type=\"widget\" data-widget_type=\"text-editor.default\">\n\t\t\t\t<div class=\"elementor-widget-container\">\n\t\t\t\t\t\t\t\t\t<p><span data-olk-copy-source=\"MessageBody\">Tr\u00e4nare\/Valmentaja: Jonas Britschgi<\/span><\/p>\t\t\t\t\t\t\t\t<\/div>\n\t\t\t\t<\/div>\n\t\t\t\t\t<\/div>\n\t\t<\/div>\n\t\t\t\t\t<\/div>\n\t\t<\/section>\n\t\t\t\t<section class=\"elementor-section elementor-top-section elementor-element elementor-element-a0f108c elementor-section-boxed elementor-section-height-default elementor-section-height-default\" data-id=\"a0f108c\" data-element_type=\"section\">\n\t\t\t\t\t\t<div class=\"elementor-container elementor-column-gap-default\">\n\t\t\t\t\t<div class=\"elementor-column elementor-col-100 elementor-top-column elementor-element elementor-element-6620070\" data-id=\"6620070\" data-element_type=\"column\">\n\t\t\t<div class=\"elementor-widget-wrap elementor-element-populated\">\n\t\t\t\t\t\t<div class=\"elementor-element elementor-element-46f66d0 elementor-widget elementor-widget-heading\" data-id=\"46f66d0\" data-element_type=\"widget\" data-widget_type=\"heading.default\">\n\t\t\t\t<div class=\"elementor-widget-container\">\n\t\t\t\t\t<h2 class=\"elementor-heading-title elementor-size-default\">Kontakt \u2013 Yhteystiedot<\/h2>\t\t\t\t<\/div>\n\t\t\t\t<\/div>\n\t\t\t\t<div class=\"elementor-element elementor-element-c31fec3 elementor-widget elementor-widget-text-editor\" data-id=\"c31fec3\" data-element_type=\"widget\" data-widget_type=\"text-editor.default\">\n\t\t\t\t<div class=\"elementor-widget-container\">\n\t\t\t\t\t\t\t\t\t<p>Email:\u00a0<a id=\"LPlnk455152\" title=\"mailto:fotboll.p2020@akilles.fi\" href=\"mailto:fotboll.p2020@akilles.fi\" data-linkindex=\"0\">fotboll.p2020@akilles.fi<\/a><\/p>\t\t\t\t\t\t\t\t<\/div>\n\t\t\t\t<\/div>\n\t\t\t\t\t<\/div>\n\t\t<\/div>\n\t\t\t\t\t<\/div>\n\t\t<\/section>\n\t\t\t\t<section class=\"elementor-section elementor-top-section elementor-element elementor-element-a944f46 elementor-section-boxed elementor-section-height-default elementor-section-height-default\" data-id=\"a944f46\" data-element_type=\"section\">\n\t\t\t\t\t\t<div class=\"elementor-container elementor-column-gap-default\">\n\t\t\t\t\t<div class=\"elementor-column elementor-col-100 elementor-top-column elementor-element elementor-element-3349fab\" data-id=\"3349fab\" data-element_type=\"column\">\n\t\t\t<div class=\"elementor-widget-wrap elementor-element-populated\">\n\t\t\t\t\t\t<div class=\"elementor-element elementor-element-1ace1c8 elementor-widget elementor-widget-heading\" data-id=\"1ace1c8\" data-element_type=\"widget\" data-widget_type=\"heading.default\">\n\t\t\t\t<div class=\"elementor-widget-container\">\n\t\t\t\t\t<h2 class=\"elementor-heading-title elementor-size-default\">Anm\u00e4l dig \/ Ilmottaudu mukaan<\/h2>\t\t\t\t<\/div>\n\t\t\t\t<\/div>\n\t\t\t\t<div class=\"elementor-element elementor-element-23c769b elementor-widget elementor-widget-text-editor\" data-id=\"23c769b\" data-element_type=\"widget\" data-widget_type=\"text-editor.default\">\n\t\t\t\t<div class=\"elementor-widget-container\">\n\t\t\t\t\t\t\t\t\t<p>Anm\u00e4l ditt barn med i verksamheten genom att skicka e-post till: fotboll.p2020@akilles.fi<a id=\"LPlnk455152\" title=\"mailto:fotboll.p2020@akilles.fi\" href=\"mailto:fotboll.p2020@akilles.fi\" data-linkindex=\"0\"><\/a><\/p><p>Ilmoita lapsesi mukaan toimintaan l\u00e4hett\u00e4m\u00e4ll\u00e4 s\u00e4hk\u00f6postia osoitteeseen: fotboll.p2020@akilles.fi.\u00a0<\/p>\t\t\t\t\t\t\t\t<\/div>\n\t\t\t\t<\/div>\n\t\t\t\t\t<\/div>\n\t\t<\/div>\n\t\t\t\t\t<\/div>\n\t\t<\/section>\n\t\t\t\t<\/div>\n\t\t","protected":false},"excerpt":{"rendered":"<p>P2020 Akilles pojkar 2020 inledde sin verksamhet p\u00e5 v\u00e5ren 2025. V\u00e5r str\u00e4van \u00e4r att verksamheten \u00e4r v\u00e4lorganiserad, lekfull och att barnen l\u00e4r sig att fungera i grupp. Vi tr\u00e4nar en g\u00e5ng i veckan.Tr\u00e4ningen best\u00e5r av lekar, stafetter och \u00f6vningar som utvecklar r\u00f6rlighet, balans och grundmotoriska f\u00e4rdigheter. Enkla \u00f6vningar med boll samt spel \u00e4r en central [&hellip;]<\/p>\n","protected":false},"author":30,"featured_media":0,"parent":0,"menu_order":0,"comment_status":"closed","ping_status":"closed","template":"","meta":{"_crdt_document":"","footnotes":""},"class_list":["post-2267","page","type-page","status-publish","hentry"],"yoast_head":"<!-- This site is optimized with the Yoast SEO plugin v27.4 - https:\/\/yoast.com\/product\/yoast-seo-wordpress\/ -->\n<title>P2020 - Fotboll - Jalkapallo<\/title>\n<meta name=\"robots\" content=\"index, follow, max-snippet:-1, max-image-preview:large, max-video-preview:-1\" \/>\n<link rel=\"canonical\" href=\"https:\/\/www.akilles.fi\/fotboll\/p2020\/\" \/>\n<meta property=\"og:locale\" content=\"sv_SE\" \/>\n<meta property=\"og:type\" content=\"article\" \/>\n<meta property=\"og:title\" content=\"P2020 - Fotboll - Jalkapallo\" \/>\n<meta property=\"og:description\" content=\"P2020 Akilles pojkar 2020 inledde sin verksamhet p\u00e5 v\u00e5ren 2025. V\u00e5r str\u00e4van \u00e4r att verksamheten \u00e4r v\u00e4lorganiserad, lekfull och att barnen l\u00e4r sig att fungera i grupp. Vi tr\u00e4nar en g\u00e5ng i veckan.Tr\u00e4ningen best\u00e5r av lekar, stafetter och \u00f6vningar som utvecklar r\u00f6rlighet, balans och grundmotoriska f\u00e4rdigheter. Enkla \u00f6vningar med boll samt spel \u00e4r en central [&hellip;]\" \/>\n<meta property=\"og:url\" content=\"https:\/\/www.akilles.fi\/fotboll\/p2020\/\" \/>\n<meta property=\"og:site_name\" content=\"Fotboll - Jalkapallo\" \/>\n<meta property=\"article:modified_time\" content=\"2025-10-11T17:07:35+00:00\" \/>\n<meta name=\"twitter:card\" content=\"summary_large_image\" \/>\n<meta name=\"twitter:label1\" content=\"Ber\u00e4knad l\u00e4stid\" \/>\n\t<meta name=\"twitter:data1\" content=\"2 minuter\" \/>\n<script type=\"application\/ld+json\" class=\"yoast-schema-graph\">{\"@context\":\"https:\\\/\\\/schema.org\",\"@graph\":[{\"@type\":\"WebPage\",\"@id\":\"https:\\\/\\\/www.akilles.fi\\\/fotboll\\\/p2020\\\/\",\"url\":\"https:\\\/\\\/www.akilles.fi\\\/fotboll\\\/p2020\\\/\",\"name\":\"P2020 - Fotboll - Jalkapallo\",\"isPartOf\":{\"@id\":\"https:\\\/\\\/www.akilles.fi\\\/fotboll\\\/#website\"},\"datePublished\":\"2025-10-11T17:05:37+00:00\",\"dateModified\":\"2025-10-11T17:07:35+00:00\",\"breadcrumb\":{\"@id\":\"https:\\\/\\\/www.akilles.fi\\\/fotboll\\\/p2020\\\/#breadcrumb\"},\"inLanguage\":\"sv-SE\",\"potentialAction\":[{\"@type\":\"ReadAction\",\"target\":[\"https:\\\/\\\/www.akilles.fi\\\/fotboll\\\/p2020\\\/\"]}]},{\"@type\":\"BreadcrumbList\",\"@id\":\"https:\\\/\\\/www.akilles.fi\\\/fotboll\\\/p2020\\\/#breadcrumb\",\"itemListElement\":[{\"@type\":\"ListItem\",\"position\":1,\"name\":\"Home\",\"item\":\"https:\\\/\\\/www.akilles.fi\\\/fotboll\\\/\"},{\"@type\":\"ListItem\",\"position\":2,\"name\":\"P2020\"}]},{\"@type\":\"WebSite\",\"@id\":\"https:\\\/\\\/www.akilles.fi\\\/fotboll\\\/#website\",\"url\":\"https:\\\/\\\/www.akilles.fi\\\/fotboll\\\/\",\"name\":\"Fotboll - Jalkapallo\",\"description\":\"Borg\u00e5 Akilles Fotboll - Porvoon Akilles Jalkapallo\",\"potentialAction\":[{\"@type\":\"SearchAction\",\"target\":{\"@type\":\"EntryPoint\",\"urlTemplate\":\"https:\\\/\\\/www.akilles.fi\\\/fotboll\\\/?s={search_term_string}\"},\"query-input\":{\"@type\":\"PropertyValueSpecification\",\"valueRequired\":true,\"valueName\":\"search_term_string\"}}],\"inLanguage\":\"sv-SE\"}]}<\/script>\n<!-- \/ Yoast SEO plugin. -->","yoast_head_json":{"title":"P2020 - Fotboll - Jalkapallo","robots":{"index":"index","follow":"follow","max-snippet":"max-snippet:-1","max-image-preview":"max-image-preview:large","max-video-preview":"max-video-preview:-1"},"canonical":"https:\/\/www.akilles.fi\/fotboll\/p2020\/","og_locale":"sv_SE","og_type":"article","og_title":"P2020 - Fotboll - Jalkapallo","og_description":"P2020 Akilles pojkar 2020 inledde sin verksamhet p\u00e5 v\u00e5ren 2025. V\u00e5r str\u00e4van \u00e4r att verksamheten \u00e4r v\u00e4lorganiserad, lekfull och att barnen l\u00e4r sig att fungera i grupp. Vi tr\u00e4nar en g\u00e5ng i veckan.Tr\u00e4ningen best\u00e5r av lekar, stafetter och \u00f6vningar som utvecklar r\u00f6rlighet, balans och grundmotoriska f\u00e4rdigheter. Enkla \u00f6vningar med boll samt spel \u00e4r en central [&hellip;]","og_url":"https:\/\/www.akilles.fi\/fotboll\/p2020\/","og_site_name":"Fotboll - Jalkapallo","article_modified_time":"2025-10-11T17:07:35+00:00","twitter_card":"summary_large_image","twitter_misc":{"Ber\u00e4knad l\u00e4stid":"2 minuter"},"schema":{"@context":"https:\/\/schema.org","@graph":[{"@type":"WebPage","@id":"https:\/\/www.akilles.fi\/fotboll\/p2020\/","url":"https:\/\/www.akilles.fi\/fotboll\/p2020\/","name":"P2020 - Fotboll - Jalkapallo","isPartOf":{"@id":"https:\/\/www.akilles.fi\/fotboll\/#website"},"datePublished":"2025-10-11T17:05:37+00:00","dateModified":"2025-10-11T17:07:35+00:00","breadcrumb":{"@id":"https:\/\/www.akilles.fi\/fotboll\/p2020\/#breadcrumb"},"inLanguage":"sv-SE","potentialAction":[{"@type":"ReadAction","target":["https:\/\/www.akilles.fi\/fotboll\/p2020\/"]}]},{"@type":"BreadcrumbList","@id":"https:\/\/www.akilles.fi\/fotboll\/p2020\/#breadcrumb","itemListElement":[{"@type":"ListItem","position":1,"name":"Home","item":"https:\/\/www.akilles.fi\/fotboll\/"},{"@type":"ListItem","position":2,"name":"P2020"}]},{"@type":"WebSite","@id":"https:\/\/www.akilles.fi\/fotboll\/#website","url":"https:\/\/www.akilles.fi\/fotboll\/","name":"Fotboll - Jalkapallo","description":"Borg\u00e5 Akilles Fotboll - Porvoon Akilles Jalkapallo","potentialAction":[{"@type":"SearchAction","target":{"@type":"EntryPoint","urlTemplate":"https:\/\/www.akilles.fi\/fotboll\/?s={search_term_string}"},"query-input":{"@type":"PropertyValueSpecification","valueRequired":true,"valueName":"search_term_string"}}],"inLanguage":"sv-SE"}]}},"_links":{"self":[{"href":"https:\/\/www.akilles.fi\/fotboll\/wp-json\/wp\/v2\/pages\/2267","targetHints":{"allow":["GET"]}}],"collection":[{"href":"https:\/\/www.akilles.fi\/fotboll\/wp-json\/wp\/v2\/pages"}],"about":[{"href":"https:\/\/www.akilles.fi\/fotboll\/wp-json\/wp\/v2\/types\/page"}],"author":[{"embeddable":true,"href":"https:\/\/www.akilles.fi\/fotboll\/wp-json\/wp\/v2\/users\/30"}],"replies":[{"embeddable":true,"href":"https:\/\/www.akilles.fi\/fotboll\/wp-json\/wp\/v2\/comments?post=2267"}],"version-history":[{"count":7,"href":"https:\/\/www.akilles.fi\/fotboll\/wp-json\/wp\/v2\/pages\/2267\/revisions"}],"predecessor-version":[{"id":2277,"href":"https:\/\/www.akilles.fi\/fotboll\/wp-json\/wp\/v2\/pages\/2267\/revisions\/2277"}],"wp:attachment":[{"href":"https:\/\/www.akilles.fi\/fotboll\/wp-json\/wp\/v2\/media?parent=2267"}],"curies":[{"name":"wp","href":"https:\/\/api.w.org\/{rel}","templated":true}]}}