{"id":438,"date":"2019-01-07T17:05:22","date_gmt":"2019-01-07T15:05:22","guid":{"rendered":"http:\/\/94.237.33.215\/~akilles\/nyasida\/fotboll\/?page_id=438"},"modified":"2025-10-10T05:42:45","modified_gmt":"2025-10-10T05:42:45","slug":"pojkar-09-pojat-09","status":"publish","type":"page","link":"https:\/\/www.akilles.fi\/fotboll\/pojkar-09-pojat-09\/","title":{"rendered":"Pojkar -09 &#8211; Pojat -09"},"content":{"rendered":"\t\t<div data-elementor-type=\"wp-post\" data-elementor-id=\"438\" class=\"elementor elementor-438\" data-elementor-post-type=\"page\">\n\t\t\t\t\t\t<section class=\"elementor-section elementor-top-section elementor-element elementor-element-fec624c elementor-section-boxed elementor-section-height-default elementor-section-height-default\" data-id=\"fec624c\" data-element_type=\"section\">\n\t\t\t\t\t\t<div class=\"elementor-container elementor-column-gap-default\">\n\t\t\t\t\t<div class=\"elementor-column elementor-col-100 elementor-top-column elementor-element elementor-element-bc0819d\" data-id=\"bc0819d\" data-element_type=\"column\">\n\t\t\t<div class=\"elementor-widget-wrap elementor-element-populated\">\n\t\t\t\t\t\t<div class=\"elementor-element elementor-element-3f6985c elementor-widget elementor-widget-image\" data-id=\"3f6985c\" data-element_type=\"widget\" data-widget_type=\"image.default\">\n\t\t\t\t<div class=\"elementor-widget-container\">\n\t\t\t\t\t\t\t\t\t\t\t\t\t\t\t<img fetchpriority=\"high\" decoding=\"async\" width=\"1024\" height=\"773\" src=\"https:\/\/www.akilles.fi\/fotboll\/wp-content\/uploads\/sites\/21\/2025\/10\/P2009-1024x773.jpeg\" class=\"attachment-large size-large wp-image-2260\" alt=\"\" srcset=\"https:\/\/www.akilles.fi\/fotboll\/wp-content\/uploads\/sites\/21\/2025\/10\/P2009-1024x773.jpeg 1024w, https:\/\/www.akilles.fi\/fotboll\/wp-content\/uploads\/sites\/21\/2025\/10\/P2009-300x226.jpeg 300w, https:\/\/www.akilles.fi\/fotboll\/wp-content\/uploads\/sites\/21\/2025\/10\/P2009-768x579.jpeg 768w, https:\/\/www.akilles.fi\/fotboll\/wp-content\/uploads\/sites\/21\/2025\/10\/P2009.jpeg 1491w\" sizes=\"(max-width: 1024px) 100vw, 1024px\" \/>\t\t\t\t\t\t\t\t\t\t\t\t\t\t\t<\/div>\n\t\t\t\t<\/div>\n\t\t\t\t\t<\/div>\n\t\t<\/div>\n\t\t\t\t\t<\/div>\n\t\t<\/section>\n\t\t\t\t<section class=\"elementor-section elementor-top-section elementor-element elementor-element-5698939 elementor-section-boxed elementor-section-height-default elementor-section-height-default\" data-id=\"5698939\" data-element_type=\"section\">\n\t\t\t\t\t\t<div class=\"elementor-container elementor-column-gap-default\">\n\t\t\t\t\t<div class=\"elementor-column elementor-col-50 elementor-top-column elementor-element elementor-element-dcb4a35\" data-id=\"dcb4a35\" data-element_type=\"column\">\n\t\t\t<div class=\"elementor-widget-wrap elementor-element-populated\">\n\t\t\t\t\t\t<div class=\"elementor-element elementor-element-0eae692 elementor-widget elementor-widget-text-editor\" data-id=\"0eae692\" data-element_type=\"widget\" data-widget_type=\"text-editor.default\">\n\t\t\t\t<div class=\"elementor-widget-container\">\n\t\t\t\t\t\t\t\t\t<h3>Kontakt \u2013 Yhteystiedot<\/h3><p><strong>Huvudtr\u00e4nare &#8211; Vastuuvalmentaja<\/strong><br \/>Taija Hyttinen<br \/>040 574 0208<br \/><a href=\"mailto:taija88@luukku.com\">taija88@luukku.com<\/a><\/p><p><b>Kass\u00f6r &#8211; Rahastonhoitaja\u00a0<\/b><br \/>Juha Kaitaranta<\/p><p>\u00a0<\/p>\t\t\t\t\t\t\t\t<\/div>\n\t\t\t\t<\/div>\n\t\t\t\t\t<\/div>\n\t\t<\/div>\n\t\t\t\t<div class=\"elementor-column elementor-col-50 elementor-top-column elementor-element elementor-element-8844ffa\" data-id=\"8844ffa\" data-element_type=\"column\">\n\t\t\t<div class=\"elementor-widget-wrap elementor-element-populated\">\n\t\t\t\t\t\t<div class=\"elementor-element elementor-element-92671d9 elementor-widget elementor-widget-text-editor\" data-id=\"92671d9\" data-element_type=\"widget\" data-widget_type=\"text-editor.default\">\n\t\t\t\t<div class=\"elementor-widget-container\">\n\t\t\t\t\t\t\t\t\t<div class=\"fragment-body text-fragment\">Lagets genomsnitts\u00e5lder \u00e4r 15 \u00e5r och best\u00e5r av spelare f\u00f6dda mellan \u00e5ren 2011 och 2008. Lagets har spelat tillsammans i m\u00e5nga \u00e5r, vilket har skapat en stark grund och sammanh\u00e5llning att bygga p\u00e5. Till denna s\u00e4song ansl\u00f6t sig n\u00e5gra nya erfarna spelare till laget vilket var en bra f\u00f6rst\u00e4rkning till lagets bas.<\/div><div class=\"fragment-body text-fragment\">F\u00f6rra s\u00e4songen var lyckad. Laget vann sin serie under v\u00e5rs\u00e4songen och tog steget upp till f\u00f6ljande serieniv\u00e5 p\u00e5 h\u00f6sten. H\u00f6stens st\u00e4lldes laget inf\u00f6r nya, mer kr\u00e4vande utmaningar. Motst\u00e5ndarna var mycket tuffare men men varje match utvecklades lagspelet och h\u00f6sts\u00e4songens avslutades med en v\u00e4lf\u00f6rtj\u00e4nt seger S\u00e5ledes g\u00e5r laget in i den kommande s\u00e4songen med st\u00f6rre sj\u00e4lvf\u00f6rtroende, redo att m\u00f6ta nya utmaningar och str\u00e4va efter h\u00f6gre m\u00e5l.<\/div><div>\u00a0<\/div><div class=\"fragment-body text-fragment\">Joukkue, jonka keski-ik\u00e4 huitelee 15 vuoden paikkeilla, koostuu pelaajista, jotka ovat syntyneet vuosien 2011 ja 2008 v\u00e4lill\u00e4. Joukkueen ydin on pysynyt vakaana usean vuoden ajan, mik\u00e4 on luonut vahvan pohjan ja yhteishengen, jonka varaan rakentaa. Alkaneelle kaudelle joukkueeseen on tullut muutama uusi mutta kokenut pelaaja mukaan mik\u00e4 on vahvistanut joukkueen runkoa.<\/div><div class=\"fragment-body text-fragment\">Viime kausi sujui onnistuneesti, kun joukkue voitti oman sarjansa kev\u00e4\u00e4ll\u00e4 ja nousi sen seurauksena syksyll\u00e4 ylemm\u00e4lle tasolle pelaamaan. Syksyn otteluissa vastustajajoukkueet kovenivat merkitt\u00e4v\u00e4sti, mutta pojat onnistuivat kehitt\u00e4m\u00e4\u00e4n omaan peli\u00e4\u00e4n ottelu ottelulta ja my\u00f6s syyskausi saatiin p\u00e4\u00e4t\u00f6kseen otteluvoiton my\u00f6t\u00e4. N\u00e4in ollen joukkue l\u00e4htee tulevaan kauteen entist\u00e4kin itsevarmempana, valmiina kohtaamaan uudet haasteet ja tavoittelemaan korkeampia p\u00e4\u00e4m\u00e4\u00e4ri\u00e4.<\/div><div>\u00a0<\/div><div class=\"fragment-byline text-fragment\"><strong>Taija Hyttinen tr\u00e4nare \/ valmentaja<\/strong><\/div><div style=\"border: 0px solid black;overflow: auto;height: 500px;width: auto;color: red;background-color: white\"><p>(function(d, s, id) { var js, mjs = d.getElementsByTagName(s)[0]; if (d.getElementById(id)) return; js = d.createElement(s); js.id = id; js.async = true; js.src = &#8221;https:\/\/akilles.myclub.fi\/assets\/embed_v2.js&#8221;; mjs.parentNode.insertBefore(js, mjs); }(document, &#8217;script&#8217;, &#8217;myclub-embed-js&#8217;));<!-- myClub embed JS - end --><\/p><\/div>\t\t\t\t\t\t\t\t<\/div>\n\t\t\t\t<\/div>\n\t\t\t\t\t<\/div>\n\t\t<\/div>\n\t\t\t\t\t<\/div>\n\t\t<\/section>\n\t\t\t\t<\/div>\n\t\t","protected":false},"excerpt":{"rendered":"<p>Kontakt \u2013 Yhteystiedot Huvudtr\u00e4nare &#8211; VastuuvalmentajaTaija Hyttinen040 574 0208taija88@luukku.com Kass\u00f6r &#8211; Rahastonhoitaja\u00a0Juha Kaitaranta \u00a0 Lagets genomsnitts\u00e5lder \u00e4r 15 \u00e5r och best\u00e5r av spelare f\u00f6dda mellan \u00e5ren 2011 och 2008. Lagets har spelat tillsammans i m\u00e5nga \u00e5r, vilket har skapat en stark grund och sammanh\u00e5llning att bygga p\u00e5. Till denna s\u00e4song ansl\u00f6t sig n\u00e5gra nya erfarna [&hellip;]<\/p>\n","protected":false},"author":4,"featured_media":0,"parent":0,"menu_order":0,"comment_status":"closed","ping_status":"closed","template":"","meta":{"_crdt_document":"","footnotes":""},"class_list":["post-438","page","type-page","status-publish","hentry"],"yoast_head":"<!-- This site is optimized with the Yoast SEO plugin v26.8 - https:\/\/yoast.com\/product\/yoast-seo-wordpress\/ -->\n<title>Pojkar -09 - Pojat -09 - Fotboll - Jalkapallo<\/title>\n<meta name=\"robots\" content=\"index, follow, max-snippet:-1, max-image-preview:large, max-video-preview:-1\" \/>\n<link rel=\"canonical\" href=\"https:\/\/www.akilles.fi\/fotboll\/pojkar-09-pojat-09\/\" \/>\n<meta property=\"og:locale\" content=\"sv_SE\" \/>\n<meta property=\"og:type\" content=\"article\" \/>\n<meta property=\"og:title\" content=\"Pojkar -09 - Pojat -09 - Fotboll - Jalkapallo\" \/>\n<meta property=\"og:description\" content=\"Kontakt \u2013 Yhteystiedot Huvudtr\u00e4nare &#8211; VastuuvalmentajaTaija Hyttinen040 574 0208taija88@luukku.com Kass\u00f6r &#8211; Rahastonhoitaja\u00a0Juha Kaitaranta \u00a0 Lagets genomsnitts\u00e5lder \u00e4r 15 \u00e5r och best\u00e5r av spelare f\u00f6dda mellan \u00e5ren 2011 och 2008. Lagets har spelat tillsammans i m\u00e5nga \u00e5r, vilket har skapat en stark grund och sammanh\u00e5llning att bygga p\u00e5. Till denna s\u00e4song ansl\u00f6t sig n\u00e5gra nya erfarna [&hellip;]\" \/>\n<meta property=\"og:url\" content=\"https:\/\/www.akilles.fi\/fotboll\/pojkar-09-pojat-09\/\" \/>\n<meta property=\"og:site_name\" content=\"Fotboll - Jalkapallo\" \/>\n<meta property=\"article:modified_time\" content=\"2025-10-10T05:42:45+00:00\" \/>\n<meta property=\"og:image\" content=\"https:\/\/www.akilles.fi\/fotboll\/wp-content\/uploads\/sites\/21\/2025\/10\/P2009.jpeg\" \/>\n\t<meta property=\"og:image:width\" content=\"1491\" \/>\n\t<meta property=\"og:image:height\" content=\"1125\" \/>\n\t<meta property=\"og:image:type\" content=\"image\/jpeg\" \/>\n<meta name=\"twitter:card\" content=\"summary_large_image\" \/>\n<meta name=\"twitter:label1\" content=\"Ber\u00e4knad l\u00e4stid\" \/>\n\t<meta name=\"twitter:data1\" content=\"2 minuter\" \/>\n<script type=\"application\/ld+json\" class=\"yoast-schema-graph\">{\"@context\":\"https:\/\/schema.org\",\"@graph\":[{\"@type\":\"WebPage\",\"@id\":\"https:\/\/www.akilles.fi\/fotboll\/pojkar-09-pojat-09\/\",\"url\":\"https:\/\/www.akilles.fi\/fotboll\/pojkar-09-pojat-09\/\",\"name\":\"Pojkar -09 - Pojat -09 - Fotboll - Jalkapallo\",\"isPartOf\":{\"@id\":\"https:\/\/www.akilles.fi\/fotboll\/#website\"},\"primaryImageOfPage\":{\"@id\":\"https:\/\/www.akilles.fi\/fotboll\/pojkar-09-pojat-09\/#primaryimage\"},\"image\":{\"@id\":\"https:\/\/www.akilles.fi\/fotboll\/pojkar-09-pojat-09\/#primaryimage\"},\"thumbnailUrl\":\"http:\/\/www.akilles.fi\/fotboll\/wp-content\/uploads\/sites\/21\/2025\/10\/P2009-1024x773.jpeg\",\"datePublished\":\"2019-01-07T15:05:22+00:00\",\"dateModified\":\"2025-10-10T05:42:45+00:00\",\"breadcrumb\":{\"@id\":\"https:\/\/www.akilles.fi\/fotboll\/pojkar-09-pojat-09\/#breadcrumb\"},\"inLanguage\":\"sv-SE\",\"potentialAction\":[{\"@type\":\"ReadAction\",\"target\":[\"https:\/\/www.akilles.fi\/fotboll\/pojkar-09-pojat-09\/\"]}]},{\"@type\":\"ImageObject\",\"inLanguage\":\"sv-SE\",\"@id\":\"https:\/\/www.akilles.fi\/fotboll\/pojkar-09-pojat-09\/#primaryimage\",\"url\":\"https:\/\/www.akilles.fi\/fotboll\/wp-content\/uploads\/sites\/21\/2025\/10\/P2009.jpeg\",\"contentUrl\":\"https:\/\/www.akilles.fi\/fotboll\/wp-content\/uploads\/sites\/21\/2025\/10\/P2009.jpeg\",\"width\":1491,\"height\":1125},{\"@type\":\"BreadcrumbList\",\"@id\":\"https:\/\/www.akilles.fi\/fotboll\/pojkar-09-pojat-09\/#breadcrumb\",\"itemListElement\":[{\"@type\":\"ListItem\",\"position\":1,\"name\":\"Home\",\"item\":\"https:\/\/www.akilles.fi\/fotboll\/\"},{\"@type\":\"ListItem\",\"position\":2,\"name\":\"Pojkar -09 &#8211; Pojat -09\"}]},{\"@type\":\"WebSite\",\"@id\":\"https:\/\/www.akilles.fi\/fotboll\/#website\",\"url\":\"https:\/\/www.akilles.fi\/fotboll\/\",\"name\":\"Fotboll - Jalkapallo\",\"description\":\"Borg\u00e5 Akilles Fotboll - Porvoon Akilles Jalkapallo\",\"potentialAction\":[{\"@type\":\"SearchAction\",\"target\":{\"@type\":\"EntryPoint\",\"urlTemplate\":\"https:\/\/www.akilles.fi\/fotboll\/?s={search_term_string}\"},\"query-input\":{\"@type\":\"PropertyValueSpecification\",\"valueRequired\":true,\"valueName\":\"search_term_string\"}}],\"inLanguage\":\"sv-SE\"}]}<\/script>\n<!-- \/ Yoast SEO plugin. -->","yoast_head_json":{"title":"Pojkar -09 - Pojat -09 - Fotboll - Jalkapallo","robots":{"index":"index","follow":"follow","max-snippet":"max-snippet:-1","max-image-preview":"max-image-preview:large","max-video-preview":"max-video-preview:-1"},"canonical":"https:\/\/www.akilles.fi\/fotboll\/pojkar-09-pojat-09\/","og_locale":"sv_SE","og_type":"article","og_title":"Pojkar -09 - Pojat -09 - Fotboll - Jalkapallo","og_description":"Kontakt \u2013 Yhteystiedot Huvudtr\u00e4nare &#8211; VastuuvalmentajaTaija Hyttinen040 574 0208taija88@luukku.com Kass\u00f6r &#8211; Rahastonhoitaja\u00a0Juha Kaitaranta \u00a0 Lagets genomsnitts\u00e5lder \u00e4r 15 \u00e5r och best\u00e5r av spelare f\u00f6dda mellan \u00e5ren 2011 och 2008. Lagets har spelat tillsammans i m\u00e5nga \u00e5r, vilket har skapat en stark grund och sammanh\u00e5llning att bygga p\u00e5. Till denna s\u00e4song ansl\u00f6t sig n\u00e5gra nya erfarna [&hellip;]","og_url":"https:\/\/www.akilles.fi\/fotboll\/pojkar-09-pojat-09\/","og_site_name":"Fotboll - Jalkapallo","article_modified_time":"2025-10-10T05:42:45+00:00","og_image":[{"width":1491,"height":1125,"url":"https:\/\/www.akilles.fi\/fotboll\/wp-content\/uploads\/sites\/21\/2025\/10\/P2009.jpeg","type":"image\/jpeg"}],"twitter_card":"summary_large_image","twitter_misc":{"Ber\u00e4knad l\u00e4stid":"2 minuter"},"schema":{"@context":"https:\/\/schema.org","@graph":[{"@type":"WebPage","@id":"https:\/\/www.akilles.fi\/fotboll\/pojkar-09-pojat-09\/","url":"https:\/\/www.akilles.fi\/fotboll\/pojkar-09-pojat-09\/","name":"Pojkar -09 - Pojat -09 - Fotboll - Jalkapallo","isPartOf":{"@id":"https:\/\/www.akilles.fi\/fotboll\/#website"},"primaryImageOfPage":{"@id":"https:\/\/www.akilles.fi\/fotboll\/pojkar-09-pojat-09\/#primaryimage"},"image":{"@id":"https:\/\/www.akilles.fi\/fotboll\/pojkar-09-pojat-09\/#primaryimage"},"thumbnailUrl":"http:\/\/www.akilles.fi\/fotboll\/wp-content\/uploads\/sites\/21\/2025\/10\/P2009-1024x773.jpeg","datePublished":"2019-01-07T15:05:22+00:00","dateModified":"2025-10-10T05:42:45+00:00","breadcrumb":{"@id":"https:\/\/www.akilles.fi\/fotboll\/pojkar-09-pojat-09\/#breadcrumb"},"inLanguage":"sv-SE","potentialAction":[{"@type":"ReadAction","target":["https:\/\/www.akilles.fi\/fotboll\/pojkar-09-pojat-09\/"]}]},{"@type":"ImageObject","inLanguage":"sv-SE","@id":"https:\/\/www.akilles.fi\/fotboll\/pojkar-09-pojat-09\/#primaryimage","url":"https:\/\/www.akilles.fi\/fotboll\/wp-content\/uploads\/sites\/21\/2025\/10\/P2009.jpeg","contentUrl":"https:\/\/www.akilles.fi\/fotboll\/wp-content\/uploads\/sites\/21\/2025\/10\/P2009.jpeg","width":1491,"height":1125},{"@type":"BreadcrumbList","@id":"https:\/\/www.akilles.fi\/fotboll\/pojkar-09-pojat-09\/#breadcrumb","itemListElement":[{"@type":"ListItem","position":1,"name":"Home","item":"https:\/\/www.akilles.fi\/fotboll\/"},{"@type":"ListItem","position":2,"name":"Pojkar -09 &#8211; Pojat -09"}]},{"@type":"WebSite","@id":"https:\/\/www.akilles.fi\/fotboll\/#website","url":"https:\/\/www.akilles.fi\/fotboll\/","name":"Fotboll - Jalkapallo","description":"Borg\u00e5 Akilles Fotboll - Porvoon Akilles Jalkapallo","potentialAction":[{"@type":"SearchAction","target":{"@type":"EntryPoint","urlTemplate":"https:\/\/www.akilles.fi\/fotboll\/?s={search_term_string}"},"query-input":{"@type":"PropertyValueSpecification","valueRequired":true,"valueName":"search_term_string"}}],"inLanguage":"sv-SE"}]}},"_links":{"self":[{"href":"https:\/\/www.akilles.fi\/fotboll\/wp-json\/wp\/v2\/pages\/438","targetHints":{"allow":["GET"]}}],"collection":[{"href":"https:\/\/www.akilles.fi\/fotboll\/wp-json\/wp\/v2\/pages"}],"about":[{"href":"https:\/\/www.akilles.fi\/fotboll\/wp-json\/wp\/v2\/types\/page"}],"author":[{"embeddable":true,"href":"https:\/\/www.akilles.fi\/fotboll\/wp-json\/wp\/v2\/users\/4"}],"replies":[{"embeddable":true,"href":"https:\/\/www.akilles.fi\/fotboll\/wp-json\/wp\/v2\/comments?post=438"}],"version-history":[{"count":15,"href":"https:\/\/www.akilles.fi\/fotboll\/wp-json\/wp\/v2\/pages\/438\/revisions"}],"predecessor-version":[{"id":2266,"href":"https:\/\/www.akilles.fi\/fotboll\/wp-json\/wp\/v2\/pages\/438\/revisions\/2266"}],"wp:attachment":[{"href":"https:\/\/www.akilles.fi\/fotboll\/wp-json\/wp\/v2\/media?parent=438"}],"curies":[{"name":"wp","href":"https:\/\/api.w.org\/{rel}","templated":true}]}}