{"id":853,"date":"2022-02-14T10:58:24","date_gmt":"2022-02-14T10:58:24","guid":{"rendered":"https:\/\/www.akilles.fi\/fotboll\/?page_id=853"},"modified":"2025-04-08T19:05:47","modified_gmt":"2025-04-08T19:05:47","slug":"pojkar-16-18-pojat-12-15","status":"publish","type":"page","link":"https:\/\/www.akilles.fi\/fotboll\/pojkar-16-18-pojat-12-15\/","title":{"rendered":"P2016"},"content":{"rendered":"\t\t<div data-elementor-type=\"wp-post\" data-elementor-id=\"853\" class=\"elementor elementor-853\" data-elementor-post-type=\"page\">\n\t\t\t\t\t\t<section class=\"elementor-section elementor-top-section elementor-element elementor-element-6f99f7a elementor-section-boxed elementor-section-height-default elementor-section-height-default\" data-id=\"6f99f7a\" data-element_type=\"section\">\n\t\t\t\t\t\t<div class=\"elementor-container elementor-column-gap-default\">\n\t\t\t\t\t<div class=\"elementor-column elementor-col-100 elementor-top-column elementor-element elementor-element-63bb09a\" data-id=\"63bb09a\" data-element_type=\"column\">\n\t\t\t<div class=\"elementor-widget-wrap elementor-element-populated\">\n\t\t\t\t\t\t<div class=\"elementor-element elementor-element-8750fcc elementor-widget elementor-widget-image\" data-id=\"8750fcc\" data-element_type=\"widget\" data-widget_type=\"image.default\">\n\t\t\t\t<div class=\"elementor-widget-container\">\n\t\t\t\t\t\t\t\t\t\t\t\t\t\t\t<img fetchpriority=\"high\" decoding=\"async\" width=\"1024\" height=\"413\" src=\"https:\/\/www.akilles.fi\/fotboll\/wp-content\/uploads\/sites\/21\/2024\/08\/P2017-2018-1024x413.png\" class=\"attachment-large size-large wp-image-1448\" alt=\"\" srcset=\"https:\/\/www.akilles.fi\/fotboll\/wp-content\/uploads\/sites\/21\/2024\/08\/P2017-2018-1024x413.png 1024w, https:\/\/www.akilles.fi\/fotboll\/wp-content\/uploads\/sites\/21\/2024\/08\/P2017-2018-300x121.png 300w, https:\/\/www.akilles.fi\/fotboll\/wp-content\/uploads\/sites\/21\/2024\/08\/P2017-2018-768x310.png 768w, https:\/\/www.akilles.fi\/fotboll\/wp-content\/uploads\/sites\/21\/2024\/08\/P2017-2018-1536x620.png 1536w, https:\/\/www.akilles.fi\/fotboll\/wp-content\/uploads\/sites\/21\/2024\/08\/P2017-2018.png 1615w\" sizes=\"(max-width: 1024px) 100vw, 1024px\" \/>\t\t\t\t\t\t\t\t\t\t\t\t\t\t\t<\/div>\n\t\t\t\t<\/div>\n\t\t\t\t\t<\/div>\n\t\t<\/div>\n\t\t\t\t\t<\/div>\n\t\t<\/section>\n\t\t\t\t<section class=\"elementor-section elementor-top-section elementor-element elementor-element-1b13497 elementor-section-boxed elementor-section-height-default elementor-section-height-default\" data-id=\"1b13497\" data-element_type=\"section\">\n\t\t\t\t\t\t<div class=\"elementor-container elementor-column-gap-default\">\n\t\t\t\t\t<div class=\"elementor-column elementor-col-100 elementor-top-column elementor-element elementor-element-99b81b0\" data-id=\"99b81b0\" data-element_type=\"column\">\n\t\t\t<div class=\"elementor-widget-wrap elementor-element-populated\">\n\t\t\t\t\t\t<div class=\"elementor-element elementor-element-eb20566 elementor-widget elementor-widget-heading\" data-id=\"eb20566\" data-element_type=\"widget\" data-widget_type=\"heading.default\">\n\t\t\t\t<div class=\"elementor-widget-container\">\n\t\t\t\t\t<h2 class=\"elementor-heading-title elementor-size-default\">P2016<\/h2>\t\t\t\t<\/div>\n\t\t\t\t<\/div>\n\t\t\t\t\t<\/div>\n\t\t<\/div>\n\t\t\t\t\t<\/div>\n\t\t<\/section>\n\t\t\t\t<section class=\"elementor-section elementor-top-section elementor-element elementor-element-a7fda84 elementor-section-boxed elementor-section-height-default elementor-section-height-default\" data-id=\"a7fda84\" data-element_type=\"section\">\n\t\t\t\t\t\t<div class=\"elementor-container elementor-column-gap-default\">\n\t\t\t\t\t<div class=\"elementor-column elementor-col-100 elementor-top-column elementor-element elementor-element-dd1c831\" data-id=\"dd1c831\" data-element_type=\"column\">\n\t\t\t<div class=\"elementor-widget-wrap elementor-element-populated\">\n\t\t\t\t\t\t<div class=\"elementor-element elementor-element-3d7c462 elementor-widget elementor-widget-text-editor\" data-id=\"3d7c462\" data-element_type=\"widget\" data-widget_type=\"text-editor.default\">\n\t\t\t\t<div class=\"elementor-widget-container\">\n\t\t\t\t\t\t\t\t\t<p><span style=\"color: #0c9f5d\"><strong>V\u00e4lkommen till Akilles P2016!<\/strong><\/span><\/p><p>Akilles P2016 \u00e4r ett energiskt och entusiastiskt fotbollslag som tr\u00e4nar regelbundet och deltar i olika turneringar och matcher. Vi fokuserar p\u00e5 att utveckla v\u00e5ra spelare b\u00e5de individuellt och som ett lag, med m\u00e5let att skapa en positiv laganda d\u00e4r alla kan utvecklas som fotbollsspelare och ha roligt p\u00e5 samma g\u00e5ng.<\/p><p>Under tr\u00e4ningarna arbetar vi med teknik, taktik och lagspel, samtidigt som vi uppmuntrar till kamratskap och sportsmannaanda. Vi har flera engagerade f\u00f6r\u00e4ldrar som ser till att verksamheten fungerar. Vi arbetar aktivt f\u00f6r att skapa en trygg och st\u00f6ttande atmosf\u00e4r d\u00e4r alla spelare k\u00e4nner sig v\u00e4lkomna och uppskattade.<\/p><p><span style=\"color: #0c9f5d\"><strong>Tervetuloa Akilles P2016-joukkueeseen!<\/strong><\/span><\/p><p>Akilles P2016 on energinen ja innostunut jalkapallojoukkue, joka harjoittelee s\u00e4\u00e4nn\u00f6llisesti ja osallistuu erilaisiin turnauksiin ja otteluihin. Keskitymme kehitt\u00e4m\u00e4\u00e4n pelaajiamme sek\u00e4 yksil\u00f6in\u00e4 ett\u00e4 joukkueena, tavoitteena luoda positiivinen joukkuehenki, jossa kaikki voivat kehitty\u00e4 jalkapalloilijoina ja pit\u00e4\u00e4 hauskaa samalla.<\/p><p>Harjoituksissa ty\u00f6skentelemme tekniikan, taktiikan ja joukkuepelin parissa, samalla kun kannustamme toveruuteen ja urheiluhenkeen. Meill\u00e4 on useita sitoutuneita vanhempia, jotka varmistavat toiminnan sujuvuuden. Pyrimme aktiivisesti luomaan turvallisen ja tukevan ilmapiirin, jossa kaikki pelaajat tuntevat itsens\u00e4 tervetulleiksi ja arvostetuiksi.<\/p>\t\t\t\t\t\t\t\t<\/div>\n\t\t\t\t<\/div>\n\t\t\t\t\t<\/div>\n\t\t<\/div>\n\t\t\t\t\t<\/div>\n\t\t<\/section>\n\t\t\t\t<section class=\"elementor-section elementor-top-section elementor-element elementor-element-2a9544c elementor-section-boxed elementor-section-height-default elementor-section-height-default\" data-id=\"2a9544c\" data-element_type=\"section\">\n\t\t\t\t\t\t<div class=\"elementor-container elementor-column-gap-default\">\n\t\t\t\t\t<div class=\"elementor-column elementor-col-100 elementor-top-column elementor-element elementor-element-a87b313\" data-id=\"a87b313\" data-element_type=\"column\">\n\t\t\t<div class=\"elementor-widget-wrap elementor-element-populated\">\n\t\t\t\t\t\t<div class=\"elementor-element elementor-element-f9d7306 elementor-widget elementor-widget-heading\" data-id=\"f9d7306\" data-element_type=\"widget\" data-widget_type=\"heading.default\">\n\t\t\t\t<div class=\"elementor-widget-container\">\n\t\t\t\t\t<h2 class=\"elementor-heading-title elementor-size-default\">Kontakt \u2013 Yhteystiedot<\/h2>\t\t\t\t<\/div>\n\t\t\t\t<\/div>\n\t\t\t\t<div class=\"elementor-element elementor-element-fd3d32f elementor-widget elementor-widget-text-editor\" data-id=\"fd3d32f\" data-element_type=\"widget\" data-widget_type=\"text-editor.default\">\n\t\t\t\t<div class=\"elementor-widget-container\">\n\t\t\t\t\t\t\t\t\t<p>Lagledare &#8211; Joukkueenjohtaja<\/p><p>Sara Bj\u00f6rkl\u00f6f\u00a0<\/p><p>fotboll.p2016@akilles.fi<\/p>\t\t\t\t\t\t\t\t<\/div>\n\t\t\t\t<\/div>\n\t\t\t\t\t<\/div>\n\t\t<\/div>\n\t\t\t\t\t<\/div>\n\t\t<\/section>\n\t\t\t\t<section class=\"elementor-section elementor-top-section elementor-element elementor-element-3b2c949 elementor-section-boxed elementor-section-height-default elementor-section-height-default\" data-id=\"3b2c949\" data-element_type=\"section\">\n\t\t\t\t\t\t<div class=\"elementor-container elementor-column-gap-default\">\n\t\t\t\t\t<div class=\"elementor-column elementor-col-100 elementor-top-column elementor-element elementor-element-e202004\" data-id=\"e202004\" data-element_type=\"column\">\n\t\t\t<div class=\"elementor-widget-wrap elementor-element-populated\">\n\t\t\t\t\t\t<div class=\"elementor-element elementor-element-aa03998 elementor-widget elementor-widget-heading\" data-id=\"aa03998\" data-element_type=\"widget\" data-widget_type=\"heading.default\">\n\t\t\t\t<div class=\"elementor-widget-container\">\n\t\t\t\t\t<h2 class=\"elementor-heading-title elementor-size-default\">Anm\u00e4l dig \u2013 Ilmottaudu mukaan\n<\/h2>\t\t\t\t<\/div>\n\t\t\t\t<\/div>\n\t\t\t\t<div class=\"elementor-element elementor-element-4afed9c elementor-widget elementor-widget-text-editor\" data-id=\"4afed9c\" data-element_type=\"widget\" data-widget_type=\"text-editor.default\">\n\t\t\t\t<div class=\"elementor-widget-container\">\n\t\t\t\t\t\t\t\t\t<p>\u00c4r du intresserad att komma med? Kontakta lagledare Sara Bj\u00f6rkl\u00f6f\u00a0 fotboll.p2016@akilles.fi f\u00f6re du kommer p\u00e5 tr\u00e4ningen (begr\u00e4nsat antal platser).<\/p><p>Haluatko tulla mukaan? Ilmoittaudu etuk\u00e4teen joukkueenjohtaja Saralle fotboll.p2016@akilles.fi (rajoitetusti paikkoja).<\/p>\t\t\t\t\t\t\t\t<\/div>\n\t\t\t\t<\/div>\n\t\t\t\t\t<\/div>\n\t\t<\/div>\n\t\t\t\t\t<\/div>\n\t\t<\/section>\n\t\t\t\t<\/div>\n\t\t","protected":false},"excerpt":{"rendered":"<p>P2016 V\u00e4lkommen till Akilles P2016! Akilles P2016 \u00e4r ett energiskt och entusiastiskt fotbollslag som tr\u00e4nar regelbundet och deltar i olika turneringar och matcher. Vi fokuserar p\u00e5 att utveckla v\u00e5ra spelare b\u00e5de individuellt och som ett lag, med m\u00e5let att skapa en positiv laganda d\u00e4r alla kan utvecklas som fotbollsspelare och ha roligt p\u00e5 samma g\u00e5ng. [&hellip;]<\/p>\n","protected":false},"author":2,"featured_media":0,"parent":0,"menu_order":0,"comment_status":"closed","ping_status":"closed","template":"","meta":{"_crdt_document":"","footnotes":""},"class_list":["post-853","page","type-page","status-publish","hentry"],"yoast_head":"<!-- This site is optimized with the Yoast SEO plugin v27.4 - https:\/\/yoast.com\/product\/yoast-seo-wordpress\/ -->\n<title>P2016 - Fotboll - Jalkapallo<\/title>\n<meta name=\"robots\" content=\"index, follow, max-snippet:-1, max-image-preview:large, max-video-preview:-1\" \/>\n<link rel=\"canonical\" href=\"https:\/\/www.akilles.fi\/fotboll\/pojkar-16-18-pojat-12-15\/\" \/>\n<meta property=\"og:locale\" content=\"sv_SE\" \/>\n<meta property=\"og:type\" content=\"article\" \/>\n<meta property=\"og:title\" content=\"P2016 - Fotboll - Jalkapallo\" \/>\n<meta property=\"og:description\" content=\"P2016 V\u00e4lkommen till Akilles P2016! Akilles P2016 \u00e4r ett energiskt och entusiastiskt fotbollslag som tr\u00e4nar regelbundet och deltar i olika turneringar och matcher. Vi fokuserar p\u00e5 att utveckla v\u00e5ra spelare b\u00e5de individuellt och som ett lag, med m\u00e5let att skapa en positiv laganda d\u00e4r alla kan utvecklas som fotbollsspelare och ha roligt p\u00e5 samma g\u00e5ng. [&hellip;]\" \/>\n<meta property=\"og:url\" content=\"https:\/\/www.akilles.fi\/fotboll\/pojkar-16-18-pojat-12-15\/\" \/>\n<meta property=\"og:site_name\" content=\"Fotboll - Jalkapallo\" \/>\n<meta property=\"article:modified_time\" content=\"2025-04-08T19:05:47+00:00\" \/>\n<meta property=\"og:image\" content=\"https:\/\/www.akilles.fi\/fotboll\/wp-content\/uploads\/sites\/21\/2024\/08\/P2017-2018-1024x413.png\" \/>\n\t<meta property=\"og:image:width\" content=\"1024\" \/>\n\t<meta property=\"og:image:height\" content=\"413\" \/>\n\t<meta property=\"og:image:type\" content=\"image\/png\" \/>\n<meta name=\"twitter:card\" content=\"summary_large_image\" \/>\n<meta name=\"twitter:label1\" content=\"Ber\u00e4knad l\u00e4stid\" \/>\n\t<meta name=\"twitter:data1\" content=\"2 minuter\" \/>\n<script type=\"application\/ld+json\" class=\"yoast-schema-graph\">{\"@context\":\"https:\\\/\\\/schema.org\",\"@graph\":[{\"@type\":\"WebPage\",\"@id\":\"https:\\\/\\\/www.akilles.fi\\\/fotboll\\\/pojkar-16-18-pojat-12-15\\\/\",\"url\":\"https:\\\/\\\/www.akilles.fi\\\/fotboll\\\/pojkar-16-18-pojat-12-15\\\/\",\"name\":\"P2016 - Fotboll - Jalkapallo\",\"isPartOf\":{\"@id\":\"https:\\\/\\\/www.akilles.fi\\\/fotboll\\\/#website\"},\"primaryImageOfPage\":{\"@id\":\"https:\\\/\\\/www.akilles.fi\\\/fotboll\\\/pojkar-16-18-pojat-12-15\\\/#primaryimage\"},\"image\":{\"@id\":\"https:\\\/\\\/www.akilles.fi\\\/fotboll\\\/pojkar-16-18-pojat-12-15\\\/#primaryimage\"},\"thumbnailUrl\":\"http:\\\/\\\/www.akilles.fi\\\/fotboll\\\/wp-content\\\/uploads\\\/sites\\\/21\\\/2024\\\/08\\\/P2017-2018-1024x413.png\",\"datePublished\":\"2022-02-14T10:58:24+00:00\",\"dateModified\":\"2025-04-08T19:05:47+00:00\",\"breadcrumb\":{\"@id\":\"https:\\\/\\\/www.akilles.fi\\\/fotboll\\\/pojkar-16-18-pojat-12-15\\\/#breadcrumb\"},\"inLanguage\":\"sv-SE\",\"potentialAction\":[{\"@type\":\"ReadAction\",\"target\":[\"https:\\\/\\\/www.akilles.fi\\\/fotboll\\\/pojkar-16-18-pojat-12-15\\\/\"]}]},{\"@type\":\"ImageObject\",\"inLanguage\":\"sv-SE\",\"@id\":\"https:\\\/\\\/www.akilles.fi\\\/fotboll\\\/pojkar-16-18-pojat-12-15\\\/#primaryimage\",\"url\":\"http:\\\/\\\/www.akilles.fi\\\/fotboll\\\/wp-content\\\/uploads\\\/sites\\\/21\\\/2024\\\/08\\\/P2017-2018-1024x413.png\",\"contentUrl\":\"http:\\\/\\\/www.akilles.fi\\\/fotboll\\\/wp-content\\\/uploads\\\/sites\\\/21\\\/2024\\\/08\\\/P2017-2018-1024x413.png\"},{\"@type\":\"BreadcrumbList\",\"@id\":\"https:\\\/\\\/www.akilles.fi\\\/fotboll\\\/pojkar-16-18-pojat-12-15\\\/#breadcrumb\",\"itemListElement\":[{\"@type\":\"ListItem\",\"position\":1,\"name\":\"Home\",\"item\":\"https:\\\/\\\/www.akilles.fi\\\/fotboll\\\/\"},{\"@type\":\"ListItem\",\"position\":2,\"name\":\"P2016\"}]},{\"@type\":\"WebSite\",\"@id\":\"https:\\\/\\\/www.akilles.fi\\\/fotboll\\\/#website\",\"url\":\"https:\\\/\\\/www.akilles.fi\\\/fotboll\\\/\",\"name\":\"Fotboll - Jalkapallo\",\"description\":\"Borg\u00e5 Akilles Fotboll - Porvoon Akilles Jalkapallo\",\"potentialAction\":[{\"@type\":\"SearchAction\",\"target\":{\"@type\":\"EntryPoint\",\"urlTemplate\":\"https:\\\/\\\/www.akilles.fi\\\/fotboll\\\/?s={search_term_string}\"},\"query-input\":{\"@type\":\"PropertyValueSpecification\",\"valueRequired\":true,\"valueName\":\"search_term_string\"}}],\"inLanguage\":\"sv-SE\"}]}<\/script>\n<!-- \/ Yoast SEO plugin. -->","yoast_head_json":{"title":"P2016 - Fotboll - Jalkapallo","robots":{"index":"index","follow":"follow","max-snippet":"max-snippet:-1","max-image-preview":"max-image-preview:large","max-video-preview":"max-video-preview:-1"},"canonical":"https:\/\/www.akilles.fi\/fotboll\/pojkar-16-18-pojat-12-15\/","og_locale":"sv_SE","og_type":"article","og_title":"P2016 - Fotboll - Jalkapallo","og_description":"P2016 V\u00e4lkommen till Akilles P2016! Akilles P2016 \u00e4r ett energiskt och entusiastiskt fotbollslag som tr\u00e4nar regelbundet och deltar i olika turneringar och matcher. Vi fokuserar p\u00e5 att utveckla v\u00e5ra spelare b\u00e5de individuellt och som ett lag, med m\u00e5let att skapa en positiv laganda d\u00e4r alla kan utvecklas som fotbollsspelare och ha roligt p\u00e5 samma g\u00e5ng. [&hellip;]","og_url":"https:\/\/www.akilles.fi\/fotboll\/pojkar-16-18-pojat-12-15\/","og_site_name":"Fotboll - Jalkapallo","article_modified_time":"2025-04-08T19:05:47+00:00","og_image":[{"width":1024,"height":413,"url":"https:\/\/www.akilles.fi\/fotboll\/wp-content\/uploads\/sites\/21\/2024\/08\/P2017-2018-1024x413.png","type":"image\/png"}],"twitter_card":"summary_large_image","twitter_misc":{"Ber\u00e4knad l\u00e4stid":"2 minuter"},"schema":{"@context":"https:\/\/schema.org","@graph":[{"@type":"WebPage","@id":"https:\/\/www.akilles.fi\/fotboll\/pojkar-16-18-pojat-12-15\/","url":"https:\/\/www.akilles.fi\/fotboll\/pojkar-16-18-pojat-12-15\/","name":"P2016 - Fotboll - Jalkapallo","isPartOf":{"@id":"https:\/\/www.akilles.fi\/fotboll\/#website"},"primaryImageOfPage":{"@id":"https:\/\/www.akilles.fi\/fotboll\/pojkar-16-18-pojat-12-15\/#primaryimage"},"image":{"@id":"https:\/\/www.akilles.fi\/fotboll\/pojkar-16-18-pojat-12-15\/#primaryimage"},"thumbnailUrl":"http:\/\/www.akilles.fi\/fotboll\/wp-content\/uploads\/sites\/21\/2024\/08\/P2017-2018-1024x413.png","datePublished":"2022-02-14T10:58:24+00:00","dateModified":"2025-04-08T19:05:47+00:00","breadcrumb":{"@id":"https:\/\/www.akilles.fi\/fotboll\/pojkar-16-18-pojat-12-15\/#breadcrumb"},"inLanguage":"sv-SE","potentialAction":[{"@type":"ReadAction","target":["https:\/\/www.akilles.fi\/fotboll\/pojkar-16-18-pojat-12-15\/"]}]},{"@type":"ImageObject","inLanguage":"sv-SE","@id":"https:\/\/www.akilles.fi\/fotboll\/pojkar-16-18-pojat-12-15\/#primaryimage","url":"http:\/\/www.akilles.fi\/fotboll\/wp-content\/uploads\/sites\/21\/2024\/08\/P2017-2018-1024x413.png","contentUrl":"http:\/\/www.akilles.fi\/fotboll\/wp-content\/uploads\/sites\/21\/2024\/08\/P2017-2018-1024x413.png"},{"@type":"BreadcrumbList","@id":"https:\/\/www.akilles.fi\/fotboll\/pojkar-16-18-pojat-12-15\/#breadcrumb","itemListElement":[{"@type":"ListItem","position":1,"name":"Home","item":"https:\/\/www.akilles.fi\/fotboll\/"},{"@type":"ListItem","position":2,"name":"P2016"}]},{"@type":"WebSite","@id":"https:\/\/www.akilles.fi\/fotboll\/#website","url":"https:\/\/www.akilles.fi\/fotboll\/","name":"Fotboll - Jalkapallo","description":"Borg\u00e5 Akilles Fotboll - Porvoon Akilles Jalkapallo","potentialAction":[{"@type":"SearchAction","target":{"@type":"EntryPoint","urlTemplate":"https:\/\/www.akilles.fi\/fotboll\/?s={search_term_string}"},"query-input":{"@type":"PropertyValueSpecification","valueRequired":true,"valueName":"search_term_string"}}],"inLanguage":"sv-SE"}]}},"_links":{"self":[{"href":"https:\/\/www.akilles.fi\/fotboll\/wp-json\/wp\/v2\/pages\/853","targetHints":{"allow":["GET"]}}],"collection":[{"href":"https:\/\/www.akilles.fi\/fotboll\/wp-json\/wp\/v2\/pages"}],"about":[{"href":"https:\/\/www.akilles.fi\/fotboll\/wp-json\/wp\/v2\/types\/page"}],"author":[{"embeddable":true,"href":"https:\/\/www.akilles.fi\/fotboll\/wp-json\/wp\/v2\/users\/2"}],"replies":[{"embeddable":true,"href":"https:\/\/www.akilles.fi\/fotboll\/wp-json\/wp\/v2\/comments?post=853"}],"version-history":[{"count":97,"href":"https:\/\/www.akilles.fi\/fotboll\/wp-json\/wp\/v2\/pages\/853\/revisions"}],"predecessor-version":[{"id":2070,"href":"https:\/\/www.akilles.fi\/fotboll\/wp-json\/wp\/v2\/pages\/853\/revisions\/2070"}],"wp:attachment":[{"href":"https:\/\/www.akilles.fi\/fotboll\/wp-json\/wp\/v2\/media?parent=853"}],"curies":[{"name":"wp","href":"https:\/\/api.w.org\/{rel}","templated":true}]}}