{"id":10459,"date":"2021-12-26T17:04:13","date_gmt":"2021-12-26T17:04:13","guid":{"rendered":"https:\/\/www.akilles.fi\/friidrott\/?page_id=10459"},"modified":"2023-10-23T16:06:04","modified_gmt":"2023-10-23T16:06:04","slug":"diskus-slagggruppen-kiekko-moukariryhma","status":"publish","type":"page","link":"https:\/\/www.akilles.fi\/friidrott\/diskus-slagggruppen-kiekko-moukariryhma\/","title":{"rendered":"Diskus-. sl\u00e4ggruppen &#8211; Kiekko-, moukariryhm\u00e4"},"content":{"rendered":"\t\t<div data-elementor-type=\"wp-page\" data-elementor-id=\"10459\" class=\"elementor elementor-10459\" data-elementor-post-type=\"page\">\n\t\t\t\t\t\t<section class=\"elementor-section elementor-top-section elementor-element elementor-element-5d99b30 elementor-section-boxed elementor-section-height-default elementor-section-height-default\" data-id=\"5d99b30\" data-element_type=\"section\">\n\t\t\t\t\t\t<div class=\"elementor-container elementor-column-gap-default\">\n\t\t\t\t\t<div class=\"elementor-column elementor-col-50 elementor-top-column elementor-element elementor-element-34efca8\" data-id=\"34efca8\" data-element_type=\"column\">\n\t\t\t<div class=\"elementor-widget-wrap elementor-element-populated\">\n\t\t\t\t\t\t<div class=\"elementor-element elementor-element-5cf49de elementor-widget elementor-widget-text-editor\" data-id=\"5cf49de\" data-element_type=\"widget\" data-widget_type=\"text-editor.default\">\n\t\t\t\t<div class=\"elementor-widget-container\">\n\t\t\t\t\t\t\t\t\t<p>Sl\u00e4gga: Thomas Backlund 044-2723437, thomas.backlund(at)bop.fi<\/p><p>Diskus: Kaj Ollas 040-7389044 , kaj_ollas(at)hotmail.com<br \/><br \/>Kontakta tr\u00e4narna f\u00f6r n\u00e4rmare information \/ <br \/>Ottakaa yhteytt\u00e4 valmentajiin<\/p>\t\t\t\t\t\t\t\t<\/div>\n\t\t\t\t<\/div>\n\t\t\t\t\t<\/div>\n\t\t<\/div>\n\t\t\t\t<div class=\"elementor-column elementor-col-50 elementor-top-column elementor-element elementor-element-dd1d45c\" data-id=\"dd1d45c\" data-element_type=\"column\">\n\t\t\t<div class=\"elementor-widget-wrap elementor-element-populated\">\n\t\t\t\t\t\t<div class=\"elementor-element elementor-element-c7692ab elementor-widget elementor-widget-text-editor\" data-id=\"c7692ab\" data-element_type=\"widget\" data-widget_type=\"text-editor.default\">\n\t\t\t\t<div class=\"elementor-widget-container\">\n\t\t\t\t\t\t\t\t\t<table border=\"1\" width=\"486\" cellspacing=\"1\" cellpadding=\"1\"><tbody><tr><td colspan=\"4\"><b><strong>Pojkar, flickor f\u00f6dda 2002-2010 synt. pojat ja tyt\u00f6t<\/strong><\/b><\/td><\/tr><tr><td>Borgbackens kastplan Linnanm\u00e4en heittokentt\u00e4<\/td><td>\u00a0<\/td><td>\u00a0<\/td><td>\u00a0<\/td><\/tr><tr><td>Borgbackens kastplan Linnanm\u00e4en heittokentt\u00e4<\/td><td>\u00a0<\/td><td>\u00a0<\/td><td>\u00a0<\/td><\/tr><tr><td>Borgbackens kastplan Linnanm\u00e4en heittokentt\u00e4<\/td><td>\u00a0<\/td><td>\u00a0<\/td><td>\u00a0<\/td><\/tr><tr><td colspan=\"4\"><b><strong>OBS! <\/strong>Nya flickor och pojkar kan anm\u00e4la sig vid tr\u00e4ningarna<\/b><\/td><\/tr><\/tbody><\/table>\t\t\t\t\t\t\t\t<\/div>\n\t\t\t\t<\/div>\n\t\t\t\t<div class=\"elementor-element elementor-element-b56d457 elementor-widget elementor-widget-text-editor\" data-id=\"b56d457\" data-element_type=\"widget\" data-widget_type=\"text-editor.default\">\n\t\t\t\t<div class=\"elementor-widget-container\">\n\t\t\t\t\t\t\t\t\t<!-- myClub embed JS - start -->\n<div class=\"myclub-embed\" data-url=\"https:\/\/akilles.myclub.fi\/groups\/38344\/event_embeds\/17675?token=858b3534f9c7f29788145d170b92d1cbe4a0d652\"><\/div>\n<script>(function(d, s, id) { var js, mjs = d.getElementsByTagName(s)[0]; if (d.getElementById(id)) return; js = d.createElement(s); js.id = id; js.async = true; js.src = \"https:\/\/d2ubdm6yoox6gh.cloudfront.net\/assets\/myclub-embed.js\"; mjs.parentNode.insertBefore(js, mjs); }(document, 'script', 'myclub-embed-js'));<\/script>\n<!-- myClub embed JS - end -->\n\t\t\t\t\t\t\t\t<\/div>\n\t\t\t\t<\/div>\n\t\t\t\t\t<\/div>\n\t\t<\/div>\n\t\t\t\t\t<\/div>\n\t\t<\/section>\n\t\t\t\t<\/div>\n\t\t","protected":false},"excerpt":{"rendered":"<p>Sl\u00e4gga: Thomas Backlund 044-2723437, thomas.backlund(at)bop.fi Diskus: Kaj Ollas 040-7389044 , kaj_ollas(at)hotmail.com Kontakta tr\u00e4narna f\u00f6r n\u00e4rmare information \/ Ottakaa yhteytt\u00e4 valmentajiin Pojkar, flickor f\u00f6dda 2002-2010 synt. pojat ja tyt\u00f6t Borgbackens kastplan Linnanm\u00e4en heittokentt\u00e4 \u00a0 \u00a0 \u00a0 Borgbackens kastplan Linnanm\u00e4en heittokentt\u00e4 \u00a0 \u00a0 \u00a0 Borgbackens kastplan Linnanm\u00e4en heittokentt\u00e4 \u00a0 \u00a0 \u00a0 OBS! Nya flickor och pojkar kan [&hellip;]<\/p>\n","protected":false},"author":3,"featured_media":0,"parent":0,"menu_order":0,"comment_status":"closed","ping_status":"closed","template":"","meta":{"_crdt_document":"","footnotes":""},"class_list":["post-10459","page","type-page","status-publish","hentry"],"yoast_head":"<!-- This site is optimized with the Yoast SEO plugin v26.8 - https:\/\/yoast.com\/product\/yoast-seo-wordpress\/ -->\n<title>Diskus-. sl\u00e4ggruppen - Kiekko-, moukariryhm\u00e4 - Friidrott - Yleisurheilu<\/title>\n<meta name=\"robots\" content=\"index, follow, max-snippet:-1, max-image-preview:large, max-video-preview:-1\" \/>\n<link rel=\"canonical\" href=\"https:\/\/www.akilles.fi\/friidrott\/diskus-slagggruppen-kiekko-moukariryhma\/\" \/>\n<meta property=\"og:locale\" content=\"sv_SE\" \/>\n<meta property=\"og:type\" content=\"article\" \/>\n<meta property=\"og:title\" content=\"Diskus-. sl\u00e4ggruppen - Kiekko-, moukariryhm\u00e4 - Friidrott - Yleisurheilu\" \/>\n<meta property=\"og:description\" content=\"Sl\u00e4gga: Thomas Backlund 044-2723437, thomas.backlund(at)bop.fi Diskus: Kaj Ollas 040-7389044 , kaj_ollas(at)hotmail.com Kontakta tr\u00e4narna f\u00f6r n\u00e4rmare information \/ Ottakaa yhteytt\u00e4 valmentajiin Pojkar, flickor f\u00f6dda 2002-2010 synt. pojat ja tyt\u00f6t Borgbackens kastplan Linnanm\u00e4en heittokentt\u00e4 \u00a0 \u00a0 \u00a0 Borgbackens kastplan Linnanm\u00e4en heittokentt\u00e4 \u00a0 \u00a0 \u00a0 Borgbackens kastplan Linnanm\u00e4en heittokentt\u00e4 \u00a0 \u00a0 \u00a0 OBS! Nya flickor och pojkar kan [&hellip;]\" \/>\n<meta property=\"og:url\" content=\"https:\/\/www.akilles.fi\/friidrott\/diskus-slagggruppen-kiekko-moukariryhma\/\" \/>\n<meta property=\"og:site_name\" content=\"Friidrott - Yleisurheilu\" \/>\n<meta property=\"article:modified_time\" content=\"2023-10-23T16:06:04+00:00\" \/>\n<meta name=\"twitter:card\" content=\"summary_large_image\" \/>\n<meta name=\"twitter:label1\" content=\"Ber\u00e4knad l\u00e4stid\" \/>\n\t<meta name=\"twitter:data1\" content=\"1 minut\" \/>\n<script type=\"application\/ld+json\" class=\"yoast-schema-graph\">{\"@context\":\"https:\/\/schema.org\",\"@graph\":[{\"@type\":\"WebPage\",\"@id\":\"https:\/\/www.akilles.fi\/friidrott\/diskus-slagggruppen-kiekko-moukariryhma\/\",\"url\":\"https:\/\/www.akilles.fi\/friidrott\/diskus-slagggruppen-kiekko-moukariryhma\/\",\"name\":\"Diskus-. sl\u00e4ggruppen - Kiekko-, moukariryhm\u00e4 - Friidrott - Yleisurheilu\",\"isPartOf\":{\"@id\":\"https:\/\/www.akilles.fi\/friidrott\/#website\"},\"datePublished\":\"2021-12-26T17:04:13+00:00\",\"dateModified\":\"2023-10-23T16:06:04+00:00\",\"breadcrumb\":{\"@id\":\"https:\/\/www.akilles.fi\/friidrott\/diskus-slagggruppen-kiekko-moukariryhma\/#breadcrumb\"},\"inLanguage\":\"sv-SE\",\"potentialAction\":[{\"@type\":\"ReadAction\",\"target\":[\"https:\/\/www.akilles.fi\/friidrott\/diskus-slagggruppen-kiekko-moukariryhma\/\"]}]},{\"@type\":\"BreadcrumbList\",\"@id\":\"https:\/\/www.akilles.fi\/friidrott\/diskus-slagggruppen-kiekko-moukariryhma\/#breadcrumb\",\"itemListElement\":[{\"@type\":\"ListItem\",\"position\":1,\"name\":\"Home\",\"item\":\"https:\/\/www.akilles.fi\/friidrott\/\"},{\"@type\":\"ListItem\",\"position\":2,\"name\":\"Diskus-. sl\u00e4ggruppen &#8211; Kiekko-, moukariryhm\u00e4\"}]},{\"@type\":\"WebSite\",\"@id\":\"https:\/\/www.akilles.fi\/friidrott\/#website\",\"url\":\"https:\/\/www.akilles.fi\/friidrott\/\",\"name\":\"Friidrott - Yleisurheilu\",\"description\":\"Borg\u00e5 Akilles Friidrott- Porvoon Akilles Yleisurheilu\",\"potentialAction\":[{\"@type\":\"SearchAction\",\"target\":{\"@type\":\"EntryPoint\",\"urlTemplate\":\"https:\/\/www.akilles.fi\/friidrott\/?s={search_term_string}\"},\"query-input\":{\"@type\":\"PropertyValueSpecification\",\"valueRequired\":true,\"valueName\":\"search_term_string\"}}],\"inLanguage\":\"sv-SE\"}]}<\/script>\n<!-- \/ Yoast SEO plugin. -->","yoast_head_json":{"title":"Diskus-. sl\u00e4ggruppen - Kiekko-, moukariryhm\u00e4 - Friidrott - Yleisurheilu","robots":{"index":"index","follow":"follow","max-snippet":"max-snippet:-1","max-image-preview":"max-image-preview:large","max-video-preview":"max-video-preview:-1"},"canonical":"https:\/\/www.akilles.fi\/friidrott\/diskus-slagggruppen-kiekko-moukariryhma\/","og_locale":"sv_SE","og_type":"article","og_title":"Diskus-. sl\u00e4ggruppen - Kiekko-, moukariryhm\u00e4 - Friidrott - Yleisurheilu","og_description":"Sl\u00e4gga: Thomas Backlund 044-2723437, thomas.backlund(at)bop.fi Diskus: Kaj Ollas 040-7389044 , kaj_ollas(at)hotmail.com Kontakta tr\u00e4narna f\u00f6r n\u00e4rmare information \/ Ottakaa yhteytt\u00e4 valmentajiin Pojkar, flickor f\u00f6dda 2002-2010 synt. pojat ja tyt\u00f6t Borgbackens kastplan Linnanm\u00e4en heittokentt\u00e4 \u00a0 \u00a0 \u00a0 Borgbackens kastplan Linnanm\u00e4en heittokentt\u00e4 \u00a0 \u00a0 \u00a0 Borgbackens kastplan Linnanm\u00e4en heittokentt\u00e4 \u00a0 \u00a0 \u00a0 OBS! Nya flickor och pojkar kan [&hellip;]","og_url":"https:\/\/www.akilles.fi\/friidrott\/diskus-slagggruppen-kiekko-moukariryhma\/","og_site_name":"Friidrott - Yleisurheilu","article_modified_time":"2023-10-23T16:06:04+00:00","twitter_card":"summary_large_image","twitter_misc":{"Ber\u00e4knad l\u00e4stid":"1 minut"},"schema":{"@context":"https:\/\/schema.org","@graph":[{"@type":"WebPage","@id":"https:\/\/www.akilles.fi\/friidrott\/diskus-slagggruppen-kiekko-moukariryhma\/","url":"https:\/\/www.akilles.fi\/friidrott\/diskus-slagggruppen-kiekko-moukariryhma\/","name":"Diskus-. sl\u00e4ggruppen - Kiekko-, moukariryhm\u00e4 - Friidrott - Yleisurheilu","isPartOf":{"@id":"https:\/\/www.akilles.fi\/friidrott\/#website"},"datePublished":"2021-12-26T17:04:13+00:00","dateModified":"2023-10-23T16:06:04+00:00","breadcrumb":{"@id":"https:\/\/www.akilles.fi\/friidrott\/diskus-slagggruppen-kiekko-moukariryhma\/#breadcrumb"},"inLanguage":"sv-SE","potentialAction":[{"@type":"ReadAction","target":["https:\/\/www.akilles.fi\/friidrott\/diskus-slagggruppen-kiekko-moukariryhma\/"]}]},{"@type":"BreadcrumbList","@id":"https:\/\/www.akilles.fi\/friidrott\/diskus-slagggruppen-kiekko-moukariryhma\/#breadcrumb","itemListElement":[{"@type":"ListItem","position":1,"name":"Home","item":"https:\/\/www.akilles.fi\/friidrott\/"},{"@type":"ListItem","position":2,"name":"Diskus-. sl\u00e4ggruppen &#8211; Kiekko-, moukariryhm\u00e4"}]},{"@type":"WebSite","@id":"https:\/\/www.akilles.fi\/friidrott\/#website","url":"https:\/\/www.akilles.fi\/friidrott\/","name":"Friidrott - Yleisurheilu","description":"Borg\u00e5 Akilles Friidrott- Porvoon Akilles Yleisurheilu","potentialAction":[{"@type":"SearchAction","target":{"@type":"EntryPoint","urlTemplate":"https:\/\/www.akilles.fi\/friidrott\/?s={search_term_string}"},"query-input":{"@type":"PropertyValueSpecification","valueRequired":true,"valueName":"search_term_string"}}],"inLanguage":"sv-SE"}]}},"_links":{"self":[{"href":"https:\/\/www.akilles.fi\/friidrott\/wp-json\/wp\/v2\/pages\/10459","targetHints":{"allow":["GET"]}}],"collection":[{"href":"https:\/\/www.akilles.fi\/friidrott\/wp-json\/wp\/v2\/pages"}],"about":[{"href":"https:\/\/www.akilles.fi\/friidrott\/wp-json\/wp\/v2\/types\/page"}],"author":[{"embeddable":true,"href":"https:\/\/www.akilles.fi\/friidrott\/wp-json\/wp\/v2\/users\/3"}],"replies":[{"embeddable":true,"href":"https:\/\/www.akilles.fi\/friidrott\/wp-json\/wp\/v2\/comments?post=10459"}],"version-history":[{"count":11,"href":"https:\/\/www.akilles.fi\/friidrott\/wp-json\/wp\/v2\/pages\/10459\/revisions"}],"predecessor-version":[{"id":20677,"href":"https:\/\/www.akilles.fi\/friidrott\/wp-json\/wp\/v2\/pages\/10459\/revisions\/20677"}],"wp:attachment":[{"href":"https:\/\/www.akilles.fi\/friidrott\/wp-json\/wp\/v2\/media?parent=10459"}],"curies":[{"name":"wp","href":"https:\/\/api.w.org\/{rel}","templated":true}]}}