{"id":1072,"date":"2019-01-14T16:12:23","date_gmt":"2019-01-14T14:12:23","guid":{"rendered":"http:\/\/94.237.33.215\/~akilles\/nyasida\/friidrott\/?page_id=1072"},"modified":"2024-10-07T13:49:18","modified_gmt":"2024-10-07T13:49:18","slug":"deltagare-i-os-vm-em-ok-mm-em-osanottajat","status":"publish","type":"page","link":"https:\/\/www.akilles.fi\/friidrott\/deltagare-i-os-vm-em-ok-mm-em-osanottajat\/","title":{"rendered":"Deltagare i OS, VM, EM &#8211; OK-, MM-, EM-osanottajat"},"content":{"rendered":"\t\t<div data-elementor-type=\"wp-post\" data-elementor-id=\"1072\" class=\"elementor elementor-1072\" data-elementor-post-type=\"page\">\n\t\t\t\t\t\t<section class=\"elementor-section elementor-top-section elementor-element elementor-element-3b5d68e elementor-section-boxed elementor-section-height-default elementor-section-height-default\" data-id=\"3b5d68e\" data-element_type=\"section\">\n\t\t\t\t\t\t<div class=\"elementor-container elementor-column-gap-default\">\n\t\t\t\t\t<div class=\"elementor-column elementor-col-50 elementor-top-column elementor-element elementor-element-dd2d70a\" data-id=\"dd2d70a\" data-element_type=\"column\">\n\t\t\t<div class=\"elementor-widget-wrap elementor-element-populated\">\n\t\t\t\t\t\t<div class=\"elementor-element elementor-element-30187bc elementor-widget elementor-widget-text-editor\" data-id=\"30187bc\" data-element_type=\"widget\" data-widget_type=\"text-editor.default\">\n\t\t\t\t<div class=\"elementor-widget-container\">\n\t\t\t\t\t\t\t\t\t<table width=\"670\" align=\"left\"><tbody><tr><td><strong>OS<\/strong><\/td><td>\u00a0<\/td><td>\u00a0<\/td><td>\u00a0<\/td><td>\u00a0<\/td><td>\u00a0<\/td><td>\u00a0<\/td><\/tr><tr><td><div><p>1912 Stockholm, SWE<\/p><\/div><\/td><td><div><p>Eemil Kukko (14.5.1888-25.7.1963)<\/p><\/div><\/td><td><div>herrar<br \/>herrar<br \/>herrar<\/div><\/td><td><div>l\u00e4ngd<br \/>spjut<br \/>femkamp<\/div><\/td><td><div>24.<br \/>18.<\/div><\/td><td><div>6,11<br \/>44,66<\/div><\/td><td><div>12.7.1912<br \/>6.7.1912<br \/>19.8.1912<\/div><\/td><\/tr><tr><td>\u00a0<\/td><td colspan=\"6\">Emil Kukko var 12. efter 4 grenar, startade inte p\u00e5 1500m<\/td><\/tr><tr><td>1920 Antwerpen, BEL<\/td><td>Heikki Liimatainen (14.3.1894-24.12.1980)<br \/>Heikki Liimatainen, P Nurmi, T Koskeniemi<br \/>Heikki Liimatainen<br \/>Heikki Liimatainen<\/td><td>herrar<br \/>herrar<br \/>10000m<br \/>10000m<\/td><td>terr\u00e4ng<br \/>terr\u00e4ng, lag<br \/>f\u00f6rs\u00f6k<br \/>final<\/td><td>3.<br \/>1.<br \/>1h3<br \/>7.<\/td><td>27.37,4<br \/>FIN<br \/>32.08,2h<\/td><td>23.8.1920<br \/>23.8.1920<br \/>19.8.1920<br \/>20.8.1920<\/td><\/tr><tr><td>1924 Paris, FRA<\/td><td>Heikki Liimatainen<br \/>Heikki Liimatainen, P Nurmi, V Ritola<\/td><td>herrar<br \/>herrar<\/td><td>terr\u00e4ng<br \/>terr\u00e4ng, lag<\/td><td>12.<br \/>1.<\/td><td>38.12,0<br \/>FIN<\/td><td>12.7.1924<br \/>12.7.1924<\/td><\/tr><tr><td>1936 Berlin, GER<\/td><td>Paul &#8221;Palle&#8221; Virtanen (19.1.1910- 30.9.2000)<br \/>Palle Virtanen<\/td><td>herrar<br \/>herrar<\/td><td>100m f\u00f6rs\u00f6k<br \/>4x100m<\/td><td>3h4<\/td><td>10,9h<\/td><td>2.8.1936<\/td><\/tr><tr><td>1956 Melbourne, AUS<\/td><td>Torbj\u00f6rn Lassenius (4.8.1931)<\/td><td>herrar<\/td><td>10-kamp<\/td><td>7.<\/td><td>6782p<\/td><td>30.11.1956<\/td><\/tr><tr><td>\u00a0<\/td><td>(11,8h, 6.62, 13.45, 1.70, 50,8h, 15,9h, 41.36, 3.80, 59.33, 4.36,2h)<\/td><td>\u00a0<\/td><td>\u00a0<\/td><td>\u00a0<\/td><td>\u00a0<\/td><td>\u00a0<\/td><\/tr><tr><td>2021 Tokyo, JAP<\/td><td>Sara Kuivisto (17.8.1991)<\/td><td>damer<\/td><td>800 m f\u00f6rs\u00f6k<br \/>800 m semifinal<\/td><td>4.h6<br \/>6.s2<\/td><td>2.00,15<br \/>1.59,41<\/td><td>30.07.2021<br \/>1.8.2021<\/td><\/tr><tr><td>2021 Tokyo, JAP<\/td><td>Sara Kuivisto (17.8.1991)<\/td><td>damer<\/td><td>1500 m f\u00f6rs\u00f6k<br \/>1500 m semifinal<\/td><td>4.h1<br \/>7.s2<\/td><td>4.04,10<br \/>4.02,35<\/td><td>2.8.2021<br \/>4.8.2021<\/td><\/tr><tr><td>2024 Paris, FRA<\/td><td>Sara Lappalainen<\/td><td>damer<\/td><td>1500 m f\u00f6rs\u00f6k<\/td><td>12.h2<\/td><td>4.08,66<\/td><td>6.8.2024<\/td><\/tr><tr><td>\u00a0<\/td><td>\u00a0<\/td><td>\u00a0<\/td><td>\u00a0<\/td><td>\u00a0<\/td><td>\u00a0<\/td><td>\u00a0<\/td><\/tr><tr><td><strong>VM<\/strong><\/td><td>\u00a0<\/td><td>\u00a0<\/td><td>\u00a0<\/td><td>\u00a0<\/td><td>\u00a0<\/td><td>\u00a0<\/td><\/tr><tr><td>1999 Sevilla, ESP<\/td><td>Johan Meriluoto (22.3.1974)<\/td><td>herrar<\/td><td>tresteg<\/td><td>37q<\/td><td>15,59<\/td><td>23.8.1999<\/td><\/tr><tr><td>2001 Edmonton, CAN<\/td><td>Johan Meriluoto<\/td><td>herrar<\/td><td>tresteg<\/td><td>10.<\/td><td>16,54<\/td><td>6.8.2001<\/td><\/tr><tr><td>2005 Helsingfors, FIN<\/td><td>Johan Meriluoto<\/td><td>herrar<\/td><td>tresteg<\/td><td>25q<\/td><td>16,01<\/td><td>10.8.2005<\/td><\/tr><tr><td>2019 Doha, QAT<\/td><td>Sara Kuivisto<\/td><td>damer<\/td><td>800 m<\/td><td>1h5<\/td><td>2.03,15<\/td><td>27.9.2019<\/td><\/tr><tr><td>2019 Doha, QAT<\/td><td>Sara Kuivisto<\/td><td>damer<\/td><td>1500 m<\/td><td>1h11<\/td><td>4.08,19<\/td><td>2.10.2019<\/td><\/tr><tr><td>2022 Belgrad, SRB<\/td><td>Sara Kuivisto<\/td><td>damer<\/td><td>1500 m<\/td><td>11.<\/td><td>4.12,79i<\/td><td>19.3.2022<\/td><\/tr><tr><td>\u00a0<\/td><td>\u00a0<\/td><td>\u00a0<\/td><td>\u00a0<\/td><td>\u00a0<\/td><td>\u00a0<\/td><td>\u00a0<\/td><\/tr><tr><td><strong>EM<\/strong><\/td><td>\u00a0<\/td><td>\u00a0<\/td><td>\u00a0<\/td><td>\u00a0<\/td><td>\u00a0<\/td><td>\u00a0<\/td><\/tr><tr><td>1934 Turin, ITA<\/td><td>John &#8221;Joppe&#8221; Lindroth (11.2.1906-12.8.1974)<\/td><td>herrar<\/td><td>stav<\/td><td>3.<\/td><td>390<\/td><td>7.9.1934<\/td><\/tr><tr><td>1954 Bern, CH<\/td><td>Torbj\u00f6rn Lassenius (4.8.1931)<\/td><td>herrar<\/td><td>10-kamp<\/td><td>2.<\/td><td>6676p<\/td><td>27.8.1954<\/td><\/tr><tr><td>\u00a0<\/td><td>(11,7h, 6.52, 12.29, 1.80, 51,9h, 15,6h, 35.81, 3.60, 64.93, 4.39,2h)<\/td><td>\u00a0<\/td><td>\u00a0<\/td><td>\u00a0<\/td><td>\u00a0<\/td><td>\u00a0<\/td><\/tr><tr><td>1966 Odessa, SOV<\/td><td>Bo Grahn (6.10.1947)<\/td><td>H-19<\/td><td>kula<\/td><td>4.<\/td><td>15,76<\/td><td>24.9.1966<\/td><\/tr><tr><td>1993 San Sebastian, ESP<\/td><td>Johan Meriluoto (22.3.1974)<\/td><td>H-19<\/td><td>tresteg<\/td><td>7.<\/td><td>15,90w<\/td><td>31.7.1993<\/td><\/tr><tr><td>1998 Budapest, HUN<\/td><td>Johan Meriluoto (22.3.1974)<br \/>Harri Uurainen (20.12.1961)<\/td><td>herrar<br \/>herrar<\/td><td>tresteg<br \/>diskus<\/td><td>9.<br \/>23.q<\/td><td>16,84<br \/>56,78<\/td><td>23.8.1998<br \/>22.8.1998<\/td><\/tr><tr><td>2003 Tammerfors<\/td><td>Rasmus Latvala (12.04.1984)<\/td><td>H-19<\/td><td>tresteg<\/td><td>15.q<\/td><td>14,33<\/td><td>26.7.2003<\/td><\/tr><tr><td>2015 Eskilstuna, SVE<\/td><td>Viktor Kantele (11.1.1997)<\/td><td>H19<\/td><td>110 m h\u00e4ck<\/td><td>13.s<\/td><td>14,27<\/td><td>17.7.2015<\/td><\/tr><tr><td>2016 Tbilisi, GEO<\/td><td>Lauri Tuomilehto (11.1.1999)<\/td><td>H17<\/td><td>100 m<\/td><td>5.<\/td><td>10,72<\/td><td>15.7.2016<\/td><\/tr><tr><td>2017 Bydgoszcz, POL<\/td><td>Viktor Kantele (11.1.1997)<\/td><td>H22<\/td><td>110 m h\u00e4ck<\/td><td>\u00a0<\/td><td>DQ<\/td><td>25.7.2017<\/td><\/tr><tr><td>2017 Bydgoszcz, POL<\/td><td>FIN (Willem Kajander, Oskari Lehtonen, Samuli Samuelsson, Aleksi Lehto)<\/td><td>H22<\/td><td>4&#215;100 m<\/td><td>3.<\/td><td>39,70<\/td><td>25.7.2017<\/td><\/tr><tr><td>2018 Gy\u00f6r, HUN<\/td><td>Isac Wedenberg<\/td><td>H17<\/td><td>200 m<\/td><td>17.s<\/td><td>22,10<\/td><td>7.7.2018<\/td><\/tr><tr><td>2018 Berlin, GER<\/td><td>Sara Kuivisto<\/td><td>D<\/td><td>800 m<\/td><td>17.f<\/td><td>2.02,62<\/td><td>7.8.2018<\/td><\/tr><tr><td>2018 Berlin, GER<\/td><td>Sara Kuivisto<\/td><td>D<\/td><td>1500 m<\/td><td>17.f<\/td><td>4.11,39<\/td><td>10.8.2018<\/td><\/tr><tr><td>2021 Torun, POL<\/td><td>Sara Kuivisto<\/td><td>D<br \/>D<\/td><td>800 m<br \/>800m<\/td><td>3h6<br \/>3.sf<\/td><td>2.04,20i<br \/>2.03,64i<\/td><td>5.3.2022<br \/>6.3.2022<\/td><\/tr><tr><td>2021 Tallinn, EST<\/td><td>Noora Juslin<\/td><td>D22<\/td><td>100 m h\u00e4ck<\/td><td>29.f<\/td><td>13,94<\/td><td>9.7.2021<\/td><\/tr><tr><td>2022 M\u00fcnchen, GER<\/td><td>Sara Kuivisto<\/td><td>D<br \/>D<\/td><td>800 m<br \/>800 m<\/td><td>3.h2<br \/>6.sf<\/td><td>2.04,32<br \/>2.01,59<\/td><td>18.8.2022<br \/>19.8.2022<\/td><\/tr><tr><td>2024 Rom, ITA<\/td><td>Sara Lappalainen<\/td><td>D<\/td><td>1500 m<\/td><td>7.f<\/td><td>4.07,39<\/td><td>7.6.2024<\/td><\/tr><tr><td>\u00a0<\/td><td>\u00a0<\/td><td>\u00a0<\/td><td>\u00a0<\/td><td>\u00a0<\/td><td>\u00a0<\/td><td>\u00a0<\/td><\/tr><tr><td><strong>EYOF<\/strong><\/td><td>\u00a0<\/td><td>\u00a0<\/td><td>\u00a0<\/td><td>\u00a0<\/td><td>\u00a0<\/td><td>\u00a0<\/td><\/tr><tr><td>2015 Tbilisi, GEO<\/td><td>Lauri Tuomilehto (11.1.1999)<\/td><td>H16<\/td><td>100 m<\/td><td>2.<\/td><td>10,82<\/td><td>28.7.2015<\/td><\/tr><tr><td>2017 Gy\u00f6r, HUN<\/td><td>Severi M\u00e4ntyl\u00e4<\/td><td>H16<\/td><td>100 m<\/td><td>19.f<\/td><td>11,49<\/td><td>25.7.2017<\/td><\/tr><tr><td>2017 Gy\u00f6r, HUN<\/td><td>FIN (Severi M\u00e4ntyl\u00e4, )<\/td><td>H16<\/td><td>4&#215;100 m<\/td><td>3.<\/td><td>42,39<\/td><td>25.7.2017<\/td><\/tr><tr><td colspan=\"2\">\u00a0<\/td><td>\u00a0<\/td><td>\u00a0<\/td><td>\u00a0<\/td><td>\u00a0<\/td><td>\u00a0<\/td><\/tr><tr><td colspan=\"2\" rowspan=\"1\"><strong>Nordiska m\u00e4sterskap<\/strong><\/td><td>\u00a0<\/td><td>\u00a0<\/td><td>\u00a0<\/td><td>\u00a0<\/td><td>\u00a0<\/td><\/tr><tr><td>1955 K\u00f6penhamn, DK<\/td><td>Torbj\u00f6rn Lassenius (4.8.1931)<\/td><td>herrar<\/td><td>10-kamp<\/td><td>1.<\/td><td>6607p<\/td><td>3-4.9.1955<\/td><\/tr><tr><td>\u00a0<\/td><td>(11,5, 6.62, 11.81, 1.75, 52,9, 15,5, 39.21, 380, 54.36, 4.38,0)<\/td><td>\u00a0<\/td><td>\u00a0<\/td><td>\u00a0<\/td><td>\u00a0<\/td><td>\u00a0<\/td><\/tr><\/tbody><\/table>\t\t\t\t\t\t\t\t<\/div>\n\t\t\t\t<\/div>\n\t\t\t\t\t<\/div>\n\t\t<\/div>\n\t\t\t\t<div class=\"elementor-column elementor-col-50 elementor-top-column elementor-element elementor-element-8bc9ace\" data-id=\"8bc9ace\" data-element_type=\"column\">\n\t\t\t<div class=\"elementor-widget-wrap elementor-element-populated\">\n\t\t\t\t\t\t<div class=\"elementor-element elementor-element-e955b37 elementor-widget elementor-widget-image\" data-id=\"e955b37\" data-element_type=\"widget\" data-widget_type=\"image.default\">\n\t\t\t\t<div class=\"elementor-widget-container\">\n\t\t\t\t\t\t\t\t\t\t\t\t\t\t\t<img fetchpriority=\"high\" decoding=\"async\" width=\"227\" height=\"348\" src=\"https:\/\/www.akilles.fi\/friidrott\/wp-content\/uploads\/sites\/20\/2019\/11\/emilkukko.jpg\" class=\"attachment-large size-large wp-image-3712\" alt=\"\" srcset=\"https:\/\/www.akilles.fi\/friidrott\/wp-content\/uploads\/sites\/20\/2019\/11\/emilkukko.jpg 227w, https:\/\/www.akilles.fi\/friidrott\/wp-content\/uploads\/sites\/20\/2019\/11\/emilkukko-196x300.jpg 196w\" sizes=\"(max-width: 227px) 100vw, 227px\" \/>\t\t\t\t\t\t\t\t\t\t\t\t\t\t\t<\/div>\n\t\t\t\t<\/div>\n\t\t\t\t<div class=\"elementor-element elementor-element-ae10cc3 elementor-widget elementor-widget-text-editor\" data-id=\"ae10cc3\" data-element_type=\"widget\" data-widget_type=\"text-editor.default\">\n\t\t\t\t<div class=\"elementor-widget-container\">\n\t\t\t\t\t\t\t\t\t<p style=\"text-align: center;\">Emil Kukko<\/p>\t\t\t\t\t\t\t\t<\/div>\n\t\t\t\t<\/div>\n\t\t\t\t<div class=\"elementor-element elementor-element-5f35cf7 elementor-widget elementor-widget-image\" data-id=\"5f35cf7\" data-element_type=\"widget\" data-widget_type=\"image.default\">\n\t\t\t\t<div class=\"elementor-widget-container\">\n\t\t\t\t\t\t\t\t\t\t\t\t\t\t\t<img decoding=\"async\" width=\"477\" height=\"1024\" src=\"https:\/\/www.akilles.fi\/friidrott\/wp-content\/uploads\/sites\/20\/2019\/11\/HeikkiLiimatainen1924-477x1024.jpg\" class=\"attachment-large size-large wp-image-3707\" alt=\"\" srcset=\"https:\/\/www.akilles.fi\/friidrott\/wp-content\/uploads\/sites\/20\/2019\/11\/HeikkiLiimatainen1924-477x1024.jpg 477w, https:\/\/www.akilles.fi\/friidrott\/wp-content\/uploads\/sites\/20\/2019\/11\/HeikkiLiimatainen1924-140x300.jpg 140w, https:\/\/www.akilles.fi\/friidrott\/wp-content\/uploads\/sites\/20\/2019\/11\/HeikkiLiimatainen1924.jpg 537w\" sizes=\"(max-width: 477px) 100vw, 477px\" \/>\t\t\t\t\t\t\t\t\t\t\t\t\t\t\t<\/div>\n\t\t\t\t<\/div>\n\t\t\t\t\t<\/div>\n\t\t<\/div>\n\t\t\t\t\t<\/div>\n\t\t<\/section>\n\t\t\t\t<\/div>\n\t\t","protected":false},"excerpt":{"rendered":"<p>OS \u00a0 \u00a0 \u00a0 \u00a0 \u00a0 \u00a0 1912 Stockholm, SWE Eemil Kukko (14.5.1888-25.7.1963) herrarherrarherrar l\u00e4ngdspjutfemkamp 24.18. 6,1144,66 12.7.19126.7.191219.8.1912 \u00a0 Emil Kukko var 12. efter 4 grenar, startade inte p\u00e5 1500m 1920 Antwerpen, BEL Heikki Liimatainen (14.3.1894-24.12.1980)Heikki Liimatainen, P Nurmi, T KoskeniemiHeikki LiimatainenHeikki Liimatainen herrarherrar10000m10000m terr\u00e4ngterr\u00e4ng, lagf\u00f6rs\u00f6kfinal 3.1.1h37. 27.37,4FIN32.08,2h 23.8.192023.8.192019.8.192020.8.1920 1924 Paris, FRA Heikki LiimatainenHeikki Liimatainen, [&hellip;]<\/p>\n","protected":false},"author":4,"featured_media":0,"parent":0,"menu_order":0,"comment_status":"closed","ping_status":"closed","template":"","meta":{"_crdt_document":"","footnotes":""},"class_list":["post-1072","page","type-page","status-publish","hentry"],"yoast_head":"<!-- This site is optimized with the Yoast SEO plugin v26.8 - https:\/\/yoast.com\/product\/yoast-seo-wordpress\/ -->\n<title>Deltagare i OS, VM, EM - OK-, MM-, EM-osanottajat - Friidrott - Yleisurheilu<\/title>\n<meta name=\"robots\" content=\"index, follow, max-snippet:-1, max-image-preview:large, max-video-preview:-1\" \/>\n<link rel=\"canonical\" href=\"https:\/\/www.akilles.fi\/friidrott\/deltagare-i-os-vm-em-ok-mm-em-osanottajat\/\" \/>\n<meta property=\"og:locale\" content=\"sv_SE\" \/>\n<meta property=\"og:type\" content=\"article\" \/>\n<meta property=\"og:title\" content=\"Deltagare i OS, VM, EM - OK-, MM-, EM-osanottajat - Friidrott - Yleisurheilu\" \/>\n<meta property=\"og:description\" content=\"OS \u00a0 \u00a0 \u00a0 \u00a0 \u00a0 \u00a0 1912 Stockholm, SWE Eemil Kukko (14.5.1888-25.7.1963) herrarherrarherrar l\u00e4ngdspjutfemkamp 24.18. 6,1144,66 12.7.19126.7.191219.8.1912 \u00a0 Emil Kukko var 12. efter 4 grenar, startade inte p\u00e5 1500m 1920 Antwerpen, BEL Heikki Liimatainen (14.3.1894-24.12.1980)Heikki Liimatainen, P Nurmi, T KoskeniemiHeikki LiimatainenHeikki Liimatainen herrarherrar10000m10000m terr\u00e4ngterr\u00e4ng, lagf\u00f6rs\u00f6kfinal 3.1.1h37. 27.37,4FIN32.08,2h 23.8.192023.8.192019.8.192020.8.1920 1924 Paris, FRA Heikki LiimatainenHeikki Liimatainen, [&hellip;]\" \/>\n<meta property=\"og:url\" content=\"https:\/\/www.akilles.fi\/friidrott\/deltagare-i-os-vm-em-ok-mm-em-osanottajat\/\" \/>\n<meta property=\"og:site_name\" content=\"Friidrott - Yleisurheilu\" \/>\n<meta property=\"article:modified_time\" content=\"2024-10-07T13:49:18+00:00\" \/>\n<meta property=\"og:image\" content=\"http:\/\/www.akilles.fi\/friidrott\/wp-content\/uploads\/sites\/20\/2019\/11\/emilkukko.jpg\" \/>\n<meta name=\"twitter:card\" content=\"summary_large_image\" \/>\n<meta name=\"twitter:label1\" content=\"Ber\u00e4knad l\u00e4stid\" \/>\n\t<meta name=\"twitter:data1\" content=\"4 minuter\" \/>\n<script type=\"application\/ld+json\" class=\"yoast-schema-graph\">{\"@context\":\"https:\/\/schema.org\",\"@graph\":[{\"@type\":\"WebPage\",\"@id\":\"https:\/\/www.akilles.fi\/friidrott\/deltagare-i-os-vm-em-ok-mm-em-osanottajat\/\",\"url\":\"https:\/\/www.akilles.fi\/friidrott\/deltagare-i-os-vm-em-ok-mm-em-osanottajat\/\",\"name\":\"Deltagare i OS, VM, EM - OK-, MM-, EM-osanottajat - Friidrott - Yleisurheilu\",\"isPartOf\":{\"@id\":\"https:\/\/www.akilles.fi\/friidrott\/#website\"},\"primaryImageOfPage\":{\"@id\":\"https:\/\/www.akilles.fi\/friidrott\/deltagare-i-os-vm-em-ok-mm-em-osanottajat\/#primaryimage\"},\"image\":{\"@id\":\"https:\/\/www.akilles.fi\/friidrott\/deltagare-i-os-vm-em-ok-mm-em-osanottajat\/#primaryimage\"},\"thumbnailUrl\":\"http:\/\/www.akilles.fi\/friidrott\/wp-content\/uploads\/sites\/20\/2019\/11\/emilkukko.jpg\",\"datePublished\":\"2019-01-14T14:12:23+00:00\",\"dateModified\":\"2024-10-07T13:49:18+00:00\",\"breadcrumb\":{\"@id\":\"https:\/\/www.akilles.fi\/friidrott\/deltagare-i-os-vm-em-ok-mm-em-osanottajat\/#breadcrumb\"},\"inLanguage\":\"sv-SE\",\"potentialAction\":[{\"@type\":\"ReadAction\",\"target\":[\"https:\/\/www.akilles.fi\/friidrott\/deltagare-i-os-vm-em-ok-mm-em-osanottajat\/\"]}]},{\"@type\":\"ImageObject\",\"inLanguage\":\"sv-SE\",\"@id\":\"https:\/\/www.akilles.fi\/friidrott\/deltagare-i-os-vm-em-ok-mm-em-osanottajat\/#primaryimage\",\"url\":\"http:\/\/www.akilles.fi\/friidrott\/wp-content\/uploads\/sites\/20\/2019\/11\/emilkukko.jpg\",\"contentUrl\":\"http:\/\/www.akilles.fi\/friidrott\/wp-content\/uploads\/sites\/20\/2019\/11\/emilkukko.jpg\"},{\"@type\":\"BreadcrumbList\",\"@id\":\"https:\/\/www.akilles.fi\/friidrott\/deltagare-i-os-vm-em-ok-mm-em-osanottajat\/#breadcrumb\",\"itemListElement\":[{\"@type\":\"ListItem\",\"position\":1,\"name\":\"Home\",\"item\":\"https:\/\/www.akilles.fi\/friidrott\/\"},{\"@type\":\"ListItem\",\"position\":2,\"name\":\"Deltagare i OS, VM, EM &#8211; OK-, MM-, EM-osanottajat\"}]},{\"@type\":\"WebSite\",\"@id\":\"https:\/\/www.akilles.fi\/friidrott\/#website\",\"url\":\"https:\/\/www.akilles.fi\/friidrott\/\",\"name\":\"Friidrott - Yleisurheilu\",\"description\":\"Borg\u00e5 Akilles Friidrott- Porvoon Akilles Yleisurheilu\",\"potentialAction\":[{\"@type\":\"SearchAction\",\"target\":{\"@type\":\"EntryPoint\",\"urlTemplate\":\"https:\/\/www.akilles.fi\/friidrott\/?s={search_term_string}\"},\"query-input\":{\"@type\":\"PropertyValueSpecification\",\"valueRequired\":true,\"valueName\":\"search_term_string\"}}],\"inLanguage\":\"sv-SE\"}]}<\/script>\n<!-- \/ Yoast SEO plugin. -->","yoast_head_json":{"title":"Deltagare i OS, VM, EM - OK-, MM-, EM-osanottajat - Friidrott - Yleisurheilu","robots":{"index":"index","follow":"follow","max-snippet":"max-snippet:-1","max-image-preview":"max-image-preview:large","max-video-preview":"max-video-preview:-1"},"canonical":"https:\/\/www.akilles.fi\/friidrott\/deltagare-i-os-vm-em-ok-mm-em-osanottajat\/","og_locale":"sv_SE","og_type":"article","og_title":"Deltagare i OS, VM, EM - OK-, MM-, EM-osanottajat - Friidrott - Yleisurheilu","og_description":"OS \u00a0 \u00a0 \u00a0 \u00a0 \u00a0 \u00a0 1912 Stockholm, SWE Eemil Kukko (14.5.1888-25.7.1963) herrarherrarherrar l\u00e4ngdspjutfemkamp 24.18. 6,1144,66 12.7.19126.7.191219.8.1912 \u00a0 Emil Kukko var 12. efter 4 grenar, startade inte p\u00e5 1500m 1920 Antwerpen, BEL Heikki Liimatainen (14.3.1894-24.12.1980)Heikki Liimatainen, P Nurmi, T KoskeniemiHeikki LiimatainenHeikki Liimatainen herrarherrar10000m10000m terr\u00e4ngterr\u00e4ng, lagf\u00f6rs\u00f6kfinal 3.1.1h37. 27.37,4FIN32.08,2h 23.8.192023.8.192019.8.192020.8.1920 1924 Paris, FRA Heikki LiimatainenHeikki Liimatainen, [&hellip;]","og_url":"https:\/\/www.akilles.fi\/friidrott\/deltagare-i-os-vm-em-ok-mm-em-osanottajat\/","og_site_name":"Friidrott - Yleisurheilu","article_modified_time":"2024-10-07T13:49:18+00:00","og_image":[{"url":"http:\/\/www.akilles.fi\/friidrott\/wp-content\/uploads\/sites\/20\/2019\/11\/emilkukko.jpg","type":"","width":"","height":""}],"twitter_card":"summary_large_image","twitter_misc":{"Ber\u00e4knad l\u00e4stid":"4 minuter"},"schema":{"@context":"https:\/\/schema.org","@graph":[{"@type":"WebPage","@id":"https:\/\/www.akilles.fi\/friidrott\/deltagare-i-os-vm-em-ok-mm-em-osanottajat\/","url":"https:\/\/www.akilles.fi\/friidrott\/deltagare-i-os-vm-em-ok-mm-em-osanottajat\/","name":"Deltagare i OS, VM, EM - OK-, MM-, EM-osanottajat - Friidrott - Yleisurheilu","isPartOf":{"@id":"https:\/\/www.akilles.fi\/friidrott\/#website"},"primaryImageOfPage":{"@id":"https:\/\/www.akilles.fi\/friidrott\/deltagare-i-os-vm-em-ok-mm-em-osanottajat\/#primaryimage"},"image":{"@id":"https:\/\/www.akilles.fi\/friidrott\/deltagare-i-os-vm-em-ok-mm-em-osanottajat\/#primaryimage"},"thumbnailUrl":"http:\/\/www.akilles.fi\/friidrott\/wp-content\/uploads\/sites\/20\/2019\/11\/emilkukko.jpg","datePublished":"2019-01-14T14:12:23+00:00","dateModified":"2024-10-07T13:49:18+00:00","breadcrumb":{"@id":"https:\/\/www.akilles.fi\/friidrott\/deltagare-i-os-vm-em-ok-mm-em-osanottajat\/#breadcrumb"},"inLanguage":"sv-SE","potentialAction":[{"@type":"ReadAction","target":["https:\/\/www.akilles.fi\/friidrott\/deltagare-i-os-vm-em-ok-mm-em-osanottajat\/"]}]},{"@type":"ImageObject","inLanguage":"sv-SE","@id":"https:\/\/www.akilles.fi\/friidrott\/deltagare-i-os-vm-em-ok-mm-em-osanottajat\/#primaryimage","url":"http:\/\/www.akilles.fi\/friidrott\/wp-content\/uploads\/sites\/20\/2019\/11\/emilkukko.jpg","contentUrl":"http:\/\/www.akilles.fi\/friidrott\/wp-content\/uploads\/sites\/20\/2019\/11\/emilkukko.jpg"},{"@type":"BreadcrumbList","@id":"https:\/\/www.akilles.fi\/friidrott\/deltagare-i-os-vm-em-ok-mm-em-osanottajat\/#breadcrumb","itemListElement":[{"@type":"ListItem","position":1,"name":"Home","item":"https:\/\/www.akilles.fi\/friidrott\/"},{"@type":"ListItem","position":2,"name":"Deltagare i OS, VM, EM &#8211; OK-, MM-, EM-osanottajat"}]},{"@type":"WebSite","@id":"https:\/\/www.akilles.fi\/friidrott\/#website","url":"https:\/\/www.akilles.fi\/friidrott\/","name":"Friidrott - Yleisurheilu","description":"Borg\u00e5 Akilles Friidrott- Porvoon Akilles Yleisurheilu","potentialAction":[{"@type":"SearchAction","target":{"@type":"EntryPoint","urlTemplate":"https:\/\/www.akilles.fi\/friidrott\/?s={search_term_string}"},"query-input":{"@type":"PropertyValueSpecification","valueRequired":true,"valueName":"search_term_string"}}],"inLanguage":"sv-SE"}]}},"_links":{"self":[{"href":"https:\/\/www.akilles.fi\/friidrott\/wp-json\/wp\/v2\/pages\/1072","targetHints":{"allow":["GET"]}}],"collection":[{"href":"https:\/\/www.akilles.fi\/friidrott\/wp-json\/wp\/v2\/pages"}],"about":[{"href":"https:\/\/www.akilles.fi\/friidrott\/wp-json\/wp\/v2\/types\/page"}],"author":[{"embeddable":true,"href":"https:\/\/www.akilles.fi\/friidrott\/wp-json\/wp\/v2\/users\/4"}],"replies":[{"embeddable":true,"href":"https:\/\/www.akilles.fi\/friidrott\/wp-json\/wp\/v2\/comments?post=1072"}],"version-history":[{"count":130,"href":"https:\/\/www.akilles.fi\/friidrott\/wp-json\/wp\/v2\/pages\/1072\/revisions"}],"predecessor-version":[{"id":25755,"href":"https:\/\/www.akilles.fi\/friidrott\/wp-json\/wp\/v2\/pages\/1072\/revisions\/25755"}],"wp:attachment":[{"href":"https:\/\/www.akilles.fi\/friidrott\/wp-json\/wp\/v2\/media?parent=1072"}],"curies":[{"name":"wp","href":"https:\/\/api.w.org\/{rel}","templated":true}]}}