{"id":1147,"date":"2019-01-15T15:47:44","date_gmt":"2019-01-15T13:47:44","guid":{"rendered":"http:\/\/94.237.33.215\/~akilles\/nyasida\/friidrott\/?page_id=1147"},"modified":"2020-01-20T17:47:52","modified_gmt":"2020-01-20T17:47:52","slug":"understodande-medlem","status":"publish","type":"page","link":"https:\/\/www.akilles.fi\/friidrott\/understodande-medlem\/","title":{"rendered":"Underst\u00f6dande medlem  &#8211;  Tukij\u00e4seneksi?"},"content":{"rendered":"\t\t<div data-elementor-type=\"wp-post\" data-elementor-id=\"1147\" class=\"elementor elementor-1147\" data-elementor-post-type=\"page\">\n\t\t\t\t\t\t<section class=\"elementor-section elementor-top-section elementor-element elementor-element-d0a07e5 elementor-section-boxed elementor-section-height-default elementor-section-height-default\" data-id=\"d0a07e5\" data-element_type=\"section\">\n\t\t\t\t\t\t<div class=\"elementor-container elementor-column-gap-default\">\n\t\t\t\t\t<div class=\"elementor-column elementor-col-50 elementor-top-column elementor-element elementor-element-1c338c8\" data-id=\"1c338c8\" data-element_type=\"column\">\n\t\t\t<div class=\"elementor-widget-wrap elementor-element-populated\">\n\t\t\t\t\t\t<div class=\"elementor-element elementor-element-67874cc elementor-widget elementor-widget-text-editor\" data-id=\"67874cc\" data-element_type=\"widget\" data-widget_type=\"text-editor.default\">\n\t\t\t\t<div class=\"elementor-widget-container\">\n\t\t\t\t\t\t\t\t\t<p><span style=\"color: #000000;\"><strong>Vill du bli st\u00f6dmedlem?<\/strong><\/span><br \/><br \/>Om du ej l\u00e4ngre \u00e4r aktiv idrottare men vill vara kvar som Akilles medlem kan du g\u00f6ra det genom att forts\u00e4tta betala medlemsavgift. Vi hoppas ocks\u00e5 att s\u00e5 m\u00e5nga f\u00f6r\u00e4ldrar som m\u00f6jligt st\u00e4ller upp som underst\u00f6dande medlemmar.<\/p><p><strong>Avgiften<\/strong> \u00e4r 20 \u20ac f\u00f6r medlemmar \u00f6ver 16 \u00e5r resp. 10 \u20ac f\u00f6r medlemmar under 16 \u00e5r .<br \/>\u00c5rsavgiften kan betalas enligt bankgiromodellen nedan p\u00e5 sidan.<\/p><p>De pengar som vi f\u00e5r in p\u00e5 medlemsavgifterna anv\u00e4nds till att t\u00e4cka kostnaderna f\u00f6r t\u00e4vlings- och tr\u00e4ningsresor, pris, redskap och utrustning och en del av kostnaderna f\u00f6r l\u00e4ger, sportplans- och hallhyror, skolning av tr\u00e4nare och domare osv.<\/p><p><strong>Friidrottens bankkonto <\/strong>FI34 4050 1950 0082 59<\/p><p>Har du fr\u00e5gor, ta kontakt: Lars.Fagerholm(at)maillefer.net eller leif.rikberg(at)akilles.fi<\/p>\t\t\t\t\t\t\t\t<\/div>\n\t\t\t\t<\/div>\n\t\t\t\t\t<\/div>\n\t\t<\/div>\n\t\t\t\t<div class=\"elementor-column elementor-col-50 elementor-top-column elementor-element elementor-element-a4a8374\" data-id=\"a4a8374\" data-element_type=\"column\">\n\t\t\t<div class=\"elementor-widget-wrap elementor-element-populated\">\n\t\t\t\t\t\t<div class=\"elementor-element elementor-element-7321649 elementor-widget elementor-widget-text-editor\" data-id=\"7321649\" data-element_type=\"widget\" data-widget_type=\"text-editor.default\">\n\t\t\t\t<div class=\"elementor-widget-container\">\n\t\t\t\t\t\t\t\t\t<p><strong>Haluatko tukij\u00e4seneksi?<\/strong><\/p>\t\t\t\t\t\t\t\t<\/div>\n\t\t\t\t<\/div>\n\t\t\t\t\t<\/div>\n\t\t<\/div>\n\t\t\t\t\t<\/div>\n\t\t<\/section>\n\t\t\t\t<\/div>\n\t\t","protected":false},"excerpt":{"rendered":"<p>Vill du bli st\u00f6dmedlem? Om du ej l\u00e4ngre \u00e4r aktiv idrottare men vill vara kvar som Akilles medlem kan du g\u00f6ra det genom att forts\u00e4tta betala medlemsavgift. Vi hoppas ocks\u00e5 att s\u00e5 m\u00e5nga f\u00f6r\u00e4ldrar som m\u00f6jligt st\u00e4ller upp som underst\u00f6dande medlemmar. Avgiften \u00e4r 20 \u20ac f\u00f6r medlemmar \u00f6ver 16 \u00e5r resp. 10 \u20ac f\u00f6r medlemmar [&hellip;]<\/p>\n","protected":false},"author":4,"featured_media":0,"parent":0,"menu_order":0,"comment_status":"closed","ping_status":"closed","template":"","meta":{"_crdt_document":"","footnotes":""},"class_list":["post-1147","page","type-page","status-publish","hentry"],"yoast_head":"<!-- This site is optimized with the Yoast SEO plugin v27.4 - https:\/\/yoast.com\/product\/yoast-seo-wordpress\/ -->\n<title>Underst\u00f6dande medlem - Tukij\u00e4seneksi? - Friidrott - Yleisurheilu<\/title>\n<meta name=\"robots\" content=\"index, follow, max-snippet:-1, max-image-preview:large, max-video-preview:-1\" \/>\n<link rel=\"canonical\" href=\"https:\/\/www.akilles.fi\/friidrott\/understodande-medlem\/\" \/>\n<meta property=\"og:locale\" content=\"sv_SE\" \/>\n<meta property=\"og:type\" content=\"article\" \/>\n<meta property=\"og:title\" content=\"Underst\u00f6dande medlem - Tukij\u00e4seneksi? - Friidrott - Yleisurheilu\" \/>\n<meta property=\"og:description\" content=\"Vill du bli st\u00f6dmedlem? Om du ej l\u00e4ngre \u00e4r aktiv idrottare men vill vara kvar som Akilles medlem kan du g\u00f6ra det genom att forts\u00e4tta betala medlemsavgift. Vi hoppas ocks\u00e5 att s\u00e5 m\u00e5nga f\u00f6r\u00e4ldrar som m\u00f6jligt st\u00e4ller upp som underst\u00f6dande medlemmar. Avgiften \u00e4r 20 \u20ac f\u00f6r medlemmar \u00f6ver 16 \u00e5r resp. 10 \u20ac f\u00f6r medlemmar [&hellip;]\" \/>\n<meta property=\"og:url\" content=\"https:\/\/www.akilles.fi\/friidrott\/understodande-medlem\/\" \/>\n<meta property=\"og:site_name\" content=\"Friidrott - Yleisurheilu\" \/>\n<meta property=\"article:modified_time\" content=\"2020-01-20T17:47:52+00:00\" \/>\n<meta name=\"twitter:card\" content=\"summary_large_image\" \/>\n<meta name=\"twitter:label1\" content=\"Ber\u00e4knad l\u00e4stid\" \/>\n\t<meta name=\"twitter:data1\" content=\"1 minut\" \/>\n<script type=\"application\/ld+json\" class=\"yoast-schema-graph\">{\"@context\":\"https:\\\/\\\/schema.org\",\"@graph\":[{\"@type\":\"WebPage\",\"@id\":\"https:\\\/\\\/www.akilles.fi\\\/friidrott\\\/understodande-medlem\\\/\",\"url\":\"https:\\\/\\\/www.akilles.fi\\\/friidrott\\\/understodande-medlem\\\/\",\"name\":\"Underst\u00f6dande medlem - Tukij\u00e4seneksi? - Friidrott - Yleisurheilu\",\"isPartOf\":{\"@id\":\"https:\\\/\\\/www.akilles.fi\\\/friidrott\\\/#website\"},\"datePublished\":\"2019-01-15T13:47:44+00:00\",\"dateModified\":\"2020-01-20T17:47:52+00:00\",\"breadcrumb\":{\"@id\":\"https:\\\/\\\/www.akilles.fi\\\/friidrott\\\/understodande-medlem\\\/#breadcrumb\"},\"inLanguage\":\"sv-SE\",\"potentialAction\":[{\"@type\":\"ReadAction\",\"target\":[\"https:\\\/\\\/www.akilles.fi\\\/friidrott\\\/understodande-medlem\\\/\"]}]},{\"@type\":\"BreadcrumbList\",\"@id\":\"https:\\\/\\\/www.akilles.fi\\\/friidrott\\\/understodande-medlem\\\/#breadcrumb\",\"itemListElement\":[{\"@type\":\"ListItem\",\"position\":1,\"name\":\"Home\",\"item\":\"https:\\\/\\\/www.akilles.fi\\\/friidrott\\\/\"},{\"@type\":\"ListItem\",\"position\":2,\"name\":\"Underst\u00f6dande medlem &#8211; Tukij\u00e4seneksi?\"}]},{\"@type\":\"WebSite\",\"@id\":\"https:\\\/\\\/www.akilles.fi\\\/friidrott\\\/#website\",\"url\":\"https:\\\/\\\/www.akilles.fi\\\/friidrott\\\/\",\"name\":\"Friidrott - Yleisurheilu\",\"description\":\"Borg\u00e5 Akilles Friidrott- Porvoon Akilles Yleisurheilu\",\"potentialAction\":[{\"@type\":\"SearchAction\",\"target\":{\"@type\":\"EntryPoint\",\"urlTemplate\":\"https:\\\/\\\/www.akilles.fi\\\/friidrott\\\/?s={search_term_string}\"},\"query-input\":{\"@type\":\"PropertyValueSpecification\",\"valueRequired\":true,\"valueName\":\"search_term_string\"}}],\"inLanguage\":\"sv-SE\"}]}<\/script>\n<!-- \/ Yoast SEO plugin. -->","yoast_head_json":{"title":"Underst\u00f6dande medlem - Tukij\u00e4seneksi? - Friidrott - Yleisurheilu","robots":{"index":"index","follow":"follow","max-snippet":"max-snippet:-1","max-image-preview":"max-image-preview:large","max-video-preview":"max-video-preview:-1"},"canonical":"https:\/\/www.akilles.fi\/friidrott\/understodande-medlem\/","og_locale":"sv_SE","og_type":"article","og_title":"Underst\u00f6dande medlem - Tukij\u00e4seneksi? - Friidrott - Yleisurheilu","og_description":"Vill du bli st\u00f6dmedlem? Om du ej l\u00e4ngre \u00e4r aktiv idrottare men vill vara kvar som Akilles medlem kan du g\u00f6ra det genom att forts\u00e4tta betala medlemsavgift. Vi hoppas ocks\u00e5 att s\u00e5 m\u00e5nga f\u00f6r\u00e4ldrar som m\u00f6jligt st\u00e4ller upp som underst\u00f6dande medlemmar. Avgiften \u00e4r 20 \u20ac f\u00f6r medlemmar \u00f6ver 16 \u00e5r resp. 10 \u20ac f\u00f6r medlemmar [&hellip;]","og_url":"https:\/\/www.akilles.fi\/friidrott\/understodande-medlem\/","og_site_name":"Friidrott - Yleisurheilu","article_modified_time":"2020-01-20T17:47:52+00:00","twitter_card":"summary_large_image","twitter_misc":{"Ber\u00e4knad l\u00e4stid":"1 minut"},"schema":{"@context":"https:\/\/schema.org","@graph":[{"@type":"WebPage","@id":"https:\/\/www.akilles.fi\/friidrott\/understodande-medlem\/","url":"https:\/\/www.akilles.fi\/friidrott\/understodande-medlem\/","name":"Underst\u00f6dande medlem - Tukij\u00e4seneksi? - Friidrott - Yleisurheilu","isPartOf":{"@id":"https:\/\/www.akilles.fi\/friidrott\/#website"},"datePublished":"2019-01-15T13:47:44+00:00","dateModified":"2020-01-20T17:47:52+00:00","breadcrumb":{"@id":"https:\/\/www.akilles.fi\/friidrott\/understodande-medlem\/#breadcrumb"},"inLanguage":"sv-SE","potentialAction":[{"@type":"ReadAction","target":["https:\/\/www.akilles.fi\/friidrott\/understodande-medlem\/"]}]},{"@type":"BreadcrumbList","@id":"https:\/\/www.akilles.fi\/friidrott\/understodande-medlem\/#breadcrumb","itemListElement":[{"@type":"ListItem","position":1,"name":"Home","item":"https:\/\/www.akilles.fi\/friidrott\/"},{"@type":"ListItem","position":2,"name":"Underst\u00f6dande medlem &#8211; Tukij\u00e4seneksi?"}]},{"@type":"WebSite","@id":"https:\/\/www.akilles.fi\/friidrott\/#website","url":"https:\/\/www.akilles.fi\/friidrott\/","name":"Friidrott - Yleisurheilu","description":"Borg\u00e5 Akilles Friidrott- Porvoon Akilles Yleisurheilu","potentialAction":[{"@type":"SearchAction","target":{"@type":"EntryPoint","urlTemplate":"https:\/\/www.akilles.fi\/friidrott\/?s={search_term_string}"},"query-input":{"@type":"PropertyValueSpecification","valueRequired":true,"valueName":"search_term_string"}}],"inLanguage":"sv-SE"}]}},"_links":{"self":[{"href":"https:\/\/www.akilles.fi\/friidrott\/wp-json\/wp\/v2\/pages\/1147","targetHints":{"allow":["GET"]}}],"collection":[{"href":"https:\/\/www.akilles.fi\/friidrott\/wp-json\/wp\/v2\/pages"}],"about":[{"href":"https:\/\/www.akilles.fi\/friidrott\/wp-json\/wp\/v2\/types\/page"}],"author":[{"embeddable":true,"href":"https:\/\/www.akilles.fi\/friidrott\/wp-json\/wp\/v2\/users\/4"}],"replies":[{"embeddable":true,"href":"https:\/\/www.akilles.fi\/friidrott\/wp-json\/wp\/v2\/comments?post=1147"}],"version-history":[{"count":3,"href":"https:\/\/www.akilles.fi\/friidrott\/wp-json\/wp\/v2\/pages\/1147\/revisions"}],"predecessor-version":[{"id":4163,"href":"https:\/\/www.akilles.fi\/friidrott\/wp-json\/wp\/v2\/pages\/1147\/revisions\/4163"}],"wp:attachment":[{"href":"https:\/\/www.akilles.fi\/friidrott\/wp-json\/wp\/v2\/media?parent=1147"}],"curies":[{"name":"wp","href":"https:\/\/api.w.org\/{rel}","templated":true}]}}