{"id":1162,"date":"2019-01-15T16:16:04","date_gmt":"2019-01-15T14:16:04","guid":{"rendered":"http:\/\/94.237.33.215\/~akilles\/nyasida\/friidrott\/?page_id=1162"},"modified":"2020-01-19T18:48:28","modified_gmt":"2020-01-19T18:48:28","slug":"grona-boken-vihrea-kirja","status":"publish","type":"page","link":"https:\/\/www.akilles.fi\/friidrott\/grona-boken-vihrea-kirja\/","title":{"rendered":"Gr\u00f6na boken &#8211; Vihre\u00e4 kirja"},"content":{"rendered":"\t\t<div data-elementor-type=\"wp-post\" data-elementor-id=\"1162\" class=\"elementor elementor-1162\" data-elementor-post-type=\"page\">\n\t\t\t\t\t\t<section class=\"elementor-section elementor-top-section elementor-element elementor-element-e4df490 elementor-section-boxed elementor-section-height-default elementor-section-height-default\" data-id=\"e4df490\" data-element_type=\"section\">\n\t\t\t\t\t\t<div class=\"elementor-container elementor-column-gap-default\">\n\t\t\t\t\t<div class=\"elementor-column elementor-col-33 elementor-top-column elementor-element elementor-element-f031a77\" data-id=\"f031a77\" data-element_type=\"column\">\n\t\t\t<div class=\"elementor-widget-wrap elementor-element-populated\">\n\t\t\t\t\t\t<div class=\"elementor-element elementor-element-c77041e elementor-widget elementor-widget-text-editor\" data-id=\"c77041e\" data-element_type=\"widget\" data-widget_type=\"text-editor.default\">\n\t\t\t\t<div class=\"elementor-widget-container\">\n\t\t\t\t\t\t\t\t\t<h4>Guidebok f\u00f6r Akilles friidrott<\/h4><p>Du \u00e4r kanske f\u00f6r\u00e4lder, idrottare,\u00a0 tr\u00e4nare, funktion\u00e4r eller servieansvarig inom Akilles friidrott. Eller n\u00e5gon som redan varit med en tid men \u00e4nnu inte kommit p\u00e5 det klara med hur saker och ting fungerar inom friidrotten och f\u00f6reningen.<\/p><p>Denna guide \u00e4r gjord f\u00f6r just dig.<\/p><p>H\u00e4r har vi samlat information om f\u00f6reningen, om v\u00e5r verksamhet, v\u00e5ra m\u00e5l och v\u00e5ra v\u00e4rderingar.<br \/><br \/><strong>Inneh\u00e5llet i Gr\u00f6na Boken<\/strong><\/p><p><strong>\u00a0&#8211; Friidrott f\u00f6r var och en<br \/>\u00a0&#8211; V\u00e5r verksamhet<br \/>\u00a0&#8211; V\u00e5r Vision<br \/>\u00a0&#8211; V\u00e5ra v\u00e4rderingar<br \/>\u00a0&#8211; V\u00e5r organisation<br \/>\u00a0&#8211; V\u00e5r historia<\/strong><br \/>\u00a0<\/p><h4>Akilleen yleisurheilun Opaskirja<\/h4><p>Olet ehk\u00e4 vanhempi, urheilija, valmentaja, toimitsija tai huoltovastaava Akilleen yleisurheilussa. Tai joku muu joka on ollut mukana jo jonkin aikaa mutta et ehk\u00e4 tied\u00e4 miten asiat toimivat yleisurheilussa ja seurassa.<\/p><p>T\u00e4m\u00e4 opas on tehty juuri sinulle..<\/p><p>T\u00e4ss\u00e4 olemme ker\u00e4nneet info seurastamme, toiminnastammer, tavoitteistamme ja arvoistamme.<br \/><br \/><strong>Vihre\u00e4n Kirjan sis\u00e4lt\u00f6:<\/strong><\/p><p><strong>\u00a0&#8211; Yleisurheilua jokaiselle<br \/>\u00a0&#8211; Toimintamme<br \/>\u00a0&#8211; Visiomme<br \/>\u00a0&#8211; Arvomme<br \/>\u00a0&#8211; O<\/strong><strong>rganisatiomme<br \/>\u00a0&#8211; Historiamme<\/strong><\/p>\t\t\t\t\t\t\t\t<\/div>\n\t\t\t\t<\/div>\n\t\t\t\t\t<\/div>\n\t\t<\/div>\n\t\t\t\t<div class=\"elementor-column elementor-col-33 elementor-top-column elementor-element elementor-element-65908b9\" data-id=\"65908b9\" data-element_type=\"column\">\n\t\t\t<div class=\"elementor-widget-wrap\">\n\t\t\t\t\t\t\t<\/div>\n\t\t<\/div>\n\t\t\t\t<div class=\"elementor-column elementor-col-33 elementor-top-column elementor-element elementor-element-14d0d40\" data-id=\"14d0d40\" data-element_type=\"column\">\n\t\t\t<div class=\"elementor-widget-wrap elementor-element-populated\">\n\t\t\t\t\t\t<div class=\"elementor-element elementor-element-6e499c6 elementor-widget elementor-widget-text-editor\" data-id=\"6e499c6\" data-element_type=\"widget\" data-widget_type=\"text-editor.default\">\n\t\t\t\t<div class=\"elementor-widget-container\">\n\t\t\t\t\t\t\t\t\t<p><a href=\"https:\/\/drive.google.com\/open?id=1w0zqd63BPbpTbTIna7gypS9ijJoONfzD\" target=\"_blank\" rel=\"noopener\">Gr\u00f6na boken (pdf)<\/a><a href=\"https:\/\/drive.google.com\/open?id=1w0zqd63BPbpTbTIna7gypS9ijJoONfzD\" target=\"_blank\" rel=\"noopener\"><img fetchpriority=\"high\" decoding=\"async\" class=\"alignnone wp-image-1168 size-full\" src=\"http:\/\/www.akilles.fi\/friidrott\/wp-content\/uploads\/sites\/20\/2019\/01\/gronaboken15swe.jpg\" alt=\"\" width=\"190\" height=\"269\" \/><\/a><\/p><p><a href=\"https:\/\/drive.google.com\/open?id=179dCRNEeV4SETn2rASYKcqDivl6K4cw9\" target=\"_blank\" rel=\"noopener\">Vihre\u00e4 kirja (pdf)<\/a><\/p><p><img decoding=\"async\" class=\"alignnone wp-image-1167 size-full\" src=\"http:\/\/www.akilles.fi\/friidrott\/wp-content\/uploads\/sites\/20\/2019\/01\/gronaboken15fin.jpg\" alt=\"\" width=\"190\" height=\"269\" \/><\/p>\t\t\t\t\t\t\t\t<\/div>\n\t\t\t\t<\/div>\n\t\t\t\t\t<\/div>\n\t\t<\/div>\n\t\t\t\t\t<\/div>\n\t\t<\/section>\n\t\t\t\t<\/div>\n\t\t","protected":false},"excerpt":{"rendered":"<p>Guidebok f\u00f6r Akilles friidrott Du \u00e4r kanske f\u00f6r\u00e4lder, idrottare,\u00a0 tr\u00e4nare, funktion\u00e4r eller servieansvarig inom Akilles friidrott. Eller n\u00e5gon som redan varit med en tid men \u00e4nnu inte kommit p\u00e5 det klara med hur saker och ting fungerar inom friidrotten och f\u00f6reningen. Denna guide \u00e4r gjord f\u00f6r just dig. H\u00e4r har vi samlat information om f\u00f6reningen, [&hellip;]<\/p>\n","protected":false},"author":4,"featured_media":0,"parent":0,"menu_order":0,"comment_status":"closed","ping_status":"closed","template":"","meta":{"_crdt_document":"","footnotes":""},"class_list":["post-1162","page","type-page","status-publish","hentry"],"yoast_head":"<!-- This site is optimized with the Yoast SEO plugin v26.8 - https:\/\/yoast.com\/product\/yoast-seo-wordpress\/ -->\n<title>Gr\u00f6na boken - Vihre\u00e4 kirja - Friidrott - Yleisurheilu<\/title>\n<meta name=\"robots\" content=\"index, follow, max-snippet:-1, max-image-preview:large, max-video-preview:-1\" \/>\n<link rel=\"canonical\" href=\"https:\/\/www.akilles.fi\/friidrott\/grona-boken-vihrea-kirja\/\" \/>\n<meta property=\"og:locale\" content=\"sv_SE\" \/>\n<meta property=\"og:type\" content=\"article\" \/>\n<meta property=\"og:title\" content=\"Gr\u00f6na boken - Vihre\u00e4 kirja - Friidrott - Yleisurheilu\" \/>\n<meta property=\"og:description\" content=\"Guidebok f\u00f6r Akilles friidrott Du \u00e4r kanske f\u00f6r\u00e4lder, idrottare,\u00a0 tr\u00e4nare, funktion\u00e4r eller servieansvarig inom Akilles friidrott. Eller n\u00e5gon som redan varit med en tid men \u00e4nnu inte kommit p\u00e5 det klara med hur saker och ting fungerar inom friidrotten och f\u00f6reningen. Denna guide \u00e4r gjord f\u00f6r just dig. H\u00e4r har vi samlat information om f\u00f6reningen, [&hellip;]\" \/>\n<meta property=\"og:url\" content=\"https:\/\/www.akilles.fi\/friidrott\/grona-boken-vihrea-kirja\/\" \/>\n<meta property=\"og:site_name\" content=\"Friidrott - Yleisurheilu\" \/>\n<meta property=\"article:modified_time\" content=\"2020-01-19T18:48:28+00:00\" \/>\n<meta property=\"og:image\" content=\"http:\/\/www.akilles.fi\/friidrott\/wp-content\/uploads\/sites\/20\/2019\/01\/gronaboken15swe.jpg\" \/>\n<meta name=\"twitter:card\" content=\"summary_large_image\" \/>\n<meta name=\"twitter:label1\" content=\"Ber\u00e4knad l\u00e4stid\" \/>\n\t<meta name=\"twitter:data1\" content=\"1 minut\" \/>\n<script type=\"application\/ld+json\" class=\"yoast-schema-graph\">{\"@context\":\"https:\/\/schema.org\",\"@graph\":[{\"@type\":\"WebPage\",\"@id\":\"https:\/\/www.akilles.fi\/friidrott\/grona-boken-vihrea-kirja\/\",\"url\":\"https:\/\/www.akilles.fi\/friidrott\/grona-boken-vihrea-kirja\/\",\"name\":\"Gr\u00f6na boken - Vihre\u00e4 kirja - Friidrott - Yleisurheilu\",\"isPartOf\":{\"@id\":\"https:\/\/www.akilles.fi\/friidrott\/#website\"},\"primaryImageOfPage\":{\"@id\":\"https:\/\/www.akilles.fi\/friidrott\/grona-boken-vihrea-kirja\/#primaryimage\"},\"image\":{\"@id\":\"https:\/\/www.akilles.fi\/friidrott\/grona-boken-vihrea-kirja\/#primaryimage\"},\"thumbnailUrl\":\"http:\/\/www.akilles.fi\/friidrott\/wp-content\/uploads\/sites\/20\/2019\/01\/gronaboken15swe.jpg\",\"datePublished\":\"2019-01-15T14:16:04+00:00\",\"dateModified\":\"2020-01-19T18:48:28+00:00\",\"breadcrumb\":{\"@id\":\"https:\/\/www.akilles.fi\/friidrott\/grona-boken-vihrea-kirja\/#breadcrumb\"},\"inLanguage\":\"sv-SE\",\"potentialAction\":[{\"@type\":\"ReadAction\",\"target\":[\"https:\/\/www.akilles.fi\/friidrott\/grona-boken-vihrea-kirja\/\"]}]},{\"@type\":\"ImageObject\",\"inLanguage\":\"sv-SE\",\"@id\":\"https:\/\/www.akilles.fi\/friidrott\/grona-boken-vihrea-kirja\/#primaryimage\",\"url\":\"https:\/\/www.akilles.fi\/friidrott\/wp-content\/uploads\/sites\/20\/2019\/01\/gronaboken15swe.jpg\",\"contentUrl\":\"https:\/\/www.akilles.fi\/friidrott\/wp-content\/uploads\/sites\/20\/2019\/01\/gronaboken15swe.jpg\",\"width\":190,\"height\":269,\"caption\":\"\"},{\"@type\":\"BreadcrumbList\",\"@id\":\"https:\/\/www.akilles.fi\/friidrott\/grona-boken-vihrea-kirja\/#breadcrumb\",\"itemListElement\":[{\"@type\":\"ListItem\",\"position\":1,\"name\":\"Home\",\"item\":\"https:\/\/www.akilles.fi\/friidrott\/\"},{\"@type\":\"ListItem\",\"position\":2,\"name\":\"Gr\u00f6na boken &#8211; Vihre\u00e4 kirja\"}]},{\"@type\":\"WebSite\",\"@id\":\"https:\/\/www.akilles.fi\/friidrott\/#website\",\"url\":\"https:\/\/www.akilles.fi\/friidrott\/\",\"name\":\"Friidrott - Yleisurheilu\",\"description\":\"Borg\u00e5 Akilles Friidrott- Porvoon Akilles Yleisurheilu\",\"potentialAction\":[{\"@type\":\"SearchAction\",\"target\":{\"@type\":\"EntryPoint\",\"urlTemplate\":\"https:\/\/www.akilles.fi\/friidrott\/?s={search_term_string}\"},\"query-input\":{\"@type\":\"PropertyValueSpecification\",\"valueRequired\":true,\"valueName\":\"search_term_string\"}}],\"inLanguage\":\"sv-SE\"}]}<\/script>\n<!-- \/ Yoast SEO plugin. -->","yoast_head_json":{"title":"Gr\u00f6na boken - Vihre\u00e4 kirja - Friidrott - Yleisurheilu","robots":{"index":"index","follow":"follow","max-snippet":"max-snippet:-1","max-image-preview":"max-image-preview:large","max-video-preview":"max-video-preview:-1"},"canonical":"https:\/\/www.akilles.fi\/friidrott\/grona-boken-vihrea-kirja\/","og_locale":"sv_SE","og_type":"article","og_title":"Gr\u00f6na boken - Vihre\u00e4 kirja - Friidrott - Yleisurheilu","og_description":"Guidebok f\u00f6r Akilles friidrott Du \u00e4r kanske f\u00f6r\u00e4lder, idrottare,\u00a0 tr\u00e4nare, funktion\u00e4r eller servieansvarig inom Akilles friidrott. Eller n\u00e5gon som redan varit med en tid men \u00e4nnu inte kommit p\u00e5 det klara med hur saker och ting fungerar inom friidrotten och f\u00f6reningen. Denna guide \u00e4r gjord f\u00f6r just dig. H\u00e4r har vi samlat information om f\u00f6reningen, [&hellip;]","og_url":"https:\/\/www.akilles.fi\/friidrott\/grona-boken-vihrea-kirja\/","og_site_name":"Friidrott - Yleisurheilu","article_modified_time":"2020-01-19T18:48:28+00:00","og_image":[{"url":"http:\/\/www.akilles.fi\/friidrott\/wp-content\/uploads\/sites\/20\/2019\/01\/gronaboken15swe.jpg","type":"","width":"","height":""}],"twitter_card":"summary_large_image","twitter_misc":{"Ber\u00e4knad l\u00e4stid":"1 minut"},"schema":{"@context":"https:\/\/schema.org","@graph":[{"@type":"WebPage","@id":"https:\/\/www.akilles.fi\/friidrott\/grona-boken-vihrea-kirja\/","url":"https:\/\/www.akilles.fi\/friidrott\/grona-boken-vihrea-kirja\/","name":"Gr\u00f6na boken - Vihre\u00e4 kirja - Friidrott - Yleisurheilu","isPartOf":{"@id":"https:\/\/www.akilles.fi\/friidrott\/#website"},"primaryImageOfPage":{"@id":"https:\/\/www.akilles.fi\/friidrott\/grona-boken-vihrea-kirja\/#primaryimage"},"image":{"@id":"https:\/\/www.akilles.fi\/friidrott\/grona-boken-vihrea-kirja\/#primaryimage"},"thumbnailUrl":"http:\/\/www.akilles.fi\/friidrott\/wp-content\/uploads\/sites\/20\/2019\/01\/gronaboken15swe.jpg","datePublished":"2019-01-15T14:16:04+00:00","dateModified":"2020-01-19T18:48:28+00:00","breadcrumb":{"@id":"https:\/\/www.akilles.fi\/friidrott\/grona-boken-vihrea-kirja\/#breadcrumb"},"inLanguage":"sv-SE","potentialAction":[{"@type":"ReadAction","target":["https:\/\/www.akilles.fi\/friidrott\/grona-boken-vihrea-kirja\/"]}]},{"@type":"ImageObject","inLanguage":"sv-SE","@id":"https:\/\/www.akilles.fi\/friidrott\/grona-boken-vihrea-kirja\/#primaryimage","url":"https:\/\/www.akilles.fi\/friidrott\/wp-content\/uploads\/sites\/20\/2019\/01\/gronaboken15swe.jpg","contentUrl":"https:\/\/www.akilles.fi\/friidrott\/wp-content\/uploads\/sites\/20\/2019\/01\/gronaboken15swe.jpg","width":190,"height":269,"caption":""},{"@type":"BreadcrumbList","@id":"https:\/\/www.akilles.fi\/friidrott\/grona-boken-vihrea-kirja\/#breadcrumb","itemListElement":[{"@type":"ListItem","position":1,"name":"Home","item":"https:\/\/www.akilles.fi\/friidrott\/"},{"@type":"ListItem","position":2,"name":"Gr\u00f6na boken &#8211; Vihre\u00e4 kirja"}]},{"@type":"WebSite","@id":"https:\/\/www.akilles.fi\/friidrott\/#website","url":"https:\/\/www.akilles.fi\/friidrott\/","name":"Friidrott - Yleisurheilu","description":"Borg\u00e5 Akilles Friidrott- Porvoon Akilles Yleisurheilu","potentialAction":[{"@type":"SearchAction","target":{"@type":"EntryPoint","urlTemplate":"https:\/\/www.akilles.fi\/friidrott\/?s={search_term_string}"},"query-input":{"@type":"PropertyValueSpecification","valueRequired":true,"valueName":"search_term_string"}}],"inLanguage":"sv-SE"}]}},"_links":{"self":[{"href":"https:\/\/www.akilles.fi\/friidrott\/wp-json\/wp\/v2\/pages\/1162","targetHints":{"allow":["GET"]}}],"collection":[{"href":"https:\/\/www.akilles.fi\/friidrott\/wp-json\/wp\/v2\/pages"}],"about":[{"href":"https:\/\/www.akilles.fi\/friidrott\/wp-json\/wp\/v2\/types\/page"}],"author":[{"embeddable":true,"href":"https:\/\/www.akilles.fi\/friidrott\/wp-json\/wp\/v2\/users\/4"}],"replies":[{"embeddable":true,"href":"https:\/\/www.akilles.fi\/friidrott\/wp-json\/wp\/v2\/comments?post=1162"}],"version-history":[{"count":2,"href":"https:\/\/www.akilles.fi\/friidrott\/wp-json\/wp\/v2\/pages\/1162\/revisions"}],"predecessor-version":[{"id":4097,"href":"https:\/\/www.akilles.fi\/friidrott\/wp-json\/wp\/v2\/pages\/1162\/revisions\/4097"}],"wp:attachment":[{"href":"https:\/\/www.akilles.fi\/friidrott\/wp-json\/wp\/v2\/media?parent=1162"}],"curies":[{"name":"wp","href":"https:\/\/api.w.org\/{rel}","templated":true}]}}