{"id":1171,"date":"2019-01-15T17:29:09","date_gmt":"2019-01-15T15:29:09","guid":{"rendered":"http:\/\/94.237.33.215\/~akilles\/nyasida\/friidrott\/?page_id=1171"},"modified":"2019-01-15T17:29:09","modified_gmt":"2019-01-15T15:29:09","slug":"vision-och-malsattning","status":"publish","type":"page","link":"https:\/\/www.akilles.fi\/friidrott\/vision-och-malsattning\/","title":{"rendered":"Vision och m\u00e5ls\u00e4ttning"},"content":{"rendered":"\t\t<div data-elementor-type=\"wp-post\" data-elementor-id=\"1171\" class=\"elementor elementor-1171 elementor-bc-flex-widget\" data-elementor-post-type=\"page\">\n\t\t\t\t\t\t<section class=\"elementor-section elementor-top-section elementor-element elementor-element-79067c6 elementor-section-boxed elementor-section-height-default elementor-section-height-default\" data-id=\"79067c6\" data-element_type=\"section\">\n\t\t\t\t\t\t<div class=\"elementor-container elementor-column-gap-default\">\n\t\t\t\t\t<div class=\"elementor-column elementor-col-50 elementor-top-column elementor-element elementor-element-dcb646c\" data-id=\"dcb646c\" data-element_type=\"column\">\n\t\t\t<div class=\"elementor-widget-wrap elementor-element-populated\">\n\t\t\t\t\t\t<div class=\"elementor-element elementor-element-328bc32 elementor-widget elementor-widget-text-editor\" data-id=\"328bc32\" data-element_type=\"widget\" data-widget_type=\"text-editor.default\">\n\t\t\t\t<div class=\"elementor-widget-container\">\n\t\t\t\t\t\t\t\t\t<p>&#8221; Akilles friidrott \u00e4r som f\u00f6rening en f\u00f6rebild genom sin m\u00e5ngsidiga verksamhet, sin anda och sina idrottsliga framg\u00e5ngar.\u201d<br \/><br \/>\u00a0 <img decoding=\"async\" class=\"alignnone wp-image-1176\" src=\"http:\/\/94.237.33.215\/~akilles\/nyasida\/friidrott\/wp-content\/uploads\/sites\/2\/2019\/01\/Bild1.png\" alt=\"\" width=\"129\" height=\"120\" srcset=\"https:\/\/www.akilles.fi\/friidrott\/wp-content\/uploads\/sites\/20\/2019\/01\/Bild1.png 320w, https:\/\/www.akilles.fi\/friidrott\/wp-content\/uploads\/sites\/20\/2019\/01\/Bild1-300x278.png 300w\" sizes=\"(max-width: 129px) 100vw, 129px\" \/> <img decoding=\"async\" class=\"alignnone wp-image-1177\" src=\"http:\/\/94.237.33.215\/~akilles\/nyasida\/friidrott\/wp-content\/uploads\/sites\/2\/2019\/01\/Bild2.png\" alt=\"\" width=\"120\" height=\"120\" srcset=\"https:\/\/www.akilles.fi\/friidrott\/wp-content\/uploads\/sites\/20\/2019\/01\/Bild2.png 297w, https:\/\/www.akilles.fi\/friidrott\/wp-content\/uploads\/sites\/20\/2019\/01\/Bild2-150x150.png 150w\" sizes=\"(max-width: 120px) 100vw, 120px\" \/> <img decoding=\"async\" class=\"alignnone wp-image-1178\" src=\"http:\/\/94.237.33.215\/~akilles\/nyasida\/friidrott\/wp-content\/uploads\/sites\/2\/2019\/01\/Bild3.png\" alt=\"\" width=\"125\" height=\"120\" srcset=\"https:\/\/www.akilles.fi\/friidrott\/wp-content\/uploads\/sites\/20\/2019\/01\/Bild3.png 309w, https:\/\/www.akilles.fi\/friidrott\/wp-content\/uploads\/sites\/20\/2019\/01\/Bild3-300x288.png 300w\" sizes=\"(max-width: 125px) 100vw, 125px\" \/> <img loading=\"lazy\" decoding=\"async\" class=\"alignnone wp-image-1179\" src=\"http:\/\/94.237.33.215\/~akilles\/nyasida\/friidrott\/wp-content\/uploads\/sites\/2\/2019\/01\/Bild4.png\" alt=\"\" width=\"127\" height=\"120\" srcset=\"https:\/\/www.akilles.fi\/friidrott\/wp-content\/uploads\/sites\/20\/2019\/01\/Bild4.png 309w, https:\/\/www.akilles.fi\/friidrott\/wp-content\/uploads\/sites\/20\/2019\/01\/Bild4-300x283.png 300w\" sizes=\"(max-width: 127px) 100vw, 127px\" \/><br \/><br \/>\u201dAkilles utvecklar ungdomar till friidrottare mot elitniv\u00e5, alternativt erbjuder sina medlemmar en rolig och betydelsefull friidrottshobby, samt en gemensam fritidsaktivitet f\u00f6r hela familjen.\u201d\u00a0<\/p>\t\t\t\t\t\t\t\t<\/div>\n\t\t\t\t<\/div>\n\t\t\t\t\t<\/div>\n\t\t<\/div>\n\t\t\t\t<div class=\"elementor-column elementor-col-50 elementor-top-column elementor-element elementor-element-b19ef14\" data-id=\"b19ef14\" data-element_type=\"column\">\n\t\t\t<div class=\"elementor-widget-wrap\">\n\t\t\t\t\t\t\t<\/div>\n\t\t<\/div>\n\t\t\t\t\t<\/div>\n\t\t<\/section>\n\t\t\t\t<\/div>\n\t\t","protected":false},"excerpt":{"rendered":"<p>&#8221; Akilles friidrott \u00e4r som f\u00f6rening en f\u00f6rebild genom sin m\u00e5ngsidiga verksamhet, sin anda och sina idrottsliga framg\u00e5ngar.\u201d \u00a0 \u201dAkilles utvecklar ungdomar till friidrottare mot elitniv\u00e5, alternativt erbjuder sina medlemmar en rolig och betydelsefull friidrottshobby, samt en gemensam fritidsaktivitet f\u00f6r hela familjen.\u201d\u00a0<\/p>\n","protected":false},"author":4,"featured_media":0,"parent":0,"menu_order":0,"comment_status":"closed","ping_status":"closed","template":"","meta":{"_crdt_document":"","footnotes":""},"class_list":["post-1171","page","type-page","status-publish","hentry"],"yoast_head":"<!-- This site is optimized with the Yoast SEO plugin v27.4 - https:\/\/yoast.com\/product\/yoast-seo-wordpress\/ -->\n<title>Vision och m\u00e5ls\u00e4ttning - Friidrott - Yleisurheilu<\/title>\n<meta name=\"robots\" content=\"index, follow, max-snippet:-1, max-image-preview:large, max-video-preview:-1\" \/>\n<link rel=\"canonical\" href=\"https:\/\/www.akilles.fi\/friidrott\/vision-och-malsattning\/\" \/>\n<meta property=\"og:locale\" content=\"sv_SE\" \/>\n<meta property=\"og:type\" content=\"article\" \/>\n<meta property=\"og:title\" content=\"Vision och m\u00e5ls\u00e4ttning - Friidrott - Yleisurheilu\" \/>\n<meta property=\"og:description\" content=\"&#8221; Akilles friidrott \u00e4r som f\u00f6rening en f\u00f6rebild genom sin m\u00e5ngsidiga verksamhet, sin anda och sina idrottsliga framg\u00e5ngar.\u201d \u00a0 \u201dAkilles utvecklar ungdomar till friidrottare mot elitniv\u00e5, alternativt erbjuder sina medlemmar en rolig och betydelsefull friidrottshobby, samt en gemensam fritidsaktivitet f\u00f6r hela familjen.\u201d\u00a0\" \/>\n<meta property=\"og:url\" content=\"https:\/\/www.akilles.fi\/friidrott\/vision-och-malsattning\/\" \/>\n<meta property=\"og:site_name\" content=\"Friidrott - Yleisurheilu\" \/>\n<meta property=\"og:image\" content=\"http:\/\/www.akilles.fi\/friidrott2\/wp-content\/uploads\/sites\/20\/2019\/01\/Bild1.png\" \/>\n<meta name=\"twitter:card\" content=\"summary_large_image\" \/>\n<script type=\"application\/ld+json\" class=\"yoast-schema-graph\">{\"@context\":\"https:\\\/\\\/schema.org\",\"@graph\":[{\"@type\":\"WebPage\",\"@id\":\"https:\\\/\\\/www.akilles.fi\\\/friidrott\\\/vision-och-malsattning\\\/\",\"url\":\"https:\\\/\\\/www.akilles.fi\\\/friidrott\\\/vision-och-malsattning\\\/\",\"name\":\"Vision och m\u00e5ls\u00e4ttning - Friidrott - Yleisurheilu\",\"isPartOf\":{\"@id\":\"https:\\\/\\\/www.akilles.fi\\\/friidrott\\\/#website\"},\"primaryImageOfPage\":{\"@id\":\"https:\\\/\\\/www.akilles.fi\\\/friidrott\\\/vision-och-malsattning\\\/#primaryimage\"},\"image\":{\"@id\":\"https:\\\/\\\/www.akilles.fi\\\/friidrott\\\/vision-och-malsattning\\\/#primaryimage\"},\"thumbnailUrl\":\"http:\\\/\\\/www.akilles.fi\\\/friidrott2\\\/wp-content\\\/uploads\\\/sites\\\/20\\\/2019\\\/01\\\/Bild1.png\",\"datePublished\":\"2019-01-15T15:29:09+00:00\",\"breadcrumb\":{\"@id\":\"https:\\\/\\\/www.akilles.fi\\\/friidrott\\\/vision-och-malsattning\\\/#breadcrumb\"},\"inLanguage\":\"sv-SE\",\"potentialAction\":[{\"@type\":\"ReadAction\",\"target\":[\"https:\\\/\\\/www.akilles.fi\\\/friidrott\\\/vision-och-malsattning\\\/\"]}]},{\"@type\":\"ImageObject\",\"inLanguage\":\"sv-SE\",\"@id\":\"https:\\\/\\\/www.akilles.fi\\\/friidrott\\\/vision-och-malsattning\\\/#primaryimage\",\"url\":\"http:\\\/\\\/www.akilles.fi\\\/friidrott2\\\/wp-content\\\/uploads\\\/sites\\\/20\\\/2019\\\/01\\\/Bild1.png\",\"contentUrl\":\"http:\\\/\\\/www.akilles.fi\\\/friidrott2\\\/wp-content\\\/uploads\\\/sites\\\/20\\\/2019\\\/01\\\/Bild1.png\"},{\"@type\":\"BreadcrumbList\",\"@id\":\"https:\\\/\\\/www.akilles.fi\\\/friidrott\\\/vision-och-malsattning\\\/#breadcrumb\",\"itemListElement\":[{\"@type\":\"ListItem\",\"position\":1,\"name\":\"Home\",\"item\":\"https:\\\/\\\/www.akilles.fi\\\/friidrott\\\/\"},{\"@type\":\"ListItem\",\"position\":2,\"name\":\"Vision och m\u00e5ls\u00e4ttning\"}]},{\"@type\":\"WebSite\",\"@id\":\"https:\\\/\\\/www.akilles.fi\\\/friidrott\\\/#website\",\"url\":\"https:\\\/\\\/www.akilles.fi\\\/friidrott\\\/\",\"name\":\"Friidrott - Yleisurheilu\",\"description\":\"Borg\u00e5 Akilles Friidrott- Porvoon Akilles Yleisurheilu\",\"potentialAction\":[{\"@type\":\"SearchAction\",\"target\":{\"@type\":\"EntryPoint\",\"urlTemplate\":\"https:\\\/\\\/www.akilles.fi\\\/friidrott\\\/?s={search_term_string}\"},\"query-input\":{\"@type\":\"PropertyValueSpecification\",\"valueRequired\":true,\"valueName\":\"search_term_string\"}}],\"inLanguage\":\"sv-SE\"}]}<\/script>\n<!-- \/ Yoast SEO plugin. -->","yoast_head_json":{"title":"Vision och m\u00e5ls\u00e4ttning - Friidrott - Yleisurheilu","robots":{"index":"index","follow":"follow","max-snippet":"max-snippet:-1","max-image-preview":"max-image-preview:large","max-video-preview":"max-video-preview:-1"},"canonical":"https:\/\/www.akilles.fi\/friidrott\/vision-och-malsattning\/","og_locale":"sv_SE","og_type":"article","og_title":"Vision och m\u00e5ls\u00e4ttning - Friidrott - Yleisurheilu","og_description":"&#8221; Akilles friidrott \u00e4r som f\u00f6rening en f\u00f6rebild genom sin m\u00e5ngsidiga verksamhet, sin anda och sina idrottsliga framg\u00e5ngar.\u201d \u00a0 \u201dAkilles utvecklar ungdomar till friidrottare mot elitniv\u00e5, alternativt erbjuder sina medlemmar en rolig och betydelsefull friidrottshobby, samt en gemensam fritidsaktivitet f\u00f6r hela familjen.\u201d\u00a0","og_url":"https:\/\/www.akilles.fi\/friidrott\/vision-och-malsattning\/","og_site_name":"Friidrott - Yleisurheilu","og_image":[{"url":"http:\/\/www.akilles.fi\/friidrott2\/wp-content\/uploads\/sites\/20\/2019\/01\/Bild1.png","type":"","width":"","height":""}],"twitter_card":"summary_large_image","schema":{"@context":"https:\/\/schema.org","@graph":[{"@type":"WebPage","@id":"https:\/\/www.akilles.fi\/friidrott\/vision-och-malsattning\/","url":"https:\/\/www.akilles.fi\/friidrott\/vision-och-malsattning\/","name":"Vision och m\u00e5ls\u00e4ttning - Friidrott - Yleisurheilu","isPartOf":{"@id":"https:\/\/www.akilles.fi\/friidrott\/#website"},"primaryImageOfPage":{"@id":"https:\/\/www.akilles.fi\/friidrott\/vision-och-malsattning\/#primaryimage"},"image":{"@id":"https:\/\/www.akilles.fi\/friidrott\/vision-och-malsattning\/#primaryimage"},"thumbnailUrl":"http:\/\/www.akilles.fi\/friidrott2\/wp-content\/uploads\/sites\/20\/2019\/01\/Bild1.png","datePublished":"2019-01-15T15:29:09+00:00","breadcrumb":{"@id":"https:\/\/www.akilles.fi\/friidrott\/vision-och-malsattning\/#breadcrumb"},"inLanguage":"sv-SE","potentialAction":[{"@type":"ReadAction","target":["https:\/\/www.akilles.fi\/friidrott\/vision-och-malsattning\/"]}]},{"@type":"ImageObject","inLanguage":"sv-SE","@id":"https:\/\/www.akilles.fi\/friidrott\/vision-och-malsattning\/#primaryimage","url":"http:\/\/www.akilles.fi\/friidrott2\/wp-content\/uploads\/sites\/20\/2019\/01\/Bild1.png","contentUrl":"http:\/\/www.akilles.fi\/friidrott2\/wp-content\/uploads\/sites\/20\/2019\/01\/Bild1.png"},{"@type":"BreadcrumbList","@id":"https:\/\/www.akilles.fi\/friidrott\/vision-och-malsattning\/#breadcrumb","itemListElement":[{"@type":"ListItem","position":1,"name":"Home","item":"https:\/\/www.akilles.fi\/friidrott\/"},{"@type":"ListItem","position":2,"name":"Vision och m\u00e5ls\u00e4ttning"}]},{"@type":"WebSite","@id":"https:\/\/www.akilles.fi\/friidrott\/#website","url":"https:\/\/www.akilles.fi\/friidrott\/","name":"Friidrott - Yleisurheilu","description":"Borg\u00e5 Akilles Friidrott- Porvoon Akilles Yleisurheilu","potentialAction":[{"@type":"SearchAction","target":{"@type":"EntryPoint","urlTemplate":"https:\/\/www.akilles.fi\/friidrott\/?s={search_term_string}"},"query-input":{"@type":"PropertyValueSpecification","valueRequired":true,"valueName":"search_term_string"}}],"inLanguage":"sv-SE"}]}},"_links":{"self":[{"href":"https:\/\/www.akilles.fi\/friidrott\/wp-json\/wp\/v2\/pages\/1171","targetHints":{"allow":["GET"]}}],"collection":[{"href":"https:\/\/www.akilles.fi\/friidrott\/wp-json\/wp\/v2\/pages"}],"about":[{"href":"https:\/\/www.akilles.fi\/friidrott\/wp-json\/wp\/v2\/types\/page"}],"author":[{"embeddable":true,"href":"https:\/\/www.akilles.fi\/friidrott\/wp-json\/wp\/v2\/users\/4"}],"replies":[{"embeddable":true,"href":"https:\/\/www.akilles.fi\/friidrott\/wp-json\/wp\/v2\/comments?post=1171"}],"version-history":[{"count":0,"href":"https:\/\/www.akilles.fi\/friidrott\/wp-json\/wp\/v2\/pages\/1171\/revisions"}],"wp:attachment":[{"href":"https:\/\/www.akilles.fi\/friidrott\/wp-json\/wp\/v2\/media?parent=1171"}],"curies":[{"name":"wp","href":"https:\/\/api.w.org\/{rel}","templated":true}]}}