{"id":1181,"date":"2019-01-15T17:35:22","date_gmt":"2019-01-15T15:35:22","guid":{"rendered":"http:\/\/94.237.33.215\/~akilles\/nyasida\/friidrott\/?page_id=1181"},"modified":"2020-01-20T17:33:59","modified_gmt":"2020-01-20T17:33:59","slug":"utbildning-koulutus","status":"publish","type":"page","link":"https:\/\/www.akilles.fi\/friidrott\/utbildning-koulutus\/","title":{"rendered":"Utbildning &#8211; Koulutus"},"content":{"rendered":"\t\t<div data-elementor-type=\"wp-post\" data-elementor-id=\"1181\" class=\"elementor elementor-1181\" data-elementor-post-type=\"page\">\n\t\t\t\t\t\t<section class=\"elementor-section elementor-top-section elementor-element elementor-element-25e1b18 elementor-section-boxed elementor-section-height-default elementor-section-height-default\" data-id=\"25e1b18\" data-element_type=\"section\">\n\t\t\t\t\t\t<div class=\"elementor-container elementor-column-gap-default\">\n\t\t\t\t\t<div class=\"elementor-column elementor-col-50 elementor-top-column elementor-element elementor-element-741cc0f\" data-id=\"741cc0f\" data-element_type=\"column\">\n\t\t\t<div class=\"elementor-widget-wrap elementor-element-populated\">\n\t\t\t\t\t\t<div class=\"elementor-element elementor-element-96158b7 elementor-widget elementor-widget-text-editor\" data-id=\"96158b7\" data-element_type=\"widget\" data-widget_type=\"text-editor.default\">\n\t\t\t\t<div class=\"elementor-widget-container\">\n\t\t\t\t\t\t\t\t\t<p><strong>UTBILDNING<\/strong><br \/>\u00a01. Tr\u00e4narutbildning<br \/>\u00a0\u00a0\u00a0\u00a0\u00a0 &#8211; Barnledarutbildning<br \/>\u00a0\u00a0\u00a0\u00a0\u00a0 &#8211; F\u00f6reningstr\u00e4narutbildning<br \/>\u00a0\u00a0\u00a0\u00a0\u00a0 &#8211; Yrkestr\u00e4narutbildnig<br \/>\u00a02. Funktion\u00e4rsutbildning<br \/>\u00a0\u00a0\u00a0\u00a0\u00a0 &#8211; T\u00e4vlingsdomare<br \/>\u00a0\u00a0\u00a0\u00a0\u00a0\u00a0\u00a0\u00a0\u00a0\u00a0 &#8211; Funktion\u00e4r, f\u00f6rening<br \/>\u00a0\u00a0\u00a0\u00a0\u00a0\u00a0\u00a0\u00a0\u00a0\u00a0 &#8211; Domare<br \/>\u00a0\u00a0\u00a0\u00a0\u00a0\u00a0\u00a0\u00a0\u00a0\u00a0 &#8211; Grenledare<br \/>\u00a0\u00a0\u00a0\u00a0\u00a0\u00a0\u00a0\u00a0\u00a0\u00a0 &#8211; T\u00e4vlingsledare<br \/>\u00a0\u00a0\u00a0\u00a0\u00a0\u00a0\u00a0\u00a0\u00a0\u00a0 &#8211; Int. domare<br \/>\u00a0\u00a0\u00a0\u00a0\u00a0 &#8211; G\u00e5ngdomare<br \/>\u00a0\u00a0\u00a0\u00a0\u00a0 &#8211; Starter<br \/>\u00a0\u00a0\u00a0\u00a0\u00a0 &#8211; M\u00e5lkamerask\u00f6tare<br \/>\u00a0\u00a0\u00a0\u00a0\u00a0 &#8211; Resultatservicesk\u00f6tare<br \/>\u00a0\u00a0\u00a0\u00a0\u00a0 &#8211; Speaker<\/p><p>\u00a0<\/p>\t\t\t\t\t\t\t\t<\/div>\n\t\t\t\t<\/div>\n\t\t\t\t\t<\/div>\n\t\t<\/div>\n\t\t\t\t<div class=\"elementor-column elementor-col-50 elementor-top-column elementor-element elementor-element-ca4ff5f\" data-id=\"ca4ff5f\" data-element_type=\"column\">\n\t\t\t<div class=\"elementor-widget-wrap elementor-element-populated\">\n\t\t\t\t\t\t<div class=\"elementor-element elementor-element-6a11d30 elementor-widget elementor-widget-text-editor\" data-id=\"6a11d30\" data-element_type=\"widget\" data-widget_type=\"text-editor.default\">\n\t\t\t\t<div class=\"elementor-widget-container\">\n\t\t\t\t\t\t\t\t\t<p><strong>KOULUTUS<\/strong><br \/>\u00a01. Valmentajakoulutus<br \/>\u00a0\u00a0\u00a0\u00a0\u00a0 &#8211; Lastenohjaaja<br \/>\u00a0\u00a0\u00a0\u00a0\u00a0 &#8211; Seuravalmentaja<br \/>\u00a0\u00a0\u00a0\u00a0\u00a0 &#8211; Ammattivalmentaja<br \/>\u00a02. Toimitsijakoulutus<br \/>\u00a0\u00a0\u00a0\u00a0\u00a0 &#8211; Kilpailutuomari<br \/>\u00a0\u00a0\u00a0\u00a0\u00a0\u00a0\u00a0\u00a0\u00a0\u00a0 &#8211; Toimitsija<br \/>\u00a0\u00a0\u00a0\u00a0\u00a0\u00a0\u00a0\u00a0\u00a0\u00a0 &#8211; Tuomari<br \/>\u00a0\u00a0\u00a0\u00a0\u00a0\u00a0\u00a0\u00a0\u00a0\u00a0 &#8211; Lajijohtaja<br \/>\u00a0\u00a0\u00a0\u00a0\u00a0\u00a0\u00a0\u00a0\u00a0\u00a0 &#8211; Kilpailujen johtaaj<br \/>\u00a0\u00a0\u00a0\u00a0\u00a0\u00a0\u00a0\u00a0\u00a0\u00a0 &#8211; Kv tuomari<br \/>\u00a0\u00a0\u00a0\u00a0\u00a0 &#8211; K\u00e4velytuomari<br \/>\u00a0\u00a0\u00a0\u00a0\u00a0 &#8211; L\u00e4hett\u00e4j\u00e4<br \/>\u00a0\u00a0\u00a0\u00a0\u00a0 &#8211; Maalikameranhoitaja<br \/>\u00a0\u00a0\u00a0\u00a0\u00a0 &#8211; Tulospalvelunhoitaja<br \/>\u00a0\u00a0\u00a0\u00a0\u00a0 &#8211; Kuuluttaja<\/p>\t\t\t\t\t\t\t\t<\/div>\n\t\t\t\t<\/div>\n\t\t\t\t\t<\/div>\n\t\t<\/div>\n\t\t\t\t\t<\/div>\n\t\t<\/section>\n\t\t\t\t<\/div>\n\t\t","protected":false},"excerpt":{"rendered":"<p>UTBILDNING\u00a01. Tr\u00e4narutbildning\u00a0\u00a0\u00a0\u00a0\u00a0 &#8211; Barnledarutbildning\u00a0\u00a0\u00a0\u00a0\u00a0 &#8211; F\u00f6reningstr\u00e4narutbildning\u00a0\u00a0\u00a0\u00a0\u00a0 &#8211; Yrkestr\u00e4narutbildnig\u00a02. Funktion\u00e4rsutbildning\u00a0\u00a0\u00a0\u00a0\u00a0 &#8211; T\u00e4vlingsdomare\u00a0\u00a0\u00a0\u00a0\u00a0\u00a0\u00a0\u00a0\u00a0\u00a0 &#8211; Funktion\u00e4r, f\u00f6rening\u00a0\u00a0\u00a0\u00a0\u00a0\u00a0\u00a0\u00a0\u00a0\u00a0 &#8211; Domare\u00a0\u00a0\u00a0\u00a0\u00a0\u00a0\u00a0\u00a0\u00a0\u00a0 &#8211; Grenledare\u00a0\u00a0\u00a0\u00a0\u00a0\u00a0\u00a0\u00a0\u00a0\u00a0 &#8211; T\u00e4vlingsledare\u00a0\u00a0\u00a0\u00a0\u00a0\u00a0\u00a0\u00a0\u00a0\u00a0 &#8211; Int. domare\u00a0\u00a0\u00a0\u00a0\u00a0 &#8211; G\u00e5ngdomare\u00a0\u00a0\u00a0\u00a0\u00a0 &#8211; Starter\u00a0\u00a0\u00a0\u00a0\u00a0 &#8211; M\u00e5lkamerask\u00f6tare\u00a0\u00a0\u00a0\u00a0\u00a0 &#8211; Resultatservicesk\u00f6tare\u00a0\u00a0\u00a0\u00a0\u00a0 &#8211; Speaker \u00a0 KOULUTUS\u00a01. Valmentajakoulutus\u00a0\u00a0\u00a0\u00a0\u00a0 &#8211; Lastenohjaaja\u00a0\u00a0\u00a0\u00a0\u00a0 &#8211; Seuravalmentaja\u00a0\u00a0\u00a0\u00a0\u00a0 &#8211; Ammattivalmentaja\u00a02. Toimitsijakoulutus\u00a0\u00a0\u00a0\u00a0\u00a0 &#8211; Kilpailutuomari\u00a0\u00a0\u00a0\u00a0\u00a0\u00a0\u00a0\u00a0\u00a0\u00a0 &#8211; Toimitsija\u00a0\u00a0\u00a0\u00a0\u00a0\u00a0\u00a0\u00a0\u00a0\u00a0 &#8211; Tuomari\u00a0\u00a0\u00a0\u00a0\u00a0\u00a0\u00a0\u00a0\u00a0\u00a0 &#8211; Lajijohtaja\u00a0\u00a0\u00a0\u00a0\u00a0\u00a0\u00a0\u00a0\u00a0\u00a0 &#8211; Kilpailujen johtaaj\u00a0\u00a0\u00a0\u00a0\u00a0\u00a0\u00a0\u00a0\u00a0\u00a0 &#8211; [&hellip;]<\/p>\n","protected":false},"author":4,"featured_media":0,"parent":0,"menu_order":0,"comment_status":"closed","ping_status":"closed","template":"","meta":{"_crdt_document":"","footnotes":""},"class_list":["post-1181","page","type-page","status-publish","hentry"],"yoast_head":"<!-- This site is optimized with the Yoast SEO plugin v26.8 - https:\/\/yoast.com\/product\/yoast-seo-wordpress\/ -->\n<title>Utbildning - Koulutus - Friidrott - Yleisurheilu<\/title>\n<meta name=\"robots\" content=\"index, follow, max-snippet:-1, max-image-preview:large, max-video-preview:-1\" \/>\n<link rel=\"canonical\" href=\"https:\/\/www.akilles.fi\/friidrott\/utbildning-koulutus\/\" \/>\n<meta property=\"og:locale\" content=\"sv_SE\" \/>\n<meta property=\"og:type\" content=\"article\" \/>\n<meta property=\"og:title\" content=\"Utbildning - Koulutus - Friidrott - Yleisurheilu\" \/>\n<meta property=\"og:description\" content=\"UTBILDNING\u00a01. Tr\u00e4narutbildning\u00a0\u00a0\u00a0\u00a0\u00a0 &#8211; Barnledarutbildning\u00a0\u00a0\u00a0\u00a0\u00a0 &#8211; F\u00f6reningstr\u00e4narutbildning\u00a0\u00a0\u00a0\u00a0\u00a0 &#8211; Yrkestr\u00e4narutbildnig\u00a02. Funktion\u00e4rsutbildning\u00a0\u00a0\u00a0\u00a0\u00a0 &#8211; T\u00e4vlingsdomare\u00a0\u00a0\u00a0\u00a0\u00a0\u00a0\u00a0\u00a0\u00a0\u00a0 &#8211; Funktion\u00e4r, f\u00f6rening\u00a0\u00a0\u00a0\u00a0\u00a0\u00a0\u00a0\u00a0\u00a0\u00a0 &#8211; Domare\u00a0\u00a0\u00a0\u00a0\u00a0\u00a0\u00a0\u00a0\u00a0\u00a0 &#8211; Grenledare\u00a0\u00a0\u00a0\u00a0\u00a0\u00a0\u00a0\u00a0\u00a0\u00a0 &#8211; T\u00e4vlingsledare\u00a0\u00a0\u00a0\u00a0\u00a0\u00a0\u00a0\u00a0\u00a0\u00a0 &#8211; Int. domare\u00a0\u00a0\u00a0\u00a0\u00a0 &#8211; G\u00e5ngdomare\u00a0\u00a0\u00a0\u00a0\u00a0 &#8211; Starter\u00a0\u00a0\u00a0\u00a0\u00a0 &#8211; M\u00e5lkamerask\u00f6tare\u00a0\u00a0\u00a0\u00a0\u00a0 &#8211; Resultatservicesk\u00f6tare\u00a0\u00a0\u00a0\u00a0\u00a0 &#8211; Speaker \u00a0 KOULUTUS\u00a01. Valmentajakoulutus\u00a0\u00a0\u00a0\u00a0\u00a0 &#8211; Lastenohjaaja\u00a0\u00a0\u00a0\u00a0\u00a0 &#8211; Seuravalmentaja\u00a0\u00a0\u00a0\u00a0\u00a0 &#8211; Ammattivalmentaja\u00a02. Toimitsijakoulutus\u00a0\u00a0\u00a0\u00a0\u00a0 &#8211; Kilpailutuomari\u00a0\u00a0\u00a0\u00a0\u00a0\u00a0\u00a0\u00a0\u00a0\u00a0 &#8211; Toimitsija\u00a0\u00a0\u00a0\u00a0\u00a0\u00a0\u00a0\u00a0\u00a0\u00a0 &#8211; Tuomari\u00a0\u00a0\u00a0\u00a0\u00a0\u00a0\u00a0\u00a0\u00a0\u00a0 &#8211; Lajijohtaja\u00a0\u00a0\u00a0\u00a0\u00a0\u00a0\u00a0\u00a0\u00a0\u00a0 &#8211; Kilpailujen johtaaj\u00a0\u00a0\u00a0\u00a0\u00a0\u00a0\u00a0\u00a0\u00a0\u00a0 &#8211; [&hellip;]\" \/>\n<meta property=\"og:url\" content=\"https:\/\/www.akilles.fi\/friidrott\/utbildning-koulutus\/\" \/>\n<meta property=\"og:site_name\" content=\"Friidrott - Yleisurheilu\" \/>\n<meta property=\"article:modified_time\" content=\"2020-01-20T17:33:59+00:00\" \/>\n<meta name=\"twitter:card\" content=\"summary_large_image\" \/>\n<script type=\"application\/ld+json\" class=\"yoast-schema-graph\">{\"@context\":\"https:\/\/schema.org\",\"@graph\":[{\"@type\":\"WebPage\",\"@id\":\"https:\/\/www.akilles.fi\/friidrott\/utbildning-koulutus\/\",\"url\":\"https:\/\/www.akilles.fi\/friidrott\/utbildning-koulutus\/\",\"name\":\"Utbildning - Koulutus - Friidrott - Yleisurheilu\",\"isPartOf\":{\"@id\":\"https:\/\/www.akilles.fi\/friidrott\/#website\"},\"datePublished\":\"2019-01-15T15:35:22+00:00\",\"dateModified\":\"2020-01-20T17:33:59+00:00\",\"breadcrumb\":{\"@id\":\"https:\/\/www.akilles.fi\/friidrott\/utbildning-koulutus\/#breadcrumb\"},\"inLanguage\":\"sv-SE\",\"potentialAction\":[{\"@type\":\"ReadAction\",\"target\":[\"https:\/\/www.akilles.fi\/friidrott\/utbildning-koulutus\/\"]}]},{\"@type\":\"BreadcrumbList\",\"@id\":\"https:\/\/www.akilles.fi\/friidrott\/utbildning-koulutus\/#breadcrumb\",\"itemListElement\":[{\"@type\":\"ListItem\",\"position\":1,\"name\":\"Home\",\"item\":\"https:\/\/www.akilles.fi\/friidrott\/\"},{\"@type\":\"ListItem\",\"position\":2,\"name\":\"Utbildning &#8211; Koulutus\"}]},{\"@type\":\"WebSite\",\"@id\":\"https:\/\/www.akilles.fi\/friidrott\/#website\",\"url\":\"https:\/\/www.akilles.fi\/friidrott\/\",\"name\":\"Friidrott - Yleisurheilu\",\"description\":\"Borg\u00e5 Akilles Friidrott- Porvoon Akilles Yleisurheilu\",\"potentialAction\":[{\"@type\":\"SearchAction\",\"target\":{\"@type\":\"EntryPoint\",\"urlTemplate\":\"https:\/\/www.akilles.fi\/friidrott\/?s={search_term_string}\"},\"query-input\":{\"@type\":\"PropertyValueSpecification\",\"valueRequired\":true,\"valueName\":\"search_term_string\"}}],\"inLanguage\":\"sv-SE\"}]}<\/script>\n<!-- \/ Yoast SEO plugin. -->","yoast_head_json":{"title":"Utbildning - Koulutus - Friidrott - Yleisurheilu","robots":{"index":"index","follow":"follow","max-snippet":"max-snippet:-1","max-image-preview":"max-image-preview:large","max-video-preview":"max-video-preview:-1"},"canonical":"https:\/\/www.akilles.fi\/friidrott\/utbildning-koulutus\/","og_locale":"sv_SE","og_type":"article","og_title":"Utbildning - Koulutus - Friidrott - Yleisurheilu","og_description":"UTBILDNING\u00a01. Tr\u00e4narutbildning\u00a0\u00a0\u00a0\u00a0\u00a0 &#8211; Barnledarutbildning\u00a0\u00a0\u00a0\u00a0\u00a0 &#8211; F\u00f6reningstr\u00e4narutbildning\u00a0\u00a0\u00a0\u00a0\u00a0 &#8211; Yrkestr\u00e4narutbildnig\u00a02. Funktion\u00e4rsutbildning\u00a0\u00a0\u00a0\u00a0\u00a0 &#8211; T\u00e4vlingsdomare\u00a0\u00a0\u00a0\u00a0\u00a0\u00a0\u00a0\u00a0\u00a0\u00a0 &#8211; Funktion\u00e4r, f\u00f6rening\u00a0\u00a0\u00a0\u00a0\u00a0\u00a0\u00a0\u00a0\u00a0\u00a0 &#8211; Domare\u00a0\u00a0\u00a0\u00a0\u00a0\u00a0\u00a0\u00a0\u00a0\u00a0 &#8211; Grenledare\u00a0\u00a0\u00a0\u00a0\u00a0\u00a0\u00a0\u00a0\u00a0\u00a0 &#8211; T\u00e4vlingsledare\u00a0\u00a0\u00a0\u00a0\u00a0\u00a0\u00a0\u00a0\u00a0\u00a0 &#8211; Int. domare\u00a0\u00a0\u00a0\u00a0\u00a0 &#8211; G\u00e5ngdomare\u00a0\u00a0\u00a0\u00a0\u00a0 &#8211; Starter\u00a0\u00a0\u00a0\u00a0\u00a0 &#8211; M\u00e5lkamerask\u00f6tare\u00a0\u00a0\u00a0\u00a0\u00a0 &#8211; Resultatservicesk\u00f6tare\u00a0\u00a0\u00a0\u00a0\u00a0 &#8211; Speaker \u00a0 KOULUTUS\u00a01. Valmentajakoulutus\u00a0\u00a0\u00a0\u00a0\u00a0 &#8211; Lastenohjaaja\u00a0\u00a0\u00a0\u00a0\u00a0 &#8211; Seuravalmentaja\u00a0\u00a0\u00a0\u00a0\u00a0 &#8211; Ammattivalmentaja\u00a02. Toimitsijakoulutus\u00a0\u00a0\u00a0\u00a0\u00a0 &#8211; Kilpailutuomari\u00a0\u00a0\u00a0\u00a0\u00a0\u00a0\u00a0\u00a0\u00a0\u00a0 &#8211; Toimitsija\u00a0\u00a0\u00a0\u00a0\u00a0\u00a0\u00a0\u00a0\u00a0\u00a0 &#8211; Tuomari\u00a0\u00a0\u00a0\u00a0\u00a0\u00a0\u00a0\u00a0\u00a0\u00a0 &#8211; Lajijohtaja\u00a0\u00a0\u00a0\u00a0\u00a0\u00a0\u00a0\u00a0\u00a0\u00a0 &#8211; Kilpailujen johtaaj\u00a0\u00a0\u00a0\u00a0\u00a0\u00a0\u00a0\u00a0\u00a0\u00a0 &#8211; [&hellip;]","og_url":"https:\/\/www.akilles.fi\/friidrott\/utbildning-koulutus\/","og_site_name":"Friidrott - Yleisurheilu","article_modified_time":"2020-01-20T17:33:59+00:00","twitter_card":"summary_large_image","schema":{"@context":"https:\/\/schema.org","@graph":[{"@type":"WebPage","@id":"https:\/\/www.akilles.fi\/friidrott\/utbildning-koulutus\/","url":"https:\/\/www.akilles.fi\/friidrott\/utbildning-koulutus\/","name":"Utbildning - Koulutus - Friidrott - Yleisurheilu","isPartOf":{"@id":"https:\/\/www.akilles.fi\/friidrott\/#website"},"datePublished":"2019-01-15T15:35:22+00:00","dateModified":"2020-01-20T17:33:59+00:00","breadcrumb":{"@id":"https:\/\/www.akilles.fi\/friidrott\/utbildning-koulutus\/#breadcrumb"},"inLanguage":"sv-SE","potentialAction":[{"@type":"ReadAction","target":["https:\/\/www.akilles.fi\/friidrott\/utbildning-koulutus\/"]}]},{"@type":"BreadcrumbList","@id":"https:\/\/www.akilles.fi\/friidrott\/utbildning-koulutus\/#breadcrumb","itemListElement":[{"@type":"ListItem","position":1,"name":"Home","item":"https:\/\/www.akilles.fi\/friidrott\/"},{"@type":"ListItem","position":2,"name":"Utbildning &#8211; Koulutus"}]},{"@type":"WebSite","@id":"https:\/\/www.akilles.fi\/friidrott\/#website","url":"https:\/\/www.akilles.fi\/friidrott\/","name":"Friidrott - Yleisurheilu","description":"Borg\u00e5 Akilles Friidrott- Porvoon Akilles Yleisurheilu","potentialAction":[{"@type":"SearchAction","target":{"@type":"EntryPoint","urlTemplate":"https:\/\/www.akilles.fi\/friidrott\/?s={search_term_string}"},"query-input":{"@type":"PropertyValueSpecification","valueRequired":true,"valueName":"search_term_string"}}],"inLanguage":"sv-SE"}]}},"_links":{"self":[{"href":"https:\/\/www.akilles.fi\/friidrott\/wp-json\/wp\/v2\/pages\/1181","targetHints":{"allow":["GET"]}}],"collection":[{"href":"https:\/\/www.akilles.fi\/friidrott\/wp-json\/wp\/v2\/pages"}],"about":[{"href":"https:\/\/www.akilles.fi\/friidrott\/wp-json\/wp\/v2\/types\/page"}],"author":[{"embeddable":true,"href":"https:\/\/www.akilles.fi\/friidrott\/wp-json\/wp\/v2\/users\/4"}],"replies":[{"embeddable":true,"href":"https:\/\/www.akilles.fi\/friidrott\/wp-json\/wp\/v2\/comments?post=1181"}],"version-history":[{"count":4,"href":"https:\/\/www.akilles.fi\/friidrott\/wp-json\/wp\/v2\/pages\/1181\/revisions"}],"predecessor-version":[{"id":4157,"href":"https:\/\/www.akilles.fi\/friidrott\/wp-json\/wp\/v2\/pages\/1181\/revisions\/4157"}],"wp:attachment":[{"href":"https:\/\/www.akilles.fi\/friidrott\/wp-json\/wp\/v2\/media?parent=1181"}],"curies":[{"name":"wp","href":"https:\/\/api.w.org\/{rel}","templated":true}]}}