{"id":1202,"date":"2019-01-16T11:36:15","date_gmt":"2019-01-16T09:36:15","guid":{"rendered":"http:\/\/94.237.33.215\/~akilles\/nyasida\/friidrott\/?page_id=1202"},"modified":"2025-11-16T13:42:22","modified_gmt":"2025-11-16T13:42:22","slug":"akilles-statistik-1902-2025-akilleksen-tilasto-1902-2025","status":"publish","type":"page","link":"https:\/\/www.akilles.fi\/friidrott\/akilles-statistik-1902-2025-akilleksen-tilasto-1902-2025\/","title":{"rendered":"Akilles statistik 1902-2025 &#8211; Akilleksen tilastot 1902-2025"},"content":{"rendered":"\t\t<div data-elementor-type=\"wp-post\" data-elementor-id=\"1202\" class=\"elementor elementor-1202\" data-elementor-post-type=\"page\">\n\t\t\t\t\t\t<section class=\"elementor-section elementor-top-section elementor-element elementor-element-1aa6948 elementor-section-boxed elementor-section-height-default elementor-section-height-default\" data-id=\"1aa6948\" data-element_type=\"section\">\n\t\t\t\t\t\t<div class=\"elementor-container elementor-column-gap-default\">\n\t\t\t\t\t<div class=\"elementor-column elementor-col-33 elementor-top-column elementor-element elementor-element-f5e9eda\" data-id=\"f5e9eda\" data-element_type=\"column\">\n\t\t\t<div class=\"elementor-widget-wrap elementor-element-populated\">\n\t\t\t\t\t\t<div class=\"elementor-element elementor-element-21d1620 elementor-widget elementor-widget-text-editor\" data-id=\"21d1620\" data-element_type=\"widget\" data-widget_type=\"text-editor.default\">\n\t\t\t\t<div class=\"elementor-widget-container\">\n\t\t\t\t\t\t\t\t\t<p><a href=\"https:\/\/drive.google.com\/file\/d\/1RZX0RAGMCEfpgPhI4vMhI7WE6EBK31Qb\/view?usp=sharing\">Herrar &#8211; Miehet<\/a><br \/><a href=\"https:\/\/drive.google.com\/file\/d\/1PmkcqCTAc6bqrzzAbwo1VN20sYuSc1zk\/view?usp=sharing\">H22 &#8211; M22<\/a><br \/><a href=\"https:\/\/drive.google.com\/file\/d\/1iVORptutkDcVL_PUHYqDZrvKOtXjgmH6\/view?usp=sharing\">H20 &#8211; M20<\/a><br \/><a href=\"https:\/\/drive.google.com\/file\/d\/1FcIbhj2HH2G7OG_F91g2Zu9X7gvhEtlc\/view?usp=sharing\">H19 &#8211; M19<\/a><br \/><a href=\"https:\/\/drive.google.com\/file\/d\/1WosYiJwGUrKpgebzF1QVjoISC3Bu5SNf\/view?usp=sharing\">H18 &#8211; M18<\/a><br \/><a href=\"https:\/\/drive.google.com\/file\/d\/1eTgQh5a24neuwLs-TsJCVmmgjcGV1l5_\/view?usp=sharing\">H17 &#8211; M17<\/a><br \/><a href=\"https:\/\/drive.google.com\/file\/d\/1XmAfjaogTMbInuYAmgbKUcZVypQ__3Fe\/view?usp=sharing\">H16 &#8211; M16<\/a><br \/><a href=\"https:\/\/drive.google.com\/file\/d\/1I2A8eLOkpclwVGNXAQ6mKngy7mkmYECs\/view?usp=sharing\" target=\"_blank\" rel=\"noopener\">P15<\/a>\u00a0\u00a0\u00a0\u00a0 <br \/><a href=\"https:\/\/drive.google.com\/file\/d\/1B5sT8xCBLbIvE7qc1zLrhT6R6xXJ14tw\/view?usp=sharing\" target=\"_blank\" rel=\"noopener\">P14<\/a> \u00a0\u00a0\u00a0<\/p>\t\t\t\t\t\t\t\t<\/div>\n\t\t\t\t<\/div>\n\t\t\t\t\t<\/div>\n\t\t<\/div>\n\t\t\t\t<div class=\"elementor-column elementor-col-33 elementor-top-column elementor-element elementor-element-c8a45c6\" data-id=\"c8a45c6\" data-element_type=\"column\">\n\t\t\t<div class=\"elementor-widget-wrap elementor-element-populated\">\n\t\t\t\t\t\t<div class=\"elementor-element elementor-element-53dc06e elementor-widget elementor-widget-text-editor\" data-id=\"53dc06e\" data-element_type=\"widget\" data-widget_type=\"text-editor.default\">\n\t\t\t\t<div class=\"elementor-widget-container\">\n\t\t\t\t\t\t\t\t\t<p><a href=\"https:\/\/drive.google.com\/file\/d\/1tTsO3MPE-s7CpZCN-iOp_VrVyf4sSwYG\/view?usp=sharing\">Damer &#8211; Naiset<\/a><br \/><a href=\"https:\/\/drive.google.com\/file\/d\/19IkCasxnu4ge_PlFxUgry2H7hH4rNV3S\/view?usp=sharing\">D22 &#8211; N22<\/a><br \/><a href=\"https:\/\/drive.google.com\/file\/d\/1zalFmkQUDrOPLPYdT18kE8LHntaCkkrn\/view?usp=sharing\">D20 &#8211; N20<\/a><br \/><a href=\"https:\/\/drive.google.com\/file\/d\/1xi_04aTwuyYwqVYxD5IXntyCtsWZrwqF\/view?usp=sharing\">D19 &#8211; N19<\/a><br \/><a href=\"https:\/\/drive.google.com\/file\/d\/10ttBQbfDrLUjuH3Dm6C3kyZ0mDQaBywF\/view?usp=sharing\">D18 &#8211; N18<\/a><br \/><a href=\"https:\/\/drive.google.com\/file\/d\/1hFNysC-rME6RafWRrqDa0qdYpARt8iBz\/view?usp=sharing\">D17 &#8211; N17<\/a><br \/><a href=\"https:\/\/drive.google.com\/file\/d\/17Fkqh2aIudFMVn9JXCw_SkaxmPiy6UrT\/view?usp=sharing\">D16 &#8211; N16<\/a><br \/><a href=\"https:\/\/drive.google.com\/file\/d\/1-Ly_DCsOkw4pqOhL4MrK_U7_edQFLWhm\/view?usp=sharing\" target=\"_blank\" rel=\"noopener\">F15 &#8211; T15<\/a> \u00a0\u00a0 <br \/><a href=\"https:\/\/drive.google.com\/file\/d\/1kYIJEMUXSj6TytYHvWogsZPOxwRsIgGH\/view?usp=sharing\" target=\"_blank\" rel=\"noopener\">F14 &#8211; T14<\/a> \u00a0\u00a0<\/p>\t\t\t\t\t\t\t\t<\/div>\n\t\t\t\t<\/div>\n\t\t\t\t\t<\/div>\n\t\t<\/div>\n\t\t\t\t<div class=\"elementor-column elementor-col-33 elementor-top-column elementor-element elementor-element-97ee017\" data-id=\"97ee017\" data-element_type=\"column\">\n\t\t\t<div class=\"elementor-widget-wrap elementor-element-populated\">\n\t\t\t\t\t\t<div class=\"elementor-element elementor-element-97225e9 elementor-widget elementor-widget-text-editor\" data-id=\"97225e9\" data-element_type=\"widget\" data-widget_type=\"text-editor.default\">\n\t\t\t\t<div class=\"elementor-widget-container\">\n\t\t\t\t\t\t\t\t\t<p><strong>Herrar, H22, H20, H19, H18, H17, H16, Damer, D22, D20, D19, D18, D17, D16 <\/strong><br \/><strong>uppdaterade 10.1.2024 \/lr<br \/>P14-P15, F14-F15 kommer senare<br \/><\/strong><\/p><p>Statistiken \u00e4r uppgjord s\u00e5 att idrottarens b\u00e4sta resultat i varje \u00e5ldersklass tagits med.<strong><br \/><\/strong><\/p><p>Statistiken g\u00f6r inga anspr\u00e5k p\u00e5 att vara fullst\u00e4ndig och helt r\u00e4tt.<br \/><strong>Om l\u00e4saren<\/strong> har andra och r\u00e4ttare uppgifter om<br \/>\u00a0 &#8211; resultat, felaktigt eller som saknas,<br \/>\u00a0 &#8211; idrottare<br \/>\u00a0 &#8211; f\u00f6delse\u00e5r<br \/>\u00a0 &#8211; redskap, tex. vikt<br \/>\u00a0 &#8211; k\u00e4nner till t\u00e4vlingsdatum som saknas,<br \/>kan du meddela mig s\u00e5 kollar jag i mina k\u00e4llor och uppdaterar sedan uppgifterna.<\/p><p><strong>Miehet, M22, M20, M19, M18, M17, M16, Naiset, N22, N20, N19, N18, N17, N16 p\u00e4ivitetty 10.1.2024\/lr<\/strong><br \/><strong>P15, P14, T15, T14 p\u00e4ivitet\u00e4\u00e4n my\u00f6hemmin<\/strong><\/p><p>Tilastot on tehty niin ett\u00e4 urheilijan paras tulos joka ik\u00e4luokassa on otettu mukaan.<\/p><p>Emme v\u00e4it\u00e4 ett\u00e4 tilastot eiv\u00e4t ole t\u00e4ydelliset ja t\u00e4ysin oikeat.<\/p><p><strong>Mik\u00e4li lukijalla <\/strong>on muita ja parempia tietoja\u00a0 <br \/>\u00a0 &#8211; tuloksista, virheist\u00e4 tai jotka puuttuvat,<br \/>\u00a0 &#8211; urheilijoista<br \/>\u00a0 &#8211; syntym\u00e4vuosi<br \/>\u00a0 &#8211; v\u00e4lineist\u00e4, esim paino<br \/>\u00a0 &#8211; tiet\u00e4\u00e4 kilpailip\u00e4iv\u00e4n joka puuttu,<br \/>voit ilmoittaa allekirjoittaneelle niin tarkistan l\u00e4hteist\u00e4ni ja p\u00e4ivit\u00e4 tiedot.<\/p><p>Leif Rikberg<br \/>leif.rikberg@akilles.fi<\/p>\t\t\t\t\t\t\t\t<\/div>\n\t\t\t\t<\/div>\n\t\t\t\t\t<\/div>\n\t\t<\/div>\n\t\t\t\t\t<\/div>\n\t\t<\/section>\n\t\t\t\t<\/div>\n\t\t","protected":false},"excerpt":{"rendered":"<p>Herrar &#8211; MiehetH22 &#8211; M22H20 &#8211; M20H19 &#8211; M19H18 &#8211; M18H17 &#8211; M17H16 &#8211; M16P15\u00a0\u00a0\u00a0\u00a0 P14 \u00a0\u00a0\u00a0 Damer &#8211; NaisetD22 &#8211; N22D20 &#8211; N20D19 &#8211; N19D18 &#8211; N18D17 &#8211; N17D16 &#8211; N16F15 &#8211; T15 \u00a0\u00a0 F14 &#8211; T14 \u00a0\u00a0 Herrar, H22, H20, H19, H18, H17, H16, Damer, D22, D20, D19, D18, D17, D16 uppdaterade 10.1.2024 [&hellip;]<\/p>\n","protected":false},"author":4,"featured_media":0,"parent":0,"menu_order":0,"comment_status":"closed","ping_status":"closed","template":"","meta":{"_crdt_document":"","footnotes":""},"class_list":["post-1202","page","type-page","status-publish","hentry"],"yoast_head":"<!-- This site is optimized with the Yoast SEO plugin v27.4 - https:\/\/yoast.com\/product\/yoast-seo-wordpress\/ -->\n<title>Akilles statistik 1902-2025 - Akilleksen tilastot 1902-2025 - Friidrott - Yleisurheilu<\/title>\n<meta name=\"robots\" content=\"index, follow, max-snippet:-1, max-image-preview:large, max-video-preview:-1\" \/>\n<link rel=\"canonical\" href=\"https:\/\/www.akilles.fi\/friidrott\/akilles-statistik-1902-2025-akilleksen-tilasto-1902-2025\/\" \/>\n<meta property=\"og:locale\" content=\"sv_SE\" \/>\n<meta property=\"og:type\" content=\"article\" \/>\n<meta property=\"og:title\" content=\"Akilles statistik 1902-2025 - Akilleksen tilastot 1902-2025 - Friidrott - Yleisurheilu\" \/>\n<meta property=\"og:description\" content=\"Herrar &#8211; MiehetH22 &#8211; M22H20 &#8211; M20H19 &#8211; M19H18 &#8211; M18H17 &#8211; M17H16 &#8211; M16P15\u00a0\u00a0\u00a0\u00a0 P14 \u00a0\u00a0\u00a0 Damer &#8211; NaisetD22 &#8211; N22D20 &#8211; N20D19 &#8211; N19D18 &#8211; N18D17 &#8211; N17D16 &#8211; N16F15 &#8211; T15 \u00a0\u00a0 F14 &#8211; T14 \u00a0\u00a0 Herrar, H22, H20, H19, H18, H17, H16, Damer, D22, D20, D19, D18, D17, D16 uppdaterade 10.1.2024 [&hellip;]\" \/>\n<meta property=\"og:url\" content=\"https:\/\/www.akilles.fi\/friidrott\/akilles-statistik-1902-2025-akilleksen-tilasto-1902-2025\/\" \/>\n<meta property=\"og:site_name\" content=\"Friidrott - Yleisurheilu\" \/>\n<meta property=\"article:modified_time\" content=\"2025-11-16T13:42:22+00:00\" \/>\n<meta name=\"twitter:card\" content=\"summary_large_image\" \/>\n<meta name=\"twitter:label1\" content=\"Ber\u00e4knad l\u00e4stid\" \/>\n\t<meta name=\"twitter:data1\" content=\"1 minut\" \/>\n<script type=\"application\/ld+json\" class=\"yoast-schema-graph\">{\"@context\":\"https:\\\/\\\/schema.org\",\"@graph\":[{\"@type\":\"WebPage\",\"@id\":\"https:\\\/\\\/www.akilles.fi\\\/friidrott\\\/akilles-statistik-1902-2025-akilleksen-tilasto-1902-2025\\\/\",\"url\":\"https:\\\/\\\/www.akilles.fi\\\/friidrott\\\/akilles-statistik-1902-2025-akilleksen-tilasto-1902-2025\\\/\",\"name\":\"Akilles statistik 1902-2025 - Akilleksen tilastot 1902-2025 - Friidrott - Yleisurheilu\",\"isPartOf\":{\"@id\":\"https:\\\/\\\/www.akilles.fi\\\/friidrott\\\/#website\"},\"datePublished\":\"2019-01-16T09:36:15+00:00\",\"dateModified\":\"2025-11-16T13:42:22+00:00\",\"breadcrumb\":{\"@id\":\"https:\\\/\\\/www.akilles.fi\\\/friidrott\\\/akilles-statistik-1902-2025-akilleksen-tilasto-1902-2025\\\/#breadcrumb\"},\"inLanguage\":\"sv-SE\",\"potentialAction\":[{\"@type\":\"ReadAction\",\"target\":[\"https:\\\/\\\/www.akilles.fi\\\/friidrott\\\/akilles-statistik-1902-2025-akilleksen-tilasto-1902-2025\\\/\"]}]},{\"@type\":\"BreadcrumbList\",\"@id\":\"https:\\\/\\\/www.akilles.fi\\\/friidrott\\\/akilles-statistik-1902-2025-akilleksen-tilasto-1902-2025\\\/#breadcrumb\",\"itemListElement\":[{\"@type\":\"ListItem\",\"position\":1,\"name\":\"Home\",\"item\":\"https:\\\/\\\/www.akilles.fi\\\/friidrott\\\/\"},{\"@type\":\"ListItem\",\"position\":2,\"name\":\"Akilles statistik 1902-2025 &#8211; Akilleksen tilastot 1902-2025\"}]},{\"@type\":\"WebSite\",\"@id\":\"https:\\\/\\\/www.akilles.fi\\\/friidrott\\\/#website\",\"url\":\"https:\\\/\\\/www.akilles.fi\\\/friidrott\\\/\",\"name\":\"Friidrott - Yleisurheilu\",\"description\":\"Borg\u00e5 Akilles Friidrott- Porvoon Akilles Yleisurheilu\",\"potentialAction\":[{\"@type\":\"SearchAction\",\"target\":{\"@type\":\"EntryPoint\",\"urlTemplate\":\"https:\\\/\\\/www.akilles.fi\\\/friidrott\\\/?s={search_term_string}\"},\"query-input\":{\"@type\":\"PropertyValueSpecification\",\"valueRequired\":true,\"valueName\":\"search_term_string\"}}],\"inLanguage\":\"sv-SE\"}]}<\/script>\n<!-- \/ Yoast SEO plugin. -->","yoast_head_json":{"title":"Akilles statistik 1902-2025 - Akilleksen tilastot 1902-2025 - Friidrott - Yleisurheilu","robots":{"index":"index","follow":"follow","max-snippet":"max-snippet:-1","max-image-preview":"max-image-preview:large","max-video-preview":"max-video-preview:-1"},"canonical":"https:\/\/www.akilles.fi\/friidrott\/akilles-statistik-1902-2025-akilleksen-tilasto-1902-2025\/","og_locale":"sv_SE","og_type":"article","og_title":"Akilles statistik 1902-2025 - Akilleksen tilastot 1902-2025 - Friidrott - Yleisurheilu","og_description":"Herrar &#8211; MiehetH22 &#8211; M22H20 &#8211; M20H19 &#8211; M19H18 &#8211; M18H17 &#8211; M17H16 &#8211; M16P15\u00a0\u00a0\u00a0\u00a0 P14 \u00a0\u00a0\u00a0 Damer &#8211; NaisetD22 &#8211; N22D20 &#8211; N20D19 &#8211; N19D18 &#8211; N18D17 &#8211; N17D16 &#8211; N16F15 &#8211; T15 \u00a0\u00a0 F14 &#8211; T14 \u00a0\u00a0 Herrar, H22, H20, H19, H18, H17, H16, Damer, D22, D20, D19, D18, D17, D16 uppdaterade 10.1.2024 [&hellip;]","og_url":"https:\/\/www.akilles.fi\/friidrott\/akilles-statistik-1902-2025-akilleksen-tilasto-1902-2025\/","og_site_name":"Friidrott - Yleisurheilu","article_modified_time":"2025-11-16T13:42:22+00:00","twitter_card":"summary_large_image","twitter_misc":{"Ber\u00e4knad l\u00e4stid":"1 minut"},"schema":{"@context":"https:\/\/schema.org","@graph":[{"@type":"WebPage","@id":"https:\/\/www.akilles.fi\/friidrott\/akilles-statistik-1902-2025-akilleksen-tilasto-1902-2025\/","url":"https:\/\/www.akilles.fi\/friidrott\/akilles-statistik-1902-2025-akilleksen-tilasto-1902-2025\/","name":"Akilles statistik 1902-2025 - Akilleksen tilastot 1902-2025 - Friidrott - Yleisurheilu","isPartOf":{"@id":"https:\/\/www.akilles.fi\/friidrott\/#website"},"datePublished":"2019-01-16T09:36:15+00:00","dateModified":"2025-11-16T13:42:22+00:00","breadcrumb":{"@id":"https:\/\/www.akilles.fi\/friidrott\/akilles-statistik-1902-2025-akilleksen-tilasto-1902-2025\/#breadcrumb"},"inLanguage":"sv-SE","potentialAction":[{"@type":"ReadAction","target":["https:\/\/www.akilles.fi\/friidrott\/akilles-statistik-1902-2025-akilleksen-tilasto-1902-2025\/"]}]},{"@type":"BreadcrumbList","@id":"https:\/\/www.akilles.fi\/friidrott\/akilles-statistik-1902-2025-akilleksen-tilasto-1902-2025\/#breadcrumb","itemListElement":[{"@type":"ListItem","position":1,"name":"Home","item":"https:\/\/www.akilles.fi\/friidrott\/"},{"@type":"ListItem","position":2,"name":"Akilles statistik 1902-2025 &#8211; Akilleksen tilastot 1902-2025"}]},{"@type":"WebSite","@id":"https:\/\/www.akilles.fi\/friidrott\/#website","url":"https:\/\/www.akilles.fi\/friidrott\/","name":"Friidrott - Yleisurheilu","description":"Borg\u00e5 Akilles Friidrott- Porvoon Akilles Yleisurheilu","potentialAction":[{"@type":"SearchAction","target":{"@type":"EntryPoint","urlTemplate":"https:\/\/www.akilles.fi\/friidrott\/?s={search_term_string}"},"query-input":{"@type":"PropertyValueSpecification","valueRequired":true,"valueName":"search_term_string"}}],"inLanguage":"sv-SE"}]}},"_links":{"self":[{"href":"https:\/\/www.akilles.fi\/friidrott\/wp-json\/wp\/v2\/pages\/1202","targetHints":{"allow":["GET"]}}],"collection":[{"href":"https:\/\/www.akilles.fi\/friidrott\/wp-json\/wp\/v2\/pages"}],"about":[{"href":"https:\/\/www.akilles.fi\/friidrott\/wp-json\/wp\/v2\/types\/page"}],"author":[{"embeddable":true,"href":"https:\/\/www.akilles.fi\/friidrott\/wp-json\/wp\/v2\/users\/4"}],"replies":[{"embeddable":true,"href":"https:\/\/www.akilles.fi\/friidrott\/wp-json\/wp\/v2\/comments?post=1202"}],"version-history":[{"count":268,"href":"https:\/\/www.akilles.fi\/friidrott\/wp-json\/wp\/v2\/pages\/1202\/revisions"}],"predecessor-version":[{"id":28843,"href":"https:\/\/www.akilles.fi\/friidrott\/wp-json\/wp\/v2\/pages\/1202\/revisions\/28843"}],"wp:attachment":[{"href":"https:\/\/www.akilles.fi\/friidrott\/wp-json\/wp\/v2\/media?parent=1202"}],"curies":[{"name":"wp","href":"https:\/\/api.w.org\/{rel}","templated":true}]}}