{"id":12174,"date":"2022-06-12T16:51:03","date_gmt":"2022-06-12T16:51:03","guid":{"rendered":"https:\/\/www.akilles.fi\/friidrott\/?page_id=12174"},"modified":"2022-06-12T17:28:06","modified_gmt":"2022-06-12T17:28:06","slug":"naids-p-f-stafetter-12-6-2022-resultat","status":"publish","type":"page","link":"https:\/\/www.akilles.fi\/friidrott\/naids-p-f-stafetter-12-6-2022-resultat\/","title":{"rendered":"N\u00c5ID:s P\/F-stafetter 12.6.2022 Resultat"},"content":{"rendered":"\t\t<div data-elementor-type=\"wp-page\" data-elementor-id=\"12174\" class=\"elementor elementor-12174\" data-elementor-post-type=\"page\">\n\t\t\t\t\t\t<section class=\"elementor-section elementor-top-section elementor-element elementor-element-ce2ddf6 elementor-section-boxed elementor-section-height-default elementor-section-height-default\" data-id=\"ce2ddf6\" data-element_type=\"section\">\n\t\t\t\t\t\t<div class=\"elementor-container elementor-column-gap-default\">\n\t\t\t\t\t<div class=\"elementor-column elementor-col-100 elementor-top-column elementor-element elementor-element-93b2612\" data-id=\"93b2612\" data-element_type=\"column\">\n\t\t\t<div class=\"elementor-widget-wrap elementor-element-populated\">\n\t\t\t\t\t\t<section class=\"elementor-section elementor-inner-section elementor-element elementor-element-36c0f0d elementor-section-boxed elementor-section-height-default elementor-section-height-default\" data-id=\"36c0f0d\" data-element_type=\"section\">\n\t\t\t\t\t\t<div class=\"elementor-container elementor-column-gap-default\">\n\t\t\t\t\t<div class=\"elementor-column elementor-col-50 elementor-inner-column elementor-element elementor-element-3402214\" data-id=\"3402214\" data-element_type=\"column\">\n\t\t\t<div class=\"elementor-widget-wrap elementor-element-populated\">\n\t\t\t\t\t\t<div class=\"elementor-element elementor-element-45abd62 elementor-widget elementor-widget-text-editor\" data-id=\"45abd62\" data-element_type=\"widget\" data-widget_type=\"text-editor.default\">\n\t\t\t\t<div class=\"elementor-widget-container\">\n\t\t\t\t\t\t\t\t\t<p><strong>N\u00c5ID stafetter F\/P 9-13<\/strong><br \/>Borg\u00e5 Akilles 12.06.2022<\/p><p>P9 4x400m <br \/>1) Borg\u00e5 Akilles 6.40,47 <br \/>1) Casper Weckman, 2) Alex Forsblom, 3) John Jamieson, 4) Axel Latvala<\/p><p>P9\/F9 8x40m mixed &#8211; P9\/T9 8x40m sekaviesti<br \/>1) Borg\u00e5 Akilles 1.03,22 <br \/>1) Alex Forsblom, 2) Nea Mel\u00e9n, 3) John Jamieson, 4) Agnes Halin, <br \/>5) Aamu Santalahti, 6) Kevin Blomqvist, 7) Charlotta Laur\u00e9n, 8) Axel Latvala<br \/>2) IF Raseborg 1.07,57 <br \/>1) Alvar Koivuporras, 2) Tuva Westerlund, 3) Erin Munsterhjelm, 4) Fanny Nyman, 5) Linn\u00e9a Siggberg, 6) Alice Munsterhjelm, 7) Andrea Siggberg, 8) Nikolaos Christides<\/p><p>P11 4x50m <br \/>1) Borg\u00e5 Akilles 34,32 <br \/>1) Elias Hirtentreu, 2) William Holmstr\u00f6m, 3) Jonathan Liljendal, 4) Casper Nopanen<br \/>2) Esbo IF 35,47 <br \/>1) William Vuonoranta, 2) Elliot Heino, 3) Edgar Winberg, 4) Axel Blomfelt<br \/><br \/>P11 4x600m <br \/>1) Esbo IF 8.53,80 <br \/>1) William Vuonoranta, 2) Elliot Heino, 3) Edgar Winberg, 4) Axel Blomfelt<\/p><p>P11 4x60m aitaviesti<br \/>1) Esbo IF 51,25 <br \/>1) William Vuonoranta, 2) Edgar Winberg, 3) Axel Blomfelt, 4) Elliot Heino<br \/>2) Borg\u00e5 Akilles 58,73 <br \/>1) Casper Nopanen, 2) Jonathan Liljendal, 3) William Holmstr\u00f6m, 4) Elias Hirtentreu<\/p><p>P13 4x100m <br \/>1) IF Raseborg 1.01,06 <br \/>1) Melvin Wasstr\u00f6m, 2) David Ekholm, 3) Elton H\u00f6glund, 4) Vincent Winberg<br \/><br \/>P13 4x600m <br \/>1) IF Raseborg IFRaseb 8.38,58 <br \/>1) David Ekholm, 2) Elton H\u00f6glund, 3) Milos Christides, 4) Vincent Winberg<br \/><br \/>P13 4x60m h\u00e4ck &#8211; P13 4x60m aidat<br \/>1) IF Raseborg 52,89 <br \/>1) Melvin Wasstr\u00f6m, 2) Vincent Winberg, 3) Milos Christides, 4) David Ekholm<\/p><p>F9 \/ T9 4x400m <br \/>1) Borg\u00e5 Akilles 6.41,99 <br \/>1) Nea Mel\u00e9n, 2) Aamu Santalahti, 3) Ella Blomqvist, 4) Charlotta Laur\u00e9n<br \/>2) IF Raseborg 7.10,75 <br \/>1) Erin Munsterhjelm, 2) Andrea Siggberg, 3) Tuva Westerlund, 4) Linn\u00e9a Siggberg<\/p><p>T11 4x50m viesti<br \/>1) Sjunde\u00e5 IF 31,38 <br \/>1) Saga Holm, 2) Sigrid Lindstr\u00f6m, 3) Elise Hellstr\u00f6m, 4) Ronja Sentzke<br \/>2) Borg\u00e5 Akilles 32,13 <br \/>1) Elin Nyholm, 2) Alissa Servin, 3) Matilda Blom, 4) Vanessa Kinnunen<br \/>3) IF Raseborg 34,49 <br \/>1) Ellen Wikman, 2) Emma All\u00e9n, 3) Alice \u00d6hman, 4) Li Bj\u00f6rkqvist<\/p><p>T11 4x600m <br \/>1) IF Raseborg 8.54,87 <br \/>1) Emma All\u00e9n, 2) Emma Nyman, 3) Ellen Wikman, 4) Elwa H\u00f6glund<br \/>2) Borg\u00e5 Akilles 9.04,91 <br \/>1) Elin Nyholm, 2) Alissa Servin, 3) Vanessa Kinnunen, 4) Matilda Blom<\/p><p>T11 4x60m aitaviesti<br \/>1) Borg\u00e5 Akilles 53,79 <br \/>1) Matilda Blom, 2) Vanessa Kinnunen, 3) Erin Lindgren, 4) Elin Nyholm<br \/>2) IF Raseborg 59,99 <br \/>1) Emma Nyman, 2) Alice \u00d6hman, 3) Elwa H\u00f6glund, 4) Ella Malmstr\u00f6m<br \/><br \/>F13 &#8211; T13 4x100m <br \/>1) IF Raseborg IFRaseb 59,36 <br \/>1) Livia Nordman, 2) Olivia Asplund, 3) Victoria Jung, 4) Leona Ahlroos<\/p><p>F13 &#8211; T13 4x600m <br \/>1) IF Raseborg IFRaseb 8.43,32 <br \/>1) Victoria Jung, 2) Ellen Westerlund, 3) Olivia Asplund, 4) Livia Nordman<\/p><p>F13 4x60m h\u00e4ck &#8211; T13 4x60m aidat<br \/>1) IF Raseborg 50,98 <br \/>1) Ines Westerlund, 2) Victoria Jung, 3) Livia Nordman, 4) Leona Ahlroos<\/p>\t\t\t\t\t\t\t\t<\/div>\n\t\t\t\t<\/div>\n\t\t\t\t\t<\/div>\n\t\t<\/div>\n\t\t\t\t<div class=\"elementor-column elementor-col-50 elementor-inner-column elementor-element elementor-element-57164ad\" data-id=\"57164ad\" data-element_type=\"column\">\n\t\t\t<div class=\"elementor-widget-wrap elementor-element-populated\">\n\t\t\t\t\t\t\t<\/div>\n\t\t<\/div>\n\t\t\t\t\t<\/div>\n\t\t<\/section>\n\t\t\t\t\t<\/div>\n\t\t<\/div>\n\t\t\t\t\t<\/div>\n\t\t<\/section>\n\t\t\t\t<\/div>\n\t\t","protected":false},"excerpt":{"rendered":"<p>N\u00c5ID stafetter F\/P 9-13Borg\u00e5 Akilles 12.06.2022 P9 4x400m 1) Borg\u00e5 Akilles 6.40,47 1) Casper Weckman, 2) Alex Forsblom, 3) John Jamieson, 4) Axel Latvala P9\/F9 8x40m mixed &#8211; P9\/T9 8x40m sekaviesti1) Borg\u00e5 Akilles 1.03,22 1) Alex Forsblom, 2) Nea Mel\u00e9n, 3) John Jamieson, 4) Agnes Halin, 5) Aamu Santalahti, 6) Kevin Blomqvist, 7) Charlotta Laur\u00e9n, [&hellip;]<\/p>\n","protected":false},"author":3,"featured_media":0,"parent":0,"menu_order":0,"comment_status":"closed","ping_status":"closed","template":"","meta":{"_crdt_document":"","footnotes":""},"class_list":["post-12174","page","type-page","status-publish","hentry"],"yoast_head":"<!-- This site is optimized with the Yoast SEO plugin v26.8 - https:\/\/yoast.com\/product\/yoast-seo-wordpress\/ -->\n<title>N\u00c5ID:s P\/F-stafetter 12.6.2022 Resultat - Friidrott - Yleisurheilu<\/title>\n<meta name=\"robots\" content=\"index, follow, max-snippet:-1, max-image-preview:large, max-video-preview:-1\" \/>\n<link rel=\"canonical\" href=\"https:\/\/www.akilles.fi\/friidrott\/naids-p-f-stafetter-12-6-2022-resultat\/\" \/>\n<meta property=\"og:locale\" content=\"sv_SE\" \/>\n<meta property=\"og:type\" content=\"article\" \/>\n<meta property=\"og:title\" content=\"N\u00c5ID:s P\/F-stafetter 12.6.2022 Resultat - Friidrott - Yleisurheilu\" \/>\n<meta property=\"og:description\" content=\"N\u00c5ID stafetter F\/P 9-13Borg\u00e5 Akilles 12.06.2022 P9 4x400m 1) Borg\u00e5 Akilles 6.40,47 1) Casper Weckman, 2) Alex Forsblom, 3) John Jamieson, 4) Axel Latvala P9\/F9 8x40m mixed &#8211; P9\/T9 8x40m sekaviesti1) Borg\u00e5 Akilles 1.03,22 1) Alex Forsblom, 2) Nea Mel\u00e9n, 3) John Jamieson, 4) Agnes Halin, 5) Aamu Santalahti, 6) Kevin Blomqvist, 7) Charlotta Laur\u00e9n, [&hellip;]\" \/>\n<meta property=\"og:url\" content=\"https:\/\/www.akilles.fi\/friidrott\/naids-p-f-stafetter-12-6-2022-resultat\/\" \/>\n<meta property=\"og:site_name\" content=\"Friidrott - Yleisurheilu\" \/>\n<meta property=\"article:modified_time\" content=\"2022-06-12T17:28:06+00:00\" \/>\n<meta name=\"twitter:card\" content=\"summary_large_image\" \/>\n<meta name=\"twitter:label1\" content=\"Ber\u00e4knad l\u00e4stid\" \/>\n\t<meta name=\"twitter:data1\" content=\"3 minuter\" \/>\n<script type=\"application\/ld+json\" class=\"yoast-schema-graph\">{\"@context\":\"https:\/\/schema.org\",\"@graph\":[{\"@type\":\"WebPage\",\"@id\":\"https:\/\/www.akilles.fi\/friidrott\/naids-p-f-stafetter-12-6-2022-resultat\/\",\"url\":\"https:\/\/www.akilles.fi\/friidrott\/naids-p-f-stafetter-12-6-2022-resultat\/\",\"name\":\"N\u00c5ID:s P\/F-stafetter 12.6.2022 Resultat - Friidrott - Yleisurheilu\",\"isPartOf\":{\"@id\":\"https:\/\/www.akilles.fi\/friidrott\/#website\"},\"datePublished\":\"2022-06-12T16:51:03+00:00\",\"dateModified\":\"2022-06-12T17:28:06+00:00\",\"breadcrumb\":{\"@id\":\"https:\/\/www.akilles.fi\/friidrott\/naids-p-f-stafetter-12-6-2022-resultat\/#breadcrumb\"},\"inLanguage\":\"sv-SE\",\"potentialAction\":[{\"@type\":\"ReadAction\",\"target\":[\"https:\/\/www.akilles.fi\/friidrott\/naids-p-f-stafetter-12-6-2022-resultat\/\"]}]},{\"@type\":\"BreadcrumbList\",\"@id\":\"https:\/\/www.akilles.fi\/friidrott\/naids-p-f-stafetter-12-6-2022-resultat\/#breadcrumb\",\"itemListElement\":[{\"@type\":\"ListItem\",\"position\":1,\"name\":\"Home\",\"item\":\"https:\/\/www.akilles.fi\/friidrott\/\"},{\"@type\":\"ListItem\",\"position\":2,\"name\":\"N\u00c5ID:s P\/F-stafetter 12.6.2022 Resultat\"}]},{\"@type\":\"WebSite\",\"@id\":\"https:\/\/www.akilles.fi\/friidrott\/#website\",\"url\":\"https:\/\/www.akilles.fi\/friidrott\/\",\"name\":\"Friidrott - Yleisurheilu\",\"description\":\"Borg\u00e5 Akilles Friidrott- Porvoon Akilles Yleisurheilu\",\"potentialAction\":[{\"@type\":\"SearchAction\",\"target\":{\"@type\":\"EntryPoint\",\"urlTemplate\":\"https:\/\/www.akilles.fi\/friidrott\/?s={search_term_string}\"},\"query-input\":{\"@type\":\"PropertyValueSpecification\",\"valueRequired\":true,\"valueName\":\"search_term_string\"}}],\"inLanguage\":\"sv-SE\"}]}<\/script>\n<!-- \/ Yoast SEO plugin. -->","yoast_head_json":{"title":"N\u00c5ID:s P\/F-stafetter 12.6.2022 Resultat - Friidrott - Yleisurheilu","robots":{"index":"index","follow":"follow","max-snippet":"max-snippet:-1","max-image-preview":"max-image-preview:large","max-video-preview":"max-video-preview:-1"},"canonical":"https:\/\/www.akilles.fi\/friidrott\/naids-p-f-stafetter-12-6-2022-resultat\/","og_locale":"sv_SE","og_type":"article","og_title":"N\u00c5ID:s P\/F-stafetter 12.6.2022 Resultat - Friidrott - Yleisurheilu","og_description":"N\u00c5ID stafetter F\/P 9-13Borg\u00e5 Akilles 12.06.2022 P9 4x400m 1) Borg\u00e5 Akilles 6.40,47 1) Casper Weckman, 2) Alex Forsblom, 3) John Jamieson, 4) Axel Latvala P9\/F9 8x40m mixed &#8211; P9\/T9 8x40m sekaviesti1) Borg\u00e5 Akilles 1.03,22 1) Alex Forsblom, 2) Nea Mel\u00e9n, 3) John Jamieson, 4) Agnes Halin, 5) Aamu Santalahti, 6) Kevin Blomqvist, 7) Charlotta Laur\u00e9n, [&hellip;]","og_url":"https:\/\/www.akilles.fi\/friidrott\/naids-p-f-stafetter-12-6-2022-resultat\/","og_site_name":"Friidrott - Yleisurheilu","article_modified_time":"2022-06-12T17:28:06+00:00","twitter_card":"summary_large_image","twitter_misc":{"Ber\u00e4knad l\u00e4stid":"3 minuter"},"schema":{"@context":"https:\/\/schema.org","@graph":[{"@type":"WebPage","@id":"https:\/\/www.akilles.fi\/friidrott\/naids-p-f-stafetter-12-6-2022-resultat\/","url":"https:\/\/www.akilles.fi\/friidrott\/naids-p-f-stafetter-12-6-2022-resultat\/","name":"N\u00c5ID:s P\/F-stafetter 12.6.2022 Resultat - Friidrott - Yleisurheilu","isPartOf":{"@id":"https:\/\/www.akilles.fi\/friidrott\/#website"},"datePublished":"2022-06-12T16:51:03+00:00","dateModified":"2022-06-12T17:28:06+00:00","breadcrumb":{"@id":"https:\/\/www.akilles.fi\/friidrott\/naids-p-f-stafetter-12-6-2022-resultat\/#breadcrumb"},"inLanguage":"sv-SE","potentialAction":[{"@type":"ReadAction","target":["https:\/\/www.akilles.fi\/friidrott\/naids-p-f-stafetter-12-6-2022-resultat\/"]}]},{"@type":"BreadcrumbList","@id":"https:\/\/www.akilles.fi\/friidrott\/naids-p-f-stafetter-12-6-2022-resultat\/#breadcrumb","itemListElement":[{"@type":"ListItem","position":1,"name":"Home","item":"https:\/\/www.akilles.fi\/friidrott\/"},{"@type":"ListItem","position":2,"name":"N\u00c5ID:s P\/F-stafetter 12.6.2022 Resultat"}]},{"@type":"WebSite","@id":"https:\/\/www.akilles.fi\/friidrott\/#website","url":"https:\/\/www.akilles.fi\/friidrott\/","name":"Friidrott - Yleisurheilu","description":"Borg\u00e5 Akilles Friidrott- Porvoon Akilles Yleisurheilu","potentialAction":[{"@type":"SearchAction","target":{"@type":"EntryPoint","urlTemplate":"https:\/\/www.akilles.fi\/friidrott\/?s={search_term_string}"},"query-input":{"@type":"PropertyValueSpecification","valueRequired":true,"valueName":"search_term_string"}}],"inLanguage":"sv-SE"}]}},"_links":{"self":[{"href":"https:\/\/www.akilles.fi\/friidrott\/wp-json\/wp\/v2\/pages\/12174","targetHints":{"allow":["GET"]}}],"collection":[{"href":"https:\/\/www.akilles.fi\/friidrott\/wp-json\/wp\/v2\/pages"}],"about":[{"href":"https:\/\/www.akilles.fi\/friidrott\/wp-json\/wp\/v2\/types\/page"}],"author":[{"embeddable":true,"href":"https:\/\/www.akilles.fi\/friidrott\/wp-json\/wp\/v2\/users\/3"}],"replies":[{"embeddable":true,"href":"https:\/\/www.akilles.fi\/friidrott\/wp-json\/wp\/v2\/comments?post=12174"}],"version-history":[{"count":37,"href":"https:\/\/www.akilles.fi\/friidrott\/wp-json\/wp\/v2\/pages\/12174\/revisions"}],"predecessor-version":[{"id":12211,"href":"https:\/\/www.akilles.fi\/friidrott\/wp-json\/wp\/v2\/pages\/12174\/revisions\/12211"}],"wp:attachment":[{"href":"https:\/\/www.akilles.fi\/friidrott\/wp-json\/wp\/v2\/media?parent=12174"}],"curies":[{"name":"wp","href":"https:\/\/api.w.org\/{rel}","templated":true}]}}