{"id":1257,"date":"2019-01-16T14:39:38","date_gmt":"2019-01-16T12:39:38","guid":{"rendered":"http:\/\/94.237.33.215\/~akilles\/nyasida\/friidrott\/?page_id=1257"},"modified":"2020-01-20T17:37:21","modified_gmt":"2020-01-20T17:37:21","slug":"kort-historik","status":"publish","type":"page","link":"https:\/\/www.akilles.fi\/friidrott\/kort-historik\/","title":{"rendered":"Kort historik  &#8211;  Lyhyt historiikki"},"content":{"rendered":"\t\t<div data-elementor-type=\"wp-post\" data-elementor-id=\"1257\" class=\"elementor elementor-1257\" data-elementor-post-type=\"page\">\n\t\t\t\t\t\t<section class=\"elementor-section elementor-top-section elementor-element elementor-element-43c3e29 elementor-section-boxed elementor-section-height-default elementor-section-height-default\" data-id=\"43c3e29\" data-element_type=\"section\">\n\t\t\t\t\t\t<div class=\"elementor-container elementor-column-gap-default\">\n\t\t\t\t\t<div class=\"elementor-column elementor-col-33 elementor-top-column elementor-element elementor-element-60842bb\" data-id=\"60842bb\" data-element_type=\"column\">\n\t\t\t<div class=\"elementor-widget-wrap elementor-element-populated\">\n\t\t\t\t\t\t<div class=\"elementor-element elementor-element-d2c9a5e elementor-widget elementor-widget-text-editor\" data-id=\"d2c9a5e\" data-element_type=\"widget\" data-widget_type=\"text-editor.default\">\n\t\t\t\t<div class=\"elementor-widget-container\">\n\t\t\t\t\t\t\t\t\t<p><strong>V\u00e5r historia<\/strong><br \/><br \/>Dagens och morgondagens idrottare st\u00e5r i centrum f\u00f6r v\u00e5r verksamhet. I och med det sysslar vi mycket med framtidsfr\u00e5gor och utvecklar verksamheten p\u00e5 l\u00e5ng, och h\u00e5llbar, sikt. Trots detta framtidsperspektiv \u00e4r det viktigt att vi alla k\u00e4nner v\u00e5r historia. Den utg\u00f6r den plattform som vi bygger framtiden p\u00e5. H\u00e4r kommer ett utdrag ur v\u00e5r historia:<\/p><p>F\u00f6reningen grundades \u00e5r 1902, den 17 oktober, i Borg\u00e5 Lyceums gymnastiksal. Till f\u00f6reningens f\u00f6rsta ordf\u00f6randevaldes tyngdlyftaren och brottaren Adolf Lindfors. Namnet Akilles togs i anv\u00e4ndning \u00e5r 1906. F\u00f6reningslokalen, det v\u00e4lk\u00e4nda Akilleshuset, byggdes och togs i bruk \u00e5r 1928.<\/p><p>Friidrotten var tidigt med i f\u00f6reningens verksamhet och flera akilleiter har deltagit och sk\u00f6rdat fina lagrar i m\u00e5nga m\u00e4sterskap under \u00e5rens lopp. Eemil Kukko var f\u00f6reningen f\u00f6rsta OS-deltagare, i OS i Stockholm \u00e5r 1912, d\u00e4r han deltog i l\u00e4ngd, spjut och femkamp. I OS i Antwerpen 1920 blev Heikki Liimatainen olympisk m\u00e4stare i lagterr\u00e4ng tillsammans med legendariska Paavo Nurmi. 1924, i OS i Paris, upprepade han bragden att ta OS-guld i lagterr\u00e4ng. Finlands f\u00f6rsta fyrametershoppare i stav, John \u201dJoppe\u201d Lindroth, blev bronsmedalj\u00f6r vid EM i Turin 1934. Torbj\u00f6rn Lassenius vann silver i 7-kamp vid EM i Bern 1954, och deltog i OS i Melbourne 1956. \u00d6vriga v\u00e4rdet\u00e4vlingsdeltagare fr\u00e5n Akilles under \u00e5rens lopp \u00e4r Paul Virtanen, 100 meter vid OS i Berlin 1936, och Johan Meriluoto, tresteg i VM f\u00f6r 19-\u00e5ringar i Sevilla 1999, VM i Edmonton 2001 och VM i Helsingfors 2005. Rasmus Latvala deltog i EM f\u00f6r 19-\u00e5ringar i Tammerfors 2003, i tresteg. \u00c5r 2015 del- tog Viktor Kantele p\u00e5 110 m h\u00e4ck vid EM f\u00f6r 19-\u00e5ringar i Eskilstuna och Lauri Tuomilehto l\u00f6pte hem silver p\u00e5 100 meter vid 16-\u00e5ringarnas EYOF-t\u00e4vlingar i Tbilisi.<\/p>\t\t\t\t\t\t\t\t<\/div>\n\t\t\t\t<\/div>\n\t\t\t\t\t<\/div>\n\t\t<\/div>\n\t\t\t\t<div class=\"elementor-column elementor-col-33 elementor-top-column elementor-element elementor-element-b333f4c\" data-id=\"b333f4c\" data-element_type=\"column\">\n\t\t\t<div class=\"elementor-widget-wrap elementor-element-populated\">\n\t\t\t\t\t\t<div class=\"elementor-element elementor-element-bbdf398 elementor-widget elementor-widget-text-editor\" data-id=\"bbdf398\" data-element_type=\"widget\" data-widget_type=\"text-editor.default\">\n\t\t\t\t<div class=\"elementor-widget-container\">\n\t\t\t\t\t\t\t\t\t<p><img fetchpriority=\"high\" decoding=\"async\" class=\"aligncenter wp-image-1262 size-medium\" src=\"http:\/\/www.akilles.fi\/friidrott\/wp-content\/uploads\/sites\/20\/2019\/01\/johanmeriluoto2007b-copy-207x300.jpg\" alt=\"\" width=\"207\" height=\"300\" srcset=\"https:\/\/www.akilles.fi\/friidrott\/wp-content\/uploads\/sites\/20\/2019\/01\/johanmeriluoto2007b-copy-207x300.jpg 207w, https:\/\/www.akilles.fi\/friidrott\/wp-content\/uploads\/sites\/20\/2019\/01\/johanmeriluoto2007b-copy.jpg 638w\" sizes=\"(max-width: 207px) 100vw, 207px\" \/><\/p><p style=\"text-align: center;\">Johan Meriluoto<\/p>\t\t\t\t\t\t\t\t<\/div>\n\t\t\t\t<\/div>\n\t\t\t\t\t<\/div>\n\t\t<\/div>\n\t\t\t\t<div class=\"elementor-column elementor-col-33 elementor-top-column elementor-element elementor-element-6e36170\" data-id=\"6e36170\" data-element_type=\"column\">\n\t\t\t<div class=\"elementor-widget-wrap elementor-element-populated\">\n\t\t\t\t\t\t<div class=\"elementor-element elementor-element-881d2f2 elementor-widget elementor-widget-text-editor\" data-id=\"881d2f2\" data-element_type=\"widget\" data-widget_type=\"text-editor.default\">\n\t\t\t\t<div class=\"elementor-widget-container\">\n\t\t\t\t\t\t\t\t\t<p><strong>Historiamme<\/strong><\/p><p>T\u00e4m\u00e4n p\u00e4iv\u00e4n ja huomisen urheilijat ovat toimintamme keski\u00f6ss\u00e4. Siksi mietimme paljon tulevaisuutta ja kehit\u00e4mme toimintaa pitk\u00e4ll\u00e4 ja kest\u00e4v\u00e4ll\u00e4 t\u00e4ht\u00e4imell\u00e4. Vaikka tulevaisuus onkin t\u00e4rke\u00e4ss\u00e4 asemassa, my\u00f6s seuran historian tunteminen on t\u00e4rke\u00e4t\u00e4. Se muodostaa alustan tulevaisuuden rakentamiselle.<\/p><p>T\u00e4ss\u00e4 ote seuran historiasta:<br \/>Seura perustettiin 17. lokakuuta vuonna 1902 Borg\u00e5 Lyceumin liikuntasalissa. Seuran ensimm\u00e4iseksi puheenjohtajaksi valittiin painonnostaja ja painija Adolf Lindfors. Nimi Akilles otettiin k\u00e4ytt\u00f6\u00f6n vuonna 1906. Seuran toimitilat, tunnettu Akilleen talo, rakennettiin ja otettiin k\u00e4ytt\u00f6\u00f6n vuonna 1928. Yleisurheilu kuului seuran toimintaan jo alkuvuosina, ja vuosien mittaan monta akilleslaista on osallistunut arvokisoihin menestyksekk\u00e4\u00e4sti. Eemil Kukko oli seuran ensimm\u00e4inen olympiaurheilija osallistuessaan vuoden 1912 Tukholman olympialaisten pituushyppyyn, keih\u00e4\u00e4nheittoon ja viisiotteluun. Vuoden 1920 Antwerpenin olympialaisissa Heikki Liimatainen voitti maastojuoksun joukkuekilpailun olympiakultaa legendaarisen Paavo Nurmen kanssa. Vuoden 1924 Pariisin olympialaisissa h\u00e4n oli toistamiseen mukana voittamassa maastojuoksun joukkuekilpailun olympiakultaa. Suomen ensimm\u00e4inen nelj\u00e4n metrin seiv\u00e4shypp\u00e4\u00e4j\u00e4 John \u201dJoppe\u201d Lindroth voitti pronssia Torinon EM-kilpailuissa vuonna 1934. Torbj\u00f6rn Lassenius voitti seitsenottelun hopeaa Bernin EM-kisoissa vuonna 1954 ja osallistui Melbournen olympialaisiin vuonna 1956. Muita arvokisoihin osallistuneita akilleslaisia ovat Paul Virtanen, joka juoksi 100 metri\u00e4 Berliinin olympialaissa vuonna 1936, ja Johan Meriluoto, joka hypp\u00e4si kolmiloikkaa 19-vuotiaiden MM-kisoissa Sevillassa vuonna 1999, Edmontonin MM-kisoissa vuonna 2001 ja Helsingin MM-kisoissa vuonna 2005. Rasmus Latvala osallistui kolmiloikkaan 19-vuotiaiden EM-kisoissa Tampereella vuonna 2003.<br \/>Vuonna 2015 Viktor Kantele osallistui 110 m aitajuoksuun 19-vuotiaiden EM-kisoissa Eskilstunassa ja Lauri Tuomilehto saavutti hopeaa 100 metrill\u00e4 16-vuotiaiden EYOF-kisoissa Tbilisiss\u00e4.<\/p>\t\t\t\t\t\t\t\t<\/div>\n\t\t\t\t<\/div>\n\t\t\t\t\t<\/div>\n\t\t<\/div>\n\t\t\t\t\t<\/div>\n\t\t<\/section>\n\t\t\t\t<\/div>\n\t\t","protected":false},"excerpt":{"rendered":"<p>V\u00e5r historia Dagens och morgondagens idrottare st\u00e5r i centrum f\u00f6r v\u00e5r verksamhet. I och med det sysslar vi mycket med framtidsfr\u00e5gor och utvecklar verksamheten p\u00e5 l\u00e5ng, och h\u00e5llbar, sikt. Trots detta framtidsperspektiv \u00e4r det viktigt att vi alla k\u00e4nner v\u00e5r historia. Den utg\u00f6r den plattform som vi bygger framtiden p\u00e5. H\u00e4r kommer ett utdrag ur [&hellip;]<\/p>\n","protected":false},"author":4,"featured_media":0,"parent":0,"menu_order":0,"comment_status":"closed","ping_status":"closed","template":"","meta":{"_crdt_document":"","footnotes":""},"class_list":["post-1257","page","type-page","status-publish","hentry"],"yoast_head":"<!-- This site is optimized with the Yoast SEO plugin v26.8 - https:\/\/yoast.com\/product\/yoast-seo-wordpress\/ -->\n<title>Kort historik - Lyhyt historiikki - Friidrott - Yleisurheilu<\/title>\n<meta name=\"robots\" content=\"index, follow, max-snippet:-1, max-image-preview:large, max-video-preview:-1\" \/>\n<link rel=\"canonical\" href=\"https:\/\/www.akilles.fi\/friidrott\/kort-historik\/\" \/>\n<meta property=\"og:locale\" content=\"sv_SE\" \/>\n<meta property=\"og:type\" content=\"article\" \/>\n<meta property=\"og:title\" content=\"Kort historik - Lyhyt historiikki - Friidrott - Yleisurheilu\" \/>\n<meta property=\"og:description\" content=\"V\u00e5r historia Dagens och morgondagens idrottare st\u00e5r i centrum f\u00f6r v\u00e5r verksamhet. I och med det sysslar vi mycket med framtidsfr\u00e5gor och utvecklar verksamheten p\u00e5 l\u00e5ng, och h\u00e5llbar, sikt. Trots detta framtidsperspektiv \u00e4r det viktigt att vi alla k\u00e4nner v\u00e5r historia. Den utg\u00f6r den plattform som vi bygger framtiden p\u00e5. H\u00e4r kommer ett utdrag ur [&hellip;]\" \/>\n<meta property=\"og:url\" content=\"https:\/\/www.akilles.fi\/friidrott\/kort-historik\/\" \/>\n<meta property=\"og:site_name\" content=\"Friidrott - Yleisurheilu\" \/>\n<meta property=\"article:modified_time\" content=\"2020-01-20T17:37:21+00:00\" \/>\n<meta property=\"og:image\" content=\"http:\/\/www.akilles.fi\/friidrott\/wp-content\/uploads\/sites\/20\/2019\/01\/johanmeriluoto2007b-copy-207x300.jpg\" \/>\n<meta name=\"twitter:card\" content=\"summary_large_image\" \/>\n<meta name=\"twitter:label1\" content=\"Ber\u00e4knad l\u00e4stid\" \/>\n\t<meta name=\"twitter:data1\" content=\"3 minuter\" \/>\n<script type=\"application\/ld+json\" class=\"yoast-schema-graph\">{\"@context\":\"https:\/\/schema.org\",\"@graph\":[{\"@type\":\"WebPage\",\"@id\":\"https:\/\/www.akilles.fi\/friidrott\/kort-historik\/\",\"url\":\"https:\/\/www.akilles.fi\/friidrott\/kort-historik\/\",\"name\":\"Kort historik - Lyhyt historiikki - Friidrott - Yleisurheilu\",\"isPartOf\":{\"@id\":\"https:\/\/www.akilles.fi\/friidrott\/#website\"},\"primaryImageOfPage\":{\"@id\":\"https:\/\/www.akilles.fi\/friidrott\/kort-historik\/#primaryimage\"},\"image\":{\"@id\":\"https:\/\/www.akilles.fi\/friidrott\/kort-historik\/#primaryimage\"},\"thumbnailUrl\":\"http:\/\/www.akilles.fi\/friidrott\/wp-content\/uploads\/sites\/20\/2019\/01\/johanmeriluoto2007b-copy-207x300.jpg\",\"datePublished\":\"2019-01-16T12:39:38+00:00\",\"dateModified\":\"2020-01-20T17:37:21+00:00\",\"breadcrumb\":{\"@id\":\"https:\/\/www.akilles.fi\/friidrott\/kort-historik\/#breadcrumb\"},\"inLanguage\":\"sv-SE\",\"potentialAction\":[{\"@type\":\"ReadAction\",\"target\":[\"https:\/\/www.akilles.fi\/friidrott\/kort-historik\/\"]}]},{\"@type\":\"ImageObject\",\"inLanguage\":\"sv-SE\",\"@id\":\"https:\/\/www.akilles.fi\/friidrott\/kort-historik\/#primaryimage\",\"url\":\"https:\/\/www.akilles.fi\/friidrott\/wp-content\/uploads\/sites\/20\/2019\/01\/johanmeriluoto2007b-copy.jpg\",\"contentUrl\":\"https:\/\/www.akilles.fi\/friidrott\/wp-content\/uploads\/sites\/20\/2019\/01\/johanmeriluoto2007b-copy.jpg\",\"width\":638,\"height\":926,\"caption\":\"\"},{\"@type\":\"BreadcrumbList\",\"@id\":\"https:\/\/www.akilles.fi\/friidrott\/kort-historik\/#breadcrumb\",\"itemListElement\":[{\"@type\":\"ListItem\",\"position\":1,\"name\":\"Home\",\"item\":\"https:\/\/www.akilles.fi\/friidrott\/\"},{\"@type\":\"ListItem\",\"position\":2,\"name\":\"Kort historik &#8211; Lyhyt historiikki\"}]},{\"@type\":\"WebSite\",\"@id\":\"https:\/\/www.akilles.fi\/friidrott\/#website\",\"url\":\"https:\/\/www.akilles.fi\/friidrott\/\",\"name\":\"Friidrott - Yleisurheilu\",\"description\":\"Borg\u00e5 Akilles Friidrott- Porvoon Akilles Yleisurheilu\",\"potentialAction\":[{\"@type\":\"SearchAction\",\"target\":{\"@type\":\"EntryPoint\",\"urlTemplate\":\"https:\/\/www.akilles.fi\/friidrott\/?s={search_term_string}\"},\"query-input\":{\"@type\":\"PropertyValueSpecification\",\"valueRequired\":true,\"valueName\":\"search_term_string\"}}],\"inLanguage\":\"sv-SE\"}]}<\/script>\n<!-- \/ Yoast SEO plugin. -->","yoast_head_json":{"title":"Kort historik - Lyhyt historiikki - Friidrott - Yleisurheilu","robots":{"index":"index","follow":"follow","max-snippet":"max-snippet:-1","max-image-preview":"max-image-preview:large","max-video-preview":"max-video-preview:-1"},"canonical":"https:\/\/www.akilles.fi\/friidrott\/kort-historik\/","og_locale":"sv_SE","og_type":"article","og_title":"Kort historik - Lyhyt historiikki - Friidrott - Yleisurheilu","og_description":"V\u00e5r historia Dagens och morgondagens idrottare st\u00e5r i centrum f\u00f6r v\u00e5r verksamhet. I och med det sysslar vi mycket med framtidsfr\u00e5gor och utvecklar verksamheten p\u00e5 l\u00e5ng, och h\u00e5llbar, sikt. Trots detta framtidsperspektiv \u00e4r det viktigt att vi alla k\u00e4nner v\u00e5r historia. Den utg\u00f6r den plattform som vi bygger framtiden p\u00e5. H\u00e4r kommer ett utdrag ur [&hellip;]","og_url":"https:\/\/www.akilles.fi\/friidrott\/kort-historik\/","og_site_name":"Friidrott - Yleisurheilu","article_modified_time":"2020-01-20T17:37:21+00:00","og_image":[{"url":"http:\/\/www.akilles.fi\/friidrott\/wp-content\/uploads\/sites\/20\/2019\/01\/johanmeriluoto2007b-copy-207x300.jpg","type":"","width":"","height":""}],"twitter_card":"summary_large_image","twitter_misc":{"Ber\u00e4knad l\u00e4stid":"3 minuter"},"schema":{"@context":"https:\/\/schema.org","@graph":[{"@type":"WebPage","@id":"https:\/\/www.akilles.fi\/friidrott\/kort-historik\/","url":"https:\/\/www.akilles.fi\/friidrott\/kort-historik\/","name":"Kort historik - Lyhyt historiikki - Friidrott - Yleisurheilu","isPartOf":{"@id":"https:\/\/www.akilles.fi\/friidrott\/#website"},"primaryImageOfPage":{"@id":"https:\/\/www.akilles.fi\/friidrott\/kort-historik\/#primaryimage"},"image":{"@id":"https:\/\/www.akilles.fi\/friidrott\/kort-historik\/#primaryimage"},"thumbnailUrl":"http:\/\/www.akilles.fi\/friidrott\/wp-content\/uploads\/sites\/20\/2019\/01\/johanmeriluoto2007b-copy-207x300.jpg","datePublished":"2019-01-16T12:39:38+00:00","dateModified":"2020-01-20T17:37:21+00:00","breadcrumb":{"@id":"https:\/\/www.akilles.fi\/friidrott\/kort-historik\/#breadcrumb"},"inLanguage":"sv-SE","potentialAction":[{"@type":"ReadAction","target":["https:\/\/www.akilles.fi\/friidrott\/kort-historik\/"]}]},{"@type":"ImageObject","inLanguage":"sv-SE","@id":"https:\/\/www.akilles.fi\/friidrott\/kort-historik\/#primaryimage","url":"https:\/\/www.akilles.fi\/friidrott\/wp-content\/uploads\/sites\/20\/2019\/01\/johanmeriluoto2007b-copy.jpg","contentUrl":"https:\/\/www.akilles.fi\/friidrott\/wp-content\/uploads\/sites\/20\/2019\/01\/johanmeriluoto2007b-copy.jpg","width":638,"height":926,"caption":""},{"@type":"BreadcrumbList","@id":"https:\/\/www.akilles.fi\/friidrott\/kort-historik\/#breadcrumb","itemListElement":[{"@type":"ListItem","position":1,"name":"Home","item":"https:\/\/www.akilles.fi\/friidrott\/"},{"@type":"ListItem","position":2,"name":"Kort historik &#8211; Lyhyt historiikki"}]},{"@type":"WebSite","@id":"https:\/\/www.akilles.fi\/friidrott\/#website","url":"https:\/\/www.akilles.fi\/friidrott\/","name":"Friidrott - Yleisurheilu","description":"Borg\u00e5 Akilles Friidrott- Porvoon Akilles Yleisurheilu","potentialAction":[{"@type":"SearchAction","target":{"@type":"EntryPoint","urlTemplate":"https:\/\/www.akilles.fi\/friidrott\/?s={search_term_string}"},"query-input":{"@type":"PropertyValueSpecification","valueRequired":true,"valueName":"search_term_string"}}],"inLanguage":"sv-SE"}]}},"_links":{"self":[{"href":"https:\/\/www.akilles.fi\/friidrott\/wp-json\/wp\/v2\/pages\/1257","targetHints":{"allow":["GET"]}}],"collection":[{"href":"https:\/\/www.akilles.fi\/friidrott\/wp-json\/wp\/v2\/pages"}],"about":[{"href":"https:\/\/www.akilles.fi\/friidrott\/wp-json\/wp\/v2\/types\/page"}],"author":[{"embeddable":true,"href":"https:\/\/www.akilles.fi\/friidrott\/wp-json\/wp\/v2\/users\/4"}],"replies":[{"embeddable":true,"href":"https:\/\/www.akilles.fi\/friidrott\/wp-json\/wp\/v2\/comments?post=1257"}],"version-history":[{"count":5,"href":"https:\/\/www.akilles.fi\/friidrott\/wp-json\/wp\/v2\/pages\/1257\/revisions"}],"predecessor-version":[{"id":4158,"href":"https:\/\/www.akilles.fi\/friidrott\/wp-json\/wp\/v2\/pages\/1257\/revisions\/4158"}],"wp:attachment":[{"href":"https:\/\/www.akilles.fi\/friidrott\/wp-json\/wp\/v2\/media?parent=1257"}],"curies":[{"name":"wp","href":"https:\/\/api.w.org\/{rel}","templated":true}]}}