{"id":12934,"date":"2022-07-13T17:51:13","date_gmt":"2022-07-13T17:51:13","guid":{"rendered":"https:\/\/www.akilles.fi\/friidrott\/?page_id=12934"},"modified":"2023-07-01T12:38:16","modified_gmt":"2023-07-01T12:38:16","slug":"foreningscupen-resultat-2022-seuracup-tulokset","status":"publish","type":"page","link":"https:\/\/www.akilles.fi\/friidrott\/foreningscupen-resultat-2022-seuracup-tulokset\/","title":{"rendered":"F\u00f6reningscupen resultat 2022 &#8211; Seuracup tulokset"},"content":{"rendered":"\t\t<div data-elementor-type=\"wp-post\" data-elementor-id=\"12934\" class=\"elementor elementor-12934\" data-elementor-post-type=\"page\">\n\t\t\t\t\t\t<section class=\"elementor-section elementor-top-section elementor-element elementor-element-c814f0c elementor-section-boxed elementor-section-height-default elementor-section-height-default\" data-id=\"c814f0c\" data-element_type=\"section\">\n\t\t\t\t\t\t<div class=\"elementor-container elementor-column-gap-default\">\n\t\t\t\t\t<div class=\"elementor-column elementor-col-100 elementor-top-column elementor-element elementor-element-38b4344\" data-id=\"38b4344\" data-element_type=\"column\">\n\t\t\t<div class=\"elementor-widget-wrap elementor-element-populated\">\n\t\t\t\t\t\t<section class=\"elementor-section elementor-inner-section elementor-element elementor-element-cdcb12f elementor-section-boxed elementor-section-height-default elementor-section-height-default\" data-id=\"cdcb12f\" data-element_type=\"section\">\n\t\t\t\t\t\t<div class=\"elementor-container elementor-column-gap-default\">\n\t\t\t\t\t<div class=\"elementor-column elementor-col-33 elementor-inner-column elementor-element elementor-element-28c0287\" data-id=\"28c0287\" data-element_type=\"column\">\n\t\t\t<div class=\"elementor-widget-wrap elementor-element-populated\">\n\t\t\t\t\t\t<div class=\"elementor-element elementor-element-e683301 elementor-widget elementor-widget-text-editor\" data-id=\"e683301\" data-element_type=\"widget\" data-widget_type=\"text-editor.default\">\n\t\t\t\t<div class=\"elementor-widget-container\">\n\t\t\t\t\t\t\t\t\t<p><strong>N\u00c5ID:S f\u00f6reningcup del 1 22.06.2022 Raseborg\/K<\/strong><\/p><p>1. IF Raseborg 12756<br \/>2. IF Sibbo-Vargarna 11457<br \/>3. Borg\u00e5 Akilles 9998<br \/>4. Esbo IF 9904<br \/>5. Sjunde\u00e5 IF 7882<br \/>6. HIFK 411<br \/>7. Pargas IF 313<\/p><p>H17 200 m heat 1: 1. Elliot Schmidt Borg\u00e5Ak 23,07 (+2,9) <br \/>H17 200 m heat 2: 1. Linus Ekholm Borg\u00e5Ak 24,47 (+2,5) <br \/>H17 200 m heat 2: 2. Thomas Isaksson Borg\u00e5Ak 24,63 (+2,5)<br \/>H17 Tresteg: 1. Alec Ekblom Borg\u00e5Ak 12,37 (+0,5) <br \/>11,75\/1.6, 11,57\/1.9, 11,88\/1.4, 12,37\/0.5 <br \/>H17 Tresteg: 3. Henri Aspelin Borg\u00e5Ak 10,93 (+0,5) <br \/>10,14\/1.5, 10,48\/2.1, 10,93\/0.5, 10,75\/0.7 <br \/>H17 Kula: 2. Samuel Puustinen Borg\u00e5Ak 11,06 <br \/>10,91, 10,64, 10,74, 11,06 <br \/>H17 Kula: 4 .Linus Henriksson Borg\u00e5Ak 8,42 <br \/>8,22, 8,39, 8,00, 8,42 <br \/>P15 100 m: 5. Oscar Blomberg Borg\u00e5Ak 12,67 (+1,4) <br \/>P15 2000 m: 6. Santeri Puustinen Borg\u00e5Ak 10.31,94 <br \/>P15 Stav: 1. Albert Isaksson Borg\u00e5Ak 3,00 <br \/>2,60\/O, 2,80\/O, 2,90\/O, 3,00\/O, 3,10\/XXX <br \/>P15 Kula: 4 .Jimi Sorvari Borg\u00e5Ak 9,90 <br \/>9,90, X, 9,59, 9,09 <br \/>P15 4x100m: 5. Borg\u00e5 Akilles 56,73 <br \/>Oscar Blomberg, Albert Isaksson, Santeri Puustinen, Jimi Sorvari <br \/>P13 60 m: 2. Tobias Tallqvist Borg\u00e5Ak 9,10 (+1,5) <br \/>P13 1000 m: ingen repr<br \/>P13 H\u00f6jd: 2. Tobias Isaksson Borg\u00e5Ak 1,32 <br \/>1,24\/O, 1,28\/XXO, 1,32\/O, 1,36\/XXX <br \/>P13 Spjut: 1. Oliver Liljendal Borg\u00e5Ak 28,13 <br \/>25,35, 23,88, 28,13, 25,27 <br \/>P13 4&#215;100 m: inget lag<br \/>P11 60 m: 6. Jonathan Liljendal Borg\u00e5Ak 11,00 (+1,9)<br \/>P11 1000 m: 4. Elias Miettinen Borg\u00e5Ak 4.01,78 <br \/>P11 L\u00e4ngd: 5. Axel Latvala Borg\u00e5Ak 3,15 <br \/>3,12, 3,15, 3,00, X <br \/>P11 Diskus: 1.. Robin Johansson Borg\u00e5Ak 18,48 <br \/>X, 18,47, X, 18,48 <br \/>P11 4x 50 m: 5. Borg\u00e5 Akilles 42,63 <br \/>Elias Miettinen, Axel Latvala, Jonathan Liljendal, Robin Johansson<\/p><p>D17 200 m heat1: 2. Ida Finell Borg\u00e5Ak 27,30 (+1,9) <br \/>D17 200 m heat2: 1. Fanny B\u00f6hling Borg\u00e5Ak 27,32 (+1,4) <br \/>D17 200 m heat2: 2. Selma Lepist\u00f6 Borg\u00e5Ak 27,89 (+1,4) <br \/>D17 Tresteg: 2. Eevi Kontinen Borg\u00e5Ak 9,05 +0,9 <br \/>8,90\/1.7, 8,89\/1.7, 9,05\/0.9, 8,76\/1.3 <br \/>D17 Kula: 3. Melina Lundqvist Borg\u00e5Ak 9,50 <br \/>8,33, 8,95, 9,50 8,79 <br \/>D17 Kula: 6. Kajsa Gr\u00f6nqvist Borg\u00e5Ak 5,45 <br \/>5,13, 5,38, 5,22, 5,45 <br \/>F15 100 m: 7. Isabella Stenb\u00e4ck Borg\u00e5Ak 16,12 (+1,3) <br \/>F15 2000 m: ingen repr <br \/>F15 Stav: 3. Brenda Jalkanen Borg\u00e5Ak 2,30 <br \/>1,80\/O, 2,00\/O, 2,10\/O, 2,20\/O, 2,30\/O, 2,40\/XXX <br \/>F15 Stav: 4. Sarah Isaksson Borg\u00e5Ak 2,30 SB <br \/>1,80\/O, 2,00\/O, 2,10\/O, 2,20\/O, 2,30\/XXO, 2,40\/XXX <br \/>F15 Kula: 4. Emilia Liljendal Borg\u00e5Ak 8,02 <br \/>8,02, X, X, 7,80 <br \/>F15 Kula: 5. Erika Tallqvist Borg\u00e5Ak 7,95 <br \/>7,95, 7,81, 7,52, 7,67 <br \/>F15 4&#215;100 m: 4. Borg\u00e5 Akilles 59,50 <br \/>Brenda Jalkanen, Sarah Isaksson, Isabella Stenb\u00e4ck, Erika Tallqvist<br \/>F13 60 m: 2. Fanny Finell Borg\u00e5Ak 8,87 (+1,6) <br \/>F13 1000 m: 3. Ellinor Eriksson Borg\u00e5Ak 3.59,05 <br \/>F13 H\u00f6jd: 6. Clara Henriksson Borg\u00e5Ak 1,24 <br \/>1,12\/O, 1,16\/O, 1,20\/XO, 1,24\/XXO, 1,28\/XXX <br \/>F13 Spjut: ingen represtant<br \/>F13 4&#215;100 m: inget lag<br \/>F11 60 m heat1: 5. Linn Andersson Borg\u00e5Ak 10,61 (+1,5) <br \/>F11 60 m heat2: 3. Aamu Santalahti Borg\u00e5Ak 10,32 (+1,6) <br \/>F11 1000m: ingen represtant <br \/>F11 L\u00e4ngd: 4. Matilda Blom Borg\u00e5Ak 3,40 <br \/>3,37, 3,21, 3,21, 3,40 <br \/>F11 Diskus: 1. Elin Nyholm Borg\u00e5Ak 15,75 <br \/>12,35, 15,56, 13,73, 15,75 <br \/>F11 4x50m: 5. Borg\u00e5 Akilles 34,40 <br \/>Elin Nyholm, Linn Andersson, Aamu Santalahti, Matilda Blom<\/p>\t\t\t\t\t\t\t\t<\/div>\n\t\t\t\t<\/div>\n\t\t\t\t\t<\/div>\n\t\t<\/div>\n\t\t\t\t<div class=\"elementor-column elementor-col-33 elementor-inner-column elementor-element elementor-element-3f8b6a7\" data-id=\"3f8b6a7\" data-element_type=\"column\">\n\t\t\t<div class=\"elementor-widget-wrap elementor-element-populated\">\n\t\t\t\t\t\t<div class=\"elementor-element elementor-element-8ebfd14 elementor-widget elementor-widget-text-editor\" data-id=\"8ebfd14\" data-element_type=\"widget\" data-widget_type=\"text-editor.default\">\n\t\t\t\t<div class=\"elementor-widget-container\">\n\t\t\t\t\t\t\t\t\t<p><strong>N\u00c5ID:S f\u00f6reningcup del 2 8.8.2021 Sibbo\/N<\/strong><\/p><p>1. Borg\u00e5 Akilles 11246<br \/>2. IF Raseborg 10802<br \/>3. Esbo IF 10329<br \/>4. IF Sibbo-Vargarna 10060<br \/>5. Sjunde\u00e5 IF 7953<\/p><p>H17 800 m : 3. Linus Ekholm Borg\u00e5Ak 2.14,28 <br \/>H17 L\u00e4ngd : 1. Thomas Isaksson Borg\u00e5Ak 6,12 (+0,3)<br \/>H17 Spjut: 2. Henri Aspelin Borg\u00e5Ak 39,52<br \/>P15 300m: 5. Oscar Blomberg Borg\u00e5Ak 41,29<br \/>P15 100m h\u00e4ck: 1. Albert Isaksson Borg\u00e5Ak 17,13 (+1,3)<br \/>P15 Tresteg: 4. Santeri Puustinen Borg\u00e5Ak 7,92 (+1,0)<br \/>P15 Sl\u00e4gga: 4. Jimi Sorvari Borg\u00e5Ak 42,59<br \/>P15 1000m g\u00e5ng: 1. Santeri Puustinen Borg\u00e5Ak 7.16,04<br \/>P15 1000m g\u00e5ng: 2. Oscar BlombergB org\u00e5Ak 7.21,02<br \/>P13 200 m: 2. Oliver Hallikainen Borg\u00e5Ak 29,66 (+0,2)<br \/>P13 60 m h\u00e4ck: 3. Tobias Isaksson Borg\u00e5Ak 12,00 (+0,4) <br \/>P13 Stav: 1. Tobias Tallqvist Borg\u00e5Ak 2,45 <br \/>2,05\/O 2,15\/- 2,35\/XO 2,45\/O 2,55\/XXX <br \/>P13 Kula: 3. Oliver Liljendal Borg\u00e5Ak 7,28 <br \/>6,82 7,15 6,85 7,28 <br \/>P13 1000 m g\u00e5ng: 4. Tobias Tallqvist Borg\u00e5Ak 7.13,29<br \/>P11 150 m: 6. Axel Latvala Borg\u00e5Ak 26,43 <br \/>P11 150 m: 7. Ato V\u00e4ist\u00f6 Borg\u00e5Ak 27,13 <br \/>P11 150 m: 8. Elias Miettinen Borg\u00e5Ak 28,55 <br \/>P11 60 m h\u00e4ck: 4. Elias Hirtentreu Borg\u00e5Ak 12,44 <br \/>P11 H\u00f6jd: 1. William Holmstr\u00f6m Borg\u00e5Ak 1,20 <br \/>0,90\/O 0,95\/O 1,00\/O 1,05\/O 1,08\/O 1,11\/O 1,14\/XO 1,17\/XXO 1,20\/O 1,23\/XXX <br \/>P11 H\u00f6jd: 4. Casper Nopanen Borg\u00e5Ak 1,00 <br \/>0,90\/O 0,95\/O 1,00\/O 1,05\/XXX <br \/>P11 Kula: 4. Jonathan Liljendal Borg\u00e5Ak 5,14 <br \/>4,75 5,08 5,14 4,82 <br \/>P11 Kula: 5. Robin Johansson Borg\u00e5Ak 5,12 <br \/>4,29 4,74 4,71 5,12<\/p><p>D17 800 m: 3. Eevi Kontinen Borg\u00e5Ak 3.01,73 <br \/>D17 L\u00e4ngd: 2. Fanny B\u00f6hling Borg\u00e5Ak 4,52 +0,8 <br \/>4,46\/0.8 4,48\/0.7 4,35\/0.8 4,52\/0.8 <br \/>D17 L\u00e4ngd: 6. Kajsa Gr\u00f6nqvist Borg\u00e5Ak 2,95 +1,3 SB <br \/>X 2,80\/1.1 2,95\/1.3 2,93\/0.5 <br \/>D17 Spjut: 4. Ida Finell Borg\u00e5Ak 27,05 <br \/>27,05 23,85 P P <br \/>D17 Spjut: 6. Melina Lundqvist Borg\u00e5Ak 18,74 <br \/>17,64 18,40 P 18,74 <br \/>F15 300 m: 5. Erika Tallqvist Borg\u00e5Ak 54,52 <br \/>F15 80 m h\u00e4ck: 4 .Alina Nyholm Borg\u00e5Ak 8.9.08 17,40 (+1,1) <br \/>F15 Tresteg: 4. Erin Johansson Borg\u00e5Ak 9,22 (+1,7) <br \/>9,04\/2.7 9,22\/1.7 8,96\/1.7 8,79\/1.2 <br \/>F15 Tresteg: 5. Sarah Isaksson Borg\u00e5Ak 8,71 +1,7 <br \/>8,17\/1.5 8,38\/1.5 8,45\/1.6 8,71\/1.7 <br \/>F15 Sl\u00e4gga: 4. Emilia Liljendal Borg\u00e5Ak 26,82 <br \/>22,96 X 26,14 26,82 <br \/>F15 4&#215;800 m: 2. Borg\u00e5 Akilles Borg\u00e5Ak 11.27,61 <br \/>F13 200 m: 3 .Alissa Servin Borg\u00e5Ak 33,75 (+0,2) <br \/>F13 60 m h\u00e4ck: 4 .Clara Henriksson Borg\u00e5Ak 13,96 (+0,4) <br \/>F13 Stav: 1. Fanny Finell Borg\u00e5Ak 2,55 <br \/>2,05\/XO 2,15\/O 2,25\/O 2,35\/O 2,45\/O 2,55\/O 2,65\/XXX <br \/>F13 Kula: 6. Alina Wiitala Borg\u00e5Ak 6,38 <br \/>5,83 6,20 5,87 6,38 <br \/>F13 4&#215;600 m: 3. Borg\u00e5 Akilles Borg\u00e5Ak 8.15,16 <br \/>F11 150 m: 5. Aamu Santalahti Borg\u00e5Ak 26,07<br \/>F11 150 m: 7. Linn Andersson Borg\u00e5Ak 27,28 <br \/>F11 60 m h\u00e4ck: 2. Elin Nyholm Borg\u00e5Ak 11,75 <br \/>F11 60 m h\u00e4ck: 7. Nea Mel\u00e9n Borg\u00e5Ak 18,22 <br \/>F11 H\u00f6jd: 5. Erin Lindgren Borg\u00e5Ak 1,05 <br \/>0,90\/O 0,95\/O 1,00\/O 1,05\/O 1,08\/XXX <br \/>F11 Kula: 3. Matilda Blom Borg\u00e5Ak 6,79 <br \/>6,59 5,81 6,79 6,11 <br \/>F11 Kula: 8. Charlotta Lauren Borg\u00e5Ak 4,17 <br \/>4,17 3,39 3,62 3,74 <br \/>F11 1000 m g\u00e5ng: 1. Charlotta Lauren Borg\u00e5Ak 7.28,31 <br \/>F11 1000 m g\u00e5ng: 7. Aamu Santalahti Borg\u00e5Ak 8.31,30 <br \/>F11 4&#215;600 m: 5. Borg\u00e5 Akilles Borg\u00e5Ak 9.12,66<\/p>\t\t\t\t\t\t\t\t<\/div>\n\t\t\t\t<\/div>\n\t\t\t\t\t<\/div>\n\t\t<\/div>\n\t\t\t\t<div class=\"elementor-column elementor-col-33 elementor-inner-column elementor-element elementor-element-a985698\" data-id=\"a985698\" data-element_type=\"column\">\n\t\t\t<div class=\"elementor-widget-wrap elementor-element-populated\">\n\t\t\t\t\t\t<div class=\"elementor-element elementor-element-60a559c elementor-widget elementor-widget-text-editor\" data-id=\"60a559c\" data-element_type=\"widget\" data-widget_type=\"text-editor.default\">\n\t\t\t\t<div class=\"elementor-widget-container\">\n\t\t\t\t\t\t\t\t\t<p><strong>Pohjola f\u00f6reningcup final 3.9.2022 Vanda\/M<\/strong><\/p><p>1) VantSa 339,5 2) NoormNo 337 3)OulPy 297<br \/>15. Borg\u00e5 Akilles 206,5<br \/><br \/><\/p><p>H17 200 m: 1. Elliot Schmidt Borg\u00e5Ak 22,99 (+1.1) <br \/>H17 L\u00e4ngd: 1. Thomas Isaksson Borg\u00e5Ak 6,23 (+1,4) <br \/>6,23\/1.4 4,65\/0.9 5,96\/0.5 5,86\/0.8 <br \/>H17 Kula: 4. Samuel Puustinen Borg\u00e5Ak 11,31 <br \/>10,78 11,08 11,31 11,24 <br \/>P15 100 m: 10. Oscar Blomberg Borg\u00e5Ak 12,76 (+2,0) <br \/>P15 2000 m: ingen repr.<br \/>P15 Stav: 5. Albert Isaksson Borg\u00e5Ak 2,70 <br \/>2,55\/XXO 2,70\/O 2,85\/XXX <br \/>P15 Kula: 5. Santeri Puustinen Borg\u00e5Ak 9,99 <br \/>9,27 8,61 9,43 9,99 <br \/>P13 1000 m: 16 Oliver Liljendal Borg\u00e5Ak 4.31,12 <br \/>P13 60 m h\u00e4ck: 11. Tobias Isaksson Borg\u00e5Ak 11,66 (+2,2) <br \/>P13 H\u00f6jd: 12. Tobias Tallqvist Borg\u00e5Ak 1,20 <br \/>1,10\/O 1,15\/O 1,20\/XO 1,25\/XXX <br \/>P13 Sl\u00e4gga: 2. Aleksei Vikulov Borg\u00e5Ak 28,34 <br \/>X 24,81 21,68 28,34 <br \/>P11 1000 m: 13. Elias Miettinen Borg\u00e5Ak 24.3.12 4.04,47 <br \/>P11 60 m h\u00e4ck: 8. Elias Hirtentreu Borg\u00e5Ak 12,34 (+2,2) <br \/>P11 L\u00e4ngd: 14. William Holmstr\u00f6m Borg\u00e5Ak 3,35 +1,2 <br \/>3,35\/1.2 3,01\/0.7 3,15\/0.8 3,23\/0.7 <br \/>P11 Spjut: 14 Jonathan Liljendal Borg\u00e5Ak 15,26 <br \/>15,26 11,08 12,93 10,71<\/p><p>D17 200 m: 6. Fanny B\u00f6hling Borg\u00e5Ak 27,47 (+1,6) <br \/>D17 Kula : 7. Melina Lundqvist Borg\u00e5Ak 9,59 <br \/>9,01 9,59 8,92 9,31 <br \/>F15 100 m: 15. Erika Tallqvist Borg\u00e5Ak 15,44 (+1,4) <br \/>F15 2000 m: 14. Erin Johansson Borg\u00e5Ak 16.2.07 8.35,77 <br \/>F15 Stav: 2. Sarah Isaksson Borg\u00e5Ak 2,55 <br \/>1,80\/O 2,00\/O 2,20\/O 2,40\/O 2,55\/XXO 2,70\/XXX <br \/>F15 Kula: 13. Emilia Liljendal Borg\u00e5Ak 8,13 <br \/>7,12 7,29 7,14 8,13 <br \/>F15 1000 m g\u00e4ng: 11. Brenda Jalkanen Borg\u00e5Ak 6.19,57 <br \/>F13 1000 m: 13. Ellinor Eriksson Borg\u00e5Ak 4.05,53 <br \/>F13 60 m h\u00e4ck: 14: Fanny Finell Borg\u00e5Ak 11,37 (+2,4) <br \/>F13 H\u00f6jd: 6. Clara Henriksson Borg\u00e5Ak 1,35 <br \/>1,15\/O 1,20\/O 1,25\/O 1,30\/O 1,35\/O 1,40\/XXX <br \/>F13 Sl\u00e4gga: 16. Alina Wiitala Borg\u00e5Ak 12,35 <br \/>11,60 X 12,35 12,04 <br \/>F11 1000 m: 12. Charlotta Lauren Borg\u00e5Ak 4.02,49 <br \/>F11 60 m h\u00e4ck: 15. Alissa Servin Borg\u00e5Ak 12,13 (+0,4)<br \/>F11 L\u00e4ngd: 15. Erin Lindgren Borg\u00e5Ak 3,22 +0,4 <br \/>3,07\/1.7 3,00\/1.6 3,22\/0.4 3,07\/1.2 <br \/>F11 Spjut: 16. Hilla Santalahti Borg\u00e5Ak 8,69 <br \/>8,69 7,34 6,72 7,53<\/p>\t\t\t\t\t\t\t\t<\/div>\n\t\t\t\t<\/div>\n\t\t\t\t\t<\/div>\n\t\t<\/div>\n\t\t\t\t\t<\/div>\n\t\t<\/section>\n\t\t\t\t\t<\/div>\n\t\t<\/div>\n\t\t\t\t\t<\/div>\n\t\t<\/section>\n\t\t\t\t<\/div>\n\t\t","protected":false},"excerpt":{"rendered":"<p>N\u00c5ID:S f\u00f6reningcup del 1 22.06.2022 Raseborg\/K 1. IF Raseborg 127562. IF Sibbo-Vargarna 114573. Borg\u00e5 Akilles 99984. Esbo IF 99045. Sjunde\u00e5 IF 78826. HIFK 4117. Pargas IF 313 H17 200 m heat 1: 1. Elliot Schmidt Borg\u00e5Ak 23,07 (+2,9) H17 200 m heat 2: 1. Linus Ekholm Borg\u00e5Ak 24,47 (+2,5) H17 200 m heat 2: 2. [&hellip;]<\/p>\n","protected":false},"author":3,"featured_media":0,"parent":0,"menu_order":0,"comment_status":"closed","ping_status":"closed","template":"","meta":{"_crdt_document":"","footnotes":""},"class_list":["post-12934","page","type-page","status-publish","hentry"],"yoast_head":"<!-- This site is optimized with the Yoast SEO plugin v27.4 - https:\/\/yoast.com\/product\/yoast-seo-wordpress\/ -->\n<title>F\u00f6reningscupen resultat 2022 - Seuracup tulokset - Friidrott - Yleisurheilu<\/title>\n<meta name=\"robots\" content=\"index, follow, max-snippet:-1, max-image-preview:large, max-video-preview:-1\" \/>\n<link rel=\"canonical\" href=\"https:\/\/www.akilles.fi\/friidrott\/foreningscupen-resultat-2022-seuracup-tulokset\/\" \/>\n<meta property=\"og:locale\" content=\"sv_SE\" \/>\n<meta property=\"og:type\" content=\"article\" \/>\n<meta property=\"og:title\" content=\"F\u00f6reningscupen resultat 2022 - Seuracup tulokset - Friidrott - Yleisurheilu\" \/>\n<meta property=\"og:description\" content=\"N\u00c5ID:S f\u00f6reningcup del 1 22.06.2022 Raseborg\/K 1. IF Raseborg 127562. IF Sibbo-Vargarna 114573. Borg\u00e5 Akilles 99984. Esbo IF 99045. Sjunde\u00e5 IF 78826. HIFK 4117. Pargas IF 313 H17 200 m heat 1: 1. Elliot Schmidt Borg\u00e5Ak 23,07 (+2,9) H17 200 m heat 2: 1. Linus Ekholm Borg\u00e5Ak 24,47 (+2,5) H17 200 m heat 2: 2. [&hellip;]\" \/>\n<meta property=\"og:url\" content=\"https:\/\/www.akilles.fi\/friidrott\/foreningscupen-resultat-2022-seuracup-tulokset\/\" \/>\n<meta property=\"og:site_name\" content=\"Friidrott - Yleisurheilu\" \/>\n<meta property=\"article:modified_time\" content=\"2023-07-01T12:38:16+00:00\" \/>\n<meta name=\"twitter:card\" content=\"summary_large_image\" \/>\n<meta name=\"twitter:label1\" content=\"Ber\u00e4knad l\u00e4stid\" \/>\n\t<meta name=\"twitter:data1\" content=\"7 minuter\" \/>\n<script type=\"application\/ld+json\" class=\"yoast-schema-graph\">{\"@context\":\"https:\\\/\\\/schema.org\",\"@graph\":[{\"@type\":\"WebPage\",\"@id\":\"https:\\\/\\\/www.akilles.fi\\\/friidrott\\\/foreningscupen-resultat-2022-seuracup-tulokset\\\/\",\"url\":\"https:\\\/\\\/www.akilles.fi\\\/friidrott\\\/foreningscupen-resultat-2022-seuracup-tulokset\\\/\",\"name\":\"F\u00f6reningscupen resultat 2022 - Seuracup tulokset - Friidrott - Yleisurheilu\",\"isPartOf\":{\"@id\":\"https:\\\/\\\/www.akilles.fi\\\/friidrott\\\/#website\"},\"datePublished\":\"2022-07-13T17:51:13+00:00\",\"dateModified\":\"2023-07-01T12:38:16+00:00\",\"breadcrumb\":{\"@id\":\"https:\\\/\\\/www.akilles.fi\\\/friidrott\\\/foreningscupen-resultat-2022-seuracup-tulokset\\\/#breadcrumb\"},\"inLanguage\":\"sv-SE\",\"potentialAction\":[{\"@type\":\"ReadAction\",\"target\":[\"https:\\\/\\\/www.akilles.fi\\\/friidrott\\\/foreningscupen-resultat-2022-seuracup-tulokset\\\/\"]}]},{\"@type\":\"BreadcrumbList\",\"@id\":\"https:\\\/\\\/www.akilles.fi\\\/friidrott\\\/foreningscupen-resultat-2022-seuracup-tulokset\\\/#breadcrumb\",\"itemListElement\":[{\"@type\":\"ListItem\",\"position\":1,\"name\":\"Home\",\"item\":\"https:\\\/\\\/www.akilles.fi\\\/friidrott\\\/\"},{\"@type\":\"ListItem\",\"position\":2,\"name\":\"F\u00f6reningscupen resultat 2022 &#8211; Seuracup tulokset\"}]},{\"@type\":\"WebSite\",\"@id\":\"https:\\\/\\\/www.akilles.fi\\\/friidrott\\\/#website\",\"url\":\"https:\\\/\\\/www.akilles.fi\\\/friidrott\\\/\",\"name\":\"Friidrott - Yleisurheilu\",\"description\":\"Borg\u00e5 Akilles Friidrott- Porvoon Akilles Yleisurheilu\",\"potentialAction\":[{\"@type\":\"SearchAction\",\"target\":{\"@type\":\"EntryPoint\",\"urlTemplate\":\"https:\\\/\\\/www.akilles.fi\\\/friidrott\\\/?s={search_term_string}\"},\"query-input\":{\"@type\":\"PropertyValueSpecification\",\"valueRequired\":true,\"valueName\":\"search_term_string\"}}],\"inLanguage\":\"sv-SE\"}]}<\/script>\n<!-- \/ Yoast SEO plugin. -->","yoast_head_json":{"title":"F\u00f6reningscupen resultat 2022 - Seuracup tulokset - Friidrott - Yleisurheilu","robots":{"index":"index","follow":"follow","max-snippet":"max-snippet:-1","max-image-preview":"max-image-preview:large","max-video-preview":"max-video-preview:-1"},"canonical":"https:\/\/www.akilles.fi\/friidrott\/foreningscupen-resultat-2022-seuracup-tulokset\/","og_locale":"sv_SE","og_type":"article","og_title":"F\u00f6reningscupen resultat 2022 - Seuracup tulokset - Friidrott - Yleisurheilu","og_description":"N\u00c5ID:S f\u00f6reningcup del 1 22.06.2022 Raseborg\/K 1. IF Raseborg 127562. IF Sibbo-Vargarna 114573. Borg\u00e5 Akilles 99984. Esbo IF 99045. Sjunde\u00e5 IF 78826. HIFK 4117. Pargas IF 313 H17 200 m heat 1: 1. Elliot Schmidt Borg\u00e5Ak 23,07 (+2,9) H17 200 m heat 2: 1. Linus Ekholm Borg\u00e5Ak 24,47 (+2,5) H17 200 m heat 2: 2. [&hellip;]","og_url":"https:\/\/www.akilles.fi\/friidrott\/foreningscupen-resultat-2022-seuracup-tulokset\/","og_site_name":"Friidrott - Yleisurheilu","article_modified_time":"2023-07-01T12:38:16+00:00","twitter_card":"summary_large_image","twitter_misc":{"Ber\u00e4knad l\u00e4stid":"7 minuter"},"schema":{"@context":"https:\/\/schema.org","@graph":[{"@type":"WebPage","@id":"https:\/\/www.akilles.fi\/friidrott\/foreningscupen-resultat-2022-seuracup-tulokset\/","url":"https:\/\/www.akilles.fi\/friidrott\/foreningscupen-resultat-2022-seuracup-tulokset\/","name":"F\u00f6reningscupen resultat 2022 - Seuracup tulokset - Friidrott - Yleisurheilu","isPartOf":{"@id":"https:\/\/www.akilles.fi\/friidrott\/#website"},"datePublished":"2022-07-13T17:51:13+00:00","dateModified":"2023-07-01T12:38:16+00:00","breadcrumb":{"@id":"https:\/\/www.akilles.fi\/friidrott\/foreningscupen-resultat-2022-seuracup-tulokset\/#breadcrumb"},"inLanguage":"sv-SE","potentialAction":[{"@type":"ReadAction","target":["https:\/\/www.akilles.fi\/friidrott\/foreningscupen-resultat-2022-seuracup-tulokset\/"]}]},{"@type":"BreadcrumbList","@id":"https:\/\/www.akilles.fi\/friidrott\/foreningscupen-resultat-2022-seuracup-tulokset\/#breadcrumb","itemListElement":[{"@type":"ListItem","position":1,"name":"Home","item":"https:\/\/www.akilles.fi\/friidrott\/"},{"@type":"ListItem","position":2,"name":"F\u00f6reningscupen resultat 2022 &#8211; Seuracup tulokset"}]},{"@type":"WebSite","@id":"https:\/\/www.akilles.fi\/friidrott\/#website","url":"https:\/\/www.akilles.fi\/friidrott\/","name":"Friidrott - Yleisurheilu","description":"Borg\u00e5 Akilles Friidrott- Porvoon Akilles Yleisurheilu","potentialAction":[{"@type":"SearchAction","target":{"@type":"EntryPoint","urlTemplate":"https:\/\/www.akilles.fi\/friidrott\/?s={search_term_string}"},"query-input":{"@type":"PropertyValueSpecification","valueRequired":true,"valueName":"search_term_string"}}],"inLanguage":"sv-SE"}]}},"_links":{"self":[{"href":"https:\/\/www.akilles.fi\/friidrott\/wp-json\/wp\/v2\/pages\/12934","targetHints":{"allow":["GET"]}}],"collection":[{"href":"https:\/\/www.akilles.fi\/friidrott\/wp-json\/wp\/v2\/pages"}],"about":[{"href":"https:\/\/www.akilles.fi\/friidrott\/wp-json\/wp\/v2\/types\/page"}],"author":[{"embeddable":true,"href":"https:\/\/www.akilles.fi\/friidrott\/wp-json\/wp\/v2\/users\/3"}],"replies":[{"embeddable":true,"href":"https:\/\/www.akilles.fi\/friidrott\/wp-json\/wp\/v2\/comments?post=12934"}],"version-history":[{"count":52,"href":"https:\/\/www.akilles.fi\/friidrott\/wp-json\/wp\/v2\/pages\/12934\/revisions"}],"predecessor-version":[{"id":18480,"href":"https:\/\/www.akilles.fi\/friidrott\/wp-json\/wp\/v2\/pages\/12934\/revisions\/18480"}],"wp:attachment":[{"href":"https:\/\/www.akilles.fi\/friidrott\/wp-json\/wp\/v2\/media?parent=12934"}],"curies":[{"name":"wp","href":"https:\/\/api.w.org\/{rel}","templated":true}]}}