{"id":14634,"date":"2022-08-08T07:53:01","date_gmt":"2022-08-08T07:53:01","guid":{"rendered":"https:\/\/www.akilles.fi\/friidrott\/?page_id=14634"},"modified":"2022-08-08T08:01:48","modified_gmt":"2022-08-08T08:01:48","slug":"borga-slaggtavlingar-2022-porvoon-moukarikisat","status":"publish","type":"page","link":"https:\/\/www.akilles.fi\/friidrott\/borga-slaggtavlingar-2022-porvoon-moukarikisat\/","title":{"rendered":"Borg\u00e5 Sl\u00e4ggt\u00e4vlingar 2022 &#8211; Porvoon Moukarikisat"},"content":{"rendered":"\t\t<div data-elementor-type=\"wp-page\" data-elementor-id=\"14634\" class=\"elementor elementor-14634\" data-elementor-post-type=\"page\">\n\t\t\t\t\t\t<section class=\"elementor-section elementor-top-section elementor-element elementor-element-4da4af3 elementor-section-boxed elementor-section-height-default elementor-section-height-default\" data-id=\"4da4af3\" data-element_type=\"section\">\n\t\t\t\t\t\t<div class=\"elementor-container elementor-column-gap-default\">\n\t\t\t\t\t<div class=\"elementor-column elementor-col-33 elementor-top-column elementor-element elementor-element-ff050ce\" data-id=\"ff050ce\" data-element_type=\"column\">\n\t\t\t<div class=\"elementor-widget-wrap elementor-element-populated\">\n\t\t\t\t\t\t<div class=\"elementor-element elementor-element-11b4901 elementor-widget elementor-widget-text-editor\" data-id=\"11b4901\" data-element_type=\"widget\" data-widget_type=\"text-editor.default\">\n\t\t\t\t<div class=\"elementor-widget-container\">\n\t\t\t\t\t\t\t\t\t<p><strong>Sl\u00e4ggt\u00e4vling 1 &#8211; Moukarikisa 1<br \/><\/strong>Borg\u00e5 21.6.2022 Borgbackens kastplan<\/p><p>H19 Sl\u00e4gga<br \/>1 Aron Johansson Borg\u00e5Ak 41,73 <br \/>39,92 41,73 41,55 40,49 40,64 40,71 <br \/><br \/>P15 Sl\u00e4gga<br \/>1 Albert Isaksson Borg\u00e5Ak 41,49 <br \/>37,78 X X X 40,23 41,49 <br \/>2 Jimi Sorvari Borg\u00e5Ak 38,36 <br \/>X X 38,36 X X X <br \/>3 Santeri Puustinen Borg\u00e5Ak 29,31 <br \/>29,31 24,13 25,37 26,92 29,24 X <br \/><br \/>P13 Sl\u00e4gga<br \/>1 Aleksei Vikulov Borg\u00e5Ak 27,17 <br \/>27,17 X X 22,02 X 25,18 <br \/>2 Alex Leiramo PorvU 15.4.10 20,39 <br \/>18,45 19,78 20,39 X X 18,89 <br \/><br \/>P11 Sl\u00e4gga<br \/>1 Robin Johansson Borg\u00e5Ak 13,69 <br \/>13,69 13,40 X 11,16 X 13,48<\/p><p>D19 Sl\u00e4gga<br \/>1 Emma Backlund Borg\u00e5Ak 44,07 <br \/>42,61 X 44,07 X X <br \/>2 Sara Puustinen Borg\u00e5Ak 42,32 <br \/>42,32 X 40,97 X 37,68 39,18 <br \/><br \/>D17 Sl\u00e4gga<br \/>1 Melina Lundqvist Borg\u00e5Ak 48,91 <br \/>47,11 48,06 47,51 48,91 46,48 47,00 <br \/>2 Sinja Johansson JoutsPo 41,43 <br \/>X X 41,43 X 38,41 X<\/p><p>F15 Sl\u00e4gga<br \/>1 Kiira Johansson JoutsPo 40,86 <br \/>40,86 40,16 40,51 X X X <br \/><br \/>F13 Sl\u00e4gga<br \/>1 Viivi And M\u00e4ntsU 31,76 <br \/>X 31,76 30,50 27,91 31,73 X <br \/>2 Helmi Kuitunen KU-58 25,85 <br \/>X 25,32 22,97 X 25,85 25,31<\/p><p>\u00a0<\/p>\t\t\t\t\t\t\t\t<\/div>\n\t\t\t\t<\/div>\n\t\t\t\t\t<\/div>\n\t\t<\/div>\n\t\t\t\t<div class=\"elementor-column elementor-col-33 elementor-top-column elementor-element elementor-element-89a05ba\" data-id=\"89a05ba\" data-element_type=\"column\">\n\t\t\t<div class=\"elementor-widget-wrap elementor-element-populated\">\n\t\t\t\t\t\t<div class=\"elementor-element elementor-element-3a235a0 elementor-widget elementor-widget-text-editor\" data-id=\"3a235a0\" data-element_type=\"widget\" data-widget_type=\"text-editor.default\">\n\t\t\t\t<div class=\"elementor-widget-container\">\n\t\t\t\t\t\t\t\t\t<p><strong>Sl\u00e4ggt\u00e4vling 2 &#8211; Moukarikisa 2<br \/><\/strong>Borg\u00e5 3.8.2022 Borgbackens kastplan<\/p><p>H Sl\u00e4gga<br \/>1 Joona Tuusj\u00e4rvi HIFK 49,29 <br \/>48,58 X X 49,29 X X<\/p><p>H19 Sl\u00e4gga<br \/>1 Lauri Hirvel\u00e4 J\u00e4msI 60,66 <br \/>60,66 60,62 X 60,43 X X <br \/>2 Aron Johansson Borg\u00e5Ak 39,48 <br \/>X 39,48 X X 36,95 X<\/p><p>H17 Sl\u00e4gga<br \/>1 Samuel Puustinen Borg\u00e5Ak 60,40 <br \/>X X 60,35 60,40 X X<\/p><p>P15 Sl\u00e4gga<br \/>1 Eetu Saram\u00e4ki Pet\u00e4j\u00e4vPe 67,17 <br \/>63,19 66,11 X X X 67,17 <br \/>2 Jimi Sorvari Borg\u00e5Ak 42,58 <br \/>X X X 42,58 39,78 39,87 <br \/>Albert Isaksson Borg\u00e5Ak NM <br \/>X X X X X X<\/p><p>P13 Sl\u00e4gga<br \/>1 Aleksei Vikulov Borg\u00e5Ak 30,00 <br \/>X X 28,76 X 30,00 28,84 <br \/>2 Vilho Rasi KarhU 23,58 <br \/>X 20,05 X 23,58 X X <br \/>3 Alex Leiramo PorvU 19,79 <br \/>16,05 X 19,79 X 17,78 16,28<\/p><p>P11 Sl\u00e4gga<br \/>1 Tobias L\u00f6fgren HyvsU 22,18 <br \/>X 22,18 PB 17,63 X 21,94 X <br \/>2 Robin Johansson Borg\u00e5Ak 17,36 <br \/>13,82 14,40 15,96 17,36 15,64 X<\/p><p>D Sl\u00e4gga<br \/>1 Mette Snellman KarhKa 50,29 <br \/>48,51 50,29 48,38 49,93 48,98 X <br \/>2 Emma P\u00e4\u00e4kk\u00f6 VahdTui 47,01 <br \/>X 47,01 45,51 X 44,74 46,18 <br \/>3 Heidi H\u00e4m\u00e4l\u00e4inen HIFK 46,01 <br \/>X X X 45,12 44,76 46,01 <br \/><br \/>D19 Sl\u00e4gga<br \/>1 Nellinoora Maunula HIFK 48,92 <br \/>47,08 X 48,07 X 48,92 44,37 <br \/>2 Sara Puustinen Borg\u00e5Ak 46,02 <br \/>45,90 46,02 43,25 41,66 40,78 41,45 <br \/><br \/>D17 Sl\u00e4gga<br \/>1 Kira Koskiniemi HKV 36,55 <br \/>35,31 X 36,55 36,49 X X <br \/>Melina Lundqvist Borg\u00e5Ak NM <br \/>X X X X X X<\/p><p>F15 Sl\u00e4gga<br \/>1 Ella Eriksson LiljIK 34,53 <br \/>X X 30,98 X 34,53 X <br \/>Viivi And M\u00e4ntsU 8.2.09 NM <br \/>X X X P P P<\/p><p>F13 Sl\u00e4gga<br \/>1 Iita Alanko HeinI 42,44 <br \/>X X X X 38,78 42,44 <br \/>2 Aino Alanko HeinI 41,44 <br \/>41,44 X X X 38,39 X <br \/>3 Viivi And M\u00e4ntsU 32,39 <br \/>29,52 31,79 31,30 X 32,39 X <br \/>4 Hilma Rauhasalo KarhKa 28,94 <br \/>28,39 26,22 26,53 28,94 25,91 21,70 <br \/>5 Ada Niemel\u00e4inen KarhU 27,94 <br \/>26,96 26,15 26,96 27,94 27,59 X <br \/><br \/>F11 Sl\u00e4gga<br \/>1 Mira Montonen EspTa 25,52 <br \/>X X 24,69 24,79 25,52 X <br \/>2 Lotta Montonen NurmijYU 19,05 <br \/>X 15,26 19,05 18,39 18,59 17,83 <br \/>3 Meeri Aro HKV 13,33 <br \/>11,42 12,34 12,89 10,78 13,33 12,95 <br \/>4 Vivian Niemi NurmijYU 13,20 <br \/>13,20 X 12,30 12,41 11,84 12,27<\/p>\t\t\t\t\t\t\t\t<\/div>\n\t\t\t\t<\/div>\n\t\t\t\t\t<\/div>\n\t\t<\/div>\n\t\t\t\t<div class=\"elementor-column elementor-col-33 elementor-top-column elementor-element elementor-element-7e04d70\" data-id=\"7e04d70\" data-element_type=\"column\">\n\t\t\t<div class=\"elementor-widget-wrap elementor-element-populated\">\n\t\t\t\t\t\t\t<\/div>\n\t\t<\/div>\n\t\t\t\t\t<\/div>\n\t\t<\/section>\n\t\t\t\t<\/div>\n\t\t","protected":false},"excerpt":{"rendered":"<p>Sl\u00e4ggt\u00e4vling 1 &#8211; Moukarikisa 1Borg\u00e5 21.6.2022 Borgbackens kastplan H19 Sl\u00e4gga1 Aron Johansson Borg\u00e5Ak 41,73 39,92 41,73 41,55 40,49 40,64 40,71 P15 Sl\u00e4gga1 Albert Isaksson Borg\u00e5Ak 41,49 37,78 X X X 40,23 41,49 2 Jimi Sorvari Borg\u00e5Ak 38,36 X X 38,36 X X X 3 Santeri Puustinen Borg\u00e5Ak 29,31 29,31 24,13 25,37 26,92 29,24 X P13 [&hellip;]<\/p>\n","protected":false},"author":3,"featured_media":0,"parent":0,"menu_order":0,"comment_status":"closed","ping_status":"closed","template":"","meta":{"_crdt_document":"","footnotes":""},"class_list":["post-14634","page","type-page","status-publish","hentry"],"yoast_head":"<!-- This site is optimized with the Yoast SEO plugin v26.8 - https:\/\/yoast.com\/product\/yoast-seo-wordpress\/ -->\n<title>Borg\u00e5 Sl\u00e4ggt\u00e4vlingar 2022 - Porvoon Moukarikisat - Friidrott - Yleisurheilu<\/title>\n<meta name=\"robots\" content=\"index, follow, max-snippet:-1, max-image-preview:large, max-video-preview:-1\" \/>\n<link rel=\"canonical\" href=\"https:\/\/www.akilles.fi\/friidrott\/borga-slaggtavlingar-2022-porvoon-moukarikisat\/\" \/>\n<meta property=\"og:locale\" content=\"sv_SE\" \/>\n<meta property=\"og:type\" content=\"article\" \/>\n<meta property=\"og:title\" content=\"Borg\u00e5 Sl\u00e4ggt\u00e4vlingar 2022 - Porvoon Moukarikisat - Friidrott - Yleisurheilu\" \/>\n<meta property=\"og:description\" content=\"Sl\u00e4ggt\u00e4vling 1 &#8211; Moukarikisa 1Borg\u00e5 21.6.2022 Borgbackens kastplan H19 Sl\u00e4gga1 Aron Johansson Borg\u00e5Ak 41,73 39,92 41,73 41,55 40,49 40,64 40,71 P15 Sl\u00e4gga1 Albert Isaksson Borg\u00e5Ak 41,49 37,78 X X X 40,23 41,49 2 Jimi Sorvari Borg\u00e5Ak 38,36 X X 38,36 X X X 3 Santeri Puustinen Borg\u00e5Ak 29,31 29,31 24,13 25,37 26,92 29,24 X P13 [&hellip;]\" \/>\n<meta property=\"og:url\" content=\"https:\/\/www.akilles.fi\/friidrott\/borga-slaggtavlingar-2022-porvoon-moukarikisat\/\" \/>\n<meta property=\"og:site_name\" content=\"Friidrott - Yleisurheilu\" \/>\n<meta property=\"article:modified_time\" content=\"2022-08-08T08:01:48+00:00\" \/>\n<meta name=\"twitter:card\" content=\"summary_large_image\" \/>\n<meta name=\"twitter:label1\" content=\"Ber\u00e4knad l\u00e4stid\" \/>\n\t<meta name=\"twitter:data1\" content=\"3 minuter\" \/>\n<script type=\"application\/ld+json\" class=\"yoast-schema-graph\">{\"@context\":\"https:\/\/schema.org\",\"@graph\":[{\"@type\":\"WebPage\",\"@id\":\"https:\/\/www.akilles.fi\/friidrott\/borga-slaggtavlingar-2022-porvoon-moukarikisat\/\",\"url\":\"https:\/\/www.akilles.fi\/friidrott\/borga-slaggtavlingar-2022-porvoon-moukarikisat\/\",\"name\":\"Borg\u00e5 Sl\u00e4ggt\u00e4vlingar 2022 - Porvoon Moukarikisat - Friidrott - Yleisurheilu\",\"isPartOf\":{\"@id\":\"https:\/\/www.akilles.fi\/friidrott\/#website\"},\"datePublished\":\"2022-08-08T07:53:01+00:00\",\"dateModified\":\"2022-08-08T08:01:48+00:00\",\"breadcrumb\":{\"@id\":\"https:\/\/www.akilles.fi\/friidrott\/borga-slaggtavlingar-2022-porvoon-moukarikisat\/#breadcrumb\"},\"inLanguage\":\"sv-SE\",\"potentialAction\":[{\"@type\":\"ReadAction\",\"target\":[\"https:\/\/www.akilles.fi\/friidrott\/borga-slaggtavlingar-2022-porvoon-moukarikisat\/\"]}]},{\"@type\":\"BreadcrumbList\",\"@id\":\"https:\/\/www.akilles.fi\/friidrott\/borga-slaggtavlingar-2022-porvoon-moukarikisat\/#breadcrumb\",\"itemListElement\":[{\"@type\":\"ListItem\",\"position\":1,\"name\":\"Home\",\"item\":\"https:\/\/www.akilles.fi\/friidrott\/\"},{\"@type\":\"ListItem\",\"position\":2,\"name\":\"Borg\u00e5 Sl\u00e4ggt\u00e4vlingar 2022 &#8211; Porvoon Moukarikisat\"}]},{\"@type\":\"WebSite\",\"@id\":\"https:\/\/www.akilles.fi\/friidrott\/#website\",\"url\":\"https:\/\/www.akilles.fi\/friidrott\/\",\"name\":\"Friidrott - Yleisurheilu\",\"description\":\"Borg\u00e5 Akilles Friidrott- Porvoon Akilles Yleisurheilu\",\"potentialAction\":[{\"@type\":\"SearchAction\",\"target\":{\"@type\":\"EntryPoint\",\"urlTemplate\":\"https:\/\/www.akilles.fi\/friidrott\/?s={search_term_string}\"},\"query-input\":{\"@type\":\"PropertyValueSpecification\",\"valueRequired\":true,\"valueName\":\"search_term_string\"}}],\"inLanguage\":\"sv-SE\"}]}<\/script>\n<!-- \/ Yoast SEO plugin. -->","yoast_head_json":{"title":"Borg\u00e5 Sl\u00e4ggt\u00e4vlingar 2022 - Porvoon Moukarikisat - Friidrott - Yleisurheilu","robots":{"index":"index","follow":"follow","max-snippet":"max-snippet:-1","max-image-preview":"max-image-preview:large","max-video-preview":"max-video-preview:-1"},"canonical":"https:\/\/www.akilles.fi\/friidrott\/borga-slaggtavlingar-2022-porvoon-moukarikisat\/","og_locale":"sv_SE","og_type":"article","og_title":"Borg\u00e5 Sl\u00e4ggt\u00e4vlingar 2022 - Porvoon Moukarikisat - Friidrott - Yleisurheilu","og_description":"Sl\u00e4ggt\u00e4vling 1 &#8211; Moukarikisa 1Borg\u00e5 21.6.2022 Borgbackens kastplan H19 Sl\u00e4gga1 Aron Johansson Borg\u00e5Ak 41,73 39,92 41,73 41,55 40,49 40,64 40,71 P15 Sl\u00e4gga1 Albert Isaksson Borg\u00e5Ak 41,49 37,78 X X X 40,23 41,49 2 Jimi Sorvari Borg\u00e5Ak 38,36 X X 38,36 X X X 3 Santeri Puustinen Borg\u00e5Ak 29,31 29,31 24,13 25,37 26,92 29,24 X P13 [&hellip;]","og_url":"https:\/\/www.akilles.fi\/friidrott\/borga-slaggtavlingar-2022-porvoon-moukarikisat\/","og_site_name":"Friidrott - Yleisurheilu","article_modified_time":"2022-08-08T08:01:48+00:00","twitter_card":"summary_large_image","twitter_misc":{"Ber\u00e4knad l\u00e4stid":"3 minuter"},"schema":{"@context":"https:\/\/schema.org","@graph":[{"@type":"WebPage","@id":"https:\/\/www.akilles.fi\/friidrott\/borga-slaggtavlingar-2022-porvoon-moukarikisat\/","url":"https:\/\/www.akilles.fi\/friidrott\/borga-slaggtavlingar-2022-porvoon-moukarikisat\/","name":"Borg\u00e5 Sl\u00e4ggt\u00e4vlingar 2022 - Porvoon Moukarikisat - Friidrott - Yleisurheilu","isPartOf":{"@id":"https:\/\/www.akilles.fi\/friidrott\/#website"},"datePublished":"2022-08-08T07:53:01+00:00","dateModified":"2022-08-08T08:01:48+00:00","breadcrumb":{"@id":"https:\/\/www.akilles.fi\/friidrott\/borga-slaggtavlingar-2022-porvoon-moukarikisat\/#breadcrumb"},"inLanguage":"sv-SE","potentialAction":[{"@type":"ReadAction","target":["https:\/\/www.akilles.fi\/friidrott\/borga-slaggtavlingar-2022-porvoon-moukarikisat\/"]}]},{"@type":"BreadcrumbList","@id":"https:\/\/www.akilles.fi\/friidrott\/borga-slaggtavlingar-2022-porvoon-moukarikisat\/#breadcrumb","itemListElement":[{"@type":"ListItem","position":1,"name":"Home","item":"https:\/\/www.akilles.fi\/friidrott\/"},{"@type":"ListItem","position":2,"name":"Borg\u00e5 Sl\u00e4ggt\u00e4vlingar 2022 &#8211; Porvoon Moukarikisat"}]},{"@type":"WebSite","@id":"https:\/\/www.akilles.fi\/friidrott\/#website","url":"https:\/\/www.akilles.fi\/friidrott\/","name":"Friidrott - Yleisurheilu","description":"Borg\u00e5 Akilles Friidrott- Porvoon Akilles Yleisurheilu","potentialAction":[{"@type":"SearchAction","target":{"@type":"EntryPoint","urlTemplate":"https:\/\/www.akilles.fi\/friidrott\/?s={search_term_string}"},"query-input":{"@type":"PropertyValueSpecification","valueRequired":true,"valueName":"search_term_string"}}],"inLanguage":"sv-SE"}]}},"_links":{"self":[{"href":"https:\/\/www.akilles.fi\/friidrott\/wp-json\/wp\/v2\/pages\/14634","targetHints":{"allow":["GET"]}}],"collection":[{"href":"https:\/\/www.akilles.fi\/friidrott\/wp-json\/wp\/v2\/pages"}],"about":[{"href":"https:\/\/www.akilles.fi\/friidrott\/wp-json\/wp\/v2\/types\/page"}],"author":[{"embeddable":true,"href":"https:\/\/www.akilles.fi\/friidrott\/wp-json\/wp\/v2\/users\/3"}],"replies":[{"embeddable":true,"href":"https:\/\/www.akilles.fi\/friidrott\/wp-json\/wp\/v2\/comments?post=14634"}],"version-history":[{"count":13,"href":"https:\/\/www.akilles.fi\/friidrott\/wp-json\/wp\/v2\/pages\/14634\/revisions"}],"predecessor-version":[{"id":14648,"href":"https:\/\/www.akilles.fi\/friidrott\/wp-json\/wp\/v2\/pages\/14634\/revisions\/14648"}],"wp:attachment":[{"href":"https:\/\/www.akilles.fi\/friidrott\/wp-json\/wp\/v2\/media?parent=14634"}],"curies":[{"name":"wp","href":"https:\/\/api.w.org\/{rel}","templated":true}]}}