{"id":15544,"date":"2022-09-07T18:39:14","date_gmt":"2022-09-07T18:39:14","guid":{"rendered":"https:\/\/www.akilles.fi\/friidrott\/?page_id=15544"},"modified":"2022-09-13T18:26:00","modified_gmt":"2022-09-13T18:26:00","slug":"veckotavling-2022-poang-viikkokisat-2022-pisteet","status":"publish","type":"page","link":"https:\/\/www.akilles.fi\/friidrott\/veckotavling-2022-poang-viikkokisat-2022-pisteet\/","title":{"rendered":"Veckotavling 2022 po\u00e4ng &#8211; Viikkokisat 2022-pisteet"},"content":{"rendered":"\t\t<div data-elementor-type=\"wp-page\" data-elementor-id=\"15544\" class=\"elementor elementor-15544\" data-elementor-post-type=\"page\">\n\t\t\t\t\t\t<section class=\"elementor-section elementor-top-section elementor-element elementor-element-c48c17d elementor-section-boxed elementor-section-height-default elementor-section-height-default\" data-id=\"c48c17d\" data-element_type=\"section\">\n\t\t\t\t\t\t<div class=\"elementor-container elementor-column-gap-default\">\n\t\t\t\t\t<div class=\"elementor-column elementor-col-100 elementor-top-column elementor-element elementor-element-b2703fb\" data-id=\"b2703fb\" data-element_type=\"column\">\n\t\t\t<div class=\"elementor-widget-wrap elementor-element-populated\">\n\t\t\t\t\t\t<div class=\"elementor-element elementor-element-1d9b0e5 elementor-widget elementor-widget-text-editor\" data-id=\"1d9b0e5\" data-element_type=\"widget\" data-widget_type=\"text-editor.default\">\n\t\t\t\t<div class=\"elementor-widget-container\">\n\t\t\t\t\t\t\t\t\t<p>Porvoon viikkokisat &#8211; Borg\u00e5 veckot\u00e4vlingar<\/p><p><strong>Pisteet &#8211; Po\u00e4ng<\/strong> <br \/>P8 <br \/>1) Oscar Wikgren Borg\u00e5Ak 946<br \/>2) Elvin Skog Borg\u00e5Ak 900<br \/>3) Eetu Tiili PorvU 844<br \/>4) Kevin Blomqvist Borg\u00e5Ak 572<br \/>5) Alvar Turunen Borg\u00e5Ak 570<br \/><span style=\"text-decoration: underline;\">6) Niklas Holmstr\u00f6m Borg\u00e5Ak 392<\/span><br \/>7) Emil Sederholm Borg\u00e5Ak 379<br \/>8) Oscar Nyman Borg\u00e5Ak 351<br \/>9) Alex Forsblom Borg\u00e5Ak 329<br \/>10) Leo Pulkkinen PorvU 270<br \/>11) Kasper Karlsson Borg\u00e5Ak 261<br \/>12) Edvin Hellberg Borg\u00e5Ak 230<br \/>13) Noah Suoniemi Borg\u00e5Ak 215<br \/>14) Eetu Palola PorvU 174<br \/>15) John Jamieson Borg\u00e5Ak 143<br \/>16) Nelson Rapo Borg\u00e5Ak 123<br \/>17) Oscar Isaksson Borg\u00e5Ak 85<\/p><p>T8 <br \/>1) Charlotta Laur\u00e9n Borg\u00e5Ak 1110<br \/>2) Aamu Santalahti Borg\u00e5Ak 1104<br \/>3) Astrid Ajanko PorvU 954<br \/>4) Line Grefberg Borg\u00e5Ak 823<br \/>5) Lina Olsson Borg\u00e5Ak 664<br \/><span style=\"text-decoration: underline;\">6) Nea Mel\u00e9n Borg\u00e5Ak 660<\/span><br \/>7) Edith Mattila PorvU 567<br \/>8) Mila Lassenius PorvU 492<br \/>9) Mea Pulkkinen PorvU 448<br \/>10) Anni Leino Borg\u00e5Ak 384<br \/>11) Isla Padatsu PorvU 233<br \/>12) Jeanelle Blomqvist Borg\u00e5Ak 226<br \/>13) Saga Tiihonen Borg\u00e5Ak 200<br \/>14) Emilia Wikgren Borg\u00e5Ak 191<br \/>15) Agnes Halin Borg\u00e5Ak 92<br \/>16) Eevi Jokkala PorvU 70<br \/>17) Frida Holmstr\u00f6m Borg\u00e5Ak 61<br \/>18) Elli Nurmi ? 44<br \/>Emilia Gullsten Videla PorvU 32<\/p><p>P9\u00a0 <br \/>1) Axel Latvala Borg\u00e5Ak 1073<br \/><span style=\"text-decoration: underline;\">2) Joonatan Palom\u00e4ki PorvU 544<\/span><br \/>Maximilian Ahlgren Borg\u00e5Ak 119<\/p><p>T9 <br \/>1) Elsi Palola PorvU 1103<br \/>2) Nala Lassenius PorvU 1095<br \/>3) Liisa Myyr\u00e4 PorvU 1018<br \/>4) Linn Andersson Borg\u00e5Ak 655<br \/>5) Siri Jamieson Borg\u00e5Ak 344<br \/><span style=\"text-decoration: underline;\">6) Siiri Vilenius PorvU 233<\/span><br \/>7) Linnea Mattila PorvU 188<\/p><p>P10 <br \/>1) Leo Holmlund Ei seuraa 1442<br \/>2) Alvar Ajanko PorvU 1424<br \/>3) Jonathan Liljendal Borg\u00e5Ak 953<br \/>4) Robin Johansson Borg\u00e5Ak 584<br \/>5) Eljas Vaara PorvU 579<br \/><span style=\"text-decoration: underline;\">6) Mikael Padatsu PorvU 557<\/span><br \/>7) Mikael Eklund PorvU 300<br \/>8) Elias Miettinen Borg\u00e5Ak 250<br \/>Hugo Suoniemi Borg\u00e5Ak 165<\/p><p>T10 <br \/>1) Matilda Blom Borg\u00e5Ak 1311<br \/>2) Vera Hamina PorvU 1259<br \/>3) Minea Haapsalo PorvU 977<br \/>4) Serafia Piirainen PorvU 791<br \/>5) Erin Lindgren Borg\u00e5Ak 645<br \/><span style=\"text-decoration: underline;\">6) Hilla Santalahti Borg\u00e5Ak 631<\/span><br \/>7) Sira Nieminen PorvU 561<br \/>8) Lisella Arder PorvU 551<br \/>9) Alissa Servin Borg\u00e5Ak 524<br \/>10) Ella Johansson Borg\u00e5Ak 261<\/p><p>P11 <br \/>1) Urho Kanervala KerkkU 2252<br \/>2) Juho Kanervala KerkkU 1513<br \/>3) Elias Mattila PorvU 1359<br \/>4) Elias Hirtentreu Borg\u00e5Ak 1138<br \/><span style=\"text-decoration: underline;\">5) William Holmstr\u00f6m Borg\u00e5Ak 792<\/span><br \/>Patrik Kosonen Borg\u00e5Ak 172<\/p><p>T11 <br \/>1) Lilian Kuismanen PorvU 1383<br \/>2) Elin Nyholm Borg\u00e5Ak 738<br \/>3) Amisha Sulaiman PorvU 715<br \/>4) Sini Knoop PorvU 393<br \/>5) Vanessa Kinnunen Borg\u00e5Ak 312<br \/><span style=\"text-decoration: underline;\">6) Sanni Vickholm PorvU 291<\/span><br \/>7) Niia Johansson Borg\u00e5Ak 237<br \/>8) Alisa Rikkonen PorvU 221<\/p><p>P12 <br \/>1) Alex Leiramo PorvU 1900<br \/>2) Luka Soiramo PorvU 1811<br \/>3) Adrian Sulaiman PorvU 1618<br \/>4) Tobias Tallqvist Borg\u00e5Ak 1476<br \/><span style=\"text-decoration: underline;\">5) Tobias Isaksson Borg\u00e5Ak 517<\/span><br \/>Ville Partanen PorvU 182<\/p><p>T12 <br \/>1) Kajsa Sillman PorvU 2154<br \/>2) Amanda Ahlgren PorvU 1138<br \/>3) Ninni Penttinen PorvU 1090<br \/>4) Maiju M\u00e4itt\u00e4l\u00e4 KerkkU 501<br \/>5) Sissel S\u00f6derstr\u00f6m Borg\u00e5Ak 441<br \/><span style=\"text-decoration: underline;\">6) Alina Wiitala Borg\u00e5Ak 347<\/span><br \/>Kaisla Rouvila PorvU 218<\/p><p>P13 <br \/>1) Marcus Koljonen PorvU 1727<br \/>2) Aapo Odiah PorvU 806<br \/><span style=\"text-decoration: underline;\">3) Oliver Liljendal Borg\u00e5Ak 655<\/span><br \/>Filip Nystr\u00f6m PorvU 242<\/p><p>T13 <br \/>1) Fanny Finell Borg\u00e5Ak 2406<br \/>2) Ada Myrtenblad PorvU 1947<br \/>3) Clara Henriksson Borg\u00e5Ak 1427<br \/>4) Venla Repo PorvU 1244<br \/>5) Elli Mattila PorvU 1052<br \/><span style=\"text-decoration: underline;\">6) Ellinor Eriksson Borg\u00e5Ak 527<\/span><\/p><p>T14 <br \/>1) Aino Kanervala KerkkU 1700<br \/>2) Alina Nyholm Borg\u00e5Ak 1036<br \/>3) Erika Tallqvist Borg\u00e5Ak 786<br \/>4) Sarah Isaksson Borg\u00e5Ak 675<br \/>5) Isabella Stenb\u00e4ck Borg\u00e5Ak 666<br \/><span style=\"text-decoration: underline;\">6) Miisa M\u00e4itt\u00e4l\u00e4 PorvU 560<\/span><br \/>Brenda Jalkanen Borg\u00e5Ak 288<\/p><p>P14 <br \/><span style=\"text-decoration: underline;\">1) Anton Myrtenblad PorvU 3037<\/span><br \/>Oskari Piirainen PorvU 457<br \/>Alex Ahlgren PorvU 325<br \/>Markus Teppo PorvU 434<\/p><p>P15 <br \/>1) Oscar Blomberg Borg\u00e5Ak 2802<br \/>2) Matias Palom\u00e4ki PorvU 1239<br \/>3) Albert Isaksson Borg\u00e5Ak 1171<br \/><span style=\"text-decoration: underline;\">4) Aaro Jaakkola PorvU 1062<\/span><\/p><p>T15 <br \/>1) Erin Johansson Borg\u00e5Ak 911<br \/>2) Emilia Liljendal Borg\u00e5Ak 671<br \/>3) Pinja Lindstedt PorvU 609<br \/>4) Aino Jokkala PorvU 468<br \/><span style=\"text-decoration: underline;\">5) Alisa Kiiski PorvU 374<\/span><br \/>Peppi Rantakurtakko PorvU 350<\/p>\t\t\t\t\t\t\t\t<\/div>\n\t\t\t\t<\/div>\n\t\t\t\t\t<\/div>\n\t\t<\/div>\n\t\t\t\t\t<\/div>\n\t\t<\/section>\n\t\t\t\t<\/div>\n\t\t","protected":false},"excerpt":{"rendered":"<p>Porvoon viikkokisat &#8211; Borg\u00e5 veckot\u00e4vlingar Pisteet &#8211; Po\u00e4ng P8 1) Oscar Wikgren Borg\u00e5Ak 9462) Elvin Skog Borg\u00e5Ak 9003) Eetu Tiili PorvU 8444) Kevin Blomqvist Borg\u00e5Ak 5725) Alvar Turunen Borg\u00e5Ak 5706) Niklas Holmstr\u00f6m Borg\u00e5Ak 3927) Emil Sederholm Borg\u00e5Ak 3798) Oscar Nyman Borg\u00e5Ak 3519) Alex Forsblom Borg\u00e5Ak 32910) Leo Pulkkinen PorvU 27011) Kasper Karlsson Borg\u00e5Ak 26112) Edvin [&hellip;]<\/p>\n","protected":false},"author":3,"featured_media":0,"parent":0,"menu_order":0,"comment_status":"closed","ping_status":"closed","template":"","meta":{"_crdt_document":"","footnotes":""},"class_list":["post-15544","page","type-page","status-publish","hentry"],"yoast_head":"<!-- This site is optimized with the Yoast SEO plugin v27.4 - https:\/\/yoast.com\/product\/yoast-seo-wordpress\/ -->\n<title>Veckotavling 2022 po\u00e4ng - Viikkokisat 2022-pisteet - Friidrott - Yleisurheilu<\/title>\n<meta name=\"robots\" content=\"index, follow, max-snippet:-1, max-image-preview:large, max-video-preview:-1\" \/>\n<link rel=\"canonical\" href=\"https:\/\/www.akilles.fi\/friidrott\/veckotavling-2022-poang-viikkokisat-2022-pisteet\/\" \/>\n<meta property=\"og:locale\" content=\"sv_SE\" \/>\n<meta property=\"og:type\" content=\"article\" \/>\n<meta property=\"og:title\" content=\"Veckotavling 2022 po\u00e4ng - Viikkokisat 2022-pisteet - Friidrott - Yleisurheilu\" \/>\n<meta property=\"og:description\" content=\"Porvoon viikkokisat &#8211; Borg\u00e5 veckot\u00e4vlingar Pisteet &#8211; Po\u00e4ng P8 1) Oscar Wikgren Borg\u00e5Ak 9462) Elvin Skog Borg\u00e5Ak 9003) Eetu Tiili PorvU 8444) Kevin Blomqvist Borg\u00e5Ak 5725) Alvar Turunen Borg\u00e5Ak 5706) Niklas Holmstr\u00f6m Borg\u00e5Ak 3927) Emil Sederholm Borg\u00e5Ak 3798) Oscar Nyman Borg\u00e5Ak 3519) Alex Forsblom Borg\u00e5Ak 32910) Leo Pulkkinen PorvU 27011) Kasper Karlsson Borg\u00e5Ak 26112) Edvin [&hellip;]\" \/>\n<meta property=\"og:url\" content=\"https:\/\/www.akilles.fi\/friidrott\/veckotavling-2022-poang-viikkokisat-2022-pisteet\/\" \/>\n<meta property=\"og:site_name\" content=\"Friidrott - Yleisurheilu\" \/>\n<meta property=\"article:modified_time\" content=\"2022-09-13T18:26:00+00:00\" \/>\n<meta name=\"twitter:card\" content=\"summary_large_image\" \/>\n<meta name=\"twitter:label1\" content=\"Ber\u00e4knad l\u00e4stid\" \/>\n\t<meta name=\"twitter:data1\" content=\"4 minuter\" \/>\n<script type=\"application\/ld+json\" class=\"yoast-schema-graph\">{\"@context\":\"https:\\\/\\\/schema.org\",\"@graph\":[{\"@type\":\"WebPage\",\"@id\":\"https:\\\/\\\/www.akilles.fi\\\/friidrott\\\/veckotavling-2022-poang-viikkokisat-2022-pisteet\\\/\",\"url\":\"https:\\\/\\\/www.akilles.fi\\\/friidrott\\\/veckotavling-2022-poang-viikkokisat-2022-pisteet\\\/\",\"name\":\"Veckotavling 2022 po\u00e4ng - Viikkokisat 2022-pisteet - Friidrott - Yleisurheilu\",\"isPartOf\":{\"@id\":\"https:\\\/\\\/www.akilles.fi\\\/friidrott\\\/#website\"},\"datePublished\":\"2022-09-07T18:39:14+00:00\",\"dateModified\":\"2022-09-13T18:26:00+00:00\",\"breadcrumb\":{\"@id\":\"https:\\\/\\\/www.akilles.fi\\\/friidrott\\\/veckotavling-2022-poang-viikkokisat-2022-pisteet\\\/#breadcrumb\"},\"inLanguage\":\"sv-SE\",\"potentialAction\":[{\"@type\":\"ReadAction\",\"target\":[\"https:\\\/\\\/www.akilles.fi\\\/friidrott\\\/veckotavling-2022-poang-viikkokisat-2022-pisteet\\\/\"]}]},{\"@type\":\"BreadcrumbList\",\"@id\":\"https:\\\/\\\/www.akilles.fi\\\/friidrott\\\/veckotavling-2022-poang-viikkokisat-2022-pisteet\\\/#breadcrumb\",\"itemListElement\":[{\"@type\":\"ListItem\",\"position\":1,\"name\":\"Home\",\"item\":\"https:\\\/\\\/www.akilles.fi\\\/friidrott\\\/\"},{\"@type\":\"ListItem\",\"position\":2,\"name\":\"Veckotavling 2022 po\u00e4ng &#8211; Viikkokisat 2022-pisteet\"}]},{\"@type\":\"WebSite\",\"@id\":\"https:\\\/\\\/www.akilles.fi\\\/friidrott\\\/#website\",\"url\":\"https:\\\/\\\/www.akilles.fi\\\/friidrott\\\/\",\"name\":\"Friidrott - Yleisurheilu\",\"description\":\"Borg\u00e5 Akilles Friidrott- Porvoon Akilles Yleisurheilu\",\"potentialAction\":[{\"@type\":\"SearchAction\",\"target\":{\"@type\":\"EntryPoint\",\"urlTemplate\":\"https:\\\/\\\/www.akilles.fi\\\/friidrott\\\/?s={search_term_string}\"},\"query-input\":{\"@type\":\"PropertyValueSpecification\",\"valueRequired\":true,\"valueName\":\"search_term_string\"}}],\"inLanguage\":\"sv-SE\"}]}<\/script>\n<!-- \/ Yoast SEO plugin. -->","yoast_head_json":{"title":"Veckotavling 2022 po\u00e4ng - Viikkokisat 2022-pisteet - Friidrott - Yleisurheilu","robots":{"index":"index","follow":"follow","max-snippet":"max-snippet:-1","max-image-preview":"max-image-preview:large","max-video-preview":"max-video-preview:-1"},"canonical":"https:\/\/www.akilles.fi\/friidrott\/veckotavling-2022-poang-viikkokisat-2022-pisteet\/","og_locale":"sv_SE","og_type":"article","og_title":"Veckotavling 2022 po\u00e4ng - Viikkokisat 2022-pisteet - Friidrott - Yleisurheilu","og_description":"Porvoon viikkokisat &#8211; Borg\u00e5 veckot\u00e4vlingar Pisteet &#8211; Po\u00e4ng P8 1) Oscar Wikgren Borg\u00e5Ak 9462) Elvin Skog Borg\u00e5Ak 9003) Eetu Tiili PorvU 8444) Kevin Blomqvist Borg\u00e5Ak 5725) Alvar Turunen Borg\u00e5Ak 5706) Niklas Holmstr\u00f6m Borg\u00e5Ak 3927) Emil Sederholm Borg\u00e5Ak 3798) Oscar Nyman Borg\u00e5Ak 3519) Alex Forsblom Borg\u00e5Ak 32910) Leo Pulkkinen PorvU 27011) Kasper Karlsson Borg\u00e5Ak 26112) Edvin [&hellip;]","og_url":"https:\/\/www.akilles.fi\/friidrott\/veckotavling-2022-poang-viikkokisat-2022-pisteet\/","og_site_name":"Friidrott - Yleisurheilu","article_modified_time":"2022-09-13T18:26:00+00:00","twitter_card":"summary_large_image","twitter_misc":{"Ber\u00e4knad l\u00e4stid":"4 minuter"},"schema":{"@context":"https:\/\/schema.org","@graph":[{"@type":"WebPage","@id":"https:\/\/www.akilles.fi\/friidrott\/veckotavling-2022-poang-viikkokisat-2022-pisteet\/","url":"https:\/\/www.akilles.fi\/friidrott\/veckotavling-2022-poang-viikkokisat-2022-pisteet\/","name":"Veckotavling 2022 po\u00e4ng - Viikkokisat 2022-pisteet - Friidrott - Yleisurheilu","isPartOf":{"@id":"https:\/\/www.akilles.fi\/friidrott\/#website"},"datePublished":"2022-09-07T18:39:14+00:00","dateModified":"2022-09-13T18:26:00+00:00","breadcrumb":{"@id":"https:\/\/www.akilles.fi\/friidrott\/veckotavling-2022-poang-viikkokisat-2022-pisteet\/#breadcrumb"},"inLanguage":"sv-SE","potentialAction":[{"@type":"ReadAction","target":["https:\/\/www.akilles.fi\/friidrott\/veckotavling-2022-poang-viikkokisat-2022-pisteet\/"]}]},{"@type":"BreadcrumbList","@id":"https:\/\/www.akilles.fi\/friidrott\/veckotavling-2022-poang-viikkokisat-2022-pisteet\/#breadcrumb","itemListElement":[{"@type":"ListItem","position":1,"name":"Home","item":"https:\/\/www.akilles.fi\/friidrott\/"},{"@type":"ListItem","position":2,"name":"Veckotavling 2022 po\u00e4ng &#8211; Viikkokisat 2022-pisteet"}]},{"@type":"WebSite","@id":"https:\/\/www.akilles.fi\/friidrott\/#website","url":"https:\/\/www.akilles.fi\/friidrott\/","name":"Friidrott - Yleisurheilu","description":"Borg\u00e5 Akilles Friidrott- Porvoon Akilles Yleisurheilu","potentialAction":[{"@type":"SearchAction","target":{"@type":"EntryPoint","urlTemplate":"https:\/\/www.akilles.fi\/friidrott\/?s={search_term_string}"},"query-input":{"@type":"PropertyValueSpecification","valueRequired":true,"valueName":"search_term_string"}}],"inLanguage":"sv-SE"}]}},"_links":{"self":[{"href":"https:\/\/www.akilles.fi\/friidrott\/wp-json\/wp\/v2\/pages\/15544","targetHints":{"allow":["GET"]}}],"collection":[{"href":"https:\/\/www.akilles.fi\/friidrott\/wp-json\/wp\/v2\/pages"}],"about":[{"href":"https:\/\/www.akilles.fi\/friidrott\/wp-json\/wp\/v2\/types\/page"}],"author":[{"embeddable":true,"href":"https:\/\/www.akilles.fi\/friidrott\/wp-json\/wp\/v2\/users\/3"}],"replies":[{"embeddable":true,"href":"https:\/\/www.akilles.fi\/friidrott\/wp-json\/wp\/v2\/comments?post=15544"}],"version-history":[{"count":7,"href":"https:\/\/www.akilles.fi\/friidrott\/wp-json\/wp\/v2\/pages\/15544\/revisions"}],"predecessor-version":[{"id":15582,"href":"https:\/\/www.akilles.fi\/friidrott\/wp-json\/wp\/v2\/pages\/15544\/revisions\/15582"}],"wp:attachment":[{"href":"https:\/\/www.akilles.fi\/friidrott\/wp-json\/wp\/v2\/media?parent=15544"}],"curies":[{"name":"wp","href":"https:\/\/api.w.org\/{rel}","templated":true}]}}