{"id":15722,"date":"2022-10-01T17:05:01","date_gmt":"2022-10-01T17:05:01","guid":{"rendered":"https:\/\/www.akilles.fi\/friidrott\/?page_id=15722"},"modified":"2025-10-11T17:34:08","modified_gmt":"2025-10-11T17:34:08","slug":"friidrottslicens-yleisurheilulisenssi","status":"publish","type":"page","link":"https:\/\/www.akilles.fi\/friidrott\/friidrottslicens-yleisurheilulisenssi\/","title":{"rendered":"Friidrottslicens 2026 Yleisurheilulisenssi"},"content":{"rendered":"\t\t<div data-elementor-type=\"wp-page\" data-elementor-id=\"15722\" class=\"elementor elementor-15722\" data-elementor-post-type=\"page\">\n\t\t\t\t\t\t<section class=\"elementor-section elementor-top-section elementor-element elementor-element-a79e37b elementor-section-boxed elementor-section-height-default elementor-section-height-default\" data-id=\"a79e37b\" data-element_type=\"section\">\n\t\t\t\t\t\t<div class=\"elementor-container elementor-column-gap-default\">\n\t\t\t\t\t<div class=\"elementor-column elementor-col-100 elementor-top-column elementor-element elementor-element-548a4f1\" data-id=\"548a4f1\" data-element_type=\"column\">\n\t\t\t<div class=\"elementor-widget-wrap elementor-element-populated\">\n\t\t\t\t\t\t<section class=\"elementor-section elementor-inner-section elementor-element elementor-element-8a60744 elementor-section-boxed elementor-section-height-default elementor-section-height-default\" data-id=\"8a60744\" data-element_type=\"section\">\n\t\t\t\t\t\t<div class=\"elementor-container elementor-column-gap-default\">\n\t\t\t\t\t<div class=\"elementor-column elementor-col-50 elementor-inner-column elementor-element elementor-element-bb6a92b\" data-id=\"bb6a92b\" data-element_type=\"column\">\n\t\t\t<div class=\"elementor-widget-wrap elementor-element-populated\">\n\t\t\t\t\t\t<div class=\"elementor-element elementor-element-42a2e52 elementor-widget elementor-widget-text-editor\" data-id=\"42a2e52\" data-element_type=\"widget\" data-widget_type=\"text-editor.default\">\n\t\t\t\t<div class=\"elementor-widget-container\">\n\t\t\t\t\t\t\t\t\t<p>Friidrottlicenser<strong> 2026\u00a0<\/strong>(suomeksi alla)<\/p><p>Finlands idrottsf\u00f6rbund (Suomen urheiluliitto) \u00f6vergick fr\u00e5n 1.10.2021 till att anv\u00e4nda Suomisport.fi f\u00f6r att sk\u00f6ta friidrottslicenser och idrottsf\u00f6rs\u00e4kringar. Mera info om friidrottens licenser och f\u00f6rs\u00e4kringar finns p\u00e5 sidan <strong>yleisurheilu.fi <\/strong>under<strong> seurat <\/strong>i menyn. Licensen \u00e4r i kraft f\u00f6r ink\u00f6psdatum till 30.9.2026.<\/p><p>Alla idrottare skall registreras i Suomisport f\u00f6r att man skall kunna k\u00f6pa licens. <strong>Licensen \u00e4r obligatorisk i alla t\u00e4vlingar<\/strong> och man kan inte anm\u00e4la sig till t\u00e4vlingar via <strong>kilpailukalenteri.fi<\/strong> om man inte har i kraft varande licens. Licensen betalas vid k\u00f6pet. V\u00e4lj med eller utan f\u00f6rs\u00e4kring. F\u00f6r barn f\u00f6dda 2012 eller senare ing\u00e5r f\u00f6rs\u00e4kringen i licensavgiften.<\/p><p>Akilles kan inte sk\u00f6ta licenserna d\u00e5 varje idrottare skall registreras med personnummer. Vi samlar inte in personnummer.<\/p><p><strong>Friidrottslicensernas pris<\/strong><\/p><p>1967-2008 f\u00f6dda <b>54<\/b>\u00a0<b>euro <\/b>(OBS! Inneh\u00e5ller inte Sporttiturva-f\u00f6rs\u00e4kring)<br \/>2009-2012 f\u00f6dda <b>44 euro <\/b>(OBS! Inneh\u00e5ller inte Sporttiturva-f\u00f6rs\u00e4kring)<br \/>NYHET: Tervetuloa Yleisurheiluun licens <b>f\u00f6r nyb\u00f6rjare<\/b>\u00a0<b>18\u00a0euro\u00a0<\/b>(OBS! Inneh\u00e5ller inte Sporttiturva-f\u00f6rs\u00e4kring)<br \/>2013\u20132018 f\u00f6dda <strong>34<\/strong>\u00a0<b>euro <\/b>(Sporttiturva-f\u00f6rs\u00e4kring ing\u00e5r)<br \/>NYHET: Tervetuloa Yleisurheiluun licens <b>f\u00f6r nyb\u00f6rjare<\/b> <b>18 euro\u00a0<\/b>(Sporttiturva-f\u00f6rs\u00e4kring ing\u00e5r)<br \/>2019 och senare f\u00f6dda <strong>18<\/strong>\u00a0euro (Sporttiturva-f\u00f6rs\u00e4kring ing\u00e5r)<\/p><p><strong>Sporttiturvaf\u00f6rs\u00e4kring pris f\u00f6r 2012 och tidigare f\u00f6dda<\/strong>:<br \/>Sporttiturva C: f\u00f6dda 2009\u20132012\u00a0<strong>95<\/strong> <b>euro<\/b><br \/>Sporttiturva B: f\u00f6dda 2007-2008\u00a0<b>124<\/b> <b>euro<\/b><br \/>Sporttiturva A: 1986\u20132006\u00a0<strong>284<\/strong><b> euro<\/b><\/p><p><strong>Registrering och k\u00f6p av licens<\/strong><\/p><ol><li><strong>\u00d6ppna Suomisport.fi<\/strong><\/li><\/ol><p>I h\u00f6gra \u00f6vre h\u00f6rnet kan du v\u00e4lja spr\u00e5k, tex svenska.<\/p><ol start=\"2\"><li><strong>V\u00e4lj K\u00f6p i menyn<\/strong> och en ny ruta \u00f6ppnar sig p\u00e5 finska. Du kan byta spr\u00e5k till svenska om du s\u00e5 \u00f6nskar.<\/li><li><strong>Ge din e-post <\/strong>och tryck p\u00e5 knappen<strong> \u201dSkicka mig en inloggningskod\u201d <\/strong>och du f\u00e5r en sexsiffrig kod till din e-post som \u00e4r i kraft 30 min.<\/li><li>En ny ruta \u00f6ppnar sig och d\u00e4r<strong> matar du in koden <\/strong>och trycker p\u00e5<strong> logga in.<\/strong><\/li><li>S\u00e5 \u00f6ppnar sig en ny ruta<strong> \u201dMit\u00e4 olet ostamassa\u201d. <\/strong>H\u00e4r v\u00e4ljer du<strong> Lisenssin\/pelipassin.<\/strong><\/li><li>S\u00e5 forts\u00e4tter du till<strong> Lisenssi\u00e4\/pelipassia siis! <\/strong>Och v\u00e4ljer till <strong>dig sj\u00e4lv<\/strong> eller <strong>mitt barn (lapselleni)<\/strong><\/li><li>I f\u00f6ljande ruta skall du mata in <strong>barnets uppgifter <\/strong>och spara uppgifterna<\/li><li>V\u00e4lj gren, <strong>v\u00e4lj<\/strong> <strong>Yleisurheilu<\/strong> (Suomen Urheiluliitto)<\/li><li><strong>V\u00e4lj f\u00f6rening Borg\u00e5 Akilles<\/strong><\/li><li><strong>G\u00e5 till betalning <\/strong>(med bankkoder)<\/li><\/ol>\t\t\t\t\t\t\t\t<\/div>\n\t\t\t\t<\/div>\n\t\t\t\t\t<\/div>\n\t\t<\/div>\n\t\t\t\t<div class=\"elementor-column elementor-col-50 elementor-inner-column elementor-element elementor-element-7b1c86f\" data-id=\"7b1c86f\" data-element_type=\"column\">\n\t\t\t<div class=\"elementor-widget-wrap elementor-element-populated\">\n\t\t\t\t\t\t<div class=\"elementor-element elementor-element-c77d665 elementor-widget elementor-widget-text-editor\" data-id=\"c77d665\" data-element_type=\"widget\" data-widget_type=\"text-editor.default\">\n\t\t\t\t<div class=\"elementor-widget-container\">\n\t\t\t\t\t\t\t\t\t<p><strong>Yleisurheilulisenssit 2025<\/strong><\/p><p>Suomen urheiluliitto siirtyi 1.10.2021 alkaen k\u00e4ytt\u00e4m\u00e4\u00e4n Suomisport.fi yleisurheilulisenssit ja urheiluvakuutukset ostoj\u00e4rjestelm\u00e4n\u00e4. Lis\u00e4\u00e4 infoa yleisurheilun lisensseist\u00e4 ja vakuutuksista l\u00f6ytyy sivulta <strong>yleisurheilu.fi<\/strong> ja <strong>seurat<\/strong>. Lisenssi on voimassa ostop\u00e4iv\u00e4st\u00e4 30.9.2026 asti.<\/p><p>Kaikki urheilijat t\u00e4ytyy olla rekister\u00f6ityn\u00e4 Suomisportissa ennen kun voi ostaa lisenssin. Lisenssi on pakollinen kaikissa kilpailuissa. Ei voi ilmoittautua kisoihin kilpailukalenteri.fi kautta jollei ole voimassa olevaa lisenssi\u00e4. Lisenssi maksetaan kun sen ostaa. Valitse vakuutuksen kanssa tai ilman. 2012 ja my\u00f6hemmin syntyneille lapsille lisenssi sis\u00e4lt\u00e4\u00e4 vakuutuksen.<\/p><p>Akilles ei voi ostaa lisenssej\u00e4 koska rekister\u00f6inti vaatii henkil\u00f6tunnuksen. Me emme voi ker\u00e4t\u00e4 lasten henkil\u00f6tunnuksia.<\/p><p><strong>Yleisurheilulisenssien hinnat<\/strong><\/p><p>1967-2008 syntyneet <b>54<\/b>\u00a0<b>euroa<\/b> (HUOM! ei sis\u00e4ll\u00e4 Sporttiturvaa)<br \/>2009\u20132012 syntyneet<b> 44<\/b>\u00a0<b>euroa<\/b>\u00a0\u00a0(HUOM! ei sis\u00e4ll\u00e4 Sporttiturvaa)<br \/>UUSI: Tervetuloa Yleisurheiluun lisenssi <b>ensimm\u00e4isen yleisurheilulisenssin hankkivalle\u00a018\u00a0euroa<\/b> (HUOM! ei sis\u00e4ll\u00e4 Sporttiturvaa)<br \/>2013-2018 syntyneet <b>34 euroa<\/b> (sis\u00e4lt\u00e4\u00e4 Sporttiturvan)<br \/>UUSI: Tervetuloa Yleisurheiluun lisenssi\u00a0<b>ensimm\u00e4isen yleisurheilulisenssin hankkivalle\u00a018\u00a0euroa\u00a0<\/b>(sis\u00e4lt\u00e4\u00e4 Sporttiturvan)<br \/>2018 ja my\u00f6hemmin syntyneet <strong>18<\/strong>\u00a0<b>euroa<\/b> (sis\u00e4lt\u00e4\u00e4 Sporttiturvan)<\/p><p><strong>Sporttiturvan hinnat 2012 ja aiemmin syntyneille:<br \/><\/strong>Sporttiturva C: 2009\u20132012 syntyneet\u00a0 <strong>95<\/strong> <b>euroa<\/b>\u00a0<br \/>Sporttiturva B: 2007\u20132008 syntyneet <strong>124<\/strong> <b>euroa<\/b><br \/>Sporttiturva A: 1986\u20132006\u00a0<strong>284<\/strong> <b>euroa <\/b><br \/><strong><br \/>Rekister\u00f6inti ja lisenssin osto.<\/strong><\/p><ol><li><strong>Avaa Suomisport.fi<\/strong><\/li><\/ol><p>Oikeassa yl\u00e4kulmassa voit valita kielen.<\/p><ol start=\"2\"><li><strong>Valitse Osta tai osta lisenssi <\/strong><\/li><li><strong>Anna s\u00e4\u00f6hk\u00f6postiosoitteesi <\/strong>ja paina nappia<strong> \u201dL\u00e4het\u00e4 minulle kirajutumiskoodi\u201d <\/strong>ja saat s\u00e4hk\u00f6postiisi kuusinumeroisen koodin joka on voimassa 30 min.<\/li><li>Uusi ruutu avautuu, <strong>sy\u00f6t\u00e4 koodi<\/strong> ja <strong>Kirjaudu sis\u00e4\u00e4n<\/strong><\/li><li>Uusi ruutu<strong> \u201dMit\u00e4 olet otustamassa\u201d. <\/strong>T\u00e4ss\u00e4 valitset<strong> Lisenssin\/pelipassin.<\/strong><\/li><li>Jatka ruutuun<strong> Lisenssi\u00e4\/pelipassia siis! <\/strong>Ja valitset <strong>itselleni tai lapselleni<\/strong><\/li><li>Seuraavassa sy\u00f6t\u00e4t <strong>omat<\/strong> tai <strong>lapsesi<\/strong> tiedot ja tallennat ne<\/li><li>Valitse laji, <strong>valitse<\/strong> <strong>Yleisurheilu<\/strong> (Suomen Urheiluliitto)<\/li><li><strong>Valitse seura Borg\u00e5 Akilles<\/strong><\/li><li><strong>Siirry maksamaan <\/strong>(pankkikoodeilla<\/li><\/ol>\t\t\t\t\t\t\t\t<\/div>\n\t\t\t\t<\/div>\n\t\t\t\t\t<\/div>\n\t\t<\/div>\n\t\t\t\t\t<\/div>\n\t\t<\/section>\n\t\t\t\t\t<\/div>\n\t\t<\/div>\n\t\t\t\t\t<\/div>\n\t\t<\/section>\n\t\t\t\t<\/div>\n\t\t","protected":false},"excerpt":{"rendered":"<p>Friidrottlicenser 2026\u00a0(suomeksi alla) Finlands idrottsf\u00f6rbund (Suomen urheiluliitto) \u00f6vergick fr\u00e5n 1.10.2021 till att anv\u00e4nda Suomisport.fi f\u00f6r att sk\u00f6ta friidrottslicenser och idrottsf\u00f6rs\u00e4kringar. Mera info om friidrottens licenser och f\u00f6rs\u00e4kringar finns p\u00e5 sidan yleisurheilu.fi under seurat i menyn. Licensen \u00e4r i kraft f\u00f6r ink\u00f6psdatum till 30.9.2026. Alla idrottare skall registreras i Suomisport f\u00f6r att man skall kunna k\u00f6pa [&hellip;]<\/p>\n","protected":false},"author":3,"featured_media":0,"parent":0,"menu_order":0,"comment_status":"closed","ping_status":"closed","template":"","meta":{"_crdt_document":"","footnotes":""},"class_list":["post-15722","page","type-page","status-publish","hentry"],"yoast_head":"<!-- This site is optimized with the Yoast SEO plugin v27.4 - https:\/\/yoast.com\/product\/yoast-seo-wordpress\/ -->\n<title>Friidrottslicens 2026 Yleisurheilulisenssi - Friidrott - Yleisurheilu<\/title>\n<meta name=\"robots\" content=\"index, follow, max-snippet:-1, max-image-preview:large, max-video-preview:-1\" \/>\n<link rel=\"canonical\" href=\"https:\/\/www.akilles.fi\/friidrott\/friidrottslicens-yleisurheilulisenssi\/\" \/>\n<meta property=\"og:locale\" content=\"sv_SE\" \/>\n<meta property=\"og:type\" content=\"article\" \/>\n<meta property=\"og:title\" content=\"Friidrottslicens 2026 Yleisurheilulisenssi - Friidrott - Yleisurheilu\" \/>\n<meta property=\"og:description\" content=\"Friidrottlicenser 2026\u00a0(suomeksi alla) Finlands idrottsf\u00f6rbund (Suomen urheiluliitto) \u00f6vergick fr\u00e5n 1.10.2021 till att anv\u00e4nda Suomisport.fi f\u00f6r att sk\u00f6ta friidrottslicenser och idrottsf\u00f6rs\u00e4kringar. Mera info om friidrottens licenser och f\u00f6rs\u00e4kringar finns p\u00e5 sidan yleisurheilu.fi under seurat i menyn. Licensen \u00e4r i kraft f\u00f6r ink\u00f6psdatum till 30.9.2026. Alla idrottare skall registreras i Suomisport f\u00f6r att man skall kunna k\u00f6pa [&hellip;]\" \/>\n<meta property=\"og:url\" content=\"https:\/\/www.akilles.fi\/friidrott\/friidrottslicens-yleisurheilulisenssi\/\" \/>\n<meta property=\"og:site_name\" content=\"Friidrott - Yleisurheilu\" \/>\n<meta property=\"article:modified_time\" content=\"2025-10-11T17:34:08+00:00\" \/>\n<meta name=\"twitter:card\" content=\"summary_large_image\" \/>\n<meta name=\"twitter:label1\" content=\"Ber\u00e4knad l\u00e4stid\" \/>\n\t<meta name=\"twitter:data1\" content=\"3 minuter\" \/>\n<script type=\"application\/ld+json\" class=\"yoast-schema-graph\">{\"@context\":\"https:\\\/\\\/schema.org\",\"@graph\":[{\"@type\":\"WebPage\",\"@id\":\"https:\\\/\\\/www.akilles.fi\\\/friidrott\\\/friidrottslicens-yleisurheilulisenssi\\\/\",\"url\":\"https:\\\/\\\/www.akilles.fi\\\/friidrott\\\/friidrottslicens-yleisurheilulisenssi\\\/\",\"name\":\"Friidrottslicens 2026 Yleisurheilulisenssi - Friidrott - Yleisurheilu\",\"isPartOf\":{\"@id\":\"https:\\\/\\\/www.akilles.fi\\\/friidrott\\\/#website\"},\"datePublished\":\"2022-10-01T17:05:01+00:00\",\"dateModified\":\"2025-10-11T17:34:08+00:00\",\"breadcrumb\":{\"@id\":\"https:\\\/\\\/www.akilles.fi\\\/friidrott\\\/friidrottslicens-yleisurheilulisenssi\\\/#breadcrumb\"},\"inLanguage\":\"sv-SE\",\"potentialAction\":[{\"@type\":\"ReadAction\",\"target\":[\"https:\\\/\\\/www.akilles.fi\\\/friidrott\\\/friidrottslicens-yleisurheilulisenssi\\\/\"]}]},{\"@type\":\"BreadcrumbList\",\"@id\":\"https:\\\/\\\/www.akilles.fi\\\/friidrott\\\/friidrottslicens-yleisurheilulisenssi\\\/#breadcrumb\",\"itemListElement\":[{\"@type\":\"ListItem\",\"position\":1,\"name\":\"Home\",\"item\":\"https:\\\/\\\/www.akilles.fi\\\/friidrott\\\/\"},{\"@type\":\"ListItem\",\"position\":2,\"name\":\"Friidrottslicens 2026 Yleisurheilulisenssi\"}]},{\"@type\":\"WebSite\",\"@id\":\"https:\\\/\\\/www.akilles.fi\\\/friidrott\\\/#website\",\"url\":\"https:\\\/\\\/www.akilles.fi\\\/friidrott\\\/\",\"name\":\"Friidrott - Yleisurheilu\",\"description\":\"Borg\u00e5 Akilles Friidrott- Porvoon Akilles Yleisurheilu\",\"potentialAction\":[{\"@type\":\"SearchAction\",\"target\":{\"@type\":\"EntryPoint\",\"urlTemplate\":\"https:\\\/\\\/www.akilles.fi\\\/friidrott\\\/?s={search_term_string}\"},\"query-input\":{\"@type\":\"PropertyValueSpecification\",\"valueRequired\":true,\"valueName\":\"search_term_string\"}}],\"inLanguage\":\"sv-SE\"}]}<\/script>\n<!-- \/ Yoast SEO plugin. -->","yoast_head_json":{"title":"Friidrottslicens 2026 Yleisurheilulisenssi - Friidrott - Yleisurheilu","robots":{"index":"index","follow":"follow","max-snippet":"max-snippet:-1","max-image-preview":"max-image-preview:large","max-video-preview":"max-video-preview:-1"},"canonical":"https:\/\/www.akilles.fi\/friidrott\/friidrottslicens-yleisurheilulisenssi\/","og_locale":"sv_SE","og_type":"article","og_title":"Friidrottslicens 2026 Yleisurheilulisenssi - Friidrott - Yleisurheilu","og_description":"Friidrottlicenser 2026\u00a0(suomeksi alla) Finlands idrottsf\u00f6rbund (Suomen urheiluliitto) \u00f6vergick fr\u00e5n 1.10.2021 till att anv\u00e4nda Suomisport.fi f\u00f6r att sk\u00f6ta friidrottslicenser och idrottsf\u00f6rs\u00e4kringar. Mera info om friidrottens licenser och f\u00f6rs\u00e4kringar finns p\u00e5 sidan yleisurheilu.fi under seurat i menyn. Licensen \u00e4r i kraft f\u00f6r ink\u00f6psdatum till 30.9.2026. Alla idrottare skall registreras i Suomisport f\u00f6r att man skall kunna k\u00f6pa [&hellip;]","og_url":"https:\/\/www.akilles.fi\/friidrott\/friidrottslicens-yleisurheilulisenssi\/","og_site_name":"Friidrott - Yleisurheilu","article_modified_time":"2025-10-11T17:34:08+00:00","twitter_card":"summary_large_image","twitter_misc":{"Ber\u00e4knad l\u00e4stid":"3 minuter"},"schema":{"@context":"https:\/\/schema.org","@graph":[{"@type":"WebPage","@id":"https:\/\/www.akilles.fi\/friidrott\/friidrottslicens-yleisurheilulisenssi\/","url":"https:\/\/www.akilles.fi\/friidrott\/friidrottslicens-yleisurheilulisenssi\/","name":"Friidrottslicens 2026 Yleisurheilulisenssi - Friidrott - Yleisurheilu","isPartOf":{"@id":"https:\/\/www.akilles.fi\/friidrott\/#website"},"datePublished":"2022-10-01T17:05:01+00:00","dateModified":"2025-10-11T17:34:08+00:00","breadcrumb":{"@id":"https:\/\/www.akilles.fi\/friidrott\/friidrottslicens-yleisurheilulisenssi\/#breadcrumb"},"inLanguage":"sv-SE","potentialAction":[{"@type":"ReadAction","target":["https:\/\/www.akilles.fi\/friidrott\/friidrottslicens-yleisurheilulisenssi\/"]}]},{"@type":"BreadcrumbList","@id":"https:\/\/www.akilles.fi\/friidrott\/friidrottslicens-yleisurheilulisenssi\/#breadcrumb","itemListElement":[{"@type":"ListItem","position":1,"name":"Home","item":"https:\/\/www.akilles.fi\/friidrott\/"},{"@type":"ListItem","position":2,"name":"Friidrottslicens 2026 Yleisurheilulisenssi"}]},{"@type":"WebSite","@id":"https:\/\/www.akilles.fi\/friidrott\/#website","url":"https:\/\/www.akilles.fi\/friidrott\/","name":"Friidrott - Yleisurheilu","description":"Borg\u00e5 Akilles Friidrott- Porvoon Akilles Yleisurheilu","potentialAction":[{"@type":"SearchAction","target":{"@type":"EntryPoint","urlTemplate":"https:\/\/www.akilles.fi\/friidrott\/?s={search_term_string}"},"query-input":{"@type":"PropertyValueSpecification","valueRequired":true,"valueName":"search_term_string"}}],"inLanguage":"sv-SE"}]}},"_links":{"self":[{"href":"https:\/\/www.akilles.fi\/friidrott\/wp-json\/wp\/v2\/pages\/15722","targetHints":{"allow":["GET"]}}],"collection":[{"href":"https:\/\/www.akilles.fi\/friidrott\/wp-json\/wp\/v2\/pages"}],"about":[{"href":"https:\/\/www.akilles.fi\/friidrott\/wp-json\/wp\/v2\/types\/page"}],"author":[{"embeddable":true,"href":"https:\/\/www.akilles.fi\/friidrott\/wp-json\/wp\/v2\/users\/3"}],"replies":[{"embeddable":true,"href":"https:\/\/www.akilles.fi\/friidrott\/wp-json\/wp\/v2\/comments?post=15722"}],"version-history":[{"count":44,"href":"https:\/\/www.akilles.fi\/friidrott\/wp-json\/wp\/v2\/pages\/15722\/revisions"}],"predecessor-version":[{"id":28624,"href":"https:\/\/www.akilles.fi\/friidrott\/wp-json\/wp\/v2\/pages\/15722\/revisions\/28624"}],"wp:attachment":[{"href":"https:\/\/www.akilles.fi\/friidrott\/wp-json\/wp\/v2\/media?parent=15722"}],"curies":[{"name":"wp","href":"https:\/\/api.w.org\/{rel}","templated":true}]}}