{"id":17215,"date":"2023-04-03T16:20:01","date_gmt":"2023-04-03T16:20:01","guid":{"rendered":"https:\/\/www.akilles.fi\/friidrott\/?page_id=17215"},"modified":"2023-06-25T12:09:45","modified_gmt":"2023-06-25T12:09:45","slug":"veckotavlingar-2023-viikkokisat","status":"publish","type":"page","link":"https:\/\/www.akilles.fi\/friidrott\/veckotavlingar-2023-viikkokisat\/","title":{"rendered":"Veckot\u00e4vlingar 2023 Viikkokisat"},"content":{"rendered":"\t\t<div data-elementor-type=\"wp-post\" data-elementor-id=\"17215\" class=\"elementor elementor-17215\" data-elementor-post-type=\"page\">\n\t\t\t\t\t\t<section class=\"elementor-section elementor-top-section elementor-element elementor-element-56c92ce elementor-section-boxed elementor-section-height-default elementor-section-height-default\" data-id=\"56c92ce\" data-element_type=\"section\">\n\t\t\t\t\t\t<div class=\"elementor-container elementor-column-gap-default\">\n\t\t\t\t\t<div class=\"elementor-column elementor-col-50 elementor-top-column elementor-element elementor-element-943f808\" data-id=\"943f808\" data-element_type=\"column\">\n\t\t\t<div class=\"elementor-widget-wrap elementor-element-populated\">\n\t\t\t\t\t\t<div class=\"elementor-element elementor-element-54f6333 elementor-widget elementor-widget-text-editor\" data-id=\"54f6333\" data-element_type=\"widget\" data-widget_type=\"text-editor.default\">\n\t\t\t\t<div class=\"elementor-widget-container\">\n\t\t\t\t\t\t\t\t\t<h5><strong>Veckot\u00e4vling 1, onsdag 31.5.2023 kl.18.00 <\/strong><strong>Centralidrottsplan<br \/>Viikkokisa 1, keskiviikko 31.5.2023 klo. 18.00 Keskusurheilukentt\u00e4<\/strong><\/h5><p>Anm\u00e4lning via kilpailukalenteri.fi eller till tr\u00e4narna eller Leif Rikberg leif.rikberg@akilles.fi p\u00e5 fredag 26.5<br \/>Akilles sk\u00f6ter kansli, l\u00f6pningar (start, eltid) och h\u00f6jd, <br \/>PU sk\u00f6ter l\u00e4ngd 1, l\u00e4ngd 2, kula, kiosk<\/p><table width=\"495\"><tbody><tr><td>\u00a0<a href=\"https:\/\/www.akilles.fi\/friidrott\/veckotavling-tidsschema-2023-viikkokisa-aikataulut\/\">Tidsschema &#8211; Aikataulu<\/a><\/td><td>\u00a0<a href=\"https:\/\/www.akilles.fi\/friidrott\/veckotavlingar-resultat-2023-viikkokisat-tulokset\/\">Resultat &#8211; Tulokset<\/a><\/td><\/tr><\/tbody><\/table><table><tbody><tr><td>F8 (-15), F9 (-14): 60m, kula<\/td><td>T8 (-15), T9 (-14): 60m, kuula<\/td><\/tr><tr><td>F10 (-13), F11 (-12): 60m, h\u00f6jd<\/td><td>T10 (-13), T11 (-12): 60m, korkeus<\/td><\/tr><tr><td>F12 (-11), F13 (-10): 60m, l\u00e4ngd<\/td><td>T12 (-11), T13 (-10): 60m, pituus<\/td><\/tr><tr><td>F14 (-09), F15 (-08): 100m, l\u00e4ngd, 2000m<\/td><td>T14(-09), T15 (-08): 100m, pituus, 2000m<\/td><\/tr><tr><td>\u00a0<\/td><td>\u00a0<\/td><\/tr><tr><td>P8 (-15), P9 (-14): 60m, kula<\/td><td>P8 (-15), P9 (-14): 60m, kuula<\/td><\/tr><tr><td>P10 (-13), P11 (-12): 60m, l\u00e4ngd<\/td><td>P10 (-13), P11 (-12): 60m, pituus<\/td><\/tr><tr><td>P12 (-11), P13 (-10): 60m, h\u00f6jd<\/td><td>P12 (-11), P13 (-10): 60m, korkeus<\/td><\/tr><tr><td>P14 (-09), P15 (-09): 100m, h\u00f6jd, 2000m<\/td><td>P14 (-09), P15 (-08: 100m, korkeus, 2000m<\/td><\/tr><\/tbody><\/table><h5><strong>Veckot\u00e4vling 2, tisdag 27.6.2023\u00a0 kl. 18.00 <\/strong><strong>Centralidrottsplan<br \/>Viikkokisa 2. tiistai 27.6.2023 klo. 18.00 <\/strong><strong>Keskusurheilukentt\u00e4<\/strong><\/h5><p>Anm\u00e4lning kilpailukalenteri.fi eller Leif Rikberg leif.rikberg@akilles.fi senast fredag 23.6<br \/>Akilles sk\u00f6ter kansli, l\u00f6pningar (start, eltid) och h\u00f6jd, kiosk<br \/>PU sk\u00f6ter l\u00e4ngd, spjut<\/p><table width=\"495\"><tbody><tr><td><a href=\"https:\/\/www.akilles.fi\/friidrott\/veckotavling-tidsschema-2023-viikkokisa-aikataulut\/\">\u00a0Tidsschema &#8211; Aikataulu<\/a><\/td><td>\u00a0<a href=\"https:\/\/www.akilles.fi\/friidrott\/veckotavlingar-resultat-2023-viikkokisat-tulokset\/\">Resultat &#8211; Tulokset<\/a><\/td><\/tr><\/tbody><\/table><table><tbody><tr><td>F8 (-15), F9 (-14): 150m, l\u00e4ngd<\/td><td>T8 (-15), T9 (-14): 150m, pituus<\/td><\/tr><tr><td>F10 (-13), F11 (-12): 150m, l\u00e4ngd<\/td><td>T10 (-13), T11 (-12): 150m, pituus<\/td><\/tr><tr><td>F12 (-11), F13 (-10): 200m, spjut<\/td><td>T12 (-11), T13 (-10): 200m, keih\u00e4s<\/td><\/tr><tr><td>F14 (-09), F15 (-08): 300m, spjut<\/td><td>T14 (-09), F15 (-08): 300m, keih\u00e4s<\/td><\/tr><tr><td>\u00a0<\/td><td>\u00a0<\/td><\/tr><tr><td>P8 (-15), P9 (-14): 150m, h\u00f6jd<\/td><td>P8 (-15), P9 (-14): 150m, korkeus<\/td><\/tr><tr><td>P10 (-13), P11 (-12): 150m, h\u00f6jd<\/td><td>P10 (-13), P11 (-12): 150m, korkeus<\/td><\/tr><tr><td>P12 (-11), P13 (-10): 200m, spjut<\/td><td>P12 (-11), P13 (-10): 200m, keih\u00e4s<\/td><\/tr><tr><td>P14 (-09), P15 (-08): 300m, spjut<\/td><td>P14 (-09), P15 (-08): 300m, keih\u00e4s<\/td><\/tr><\/tbody><\/table><h5><strong>Veckot\u00e4vling 3, tisdag 1.8.2023\u00a0 kl. 18.00 Centralidrottsplan<br \/>Viikkokisa 3, tistai 1.8.2023 klo. 18.00 Keskusurheilukentt\u00e4<\/strong><\/h5><p>Anm\u00e4lning kilpailukalenteri.fi eller Leif Rikberg leif.rikberg@akilles.fi senast fredag 28.7<br \/>Akilles sk\u00f6ter kansli, l\u00f6pningar (start, eltid) och h\u00f6jd<br \/>PU sk\u00f6ter l\u00e4ngd, kula, kiosk<\/p><table width=\"495\"><tbody><tr><td>\u00a0<a href=\"https:\/\/www.akilles.fi\/friidrott\/veckotavling-tidsschema-2023-viikkokisa-aikataulut\/\">Tidsschema &#8211; Aikataulu<\/a><\/td><td><a href=\"https:\/\/www.akilles.fi\/friidrott\/veckotavlingar-resultat-2023-viikkokisat-tulokset\/\">\u00a0Resultat &#8211; Tulokset<\/a><\/td><\/tr><\/tbody><\/table><table width=\"500\"><tbody><tr><td>F8 (-15), F9 (-14): 40m, spjut<\/td><td>T8 (-15), T9 (-14): 40m, keih\u00e4s<\/td><\/tr><tr><td>F10 (-13), F11 (-12): 60m h\u00e4ck (60cm), kula<\/td><td>T10 (-13), T11 (-12): 60m aidat, kuula<\/td><\/tr><tr><td>F12 (-11), F13 (-10): 60m h\u00e4ck (76cm), kula<\/td><td>T12 (-11), T13 (-10): 60m aidat, kuula<\/td><\/tr><tr><td>F14 (-09), F15 (-08): 80m h\u00e4ck (76cm), kula<\/td><td>T14 (-09), F15 (-08): 80m aidat, kuula<\/td><\/tr><tr><td>\u00a0<\/td><td>\u00a0<\/td><\/tr><tr><td>P8 (-15), P9 (-14): 40m, l\u00e4ngd<\/td><td>P8 (-15), P9 (-14): 40m, pituus<\/td><\/tr><tr><td>P10 (-13), P11 (-12): 60m h\u00e4ck (60cm), kula<\/td><td>P10 (-13), P11 (-12): 60m aidat, kuula<\/td><\/tr><tr><td>P12 (-11), P13 (-10): 60m h\u00e4ck (76cm), l\u00e4ngd<\/td><td>P12 (-11), P13 (-10): 60m aidat, pituus<\/td><\/tr><tr><td>P14 (-09), P15 (-08): 100m h\u00e4ck (84cm), l\u00e4ngd<\/td><td>P14 (-09), P15 (-08): 100m aidat, pituus<\/td><\/tr><\/tbody><\/table><h5><strong>Veckot\u00e4vling 4, onsdag 23.8.2023 kl. 18.00 Centralidrottsplan<\/strong><strong><br \/>Viikkokisa 4, keskiviikko 23.8.2023 klo. 18.00 Keskusurheilukentt\u00e4 <\/strong><\/h5><p>Anm\u00e4lning kilpailukalenteri.fi eller Leif Rikberg leif.rikberg@akilles.fi senast m\u00e5ndag 21.8<br \/>Akilles sk\u00f6ter kansli, l\u00f6pningar (start, eltid) och h\u00f6jd, kiosk<br \/>PU sk\u00f6ter kula, spjut<\/p><table width=\"497\"><tbody><tr><td>\u00a0<a href=\"https:\/\/www.akilles.fi\/friidrott\/veckotavling-tidsschema-2023-viikkokisa-aikataulut\/\">Tidsschema &#8211; Aikataulu<\/a><\/td><td>\u00a0<a href=\"https:\/\/www.akilles.fi\/friidrott\/veckotavlingar-resultat-2023-viikkokisat-tulokset\/\">Resultat &#8211; Tulokset<\/a><\/td><td>\u00a0<\/td><\/tr><\/tbody><\/table><table width=\"500\"><tbody><tr><td>F8 (-15), F9 (-14): 300m, h\u00f6jd<\/td><td>T8 (-15), T9 (-14): 300m, korkeus<\/td><\/tr><tr><td>F10 (-13), F11 (-12): 1000m, spjut<\/td><td>T10 (-13), T11 (-12):1000m, keih\u00e4s<\/td><\/tr><tr><td>F12 (-11), F13 (-10): 1000m, h\u00f6jd<\/td><td>T12 (-11), T13 (-10): 1000m, korkeus<\/td><\/tr><tr><td>F14 (-09), F15 (-08): 800m, h\u00f6jd<\/td><td>T14 (-09), F15 (-08): 800m, korkeus<\/td><\/tr><tr><td>\u00a0<\/td><td>\u00a0<\/td><\/tr><tr><td>P8 (-15), P9 (-14): 300m, spjut<\/td><td>P8 (-15), P9 (-14): 300m,keih\u00e4s<\/td><\/tr><tr><td>P10 (-13); P11 (-12): 1000m, spjut<\/td><td>P10 (-13), P11 (-12): 1000m, keih\u00e4s<\/td><\/tr><tr><td>P12 (-11), P13 (-10): 1000m, kula<\/td><td>P12 (-11), P13 (-10): 1000m, kuula<\/td><\/tr><tr><td>P14 (-09), P15 (-08): 800m, kula<\/td><td>P14 (-09), P15 (-08): 800m, kuula<\/td><\/tr><\/tbody><\/table>\t\t\t\t\t\t\t\t<\/div>\n\t\t\t\t<\/div>\n\t\t\t\t\t<\/div>\n\t\t<\/div>\n\t\t\t\t<div class=\"elementor-column elementor-col-50 elementor-top-column elementor-element elementor-element-999a0d8\" data-id=\"999a0d8\" data-element_type=\"column\">\n\t\t\t<div class=\"elementor-widget-wrap\">\n\t\t\t\t\t\t\t<\/div>\n\t\t<\/div>\n\t\t\t\t\t<\/div>\n\t\t<\/section>\n\t\t\t\t<\/div>\n\t\t","protected":false},"excerpt":{"rendered":"<p>Veckot\u00e4vling 1, onsdag 31.5.2023 kl.18.00 CentralidrottsplanViikkokisa 1, keskiviikko 31.5.2023 klo. 18.00 Keskusurheilukentt\u00e4 Anm\u00e4lning via kilpailukalenteri.fi eller till tr\u00e4narna eller Leif Rikberg leif.rikberg@akilles.fi p\u00e5 fredag 26.5Akilles sk\u00f6ter kansli, l\u00f6pningar (start, eltid) och h\u00f6jd, PU sk\u00f6ter l\u00e4ngd 1, l\u00e4ngd 2, kula, kiosk \u00a0Tidsschema &#8211; Aikataulu \u00a0Resultat &#8211; Tulokset F8 (-15), F9 (-14): 60m, kula T8 (-15), T9 [&hellip;]<\/p>\n","protected":false},"author":3,"featured_media":0,"parent":0,"menu_order":0,"comment_status":"closed","ping_status":"closed","template":"","meta":{"_crdt_document":"","footnotes":""},"class_list":["post-17215","page","type-page","status-publish","hentry"],"yoast_head":"<!-- This site is optimized with the Yoast SEO plugin v26.8 - https:\/\/yoast.com\/product\/yoast-seo-wordpress\/ -->\n<title>Veckot\u00e4vlingar 2023 Viikkokisat - Friidrott - Yleisurheilu<\/title>\n<meta name=\"robots\" content=\"index, follow, max-snippet:-1, max-image-preview:large, max-video-preview:-1\" \/>\n<link rel=\"canonical\" href=\"https:\/\/www.akilles.fi\/friidrott\/veckotavlingar-2023-viikkokisat\/\" \/>\n<meta property=\"og:locale\" content=\"sv_SE\" \/>\n<meta property=\"og:type\" content=\"article\" \/>\n<meta property=\"og:title\" content=\"Veckot\u00e4vlingar 2023 Viikkokisat - Friidrott - Yleisurheilu\" \/>\n<meta property=\"og:description\" content=\"Veckot\u00e4vling 1, onsdag 31.5.2023 kl.18.00 CentralidrottsplanViikkokisa 1, keskiviikko 31.5.2023 klo. 18.00 Keskusurheilukentt\u00e4 Anm\u00e4lning via kilpailukalenteri.fi eller till tr\u00e4narna eller Leif Rikberg leif.rikberg@akilles.fi p\u00e5 fredag 26.5Akilles sk\u00f6ter kansli, l\u00f6pningar (start, eltid) och h\u00f6jd, PU sk\u00f6ter l\u00e4ngd 1, l\u00e4ngd 2, kula, kiosk \u00a0Tidsschema &#8211; Aikataulu \u00a0Resultat &#8211; Tulokset F8 (-15), F9 (-14): 60m, kula T8 (-15), T9 [&hellip;]\" \/>\n<meta property=\"og:url\" content=\"https:\/\/www.akilles.fi\/friidrott\/veckotavlingar-2023-viikkokisat\/\" \/>\n<meta property=\"og:site_name\" content=\"Friidrott - Yleisurheilu\" \/>\n<meta property=\"article:modified_time\" content=\"2023-06-25T12:09:45+00:00\" \/>\n<meta name=\"twitter:card\" content=\"summary_large_image\" \/>\n<meta name=\"twitter:label1\" content=\"Ber\u00e4knad l\u00e4stid\" \/>\n\t<meta name=\"twitter:data1\" content=\"3 minuter\" \/>\n<script type=\"application\/ld+json\" class=\"yoast-schema-graph\">{\"@context\":\"https:\/\/schema.org\",\"@graph\":[{\"@type\":\"WebPage\",\"@id\":\"https:\/\/www.akilles.fi\/friidrott\/veckotavlingar-2023-viikkokisat\/\",\"url\":\"https:\/\/www.akilles.fi\/friidrott\/veckotavlingar-2023-viikkokisat\/\",\"name\":\"Veckot\u00e4vlingar 2023 Viikkokisat - Friidrott - Yleisurheilu\",\"isPartOf\":{\"@id\":\"https:\/\/www.akilles.fi\/friidrott\/#website\"},\"datePublished\":\"2023-04-03T16:20:01+00:00\",\"dateModified\":\"2023-06-25T12:09:45+00:00\",\"breadcrumb\":{\"@id\":\"https:\/\/www.akilles.fi\/friidrott\/veckotavlingar-2023-viikkokisat\/#breadcrumb\"},\"inLanguage\":\"sv-SE\",\"potentialAction\":[{\"@type\":\"ReadAction\",\"target\":[\"https:\/\/www.akilles.fi\/friidrott\/veckotavlingar-2023-viikkokisat\/\"]}]},{\"@type\":\"BreadcrumbList\",\"@id\":\"https:\/\/www.akilles.fi\/friidrott\/veckotavlingar-2023-viikkokisat\/#breadcrumb\",\"itemListElement\":[{\"@type\":\"ListItem\",\"position\":1,\"name\":\"Home\",\"item\":\"https:\/\/www.akilles.fi\/friidrott\/\"},{\"@type\":\"ListItem\",\"position\":2,\"name\":\"Veckot\u00e4vlingar 2023 Viikkokisat\"}]},{\"@type\":\"WebSite\",\"@id\":\"https:\/\/www.akilles.fi\/friidrott\/#website\",\"url\":\"https:\/\/www.akilles.fi\/friidrott\/\",\"name\":\"Friidrott - Yleisurheilu\",\"description\":\"Borg\u00e5 Akilles Friidrott- Porvoon Akilles Yleisurheilu\",\"potentialAction\":[{\"@type\":\"SearchAction\",\"target\":{\"@type\":\"EntryPoint\",\"urlTemplate\":\"https:\/\/www.akilles.fi\/friidrott\/?s={search_term_string}\"},\"query-input\":{\"@type\":\"PropertyValueSpecification\",\"valueRequired\":true,\"valueName\":\"search_term_string\"}}],\"inLanguage\":\"sv-SE\"}]}<\/script>\n<!-- \/ Yoast SEO plugin. -->","yoast_head_json":{"title":"Veckot\u00e4vlingar 2023 Viikkokisat - Friidrott - Yleisurheilu","robots":{"index":"index","follow":"follow","max-snippet":"max-snippet:-1","max-image-preview":"max-image-preview:large","max-video-preview":"max-video-preview:-1"},"canonical":"https:\/\/www.akilles.fi\/friidrott\/veckotavlingar-2023-viikkokisat\/","og_locale":"sv_SE","og_type":"article","og_title":"Veckot\u00e4vlingar 2023 Viikkokisat - Friidrott - Yleisurheilu","og_description":"Veckot\u00e4vling 1, onsdag 31.5.2023 kl.18.00 CentralidrottsplanViikkokisa 1, keskiviikko 31.5.2023 klo. 18.00 Keskusurheilukentt\u00e4 Anm\u00e4lning via kilpailukalenteri.fi eller till tr\u00e4narna eller Leif Rikberg leif.rikberg@akilles.fi p\u00e5 fredag 26.5Akilles sk\u00f6ter kansli, l\u00f6pningar (start, eltid) och h\u00f6jd, PU sk\u00f6ter l\u00e4ngd 1, l\u00e4ngd 2, kula, kiosk \u00a0Tidsschema &#8211; Aikataulu \u00a0Resultat &#8211; Tulokset F8 (-15), F9 (-14): 60m, kula T8 (-15), T9 [&hellip;]","og_url":"https:\/\/www.akilles.fi\/friidrott\/veckotavlingar-2023-viikkokisat\/","og_site_name":"Friidrott - Yleisurheilu","article_modified_time":"2023-06-25T12:09:45+00:00","twitter_card":"summary_large_image","twitter_misc":{"Ber\u00e4knad l\u00e4stid":"3 minuter"},"schema":{"@context":"https:\/\/schema.org","@graph":[{"@type":"WebPage","@id":"https:\/\/www.akilles.fi\/friidrott\/veckotavlingar-2023-viikkokisat\/","url":"https:\/\/www.akilles.fi\/friidrott\/veckotavlingar-2023-viikkokisat\/","name":"Veckot\u00e4vlingar 2023 Viikkokisat - Friidrott - Yleisurheilu","isPartOf":{"@id":"https:\/\/www.akilles.fi\/friidrott\/#website"},"datePublished":"2023-04-03T16:20:01+00:00","dateModified":"2023-06-25T12:09:45+00:00","breadcrumb":{"@id":"https:\/\/www.akilles.fi\/friidrott\/veckotavlingar-2023-viikkokisat\/#breadcrumb"},"inLanguage":"sv-SE","potentialAction":[{"@type":"ReadAction","target":["https:\/\/www.akilles.fi\/friidrott\/veckotavlingar-2023-viikkokisat\/"]}]},{"@type":"BreadcrumbList","@id":"https:\/\/www.akilles.fi\/friidrott\/veckotavlingar-2023-viikkokisat\/#breadcrumb","itemListElement":[{"@type":"ListItem","position":1,"name":"Home","item":"https:\/\/www.akilles.fi\/friidrott\/"},{"@type":"ListItem","position":2,"name":"Veckot\u00e4vlingar 2023 Viikkokisat"}]},{"@type":"WebSite","@id":"https:\/\/www.akilles.fi\/friidrott\/#website","url":"https:\/\/www.akilles.fi\/friidrott\/","name":"Friidrott - Yleisurheilu","description":"Borg\u00e5 Akilles Friidrott- Porvoon Akilles Yleisurheilu","potentialAction":[{"@type":"SearchAction","target":{"@type":"EntryPoint","urlTemplate":"https:\/\/www.akilles.fi\/friidrott\/?s={search_term_string}"},"query-input":{"@type":"PropertyValueSpecification","valueRequired":true,"valueName":"search_term_string"}}],"inLanguage":"sv-SE"}]}},"_links":{"self":[{"href":"https:\/\/www.akilles.fi\/friidrott\/wp-json\/wp\/v2\/pages\/17215","targetHints":{"allow":["GET"]}}],"collection":[{"href":"https:\/\/www.akilles.fi\/friidrott\/wp-json\/wp\/v2\/pages"}],"about":[{"href":"https:\/\/www.akilles.fi\/friidrott\/wp-json\/wp\/v2\/types\/page"}],"author":[{"embeddable":true,"href":"https:\/\/www.akilles.fi\/friidrott\/wp-json\/wp\/v2\/users\/3"}],"replies":[{"embeddable":true,"href":"https:\/\/www.akilles.fi\/friidrott\/wp-json\/wp\/v2\/comments?post=17215"}],"version-history":[{"count":39,"href":"https:\/\/www.akilles.fi\/friidrott\/wp-json\/wp\/v2\/pages\/17215\/revisions"}],"predecessor-version":[{"id":18373,"href":"https:\/\/www.akilles.fi\/friidrott\/wp-json\/wp\/v2\/pages\/17215\/revisions\/18373"}],"wp:attachment":[{"href":"https:\/\/www.akilles.fi\/friidrott\/wp-json\/wp\/v2\/media?parent=17215"}],"curies":[{"name":"wp","href":"https:\/\/api.w.org\/{rel}","templated":true}]}}