{"id":17748,"date":"2023-04-24T17:36:40","date_gmt":"2023-04-24T17:36:40","guid":{"rendered":"https:\/\/www.akilles.fi\/friidrott\/?page_id=17748"},"modified":"2023-04-24T18:03:52","modified_gmt":"2023-04-24T18:03:52","slug":"naid-terrang-p-f-9-13-ar-naid-maastot","status":"publish","type":"page","link":"https:\/\/www.akilles.fi\/friidrott\/naid-terrang-p-f-9-13-ar-naid-maastot\/","title":{"rendered":"N\u00c5ID-terr\u00e4ng P\/F- 9-13 \u00e5r &#8211; N\u00c5ID-maastot"},"content":{"rendered":"\t\t<div data-elementor-type=\"wp-page\" data-elementor-id=\"17748\" class=\"elementor elementor-17748\" data-elementor-post-type=\"page\">\n\t\t\t\t\t\t<section class=\"elementor-section elementor-top-section elementor-element elementor-element-48b392f elementor-section-boxed elementor-section-height-default elementor-section-height-default\" data-id=\"48b392f\" data-element_type=\"section\">\n\t\t\t\t\t\t<div class=\"elementor-container elementor-column-gap-default\">\n\t\t\t\t\t<div class=\"elementor-column elementor-col-50 elementor-top-column elementor-element elementor-element-a3c847e\" data-id=\"a3c847e\" data-element_type=\"column\">\n\t\t\t<div class=\"elementor-widget-wrap elementor-element-populated\">\n\t\t\t\t\t\t<div class=\"elementor-element elementor-element-48afae6 elementor-widget elementor-widget-text-editor\" data-id=\"48afae6\" data-element_type=\"widget\" data-widget_type=\"text-editor.default\">\n\t\t\t\t<div class=\"elementor-widget-container\">\n\t\t\t\t\t\t\t\t\t<p>N\u00c5IDM terr\u00e4ng, P\/F 9-13 \u00e5r, Borg\u00e5 l\u00f6rdag 29.4.2023 <br \/>Hammars plan, Planv\u00e4gen 1 (Kentt\u00e4tie 1)<\/p><p><strong>Riktgivande tidsschema<br \/><\/strong>OBS! Klassernas startordning kan \u00e4ndras vid behov beroende p\u00e5 antalet anm\u00e4lda<\/p><p>13.00 P7, F7, 500 m (endast Akilles m\u00e4sterskap)<br \/>13.10 P9, F9, 1,0 km <br \/>13.20 P10, P11 1,5 km <br \/>13.35 F10, F11, 1,5 km <br \/>13.50 P12, P13 2 km <br \/>13.50 F12, F13 2 km<\/p><p>Lagt\u00e4vling med 3 deltagare i alla klasser.<\/p><p>Deltagandet b\u00f6r <strong>bekr\u00e4ftas<\/strong> senast kl. 12.30<\/p><p>Anm\u00e4lningar senast tisdag 25.4.2023: www.kilpailukalenteri.fi <br \/>ANM\u00c4LNINGSAVGIFT: 6,00 \u20ac \/ deltagare inbetalas p\u00e5 Borg\u00e5 Akilles konto Aktia Borg\u00e5 FI78 4050 1040 0196 21. Efteranm\u00e4lning 12,00 \u20ac . (Anm\u00e4lningsavgiften g\u00e4ller ej Akilles deltagare)<br \/>F\u00f6rfr\u00e5gningar: Leif Rikberg 050-1833008<\/p>\t\t\t\t\t\t\t\t<\/div>\n\t\t\t\t<\/div>\n\t\t\t\t\t<\/div>\n\t\t<\/div>\n\t\t\t\t<div class=\"elementor-column elementor-col-50 elementor-top-column elementor-element elementor-element-c62dc4d\" data-id=\"c62dc4d\" data-element_type=\"column\">\n\t\t\t<div class=\"elementor-widget-wrap elementor-element-populated\">\n\t\t\t\t\t\t<div class=\"elementor-element elementor-element-7c7ec73 elementor-widget elementor-widget-text-editor\" data-id=\"7c7ec73\" data-element_type=\"widget\" data-widget_type=\"text-editor.default\">\n\t\t\t\t<div class=\"elementor-widget-container\">\n\t\t\t\t\t\t\t\t\t<p>N\u00c5IDM maastot, P\/T 9-13 \u00e5r, Porvoo lautaina 29.4.2023 <br \/>Hamarin kentt\u00e4, Kentt\u00e4tie 1<\/p><p><strong>Ohjeellinen aikataulu<br \/><\/strong>HUOM! Luokkien l\u00e4ht\u00f6j\u00e4rjestys voi muuttua riipuen osanottajam\u00e4\u00e4rist\u00e4.<strong><br \/><\/strong><\/p><p>13.00 P7, T7, 500 m (vain Akilleen mestaruuskisa)<br \/>13.10 P9, T9, 1,0 km <br \/>13.20 P10, P11 1,5 km <br \/>13.35 T10, T11, 1,5 km <br \/>13.50 P12, P13 2 km <br \/>13.50 T12, T13 2 km<\/p><p>Joukkuekilpailu kolmella osanottajilla kaikissa sarjoissa.<\/p><p>Osanotto on <strong>varmistettava<\/strong> viimeist\u00e4\u00e4n klo. 12.30<\/p><p>Ilmoittautumiset viiimeist\u00e4\u00e4n tiistaina 25.4.2023: www.kilpailukalenteri.fi <br \/>ILMOITTAUTUMISMAKSU: 6,00 \u20ac \/ osanottaja maksetaan Akilles tilille Aktia FI78 4050 1040 0196 21. J\u00e4lki-ilmoittautuminen 12,00 \u20ac . (Osanottomaksu ei koske Akilleksen osanottajia)<br \/>Tiedustelut: Leif Rikberg 050-1833008<\/p>\t\t\t\t\t\t\t\t<\/div>\n\t\t\t\t<\/div>\n\t\t\t\t\t<\/div>\n\t\t<\/div>\n\t\t\t\t\t<\/div>\n\t\t<\/section>\n\t\t\t\t<\/div>\n\t\t","protected":false},"excerpt":{"rendered":"<p>N\u00c5IDM terr\u00e4ng, P\/F 9-13 \u00e5r, Borg\u00e5 l\u00f6rdag 29.4.2023 Hammars plan, Planv\u00e4gen 1 (Kentt\u00e4tie 1) Riktgivande tidsschemaOBS! Klassernas startordning kan \u00e4ndras vid behov beroende p\u00e5 antalet anm\u00e4lda 13.00 P7, F7, 500 m (endast Akilles m\u00e4sterskap)13.10 P9, F9, 1,0 km 13.20 P10, P11 1,5 km 13.35 F10, F11, 1,5 km 13.50 P12, P13 2 km 13.50 F12, [&hellip;]<\/p>\n","protected":false},"author":3,"featured_media":0,"parent":0,"menu_order":0,"comment_status":"closed","ping_status":"closed","template":"","meta":{"_crdt_document":"","footnotes":""},"class_list":["post-17748","page","type-page","status-publish","hentry"],"yoast_head":"<!-- This site is optimized with the Yoast SEO plugin v26.8 - https:\/\/yoast.com\/product\/yoast-seo-wordpress\/ -->\n<title>N\u00c5ID-terr\u00e4ng P\/F- 9-13 \u00e5r - N\u00c5ID-maastot - Friidrott - Yleisurheilu<\/title>\n<meta name=\"robots\" content=\"index, follow, max-snippet:-1, max-image-preview:large, max-video-preview:-1\" \/>\n<link rel=\"canonical\" href=\"https:\/\/www.akilles.fi\/friidrott\/naid-terrang-p-f-9-13-ar-naid-maastot\/\" \/>\n<meta property=\"og:locale\" content=\"sv_SE\" \/>\n<meta property=\"og:type\" content=\"article\" \/>\n<meta property=\"og:title\" content=\"N\u00c5ID-terr\u00e4ng P\/F- 9-13 \u00e5r - N\u00c5ID-maastot - Friidrott - Yleisurheilu\" \/>\n<meta property=\"og:description\" content=\"N\u00c5IDM terr\u00e4ng, P\/F 9-13 \u00e5r, Borg\u00e5 l\u00f6rdag 29.4.2023 Hammars plan, Planv\u00e4gen 1 (Kentt\u00e4tie 1) Riktgivande tidsschemaOBS! Klassernas startordning kan \u00e4ndras vid behov beroende p\u00e5 antalet anm\u00e4lda 13.00 P7, F7, 500 m (endast Akilles m\u00e4sterskap)13.10 P9, F9, 1,0 km 13.20 P10, P11 1,5 km 13.35 F10, F11, 1,5 km 13.50 P12, P13 2 km 13.50 F12, [&hellip;]\" \/>\n<meta property=\"og:url\" content=\"https:\/\/www.akilles.fi\/friidrott\/naid-terrang-p-f-9-13-ar-naid-maastot\/\" \/>\n<meta property=\"og:site_name\" content=\"Friidrott - Yleisurheilu\" \/>\n<meta property=\"article:modified_time\" content=\"2023-04-24T18:03:52+00:00\" \/>\n<meta name=\"twitter:card\" content=\"summary_large_image\" \/>\n<meta name=\"twitter:label1\" content=\"Ber\u00e4knad l\u00e4stid\" \/>\n\t<meta name=\"twitter:data1\" content=\"2 minuter\" \/>\n<script type=\"application\/ld+json\" class=\"yoast-schema-graph\">{\"@context\":\"https:\/\/schema.org\",\"@graph\":[{\"@type\":\"WebPage\",\"@id\":\"https:\/\/www.akilles.fi\/friidrott\/naid-terrang-p-f-9-13-ar-naid-maastot\/\",\"url\":\"https:\/\/www.akilles.fi\/friidrott\/naid-terrang-p-f-9-13-ar-naid-maastot\/\",\"name\":\"N\u00c5ID-terr\u00e4ng P\/F- 9-13 \u00e5r - N\u00c5ID-maastot - Friidrott - Yleisurheilu\",\"isPartOf\":{\"@id\":\"https:\/\/www.akilles.fi\/friidrott\/#website\"},\"datePublished\":\"2023-04-24T17:36:40+00:00\",\"dateModified\":\"2023-04-24T18:03:52+00:00\",\"breadcrumb\":{\"@id\":\"https:\/\/www.akilles.fi\/friidrott\/naid-terrang-p-f-9-13-ar-naid-maastot\/#breadcrumb\"},\"inLanguage\":\"sv-SE\",\"potentialAction\":[{\"@type\":\"ReadAction\",\"target\":[\"https:\/\/www.akilles.fi\/friidrott\/naid-terrang-p-f-9-13-ar-naid-maastot\/\"]}]},{\"@type\":\"BreadcrumbList\",\"@id\":\"https:\/\/www.akilles.fi\/friidrott\/naid-terrang-p-f-9-13-ar-naid-maastot\/#breadcrumb\",\"itemListElement\":[{\"@type\":\"ListItem\",\"position\":1,\"name\":\"Home\",\"item\":\"https:\/\/www.akilles.fi\/friidrott\/\"},{\"@type\":\"ListItem\",\"position\":2,\"name\":\"N\u00c5ID-terr\u00e4ng P\/F- 9-13 \u00e5r &#8211; N\u00c5ID-maastot\"}]},{\"@type\":\"WebSite\",\"@id\":\"https:\/\/www.akilles.fi\/friidrott\/#website\",\"url\":\"https:\/\/www.akilles.fi\/friidrott\/\",\"name\":\"Friidrott - Yleisurheilu\",\"description\":\"Borg\u00e5 Akilles Friidrott- Porvoon Akilles Yleisurheilu\",\"potentialAction\":[{\"@type\":\"SearchAction\",\"target\":{\"@type\":\"EntryPoint\",\"urlTemplate\":\"https:\/\/www.akilles.fi\/friidrott\/?s={search_term_string}\"},\"query-input\":{\"@type\":\"PropertyValueSpecification\",\"valueRequired\":true,\"valueName\":\"search_term_string\"}}],\"inLanguage\":\"sv-SE\"}]}<\/script>\n<!-- \/ Yoast SEO plugin. -->","yoast_head_json":{"title":"N\u00c5ID-terr\u00e4ng P\/F- 9-13 \u00e5r - N\u00c5ID-maastot - Friidrott - Yleisurheilu","robots":{"index":"index","follow":"follow","max-snippet":"max-snippet:-1","max-image-preview":"max-image-preview:large","max-video-preview":"max-video-preview:-1"},"canonical":"https:\/\/www.akilles.fi\/friidrott\/naid-terrang-p-f-9-13-ar-naid-maastot\/","og_locale":"sv_SE","og_type":"article","og_title":"N\u00c5ID-terr\u00e4ng P\/F- 9-13 \u00e5r - N\u00c5ID-maastot - Friidrott - Yleisurheilu","og_description":"N\u00c5IDM terr\u00e4ng, P\/F 9-13 \u00e5r, Borg\u00e5 l\u00f6rdag 29.4.2023 Hammars plan, Planv\u00e4gen 1 (Kentt\u00e4tie 1) Riktgivande tidsschemaOBS! Klassernas startordning kan \u00e4ndras vid behov beroende p\u00e5 antalet anm\u00e4lda 13.00 P7, F7, 500 m (endast Akilles m\u00e4sterskap)13.10 P9, F9, 1,0 km 13.20 P10, P11 1,5 km 13.35 F10, F11, 1,5 km 13.50 P12, P13 2 km 13.50 F12, [&hellip;]","og_url":"https:\/\/www.akilles.fi\/friidrott\/naid-terrang-p-f-9-13-ar-naid-maastot\/","og_site_name":"Friidrott - Yleisurheilu","article_modified_time":"2023-04-24T18:03:52+00:00","twitter_card":"summary_large_image","twitter_misc":{"Ber\u00e4knad l\u00e4stid":"2 minuter"},"schema":{"@context":"https:\/\/schema.org","@graph":[{"@type":"WebPage","@id":"https:\/\/www.akilles.fi\/friidrott\/naid-terrang-p-f-9-13-ar-naid-maastot\/","url":"https:\/\/www.akilles.fi\/friidrott\/naid-terrang-p-f-9-13-ar-naid-maastot\/","name":"N\u00c5ID-terr\u00e4ng P\/F- 9-13 \u00e5r - N\u00c5ID-maastot - Friidrott - Yleisurheilu","isPartOf":{"@id":"https:\/\/www.akilles.fi\/friidrott\/#website"},"datePublished":"2023-04-24T17:36:40+00:00","dateModified":"2023-04-24T18:03:52+00:00","breadcrumb":{"@id":"https:\/\/www.akilles.fi\/friidrott\/naid-terrang-p-f-9-13-ar-naid-maastot\/#breadcrumb"},"inLanguage":"sv-SE","potentialAction":[{"@type":"ReadAction","target":["https:\/\/www.akilles.fi\/friidrott\/naid-terrang-p-f-9-13-ar-naid-maastot\/"]}]},{"@type":"BreadcrumbList","@id":"https:\/\/www.akilles.fi\/friidrott\/naid-terrang-p-f-9-13-ar-naid-maastot\/#breadcrumb","itemListElement":[{"@type":"ListItem","position":1,"name":"Home","item":"https:\/\/www.akilles.fi\/friidrott\/"},{"@type":"ListItem","position":2,"name":"N\u00c5ID-terr\u00e4ng P\/F- 9-13 \u00e5r &#8211; N\u00c5ID-maastot"}]},{"@type":"WebSite","@id":"https:\/\/www.akilles.fi\/friidrott\/#website","url":"https:\/\/www.akilles.fi\/friidrott\/","name":"Friidrott - Yleisurheilu","description":"Borg\u00e5 Akilles Friidrott- Porvoon Akilles Yleisurheilu","potentialAction":[{"@type":"SearchAction","target":{"@type":"EntryPoint","urlTemplate":"https:\/\/www.akilles.fi\/friidrott\/?s={search_term_string}"},"query-input":{"@type":"PropertyValueSpecification","valueRequired":true,"valueName":"search_term_string"}}],"inLanguage":"sv-SE"}]}},"_links":{"self":[{"href":"https:\/\/www.akilles.fi\/friidrott\/wp-json\/wp\/v2\/pages\/17748","targetHints":{"allow":["GET"]}}],"collection":[{"href":"https:\/\/www.akilles.fi\/friidrott\/wp-json\/wp\/v2\/pages"}],"about":[{"href":"https:\/\/www.akilles.fi\/friidrott\/wp-json\/wp\/v2\/types\/page"}],"author":[{"embeddable":true,"href":"https:\/\/www.akilles.fi\/friidrott\/wp-json\/wp\/v2\/users\/3"}],"replies":[{"embeddable":true,"href":"https:\/\/www.akilles.fi\/friidrott\/wp-json\/wp\/v2\/comments?post=17748"}],"version-history":[{"count":28,"href":"https:\/\/www.akilles.fi\/friidrott\/wp-json\/wp\/v2\/pages\/17748\/revisions"}],"predecessor-version":[{"id":17777,"href":"https:\/\/www.akilles.fi\/friidrott\/wp-json\/wp\/v2\/pages\/17748\/revisions\/17777"}],"wp:attachment":[{"href":"https:\/\/www.akilles.fi\/friidrott\/wp-json\/wp\/v2\/media?parent=17748"}],"curies":[{"name":"wp","href":"https:\/\/api.w.org\/{rel}","templated":true}]}}