{"id":23058,"date":"2024-05-01T15:57:55","date_gmt":"2024-05-01T15:57:55","guid":{"rendered":"https:\/\/www.akilles.fi\/friidrott\/?page_id=23058"},"modified":"2026-01-09T08:04:37","modified_gmt":"2026-01-09T08:04:37","slug":"traningsgrupp-harjoitusryhma-2017-2018","status":"publish","type":"page","link":"https:\/\/www.akilles.fi\/friidrott\/traningsgrupp-harjoitusryhma-2017-2018\/","title":{"rendered":"Tr\u00e4ningsgrupp &#8211; Harjoitusryhm\u00e4 2017-2020"},"content":{"rendered":"\t\t<div data-elementor-type=\"wp-post\" data-elementor-id=\"23058\" class=\"elementor elementor-23058\" data-elementor-post-type=\"page\">\n\t\t\t\t\t\t<section class=\"elementor-section elementor-top-section elementor-element elementor-element-74bf1b0 elementor-section-boxed elementor-section-height-default elementor-section-height-default\" data-id=\"74bf1b0\" data-element_type=\"section\">\n\t\t\t\t\t\t<div class=\"elementor-container elementor-column-gap-default\">\n\t\t\t\t\t<div class=\"elementor-column elementor-col-50 elementor-top-column elementor-element elementor-element-a3215c3\" data-id=\"a3215c3\" data-element_type=\"column\">\n\t\t\t<div class=\"elementor-widget-wrap elementor-element-populated\">\n\t\t\t\t\t\t<div class=\"elementor-element elementor-element-b634d94 elementor-widget elementor-widget-text-editor\" data-id=\"b634d94\" data-element_type=\"widget\" data-widget_type=\"text-editor.default\">\n\t\t\t\t<div class=\"elementor-widget-container\">\n\t\t\t\t\t\t\t\t\t<p>Flickor<strong> och pojkar f\u00f6dda 2017-2020<\/strong><\/p><p>Tr\u00e4nare &#8211; Ohjaajat: Charlotta Collett, charlotta.collett(a)gmail.com, 040-7338871, Sara Puustinen 040-8418508<\/p><table border=\"1\" width=\"487\" cellspacing=\"1\" cellpadding=\"1\"><tbody><tr style=\"background-color: green; color: white;\"><td colspan=\"4\"><b><strong>Tr\u00e4ningsturer &#8211; Harjoitusvuorot<br \/><\/strong><\/b><\/td><\/tr><tr><td>Kokonhallen\/<br \/>Kokonhalli<\/td><td>M\u00e5ndag\/\u00a0<br \/>Maanantai<\/td><td><span style=\"color: #222222;\"> 17.00-18.00<\/span><\/td><td><span style=\"color: #222222;\"> f. 2017-2020<br \/>Charlotta<\/span><span style=\"color: #222222;\"><br \/><\/span><\/td><\/tr><tr><td>Kokonhallen\/<br \/>Kokonhalli<\/td><td>S\u00f6ndag\/\u00a0<br \/>Sunnuntai<\/td><td>13.30-14.30<\/td><td><span style=\"color: #222222;\"> f. 2017-2020<br \/><\/span><span style=\"color: #222222;\">Sara<\/span><\/td><\/tr><tr><td colspan=\"4\"><p><span style=\"color: #222222;\"><b><span style=\"color: #ff0000;\"><strong>OBS! <span style=\"color: #000000;\">Vi beh\u00f6ver flera tr\u00e4nare\/ledare i denna grupp.<br \/><\/span><\/strong><\/span>Nya flickor och pojkar <\/b>kan anm\u00e4la sig under tr\u00e4ningarna, eller genom att fylla i sina uppgifter p\u00e5 MyClub: https:\/\/akilles.myclub.fi\/login<b><\/b><\/span><\/p><p><span style=\"color: #0000ff;\"><strong>HUOM<\/strong>!<\/span> Tarvitsemme lis\u00e4\u00e4 ohjaajia\/vet\u00e4ji\u00e4 t\u00e4h\u00e4n ryhm\u00e4\u00e4n.<br \/><strong>Uusia poikia ja tytt\u00f6j\u00e4<\/strong> voivat ilmoittautua harjoitusten yhteydess\u00e4, tai t\u00e4ytt\u00e4m\u00e4ll\u00e4 omat tiedot MyClubiin: https:\/\/akilles.myclub.fi\/login\u00a0<\/p><\/td><\/tr><\/tbody><\/table><div style=\"border: 0px solid black; overflow: auto; height: 500px; width: auto; color: red; background-color: white;\">\u00a0<\/div><p>Kokonhallen\/<br \/>Kokonhalli<\/p>\t\t\t\t\t\t\t\t<\/div>\n\t\t\t\t<\/div>\n\t\t\t\t\t<\/div>\n\t\t<\/div>\n\t\t\t\t<div class=\"elementor-column elementor-col-50 elementor-top-column elementor-element elementor-element-9319ab1\" data-id=\"9319ab1\" data-element_type=\"column\">\n\t\t\t<div class=\"elementor-widget-wrap elementor-element-populated\">\n\t\t\t\t\t\t<div class=\"elementor-element elementor-element-596d038 elementor-widget elementor-widget-text-editor\" data-id=\"596d038\" data-element_type=\"widget\" data-widget_type=\"text-editor.default\">\n\t\t\t\t<div class=\"elementor-widget-container\">\n\t\t\t\t\t\t\t\t\t<p><!-- myClub embed JS - start --><\/p><div class=\"myclub-embed\" data-url=\"https:\/\/akilles.myclub.fi\/groups\/76654\/event_embeds\/33833?token=957111476b4ab6422c25478fb97b75c05b1d9da1\">\u00a0<\/div><p><script>(function(d, s, id) { var js, mjs = d.getElementsByTagName(s)[0]; if (d.getElementById(id)) return; js = d.createElement(s); js.id = id; js.async = true; js.src = \"https:\/\/d2ubdm6yoox6gh.cloudfront.net\/assets\/myclub-embed.js\"; mjs.parentNode.insertBefore(js, mjs); }(document, 'script', 'myclub-embed-js'));<\/script><br \/><!-- myClub embed JS - end --><\/p>\t\t\t\t\t\t\t\t<\/div>\n\t\t\t\t<\/div>\n\t\t\t\t\t<\/div>\n\t\t<\/div>\n\t\t\t\t\t<\/div>\n\t\t<\/section>\n\t\t\t\t<\/div>\n\t\t","protected":false},"excerpt":{"rendered":"<p>Flickor och pojkar f\u00f6dda 2017-2020 Tr\u00e4nare &#8211; Ohjaajat: Charlotta Collett, charlotta.collett(a)gmail.com, 040-7338871, Sara Puustinen 040-8418508 Tr\u00e4ningsturer &#8211; Harjoitusvuorot Kokonhallen\/Kokonhalli M\u00e5ndag\/\u00a0Maanantai 17.00-18.00 f. 2017-2020Charlotta Kokonhallen\/Kokonhalli S\u00f6ndag\/\u00a0Sunnuntai 13.30-14.30 f. 2017-2020Sara OBS! Vi beh\u00f6ver flera tr\u00e4nare\/ledare i denna grupp.Nya flickor och pojkar kan anm\u00e4la sig under tr\u00e4ningarna, eller genom att fylla i sina uppgifter p\u00e5 MyClub: https:\/\/akilles.myclub.fi\/login HUOM! [&hellip;]<\/p>\n","protected":false},"author":3,"featured_media":0,"parent":0,"menu_order":0,"comment_status":"closed","ping_status":"closed","template":"","meta":{"_crdt_document":"","footnotes":""},"class_list":["post-23058","page","type-page","status-publish","hentry"],"yoast_head":"<!-- This site is optimized with the Yoast SEO plugin v26.8 - https:\/\/yoast.com\/product\/yoast-seo-wordpress\/ -->\n<title>Tr\u00e4ningsgrupp - Harjoitusryhm\u00e4 2017-2020 - Friidrott - Yleisurheilu<\/title>\n<meta name=\"robots\" content=\"index, follow, max-snippet:-1, max-image-preview:large, max-video-preview:-1\" \/>\n<link rel=\"canonical\" href=\"https:\/\/www.akilles.fi\/friidrott\/traningsgrupp-harjoitusryhma-2017-2018\/\" \/>\n<meta property=\"og:locale\" content=\"sv_SE\" \/>\n<meta property=\"og:type\" content=\"article\" \/>\n<meta property=\"og:title\" content=\"Tr\u00e4ningsgrupp - Harjoitusryhm\u00e4 2017-2020 - Friidrott - Yleisurheilu\" \/>\n<meta property=\"og:description\" content=\"Flickor och pojkar f\u00f6dda 2017-2020 Tr\u00e4nare &#8211; Ohjaajat: Charlotta Collett, charlotta.collett(a)gmail.com, 040-7338871, Sara Puustinen 040-8418508 Tr\u00e4ningsturer &#8211; Harjoitusvuorot Kokonhallen\/Kokonhalli M\u00e5ndag\/\u00a0Maanantai 17.00-18.00 f. 2017-2020Charlotta Kokonhallen\/Kokonhalli S\u00f6ndag\/\u00a0Sunnuntai 13.30-14.30 f. 2017-2020Sara OBS! Vi beh\u00f6ver flera tr\u00e4nare\/ledare i denna grupp.Nya flickor och pojkar kan anm\u00e4la sig under tr\u00e4ningarna, eller genom att fylla i sina uppgifter p\u00e5 MyClub: https:\/\/akilles.myclub.fi\/login HUOM! [&hellip;]\" \/>\n<meta property=\"og:url\" content=\"https:\/\/www.akilles.fi\/friidrott\/traningsgrupp-harjoitusryhma-2017-2018\/\" \/>\n<meta property=\"og:site_name\" content=\"Friidrott - Yleisurheilu\" \/>\n<meta property=\"article:modified_time\" content=\"2026-01-09T08:04:37+00:00\" \/>\n<meta name=\"twitter:card\" content=\"summary_large_image\" \/>\n<meta name=\"twitter:label1\" content=\"Ber\u00e4knad l\u00e4stid\" \/>\n\t<meta name=\"twitter:data1\" content=\"1 minut\" \/>\n<script type=\"application\/ld+json\" class=\"yoast-schema-graph\">{\"@context\":\"https:\/\/schema.org\",\"@graph\":[{\"@type\":\"WebPage\",\"@id\":\"https:\/\/www.akilles.fi\/friidrott\/traningsgrupp-harjoitusryhma-2017-2018\/\",\"url\":\"https:\/\/www.akilles.fi\/friidrott\/traningsgrupp-harjoitusryhma-2017-2018\/\",\"name\":\"Tr\u00e4ningsgrupp - Harjoitusryhm\u00e4 2017-2020 - Friidrott - Yleisurheilu\",\"isPartOf\":{\"@id\":\"https:\/\/www.akilles.fi\/friidrott\/#website\"},\"datePublished\":\"2024-05-01T15:57:55+00:00\",\"dateModified\":\"2026-01-09T08:04:37+00:00\",\"breadcrumb\":{\"@id\":\"https:\/\/www.akilles.fi\/friidrott\/traningsgrupp-harjoitusryhma-2017-2018\/#breadcrumb\"},\"inLanguage\":\"sv-SE\",\"potentialAction\":[{\"@type\":\"ReadAction\",\"target\":[\"https:\/\/www.akilles.fi\/friidrott\/traningsgrupp-harjoitusryhma-2017-2018\/\"]}]},{\"@type\":\"BreadcrumbList\",\"@id\":\"https:\/\/www.akilles.fi\/friidrott\/traningsgrupp-harjoitusryhma-2017-2018\/#breadcrumb\",\"itemListElement\":[{\"@type\":\"ListItem\",\"position\":1,\"name\":\"Home\",\"item\":\"https:\/\/www.akilles.fi\/friidrott\/\"},{\"@type\":\"ListItem\",\"position\":2,\"name\":\"Tr\u00e4ningsgrupp &#8211; Harjoitusryhm\u00e4 2017-2020\"}]},{\"@type\":\"WebSite\",\"@id\":\"https:\/\/www.akilles.fi\/friidrott\/#website\",\"url\":\"https:\/\/www.akilles.fi\/friidrott\/\",\"name\":\"Friidrott - Yleisurheilu\",\"description\":\"Borg\u00e5 Akilles Friidrott- Porvoon Akilles Yleisurheilu\",\"potentialAction\":[{\"@type\":\"SearchAction\",\"target\":{\"@type\":\"EntryPoint\",\"urlTemplate\":\"https:\/\/www.akilles.fi\/friidrott\/?s={search_term_string}\"},\"query-input\":{\"@type\":\"PropertyValueSpecification\",\"valueRequired\":true,\"valueName\":\"search_term_string\"}}],\"inLanguage\":\"sv-SE\"}]}<\/script>\n<!-- \/ Yoast SEO plugin. -->","yoast_head_json":{"title":"Tr\u00e4ningsgrupp - Harjoitusryhm\u00e4 2017-2020 - Friidrott - Yleisurheilu","robots":{"index":"index","follow":"follow","max-snippet":"max-snippet:-1","max-image-preview":"max-image-preview:large","max-video-preview":"max-video-preview:-1"},"canonical":"https:\/\/www.akilles.fi\/friidrott\/traningsgrupp-harjoitusryhma-2017-2018\/","og_locale":"sv_SE","og_type":"article","og_title":"Tr\u00e4ningsgrupp - Harjoitusryhm\u00e4 2017-2020 - Friidrott - Yleisurheilu","og_description":"Flickor och pojkar f\u00f6dda 2017-2020 Tr\u00e4nare &#8211; Ohjaajat: Charlotta Collett, charlotta.collett(a)gmail.com, 040-7338871, Sara Puustinen 040-8418508 Tr\u00e4ningsturer &#8211; Harjoitusvuorot Kokonhallen\/Kokonhalli M\u00e5ndag\/\u00a0Maanantai 17.00-18.00 f. 2017-2020Charlotta Kokonhallen\/Kokonhalli S\u00f6ndag\/\u00a0Sunnuntai 13.30-14.30 f. 2017-2020Sara OBS! Vi beh\u00f6ver flera tr\u00e4nare\/ledare i denna grupp.Nya flickor och pojkar kan anm\u00e4la sig under tr\u00e4ningarna, eller genom att fylla i sina uppgifter p\u00e5 MyClub: https:\/\/akilles.myclub.fi\/login HUOM! [&hellip;]","og_url":"https:\/\/www.akilles.fi\/friidrott\/traningsgrupp-harjoitusryhma-2017-2018\/","og_site_name":"Friidrott - Yleisurheilu","article_modified_time":"2026-01-09T08:04:37+00:00","twitter_card":"summary_large_image","twitter_misc":{"Ber\u00e4knad l\u00e4stid":"1 minut"},"schema":{"@context":"https:\/\/schema.org","@graph":[{"@type":"WebPage","@id":"https:\/\/www.akilles.fi\/friidrott\/traningsgrupp-harjoitusryhma-2017-2018\/","url":"https:\/\/www.akilles.fi\/friidrott\/traningsgrupp-harjoitusryhma-2017-2018\/","name":"Tr\u00e4ningsgrupp - Harjoitusryhm\u00e4 2017-2020 - Friidrott - Yleisurheilu","isPartOf":{"@id":"https:\/\/www.akilles.fi\/friidrott\/#website"},"datePublished":"2024-05-01T15:57:55+00:00","dateModified":"2026-01-09T08:04:37+00:00","breadcrumb":{"@id":"https:\/\/www.akilles.fi\/friidrott\/traningsgrupp-harjoitusryhma-2017-2018\/#breadcrumb"},"inLanguage":"sv-SE","potentialAction":[{"@type":"ReadAction","target":["https:\/\/www.akilles.fi\/friidrott\/traningsgrupp-harjoitusryhma-2017-2018\/"]}]},{"@type":"BreadcrumbList","@id":"https:\/\/www.akilles.fi\/friidrott\/traningsgrupp-harjoitusryhma-2017-2018\/#breadcrumb","itemListElement":[{"@type":"ListItem","position":1,"name":"Home","item":"https:\/\/www.akilles.fi\/friidrott\/"},{"@type":"ListItem","position":2,"name":"Tr\u00e4ningsgrupp &#8211; Harjoitusryhm\u00e4 2017-2020"}]},{"@type":"WebSite","@id":"https:\/\/www.akilles.fi\/friidrott\/#website","url":"https:\/\/www.akilles.fi\/friidrott\/","name":"Friidrott - Yleisurheilu","description":"Borg\u00e5 Akilles Friidrott- Porvoon Akilles Yleisurheilu","potentialAction":[{"@type":"SearchAction","target":{"@type":"EntryPoint","urlTemplate":"https:\/\/www.akilles.fi\/friidrott\/?s={search_term_string}"},"query-input":{"@type":"PropertyValueSpecification","valueRequired":true,"valueName":"search_term_string"}}],"inLanguage":"sv-SE"}]}},"_links":{"self":[{"href":"https:\/\/www.akilles.fi\/friidrott\/wp-json\/wp\/v2\/pages\/23058","targetHints":{"allow":["GET"]}}],"collection":[{"href":"https:\/\/www.akilles.fi\/friidrott\/wp-json\/wp\/v2\/pages"}],"about":[{"href":"https:\/\/www.akilles.fi\/friidrott\/wp-json\/wp\/v2\/types\/page"}],"author":[{"embeddable":true,"href":"https:\/\/www.akilles.fi\/friidrott\/wp-json\/wp\/v2\/users\/3"}],"replies":[{"embeddable":true,"href":"https:\/\/www.akilles.fi\/friidrott\/wp-json\/wp\/v2\/comments?post=23058"}],"version-history":[{"count":42,"href":"https:\/\/www.akilles.fi\/friidrott\/wp-json\/wp\/v2\/pages\/23058\/revisions"}],"predecessor-version":[{"id":29176,"href":"https:\/\/www.akilles.fi\/friidrott\/wp-json\/wp\/v2\/pages\/23058\/revisions\/29176"}],"wp:attachment":[{"href":"https:\/\/www.akilles.fi\/friidrott\/wp-json\/wp\/v2\/media?parent=23058"}],"curies":[{"name":"wp","href":"https:\/\/api.w.org\/{rel}","templated":true}]}}