{"id":23940,"date":"2024-06-22T07:38:25","date_gmt":"2024-06-22T07:38:25","guid":{"rendered":"https:\/\/www.akilles.fi\/friidrott\/?page_id=23940"},"modified":"2024-09-30T14:20:47","modified_gmt":"2024-09-30T14:20:47","slug":"borga-slaggtavlingar-2024-porvoon-moukarikisat","status":"publish","type":"page","link":"https:\/\/www.akilles.fi\/friidrott\/borga-slaggtavlingar-2024-porvoon-moukarikisat\/","title":{"rendered":"Borg\u00e5 Sl\u00e4ggt\u00e4vlingar 2024 &#8211; Porvoon Moukarikisat"},"content":{"rendered":"\t\t<div data-elementor-type=\"wp-page\" data-elementor-id=\"23940\" class=\"elementor elementor-23940\" data-elementor-post-type=\"page\">\n\t\t\t\t\t\t<section class=\"elementor-section elementor-top-section elementor-element elementor-element-4da4af3 elementor-section-boxed elementor-section-height-default elementor-section-height-default\" data-id=\"4da4af3\" data-element_type=\"section\">\n\t\t\t\t\t\t<div class=\"elementor-container elementor-column-gap-default\">\n\t\t\t\t\t<div class=\"elementor-column elementor-col-33 elementor-top-column elementor-element elementor-element-ff050ce\" data-id=\"ff050ce\" data-element_type=\"column\">\n\t\t\t<div class=\"elementor-widget-wrap elementor-element-populated\">\n\t\t\t\t\t\t<div class=\"elementor-element elementor-element-11b4901 elementor-widget elementor-widget-text-editor\" data-id=\"11b4901\" data-element_type=\"widget\" data-widget_type=\"text-editor.default\">\n\t\t\t\t<div class=\"elementor-widget-container\">\n\t\t\t\t\t\t\t\t\t<p><strong>Porvoon moukarikisa- Borg\u00e5 sl\u00e4ggt\u00e4vling<\/strong><br \/>Borg\u00e5 Akilles 17.06.2024 Borgbackens kastplan<\/p><p>M Moukari<br \/>1) Marco Kammer HIFK 69,63 <br \/>x 66,22 x 68,10 68,18 69,63 &#8217;<br \/>2) Kimi Rinnekari NurmijYU 62,21 <br \/>x 62,21 x x x x <br \/>3) Samuel Puustinen Borg\u00e5Ak 55,25 <br \/>x x 55,25 51,77 x x<\/p><p>M19 Moukari<br \/>1) Sakari M\u00e4kel\u00e4 LahdA 51,19 <br \/>x x x 51,19 x 48,75<\/p><p>M17 Moukari<br \/>1) Jimi Sorvari Borg\u00e5Ak 49,76 <br \/>48,75 x 48,87 x 47,76 49,76 <br \/>2) Albert Isaksson Borg\u00e5Ak 41,17 <br \/>40,34 x 38,28 x 41,17 40,28<\/p><p>P15 Moukari<br \/>1) Aleksei Vikulov Borg\u00e5Ak 38,91 <br \/>x 34,30 38,91 x x x <br \/>2) Vilho Rasi KarhU 38,88 <br \/>x 32,37 37,37 38,88 x x <br \/>3) Eetu Tilander KU-58 32,90 <br \/>x x x 32,90 x x <br \/>4) Tobias Isaksson Borg\u00e5Ak 17,70 <br \/>16,68 17,10 17,70 x 17,39 x<\/p><p>N Moukari<br \/>1) Tiina Rinnekari NurmijYU 61,76 <br \/>61,45 61,76 x 58,49 x x <br \/>2) Andrea \u00d6sterman HIFK 57,56 <br \/>54,02 55,83 57,56 &#8211; 54,83 54,24 <br \/>3) Emmi Malo LopU 54,40 <br \/>52,69 x 54,40 x x 51,11 <br \/>Sara Puustinen Borg\u00e5Ak NM <br \/>x x x x x x<\/p><p>N19 Moukari<br \/>1) Melina Lundqvist Borg\u00e5Ak 46,50 <br \/>x x 45,19 46,50 x x <br \/>2) Tara Hatakka VantSa 44,63 <br \/>x x x x x 44,63<\/p><p>N17 Moukari<br \/>1) Oona Korhonen NurmijYU 54,83 <br \/>54,83 x 50,18 49,79 x x <br \/>2) Neea Lanki VehkVei 31,50 <br \/>31,50 x x x x 29,78<\/p><p>T15 Moukari<br \/>1) Ada Myrtenblad PorvU 32,04 <br \/>x 24,05 29,93 x 32,04 x <br \/>2) Ingrid Ahlfors Borg\u00e5Ak 26,43 <br \/>21,91 24,10 26,43 22,03 25,58 25,76<\/p><p>T13 Moukari<br \/>1) Hilla Santalahti Borg\u00e5Ak 25,32 <br \/>x 21,19 25,01 25,32 x 23,79 <br \/>2) Aamu Santalahti Borg\u00e5Ak 23,14 <br \/>21,62 21,97 23,14 20,00 21,92 22,65 <br \/>3) Elin Nyholm Borg\u00e5Ak 20,83 <br \/>19,59 20,83 17,46 19,68 16,78 18,17 <br \/>4) Lina Olsson Borg\u00e5Ak 11,26 <br \/>x 10,44 9,87 9,83 10,26 11,26<\/p>\t\t\t\t\t\t\t\t<\/div>\n\t\t\t\t<\/div>\n\t\t\t\t\t<\/div>\n\t\t<\/div>\n\t\t\t\t<div class=\"elementor-column elementor-col-33 elementor-top-column elementor-element elementor-element-89a05ba\" data-id=\"89a05ba\" data-element_type=\"column\">\n\t\t\t<div class=\"elementor-widget-wrap elementor-element-populated\">\n\t\t\t\t\t\t<div class=\"elementor-element elementor-element-3a235a0 elementor-widget elementor-widget-text-editor\" data-id=\"3a235a0\" data-element_type=\"widget\" data-widget_type=\"text-editor.default\">\n\t\t\t\t<div class=\"elementor-widget-container\">\n\t\t\t\t\t\t\t\t\t<p><strong>Borg\u00e5 h\u00f6stkast i sl\u00e4gga &#8211; Porvoon syysmoukari<br \/><\/strong>Borg\u00e5 Akilles 6.9.2024 Borgbackens kastplan<strong><br \/><\/strong><\/p><p>M19 Moukari<br \/>1) Sakari M\u00e4kel\u00e4 LahdA 52,06 <br \/>51,36 50,21 x x 52,06 x<\/p><p>M17 Moukari<br \/>1) Jimi Sorvari Borg\u00e5Ak 54,19 <br \/>x 53,69 x 52,78 54,19 50,85 <br \/>2) Albert Isaksson Borg\u00e5Ak 42,78 <br \/>42,78 x x 41,77 x 40,65<\/p><p>P15 Moukari<br \/>1) Oiva Matikainen EspTa 53,16 <br \/>x x x x 53,16 x<\/p><p>P13 Moukari<br \/>1) Vili Romppanen RiihimKi 27,32 <br \/>x 25,65 27,32<\/p><p>P11 Moukari<br \/>1) Emil Puhakka KarhKa 23,57 <br \/>23,57 x 22,15 x <br \/>2) Tomas Lehtim\u00e4ki RiihimKi 22,69 <br \/>22,69 x x 21,26 <br \/>3) Elmo Kempas ViipU 18,06 <br \/>x 13,78 15,04 18,06 <br \/>4) Elvin Skog Borg\u00e5Ak 17,32 <br \/>15,82 17,32 x x <br \/>5) Oscar Wikgren Borg\u00e5Ak 15,64 <br \/>x 13,34 15,64 13,76 <br \/>6) Axel Latvala Borg\u00e5Ak 13,78 <br \/>11,18 11,60 13,34 13,78 <br \/>7) Noah Suoniemi Borg\u00e5Ak 13,17 <br \/>12,12 x 13,17 x<\/p><p>N Moukari<br \/>1) Andrea \u00d6sterman HIFK 55,56 <br \/>x 54,63 55,18 54,37 55,05 55,56 <br \/>2) Emmi Malo LopU 52,60 <br \/>49,98 x 51,19 51,03 x 52,60 <br \/>3) Sara Puustinen Borg\u00e5Ak 42,33 <br \/>39,90 x x x 39,81 42,33<\/p><p>N19 Moukari<br \/>1) Tara Hatakka VantSa 46,05 <br \/>46,05 x 44,36 x 45,86 x <br \/>2) Charlotte Knape IFSibboV 41,19 <br \/>40,37 39,71 x 41,05 41,19 x <br \/>Melina Lundqvist Borg\u00e5Ak NM <br \/>x x x x x x<\/p><p>T15 Moukari<br \/>1) Emma Valkila HKV 52,56 <br \/>47,31 52,56 x x <br \/>2) Charlotte Knape IFSibboV 48,15 <br \/>48,15 47,28 46,81 44,62 <br \/>3) Hilma Rauhasalo KarhKa 36,50 <br \/>x 32,24 x 36,50 <br \/>4) Ada Niemel\u00e4inen KarhU 35,94 <br \/>35,94 x 34,54 34,83 <br \/>5) Ada Myrtenblad PorvU 34,80 <br \/>31,22 34,80 33,11 33,12<\/p><p>T13 Moukari<br \/>1) Ada Puhakka KarhKa 45,82 <br \/>44,05 45,82 44,35 x <br \/>2) Hilla Santalahti Borg\u00e5Ak 24,78 <br \/>24,03 23,60 24,78 22,77 <br \/>3) Meeri Saha KU-58 23,72 <br \/>x 19,05 23,72 x <br \/>4) Seela Kukkala HIFK 18,44 <br \/>16,69 15,56 17,88 18,44 <br \/>5) Salme Haapala KU-58 10,42 <br \/>x 10,42 10,33 9,98<\/p><p>T11 Moukari<br \/>1) Aamu Santalahti Borg\u00e5Ak 21,62 <br \/>21,62 x 17,25 16,56 <br \/>2) Emilia Kiiski KarhKa 18,36 <br \/>14,96 16,23 18,36 x <br \/>3) Lina Olsson Borg\u00e5Ak 13,62 <br \/>13,11 13,62 13,03 x <br \/>4) Line Grefberg Borg\u00e5Ak 12,26 <br \/>8,59 12,26 10,09 x <br \/>5) Linn Andersson Borg\u00e5Ak 12,06 <br \/>12,06 11,82 11,23 11,14 <br \/>6) Emilia Wikgren Borg\u00e5Ak 11,61 <br \/>11,61 8,58 10,10 8,21<\/p><p><strong>\u00a0<\/strong><\/p>\t\t\t\t\t\t\t\t<\/div>\n\t\t\t\t<\/div>\n\t\t\t\t\t<\/div>\n\t\t<\/div>\n\t\t\t\t<div class=\"elementor-column elementor-col-33 elementor-top-column elementor-element elementor-element-7e04d70\" data-id=\"7e04d70\" data-element_type=\"column\">\n\t\t\t<div class=\"elementor-widget-wrap elementor-element-populated\">\n\t\t\t\t\t\t\t<\/div>\n\t\t<\/div>\n\t\t\t\t\t<\/div>\n\t\t<\/section>\n\t\t\t\t<\/div>\n\t\t","protected":false},"excerpt":{"rendered":"<p>Porvoon moukarikisa- Borg\u00e5 sl\u00e4ggt\u00e4vlingBorg\u00e5 Akilles 17.06.2024 Borgbackens kastplan M Moukari1) Marco Kammer HIFK 69,63 x 66,22 x 68,10 68,18 69,63 &#8217;2) Kimi Rinnekari NurmijYU 62,21 x 62,21 x x x x 3) Samuel Puustinen Borg\u00e5Ak 55,25 x x 55,25 51,77 x x M19 Moukari1) Sakari M\u00e4kel\u00e4 LahdA 51,19 x x x 51,19 x 48,75 M17 [&hellip;]<\/p>\n","protected":false},"author":3,"featured_media":0,"parent":0,"menu_order":0,"comment_status":"closed","ping_status":"closed","template":"","meta":{"_crdt_document":"","footnotes":""},"class_list":["post-23940","page","type-page","status-publish","hentry"],"yoast_head":"<!-- This site is optimized with the Yoast SEO plugin v26.8 - https:\/\/yoast.com\/product\/yoast-seo-wordpress\/ -->\n<title>Borg\u00e5 Sl\u00e4ggt\u00e4vlingar 2024 - Porvoon Moukarikisat - Friidrott - Yleisurheilu<\/title>\n<meta name=\"robots\" content=\"index, follow, max-snippet:-1, max-image-preview:large, max-video-preview:-1\" \/>\n<link rel=\"canonical\" href=\"https:\/\/www.akilles.fi\/friidrott\/borga-slaggtavlingar-2024-porvoon-moukarikisat\/\" \/>\n<meta property=\"og:locale\" content=\"sv_SE\" \/>\n<meta property=\"og:type\" content=\"article\" \/>\n<meta property=\"og:title\" content=\"Borg\u00e5 Sl\u00e4ggt\u00e4vlingar 2024 - Porvoon Moukarikisat - Friidrott - Yleisurheilu\" \/>\n<meta property=\"og:description\" content=\"Porvoon moukarikisa- Borg\u00e5 sl\u00e4ggt\u00e4vlingBorg\u00e5 Akilles 17.06.2024 Borgbackens kastplan M Moukari1) Marco Kammer HIFK 69,63 x 66,22 x 68,10 68,18 69,63 &#8217;2) Kimi Rinnekari NurmijYU 62,21 x 62,21 x x x x 3) Samuel Puustinen Borg\u00e5Ak 55,25 x x 55,25 51,77 x x M19 Moukari1) Sakari M\u00e4kel\u00e4 LahdA 51,19 x x x 51,19 x 48,75 M17 [&hellip;]\" \/>\n<meta property=\"og:url\" content=\"https:\/\/www.akilles.fi\/friidrott\/borga-slaggtavlingar-2024-porvoon-moukarikisat\/\" \/>\n<meta property=\"og:site_name\" content=\"Friidrott - Yleisurheilu\" \/>\n<meta property=\"article:modified_time\" content=\"2024-09-30T14:20:47+00:00\" \/>\n<meta name=\"twitter:card\" content=\"summary_large_image\" \/>\n<meta name=\"twitter:label1\" content=\"Ber\u00e4knad l\u00e4stid\" \/>\n\t<meta name=\"twitter:data1\" content=\"4 minuter\" \/>\n<script type=\"application\/ld+json\" class=\"yoast-schema-graph\">{\"@context\":\"https:\/\/schema.org\",\"@graph\":[{\"@type\":\"WebPage\",\"@id\":\"https:\/\/www.akilles.fi\/friidrott\/borga-slaggtavlingar-2024-porvoon-moukarikisat\/\",\"url\":\"https:\/\/www.akilles.fi\/friidrott\/borga-slaggtavlingar-2024-porvoon-moukarikisat\/\",\"name\":\"Borg\u00e5 Sl\u00e4ggt\u00e4vlingar 2024 - Porvoon Moukarikisat - Friidrott - Yleisurheilu\",\"isPartOf\":{\"@id\":\"https:\/\/www.akilles.fi\/friidrott\/#website\"},\"datePublished\":\"2024-06-22T07:38:25+00:00\",\"dateModified\":\"2024-09-30T14:20:47+00:00\",\"breadcrumb\":{\"@id\":\"https:\/\/www.akilles.fi\/friidrott\/borga-slaggtavlingar-2024-porvoon-moukarikisat\/#breadcrumb\"},\"inLanguage\":\"sv-SE\",\"potentialAction\":[{\"@type\":\"ReadAction\",\"target\":[\"https:\/\/www.akilles.fi\/friidrott\/borga-slaggtavlingar-2024-porvoon-moukarikisat\/\"]}]},{\"@type\":\"BreadcrumbList\",\"@id\":\"https:\/\/www.akilles.fi\/friidrott\/borga-slaggtavlingar-2024-porvoon-moukarikisat\/#breadcrumb\",\"itemListElement\":[{\"@type\":\"ListItem\",\"position\":1,\"name\":\"Home\",\"item\":\"https:\/\/www.akilles.fi\/friidrott\/\"},{\"@type\":\"ListItem\",\"position\":2,\"name\":\"Borg\u00e5 Sl\u00e4ggt\u00e4vlingar 2024 &#8211; Porvoon Moukarikisat\"}]},{\"@type\":\"WebSite\",\"@id\":\"https:\/\/www.akilles.fi\/friidrott\/#website\",\"url\":\"https:\/\/www.akilles.fi\/friidrott\/\",\"name\":\"Friidrott - Yleisurheilu\",\"description\":\"Borg\u00e5 Akilles Friidrott- Porvoon Akilles Yleisurheilu\",\"potentialAction\":[{\"@type\":\"SearchAction\",\"target\":{\"@type\":\"EntryPoint\",\"urlTemplate\":\"https:\/\/www.akilles.fi\/friidrott\/?s={search_term_string}\"},\"query-input\":{\"@type\":\"PropertyValueSpecification\",\"valueRequired\":true,\"valueName\":\"search_term_string\"}}],\"inLanguage\":\"sv-SE\"}]}<\/script>\n<!-- \/ Yoast SEO plugin. -->","yoast_head_json":{"title":"Borg\u00e5 Sl\u00e4ggt\u00e4vlingar 2024 - Porvoon Moukarikisat - Friidrott - Yleisurheilu","robots":{"index":"index","follow":"follow","max-snippet":"max-snippet:-1","max-image-preview":"max-image-preview:large","max-video-preview":"max-video-preview:-1"},"canonical":"https:\/\/www.akilles.fi\/friidrott\/borga-slaggtavlingar-2024-porvoon-moukarikisat\/","og_locale":"sv_SE","og_type":"article","og_title":"Borg\u00e5 Sl\u00e4ggt\u00e4vlingar 2024 - Porvoon Moukarikisat - Friidrott - Yleisurheilu","og_description":"Porvoon moukarikisa- Borg\u00e5 sl\u00e4ggt\u00e4vlingBorg\u00e5 Akilles 17.06.2024 Borgbackens kastplan M Moukari1) Marco Kammer HIFK 69,63 x 66,22 x 68,10 68,18 69,63 &#8217;2) Kimi Rinnekari NurmijYU 62,21 x 62,21 x x x x 3) Samuel Puustinen Borg\u00e5Ak 55,25 x x 55,25 51,77 x x M19 Moukari1) Sakari M\u00e4kel\u00e4 LahdA 51,19 x x x 51,19 x 48,75 M17 [&hellip;]","og_url":"https:\/\/www.akilles.fi\/friidrott\/borga-slaggtavlingar-2024-porvoon-moukarikisat\/","og_site_name":"Friidrott - Yleisurheilu","article_modified_time":"2024-09-30T14:20:47+00:00","twitter_card":"summary_large_image","twitter_misc":{"Ber\u00e4knad l\u00e4stid":"4 minuter"},"schema":{"@context":"https:\/\/schema.org","@graph":[{"@type":"WebPage","@id":"https:\/\/www.akilles.fi\/friidrott\/borga-slaggtavlingar-2024-porvoon-moukarikisat\/","url":"https:\/\/www.akilles.fi\/friidrott\/borga-slaggtavlingar-2024-porvoon-moukarikisat\/","name":"Borg\u00e5 Sl\u00e4ggt\u00e4vlingar 2024 - Porvoon Moukarikisat - Friidrott - Yleisurheilu","isPartOf":{"@id":"https:\/\/www.akilles.fi\/friidrott\/#website"},"datePublished":"2024-06-22T07:38:25+00:00","dateModified":"2024-09-30T14:20:47+00:00","breadcrumb":{"@id":"https:\/\/www.akilles.fi\/friidrott\/borga-slaggtavlingar-2024-porvoon-moukarikisat\/#breadcrumb"},"inLanguage":"sv-SE","potentialAction":[{"@type":"ReadAction","target":["https:\/\/www.akilles.fi\/friidrott\/borga-slaggtavlingar-2024-porvoon-moukarikisat\/"]}]},{"@type":"BreadcrumbList","@id":"https:\/\/www.akilles.fi\/friidrott\/borga-slaggtavlingar-2024-porvoon-moukarikisat\/#breadcrumb","itemListElement":[{"@type":"ListItem","position":1,"name":"Home","item":"https:\/\/www.akilles.fi\/friidrott\/"},{"@type":"ListItem","position":2,"name":"Borg\u00e5 Sl\u00e4ggt\u00e4vlingar 2024 &#8211; Porvoon Moukarikisat"}]},{"@type":"WebSite","@id":"https:\/\/www.akilles.fi\/friidrott\/#website","url":"https:\/\/www.akilles.fi\/friidrott\/","name":"Friidrott - Yleisurheilu","description":"Borg\u00e5 Akilles Friidrott- Porvoon Akilles Yleisurheilu","potentialAction":[{"@type":"SearchAction","target":{"@type":"EntryPoint","urlTemplate":"https:\/\/www.akilles.fi\/friidrott\/?s={search_term_string}"},"query-input":{"@type":"PropertyValueSpecification","valueRequired":true,"valueName":"search_term_string"}}],"inLanguage":"sv-SE"}]}},"_links":{"self":[{"href":"https:\/\/www.akilles.fi\/friidrott\/wp-json\/wp\/v2\/pages\/23940","targetHints":{"allow":["GET"]}}],"collection":[{"href":"https:\/\/www.akilles.fi\/friidrott\/wp-json\/wp\/v2\/pages"}],"about":[{"href":"https:\/\/www.akilles.fi\/friidrott\/wp-json\/wp\/v2\/types\/page"}],"author":[{"embeddable":true,"href":"https:\/\/www.akilles.fi\/friidrott\/wp-json\/wp\/v2\/users\/3"}],"replies":[{"embeddable":true,"href":"https:\/\/www.akilles.fi\/friidrott\/wp-json\/wp\/v2\/comments?post=23940"}],"version-history":[{"count":10,"href":"https:\/\/www.akilles.fi\/friidrott\/wp-json\/wp\/v2\/pages\/23940\/revisions"}],"predecessor-version":[{"id":25723,"href":"https:\/\/www.akilles.fi\/friidrott\/wp-json\/wp\/v2\/pages\/23940\/revisions\/25723"}],"wp:attachment":[{"href":"https:\/\/www.akilles.fi\/friidrott\/wp-json\/wp\/v2\/media?parent=23940"}],"curies":[{"name":"wp","href":"https:\/\/api.w.org\/{rel}","templated":true}]}}