{"id":26034,"date":"2025-01-22T15:46:02","date_gmt":"2025-01-22T15:46:02","guid":{"rendered":"https:\/\/www.akilles.fi\/friidrott\/?page_id=26034"},"modified":"2025-01-31T17:55:04","modified_gmt":"2025-01-31T17:55:04","slug":"arsavgifter-vuosimaksut-2025","status":"publish","type":"page","link":"https:\/\/www.akilles.fi\/friidrott\/arsavgifter-vuosimaksut-2025\/","title":{"rendered":"\u00c5rsavgifter &#8211; Vuosimaksut 2025"},"content":{"rendered":"\t\t<div data-elementor-type=\"wp-post\" data-elementor-id=\"26034\" class=\"elementor elementor-26034\" data-elementor-post-type=\"page\">\n\t\t\t\t\t\t<section class=\"elementor-section elementor-top-section elementor-element elementor-element-237b0ac elementor-section-boxed elementor-section-height-default elementor-section-height-default\" data-id=\"237b0ac\" data-element_type=\"section\">\n\t\t\t\t\t\t<div class=\"elementor-container elementor-column-gap-default\">\n\t\t\t\t\t<div class=\"elementor-column elementor-col-50 elementor-top-column elementor-element elementor-element-ac044e3\" data-id=\"ac044e3\" data-element_type=\"column\">\n\t\t\t<div class=\"elementor-widget-wrap elementor-element-populated\">\n\t\t\t\t\t\t<div class=\"elementor-element elementor-element-eaafa63 elementor-widget elementor-widget-text-editor\" data-id=\"eaafa63\" data-element_type=\"widget\" data-widget_type=\"text-editor.default\">\n\t\t\t\t<div class=\"elementor-widget-container\">\n\t\t\t\t\t\t\t\t\t<h4>\u00c5rsavgifter 2025<\/h4><ul><li>F\u00f6r idrottare f\u00f6dda 2011 eller senare \u00e4r avgiften 220 \u20ac<\/li><li>F\u00f6r idrottare f\u00f6dda 2010 eller tidigare \u00e4r avgiften 330 \u20ac<\/li><\/ul><p><strong>\u00c5rsavgifterna faktureras via myClub<\/strong> <strong>i april.<\/strong><\/p><p><strong>Syskonrabatter<\/strong> beviljas p\u00e5 \u00e5rsavgiften s\u00e5 att andra barnet i familjen f\u00e5r 20% rabatt och tredje barnet (och fj\u00e4rde) barnet 40% rabatt. Rabatterna beaktas vid faktureringen av \u00e5rsavgiften.<\/p><p><strong>Akilles medlemsavgift<\/strong> faktureras av och betalas till Akilles centralstyrelse via <strong>myClub<\/strong>. Akilles medlemsavgift \u00e4r 20\u20ac f\u00f6r 16 \u00e5r och \u00e4ldre, 10\u20ac f\u00f6r under 16 \u00e5r.<\/p><p><strong>Friidrottslicenser<\/strong>: Alla flickor och pojkar som deltar i v\u00e5ra tr\u00e4ningar och i friidrottst\u00e4vlingar ska ha friidrottslicens. Licensperioden \u00e4r 1.10-30.9 och licensen k\u00f6ps fr\u00e5n <strong>SUOMISPORT.fi<\/strong> f\u00f6r varje idrottare skilt (se skilt direktiv). Info om licenserna p\u00e5 SUL:s sida https:\/\/www.yleisurheilu.fi\/seurat\/yleisurheilulisenssit\/<\/p><p><strong>\u00c5rsavgifterna och medlemsf\u00f6rm\u00e5nerna f\u00f6r 2025 \u00e4r f\u00f6ljande:<\/strong><\/p><p><strong>13 \u00e5r och yngre, (2012 och senare f\u00f6dda)\u00a0\u00a0\u00a0\u00a0\u00c5rsavgift:\u00a0 220 \u20ac<\/strong><\/p><p>F\u00f6rm\u00e5ner:<br \/>\u2013 Ledd, planerad tr\u00e4ning med beaktande av gruppens\/barnets niv\u00e5<br \/>\u2013 Tr\u00e4ningsutrymmen (hall\/sportplan) 1-3 ggr\/vecka: 2-7 timmar.<br \/>\u2013 Lokala klubb-t\u00e4vlingsarrangemang, priser<br \/>\u2013 Anm\u00e4lningsavgifter till distriktm\u00e4sterskap<br \/>\u2013 N\u00c5ID:s framtidsgrupp 2 \u2013 tr\u00e4ningsl\u00e4ger f\u00f6r av tr\u00e4narna antagna. (l\u00e4gret betalas av idrottarna)<br \/>\u2013 Akilles friidrotts \u00e5rsbok<\/p><p><strong>14 \u00e5r och \u00e4ldre, (2011 och tidigare f\u00f6dda)\u00a0 \u00a0 \u00c5rsavgift: 330 \u20ac<\/strong><\/p><p>F\u00f6rm\u00e5ner:<br \/>\u2013 Ledd, planerad tr\u00e4ning av skolad tr\u00e4nare, med beaktande av gruppens\/idrottarens niv\u00e5 och m\u00e5ls\u00e4ttning. 6-12 timmar\/vecka<br \/>\u2013 Tr\u00e4ningsutrymmen (hall\/sportplan) 4-5 ggr\/vecka.<br \/>\u2013 Akilles t\u00e4vlingsdr\u00e4kt vartannat \u00e5r<br \/>\u2013 Anm\u00e4lningsavgifter till distrikt\/regionm\u00e4sterskap, SFIM\u00a0 och FM<br \/>\u2013 Logi och mat vid SFI och FM enligt sektionens ers\u00e4ttningsregler.<br \/>\u2013 SFI:s\/N\u00c5ID:s tr\u00e4ningsl\u00e4ger f\u00f6r av SFI\/N\u00c5ID uttagna idrottare. Deltagande endast i 1 l\u00e4gersystem. Se Akilles friidrott l\u00e4gerers\u00e4ttningsregler.<br \/>\u2013 Akilles friidrotts \u00e5rsbok<\/p><p><strong>Underst\u00f6dande medlem<\/strong><\/p><p>Om du ej l\u00e4ngre \u00e4r aktiv idrottare men vill vara kvar som Akilles medlem kan du g\u00f6ra det genom att forts\u00e4tta betala medlemsavgift. Vi hoppas att s\u00e5 m\u00e5nga f\u00f6r\u00e4ldrar som m\u00f6jligt st\u00e4ller upp som underst\u00f6dande medlemmar. Avgiften \u00e4r 20 \u20ac f\u00f6r medlemmar \u00f6ver 16 \u00e5r resp. 10 \u20ac f\u00f6r medlemmar under 16 \u00e5r och faktureras av Akilles centralstyrelse (via myClub). Kontakta Leif Rikberg ( leif.rikberg@akilles.fi ) n\u00e4r du vill bli medlem.<\/p><p><strong>\u00c5rsavgiften anv\u00e4nds till<\/strong><\/p><p>De pengar som vi f\u00e5r in p\u00e5 medlemsavgifterna anv\u00e4nds till att t\u00e4cka kostnaderna f\u00f6r sportplans- och hallhyror, skolning av tr\u00e4nare och domare, redskap och utrustning, t\u00e4vlingsresor,\u00a0 tr\u00e4ningsl\u00e4ger, pris osv.<\/p>\t\t\t\t\t\t\t\t<\/div>\n\t\t\t\t<\/div>\n\t\t\t\t\t<\/div>\n\t\t<\/div>\n\t\t\t\t<div class=\"elementor-column elementor-col-50 elementor-top-column elementor-element elementor-element-e5507db\" data-id=\"e5507db\" data-element_type=\"column\">\n\t\t\t<div class=\"elementor-widget-wrap elementor-element-populated\">\n\t\t\t\t\t\t<div class=\"elementor-element elementor-element-6c6c047 elementor-widget elementor-widget-text-editor\" data-id=\"6c6c047\" data-element_type=\"widget\" data-widget_type=\"text-editor.default\">\n\t\t\t\t<div class=\"elementor-widget-container\">\n\t\t\t\t\t\t\t\t\t<h4>Vuosimaksut 2025<\/h4><ul><li>2011 ja my\u00f6hemmin syntyneille maksu on 220 \u20ac<\/li><li>2010 ja my\u00f6hemmin syntyneille maksu on 330 \u20ac<\/li><\/ul><p><strong>Vuosimaksut<\/strong> <strong>laskutetaan <\/strong><strong>myClub kautta huhtikuussa<\/strong><\/p><p><strong>Sisaralennukset my\u00f6nnet\u00e4\u00e4n <\/strong>niin ett\u00e4 toinen lapsi saa 20% alennusta ja kolmas (ja nelj\u00e4s lapsi) 40% alennusta. Alennukset huomioidaan vuosimaksun laskussa.<\/p><p><strong>Akilleen j\u00e4senmaksun<\/strong> laskutta Akilleen <strong>myClub<\/strong> kautta . Akilleen j\u00e4senmaksut ovat 20\u20ac 16-vuotiaille ja vanhemmille sek\u00e4 10\u20ac alle 16-vuotiaille.<\/p><p><strong>Yleisurheilulisenssit<\/strong>: Kaikki tyt\u00f6t ja pojat jotka osallistuvat meid\u00e4n harjoituksiin sek\u00e4 yleisurheilukilpailuihin tarvitsevat yleisurheilulisenssin. Lisenssikausi on 1.10-30.9. Jokainen tulee itse hankkia lisenssin <strong>SUOMISPORT<\/strong>-fi;n kautta. Lis\u00e4info lisensseist\u00e4 SUL:in sivulla https:\/\/www.yleisurheilu.fi\/seurat\/yleisurheilulisenssit\/<\/p><p><strong>Vuosimaksut ja j\u00e4senedut vuonna 2025 ovat seuraavat:<\/strong><\/p><p><strong>13-vuotiaat ja nuoremmat (2012 ja my\u00f6hemmin syntyneet)\u00a0\u00a0 Vuosimaksu:\u00a0 220 \u20ac<\/strong><\/p><p>Edut:<br \/>\u2013 Ohjattu, suunniteltu valmennus huomioiden ryhm\u00e4n\/lapsen taso<br \/>\u2013 Harjoitustilat (hallit\/kent\u00e4t) 1-4 krt\/viikko: 2-7 tuntia.<br \/>\u2013 Paikalliset seurakisat, palkinnot<br \/>\u2013 Osanottomaksut piirin mestaruuskisoihin<br \/>&#8211; Harjoitusleirit N\u00c5ID:n tulevaisuusryhm\u00e4 2 \u2013 harjoitusleiri valmentajien valitsemille urheilijoille. (urheilija maksaa leirikulut)<br \/>\u2013 Akilleksen yu-jaoston vuosikirja<\/p><p><strong>14 v. ja vanhemmat, (2011 ja aikaisemmin syntyneet)\u00a0\u00a0 Vuosimaksu: 330 \u20ac<\/strong><\/p><p>Edut:<br \/>\u2013 Koulutettujen valmentajien ohjaamat ja suunnittelemat harjoitukset huomioiden ryhm\u00e4n\/urheilijan taso ja tavoitteet, 6-12 tuntia\/viikko.<br \/>\u2013 Harjoitustilat (hallit\/kent\u00e4t) 4-5 krt\/viikko.<br \/>\u2013 Akilleksen kilpailuasu joka toinen vuosi.<br \/>\u2013 Osanottomaksut piirin\/alueen mestaruuskisoihin, SFI:n mestaruuskisat sek\u00e4 SM-kisat.<br \/>\u2013 Majoitus ja ruokailu SFI:n ja SM-kisoissa jaoston korvauss\u00e4\u00e4nt\u00f6jen mukaan.<br \/>\u2013 SFI:n\/N\u00c5ID::n harjoitusleirit liiton\/piirin valitsemille urheilijoille. Osanotto vain 1 leirij\u00e4rjestelm\u00e4\u00e4n. Katso Akilleen yleisurheilun leirikorvauss\u00e4\u00e4nt\u00f6j\u00e4.<br \/>\u2013 Akilleksen yu-jaoston vuosikirja<\/p><p><strong>Akilleen tukij\u00e4sen<\/strong><\/p><p>Jos et en\u00e4\u00e4 ole aktiivi urheilija mutta haluat jatkaa Akilleksen j\u00e4senen\u00e4 voit olla j\u00e4sen maksamalla j\u00e4senmaksun\/tukimaksun. Toivomme my\u00f6s ett\u00e4 mahdollisimman moni vanhempi tulevat mukaan tukij\u00e4seniksi. J\u00e4sen\/tukimaksu on 20 \u20ac a vanhemmille sek\u00e4 10 \u20ac alle 16-vuotiaille. J\u00e4senmaksut laskuttaa Akilleen keskushallitus (myClubin kautta). Yhdyshenkil\u00f6 on Leif Rikberg ( leif.rikberg@akilles.fi ).<\/p><p><strong>Mihin vuosimaksut k\u00e4ytet\u00e4\u00e4n<\/strong><\/p><p>J\u00e4senmaksuilla ssadut rahat k\u00e4ytet\u00e4\u00e4n halli- ja kenttt\u00e4vuokriin, valmentajien ja toimitsijoiden koulutukseen, v\u00e4lineisiin ja varusteisiin, kilpailumatkoihin,\u00a0 harjoitusleireihin, palkintoihin,\u00a0 jne.<\/p>\t\t\t\t\t\t\t\t<\/div>\n\t\t\t\t<\/div>\n\t\t\t\t\t<\/div>\n\t\t<\/div>\n\t\t\t\t\t<\/div>\n\t\t<\/section>\n\t\t\t\t<\/div>\n\t\t","protected":false},"excerpt":{"rendered":"<p>\u00c5rsavgifter 2025 F\u00f6r idrottare f\u00f6dda 2011 eller senare \u00e4r avgiften 220 \u20ac F\u00f6r idrottare f\u00f6dda 2010 eller tidigare \u00e4r avgiften 330 \u20ac \u00c5rsavgifterna faktureras via myClub i april. Syskonrabatter beviljas p\u00e5 \u00e5rsavgiften s\u00e5 att andra barnet i familjen f\u00e5r 20% rabatt och tredje barnet (och fj\u00e4rde) barnet 40% rabatt. Rabatterna beaktas vid faktureringen av \u00e5rsavgiften. [&hellip;]<\/p>\n","protected":false},"author":3,"featured_media":0,"parent":0,"menu_order":0,"comment_status":"closed","ping_status":"closed","template":"","meta":{"_crdt_document":"","footnotes":""},"class_list":["post-26034","page","type-page","status-publish","hentry"],"yoast_head":"<!-- This site is optimized with the Yoast SEO plugin v26.8 - https:\/\/yoast.com\/product\/yoast-seo-wordpress\/ -->\n<title>\u00c5rsavgifter - Vuosimaksut 2025 - Friidrott - Yleisurheilu<\/title>\n<meta name=\"robots\" content=\"index, follow, max-snippet:-1, max-image-preview:large, max-video-preview:-1\" \/>\n<link rel=\"canonical\" href=\"https:\/\/www.akilles.fi\/friidrott\/arsavgifter-vuosimaksut-2025\/\" \/>\n<meta property=\"og:locale\" content=\"sv_SE\" \/>\n<meta property=\"og:type\" content=\"article\" \/>\n<meta property=\"og:title\" content=\"\u00c5rsavgifter - Vuosimaksut 2025 - Friidrott - Yleisurheilu\" \/>\n<meta property=\"og:description\" content=\"\u00c5rsavgifter 2025 F\u00f6r idrottare f\u00f6dda 2011 eller senare \u00e4r avgiften 220 \u20ac F\u00f6r idrottare f\u00f6dda 2010 eller tidigare \u00e4r avgiften 330 \u20ac \u00c5rsavgifterna faktureras via myClub i april. Syskonrabatter beviljas p\u00e5 \u00e5rsavgiften s\u00e5 att andra barnet i familjen f\u00e5r 20% rabatt och tredje barnet (och fj\u00e4rde) barnet 40% rabatt. Rabatterna beaktas vid faktureringen av \u00e5rsavgiften. [&hellip;]\" \/>\n<meta property=\"og:url\" content=\"https:\/\/www.akilles.fi\/friidrott\/arsavgifter-vuosimaksut-2025\/\" \/>\n<meta property=\"og:site_name\" content=\"Friidrott - Yleisurheilu\" \/>\n<meta property=\"article:modified_time\" content=\"2025-01-31T17:55:04+00:00\" \/>\n<meta name=\"twitter:card\" content=\"summary_large_image\" \/>\n<meta name=\"twitter:label1\" content=\"Ber\u00e4knad l\u00e4stid\" \/>\n\t<meta name=\"twitter:data1\" content=\"4 minuter\" \/>\n<script type=\"application\/ld+json\" class=\"yoast-schema-graph\">{\"@context\":\"https:\/\/schema.org\",\"@graph\":[{\"@type\":\"WebPage\",\"@id\":\"https:\/\/www.akilles.fi\/friidrott\/arsavgifter-vuosimaksut-2025\/\",\"url\":\"https:\/\/www.akilles.fi\/friidrott\/arsavgifter-vuosimaksut-2025\/\",\"name\":\"\u00c5rsavgifter - Vuosimaksut 2025 - Friidrott - Yleisurheilu\",\"isPartOf\":{\"@id\":\"https:\/\/www.akilles.fi\/friidrott\/#website\"},\"datePublished\":\"2025-01-22T15:46:02+00:00\",\"dateModified\":\"2025-01-31T17:55:04+00:00\",\"breadcrumb\":{\"@id\":\"https:\/\/www.akilles.fi\/friidrott\/arsavgifter-vuosimaksut-2025\/#breadcrumb\"},\"inLanguage\":\"sv-SE\",\"potentialAction\":[{\"@type\":\"ReadAction\",\"target\":[\"https:\/\/www.akilles.fi\/friidrott\/arsavgifter-vuosimaksut-2025\/\"]}]},{\"@type\":\"BreadcrumbList\",\"@id\":\"https:\/\/www.akilles.fi\/friidrott\/arsavgifter-vuosimaksut-2025\/#breadcrumb\",\"itemListElement\":[{\"@type\":\"ListItem\",\"position\":1,\"name\":\"Home\",\"item\":\"https:\/\/www.akilles.fi\/friidrott\/\"},{\"@type\":\"ListItem\",\"position\":2,\"name\":\"\u00c5rsavgifter &#8211; Vuosimaksut 2025\"}]},{\"@type\":\"WebSite\",\"@id\":\"https:\/\/www.akilles.fi\/friidrott\/#website\",\"url\":\"https:\/\/www.akilles.fi\/friidrott\/\",\"name\":\"Friidrott - Yleisurheilu\",\"description\":\"Borg\u00e5 Akilles Friidrott- Porvoon Akilles Yleisurheilu\",\"potentialAction\":[{\"@type\":\"SearchAction\",\"target\":{\"@type\":\"EntryPoint\",\"urlTemplate\":\"https:\/\/www.akilles.fi\/friidrott\/?s={search_term_string}\"},\"query-input\":{\"@type\":\"PropertyValueSpecification\",\"valueRequired\":true,\"valueName\":\"search_term_string\"}}],\"inLanguage\":\"sv-SE\"}]}<\/script>\n<!-- \/ Yoast SEO plugin. -->","yoast_head_json":{"title":"\u00c5rsavgifter - Vuosimaksut 2025 - Friidrott - Yleisurheilu","robots":{"index":"index","follow":"follow","max-snippet":"max-snippet:-1","max-image-preview":"max-image-preview:large","max-video-preview":"max-video-preview:-1"},"canonical":"https:\/\/www.akilles.fi\/friidrott\/arsavgifter-vuosimaksut-2025\/","og_locale":"sv_SE","og_type":"article","og_title":"\u00c5rsavgifter - Vuosimaksut 2025 - Friidrott - Yleisurheilu","og_description":"\u00c5rsavgifter 2025 F\u00f6r idrottare f\u00f6dda 2011 eller senare \u00e4r avgiften 220 \u20ac F\u00f6r idrottare f\u00f6dda 2010 eller tidigare \u00e4r avgiften 330 \u20ac \u00c5rsavgifterna faktureras via myClub i april. Syskonrabatter beviljas p\u00e5 \u00e5rsavgiften s\u00e5 att andra barnet i familjen f\u00e5r 20% rabatt och tredje barnet (och fj\u00e4rde) barnet 40% rabatt. Rabatterna beaktas vid faktureringen av \u00e5rsavgiften. [&hellip;]","og_url":"https:\/\/www.akilles.fi\/friidrott\/arsavgifter-vuosimaksut-2025\/","og_site_name":"Friidrott - Yleisurheilu","article_modified_time":"2025-01-31T17:55:04+00:00","twitter_card":"summary_large_image","twitter_misc":{"Ber\u00e4knad l\u00e4stid":"4 minuter"},"schema":{"@context":"https:\/\/schema.org","@graph":[{"@type":"WebPage","@id":"https:\/\/www.akilles.fi\/friidrott\/arsavgifter-vuosimaksut-2025\/","url":"https:\/\/www.akilles.fi\/friidrott\/arsavgifter-vuosimaksut-2025\/","name":"\u00c5rsavgifter - Vuosimaksut 2025 - Friidrott - Yleisurheilu","isPartOf":{"@id":"https:\/\/www.akilles.fi\/friidrott\/#website"},"datePublished":"2025-01-22T15:46:02+00:00","dateModified":"2025-01-31T17:55:04+00:00","breadcrumb":{"@id":"https:\/\/www.akilles.fi\/friidrott\/arsavgifter-vuosimaksut-2025\/#breadcrumb"},"inLanguage":"sv-SE","potentialAction":[{"@type":"ReadAction","target":["https:\/\/www.akilles.fi\/friidrott\/arsavgifter-vuosimaksut-2025\/"]}]},{"@type":"BreadcrumbList","@id":"https:\/\/www.akilles.fi\/friidrott\/arsavgifter-vuosimaksut-2025\/#breadcrumb","itemListElement":[{"@type":"ListItem","position":1,"name":"Home","item":"https:\/\/www.akilles.fi\/friidrott\/"},{"@type":"ListItem","position":2,"name":"\u00c5rsavgifter &#8211; Vuosimaksut 2025"}]},{"@type":"WebSite","@id":"https:\/\/www.akilles.fi\/friidrott\/#website","url":"https:\/\/www.akilles.fi\/friidrott\/","name":"Friidrott - Yleisurheilu","description":"Borg\u00e5 Akilles Friidrott- Porvoon Akilles Yleisurheilu","potentialAction":[{"@type":"SearchAction","target":{"@type":"EntryPoint","urlTemplate":"https:\/\/www.akilles.fi\/friidrott\/?s={search_term_string}"},"query-input":{"@type":"PropertyValueSpecification","valueRequired":true,"valueName":"search_term_string"}}],"inLanguage":"sv-SE"}]}},"_links":{"self":[{"href":"https:\/\/www.akilles.fi\/friidrott\/wp-json\/wp\/v2\/pages\/26034","targetHints":{"allow":["GET"]}}],"collection":[{"href":"https:\/\/www.akilles.fi\/friidrott\/wp-json\/wp\/v2\/pages"}],"about":[{"href":"https:\/\/www.akilles.fi\/friidrott\/wp-json\/wp\/v2\/types\/page"}],"author":[{"embeddable":true,"href":"https:\/\/www.akilles.fi\/friidrott\/wp-json\/wp\/v2\/users\/3"}],"replies":[{"embeddable":true,"href":"https:\/\/www.akilles.fi\/friidrott\/wp-json\/wp\/v2\/comments?post=26034"}],"version-history":[{"count":13,"href":"https:\/\/www.akilles.fi\/friidrott\/wp-json\/wp\/v2\/pages\/26034\/revisions"}],"predecessor-version":[{"id":26119,"href":"https:\/\/www.akilles.fi\/friidrott\/wp-json\/wp\/v2\/pages\/26034\/revisions\/26119"}],"wp:attachment":[{"href":"https:\/\/www.akilles.fi\/friidrott\/wp-json\/wp\/v2\/media?parent=26034"}],"curies":[{"name":"wp","href":"https:\/\/api.w.org\/{rel}","templated":true}]}}