{"id":26859,"date":"2025-04-21T11:40:56","date_gmt":"2025-04-21T11:40:56","guid":{"rendered":"https:\/\/www.akilles.fi\/friidrott\/?page_id=26859"},"modified":"2025-11-01T13:41:01","modified_gmt":"2025-11-01T13:41:01","slug":"borga-stavcup-2025-porvoon-seivascup","status":"publish","type":"page","link":"https:\/\/www.akilles.fi\/friidrott\/borga-stavcup-2025-porvoon-seivascup\/","title":{"rendered":"Borg\u00e5 stavcup &#8211; 2025 &#8211; Porvoon Seiv\u00e4scup"},"content":{"rendered":"\t\t<div data-elementor-type=\"wp-post\" data-elementor-id=\"26859\" class=\"elementor elementor-26859\" data-elementor-post-type=\"page\">\n\t\t\t\t\t\t<section class=\"elementor-section elementor-top-section elementor-element elementor-element-f06452e elementor-section-boxed elementor-section-height-default elementor-section-height-default\" data-id=\"f06452e\" data-element_type=\"section\">\n\t\t\t\t\t\t<div class=\"elementor-container elementor-column-gap-default\">\n\t\t\t\t\t<div class=\"elementor-column elementor-col-66 elementor-top-column elementor-element elementor-element-7a5021b\" data-id=\"7a5021b\" data-element_type=\"column\">\n\t\t\t<div class=\"elementor-widget-wrap elementor-element-populated\">\n\t\t\t\t\t\t<div class=\"elementor-element elementor-element-027bd73 elementor-widget elementor-widget-text-editor\" data-id=\"027bd73\" data-element_type=\"widget\" data-widget_type=\"text-editor.default\">\n\t\t\t\t<div class=\"elementor-widget-container\">\n\t\t\t\t\t\t\t\t\t<p style=\"margin-bottom: .0001pt;\"><span lang=\"FI\"><strong>Del 1<\/strong>, Anm\u00e4lning senast 23.6.2025<\/span><\/p><p style=\"margin-bottom: .0001pt;\">Anm\u00e4lningsavgiften: 10\u20ac \/ gren, efteranm\u00e4lning 20 \u20ac \/ gren.<br \/>Betalas till konto FI7840501040019621<br \/>Anm\u00e4lningsavgiften g\u00e4ller ej Akilles idrottare<\/p><p>F\u00f6rfr\u00e5gningar: Mikael Finell,\u00a0mickifinell@hotmail.com 050-3276773, Miro Wikgren miro.wikgren@gmail.com 041-5271037<\/p><p>Tre delt\u00e4vlingar 2025<\/p><table border=\"0\" width=\"468\" cellspacing=\"0\" cellpadding=\"0\"><tbody><tr><td>Onsdag 25.6<\/td><td><strong>Borg\u00e5 Stavcup del 1 (sista siffran 7 tex 207)<\/strong><\/td><\/tr><tr><td>Borg\u00e5\/C kl 17.30<\/td><td>F\/P 9-15, H\/D 17-19: stav<\/td><\/tr><tr><td>\u00a0<\/td><td><span lang=\"FI\"><strong>Del 1<\/strong>, Anm\u00e4lning senast 23.6.2025<\/span><br \/>Hoppare under 3 m kl. 17.30, hoppare \u00f6ver 3 m kl. 18.30<\/td><\/tr><tr><td>M\u00e5ndag 11.8<\/td><td><strong>Borg\u00e5 Stavcup del 2<\/strong> (sista siffran 4)<\/td><\/tr><tr><td>Borg\u00e5\/C kl 17.30<\/td><td>F\/P 9-15, H\/D17-19<\/td><\/tr><tr><td>\u00a0<\/td><td><span lang=\"FI\"><strong>Del 2<\/strong>, Anm\u00e4lning senast 8.8.2025<\/span><br \/>Hoppare under 3 m kl. 17.30, hoppare \u00f6ver 3 m kl. 18.30<\/td><\/tr><tr><td>\u00a0<\/td><td>\u00a0<\/td><\/tr><tr><td>M\u00e5ndag 1.9<\/td><td><strong>Borg\u00e5 Stavcup del 3 <\/strong>(sista siffran 1)<\/td><\/tr><tr><td>Borg\u00e5\/C kl. 17.30<\/td><td>F\/P 9-15: stav, H\/D 17-19: stav<\/td><\/tr><tr><td>\u00a0<\/td><td><span lang=\"FI\"><strong>Del 3<\/strong>, Anm\u00e4lning senast 29.8.2025<\/span><br \/>Hoppare under 3 m kl. 17.30, hoppare \u00f6ver 3 m kl. 18.30<\/td><\/tr><tr><td>\u00a0<\/td><td>\u00a0<\/td><\/tr><\/tbody><\/table><p><strong>Resultat 2025<\/strong><\/p><p><strong>Borg\u00e5 stavcup 1 \/ Porvoon seiv\u00e4scup 1, <\/strong><b>25.6.2025<\/b><\/p><p>P11 Seiv\u00e4s<br \/>1) Elvin Skog Borg\u00e5Ak 247 <br \/>197 207 217 227 237 247 257 <br \/>xo o xo xo xo o xxx <br \/>2) Oscar Wikgren Borg\u00e5Ak 247 <br \/>197 207 217 227 237 247 257 <br \/>o o o o o xxo xxx <br \/>3) Noah Suoniemi Borg\u00e5Ak 217 <br \/>157 167 177 187 197 207 217 227 <br \/>o o o xo xo xxo xxo xxx<\/p><p>T11 Seiv\u00e4s<br \/>1) Line Grefberg Borg\u00e5Ak 217 <br \/>157 167 177 187 197 207 217 227 <br \/>o o o xxo xo o xo xxx <br \/>2) Aamu Santalahti Borg\u00e5Ak 127 <br \/>127 137 147 157 <br \/>o &#8211; &#8211; &#8211;<\/p><p>T13 Seiv\u00e4s<br \/>1) Hilla Santalahti Borg\u00e5Ak 207 <br \/>127 137 147 157 167 177 187 197 207 <br \/>xo o o o o o o o xo<\/p><p>P15 Seiv\u00e4s<br \/>1) Samra Pohjonen IkaalU 307 <br \/>267 277 287 297 307 317 <br \/>o o o o o xxx <br \/>2) William Holmstr\u00f6m Borg\u00e5Ak 257 <br \/>187 197 207 217 227 237 247 257 267 <br \/>o o o o o o o o xxx<\/p><p>N17 Seiv\u00e4s<br \/>1) Fanny Finell Borg\u00e5Ak 317 <br \/>277 287 297 307 317 322 <br \/>xo o o xxo o xxx <br \/>2) Sarah Isaksson Borg\u00e5Ak 297 <br \/>277 287 297 307 <br \/>o o o xxx<\/p><p>N19 Seiv\u00e4s<br \/>1) Fanny Holm IFSibboV 257 <br \/>257 267 <br \/>xxo xxx<\/p><p><strong>Borg\u00e5 stavcup 2 &#8211; Porvoon seiv\u00e4scup 2,\u00a0 11.08.2025<\/strong><\/p><p>M17 Seiv\u00e4s<br \/>1) Urho Aro HKV 400 <br \/>354 374 384 400 410 <br \/>o o o xo xxx<\/p><p>P15 Seiv\u00e4s<br \/>1) William Holmstr\u00f6m Borg\u00e5Ak 264 <br \/>204 214 224 234 244 254 264 274 <br \/>o o o o xo xo xo &#8211;<\/p><p>P11 Seiv\u00e4s<br \/>1) Elvin Skog Borg\u00e5Ak 244 <br \/>184 194 204 214 224 234 244 254 <br \/>o o o o o xo o xxx <br \/>2) Oscar Wikgren Borg\u00e5Ak 234 <br \/>174 184 194 204 214 224 234 244 <br \/>o o o o o o o xxx <br \/>3) Noah Suoniemi Borg\u00e5Ak 194 <br \/>154 164 174 184 194 204 <br \/>xo o o o o xxx <br \/>4) Aaro Sepp\u00e4l\u00e4 HKV 194 <br \/>154 164 174 184 194 204 <br \/>o o o o xo xxx <br \/>5) Elis Pirtel\u00e4 Borg\u00e5Ak 164 <br \/>114 124 134 144 154 164 174 <br \/>o o xo o o xo xxx<\/p><p>N17 Seiv\u00e4s<br \/>1) Veera Sepp\u00e4l\u00e4 HKV 314 <br \/>304 314 324 <br \/>o xo xxx <br \/>2) Fanny Finell Borg\u00e5Ak 304 <br \/>284 294 304 314 <br \/>o o o xxx <br \/>3) Ilona Heikkil\u00e4 HKV 284 <br \/>274 284 294 <br \/>o o xxx <br \/>4) Sara Kallij\u00e4rvi HKV 274 <br \/>254 264 274 284 <br \/>o o o xxx<\/p><p>T13 Seiv\u00e4s<br \/>1) Lilian Mikkola HKV 184 <br \/>114 124 134 144 154 164 174 184 194 <br \/>o xxo o o o o o o xx-<\/p><p>T11 Seiv\u00e4s<br \/>1) Line Grefberg Borg\u00e5Ak 224 <br \/>174 184 194 204 214 224 234 <br \/>o &#8211; o o o o xxx<\/p><p>T9 Seiv\u00e4s<br \/>1) Emilia Wikgren Borg\u00e5Ak 134 <br \/>114 124 134 144 <br \/>o o o xxx<\/p><p><strong>Borg\u00e5 stavcup 3 &#8211; Porvoon seiv\u00e4scup 3<\/strong><br \/>Borg\u00e5 01.09.2025<\/p><p>M17 Seiv\u00e4s<br \/>1) Rasmus Helasuo VantSa 341 <br \/>321 331 341 350 <br \/>xo o xo xxx<\/p><p>P15 Seiv\u00e4s<br \/>1) William Holmstr\u00f6m Borg\u00e5Ak 251 <br \/>201 211 221 231 241 251 261 <br \/>o o o o o xo xxx<\/p><p>P13 Seiv\u00e4s<br \/>1) Eetu Rantala EspTa 291 <br \/>231 251 271 281 291 300 <br \/>o o o o xxo xxx<\/p><p>2) Konsta Lahti KarhKa 241 <br \/>201 211 221 231 241 251 <br \/>o o o o xo xxx<\/p><p>3) Caro Airos LahdA 171 <br \/>121 131 141 151 161 171 181 <br \/>o o o o o o xxx<\/p><p>P11 Seiv\u00e4s<br \/>1) Elvin Skog Borg\u00e5Ak 251 <br \/>191 201 211 221 231 241 251 261 <br \/>o o o o o xo xxo xxx <br \/>2) Oscar Wikgren Borg\u00e5Ak 241 <br \/>191 201 211 221 231 241 251 <br \/>o o o xo o o xxx <br \/>3) Elis Pirtel\u00e4 Borg\u00e5Ak 191 <br \/>121 131 141 151 161 171 181 191 201 <br \/>o o o o xo xo xo xxo xxx<\/p><p>P9 Seiv\u00e4s<br \/>1) Volter Ruokolainen EspTa 211 <br \/>121 151 171 181 191 201 211 221 <br \/>o o o o o o o xxx<\/p><p>N17 Seiv\u00e4s<br \/>Frida Blomfelt EsboIF NH <br \/>321 <br \/>xxx<\/p><p>T15 Seiv\u00e4s<br \/>1) Nea Sakko KeskiUYU 201 <br \/>171 181 191 201 211 <br \/>o o xo o xxx <br \/>Mona Nylund PiikkKe NH <br \/>271 <br \/>xxx<\/p><p>T13 Seiv\u00e4s<br \/>1) Elena Kero TuUL 311 <br \/>271 281 291 301 311 331 <br \/>o o o xo xxo xxx <br \/>2) Emilia Kiiski KarhKa 201 <br \/>171 181 191 201 211 <br \/>o o o o xxx <br \/>3) Edith Pirtel\u00e4 Borg\u00e5Ak 191 <br \/>121 131 141 151 161 171 181 191 201 <br \/>o o o xo o o o xo xxx <br \/>4) Sini Sakko KeskiUYU 171 <br \/>151 161 171 181 <br \/>o o o xxx<\/p><p>T11 Seiv\u00e4s<br \/>1) Line Grefberg Borg\u00e5Ak 231 <br \/>171 181 191 201 211 221 231 241 <br \/>o o o o o o xxo xxx <br \/>2) Halla Ruokolainen EspTa 211 <br \/>171 181 191 201 211 221 <br \/>o o o o o xxx <br \/>3) Meeri Aro HKV 211 <br \/>191 201 211 221 <br \/>o o xxo xxx <br \/>4) Eveliina Huhtala NurmijYU 161 <br \/>121 131 141 151 161 171 <br \/>o o o o o xxx<\/p><p>T9 Seiv\u00e4s<br \/>1) Emilia Wikgren Borg\u00e5Ak 151 <br \/>121 131 141 151 161 <br \/>o o o xo xxx <br \/>2) Ellie Pirtel\u00e4 Borg\u00e5Ak 151 <br \/>121 131 141 151 161 <br \/>o o xo xo xxx <br \/>Lilia Silvennoinen VantSa NH <br \/>121 <br \/>xxx<\/p><p><strong>Resultat f\u00f6r stavcupen 2025<\/strong> <br \/><strong>14-19 \u00e5r\u00a0<\/strong><br \/>1. Finell Fanny D16 2.388 p.<br \/>2. Holmstr\u00f6m William P14 2.004 p.<br \/>3. Isaksson Sarah D17 1.142 p.<br \/><br \/><strong>9-13 \u00e5r\u00a0<\/strong><br \/>1. Grefberg Line F11 2.844 p.<br \/>2. Skog Elvin P11 2.490 p.<br \/>3. Wikgren Oscar P11 2.440 p.<br \/>4. Wikgren Emilia F9 2.192 p.<br \/>5. Suoniemi Noah P11 2.055 p.<br \/>6. Pirtel\u00e4 Elis P11 1.775 p.<br \/>7. Pirtel\u00e4 Ellie F9 1.162 p.<br \/>8. Santalahti Hilla F13 1.010 p.<br \/>9. Pirtel\u00e4 Edith F13 0.932 p.<br \/>10. Santalahti Aamu F11 0.794 p.<br \/><br \/><\/p><table width=\"564\"><tbody><tr><td><p>H\u00f6jning alltid 10 cm<br \/><strong>3 delt\u00e4vlingar<\/strong>, de 2 b\u00e4sta med i slutresultatet <br \/>Po\u00e4ngber\u00e4kning: hoppad h\u00f6jd\/A-resultat<\/p><p>Yngre serie 9 &#8211; 13 \u00e5ringar<br \/>\u00c4ldre serie 14 &#8211; 19 \u00e5ringar<\/p><p>B\u00e4sta po\u00e4ng vinner<br \/>Vid samma po\u00e4ng vinner b\u00e4sta resultat<br \/>Vid samma b\u00e4sta resultat vinner b\u00e4ttre n\u00e4stb\u00e4sta resultat osv.<\/p><\/td><\/tr><\/tbody><\/table>\t\t\t\t\t\t\t\t<\/div>\n\t\t\t\t<\/div>\n\t\t\t\t\t<\/div>\n\t\t<\/div>\n\t\t\t\t<div class=\"elementor-column elementor-col-33 elementor-top-column elementor-element elementor-element-cdbaa2b\" data-id=\"cdbaa2b\" data-element_type=\"column\">\n\t\t\t<div class=\"elementor-widget-wrap elementor-element-populated\">\n\t\t\t\t\t\t<div class=\"elementor-element elementor-element-19d649e elementor-widget elementor-widget-text-editor\" data-id=\"19d649e\" data-element_type=\"widget\" data-widget_type=\"text-editor.default\">\n\t\t\t\t<div class=\"elementor-widget-container\">\n\t\t\t\t\t\t\t\t\t<p><strong>Osa 1<\/strong> Ilmoittautumiset 23.6.2025 menness\u00e4.<br \/>Ilmoittautumismaksut: 10\u20ac \/ laji, j\u00e4lki-ilmoittautuminen 20 \u20ac \/ laji.<br \/>Maksetaan tilille FI7840501040019621<br \/>Ilmoittautumismaksu ei koske Akilleen urheilijoita.<br \/><span style=\"color: var( --e-global-color-text ); font-family: var( --e-global-typography-text-font-family ), Sans-serif; font-weight: var( --e-global-typography-text-font-weight );\">Tiedustelut: Mikael Finell,\u00a0mickifinell@hotmail.com 050-3276773, Miro Wikgren miro.wikgren@gmail.com 041-5271037<\/span><\/p><p><span style=\"color: var( --e-global-color-text ); font-family: var( --e-global-typography-text-font-family ), Sans-serif; font-weight: var( --e-global-typography-text-font-weight );\">Kolme osakilpailua 2025<\/span><\/p><table border=\"0\" width=\"468\" cellspacing=\"0\" cellpadding=\"0\"><tbody><tr><td>Keskiviikko 25.6<\/td><td><strong>Porvoon seiv\u00e4scup osa 1 (viimeinen numero 7 esim. 207)<\/strong><\/td><\/tr><tr><td>Porvoo klo. 17.30<\/td><td>T\/P 9-15, M\/N 17-19: seiv\u00e4s<\/td><\/tr><tr><td>\u00a0<\/td><td><p><strong>Osa1<\/strong>, Ilmoittautuminen viim. 23.6<br \/>Alle 2,5m hypp\u00e4\u00e4j\u00e4t klo. 17.30, yli 2,5 m hypp\u00e4\u00e4j\u00e4t n klo. 18.30<\/p><\/td><\/tr><tr><td>Maanantai 11.8<\/td><td><strong>Porvoon seiv\u00e4scup osa 2 <\/strong> (viimeinen numero\u00a0 4)<\/td><\/tr><tr><td>Porvoo klo. 17.30<\/td><td>T\/P 9-15, M\/N 17-19<\/td><\/tr><tr><td>\u00a0<\/td><td><strong>Osa 2<\/strong>, Ilmoittautuminen viim. 8.8.<br \/>Alle 2,5m hypp\u00e4\u00e4j\u00e4t klo. 17.30, yli 2,5 m hypp\u00e4\u00e4j\u00e4t n klo. 18.30<\/td><\/tr><tr><td>\u00a0<\/td><td>\u00a0<\/td><\/tr><tr><td>Maanantai 1.9<\/td><td><strong>Porvoon seiv\u00e4scup osa 3 <\/strong>(viimeinen numero 1)<\/td><\/tr><tr><td>Porvoo klo. 17.30<\/td><td>T\/P 14-15, M\/N 17-19: seiv\u00e4s<\/td><\/tr><tr><td>\u00a0<\/td><td><strong>Osa 3<\/strong>, Ilmoittautuminen viim. 29.8.<br \/>Alle 2,5m hypp\u00e4\u00e4j\u00e4t klo. 17.30, yli 2,5 m hypp\u00e4\u00e4j\u00e4t n klo. 18.30<\/td><\/tr><tr><td>\u00a0<\/td><td>\u00a0<\/td><\/tr><\/tbody><\/table><p><strong><span style=\"color: #000000;\">Tulokset<\/span><br \/><\/strong><\/p><table width=\"564\"><tbody><tr><td><p>Korotus aina 10 cm<br \/>3 osakilpailua, 2 parasta mukaan lopputulokseen<br \/>Pistelasku: hyp\u00e4tty tulos\/A-tulos<\/p><p>Nuorempi sarja 9 &#8211; 13 vuotiaat<br \/>Vanhempi sarja 14 &#8211; 19 vuotiaat<\/p><p>Paras pistem\u00e4\u00e4r\u00e4 voittaa<br \/>Jos sama pistem\u00e4\u00e4r\u00e4, paras tulos voittaa<br \/>Sama paras tulos, parempi toiseksi paras voittaa jne.<\/p><\/td><\/tr><\/tbody><\/table>\t\t\t\t\t\t\t\t<\/div>\n\t\t\t\t<\/div>\n\t\t\t\t\t<\/div>\n\t\t<\/div>\n\t\t\t\t\t<\/div>\n\t\t<\/section>\n\t\t\t\t<\/div>\n\t\t","protected":false},"excerpt":{"rendered":"<p>Del 1, Anm\u00e4lning senast 23.6.2025 Anm\u00e4lningsavgiften: 10\u20ac \/ gren, efteranm\u00e4lning 20 \u20ac \/ gren.Betalas till konto FI7840501040019621Anm\u00e4lningsavgiften g\u00e4ller ej Akilles idrottare F\u00f6rfr\u00e5gningar: Mikael Finell,\u00a0mickifinell@hotmail.com 050-3276773, Miro Wikgren miro.wikgren@gmail.com 041-5271037 Tre delt\u00e4vlingar 2025 Onsdag 25.6 Borg\u00e5 Stavcup del 1 (sista siffran 7 tex 207) Borg\u00e5\/C kl 17.30 F\/P 9-15, H\/D 17-19: stav \u00a0 Del 1, Anm\u00e4lning [&hellip;]<\/p>\n","protected":false},"author":3,"featured_media":0,"parent":0,"menu_order":0,"comment_status":"closed","ping_status":"closed","template":"","meta":{"_crdt_document":"","footnotes":""},"class_list":["post-26859","page","type-page","status-publish","hentry"],"yoast_head":"<!-- This site is optimized with the Yoast SEO plugin v26.8 - https:\/\/yoast.com\/product\/yoast-seo-wordpress\/ -->\n<title>Borg\u00e5 stavcup - 2025 - Porvoon Seiv\u00e4scup - Friidrott - Yleisurheilu<\/title>\n<meta name=\"robots\" content=\"index, follow, max-snippet:-1, max-image-preview:large, max-video-preview:-1\" \/>\n<link rel=\"canonical\" href=\"https:\/\/www.akilles.fi\/friidrott\/borga-stavcup-2025-porvoon-seivascup\/\" \/>\n<meta property=\"og:locale\" content=\"sv_SE\" \/>\n<meta property=\"og:type\" content=\"article\" \/>\n<meta property=\"og:title\" content=\"Borg\u00e5 stavcup - 2025 - Porvoon Seiv\u00e4scup - Friidrott - Yleisurheilu\" \/>\n<meta property=\"og:description\" content=\"Del 1, Anm\u00e4lning senast 23.6.2025 Anm\u00e4lningsavgiften: 10\u20ac \/ gren, efteranm\u00e4lning 20 \u20ac \/ gren.Betalas till konto FI7840501040019621Anm\u00e4lningsavgiften g\u00e4ller ej Akilles idrottare F\u00f6rfr\u00e5gningar: Mikael Finell,\u00a0mickifinell@hotmail.com 050-3276773, Miro Wikgren miro.wikgren@gmail.com 041-5271037 Tre delt\u00e4vlingar 2025 Onsdag 25.6 Borg\u00e5 Stavcup del 1 (sista siffran 7 tex 207) Borg\u00e5\/C kl 17.30 F\/P 9-15, H\/D 17-19: stav \u00a0 Del 1, Anm\u00e4lning [&hellip;]\" \/>\n<meta property=\"og:url\" content=\"https:\/\/www.akilles.fi\/friidrott\/borga-stavcup-2025-porvoon-seivascup\/\" \/>\n<meta property=\"og:site_name\" content=\"Friidrott - Yleisurheilu\" \/>\n<meta property=\"article:modified_time\" content=\"2025-11-01T13:41:01+00:00\" \/>\n<meta name=\"twitter:card\" content=\"summary_large_image\" \/>\n<meta name=\"twitter:label1\" content=\"Ber\u00e4knad l\u00e4stid\" \/>\n\t<meta name=\"twitter:data1\" content=\"7 minuter\" \/>\n<script type=\"application\/ld+json\" class=\"yoast-schema-graph\">{\"@context\":\"https:\/\/schema.org\",\"@graph\":[{\"@type\":\"WebPage\",\"@id\":\"https:\/\/www.akilles.fi\/friidrott\/borga-stavcup-2025-porvoon-seivascup\/\",\"url\":\"https:\/\/www.akilles.fi\/friidrott\/borga-stavcup-2025-porvoon-seivascup\/\",\"name\":\"Borg\u00e5 stavcup - 2025 - Porvoon Seiv\u00e4scup - Friidrott - Yleisurheilu\",\"isPartOf\":{\"@id\":\"https:\/\/www.akilles.fi\/friidrott\/#website\"},\"datePublished\":\"2025-04-21T11:40:56+00:00\",\"dateModified\":\"2025-11-01T13:41:01+00:00\",\"breadcrumb\":{\"@id\":\"https:\/\/www.akilles.fi\/friidrott\/borga-stavcup-2025-porvoon-seivascup\/#breadcrumb\"},\"inLanguage\":\"sv-SE\",\"potentialAction\":[{\"@type\":\"ReadAction\",\"target\":[\"https:\/\/www.akilles.fi\/friidrott\/borga-stavcup-2025-porvoon-seivascup\/\"]}]},{\"@type\":\"BreadcrumbList\",\"@id\":\"https:\/\/www.akilles.fi\/friidrott\/borga-stavcup-2025-porvoon-seivascup\/#breadcrumb\",\"itemListElement\":[{\"@type\":\"ListItem\",\"position\":1,\"name\":\"Home\",\"item\":\"https:\/\/www.akilles.fi\/friidrott\/\"},{\"@type\":\"ListItem\",\"position\":2,\"name\":\"Borg\u00e5 stavcup &#8211; 2025 &#8211; Porvoon Seiv\u00e4scup\"}]},{\"@type\":\"WebSite\",\"@id\":\"https:\/\/www.akilles.fi\/friidrott\/#website\",\"url\":\"https:\/\/www.akilles.fi\/friidrott\/\",\"name\":\"Friidrott - Yleisurheilu\",\"description\":\"Borg\u00e5 Akilles Friidrott- Porvoon Akilles Yleisurheilu\",\"potentialAction\":[{\"@type\":\"SearchAction\",\"target\":{\"@type\":\"EntryPoint\",\"urlTemplate\":\"https:\/\/www.akilles.fi\/friidrott\/?s={search_term_string}\"},\"query-input\":{\"@type\":\"PropertyValueSpecification\",\"valueRequired\":true,\"valueName\":\"search_term_string\"}}],\"inLanguage\":\"sv-SE\"}]}<\/script>\n<!-- \/ Yoast SEO plugin. -->","yoast_head_json":{"title":"Borg\u00e5 stavcup - 2025 - Porvoon Seiv\u00e4scup - Friidrott - Yleisurheilu","robots":{"index":"index","follow":"follow","max-snippet":"max-snippet:-1","max-image-preview":"max-image-preview:large","max-video-preview":"max-video-preview:-1"},"canonical":"https:\/\/www.akilles.fi\/friidrott\/borga-stavcup-2025-porvoon-seivascup\/","og_locale":"sv_SE","og_type":"article","og_title":"Borg\u00e5 stavcup - 2025 - Porvoon Seiv\u00e4scup - Friidrott - Yleisurheilu","og_description":"Del 1, Anm\u00e4lning senast 23.6.2025 Anm\u00e4lningsavgiften: 10\u20ac \/ gren, efteranm\u00e4lning 20 \u20ac \/ gren.Betalas till konto FI7840501040019621Anm\u00e4lningsavgiften g\u00e4ller ej Akilles idrottare F\u00f6rfr\u00e5gningar: Mikael Finell,\u00a0mickifinell@hotmail.com 050-3276773, Miro Wikgren miro.wikgren@gmail.com 041-5271037 Tre delt\u00e4vlingar 2025 Onsdag 25.6 Borg\u00e5 Stavcup del 1 (sista siffran 7 tex 207) Borg\u00e5\/C kl 17.30 F\/P 9-15, H\/D 17-19: stav \u00a0 Del 1, Anm\u00e4lning [&hellip;]","og_url":"https:\/\/www.akilles.fi\/friidrott\/borga-stavcup-2025-porvoon-seivascup\/","og_site_name":"Friidrott - Yleisurheilu","article_modified_time":"2025-11-01T13:41:01+00:00","twitter_card":"summary_large_image","twitter_misc":{"Ber\u00e4knad l\u00e4stid":"7 minuter"},"schema":{"@context":"https:\/\/schema.org","@graph":[{"@type":"WebPage","@id":"https:\/\/www.akilles.fi\/friidrott\/borga-stavcup-2025-porvoon-seivascup\/","url":"https:\/\/www.akilles.fi\/friidrott\/borga-stavcup-2025-porvoon-seivascup\/","name":"Borg\u00e5 stavcup - 2025 - Porvoon Seiv\u00e4scup - Friidrott - Yleisurheilu","isPartOf":{"@id":"https:\/\/www.akilles.fi\/friidrott\/#website"},"datePublished":"2025-04-21T11:40:56+00:00","dateModified":"2025-11-01T13:41:01+00:00","breadcrumb":{"@id":"https:\/\/www.akilles.fi\/friidrott\/borga-stavcup-2025-porvoon-seivascup\/#breadcrumb"},"inLanguage":"sv-SE","potentialAction":[{"@type":"ReadAction","target":["https:\/\/www.akilles.fi\/friidrott\/borga-stavcup-2025-porvoon-seivascup\/"]}]},{"@type":"BreadcrumbList","@id":"https:\/\/www.akilles.fi\/friidrott\/borga-stavcup-2025-porvoon-seivascup\/#breadcrumb","itemListElement":[{"@type":"ListItem","position":1,"name":"Home","item":"https:\/\/www.akilles.fi\/friidrott\/"},{"@type":"ListItem","position":2,"name":"Borg\u00e5 stavcup &#8211; 2025 &#8211; Porvoon Seiv\u00e4scup"}]},{"@type":"WebSite","@id":"https:\/\/www.akilles.fi\/friidrott\/#website","url":"https:\/\/www.akilles.fi\/friidrott\/","name":"Friidrott - Yleisurheilu","description":"Borg\u00e5 Akilles Friidrott- Porvoon Akilles Yleisurheilu","potentialAction":[{"@type":"SearchAction","target":{"@type":"EntryPoint","urlTemplate":"https:\/\/www.akilles.fi\/friidrott\/?s={search_term_string}"},"query-input":{"@type":"PropertyValueSpecification","valueRequired":true,"valueName":"search_term_string"}}],"inLanguage":"sv-SE"}]}},"_links":{"self":[{"href":"https:\/\/www.akilles.fi\/friidrott\/wp-json\/wp\/v2\/pages\/26859","targetHints":{"allow":["GET"]}}],"collection":[{"href":"https:\/\/www.akilles.fi\/friidrott\/wp-json\/wp\/v2\/pages"}],"about":[{"href":"https:\/\/www.akilles.fi\/friidrott\/wp-json\/wp\/v2\/types\/page"}],"author":[{"embeddable":true,"href":"https:\/\/www.akilles.fi\/friidrott\/wp-json\/wp\/v2\/users\/3"}],"replies":[{"embeddable":true,"href":"https:\/\/www.akilles.fi\/friidrott\/wp-json\/wp\/v2\/comments?post=26859"}],"version-history":[{"count":37,"href":"https:\/\/www.akilles.fi\/friidrott\/wp-json\/wp\/v2\/pages\/26859\/revisions"}],"predecessor-version":[{"id":28819,"href":"https:\/\/www.akilles.fi\/friidrott\/wp-json\/wp\/v2\/pages\/26859\/revisions\/28819"}],"wp:attachment":[{"href":"https:\/\/www.akilles.fi\/friidrott\/wp-json\/wp\/v2\/media?parent=26859"}],"curies":[{"name":"wp","href":"https:\/\/api.w.org\/{rel}","templated":true}]}}