{"id":2742,"date":"2019-07-04T14:02:09","date_gmt":"2019-07-04T14:02:09","guid":{"rendered":"http:\/\/www.akilles.fi\/friidrott\/?page_id=2742"},"modified":"2019-09-12T09:38:03","modified_gmt":"2019-09-12T09:38:03","slug":"borga-stavcup-2019-resultat-porvoo-seivascup-tulokset","status":"publish","type":"page","link":"https:\/\/www.akilles.fi\/friidrott\/borga-stavcup-2019-resultat-porvoo-seivascup-tulokset\/","title":{"rendered":"Borg\u00e5 Stavcup 2019 resultat &#8211; Porvoo seiv\u00e4scup tulokset"},"content":{"rendered":"\t\t<div data-elementor-type=\"wp-post\" data-elementor-id=\"2742\" class=\"elementor elementor-2742\" data-elementor-post-type=\"page\">\n\t\t\t\t\t\t<section class=\"elementor-section elementor-top-section elementor-element elementor-element-254812f elementor-section-boxed elementor-section-height-default elementor-section-height-default\" data-id=\"254812f\" data-element_type=\"section\">\n\t\t\t\t\t\t<div class=\"elementor-container elementor-column-gap-default\">\n\t\t\t\t\t<div class=\"elementor-column elementor-col-100 elementor-top-column elementor-element elementor-element-8f6a6eb\" data-id=\"8f6a6eb\" data-element_type=\"column\">\n\t\t\t<div class=\"elementor-widget-wrap elementor-element-populated\">\n\t\t\t\t\t\t<section class=\"elementor-section elementor-inner-section elementor-element elementor-element-ec4cc0c elementor-section-boxed elementor-section-height-default elementor-section-height-default\" data-id=\"ec4cc0c\" data-element_type=\"section\">\n\t\t\t\t\t\t<div class=\"elementor-container elementor-column-gap-default\">\n\t\t\t\t\t<div class=\"elementor-column elementor-col-50 elementor-inner-column elementor-element elementor-element-6265345\" data-id=\"6265345\" data-element_type=\"column\">\n\t\t\t<div class=\"elementor-widget-wrap elementor-element-populated\">\n\t\t\t\t\t\t<div class=\"elementor-element elementor-element-8d3d5c3 elementor-widget elementor-widget-text-editor\" data-id=\"8d3d5c3\" data-element_type=\"widget\" data-widget_type=\"text-editor.default\">\n\t\t\t\t<div class=\"elementor-widget-container\">\n\t\t\t\t\t\t\t\t\t<table cellspacing=\"0\" cellpadding=\"0\"><tbody><tr><td>\u00a0<\/td><td>\u00a0<\/td><td colspan=\"11\"><strong>Slutst\u00e4llningen i Borg\u00e5 Stavcup 2019<\/strong>\u00a0<\/td><\/tr><tr><td colspan=\"10\">\u00a0<\/td><td align=\"right\">3.7.19<\/td><td align=\"right\">19.8.19<\/td><td align=\"right\">9.9.19<\/td><\/tr><tr><td>\u00a0<\/td><td>\u00a0<\/td><td><strong>Serie 9 &#8211; 13 \u00e5r<\/strong><\/td><td>\u00a0<\/td><td>po\u00e4ng<\/td><td>\u00a0<\/td><td><div align=\"right\">po\u00e4ng 1<\/div><\/td><td><div align=\"right\">po\u00e4ng 2<\/div><\/td><td><div align=\"right\">po\u00e4ng 3<\/div><\/td><td>\u00a0<\/td><td>del 1<\/td><td>del 2<\/td><td>del 3<\/td><\/tr><tr><td align=\"right\"><div align=\"left\">1<\/div><\/td><td>P9<\/td><td>Tobias Tallqvist<\/td><td>Akilles<\/td><td align=\"right\"><div align=\"left\">2,87<\/div><\/td><td>3<\/td><td><div align=\"right\">(1,36)<\/div><\/td><td><div align=\"right\">1,453<\/div><\/td><td><div align=\"right\">1,413<\/div><\/td><td>\u00a0<\/td><td align=\"right\">205<\/td><td align=\"right\">218<\/td><td align=\"right\">212<\/td><\/tr><tr><td align=\"right\"><div align=\"left\">2<\/div><\/td><td>F10<\/td><td>Fanny Finell<\/td><td>Akilles<\/td><td align=\"right\"><div align=\"left\">2,57<\/div><\/td><td>3<\/td><td><div align=\"right\">(1,17)<\/div><\/td><td><div align=\"right\">1,271<\/div><\/td><td><div align=\"right\">1,300<\/div><\/td><td>\u00a0<\/td><td align=\"right\">165<\/td><td align=\"right\">178<\/td><td align=\"right\">182<\/td><\/tr><tr><td align=\"right\"><div align=\"left\">3<\/div><\/td><td>P13<\/td><td>Henri Aspelin<\/td><td>Akilles<\/td><td align=\"right\"><div align=\"left\">2,40<\/div><\/td><td>3<\/td><td><div align=\"right\">1,196<\/div><\/td><td><div align=\"right\">1,209<\/div><\/td><td><div align=\"right\">(1,05)<\/div><\/td><td>\u00a0<\/td><td align=\"right\">275<\/td><td align=\"right\">278<\/td><td align=\"right\">242<\/td><\/tr><tr><td align=\"right\"><div align=\"left\">4<\/div><\/td><td>F11<\/td><td>Brenda Jalkanen<\/td><td>Akilles<\/td><td align=\"right\"><div align=\"left\">2,36<\/div><\/td><td>2<\/td><td><div align=\"right\">1,156<\/div><\/td><td><div align=\"right\">\u00a0<\/div><\/td><td><div align=\"right\">1,200<\/div><\/td><td>\u00a0<\/td><td align=\"right\">185<\/td><td>\u00a0<\/td><td align=\"right\">192<\/td><\/tr><tr><td align=\"right\"><div align=\"left\">5<\/div><\/td><td>P12<\/td><td>Albert Isaksson<\/td><td>Akilles<\/td><td align=\"right\"><div align=\"left\">2,22<\/div><\/td><td>3<\/td><td><div align=\"right\">1,071<\/div><\/td><td><div align=\"right\">(1,03)<\/div><\/td><td><div align=\"right\">1,152<\/div><\/td><td>\u00a0<\/td><td align=\"right\">225<\/td><td align=\"right\">218<\/td><td align=\"right\">242<\/td><\/tr><tr><td align=\"right\"><div align=\"left\">6<\/div><\/td><td>F11<\/td><td>Sarah Isaksson<\/td><td>Akilles<\/td><td align=\"right\"><div align=\"left\">2,19<\/div><\/td><td>2<\/td><td><div align=\"right\">\u00a0<\/div><\/td><td><div align=\"right\">1,113<\/div><\/td><td><div align=\"right\">1,075<\/div><\/td><td>\u00a0<\/td><td>\u00a0<\/td><td align=\"right\">178<\/td><td align=\"right\">172<\/td><\/tr><tr><td align=\"right\"><div align=\"left\">7<\/div><\/td><td>F11<\/td><td>Frida Blomfelt<\/td><td>Esbo IF<\/td><td align=\"right\"><div align=\"left\">1,11<\/div><\/td><td>1<\/td><td><div align=\"right\">\u00a0<\/div><\/td><td><div align=\"right\">1,113<\/div><\/td><td><div align=\"right\">\u00a0<\/div><\/td><td>\u00a0<\/td><td>\u00a0<\/td><td align=\"right\">178<\/td><td>\u00a0<\/td><\/tr><tr><td align=\"right\"><div align=\"left\">8<\/div><\/td><td>F12<\/td><td>Fanny Holm<\/td><td>IFSibboV<\/td><td align=\"right\"><div align=\"left\">0,93<\/div><\/td><td>1<\/td><td><div align=\"right\">0,925<\/div><\/td><td><div align=\"right\">\u00a0<\/div><\/td><td><div align=\"right\">\u00a0<\/div><\/td><td>\u00a0<\/td><td align=\"right\">185<\/td><td>\u00a0<\/td><td>\u00a0<\/td><\/tr><tr><td><div align=\"left\">\u00a0<\/div><\/td><td>\u00a0<\/td><td>\u00a0<\/td><td>\u00a0<\/td><td><div align=\"left\">\u00a0<\/div><\/td><td>\u00a0<\/td><td><div align=\"right\">\u00a0<\/div><\/td><td><div align=\"right\">\u00a0<\/div><\/td><td><div align=\"right\">\u00a0<\/div><\/td><td>\u00a0<\/td><td>\u00a0<\/td><td>\u00a0<\/td><td>\u00a0<\/td><\/tr><tr><td colspan=\"10\"><div align=\"left\">\u00a0<\/div><\/td><td align=\"right\">3.7.19<\/td><td align=\"right\">21.8.19<\/td><td align=\"right\">11.9.19<\/td><\/tr><tr><td><div align=\"left\">\u00a0<\/div><\/td><td>\u00a0<\/td><td><strong>Serie14 &#8211; 19 \u00e5r<\/strong><\/td><td>\u00a0<\/td><td><div align=\"left\">po\u00e4ng<\/div><\/td><td>\u00a0<\/td><td><div align=\"right\">po\u00e4ng 1 .<\/div><\/td><td><div align=\"right\">po\u00e4ng 2 .<\/div><\/td><td><div align=\"right\">po\u00e4ng 3 .<\/div><\/td><td>\u00a0<\/td><td>del 1<\/td><td>del 2<\/td><td>del 3<\/td><\/tr><tr><td align=\"right\"><div align=\"left\">1<\/div><\/td><td>F14<\/td><td>Selma Lepist\u00f6<\/td><td>Akilles<\/td><td align=\"right\"><div align=\"left\">2,37<\/div><\/td><td>3<\/td><td><div align=\"right\">1,119<\/div><\/td><td><div align=\"right\">(1,08)<\/div><\/td><td><div align=\"right\">1,248<\/div><\/td><td>\u00a0<\/td><td align=\"right\">235<\/td><td align=\"right\">228<\/td><td align=\"right\">262<\/td><\/tr><tr><td align=\"right\"><div align=\"left\">2<\/div><\/td><td>P17<\/td><td>Niklas Tallqvist<\/td><td>Akilles<\/td><td align=\"right\"><div align=\"left\">2,24<\/div><\/td><td>2<\/td><td><div align=\"right\">1,129<\/div><\/td><td><div align=\"right\">1,109<\/div><\/td><td><div align=\"right\">\u00a0<\/div><\/td><td>\u00a0<\/td><td align=\"right\">395<\/td><td align=\"right\">388<\/td><td>\u00a0<\/td><\/tr><tr><td align=\"right\"><div align=\"left\">3<\/div><\/td><td>P17<\/td><td>Otto Junnila<\/td><td>IFSibboV<\/td><td align=\"right\"><div align=\"left\">2,16<\/div><\/td><td>2<\/td><td><div align=\"right\">1,100<\/div><\/td><td><div align=\"right\">\u00a0<\/div><\/td><td><div align=\"right\">1,063<\/div><\/td><td>\u00a0<\/td><td align=\"right\">385<\/td><td>\u00a0<\/td><td align=\"right\">372<\/td><\/tr><tr><td align=\"right\"><div align=\"left\">4<\/div><\/td><td>P14<\/td><td>Samuel Puustinen<\/td><td>Akilles<\/td><td align=\"right\"><div align=\"left\">2,00<\/div><\/td><td>3<\/td><td><div align=\"right\">(0,82)<\/div><\/td><td><div align=\"right\">0,992<\/div><\/td><td><div align=\"right\">1,008<\/div><\/td><td>\u00a0<\/td><td align=\"right\">215<\/td><td align=\"right\">258<\/td><td align=\"right\">262<\/td><\/tr><tr><td align=\"right\"><div align=\"left\">5<\/div><\/td><td>P17<\/td><td>Andrei Kiviharju<\/td><td>Esbo IF<\/td><td align=\"right\"><div align=\"left\">1,13<\/div><\/td><td>1<\/td><td><div align=\"right\">1,129<\/div><\/td><td><div align=\"right\">\u00a0<\/div><\/td><td><div align=\"right\">\u00a0<\/div><\/td><td>\u00a0<\/td><td align=\"right\">395<\/td><td>\u00a0<\/td><td>\u00a0<\/td><\/tr><tr><td align=\"right\"><div align=\"left\">6<\/div><\/td><td>P17<\/td><td>Artjom Kiviharju<\/td><td>Esbo IF<\/td><td align=\"right\"><div align=\"left\">0,96<\/div><\/td><td>1<\/td><td><div align=\"right\">0,957<\/div><\/td><td><div align=\"right\">\u00a0<\/div><\/td><td><div align=\"right\">\u00a0<\/div><\/td><td>\u00a0<\/td><td align=\"right\">335<\/td><td>\u00a0<\/td><td>\u00a0<\/td><\/tr><tr><td align=\"right\"><div align=\"left\">7 .<\/div><\/td><td>P14 .<\/td><td><p>Linus Henriksson .<\/p><\/td><td>Akilles<\/td><td align=\"right\"><div align=\"left\">0,88<\/div><\/td><td>1<\/td><td><div align=\"right\">\u00a0<\/div><\/td><td><div align=\"right\">0,877<\/div><\/td><td><div align=\"right\">\u00a0<\/div><\/td><td>\u00a0<\/td><td>\u00a0<\/td><td align=\"right\">228<\/td><td>\u00a0<\/td><\/tr><\/tbody><\/table><p>\u00a0<\/p><p>Resultat fr\u00e5n Borg\u00e5 <b>STAVCUP del 3<\/b><br \/>11.9.2019<b> onsdag<\/b><\/p><p>H17<br \/>1. Otto Junnila IFSibboV 372<br \/>342\/o 352\/o 362\/o 372\/xxo 382\/xxx<br \/>P15<br \/>1. Otso V\u00e4yrynen Keski-U YU 362<br \/>332\/o 342\/xo 352\/o 362\/o 372\/xxx<br \/>P14<br \/>1. Samuel Puustinen Akilles 262<br \/>222\/o 242\/o 252\/xxo 262\/xxo 272\/xxx<br \/>F15<br \/>1. Isla Sokoff HyvSeudun Urh 272<br \/>242\/o 252\/o 262\/o 272\/xo 282\/xxx<br \/>F14<br \/>1. Selma Lepist\u00f6 Akilles 262<br \/>222\/xo 242\/xxo 252\/o 262\/o 272\/xxx<\/p><p>Resultat fr\u00e5n <b>Borg\u00e5 STAVCUP del 3\u00a0<\/b><br \/>9.9.2019 <b>m\u00e5ndag (h\u00f6gra stavst\u00e4llningen bytt)<\/b><br \/>P13<br \/>1. Henri Aspelin Akilles 242<br \/>P12<br \/>1. Albert Isaksson Akilles 242<br \/>P10<br \/>1. Robin Helenius TUL 212<br \/>P9<br \/>1. Tobias Tallqvist Akilles 212<br \/>F14<br \/>1. Selma Lepist\u00f6 Akilles 262<br \/>F11<br \/>1. Brenda Jalkanen Akilles 192<br \/>2. Sarah Isaksson Akilles 172<br \/>F10<br \/>1. Fanny Finell Akilles 182<\/p><p>Resu<b>ltat fr\u00e5n Borg\u00e5 STAVCUP del 2<\/b><br \/>2<b>1.8.2019<\/b><br \/>Herrar<br \/>1. Victor Fagerholm Akilles 428<br \/>398\/xo 408\/xo 418\/o 428\/xo 438\/xxx<br \/>H19<br \/>Veeti Vesalainen Lahden Ahkera NH<br \/>468\/x (tyv\u00e4rr olycksfall)<br \/>H17<br \/>1. Niklas Tallqvist Akilles 388<br \/>368\/o 388\/o 408\/xxx<br \/>P15<br \/>1. Eerik M\u00e4kel\u00e4 Lahden Ahkera 398<br \/>378\/xxo 398\/o 408\/xxx<br \/>P14<br \/>1. Samuel Puustinen Akilles 258<br \/>198\/o 218\/o 228\/o 238\/o 248\/o 258\/xo 268\/xxx<br \/>2. Linus Henriksson Akilles 228<br \/>188\/o 198\/o 218\/o 228\/o 238\/xxx<\/p><p>D19<br \/>1. Marielle Gustafsson Esbo IF 308<br \/>288\/xxo 298\/o 308\/xxo 318\/xxx<br \/>F14<br \/>1. Selma Lepist\u00f6 Akilles 228<br \/>218\/o 228\/o 238\/xxx<\/p><p><b>Resultat fr\u00e5n Borg\u00e5 STAVCUP del 2<\/b><br \/>19.8.2019 Borg\u00e5 Centralidrottsplan<br \/>P13<br \/>1. Henri Aspelin Akilles 278<br \/>P12<br \/>1. Albert Isaksson Akilles 223<br \/>P9<br \/>1. Tobias Tallqvist Akilles 218<\/p><p>F11<br \/>1. Frida Blomfelt Esbo IF 178<br \/>1. Sarah Isaksson Akilles 178<br \/>F10<br \/>1. Fanny Finell Akilles 178<\/p><table border=\"0\" width=\"131\" cellspacing=\"0\" cellpadding=\"0\"><tbody><tr><td width=\"131\" height=\"17\"><h4>Resultat fr\u00e5n Borg\u00e5 STAVCUP del 1<\/h4><\/td><\/tr><tr><td height=\"17\">3.7.2019\u00a0 Borg\u00e5 Centralidrottsplan<\/td><\/tr><tr><td height=\"17\">H17<\/td><\/tr><tr><td height=\"17\">1. Niklas Tallqvist Akilles 395<\/td><\/tr><tr><td height=\"17\">375\/xo 395\/xo 405\/xxx<\/td><\/tr><tr><td height=\"17\">2. Andrei Kiviharju Esbo IF 395<\/td><\/tr><tr><td height=\"17\">355\/xxo 375\/o 385\/xo 395\/xxo 405\/xxx<\/td><\/tr><tr><td height=\"17\">3. Otto Junnila IFSibboV 385<\/td><\/tr><tr><td height=\"17\">355\/o 365\/o 375\/xo 385\/o 395\/xxx<\/td><\/tr><tr><td height=\"17\">4. Artjom Kiviharju Esbo IF 335<\/td><\/tr><tr><td height=\"17\">335\/o 345\/xxx<\/td><\/tr><tr><td height=\"17\">\u00a0P14<\/td><\/tr><tr><td height=\"17\">1. Samuel Puustinen Akilles 215<\/td><\/tr><tr><td height=\"17\">\u00a0P13<\/td><\/tr><tr><td height=\"17\">1. Henri Aspelin Akilles 275<\/td><\/tr><tr><td height=\"17\">\u00a0P12<\/td><\/tr><tr><td height=\"17\">1. Albert Isaksson Akilles 225<\/td><\/tr><tr><td height=\"17\">\u00a0P9<\/td><\/tr><tr><td height=\"17\">1. Tobias Tallqvist Akilles 205<\/td><\/tr><tr><td height=\"17\">\u00a0<\/td><\/tr><tr><td height=\"17\">\u00a0F14<\/td><\/tr><tr><td height=\"17\">1. Selma Lepist\u00f6 Akilles 235<\/td><\/tr><tr><td height=\"17\">\u00a0F12<\/td><\/tr><tr><td height=\"17\">1. Fanny Holm IFSibboV 185<\/td><\/tr><tr><td height=\"17\">\u00a0F11<\/td><\/tr><tr><td height=\"17\">1. Brenda Jalkanen Akilles 185<\/td><\/tr><tr><td height=\"17\">\u00a0F10<\/td><\/tr><tr><td height=\"17\">1. Fanny Finell Akilles 165<\/td><\/tr><\/tbody><\/table>\t\t\t\t\t\t\t\t<\/div>\n\t\t\t\t<\/div>\n\t\t\t\t\t<\/div>\n\t\t<\/div>\n\t\t\t\t<div class=\"elementor-column elementor-col-50 elementor-inner-column elementor-element elementor-element-c61236d\" data-id=\"c61236d\" data-element_type=\"column\">\n\t\t\t<div class=\"elementor-widget-wrap\">\n\t\t\t\t\t\t\t<\/div>\n\t\t<\/div>\n\t\t\t\t\t<\/div>\n\t\t<\/section>\n\t\t\t\t\t<\/div>\n\t\t<\/div>\n\t\t\t\t\t<\/div>\n\t\t<\/section>\n\t\t\t\t<\/div>\n\t\t","protected":false},"excerpt":{"rendered":"<p>\u00a0 \u00a0 Slutst\u00e4llningen i Borg\u00e5 Stavcup 2019\u00a0 \u00a0 3.7.19 19.8.19 9.9.19 \u00a0 \u00a0 Serie 9 &#8211; 13 \u00e5r \u00a0 po\u00e4ng \u00a0 po\u00e4ng 1 po\u00e4ng 2 po\u00e4ng 3 \u00a0 del 1 del 2 del 3 1 P9 Tobias Tallqvist Akilles 2,87 3 (1,36) 1,453 1,413 \u00a0 205 218 212 2 F10 Fanny Finell Akilles 2,57 3 [&hellip;]<\/p>\n","protected":false},"author":3,"featured_media":0,"parent":0,"menu_order":0,"comment_status":"closed","ping_status":"closed","template":"","meta":{"_crdt_document":"","footnotes":""},"class_list":["post-2742","page","type-page","status-publish","hentry"],"yoast_head":"<!-- This site is optimized with the Yoast SEO plugin v27.4 - https:\/\/yoast.com\/product\/yoast-seo-wordpress\/ -->\n<title>Borg\u00e5 Stavcup 2019 resultat - Porvoo seiv\u00e4scup tulokset - Friidrott - Yleisurheilu<\/title>\n<meta name=\"robots\" content=\"index, follow, max-snippet:-1, max-image-preview:large, max-video-preview:-1\" \/>\n<link rel=\"canonical\" href=\"https:\/\/www.akilles.fi\/friidrott\/borga-stavcup-2019-resultat-porvoo-seivascup-tulokset\/\" \/>\n<meta property=\"og:locale\" content=\"sv_SE\" \/>\n<meta property=\"og:type\" content=\"article\" \/>\n<meta property=\"og:title\" content=\"Borg\u00e5 Stavcup 2019 resultat - Porvoo seiv\u00e4scup tulokset - Friidrott - Yleisurheilu\" \/>\n<meta property=\"og:description\" content=\"\u00a0 \u00a0 Slutst\u00e4llningen i Borg\u00e5 Stavcup 2019\u00a0 \u00a0 3.7.19 19.8.19 9.9.19 \u00a0 \u00a0 Serie 9 &#8211; 13 \u00e5r \u00a0 po\u00e4ng \u00a0 po\u00e4ng 1 po\u00e4ng 2 po\u00e4ng 3 \u00a0 del 1 del 2 del 3 1 P9 Tobias Tallqvist Akilles 2,87 3 (1,36) 1,453 1,413 \u00a0 205 218 212 2 F10 Fanny Finell Akilles 2,57 3 [&hellip;]\" \/>\n<meta property=\"og:url\" content=\"https:\/\/www.akilles.fi\/friidrott\/borga-stavcup-2019-resultat-porvoo-seivascup-tulokset\/\" \/>\n<meta property=\"og:site_name\" content=\"Friidrott - Yleisurheilu\" \/>\n<meta property=\"article:modified_time\" content=\"2019-09-12T09:38:03+00:00\" \/>\n<meta name=\"twitter:card\" content=\"summary_large_image\" \/>\n<meta name=\"twitter:label1\" content=\"Ber\u00e4knad l\u00e4stid\" \/>\n\t<meta name=\"twitter:data1\" content=\"2 minuter\" \/>\n<script type=\"application\/ld+json\" class=\"yoast-schema-graph\">{\"@context\":\"https:\\\/\\\/schema.org\",\"@graph\":[{\"@type\":\"WebPage\",\"@id\":\"https:\\\/\\\/www.akilles.fi\\\/friidrott\\\/borga-stavcup-2019-resultat-porvoo-seivascup-tulokset\\\/\",\"url\":\"https:\\\/\\\/www.akilles.fi\\\/friidrott\\\/borga-stavcup-2019-resultat-porvoo-seivascup-tulokset\\\/\",\"name\":\"Borg\u00e5 Stavcup 2019 resultat - Porvoo seiv\u00e4scup tulokset - Friidrott - Yleisurheilu\",\"isPartOf\":{\"@id\":\"https:\\\/\\\/www.akilles.fi\\\/friidrott\\\/#website\"},\"datePublished\":\"2019-07-04T14:02:09+00:00\",\"dateModified\":\"2019-09-12T09:38:03+00:00\",\"breadcrumb\":{\"@id\":\"https:\\\/\\\/www.akilles.fi\\\/friidrott\\\/borga-stavcup-2019-resultat-porvoo-seivascup-tulokset\\\/#breadcrumb\"},\"inLanguage\":\"sv-SE\",\"potentialAction\":[{\"@type\":\"ReadAction\",\"target\":[\"https:\\\/\\\/www.akilles.fi\\\/friidrott\\\/borga-stavcup-2019-resultat-porvoo-seivascup-tulokset\\\/\"]}]},{\"@type\":\"BreadcrumbList\",\"@id\":\"https:\\\/\\\/www.akilles.fi\\\/friidrott\\\/borga-stavcup-2019-resultat-porvoo-seivascup-tulokset\\\/#breadcrumb\",\"itemListElement\":[{\"@type\":\"ListItem\",\"position\":1,\"name\":\"Home\",\"item\":\"https:\\\/\\\/www.akilles.fi\\\/friidrott\\\/\"},{\"@type\":\"ListItem\",\"position\":2,\"name\":\"Borg\u00e5 Stavcup 2019 resultat &#8211; Porvoo seiv\u00e4scup tulokset\"}]},{\"@type\":\"WebSite\",\"@id\":\"https:\\\/\\\/www.akilles.fi\\\/friidrott\\\/#website\",\"url\":\"https:\\\/\\\/www.akilles.fi\\\/friidrott\\\/\",\"name\":\"Friidrott - Yleisurheilu\",\"description\":\"Borg\u00e5 Akilles Friidrott- Porvoon Akilles Yleisurheilu\",\"potentialAction\":[{\"@type\":\"SearchAction\",\"target\":{\"@type\":\"EntryPoint\",\"urlTemplate\":\"https:\\\/\\\/www.akilles.fi\\\/friidrott\\\/?s={search_term_string}\"},\"query-input\":{\"@type\":\"PropertyValueSpecification\",\"valueRequired\":true,\"valueName\":\"search_term_string\"}}],\"inLanguage\":\"sv-SE\"}]}<\/script>\n<!-- \/ Yoast SEO plugin. -->","yoast_head_json":{"title":"Borg\u00e5 Stavcup 2019 resultat - Porvoo seiv\u00e4scup tulokset - Friidrott - Yleisurheilu","robots":{"index":"index","follow":"follow","max-snippet":"max-snippet:-1","max-image-preview":"max-image-preview:large","max-video-preview":"max-video-preview:-1"},"canonical":"https:\/\/www.akilles.fi\/friidrott\/borga-stavcup-2019-resultat-porvoo-seivascup-tulokset\/","og_locale":"sv_SE","og_type":"article","og_title":"Borg\u00e5 Stavcup 2019 resultat - Porvoo seiv\u00e4scup tulokset - Friidrott - Yleisurheilu","og_description":"\u00a0 \u00a0 Slutst\u00e4llningen i Borg\u00e5 Stavcup 2019\u00a0 \u00a0 3.7.19 19.8.19 9.9.19 \u00a0 \u00a0 Serie 9 &#8211; 13 \u00e5r \u00a0 po\u00e4ng \u00a0 po\u00e4ng 1 po\u00e4ng 2 po\u00e4ng 3 \u00a0 del 1 del 2 del 3 1 P9 Tobias Tallqvist Akilles 2,87 3 (1,36) 1,453 1,413 \u00a0 205 218 212 2 F10 Fanny Finell Akilles 2,57 3 [&hellip;]","og_url":"https:\/\/www.akilles.fi\/friidrott\/borga-stavcup-2019-resultat-porvoo-seivascup-tulokset\/","og_site_name":"Friidrott - Yleisurheilu","article_modified_time":"2019-09-12T09:38:03+00:00","twitter_card":"summary_large_image","twitter_misc":{"Ber\u00e4knad l\u00e4stid":"2 minuter"},"schema":{"@context":"https:\/\/schema.org","@graph":[{"@type":"WebPage","@id":"https:\/\/www.akilles.fi\/friidrott\/borga-stavcup-2019-resultat-porvoo-seivascup-tulokset\/","url":"https:\/\/www.akilles.fi\/friidrott\/borga-stavcup-2019-resultat-porvoo-seivascup-tulokset\/","name":"Borg\u00e5 Stavcup 2019 resultat - Porvoo seiv\u00e4scup tulokset - Friidrott - Yleisurheilu","isPartOf":{"@id":"https:\/\/www.akilles.fi\/friidrott\/#website"},"datePublished":"2019-07-04T14:02:09+00:00","dateModified":"2019-09-12T09:38:03+00:00","breadcrumb":{"@id":"https:\/\/www.akilles.fi\/friidrott\/borga-stavcup-2019-resultat-porvoo-seivascup-tulokset\/#breadcrumb"},"inLanguage":"sv-SE","potentialAction":[{"@type":"ReadAction","target":["https:\/\/www.akilles.fi\/friidrott\/borga-stavcup-2019-resultat-porvoo-seivascup-tulokset\/"]}]},{"@type":"BreadcrumbList","@id":"https:\/\/www.akilles.fi\/friidrott\/borga-stavcup-2019-resultat-porvoo-seivascup-tulokset\/#breadcrumb","itemListElement":[{"@type":"ListItem","position":1,"name":"Home","item":"https:\/\/www.akilles.fi\/friidrott\/"},{"@type":"ListItem","position":2,"name":"Borg\u00e5 Stavcup 2019 resultat &#8211; Porvoo seiv\u00e4scup tulokset"}]},{"@type":"WebSite","@id":"https:\/\/www.akilles.fi\/friidrott\/#website","url":"https:\/\/www.akilles.fi\/friidrott\/","name":"Friidrott - Yleisurheilu","description":"Borg\u00e5 Akilles Friidrott- Porvoon Akilles Yleisurheilu","potentialAction":[{"@type":"SearchAction","target":{"@type":"EntryPoint","urlTemplate":"https:\/\/www.akilles.fi\/friidrott\/?s={search_term_string}"},"query-input":{"@type":"PropertyValueSpecification","valueRequired":true,"valueName":"search_term_string"}}],"inLanguage":"sv-SE"}]}},"_links":{"self":[{"href":"https:\/\/www.akilles.fi\/friidrott\/wp-json\/wp\/v2\/pages\/2742","targetHints":{"allow":["GET"]}}],"collection":[{"href":"https:\/\/www.akilles.fi\/friidrott\/wp-json\/wp\/v2\/pages"}],"about":[{"href":"https:\/\/www.akilles.fi\/friidrott\/wp-json\/wp\/v2\/types\/page"}],"author":[{"embeddable":true,"href":"https:\/\/www.akilles.fi\/friidrott\/wp-json\/wp\/v2\/users\/3"}],"replies":[{"embeddable":true,"href":"https:\/\/www.akilles.fi\/friidrott\/wp-json\/wp\/v2\/comments?post=2742"}],"version-history":[{"count":12,"href":"https:\/\/www.akilles.fi\/friidrott\/wp-json\/wp\/v2\/pages\/2742\/revisions"}],"predecessor-version":[{"id":3344,"href":"https:\/\/www.akilles.fi\/friidrott\/wp-json\/wp\/v2\/pages\/2742\/revisions\/3344"}],"wp:attachment":[{"href":"https:\/\/www.akilles.fi\/friidrott\/wp-json\/wp\/v2\/media?parent=2742"}],"curies":[{"name":"wp","href":"https:\/\/api.w.org\/{rel}","templated":true}]}}