{"id":29198,"date":"2026-01-09T08:28:19","date_gmt":"2026-01-09T08:28:19","guid":{"rendered":"https:\/\/www.akilles.fi\/friidrott\/?page_id=29198"},"modified":"2026-03-29T15:54:56","modified_gmt":"2026-03-29T15:54:56","slug":"terrang-2026-maastojuoksut","status":"publish","type":"page","link":"https:\/\/www.akilles.fi\/friidrott\/terrang-2026-maastojuoksut\/","title":{"rendered":"Terr\u00e4ng 2026 Maastojuoksut"},"content":{"rendered":"\t\t<div data-elementor-type=\"wp-post\" data-elementor-id=\"29198\" class=\"elementor elementor-29198\" data-elementor-post-type=\"page\">\n\t\t\t\t\t\t<section class=\"elementor-section elementor-top-section elementor-element elementor-element-5b33fce elementor-section-boxed elementor-section-height-default elementor-section-height-default\" data-id=\"5b33fce\" data-element_type=\"section\">\n\t\t\t\t\t\t<div class=\"elementor-container elementor-column-gap-default\">\n\t\t\t\t\t<div class=\"elementor-column elementor-col-50 elementor-top-column elementor-element elementor-element-36d4c6b\" data-id=\"36d4c6b\" data-element_type=\"column\">\n\t\t\t<div class=\"elementor-widget-wrap elementor-element-populated\">\n\t\t\t\t\t\t<div class=\"elementor-element elementor-element-7fe5a50 elementor-widget elementor-widget-text-editor\" data-id=\"7fe5a50\" data-element_type=\"widget\" data-widget_type=\"text-editor.default\">\n\t\t\t\t<div class=\"elementor-widget-container\">\n\t\t\t\t\t\t\t\t\t<h5>Akilles m\u00e4sterskap i terr\u00e4ngl\u00f6pning 2026 Maastojuoksun mestaruuskisat<\/h5><p><span style=\"color: #008000;\"><a style=\"color: #008000;\" href=\"https:\/\/www.akilles.fi\/friidrott\/akilles-terrangmasterskap-maastojuoksun-mestaruuskilpailut\/\"><strong>RESULTAT &#8211; TULOKSET<\/strong><\/a><\/span><\/p><p>Tv\u00e5 delt\u00e4vlingar r\u00e4knas med i m\u00e4sterskapens resultat. <strong>Anm\u00e4lning<\/strong> p\u00e5 startplatsen.<\/p><p>Kaksi osakilpailua lasketaan mukaan mestaruuskisojen tuloksiin. <strong>Ilmoittautuminen<\/strong> l\u00e4ht\u00f6paikalla.<\/p><table width=\"502\" cellspacing=\"1\" cellpadding=\"1\"><tbody><tr><td><strong> Onsdag 15.4 kl. 18.00 (7 \u00e5r och \u00e4ldre) <span style=\"color: #ff0000;\"><span style=\"color: #003366;\">Jonasbackens motionsbana<\/span>,<br \/><\/span><\/strong>(Jonasv\u00e4gens parkering eller idrottshallens eller simhallens parkering)<p><strong>Torsdag 23.4\u00a0<\/strong><strong>kl. 18.00 (7 \u00e5r och \u00e4ldre) Jonasbackens motionsbana, <\/strong><\/p><p><strong>Tisdag 28.4 <\/strong><strong>kl. 18.00 (7 \u00e5r och \u00e4ldre) Jonasbackens motionsbana, <\/strong><\/p><\/td><td>\u00a0<\/td><td><strong>Keskiviikko 15.4 klo. 18.00 (7 v. ja vanhemmat)<\/strong><span style=\"color: #003366;\"><span style=\"color: #0000ff;\"><strong> Joonaanm\u00e4en<\/strong> <strong>kuntorata<\/strong><\/span><br \/>(Joonaksentien tai urheiluhallin tai uimahallin pys\u00e4k\u00f6inti)<\/span><p><strong><span style=\"color: #000000;\">Torstai 23.4 k<\/span>lo. klo. 18.00 (7 v. ja vanhemmat)\u00a0<span style=\"color: #0000ff;\">Joonaanm\u00e4en kuntorata<\/span><\/strong><\/p><p><strong><span style=\"color: #0000ff;\"><span style=\"color: #000000;\">Tiistaina 28.4<\/span>\u00a0<\/span>klo. 18.00 (7 v. ja vanhemmat) <span style=\"color: #0000ff;\">Joonaanm\u00e4en kuntorata<\/span><\/strong><\/p><\/td><td>\u00a0<\/td><\/tr><tr><td>Herrar, H19, H17: 3,0 km<\/td><td>\u00a0<\/td><td>Miehet, M19, M17: 3,0 km<\/td><td>\u00a0<\/td><\/tr><tr><td>P15, P14, P13, P12: 1,5 km<\/td><td>\u00a0<\/td><td>P15, P14, P13, P12: 1,5 km<\/td><td>\u00a0<\/td><\/tr><tr><td>P11, P10: 1,0 km<\/td><td>\u00a0<\/td><td>P11, P10: 1,0 km<\/td><td>\u00a0<\/td><\/tr><tr><td>P9, P8: 800 m<\/td><td>\u00a0<\/td><td>P9, P8: 800 m<\/td><td>\u00a0<\/td><\/tr><tr><td>P7: 400 m<\/td><td>\u00a0<\/td><td>P7: 400 m<\/td><td>\u00a0<\/td><\/tr><tr><td>Damer, D19, D17: 3,0 km<\/td><td>\u00a0<\/td><td>Naiset, N19, N17: 3,0 km<\/td><td>\u00a0<\/td><\/tr><tr><td>F15, F14, F13, F12: 1,5 km<\/td><td>\u00a0<\/td><td>T15, T14, T13, T12: 1,5 km<\/td><td>\u00a0<\/td><\/tr><tr><td>F11, F10: 1,0 km<\/td><td>\u00a0<\/td><td>T11, T10: 1,0 km<\/td><td>\u00a0<\/td><\/tr><tr><td>F9, F8: 800 m<\/td><td>\u00a0<\/td><td>T9, T8: 800 m<\/td><td>\u00a0<\/td><\/tr><tr><td>F7: 400 m<\/td><td>\u00a0<\/td><td>T7: 400 m<\/td><td>\u00a0<\/td><\/tr><\/tbody><\/table>\t\t\t\t\t\t\t\t<\/div>\n\t\t\t\t<\/div>\n\t\t\t\t\t<\/div>\n\t\t<\/div>\n\t\t\t\t<div class=\"elementor-column elementor-col-50 elementor-top-column elementor-element elementor-element-3075162\" data-id=\"3075162\" data-element_type=\"column\">\n\t\t\t<div class=\"elementor-widget-wrap\">\n\t\t\t\t\t\t\t<\/div>\n\t\t<\/div>\n\t\t\t\t\t<\/div>\n\t\t<\/section>\n\t\t\t\t<\/div>\n\t\t","protected":false},"excerpt":{"rendered":"<p>Akilles m\u00e4sterskap i terr\u00e4ngl\u00f6pning 2026 Maastojuoksun mestaruuskisat RESULTAT &#8211; TULOKSET Tv\u00e5 delt\u00e4vlingar r\u00e4knas med i m\u00e4sterskapens resultat. Anm\u00e4lning p\u00e5 startplatsen. Kaksi osakilpailua lasketaan mukaan mestaruuskisojen tuloksiin. Ilmoittautuminen l\u00e4ht\u00f6paikalla. Onsdag 15.4 kl. 18.00 (7 \u00e5r och \u00e4ldre) Jonasbackens motionsbana,(Jonasv\u00e4gens parkering eller idrottshallens eller simhallens parkering) Torsdag 23.4\u00a0kl. 18.00 (7 \u00e5r och \u00e4ldre) Jonasbackens motionsbana, Tisdag 28.4 [&hellip;]<\/p>\n","protected":false},"author":3,"featured_media":0,"parent":0,"menu_order":0,"comment_status":"closed","ping_status":"closed","template":"","meta":{"_crdt_document":"","footnotes":""},"class_list":["post-29198","page","type-page","status-publish","hentry"],"yoast_head":"<!-- This site is optimized with the Yoast SEO plugin v26.8 - https:\/\/yoast.com\/product\/yoast-seo-wordpress\/ -->\n<title>Terr\u00e4ng 2026 Maastojuoksut - Friidrott - Yleisurheilu<\/title>\n<meta name=\"robots\" content=\"index, follow, max-snippet:-1, max-image-preview:large, max-video-preview:-1\" \/>\n<link rel=\"canonical\" href=\"https:\/\/www.akilles.fi\/friidrott\/terrang-2026-maastojuoksut\/\" \/>\n<meta property=\"og:locale\" content=\"sv_SE\" \/>\n<meta property=\"og:type\" content=\"article\" \/>\n<meta property=\"og:title\" content=\"Terr\u00e4ng 2026 Maastojuoksut - Friidrott - Yleisurheilu\" \/>\n<meta property=\"og:description\" content=\"Akilles m\u00e4sterskap i terr\u00e4ngl\u00f6pning 2026 Maastojuoksun mestaruuskisat RESULTAT &#8211; TULOKSET Tv\u00e5 delt\u00e4vlingar r\u00e4knas med i m\u00e4sterskapens resultat. Anm\u00e4lning p\u00e5 startplatsen. Kaksi osakilpailua lasketaan mukaan mestaruuskisojen tuloksiin. Ilmoittautuminen l\u00e4ht\u00f6paikalla. Onsdag 15.4 kl. 18.00 (7 \u00e5r och \u00e4ldre) Jonasbackens motionsbana,(Jonasv\u00e4gens parkering eller idrottshallens eller simhallens parkering) Torsdag 23.4\u00a0kl. 18.00 (7 \u00e5r och \u00e4ldre) Jonasbackens motionsbana, Tisdag 28.4 [&hellip;]\" \/>\n<meta property=\"og:url\" content=\"https:\/\/www.akilles.fi\/friidrott\/terrang-2026-maastojuoksut\/\" \/>\n<meta property=\"og:site_name\" content=\"Friidrott - Yleisurheilu\" \/>\n<meta property=\"article:modified_time\" content=\"2026-03-29T15:54:56+00:00\" \/>\n<meta name=\"twitter:card\" content=\"summary_large_image\" \/>\n<meta name=\"twitter:label1\" content=\"Ber\u00e4knad l\u00e4stid\" \/>\n\t<meta name=\"twitter:data1\" content=\"1 minut\" \/>\n<script type=\"application\/ld+json\" class=\"yoast-schema-graph\">{\"@context\":\"https:\/\/schema.org\",\"@graph\":[{\"@type\":\"WebPage\",\"@id\":\"https:\/\/www.akilles.fi\/friidrott\/terrang-2026-maastojuoksut\/\",\"url\":\"https:\/\/www.akilles.fi\/friidrott\/terrang-2026-maastojuoksut\/\",\"name\":\"Terr\u00e4ng 2026 Maastojuoksut - Friidrott - Yleisurheilu\",\"isPartOf\":{\"@id\":\"https:\/\/www.akilles.fi\/friidrott\/#website\"},\"datePublished\":\"2026-01-09T08:28:19+00:00\",\"dateModified\":\"2026-03-29T15:54:56+00:00\",\"breadcrumb\":{\"@id\":\"https:\/\/www.akilles.fi\/friidrott\/terrang-2026-maastojuoksut\/#breadcrumb\"},\"inLanguage\":\"sv-SE\",\"potentialAction\":[{\"@type\":\"ReadAction\",\"target\":[\"https:\/\/www.akilles.fi\/friidrott\/terrang-2026-maastojuoksut\/\"]}]},{\"@type\":\"BreadcrumbList\",\"@id\":\"https:\/\/www.akilles.fi\/friidrott\/terrang-2026-maastojuoksut\/#breadcrumb\",\"itemListElement\":[{\"@type\":\"ListItem\",\"position\":1,\"name\":\"Home\",\"item\":\"https:\/\/www.akilles.fi\/friidrott\/\"},{\"@type\":\"ListItem\",\"position\":2,\"name\":\"Terr\u00e4ng 2026 Maastojuoksut\"}]},{\"@type\":\"WebSite\",\"@id\":\"https:\/\/www.akilles.fi\/friidrott\/#website\",\"url\":\"https:\/\/www.akilles.fi\/friidrott\/\",\"name\":\"Friidrott - Yleisurheilu\",\"description\":\"Borg\u00e5 Akilles Friidrott- Porvoon Akilles Yleisurheilu\",\"potentialAction\":[{\"@type\":\"SearchAction\",\"target\":{\"@type\":\"EntryPoint\",\"urlTemplate\":\"https:\/\/www.akilles.fi\/friidrott\/?s={search_term_string}\"},\"query-input\":{\"@type\":\"PropertyValueSpecification\",\"valueRequired\":true,\"valueName\":\"search_term_string\"}}],\"inLanguage\":\"sv-SE\"}]}<\/script>\n<!-- \/ Yoast SEO plugin. -->","yoast_head_json":{"title":"Terr\u00e4ng 2026 Maastojuoksut - Friidrott - Yleisurheilu","robots":{"index":"index","follow":"follow","max-snippet":"max-snippet:-1","max-image-preview":"max-image-preview:large","max-video-preview":"max-video-preview:-1"},"canonical":"https:\/\/www.akilles.fi\/friidrott\/terrang-2026-maastojuoksut\/","og_locale":"sv_SE","og_type":"article","og_title":"Terr\u00e4ng 2026 Maastojuoksut - Friidrott - Yleisurheilu","og_description":"Akilles m\u00e4sterskap i terr\u00e4ngl\u00f6pning 2026 Maastojuoksun mestaruuskisat RESULTAT &#8211; TULOKSET Tv\u00e5 delt\u00e4vlingar r\u00e4knas med i m\u00e4sterskapens resultat. Anm\u00e4lning p\u00e5 startplatsen. Kaksi osakilpailua lasketaan mukaan mestaruuskisojen tuloksiin. Ilmoittautuminen l\u00e4ht\u00f6paikalla. Onsdag 15.4 kl. 18.00 (7 \u00e5r och \u00e4ldre) Jonasbackens motionsbana,(Jonasv\u00e4gens parkering eller idrottshallens eller simhallens parkering) Torsdag 23.4\u00a0kl. 18.00 (7 \u00e5r och \u00e4ldre) Jonasbackens motionsbana, Tisdag 28.4 [&hellip;]","og_url":"https:\/\/www.akilles.fi\/friidrott\/terrang-2026-maastojuoksut\/","og_site_name":"Friidrott - Yleisurheilu","article_modified_time":"2026-03-29T15:54:56+00:00","twitter_card":"summary_large_image","twitter_misc":{"Ber\u00e4knad l\u00e4stid":"1 minut"},"schema":{"@context":"https:\/\/schema.org","@graph":[{"@type":"WebPage","@id":"https:\/\/www.akilles.fi\/friidrott\/terrang-2026-maastojuoksut\/","url":"https:\/\/www.akilles.fi\/friidrott\/terrang-2026-maastojuoksut\/","name":"Terr\u00e4ng 2026 Maastojuoksut - Friidrott - Yleisurheilu","isPartOf":{"@id":"https:\/\/www.akilles.fi\/friidrott\/#website"},"datePublished":"2026-01-09T08:28:19+00:00","dateModified":"2026-03-29T15:54:56+00:00","breadcrumb":{"@id":"https:\/\/www.akilles.fi\/friidrott\/terrang-2026-maastojuoksut\/#breadcrumb"},"inLanguage":"sv-SE","potentialAction":[{"@type":"ReadAction","target":["https:\/\/www.akilles.fi\/friidrott\/terrang-2026-maastojuoksut\/"]}]},{"@type":"BreadcrumbList","@id":"https:\/\/www.akilles.fi\/friidrott\/terrang-2026-maastojuoksut\/#breadcrumb","itemListElement":[{"@type":"ListItem","position":1,"name":"Home","item":"https:\/\/www.akilles.fi\/friidrott\/"},{"@type":"ListItem","position":2,"name":"Terr\u00e4ng 2026 Maastojuoksut"}]},{"@type":"WebSite","@id":"https:\/\/www.akilles.fi\/friidrott\/#website","url":"https:\/\/www.akilles.fi\/friidrott\/","name":"Friidrott - Yleisurheilu","description":"Borg\u00e5 Akilles Friidrott- Porvoon Akilles Yleisurheilu","potentialAction":[{"@type":"SearchAction","target":{"@type":"EntryPoint","urlTemplate":"https:\/\/www.akilles.fi\/friidrott\/?s={search_term_string}"},"query-input":{"@type":"PropertyValueSpecification","valueRequired":true,"valueName":"search_term_string"}}],"inLanguage":"sv-SE"}]}},"_links":{"self":[{"href":"https:\/\/www.akilles.fi\/friidrott\/wp-json\/wp\/v2\/pages\/29198","targetHints":{"allow":["GET"]}}],"collection":[{"href":"https:\/\/www.akilles.fi\/friidrott\/wp-json\/wp\/v2\/pages"}],"about":[{"href":"https:\/\/www.akilles.fi\/friidrott\/wp-json\/wp\/v2\/types\/page"}],"author":[{"embeddable":true,"href":"https:\/\/www.akilles.fi\/friidrott\/wp-json\/wp\/v2\/users\/3"}],"replies":[{"embeddable":true,"href":"https:\/\/www.akilles.fi\/friidrott\/wp-json\/wp\/v2\/comments?post=29198"}],"version-history":[{"count":16,"href":"https:\/\/www.akilles.fi\/friidrott\/wp-json\/wp\/v2\/pages\/29198\/revisions"}],"predecessor-version":[{"id":29703,"href":"https:\/\/www.akilles.fi\/friidrott\/wp-json\/wp\/v2\/pages\/29198\/revisions\/29703"}],"wp:attachment":[{"href":"https:\/\/www.akilles.fi\/friidrott\/wp-json\/wp\/v2\/media?parent=29198"}],"curies":[{"name":"wp","href":"https:\/\/api.w.org\/{rel}","templated":true}]}}