{"id":29541,"date":"2026-02-23T18:50:27","date_gmt":"2026-02-23T18:50:27","guid":{"rendered":"https:\/\/www.akilles.fi\/friidrott\/?page_id=29541"},"modified":"2026-02-23T19:09:49","modified_gmt":"2026-02-23T19:09:49","slug":"borga-juniortavlingar-2026-porvoon-junorikisat","status":"publish","type":"page","link":"https:\/\/www.akilles.fi\/friidrott\/borga-juniortavlingar-2026-porvoon-junorikisat\/","title":{"rendered":"Borg\u00e5 juniort\u00e4vlingar 2026 Porvoon junorikisat"},"content":{"rendered":"\t\t<div data-elementor-type=\"wp-post\" data-elementor-id=\"29541\" class=\"elementor elementor-29541\" data-elementor-post-type=\"page\">\n\t\t\t\t\t\t<section class=\"elementor-section elementor-top-section elementor-element elementor-element-56c92ce elementor-section-boxed elementor-section-height-default elementor-section-height-default\" data-id=\"56c92ce\" data-element_type=\"section\">\n\t\t\t\t\t\t<div class=\"elementor-container elementor-column-gap-default\">\n\t\t\t\t\t<div class=\"elementor-column elementor-col-50 elementor-top-column elementor-element elementor-element-943f808\" data-id=\"943f808\" data-element_type=\"column\">\n\t\t\t<div class=\"elementor-widget-wrap elementor-element-populated\">\n\t\t\t\t\t\t<div class=\"elementor-element elementor-element-54f6333 elementor-widget elementor-widget-text-editor\" data-id=\"54f6333\" data-element_type=\"widget\" data-widget_type=\"text-editor.default\">\n\t\t\t\t<div class=\"elementor-widget-container\">\n\t\t\t\t\t\t\t\t\t<h5><strong>Juniort\u00e4vling 1, onsdag 27.5.2026 kl.18.00 <\/strong><strong>Centralidrottsplan<br \/>Juniorikisa 1, keskiviikko 27.5.2026 klo. 18.00 Keskusurheilukentt\u00e4<\/strong><\/h5><p>Anm\u00e4lning via <strong>kilpailukalenteri.fi<\/strong> eller till tr\u00e4narna eller Leif Rikberg leif.rikberg@akilles.fi p\u00e5 fredag 22.5<br \/>Akilles sk\u00f6ter kansli, l\u00f6pningar (start, eltid) och h\u00f6jd,<br \/>PU sk\u00f6ter l\u00e4ngd 1, l\u00e4ngd 2, kula,<\/p><table width=\"495\"><tbody><tr><td>\u00a0<a href=\"https:\/\/www.akilles.fi\/friidrott\/borga-juniortavlingar-tidsschema-porvoon-juniorikisat-aikataulut\/\">Tidsschema &#8211; Aikataulu<\/a><\/td><td>\u00a0Resultat &#8211; Tulokse<a href=\"https:\/\/www.akilles.fi\/friidrott\/borga-juniortavlingar-resultat-2024-porvoon-juniorikisat-tulokset\/\">t<\/a><\/td><\/tr><\/tbody><\/table><table><tbody><tr><td>F8 (-18), F9 (-17): 40m, kula<\/td><td>T8 (-18), T9 (-17): 40m, kuula<\/td><\/tr><tr><td>F10 (-16), F11 (-15): 60m, h\u00f6jd<\/td><td>T10 (-16), T11 (-15): 60m, korkeus<\/td><\/tr><tr><td>F12 (-14), F13 (-13): 60m, l\u00e4ngd, 1500m<\/td><td>T12 (-14), T13 (-13): 60m, pituus, 1500m<\/td><\/tr><tr><td>F14 (-12), F15 (-11): 100m, l\u00e4ngd, 2000m<\/td><td>T14(-12), T15 (-12): 100m, pituus, 2000m<\/td><\/tr><tr><td>\u00a0<\/td><td>\u00a0<\/td><\/tr><tr><td>P8 (-18), P9 (-17): 60m, kula<\/td><td>P8 (-18), P9 (-18): 60m, kuula<\/td><\/tr><tr><td>P10 (-16), P11 (-15): 60m, l\u00e4ngd<\/td><td>P10 (-16), P11 (-15): 60m, pituus<\/td><\/tr><tr><td>P12 (-14), P13 (-13): 60m, h\u00f6jd<\/td><td>P12 (-14), P13 (-13): 60m, korkeus<\/td><\/tr><tr><td>P14 (-12), P15 (-11): 100m, h\u00f6jd, 2000m<\/td><td>P14 (-12), P15 (-11): 100m, korkeus, 2000m<\/td><\/tr><\/tbody><\/table><h5><strong>Juniort\u00e4vling <\/strong><strong>2, tisdag 16.6.2026 kl. 18.00 <\/strong><strong>Centralidrottsplan<br \/><\/strong><strong>Juniorikisa<\/strong><strong> 2. tiistai 16.6.2026 klo. 18.00 <\/strong><strong>Keskusurheilukentt\u00e4<\/strong><\/h5><p>Anm\u00e4lning <strong>kilpailukalenteri.fi<\/strong> eller Leif Rikberg leif.rikberg@akilles.fi senast torsdag 11.6<br \/>Akilles sk\u00f6ter kansli, l\u00f6pningar (start, eltid) och h\u00f6jd,<br \/>PU sk\u00f6ter l\u00e4ngd, spjut,<\/p><table width=\"495\"><tbody><tr><td>\u00a0<a href=\"https:\/\/www.akilles.fi\/friidrott\/borga-juniortavlingar-tidsschema-porvoon-juniorikisat-aikataulut\/\">Tidsschema &#8211; Aikataulu<\/a><\/td><td>\u00a0Resultat &#8211; Tulokset<\/td><\/tr><\/tbody><\/table><table><tbody><tr><td>F8 (-18), F9 (-17): 150m, l\u00e4ngd<\/td><td>T8 (-18), T9 (-17): 150m, pituus<\/td><\/tr><tr><td>F10 (-16), F11 (-15): 150m, l\u00e4ngd<\/td><td>T10 (-16), T11 (-15): 150m, pituus<\/td><\/tr><tr><td>F12 (-14), F13 (-13): 200m, spjut<\/td><td>T12 (-14), T13 (-13): 200m, keih\u00e4s<\/td><\/tr><tr><td>F14 (-12), F15 (-11): 300m, spjut<\/td><td>T14 (-12), F15 (-11): 300m, keih\u00e4s<\/td><\/tr><tr><td>\u00a0<\/td><td>\u00a0<\/td><\/tr><tr><td>P8 (-18), P9 (-17): 150m, h\u00f6jd<\/td><td>P8 (-18), P9 (-17): 150m, korkeus<\/td><\/tr><tr><td>P10 (-16), P11 (-15): 150m, h\u00f6jd<\/td><td>P10 (-16), P11 (-15): 150m, korkeus<\/td><\/tr><tr><td>P12 (-14), P13 (-13): 200m, spjut<\/td><td>P12 (-14), P13 (-13): 200m, keih\u00e4s<\/td><\/tr><tr><td>P14 (-12), P15 (-11): 300m, spjut<\/td><td>P14 (-12), P15 (-11): 300m, keih\u00e4s<\/td><\/tr><\/tbody><\/table><h5><strong>Juniort\u00e4vling <\/strong><strong> 3, tisdag 28.7.2026\u00a0 kl. 18.00 Centralidrottsplan<br \/><\/strong><strong>Juniorikisa <\/strong><strong>3, tiistai 28.7.2026 klo. 18.00 Keskusurheilukentt\u00e4<\/strong><\/h5><p>Anm\u00e4lning <strong>kilpailukalenteri.fi<\/strong> eller Leif Rikberg leif.rikberg@akilles.fi senast fredag 24.7<br \/>Akilles sk\u00f6ter kansli, l\u00f6pningar (start, eltid) och h\u00f6jd<br \/>PU sk\u00f6ter l\u00e4ngd, kula,<\/p><table width=\"495\"><tbody><tr><td>\u00a0<a href=\"https:\/\/www.akilles.fi\/friidrott\/borga-juniortavlingar-tidsschema-porvoon-juniorikisat-aikataulut\/\">Tidsschema &#8211; Aikataulu<\/a><\/td><td>\u00a0Resultat &#8211; Tulokset<\/td><\/tr><\/tbody><\/table><table width=\"500\"><tbody><tr><td>F8 (-18), F9 (-17): 60m h\u00e4ck, spjut<\/td><td>T8 (-18), T9 (-17): 60m aidat, keih\u00e4s<\/td><\/tr><tr><td>F10 (-16), F11 (-15): 60m h\u00e4ck (60cm), kula<\/td><td>T10 (-16), T11 (-15): 60m aidat, kuula<\/td><\/tr><tr><td>F12 (-14), F13 (-13): 60m h\u00e4ck (76cm), kula<\/td><td>T12 (-14), T13 (-13): 60m aidat, kuula<\/td><\/tr><tr><td>F14 (-12), F15 (-11): 80m h\u00e4ck (76cm), kula<\/td><td>T14 (-12), F15 (-11): 80m aidat, kuula<\/td><\/tr><tr><td>\u00a0<\/td><td>\u00a0<\/td><\/tr><tr><td>P8 (-18), P9 (-17): 60m h\u00e4ck, l\u00e4ngd<\/td><td>P8 (-18), P9 (-17): 60m aidat, pituus<\/td><\/tr><tr><td>P10 (-16), P11 (-15): 60m h\u00e4ck (60cm), kula<\/td><td>P10 (-16), P11 (-15): 60m aidat, kuula<\/td><\/tr><tr><td>P12 (-14), P13 (-13): 60m h\u00e4ck (76cm), l\u00e4ngd<\/td><td>P12 (-14), P13 (-13): 60m aidat, pituus<\/td><\/tr><tr><td>P14 (-12), P15 (-11): 100m h\u00e4ck (84cm), l\u00e4ngd<\/td><td>P14 (-12), P15 (-11): 100m aidat, pituus<\/td><\/tr><\/tbody><\/table><h5><strong>Juniort\u00e4vling <\/strong><strong>4, onsdag 19.8.2026 kl. 18.00 Centralidrottsplan<br \/><\/strong><strong>Juniorikisa <\/strong><strong>4, keskiviikko 19.8.2026 klo. 18.00 Keskusurheilukentt\u00e4 <\/strong><\/h5><p>Anm\u00e4lning <strong>kilpailukalenteri.fi<\/strong> eller Leif Rikberg leif.rikberg@akilles.fi senast s\u00f6ndag 16.8<br \/>Akilles sk\u00f6ter kansli, l\u00f6pningar (start, eltid) och h\u00f6jd, <br \/>PU sk\u00f6ter kula, spjut<\/p><table width=\"497\"><tbody><tr><td>\u00a0<a href=\"https:\/\/www.akilles.fi\/friidrott\/borga-juniortavlingar-tidsschema-porvoon-juniorikisat-aikataulut\/\">Tidsschema &#8211; Aikataulu<\/a><\/td><td>\u00a0Resultat &#8211; Tulokset<\/td><td>\u00a0<\/td><\/tr><\/tbody><\/table><table width=\"500\"><tbody><tr><td>F8 (-18), F9 (-17): 800m, h\u00f6jd<\/td><td>T8 (-18), T9 (-17): 800m, korkeus<\/td><\/tr><tr><td>F10 (-16), F11 (-15): 800m, spjut<\/td><td>T10 (-16), T11 (-15):800m, keih\u00e4s<\/td><\/tr><tr><td>F12 (-14), F13 (-13): 800m, h\u00f6jd<\/td><td>T12 (-14), T13 (-13): 800m, korkeus<\/td><\/tr><tr><td>F14 (-12), F15 (-11): 800m, h\u00f6jd<\/td><td>T14 (-12), F15 (-11): 800m, korkeus<\/td><\/tr><tr><td>\u00a0<\/td><td>\u00a0<\/td><\/tr><tr><td>P8 (-18), P9 (-17): 800m, spjut<\/td><td>P8 (-18), P9 (-18): 800m,keih\u00e4s<\/td><\/tr><tr><td>P10 (-16); P11 (-15): 800m, spjut<\/td><td>P10 (-16), P11 (-15): 800m, keih\u00e4s<\/td><\/tr><tr><td>P12 (-14), P13 (-13): 800m, kula<\/td><td>P12 (-14), P13 (-13): 800m, kuula<\/td><\/tr><tr><td>P14 (-12), P15 (-11): 800m, kula<\/td><td>P14 (-12), P15 (-11): 800m, kuula<\/td><\/tr><\/tbody><\/table>\t\t\t\t\t\t\t\t<\/div>\n\t\t\t\t<\/div>\n\t\t\t\t\t<\/div>\n\t\t<\/div>\n\t\t\t\t<div class=\"elementor-column elementor-col-50 elementor-top-column elementor-element elementor-element-999a0d8\" data-id=\"999a0d8\" data-element_type=\"column\">\n\t\t\t<div class=\"elementor-widget-wrap\">\n\t\t\t\t\t\t\t<\/div>\n\t\t<\/div>\n\t\t\t\t\t<\/div>\n\t\t<\/section>\n\t\t\t\t<\/div>\n\t\t","protected":false},"excerpt":{"rendered":"<p>Juniort\u00e4vling 1, onsdag 27.5.2026 kl.18.00 CentralidrottsplanJuniorikisa 1, keskiviikko 27.5.2026 klo. 18.00 Keskusurheilukentt\u00e4 Anm\u00e4lning via kilpailukalenteri.fi eller till tr\u00e4narna eller Leif Rikberg leif.rikberg@akilles.fi p\u00e5 fredag 22.5Akilles sk\u00f6ter kansli, l\u00f6pningar (start, eltid) och h\u00f6jd,PU sk\u00f6ter l\u00e4ngd 1, l\u00e4ngd 2, kula, \u00a0Tidsschema &#8211; Aikataulu \u00a0Resultat &#8211; Tulokset F8 (-18), F9 (-17): 40m, kula T8 (-18), T9 (-17): 40m, [&hellip;]<\/p>\n","protected":false},"author":3,"featured_media":0,"parent":0,"menu_order":0,"comment_status":"closed","ping_status":"closed","template":"","meta":{"_crdt_document":"","footnotes":""},"class_list":["post-29541","page","type-page","status-publish","hentry"],"yoast_head":"<!-- This site is optimized with the Yoast SEO plugin v26.8 - https:\/\/yoast.com\/product\/yoast-seo-wordpress\/ -->\n<title>Borg\u00e5 juniort\u00e4vlingar 2026 Porvoon junorikisat - Friidrott - Yleisurheilu<\/title>\n<meta name=\"robots\" content=\"index, follow, max-snippet:-1, max-image-preview:large, max-video-preview:-1\" \/>\n<link rel=\"canonical\" href=\"https:\/\/www.akilles.fi\/friidrott\/borga-juniortavlingar-2026-porvoon-junorikisat\/\" \/>\n<meta property=\"og:locale\" content=\"sv_SE\" \/>\n<meta property=\"og:type\" content=\"article\" \/>\n<meta property=\"og:title\" content=\"Borg\u00e5 juniort\u00e4vlingar 2026 Porvoon junorikisat - Friidrott - Yleisurheilu\" \/>\n<meta property=\"og:description\" content=\"Juniort\u00e4vling 1, onsdag 27.5.2026 kl.18.00 CentralidrottsplanJuniorikisa 1, keskiviikko 27.5.2026 klo. 18.00 Keskusurheilukentt\u00e4 Anm\u00e4lning via kilpailukalenteri.fi eller till tr\u00e4narna eller Leif Rikberg leif.rikberg@akilles.fi p\u00e5 fredag 22.5Akilles sk\u00f6ter kansli, l\u00f6pningar (start, eltid) och h\u00f6jd,PU sk\u00f6ter l\u00e4ngd 1, l\u00e4ngd 2, kula, \u00a0Tidsschema &#8211; Aikataulu \u00a0Resultat &#8211; Tulokset F8 (-18), F9 (-17): 40m, kula T8 (-18), T9 (-17): 40m, [&hellip;]\" \/>\n<meta property=\"og:url\" content=\"https:\/\/www.akilles.fi\/friidrott\/borga-juniortavlingar-2026-porvoon-junorikisat\/\" \/>\n<meta property=\"og:site_name\" content=\"Friidrott - Yleisurheilu\" \/>\n<meta property=\"article:modified_time\" content=\"2026-02-23T19:09:49+00:00\" \/>\n<meta name=\"twitter:card\" content=\"summary_large_image\" \/>\n<meta name=\"twitter:label1\" content=\"Ber\u00e4knad l\u00e4stid\" \/>\n\t<meta name=\"twitter:data1\" content=\"3 minuter\" \/>\n<script type=\"application\/ld+json\" class=\"yoast-schema-graph\">{\"@context\":\"https:\/\/schema.org\",\"@graph\":[{\"@type\":\"WebPage\",\"@id\":\"https:\/\/www.akilles.fi\/friidrott\/borga-juniortavlingar-2026-porvoon-junorikisat\/\",\"url\":\"https:\/\/www.akilles.fi\/friidrott\/borga-juniortavlingar-2026-porvoon-junorikisat\/\",\"name\":\"Borg\u00e5 juniort\u00e4vlingar 2026 Porvoon junorikisat - Friidrott - Yleisurheilu\",\"isPartOf\":{\"@id\":\"https:\/\/www.akilles.fi\/friidrott\/#website\"},\"datePublished\":\"2026-02-23T18:50:27+00:00\",\"dateModified\":\"2026-02-23T19:09:49+00:00\",\"breadcrumb\":{\"@id\":\"https:\/\/www.akilles.fi\/friidrott\/borga-juniortavlingar-2026-porvoon-junorikisat\/#breadcrumb\"},\"inLanguage\":\"sv-SE\",\"potentialAction\":[{\"@type\":\"ReadAction\",\"target\":[\"https:\/\/www.akilles.fi\/friidrott\/borga-juniortavlingar-2026-porvoon-junorikisat\/\"]}]},{\"@type\":\"BreadcrumbList\",\"@id\":\"https:\/\/www.akilles.fi\/friidrott\/borga-juniortavlingar-2026-porvoon-junorikisat\/#breadcrumb\",\"itemListElement\":[{\"@type\":\"ListItem\",\"position\":1,\"name\":\"Home\",\"item\":\"https:\/\/www.akilles.fi\/friidrott\/\"},{\"@type\":\"ListItem\",\"position\":2,\"name\":\"Borg\u00e5 juniort\u00e4vlingar 2026 Porvoon junorikisat\"}]},{\"@type\":\"WebSite\",\"@id\":\"https:\/\/www.akilles.fi\/friidrott\/#website\",\"url\":\"https:\/\/www.akilles.fi\/friidrott\/\",\"name\":\"Friidrott - Yleisurheilu\",\"description\":\"Borg\u00e5 Akilles Friidrott- Porvoon Akilles Yleisurheilu\",\"potentialAction\":[{\"@type\":\"SearchAction\",\"target\":{\"@type\":\"EntryPoint\",\"urlTemplate\":\"https:\/\/www.akilles.fi\/friidrott\/?s={search_term_string}\"},\"query-input\":{\"@type\":\"PropertyValueSpecification\",\"valueRequired\":true,\"valueName\":\"search_term_string\"}}],\"inLanguage\":\"sv-SE\"}]}<\/script>\n<!-- \/ Yoast SEO plugin. -->","yoast_head_json":{"title":"Borg\u00e5 juniort\u00e4vlingar 2026 Porvoon junorikisat - Friidrott - Yleisurheilu","robots":{"index":"index","follow":"follow","max-snippet":"max-snippet:-1","max-image-preview":"max-image-preview:large","max-video-preview":"max-video-preview:-1"},"canonical":"https:\/\/www.akilles.fi\/friidrott\/borga-juniortavlingar-2026-porvoon-junorikisat\/","og_locale":"sv_SE","og_type":"article","og_title":"Borg\u00e5 juniort\u00e4vlingar 2026 Porvoon junorikisat - Friidrott - Yleisurheilu","og_description":"Juniort\u00e4vling 1, onsdag 27.5.2026 kl.18.00 CentralidrottsplanJuniorikisa 1, keskiviikko 27.5.2026 klo. 18.00 Keskusurheilukentt\u00e4 Anm\u00e4lning via kilpailukalenteri.fi eller till tr\u00e4narna eller Leif Rikberg leif.rikberg@akilles.fi p\u00e5 fredag 22.5Akilles sk\u00f6ter kansli, l\u00f6pningar (start, eltid) och h\u00f6jd,PU sk\u00f6ter l\u00e4ngd 1, l\u00e4ngd 2, kula, \u00a0Tidsschema &#8211; Aikataulu \u00a0Resultat &#8211; Tulokset F8 (-18), F9 (-17): 40m, kula T8 (-18), T9 (-17): 40m, [&hellip;]","og_url":"https:\/\/www.akilles.fi\/friidrott\/borga-juniortavlingar-2026-porvoon-junorikisat\/","og_site_name":"Friidrott - Yleisurheilu","article_modified_time":"2026-02-23T19:09:49+00:00","twitter_card":"summary_large_image","twitter_misc":{"Ber\u00e4knad l\u00e4stid":"3 minuter"},"schema":{"@context":"https:\/\/schema.org","@graph":[{"@type":"WebPage","@id":"https:\/\/www.akilles.fi\/friidrott\/borga-juniortavlingar-2026-porvoon-junorikisat\/","url":"https:\/\/www.akilles.fi\/friidrott\/borga-juniortavlingar-2026-porvoon-junorikisat\/","name":"Borg\u00e5 juniort\u00e4vlingar 2026 Porvoon junorikisat - Friidrott - Yleisurheilu","isPartOf":{"@id":"https:\/\/www.akilles.fi\/friidrott\/#website"},"datePublished":"2026-02-23T18:50:27+00:00","dateModified":"2026-02-23T19:09:49+00:00","breadcrumb":{"@id":"https:\/\/www.akilles.fi\/friidrott\/borga-juniortavlingar-2026-porvoon-junorikisat\/#breadcrumb"},"inLanguage":"sv-SE","potentialAction":[{"@type":"ReadAction","target":["https:\/\/www.akilles.fi\/friidrott\/borga-juniortavlingar-2026-porvoon-junorikisat\/"]}]},{"@type":"BreadcrumbList","@id":"https:\/\/www.akilles.fi\/friidrott\/borga-juniortavlingar-2026-porvoon-junorikisat\/#breadcrumb","itemListElement":[{"@type":"ListItem","position":1,"name":"Home","item":"https:\/\/www.akilles.fi\/friidrott\/"},{"@type":"ListItem","position":2,"name":"Borg\u00e5 juniort\u00e4vlingar 2026 Porvoon junorikisat"}]},{"@type":"WebSite","@id":"https:\/\/www.akilles.fi\/friidrott\/#website","url":"https:\/\/www.akilles.fi\/friidrott\/","name":"Friidrott - Yleisurheilu","description":"Borg\u00e5 Akilles Friidrott- Porvoon Akilles Yleisurheilu","potentialAction":[{"@type":"SearchAction","target":{"@type":"EntryPoint","urlTemplate":"https:\/\/www.akilles.fi\/friidrott\/?s={search_term_string}"},"query-input":{"@type":"PropertyValueSpecification","valueRequired":true,"valueName":"search_term_string"}}],"inLanguage":"sv-SE"}]}},"_links":{"self":[{"href":"https:\/\/www.akilles.fi\/friidrott\/wp-json\/wp\/v2\/pages\/29541","targetHints":{"allow":["GET"]}}],"collection":[{"href":"https:\/\/www.akilles.fi\/friidrott\/wp-json\/wp\/v2\/pages"}],"about":[{"href":"https:\/\/www.akilles.fi\/friidrott\/wp-json\/wp\/v2\/types\/page"}],"author":[{"embeddable":true,"href":"https:\/\/www.akilles.fi\/friidrott\/wp-json\/wp\/v2\/users\/3"}],"replies":[{"embeddable":true,"href":"https:\/\/www.akilles.fi\/friidrott\/wp-json\/wp\/v2\/comments?post=29541"}],"version-history":[{"count":22,"href":"https:\/\/www.akilles.fi\/friidrott\/wp-json\/wp\/v2\/pages\/29541\/revisions"}],"predecessor-version":[{"id":29564,"href":"https:\/\/www.akilles.fi\/friidrott\/wp-json\/wp\/v2\/pages\/29541\/revisions\/29564"}],"wp:attachment":[{"href":"https:\/\/www.akilles.fi\/friidrott\/wp-json\/wp\/v2\/media?parent=29541"}],"curies":[{"name":"wp","href":"https:\/\/api.w.org\/{rel}","templated":true}]}}