{"id":29640,"date":"2026-02-25T15:49:03","date_gmt":"2026-02-25T15:49:03","guid":{"rendered":"https:\/\/www.akilles.fi\/friidrott\/?page_id=29640"},"modified":"2026-03-29T16:21:35","modified_gmt":"2026-03-29T16:21:35","slug":"borga-stavcup-2026-porvoon-seivascup","status":"publish","type":"page","link":"https:\/\/www.akilles.fi\/friidrott\/borga-stavcup-2026-porvoon-seivascup\/","title":{"rendered":"Borg\u00e5 stavcup &#8211; 2026 &#8211; Porvoon Seiv\u00e4scup"},"content":{"rendered":"\t\t<div data-elementor-type=\"wp-post\" data-elementor-id=\"29640\" class=\"elementor elementor-29640\" data-elementor-post-type=\"page\">\n\t\t\t\t\t\t<section class=\"elementor-section elementor-top-section elementor-element elementor-element-f06452e elementor-section-boxed elementor-section-height-default elementor-section-height-default\" data-id=\"f06452e\" data-element_type=\"section\">\n\t\t\t\t\t\t<div class=\"elementor-container elementor-column-gap-default\">\n\t\t\t\t\t<div class=\"elementor-column elementor-col-66 elementor-top-column elementor-element elementor-element-7a5021b\" data-id=\"7a5021b\" data-element_type=\"column\">\n\t\t\t<div class=\"elementor-widget-wrap elementor-element-populated\">\n\t\t\t\t\t\t<div class=\"elementor-element elementor-element-027bd73 elementor-widget elementor-widget-text-editor\" data-id=\"027bd73\" data-element_type=\"widget\" data-widget_type=\"text-editor.default\">\n\t\t\t\t<div class=\"elementor-widget-container\">\n\t\t\t\t\t\t\t\t\t<p style=\"margin-bottom: .0001pt;\"><span lang=\"FI\"><strong>Del 1<\/strong>, Anm\u00e4lning senast 15.6.2026<\/span><\/p><p style=\"margin-bottom: .0001pt;\">Anm\u00e4lningsavgiften: 10\u20ac \/ gren, efteranm\u00e4lning 25 \u20ac \/ gren.<br \/>Betalas till konto FI7840501040019621<br \/>Anm\u00e4lningsavgiften g\u00e4ller ej Akilles idrottare<\/p><p>F\u00f6rfr\u00e5gningar: Mikael Finell,\u00a0mickifinell@hotmail.com 050-3276773, Miro Wikgren miro.wikgren@gmail.com 041-5271037<\/p><p>Tre delt\u00e4vlingar 2026<\/p><table border=\"0\" width=\"468\" cellspacing=\"0\" cellpadding=\"0\"><tbody><tr><td>Onsdag 17.6<\/td><td><strong>Borg\u00e5 Stavcup del 1 (sista siffran 7 tex 207)<\/strong><\/td><\/tr><tr><td>Borg\u00e5\/C kl 17.00<\/td><td>F\/P 9-15, H\/D 17-19: stav<\/td><\/tr><tr><td>\u00a0<\/td><td><span lang=\"FI\"><strong>Del 1<\/strong>, Anm\u00e4lning senast 15.6.2025<\/span><br \/>Hoppare under 2,5m kl. 17.00, hoppare \u00f6ver 2,5m kl. 18.00<\/td><\/tr><tr><td>M\u00e5ndag 10.8<\/td><td><strong>Borg\u00e5 Stavcup del 2<\/strong> (sista siffran 4)<\/td><\/tr><tr><td>Borg\u00e5\/C kl 17.00<\/td><td>F\/P 9-15, H\/D17-19<\/td><\/tr><tr><td>\u00a0<\/td><td><span lang=\"FI\"><strong>Del 2<\/strong>, Anm\u00e4lning senast 8.8.2025<\/span><br \/>Hoppare under 2,5m kl. 17.00, hoppare \u00f6ver 2,5m kl. 18.00<\/td><\/tr><tr><td>\u00a0<\/td><td>\u00a0<\/td><\/tr><tr><td>M\u00e5ndag 1.9<\/td><td><strong>Borg\u00e5 Stavcup del 3 <\/strong>(sista siffran 1)<\/td><\/tr><tr><td>Borg\u00e5\/C kl. 17.00<\/td><td>F\/P 9-15: stav, H\/D 17-19: stav<\/td><\/tr><tr><td>\u00a0<\/td><td><span lang=\"FI\"><strong>Del 3<\/strong>, Anm\u00e4lning senast 28.8.2025<\/span><br \/>Hoppare under 2,5m kl. 17.00, hoppare \u00f6ver 2,5 m kl. 18.00<\/td><\/tr><tr><td>\u00a0<\/td><td>\u00a0<\/td><\/tr><\/tbody><\/table><p><strong>Resultat 2026<\/strong><\/p><table width=\"564\"><tbody><tr><td><p>H\u00f6jning alltid 10 cm<br \/><strong>3 delt\u00e4vlingar<\/strong>, de 2 b\u00e4sta med i slutresultatet <br \/>Po\u00e4ngber\u00e4kning: hoppad h\u00f6jd\/A-resultat<\/p><p>Yngre serie 9 &#8211; 13 \u00e5ringar<br \/>\u00c4ldre serie 14 &#8211; 19 \u00e5ringar<\/p><p>B\u00e4sta po\u00e4ng vinner<br \/>Vid samma po\u00e4ng vinner b\u00e4sta resultat<br \/>Vid samma b\u00e4sta resultat vinner b\u00e4ttre n\u00e4stb\u00e4sta resultat osv.<\/p><\/td><\/tr><\/tbody><\/table>\t\t\t\t\t\t\t\t<\/div>\n\t\t\t\t<\/div>\n\t\t\t\t\t<\/div>\n\t\t<\/div>\n\t\t\t\t<div class=\"elementor-column elementor-col-33 elementor-top-column elementor-element elementor-element-cdbaa2b\" data-id=\"cdbaa2b\" data-element_type=\"column\">\n\t\t\t<div class=\"elementor-widget-wrap elementor-element-populated\">\n\t\t\t\t\t\t<div class=\"elementor-element elementor-element-19d649e elementor-widget elementor-widget-text-editor\" data-id=\"19d649e\" data-element_type=\"widget\" data-widget_type=\"text-editor.default\">\n\t\t\t\t<div class=\"elementor-widget-container\">\n\t\t\t\t\t\t\t\t\t<p><strong>Osa 1<\/strong> Ilmoittautumiset 15.6.2025 menness\u00e4.<br \/>Ilmoittautumismaksut: 10\u20ac \/ laji, j\u00e4lki-ilmoittautuminen 25 \u20ac \/ laji.<br \/>Maksetaan tilille FI7840501040019621<br \/>Ilmoittautumismaksu ei koske Akilleen urheilijoita.<br \/><span style=\"color: var( --e-global-color-text ); font-family: var( --e-global-typography-text-font-family ), Sans-serif; font-weight: var( --e-global-typography-text-font-weight );\">Tiedustelut: Mikael Finell,\u00a0mickifinell@hotmail.com 050-3276773, Miro Wikgren miro.wikgren@gmail.com 041-5271037<\/span><\/p><p><span style=\"color: var( --e-global-color-text ); font-family: var( --e-global-typography-text-font-family ), Sans-serif; font-weight: var( --e-global-typography-text-font-weight );\">Kolme osakilpailua 2026<\/span><\/p><table border=\"0\" width=\"468\" cellspacing=\"0\" cellpadding=\"0\"><tbody><tr><td>Keskiviikko 17.6<\/td><td><strong>Porvoon seiv\u00e4scup osa 1 (viimeinen numero 7 esim. 207)<\/strong><\/td><\/tr><tr><td>Porvoo klo. 17.00<\/td><td>T\/P 9-15, M\/N 17-19: seiv\u00e4s<\/td><\/tr><tr><td>\u00a0<\/td><td><p><strong>Osa1<\/strong>, Ilmoittautuminen viim. 23.6<br \/>Alle 2,5m hypp\u00e4\u00e4j\u00e4t klo. 17.00, yli 2,5 m hypp\u00e4\u00e4j\u00e4t n klo. 18.00<\/p><\/td><\/tr><tr><td>Maanantai 10.8<\/td><td><strong>Porvoon seiv\u00e4scup osa 2 <\/strong> (viimeinen numero\u00a0 4)<\/td><\/tr><tr><td>Porvoo klo. 17.00<\/td><td>T\/P 9-15, M\/N 17-19<\/td><\/tr><tr><td>\u00a0<\/td><td><strong>Osa 2<\/strong>, Ilmoittautuminen viim. 8.8.<br \/>Alle 2,5m hypp\u00e4\u00e4j\u00e4t klo. 17.00, yli 2,5 m hypp\u00e4\u00e4j\u00e4t n klo. 18.00<\/td><\/tr><tr><td>\u00a0<\/td><td>\u00a0<\/td><\/tr><tr><td>Maanantai 31.8<\/td><td><strong>Porvoon seiv\u00e4scup osa 3 <\/strong>(viimeinen numero 1)<\/td><\/tr><tr><td>Porvoo klo. 17.00<\/td><td>T\/P 14-15, M\/N 17-19: seiv\u00e4s<\/td><\/tr><tr><td>\u00a0<\/td><td><strong>Osa 3<\/strong>, Ilmoittautuminen viim. 28.8.<br \/>Alle 2,5m hypp\u00e4\u00e4j\u00e4t klo. 17.00, yli 2,5 m hypp\u00e4\u00e4j\u00e4t n klo. 18.00<\/td><\/tr><tr><td>\u00a0<\/td><td>\u00a0<\/td><\/tr><\/tbody><\/table><p><strong><span style=\"color: #000000;\">Tulokset<\/span><br \/><\/strong><\/p><table width=\"564\"><tbody><tr><td><p>Korotus aina 10 cm<br \/>3 osakilpailua, 2 parasta mukaan lopputulokseen<br \/>Pistelasku: hyp\u00e4tty tulos\/A-tulos<\/p><p>Nuorempi sarja 9 &#8211; 13 vuotiaat<br \/>Vanhempi sarja 14 &#8211; 19 vuotiaat<\/p><p>Paras pistem\u00e4\u00e4r\u00e4 voittaa<br \/>Jos sama pistem\u00e4\u00e4r\u00e4, paras tulos voittaa<br \/>Sama paras tulos, parempi toiseksi paras voittaa jne.<\/p><\/td><\/tr><\/tbody><\/table>\t\t\t\t\t\t\t\t<\/div>\n\t\t\t\t<\/div>\n\t\t\t\t\t<\/div>\n\t\t<\/div>\n\t\t\t\t\t<\/div>\n\t\t<\/section>\n\t\t\t\t<\/div>\n\t\t","protected":false},"excerpt":{"rendered":"<p>Del 1, Anm\u00e4lning senast 15.6.2026 Anm\u00e4lningsavgiften: 10\u20ac \/ gren, efteranm\u00e4lning 25 \u20ac \/ gren.Betalas till konto FI7840501040019621Anm\u00e4lningsavgiften g\u00e4ller ej Akilles idrottare F\u00f6rfr\u00e5gningar: Mikael Finell,\u00a0mickifinell@hotmail.com 050-3276773, Miro Wikgren miro.wikgren@gmail.com 041-5271037 Tre delt\u00e4vlingar 2026 Onsdag 17.6 Borg\u00e5 Stavcup del 1 (sista siffran 7 tex 207) Borg\u00e5\/C kl 17.00 F\/P 9-15, H\/D 17-19: stav \u00a0 Del 1, Anm\u00e4lning [&hellip;]<\/p>\n","protected":false},"author":3,"featured_media":0,"parent":0,"menu_order":0,"comment_status":"closed","ping_status":"closed","template":"","meta":{"_crdt_document":"","footnotes":""},"class_list":["post-29640","page","type-page","status-publish","hentry"],"yoast_head":"<!-- This site is optimized with the Yoast SEO plugin v27.4 - https:\/\/yoast.com\/product\/yoast-seo-wordpress\/ -->\n<title>Borg\u00e5 stavcup - 2026 - Porvoon Seiv\u00e4scup - Friidrott - Yleisurheilu<\/title>\n<meta name=\"robots\" content=\"index, follow, max-snippet:-1, max-image-preview:large, max-video-preview:-1\" \/>\n<link rel=\"canonical\" href=\"https:\/\/www.akilles.fi\/friidrott\/borga-stavcup-2026-porvoon-seivascup\/\" \/>\n<meta property=\"og:locale\" content=\"sv_SE\" \/>\n<meta property=\"og:type\" content=\"article\" \/>\n<meta property=\"og:title\" content=\"Borg\u00e5 stavcup - 2026 - Porvoon Seiv\u00e4scup - Friidrott - Yleisurheilu\" \/>\n<meta property=\"og:description\" content=\"Del 1, Anm\u00e4lning senast 15.6.2026 Anm\u00e4lningsavgiften: 10\u20ac \/ gren, efteranm\u00e4lning 25 \u20ac \/ gren.Betalas till konto FI7840501040019621Anm\u00e4lningsavgiften g\u00e4ller ej Akilles idrottare F\u00f6rfr\u00e5gningar: Mikael Finell,\u00a0mickifinell@hotmail.com 050-3276773, Miro Wikgren miro.wikgren@gmail.com 041-5271037 Tre delt\u00e4vlingar 2026 Onsdag 17.6 Borg\u00e5 Stavcup del 1 (sista siffran 7 tex 207) Borg\u00e5\/C kl 17.00 F\/P 9-15, H\/D 17-19: stav \u00a0 Del 1, Anm\u00e4lning [&hellip;]\" \/>\n<meta property=\"og:url\" content=\"https:\/\/www.akilles.fi\/friidrott\/borga-stavcup-2026-porvoon-seivascup\/\" \/>\n<meta property=\"og:site_name\" content=\"Friidrott - Yleisurheilu\" \/>\n<meta property=\"article:modified_time\" content=\"2026-03-29T16:21:35+00:00\" \/>\n<meta name=\"twitter:card\" content=\"summary_large_image\" \/>\n<meta name=\"twitter:label1\" content=\"Ber\u00e4knad l\u00e4stid\" \/>\n\t<meta name=\"twitter:data1\" content=\"2 minuter\" \/>\n<script type=\"application\/ld+json\" class=\"yoast-schema-graph\">{\"@context\":\"https:\\\/\\\/schema.org\",\"@graph\":[{\"@type\":\"WebPage\",\"@id\":\"https:\\\/\\\/www.akilles.fi\\\/friidrott\\\/borga-stavcup-2026-porvoon-seivascup\\\/\",\"url\":\"https:\\\/\\\/www.akilles.fi\\\/friidrott\\\/borga-stavcup-2026-porvoon-seivascup\\\/\",\"name\":\"Borg\u00e5 stavcup - 2026 - Porvoon Seiv\u00e4scup - Friidrott - Yleisurheilu\",\"isPartOf\":{\"@id\":\"https:\\\/\\\/www.akilles.fi\\\/friidrott\\\/#website\"},\"datePublished\":\"2026-02-25T15:49:03+00:00\",\"dateModified\":\"2026-03-29T16:21:35+00:00\",\"breadcrumb\":{\"@id\":\"https:\\\/\\\/www.akilles.fi\\\/friidrott\\\/borga-stavcup-2026-porvoon-seivascup\\\/#breadcrumb\"},\"inLanguage\":\"sv-SE\",\"potentialAction\":[{\"@type\":\"ReadAction\",\"target\":[\"https:\\\/\\\/www.akilles.fi\\\/friidrott\\\/borga-stavcup-2026-porvoon-seivascup\\\/\"]}]},{\"@type\":\"BreadcrumbList\",\"@id\":\"https:\\\/\\\/www.akilles.fi\\\/friidrott\\\/borga-stavcup-2026-porvoon-seivascup\\\/#breadcrumb\",\"itemListElement\":[{\"@type\":\"ListItem\",\"position\":1,\"name\":\"Home\",\"item\":\"https:\\\/\\\/www.akilles.fi\\\/friidrott\\\/\"},{\"@type\":\"ListItem\",\"position\":2,\"name\":\"Borg\u00e5 stavcup &#8211; 2026 &#8211; Porvoon Seiv\u00e4scup\"}]},{\"@type\":\"WebSite\",\"@id\":\"https:\\\/\\\/www.akilles.fi\\\/friidrott\\\/#website\",\"url\":\"https:\\\/\\\/www.akilles.fi\\\/friidrott\\\/\",\"name\":\"Friidrott - Yleisurheilu\",\"description\":\"Borg\u00e5 Akilles Friidrott- Porvoon Akilles Yleisurheilu\",\"potentialAction\":[{\"@type\":\"SearchAction\",\"target\":{\"@type\":\"EntryPoint\",\"urlTemplate\":\"https:\\\/\\\/www.akilles.fi\\\/friidrott\\\/?s={search_term_string}\"},\"query-input\":{\"@type\":\"PropertyValueSpecification\",\"valueRequired\":true,\"valueName\":\"search_term_string\"}}],\"inLanguage\":\"sv-SE\"}]}<\/script>\n<!-- \/ Yoast SEO plugin. -->","yoast_head_json":{"title":"Borg\u00e5 stavcup - 2026 - Porvoon Seiv\u00e4scup - Friidrott - Yleisurheilu","robots":{"index":"index","follow":"follow","max-snippet":"max-snippet:-1","max-image-preview":"max-image-preview:large","max-video-preview":"max-video-preview:-1"},"canonical":"https:\/\/www.akilles.fi\/friidrott\/borga-stavcup-2026-porvoon-seivascup\/","og_locale":"sv_SE","og_type":"article","og_title":"Borg\u00e5 stavcup - 2026 - Porvoon Seiv\u00e4scup - Friidrott - Yleisurheilu","og_description":"Del 1, Anm\u00e4lning senast 15.6.2026 Anm\u00e4lningsavgiften: 10\u20ac \/ gren, efteranm\u00e4lning 25 \u20ac \/ gren.Betalas till konto FI7840501040019621Anm\u00e4lningsavgiften g\u00e4ller ej Akilles idrottare F\u00f6rfr\u00e5gningar: Mikael Finell,\u00a0mickifinell@hotmail.com 050-3276773, Miro Wikgren miro.wikgren@gmail.com 041-5271037 Tre delt\u00e4vlingar 2026 Onsdag 17.6 Borg\u00e5 Stavcup del 1 (sista siffran 7 tex 207) Borg\u00e5\/C kl 17.00 F\/P 9-15, H\/D 17-19: stav \u00a0 Del 1, Anm\u00e4lning [&hellip;]","og_url":"https:\/\/www.akilles.fi\/friidrott\/borga-stavcup-2026-porvoon-seivascup\/","og_site_name":"Friidrott - Yleisurheilu","article_modified_time":"2026-03-29T16:21:35+00:00","twitter_card":"summary_large_image","twitter_misc":{"Ber\u00e4knad l\u00e4stid":"2 minuter"},"schema":{"@context":"https:\/\/schema.org","@graph":[{"@type":"WebPage","@id":"https:\/\/www.akilles.fi\/friidrott\/borga-stavcup-2026-porvoon-seivascup\/","url":"https:\/\/www.akilles.fi\/friidrott\/borga-stavcup-2026-porvoon-seivascup\/","name":"Borg\u00e5 stavcup - 2026 - Porvoon Seiv\u00e4scup - Friidrott - Yleisurheilu","isPartOf":{"@id":"https:\/\/www.akilles.fi\/friidrott\/#website"},"datePublished":"2026-02-25T15:49:03+00:00","dateModified":"2026-03-29T16:21:35+00:00","breadcrumb":{"@id":"https:\/\/www.akilles.fi\/friidrott\/borga-stavcup-2026-porvoon-seivascup\/#breadcrumb"},"inLanguage":"sv-SE","potentialAction":[{"@type":"ReadAction","target":["https:\/\/www.akilles.fi\/friidrott\/borga-stavcup-2026-porvoon-seivascup\/"]}]},{"@type":"BreadcrumbList","@id":"https:\/\/www.akilles.fi\/friidrott\/borga-stavcup-2026-porvoon-seivascup\/#breadcrumb","itemListElement":[{"@type":"ListItem","position":1,"name":"Home","item":"https:\/\/www.akilles.fi\/friidrott\/"},{"@type":"ListItem","position":2,"name":"Borg\u00e5 stavcup &#8211; 2026 &#8211; Porvoon Seiv\u00e4scup"}]},{"@type":"WebSite","@id":"https:\/\/www.akilles.fi\/friidrott\/#website","url":"https:\/\/www.akilles.fi\/friidrott\/","name":"Friidrott - Yleisurheilu","description":"Borg\u00e5 Akilles Friidrott- Porvoon Akilles Yleisurheilu","potentialAction":[{"@type":"SearchAction","target":{"@type":"EntryPoint","urlTemplate":"https:\/\/www.akilles.fi\/friidrott\/?s={search_term_string}"},"query-input":{"@type":"PropertyValueSpecification","valueRequired":true,"valueName":"search_term_string"}}],"inLanguage":"sv-SE"}]}},"_links":{"self":[{"href":"https:\/\/www.akilles.fi\/friidrott\/wp-json\/wp\/v2\/pages\/29640","targetHints":{"allow":["GET"]}}],"collection":[{"href":"https:\/\/www.akilles.fi\/friidrott\/wp-json\/wp\/v2\/pages"}],"about":[{"href":"https:\/\/www.akilles.fi\/friidrott\/wp-json\/wp\/v2\/types\/page"}],"author":[{"embeddable":true,"href":"https:\/\/www.akilles.fi\/friidrott\/wp-json\/wp\/v2\/users\/3"}],"replies":[{"embeddable":true,"href":"https:\/\/www.akilles.fi\/friidrott\/wp-json\/wp\/v2\/comments?post=29640"}],"version-history":[{"count":13,"href":"https:\/\/www.akilles.fi\/friidrott\/wp-json\/wp\/v2\/pages\/29640\/revisions"}],"predecessor-version":[{"id":29737,"href":"https:\/\/www.akilles.fi\/friidrott\/wp-json\/wp\/v2\/pages\/29640\/revisions\/29737"}],"wp:attachment":[{"href":"https:\/\/www.akilles.fi\/friidrott\/wp-json\/wp\/v2\/media?parent=29640"}],"curies":[{"name":"wp","href":"https:\/\/api.w.org\/{rel}","templated":true}]}}