{"id":44,"date":"2019-01-07T12:58:27","date_gmt":"2019-01-07T10:58:27","guid":{"rendered":"http:\/\/94.237.33.215\/~akilles\/nyasida\/friidrott\/?page_id=44"},"modified":"2024-04-17T09:09:22","modified_gmt":"2024-04-17T09:09:22","slug":"sektionsinfo-jaostoinfo","status":"publish","type":"page","link":"https:\/\/www.akilles.fi\/friidrott\/sektionsinfo-jaostoinfo\/","title":{"rendered":"Sektionsinfo &#8211; Jaostoinfo"},"content":{"rendered":"\t\t<div data-elementor-type=\"wp-post\" data-elementor-id=\"44\" class=\"elementor elementor-44\" data-elementor-post-type=\"page\">\n\t\t\t\t\t\t<section class=\"elementor-section elementor-top-section elementor-element elementor-element-ca937cf elementor-section-boxed elementor-section-height-default elementor-section-height-default\" data-id=\"ca937cf\" data-element_type=\"section\">\n\t\t\t\t\t\t<div class=\"elementor-container elementor-column-gap-default\">\n\t\t\t\t\t<div class=\"elementor-column elementor-col-50 elementor-top-column elementor-element elementor-element-ef057fb\" data-id=\"ef057fb\" data-element_type=\"column\">\n\t\t\t<div class=\"elementor-widget-wrap elementor-element-populated\">\n\t\t\t\t\t\t<div class=\"elementor-element elementor-element-a22dee7 elementor-widget elementor-widget-text-editor\" data-id=\"a22dee7\" data-element_type=\"widget\" data-widget_type=\"text-editor.default\">\n\t\t\t\t<div class=\"elementor-widget-container\">\n\t\t\t\t\t\t\t\t\t<h4><a href=\"https:\/\/www.akilles.fi\/friidrott\/vision-och-malsattning\/\">Vision och m\u00e5ls\u00e4ttning<\/a><br \/><span style=\"color: #008000;\"><a style=\"color: #008000;\" href=\"https:\/\/www.akilles.fi\/friidrott\/grona-boken-vihrea-kirja\/\">Gr\u00f6na boken<\/a><\/span><br \/><a href=\"http:\/\/www.akilles.fi\/friidrott\/arsavgifter-vuosimaksut-2024\/\">\u00c5rsavgifter<\/a><br \/><a href=\"https:\/\/www.akilles.fi\/friidrott\/friidrottslicens-2024-yleisurheilulisenssi\/\">Friidrottslicenser 2024<\/a><br \/><span style=\"color: #ff00ff;\"><a style=\"color: #ff00ff;\" href=\"https:\/\/www.akilles.fi\/friidrott\/infobrev-till-nya-medlemmar-infokirje-uusille-jasenille\/\">Infobrev till nya medlemmar<\/a><\/span><br \/><a href=\"https:\/\/www.akilles.fi\/friidrott\/tavlingsfunktionar\/\">T\u00e4vlingsfunktion\u00e4r?<\/a><br \/><a href=\"https:\/\/www.akilles.fi\/friidrott\/utbildning-koulutus\/\">Utbildning<\/a><br \/><a href=\"https:\/\/www.akilles.fi\/friidrott\/kort-historik\/\">Kort historik<\/a><br \/><a href=\"https:\/\/www.akilles.fi\/friidrott\/klader-och-utrusting\/\">Kl\u00e4der och utrustning<\/a><br \/><a href=\"https:\/\/www.akilles.fi\/friidrott\/understodande-medlem\/\">Underst\u00f6dande medlem<\/a><br \/><a href=\"https:\/\/www.akilles.fi\/friidrott\/resereglemente-matkustussaannot\/\">Resereglemente<\/a><br \/><a href=\"https:\/\/www.akilles.fi\/friidrott\/materialbank-materiaalipankki\/\">Materialbank <\/a><\/h4>\t\t\t\t\t\t\t\t<\/div>\n\t\t\t\t<\/div>\n\t\t\t\t\t<\/div>\n\t\t<\/div>\n\t\t\t\t<div class=\"elementor-column elementor-col-50 elementor-top-column elementor-element elementor-element-71aebf8\" data-id=\"71aebf8\" data-element_type=\"column\">\n\t\t\t<div class=\"elementor-widget-wrap elementor-element-populated\">\n\t\t\t\t\t\t<div class=\"elementor-element elementor-element-b849614 elementor-widget elementor-widget-text-editor\" data-id=\"b849614\" data-element_type=\"widget\" data-widget_type=\"text-editor.default\">\n\t\t\t\t<div class=\"elementor-widget-container\">\n\t\t\t\t\t\t\t\t\t<h4><a href=\"https:\/\/www.akilles.fi\/friidrott\/vision-och-malsattning\/\">Visio ja tavoitteet<\/a><br \/><a href=\"https:\/\/www.akilles.fi\/friidrott\/grona-boken-vihrea-kirja\/\"><span style=\"color: #008000;\">Vihre\u00e4 kirja<\/span><\/a><br \/><a href=\"http:\/\/www.akilles.fi\/friidrott\/arsavgifter-vuosimaksut-2024\/\">Vuosimaksut<\/a><br \/><a href=\"https:\/\/www.akilles.fi\/friidrott\/friidrottslicens-2024-yleisurheilulisenssi\/\">Yleisurheilulisenssit 2024<\/a><br \/><a href=\"https:\/\/www.akilles.fi\/friidrott\/infobrev-till-nya-medlemmar-infokirje-uusille-jasenille\/\"><span style=\"color: #ff00ff;\">Infokirje uusille j\u00e4senille<\/span><\/a><br \/><a href=\"https:\/\/www.akilles.fi\/friidrott\/tavlingsfunktionar\/\">Kilpailutoimitsijaksi?<\/a><br \/><a href=\"https:\/\/www.akilles.fi\/friidrott\/utbildning-koulutus\/\">Koulutus<\/a><br \/><a href=\"https:\/\/www.akilles.fi\/friidrott\/kort-historik\/\">Lyhyt historiikki<\/a><br \/><a href=\"https:\/\/www.akilles.fi\/friidrott\/klader-och-utrusting\/\">Vaattet ja varusteet<\/a><br \/><a href=\"https:\/\/www.akilles.fi\/friidrott\/understodande-medlem\/\">Tukij\u00e4seneksi<\/a><br \/><a href=\"https:\/\/www.akilles.fi\/friidrott\/resereglemente-matkustussaannot\/\">Matkustuss\u00e4\u00e4nn\u00f6t<\/a><br \/><a href=\"https:\/\/www.akilles.fi\/friidrott\/materialbank-materiaalipankki\/\">Materiaalipankki<\/a><\/h4>\t\t\t\t\t\t\t\t<\/div>\n\t\t\t\t<\/div>\n\t\t\t\t\t<\/div>\n\t\t<\/div>\n\t\t\t\t\t<\/div>\n\t\t<\/section>\n\t\t\t\t<\/div>\n\t\t","protected":false},"excerpt":{"rendered":"<p>Vision och m\u00e5ls\u00e4ttningGr\u00f6na boken\u00c5rsavgifterFriidrottslicenser 2024Infobrev till nya medlemmarT\u00e4vlingsfunktion\u00e4r?UtbildningKort historikKl\u00e4der och utrustningUnderst\u00f6dande medlemResereglementeMaterialbank Visio ja tavoitteetVihre\u00e4 kirjaVuosimaksutYleisurheilulisenssit 2024Infokirje uusille j\u00e4senilleKilpailutoimitsijaksi?KoulutusLyhyt historiikkiVaattet ja varusteetTukij\u00e4seneksiMatkustuss\u00e4\u00e4nn\u00f6tMateriaalipankki<\/p>\n","protected":false},"author":4,"featured_media":0,"parent":0,"menu_order":0,"comment_status":"closed","ping_status":"closed","template":"","meta":{"_crdt_document":"","footnotes":""},"class_list":["post-44","page","type-page","status-publish","hentry"],"yoast_head":"<!-- This site is optimized with the Yoast SEO plugin v26.8 - https:\/\/yoast.com\/product\/yoast-seo-wordpress\/ -->\n<title>Sektionsinfo - Jaostoinfo - Friidrott - Yleisurheilu<\/title>\n<meta name=\"robots\" content=\"index, follow, max-snippet:-1, max-image-preview:large, max-video-preview:-1\" \/>\n<link rel=\"canonical\" href=\"https:\/\/www.akilles.fi\/friidrott\/sektionsinfo-jaostoinfo\/\" \/>\n<meta property=\"og:locale\" content=\"sv_SE\" \/>\n<meta property=\"og:type\" content=\"article\" \/>\n<meta property=\"og:title\" content=\"Sektionsinfo - Jaostoinfo - Friidrott - Yleisurheilu\" \/>\n<meta property=\"og:description\" content=\"Vision och m\u00e5ls\u00e4ttningGr\u00f6na boken\u00c5rsavgifterFriidrottslicenser 2024Infobrev till nya medlemmarT\u00e4vlingsfunktion\u00e4r?UtbildningKort historikKl\u00e4der och utrustningUnderst\u00f6dande medlemResereglementeMaterialbank Visio ja tavoitteetVihre\u00e4 kirjaVuosimaksutYleisurheilulisenssit 2024Infokirje uusille j\u00e4senilleKilpailutoimitsijaksi?KoulutusLyhyt historiikkiVaattet ja varusteetTukij\u00e4seneksiMatkustuss\u00e4\u00e4nn\u00f6tMateriaalipankki\" \/>\n<meta property=\"og:url\" content=\"https:\/\/www.akilles.fi\/friidrott\/sektionsinfo-jaostoinfo\/\" \/>\n<meta property=\"og:site_name\" content=\"Friidrott - Yleisurheilu\" \/>\n<meta property=\"article:modified_time\" content=\"2024-04-17T09:09:22+00:00\" \/>\n<meta name=\"twitter:card\" content=\"summary_large_image\" \/>\n<meta name=\"twitter:label1\" content=\"Ber\u00e4knad l\u00e4stid\" \/>\n\t<meta name=\"twitter:data1\" content=\"1 minut\" \/>\n<script type=\"application\/ld+json\" class=\"yoast-schema-graph\">{\"@context\":\"https:\/\/schema.org\",\"@graph\":[{\"@type\":\"WebPage\",\"@id\":\"https:\/\/www.akilles.fi\/friidrott\/sektionsinfo-jaostoinfo\/\",\"url\":\"https:\/\/www.akilles.fi\/friidrott\/sektionsinfo-jaostoinfo\/\",\"name\":\"Sektionsinfo - Jaostoinfo - Friidrott - Yleisurheilu\",\"isPartOf\":{\"@id\":\"https:\/\/www.akilles.fi\/friidrott\/#website\"},\"datePublished\":\"2019-01-07T10:58:27+00:00\",\"dateModified\":\"2024-04-17T09:09:22+00:00\",\"breadcrumb\":{\"@id\":\"https:\/\/www.akilles.fi\/friidrott\/sektionsinfo-jaostoinfo\/#breadcrumb\"},\"inLanguage\":\"sv-SE\",\"potentialAction\":[{\"@type\":\"ReadAction\",\"target\":[\"https:\/\/www.akilles.fi\/friidrott\/sektionsinfo-jaostoinfo\/\"]}]},{\"@type\":\"BreadcrumbList\",\"@id\":\"https:\/\/www.akilles.fi\/friidrott\/sektionsinfo-jaostoinfo\/#breadcrumb\",\"itemListElement\":[{\"@type\":\"ListItem\",\"position\":1,\"name\":\"Home\",\"item\":\"https:\/\/www.akilles.fi\/friidrott\/\"},{\"@type\":\"ListItem\",\"position\":2,\"name\":\"Sektionsinfo &#8211; Jaostoinfo\"}]},{\"@type\":\"WebSite\",\"@id\":\"https:\/\/www.akilles.fi\/friidrott\/#website\",\"url\":\"https:\/\/www.akilles.fi\/friidrott\/\",\"name\":\"Friidrott - Yleisurheilu\",\"description\":\"Borg\u00e5 Akilles Friidrott- Porvoon Akilles Yleisurheilu\",\"potentialAction\":[{\"@type\":\"SearchAction\",\"target\":{\"@type\":\"EntryPoint\",\"urlTemplate\":\"https:\/\/www.akilles.fi\/friidrott\/?s={search_term_string}\"},\"query-input\":{\"@type\":\"PropertyValueSpecification\",\"valueRequired\":true,\"valueName\":\"search_term_string\"}}],\"inLanguage\":\"sv-SE\"}]}<\/script>\n<!-- \/ Yoast SEO plugin. -->","yoast_head_json":{"title":"Sektionsinfo - Jaostoinfo - Friidrott - Yleisurheilu","robots":{"index":"index","follow":"follow","max-snippet":"max-snippet:-1","max-image-preview":"max-image-preview:large","max-video-preview":"max-video-preview:-1"},"canonical":"https:\/\/www.akilles.fi\/friidrott\/sektionsinfo-jaostoinfo\/","og_locale":"sv_SE","og_type":"article","og_title":"Sektionsinfo - Jaostoinfo - Friidrott - Yleisurheilu","og_description":"Vision och m\u00e5ls\u00e4ttningGr\u00f6na boken\u00c5rsavgifterFriidrottslicenser 2024Infobrev till nya medlemmarT\u00e4vlingsfunktion\u00e4r?UtbildningKort historikKl\u00e4der och utrustningUnderst\u00f6dande medlemResereglementeMaterialbank Visio ja tavoitteetVihre\u00e4 kirjaVuosimaksutYleisurheilulisenssit 2024Infokirje uusille j\u00e4senilleKilpailutoimitsijaksi?KoulutusLyhyt historiikkiVaattet ja varusteetTukij\u00e4seneksiMatkustuss\u00e4\u00e4nn\u00f6tMateriaalipankki","og_url":"https:\/\/www.akilles.fi\/friidrott\/sektionsinfo-jaostoinfo\/","og_site_name":"Friidrott - Yleisurheilu","article_modified_time":"2024-04-17T09:09:22+00:00","twitter_card":"summary_large_image","twitter_misc":{"Ber\u00e4knad l\u00e4stid":"1 minut"},"schema":{"@context":"https:\/\/schema.org","@graph":[{"@type":"WebPage","@id":"https:\/\/www.akilles.fi\/friidrott\/sektionsinfo-jaostoinfo\/","url":"https:\/\/www.akilles.fi\/friidrott\/sektionsinfo-jaostoinfo\/","name":"Sektionsinfo - Jaostoinfo - Friidrott - Yleisurheilu","isPartOf":{"@id":"https:\/\/www.akilles.fi\/friidrott\/#website"},"datePublished":"2019-01-07T10:58:27+00:00","dateModified":"2024-04-17T09:09:22+00:00","breadcrumb":{"@id":"https:\/\/www.akilles.fi\/friidrott\/sektionsinfo-jaostoinfo\/#breadcrumb"},"inLanguage":"sv-SE","potentialAction":[{"@type":"ReadAction","target":["https:\/\/www.akilles.fi\/friidrott\/sektionsinfo-jaostoinfo\/"]}]},{"@type":"BreadcrumbList","@id":"https:\/\/www.akilles.fi\/friidrott\/sektionsinfo-jaostoinfo\/#breadcrumb","itemListElement":[{"@type":"ListItem","position":1,"name":"Home","item":"https:\/\/www.akilles.fi\/friidrott\/"},{"@type":"ListItem","position":2,"name":"Sektionsinfo &#8211; Jaostoinfo"}]},{"@type":"WebSite","@id":"https:\/\/www.akilles.fi\/friidrott\/#website","url":"https:\/\/www.akilles.fi\/friidrott\/","name":"Friidrott - Yleisurheilu","description":"Borg\u00e5 Akilles Friidrott- Porvoon Akilles Yleisurheilu","potentialAction":[{"@type":"SearchAction","target":{"@type":"EntryPoint","urlTemplate":"https:\/\/www.akilles.fi\/friidrott\/?s={search_term_string}"},"query-input":{"@type":"PropertyValueSpecification","valueRequired":true,"valueName":"search_term_string"}}],"inLanguage":"sv-SE"}]}},"_links":{"self":[{"href":"https:\/\/www.akilles.fi\/friidrott\/wp-json\/wp\/v2\/pages\/44","targetHints":{"allow":["GET"]}}],"collection":[{"href":"https:\/\/www.akilles.fi\/friidrott\/wp-json\/wp\/v2\/pages"}],"about":[{"href":"https:\/\/www.akilles.fi\/friidrott\/wp-json\/wp\/v2\/types\/page"}],"author":[{"embeddable":true,"href":"https:\/\/www.akilles.fi\/friidrott\/wp-json\/wp\/v2\/users\/4"}],"replies":[{"embeddable":true,"href":"https:\/\/www.akilles.fi\/friidrott\/wp-json\/wp\/v2\/comments?post=44"}],"version-history":[{"count":58,"href":"https:\/\/www.akilles.fi\/friidrott\/wp-json\/wp\/v2\/pages\/44\/revisions"}],"predecessor-version":[{"id":22873,"href":"https:\/\/www.akilles.fi\/friidrott\/wp-json\/wp\/v2\/pages\/44\/revisions\/22873"}],"wp:attachment":[{"href":"https:\/\/www.akilles.fi\/friidrott\/wp-json\/wp\/v2\/media?parent=44"}],"curies":[{"name":"wp","href":"https:\/\/api.w.org\/{rel}","templated":true}]}}