{"id":4614,"date":"2020-06-26T18:16:45","date_gmt":"2020-06-26T18:16:45","guid":{"rendered":"http:\/\/www.akilles.fi\/friidrott\/?page_id=4614"},"modified":"2022-07-22T12:55:09","modified_gmt":"2022-07-22T12:55:09","slug":"borga-stavcup-2020-porvoon-seivascup","status":"publish","type":"page","link":"https:\/\/www.akilles.fi\/friidrott\/borga-stavcup-2020-porvoon-seivascup\/","title":{"rendered":"Borg\u00e5 stavcup &#8211; 2020 &#8211; Porvoon Seiv\u00e4scup"},"content":{"rendered":"\t\t<div data-elementor-type=\"wp-post\" data-elementor-id=\"4614\" class=\"elementor elementor-4614\" data-elementor-post-type=\"page\">\n\t\t\t\t\t\t<section class=\"elementor-section elementor-top-section elementor-element elementor-element-f06452e elementor-section-boxed elementor-section-height-default elementor-section-height-default\" data-id=\"f06452e\" data-element_type=\"section\">\n\t\t\t\t\t\t<div class=\"elementor-container elementor-column-gap-default\">\n\t\t\t\t\t<div class=\"elementor-column elementor-col-66 elementor-top-column elementor-element elementor-element-7a5021b\" data-id=\"7a5021b\" data-element_type=\"column\">\n\t\t\t<div class=\"elementor-widget-wrap elementor-element-populated\">\n\t\t\t\t\t\t<div class=\"elementor-element elementor-element-027bd73 elementor-widget elementor-widget-text-editor\" data-id=\"027bd73\" data-element_type=\"widget\" data-widget_type=\"text-editor.default\">\n\t\t\t\t<div class=\"elementor-widget-container\">\n\t\t\t\t\t\t\t\t\t<p class=\"MsoNormal\" style=\"margin-bottom: .0001pt;\"><span lang=\"FI\">Anm\u00e4lning senast 04.07.2020<\/span><\/p><p class=\"MsoNormal\" style=\"margin-bottom: .0001pt;\">Anm\u00e4lningsavgiften: 7\u20ac \/ gren, efteranm\u00e4lning 10 \u20ac \/ gren. <br \/>Betalas till konto FI7840501040019621<\/p><p class=\"MsoNormal\" style=\"margin-bottom: .0001pt;\">Anm\u00e4lningsavgiften g\u00e4ller ej Akilles idrottare<br \/>F\u00f6rfr\u00e5gningar: Filip Brunberg , filip.brunberg@akilles.fi, 050 5911222<\/p><p>Tre delt\u00e4vlingar 2020<\/p><table border=\"0\" width=\"468\" cellspacing=\"0\" cellpadding=\"0\"><tbody><tr><td>M\u00e5ndag 6.7<\/td><td><strong>Borg\u00e5 Stavcup del 1 (sista siffran 6 tex 206)<\/strong><\/td><\/tr><tr><td>Borg\u00e5\/C kl 17.30<\/td><td>F\/P 9-15, H\/D 17-19: stav<\/td><\/tr><tr><td>\u00a0<\/td><td>\u00a0<\/td><\/tr><tr><td>M\u00e5ndag 17.8<\/td><td><strong>Borg\u00e5 Stavcup del 2<\/strong> (sista siffran 9)<\/td><\/tr><tr><td>Borg\u00e5\/C kl 17.30<\/td><td>F\/P 14-15, H\/D 17-19: stav<\/td><\/tr><tr><td>Onsdag 19.8<\/td><td><strong>Borg\u00e5 Stavcup del 2<\/strong> och Akilles m\u00e4sterskap 5 (sista siffran 9)<\/td><\/tr><tr><td>Borg\u00e5\/C kl 17.30<\/td><td>F\/P 9-13: stav<\/td><\/tr><tr><td>\u00a0<\/td><td>\u00a0<\/td><\/tr><tr><td>M\u00e5ndag 7.9<\/td><td><strong>Borg\u00e5 Stavcup del 3 <\/strong>(sista siffran 3)<\/td><\/tr><tr><td>Borg\u00e5\/C kl. 17.00<\/td><td>F\/P 14-15, H\/D 17-19: stav<\/td><\/tr><tr><td>Onsdag 9.9<\/td><td><strong>Borg\u00e5 Stavcup del 3 <\/strong>(sista siffran 3)<\/td><\/tr><tr><td>Borg\u00e5\/C kl. 17.00<\/td><td>F\/P 9-13: stav<\/td><\/tr><tr><td>\u00a0<\/td><td>\u00a0<\/td><\/tr><\/tbody><\/table><p><strong><a href=\"http:\/\/www.akilles.fi\/friidrott\/resultat\/resultat2017\/stavcup_2017\/\"><span style=\"color: #000000;\">Resultat<\/span><\/a><br \/><\/strong><\/p><p><strong>\u00a0Resultat fr\u00e5n Borg\u00e5 STAVCUP del 1\u00a0 <br \/>\u00a06.7.2020 <br \/>\u00a0H17\u00a0 <br \/>1. Johannes M\u00e4kel\u00e4 HKV 366<br \/>346\/xo 356\/o 366\/xo 376\/xxx<br \/>2. Niklas Tallqvist Akilles 356<br \/>356\/xo 376\/xxx<br \/>\u00a0P15\u00a0 <br \/>1. Aatu Sihvonen Karhulan Katajaiset 386<br \/>356\/xo 376\/o 386\/xxo 401\/xxx<br \/>2. Linus Henriksson Akilles 256<br \/>3. Juho Mantila Riihim\u00e4en Kisko 236<br \/>\u00a0P14\u00a0 <br \/>1. Henri Aspelin Akilles 306<br \/>2. Jusa Niemi Riihim\u00e4en Kisko 286<br \/>3. Eelis Hynninen Hartolan Voima 266<br \/>\u00a0P13\u00a0 <br \/>1. Vilho Haaksluoto Riihim\u00e4en Kisko 330<br \/>2. Arttu Haaksluoto Riihim\u00e4en Kisko 286<br \/>3. Albert Isaksson Akilles 256<br \/>\u00a0P11\u00a0 <br \/>1. Urho Aro HKV 246<br \/>\u00a0P10\u00a0 <br \/>1. Tobias Tallqvist Akilles 226<br \/>\u00a0P9\u00a0 <br \/>1. Jyv\u00e4-Kasperi Koskela Riihim\u00e4en Kisko 166<br \/>\u00a0D17\u00a0 <br \/>1. Vanessa Lindberg Riihim\u00e4en Kisko 336<br \/>ytterom Anne-Mari Vallioniemi Janakkalan Jana 246<br \/>\u00a0Vilma Mikkola Keski-U YU NH<br \/>\u00a0F15\u00a0 <br \/>1. Vilja-Matilda Koskela Riihim\u00e4en Kisko 286<br \/>\u00a0F14\u00a0 <br \/>1. Ida Aarnio Riihim\u00e4en Kisko 206<br \/>\u00a0F13\u00a0 <br \/>1. Vilja Valtakari Helsingin Tarmo 176<br \/>2. T\u00e4hk\u00e4-Alina Koskela Riihim\u00e4en Kisko 226<br \/>\u00a0F12\u00a0 <br \/>1. Frida Blomfelt Esbo IF 206<br \/>2. Veera Sepp\u00e4l\u00e4 HKV 206<br \/>3. Milka Koivukoski Helsingin Tarmo 156<br \/>\u00a0Aura Arvas Helsingin Tarmo NH<br \/>\u00a0F11\u00a0 <br \/>1. Eevi Aarnio Riihim\u00e4en Kisko 226<br \/>2. Fanny Finell Akilles 186<br \/>3. Zoe Giovanzana Helsingin Tarmo 146<br \/>\u00a0F10\u00a0 <br \/>1. Sanni Peltola HKV 176<br \/>\u00a0F9\u00a0 <br \/>1. Ada Puhakka Karhulan Katajaiset 166<br \/>\u00a0Anna Ollikainen Nurmij\u00e4rven Yleisurheilu NH<br \/><\/strong><\/p><p><strong>\u00a0<\/strong><\/p><p><strong><strong>Resultat fr\u00e5n Borg\u00e5 STAVCUP del 3 \u00a0<br \/>\u00a07.9.2020 <br \/>\u00a0H17 \u00a0<br \/>1. Niklas Tallqvist Akilles 353<br \/>353\/xxo 373\/xxx<br \/>D19<br \/>1. Vilma Hannula Karhulan Katajaiset 333<br \/>303\/o 313\/o 323\/xo 333\/o 343\/xxx<\/strong><\/strong><\/p><p><strong>\u00a0<\/strong><\/p><p><strong>\u00a0<\/strong><\/p><p><strong>\u00a0<\/strong><\/p><table width=\"564\"><tbody><tr><td><p>H\u00f6jning alltid 10 cm<br \/><strong>3 (2020) delt\u00e4vlingar<\/strong>, de 2 b\u00e4sta med i slutresultatet po\u00e4ngber\u00e4kning,<br \/>hoppad h\u00f6jd\/A-resultat<\/p><p>Yngre serie 9 &#8211; 13 \u00e5ringar<br \/>\u00c4ldre serie 14 &#8211; 19 \u00e5ringar<\/p><p>B\u00e4sta po\u00e4ng vinner<br \/>Vid samma po\u00e4ng vinner b\u00e4sta resultat<br \/>Vid samma b\u00e4sta resultat vinner<br \/>b\u00e4ttre n\u00e4stb\u00e4sta resultat osv.<\/p><\/td><td><p>Korotus aina 10 cm<br \/>3 osakilpailua, 2 parasta mukaan lopputulokseen pistelasku, hyp\u00e4tty tulos\/A-tulos<\/p><p>Nuorempi sarja 9 &#8211; 13 vuotiaat<br \/>Vanhempi sarja 14 &#8211; 19 vuotiaat<\/p><p>Paras pistem\u00e4\u00e4r\u00e4 voittaa<br \/>Jos sama pistem\u00e4\u00e4r\u00e4, paras tulos voittaa<br \/>Sama paras tulos, parempi toiseksi paras tulos voittaa<\/p><\/td><\/tr><\/tbody><\/table>\t\t\t\t\t\t\t\t<\/div>\n\t\t\t\t<\/div>\n\t\t\t\t\t<\/div>\n\t\t<\/div>\n\t\t\t\t<div class=\"elementor-column elementor-col-33 elementor-top-column elementor-element elementor-element-cdbaa2b\" data-id=\"cdbaa2b\" data-element_type=\"column\">\n\t\t\t<div class=\"elementor-widget-wrap elementor-element-populated\">\n\t\t\t\t\t\t<div class=\"elementor-element elementor-element-19d649e elementor-widget elementor-widget-text-editor\" data-id=\"19d649e\" data-element_type=\"widget\" data-widget_type=\"text-editor.default\">\n\t\t\t\t<div class=\"elementor-widget-container\">\n\t\t\t\t\t\t\t\t\t<p>Ilmoittautumiset 04.07.2020 menness\u00e4.<br \/>Ilmoittautumismaksut: 7\u20ac \/ laji, j\u00e4lki-ilmoittautuminen 10 \u20ac \/ laji. <br \/>Maksetaan tilille FI7840501040019621<br \/>Ilmoittautumismaksu ei koske Akilleksen urheilijoita<br \/>Tiedustelut: Filip Brunberg , filip.brunberg@akilles.fi, 050 5911222<\/p><p>Kolme osakilpailua 2020<\/p><table border=\"0\" width=\"468\" cellspacing=\"0\" cellpadding=\"0\"><tbody><tr><td>Maanantai 6.7<\/td><td><strong>Porvoon seiv\u00e4scup osa 1 (viimeinen numero 6 esim. 206)<\/strong><\/td><\/tr><tr><td>Porvoo klo. 17.30<\/td><td>T\/P 9-15, M\/N 17-19: seiv\u00e4s<\/td><\/tr><tr><td>\u00a0<\/td><td>\u00a0<\/td><\/tr><tr><td>Maanantai 17.8<\/td><td><strong>Porvoon seiv\u00e4scup osa 2 <\/strong> (viimeinen numero\u00a0 9)<\/td><\/tr><tr><td>Porvoo klo. 17.30<\/td><td>T\/P 14-15, M\/N 17-19: seiv\u00e4s<\/td><\/tr><tr><td>Keskiviikko 19.8<\/td><td><strong>Porvoon seiv\u00e4scup osa 2<\/strong> och Akilles m\u00e4sterskap 5 (viimeinen numero 9)<\/td><\/tr><tr><td>Porvoo klo. 17.30<\/td><td>T\/P 9-13: seiv\u00e4s<\/td><\/tr><tr><td>\u00a0<\/td><td>\u00a0<\/td><\/tr><tr><td>Maanantai 7.9<\/td><td><strong>Porvoon seiv\u00e4scup osa 3 <\/strong>(viimeinen numero 3)<\/td><\/tr><tr><td>Porvoo kl. 17.00<\/td><td>T\/P 14-15, M\/N 17-19: seiv\u00e4s<\/td><\/tr><tr><td>Keskiviikko 9.9<\/td><td><strong>Porvoon seiv\u00e4scup osa 3 <\/strong>(viimeinen numero 3)<\/td><\/tr><tr><td>Porvoo kl. 17.00<\/td><td>T\/P 9-13: seiv\u00e4s<\/td><\/tr><tr><td>\u00a0<\/td><td>\u00a0<\/td><\/tr><\/tbody><\/table><p><strong><a href=\"http:\/\/www.akilles.fi\/friidrott\/resultat\/resultat2017\/stavcup_2017\/\"><span style=\"color: #000000;\">Resultat<\/span><\/a><br \/><\/strong><\/p><p><strong>\u00a0Resultat fr\u00e5n Borg\u00e5 STAVCUP del 2\u00a0 <br \/>\u00a017.8.2020 <br \/>\u00a0H17\u00a0 <br \/>1. Eerik M\u00e4kel\u00e4 Lahden Ahkera 389<br \/>369\/o 389\/o 399\/xxx<br \/>1. Niklas Tallqvist Akilles 389<br \/>369\/o 389\/o 416\/xxx<br \/>3. Atte Tuominen Lahden Ahkera 319<br \/>269\/o 279\/o 299\/o 309\/o 319\/xo 329\/xxx<br \/>\u00a0P15\u00a0 <br \/>1. Samuel Puustinen Akilles 279<br \/>259\/o 269\/o 279\/o 289\/xxx<br \/>2. Linus Henriksson Akilles 279<br \/>239\/o 249\/o 259\/o 269\/xxo 279\/xo 289\/xxx<br \/>\u00a0P14\u00a0 <br \/>1. Henri Aspelin Akilles 299<br \/>269\/o 279\/o 289\/o 299\/o 309\/xxx<br \/>2. Jusa Niemi Riihim\u00e4en Kisko 299<br \/>259\/o 269\/o 279\/o 289\/o 299\/xo 309\/xxx<br \/>3. Eelis Hynninen Hartolan Voima 299<br \/>259\/o 269\/o 279\/xo 289\/xo 299\/xo 309\/xxx<br \/>\u00a0F15\u00a0 <br \/>1. Helmi Eklund Espoon Tapiot 309<br \/>269\/o 279\/- 289\/o 299\/o 309\/xo 319\/xxx<br \/>2. Jenni Hirvonen Esbo If 229<br \/>209\/o\u00a0 219\/o 229\/o 239\/xxx<\/strong><\/p><p><strong>\u00a0Resultat fr\u00e5n Borg\u00e5 STAVCUP del 2\u00a0 <br \/>19.8.2020<br \/>\u00a0P13\u00a0 <br \/>1. Albert Isaksson Akilles 249<br \/>209\/o 229\/o\u00a0 249\/o 259\/xxx<br \/>2. Matias Nieminen Asikkalan Raikas 189<br \/>159\/o 169\/xo 179\/xo 189\/xo 199\/xxx<br \/>\u00a0P10\u00a0 <br \/>1. Tobias Tallqvist Akilles 239<br \/>189\/o 209\/o 219\/o 229\/o 239\/o 244\/xxx<br \/>\u00a0F9\u00a0 <br \/>1. Ada Puhakka Karhulan Katajaiset 179<br \/>139\/o 149\/xo 159\/o 169\/xxo 179\/o 189\/xxx<br \/><\/strong><\/p><p><strong>\u00a0<\/strong><\/p><p><strong>\u00a0<\/strong> Resultat fr\u00e5n Borg\u00e5 STAVCUP del 3 \u00a0<br \/>\u00a09.9.2020 <br \/>\u00a0P15 \u00a0<br \/>1. Samuel Puustinen Akilles 273<br \/>243\/o 253\/o 263\/o 273\/o 283\/xxx<br \/>\u00a0P14 \u00a0<br \/>1. Henri Aspelin Akilles 273<br \/>273\/xxo 283\/xxx<br \/>\u00a0P13 \u00a0<br \/>1. Matias Nieminen Asikkalan Raikas 243<br \/>203\/o 223\/o 233\/o 243\/xo 253\/xxx<br \/>\u00a0P10 \u00a0<br \/>1. Tobias Tallqvist Akilles 213<br \/>183\/o 203\/o 213\/xo\u00a0 223\/xxx<\/p><p>\u00a0F15 \u00a0<br \/>1. Helmi Eklund Espoon Tapiot NH<br \/>283\/xxx<br \/>\u00a0F12 \u00a0<br \/>1. Frida Blomfelt Esbo IF 233<br \/>193\/o 203\/o 213\/o\u00a0 223\/o 233\/xxo 243\/xxx<br \/>\u00a0F11 \u00a0<br \/>1. Fanny Finell Akilles 203<br \/>163\/o 173\/o 183\/o 193\/xo 203\/o 213\/xxx<\/p><p>\u00a0<\/p><table width=\"564\"><tbody><tr><td><p>H\u00f6jning alltid 10 cm<br \/><strong>3 (2020) delt\u00e4vlingar<\/strong>, de 2 b\u00e4sta med i slutresultatet po\u00e4ngber\u00e4kning,<br \/>hoppad h\u00f6jd\/A-resultat<\/p><p>Yngre serie 9 &#8211; 13 \u00e5ringar<br \/>\u00c4ldre serie 14 &#8211; 19 \u00e5ringar<\/p><p>B\u00e4sta po\u00e4ng vinner<br \/>Vid samma po\u00e4ng vinner b\u00e4sta resultat<br \/>Vid samma b\u00e4sta resultat vinner<br \/>b\u00e4ttre n\u00e4stb\u00e4sta resultat osv.<\/p><\/td><td><p>Korotus aina 10 cm<br \/>3 osakilpailua, 2 parasta mukaan lopputulokseen pistelasku, hyp\u00e4tty tulos\/A-tulos<\/p><p>Nuorempi sarja 9 &#8211; 13 vuotiaat<br \/>Vanhempi sarja 14 &#8211; 19 vuotiaat<\/p><p>Paras pistem\u00e4\u00e4r\u00e4 voittaa<br \/>Jos sama pistem\u00e4\u00e4r\u00e4, paras tulos voittaa<br \/>Sama paras tulos, parempi toiseksi paras voi<\/p><\/td><\/tr><\/tbody><\/table><p>\u00a0<\/p>\t\t\t\t\t\t\t\t<\/div>\n\t\t\t\t<\/div>\n\t\t\t\t\t<\/div>\n\t\t<\/div>\n\t\t\t\t\t<\/div>\n\t\t<\/section>\n\t\t\t\t<\/div>\n\t\t","protected":false},"excerpt":{"rendered":"<p>Anm\u00e4lning senast 04.07.2020 Anm\u00e4lningsavgiften: 7\u20ac \/ gren, efteranm\u00e4lning 10 \u20ac \/ gren. Betalas till konto FI7840501040019621 Anm\u00e4lningsavgiften g\u00e4ller ej Akilles idrottareF\u00f6rfr\u00e5gningar: Filip Brunberg , filip.brunberg@akilles.fi, 050 5911222 Tre delt\u00e4vlingar 2020 M\u00e5ndag 6.7 Borg\u00e5 Stavcup del 1 (sista siffran 6 tex 206) Borg\u00e5\/C kl 17.30 F\/P 9-15, H\/D 17-19: stav \u00a0 \u00a0 M\u00e5ndag 17.8 Borg\u00e5 Stavcup [&hellip;]<\/p>\n","protected":false},"author":3,"featured_media":0,"parent":0,"menu_order":0,"comment_status":"closed","ping_status":"closed","template":"","meta":{"_crdt_document":"","footnotes":""},"class_list":["post-4614","page","type-page","status-publish","hentry"],"yoast_head":"<!-- This site is optimized with the Yoast SEO plugin v26.8 - https:\/\/yoast.com\/product\/yoast-seo-wordpress\/ -->\n<title>Borg\u00e5 stavcup - 2020 - Porvoon Seiv\u00e4scup - Friidrott - Yleisurheilu<\/title>\n<meta name=\"robots\" content=\"index, follow, max-snippet:-1, max-image-preview:large, max-video-preview:-1\" \/>\n<link rel=\"canonical\" href=\"https:\/\/www.akilles.fi\/friidrott\/borga-stavcup-2020-porvoon-seivascup\/\" \/>\n<meta property=\"og:locale\" content=\"sv_SE\" \/>\n<meta property=\"og:type\" content=\"article\" \/>\n<meta property=\"og:title\" content=\"Borg\u00e5 stavcup - 2020 - Porvoon Seiv\u00e4scup - Friidrott - Yleisurheilu\" \/>\n<meta property=\"og:description\" content=\"Anm\u00e4lning senast 04.07.2020 Anm\u00e4lningsavgiften: 7\u20ac \/ gren, efteranm\u00e4lning 10 \u20ac \/ gren. Betalas till konto FI7840501040019621 Anm\u00e4lningsavgiften g\u00e4ller ej Akilles idrottareF\u00f6rfr\u00e5gningar: Filip Brunberg , filip.brunberg@akilles.fi, 050 5911222 Tre delt\u00e4vlingar 2020 M\u00e5ndag 6.7 Borg\u00e5 Stavcup del 1 (sista siffran 6 tex 206) Borg\u00e5\/C kl 17.30 F\/P 9-15, H\/D 17-19: stav \u00a0 \u00a0 M\u00e5ndag 17.8 Borg\u00e5 Stavcup [&hellip;]\" \/>\n<meta property=\"og:url\" content=\"https:\/\/www.akilles.fi\/friidrott\/borga-stavcup-2020-porvoon-seivascup\/\" \/>\n<meta property=\"og:site_name\" content=\"Friidrott - Yleisurheilu\" \/>\n<meta property=\"article:modified_time\" content=\"2022-07-22T12:55:09+00:00\" \/>\n<meta name=\"twitter:card\" content=\"summary_large_image\" \/>\n<meta name=\"twitter:label1\" content=\"Ber\u00e4knad l\u00e4stid\" \/>\n\t<meta name=\"twitter:data1\" content=\"5 minuter\" \/>\n<script type=\"application\/ld+json\" class=\"yoast-schema-graph\">{\"@context\":\"https:\/\/schema.org\",\"@graph\":[{\"@type\":\"WebPage\",\"@id\":\"https:\/\/www.akilles.fi\/friidrott\/borga-stavcup-2020-porvoon-seivascup\/\",\"url\":\"https:\/\/www.akilles.fi\/friidrott\/borga-stavcup-2020-porvoon-seivascup\/\",\"name\":\"Borg\u00e5 stavcup - 2020 - Porvoon Seiv\u00e4scup - Friidrott - Yleisurheilu\",\"isPartOf\":{\"@id\":\"https:\/\/www.akilles.fi\/friidrott\/#website\"},\"datePublished\":\"2020-06-26T18:16:45+00:00\",\"dateModified\":\"2022-07-22T12:55:09+00:00\",\"breadcrumb\":{\"@id\":\"https:\/\/www.akilles.fi\/friidrott\/borga-stavcup-2020-porvoon-seivascup\/#breadcrumb\"},\"inLanguage\":\"sv-SE\",\"potentialAction\":[{\"@type\":\"ReadAction\",\"target\":[\"https:\/\/www.akilles.fi\/friidrott\/borga-stavcup-2020-porvoon-seivascup\/\"]}]},{\"@type\":\"BreadcrumbList\",\"@id\":\"https:\/\/www.akilles.fi\/friidrott\/borga-stavcup-2020-porvoon-seivascup\/#breadcrumb\",\"itemListElement\":[{\"@type\":\"ListItem\",\"position\":1,\"name\":\"Home\",\"item\":\"https:\/\/www.akilles.fi\/friidrott\/\"},{\"@type\":\"ListItem\",\"position\":2,\"name\":\"Borg\u00e5 stavcup &#8211; 2020 &#8211; Porvoon Seiv\u00e4scup\"}]},{\"@type\":\"WebSite\",\"@id\":\"https:\/\/www.akilles.fi\/friidrott\/#website\",\"url\":\"https:\/\/www.akilles.fi\/friidrott\/\",\"name\":\"Friidrott - Yleisurheilu\",\"description\":\"Borg\u00e5 Akilles Friidrott- Porvoon Akilles Yleisurheilu\",\"potentialAction\":[{\"@type\":\"SearchAction\",\"target\":{\"@type\":\"EntryPoint\",\"urlTemplate\":\"https:\/\/www.akilles.fi\/friidrott\/?s={search_term_string}\"},\"query-input\":{\"@type\":\"PropertyValueSpecification\",\"valueRequired\":true,\"valueName\":\"search_term_string\"}}],\"inLanguage\":\"sv-SE\"}]}<\/script>\n<!-- \/ Yoast SEO plugin. -->","yoast_head_json":{"title":"Borg\u00e5 stavcup - 2020 - Porvoon Seiv\u00e4scup - Friidrott - Yleisurheilu","robots":{"index":"index","follow":"follow","max-snippet":"max-snippet:-1","max-image-preview":"max-image-preview:large","max-video-preview":"max-video-preview:-1"},"canonical":"https:\/\/www.akilles.fi\/friidrott\/borga-stavcup-2020-porvoon-seivascup\/","og_locale":"sv_SE","og_type":"article","og_title":"Borg\u00e5 stavcup - 2020 - Porvoon Seiv\u00e4scup - Friidrott - Yleisurheilu","og_description":"Anm\u00e4lning senast 04.07.2020 Anm\u00e4lningsavgiften: 7\u20ac \/ gren, efteranm\u00e4lning 10 \u20ac \/ gren. Betalas till konto FI7840501040019621 Anm\u00e4lningsavgiften g\u00e4ller ej Akilles idrottareF\u00f6rfr\u00e5gningar: Filip Brunberg , filip.brunberg@akilles.fi, 050 5911222 Tre delt\u00e4vlingar 2020 M\u00e5ndag 6.7 Borg\u00e5 Stavcup del 1 (sista siffran 6 tex 206) Borg\u00e5\/C kl 17.30 F\/P 9-15, H\/D 17-19: stav \u00a0 \u00a0 M\u00e5ndag 17.8 Borg\u00e5 Stavcup [&hellip;]","og_url":"https:\/\/www.akilles.fi\/friidrott\/borga-stavcup-2020-porvoon-seivascup\/","og_site_name":"Friidrott - Yleisurheilu","article_modified_time":"2022-07-22T12:55:09+00:00","twitter_card":"summary_large_image","twitter_misc":{"Ber\u00e4knad l\u00e4stid":"5 minuter"},"schema":{"@context":"https:\/\/schema.org","@graph":[{"@type":"WebPage","@id":"https:\/\/www.akilles.fi\/friidrott\/borga-stavcup-2020-porvoon-seivascup\/","url":"https:\/\/www.akilles.fi\/friidrott\/borga-stavcup-2020-porvoon-seivascup\/","name":"Borg\u00e5 stavcup - 2020 - Porvoon Seiv\u00e4scup - Friidrott - Yleisurheilu","isPartOf":{"@id":"https:\/\/www.akilles.fi\/friidrott\/#website"},"datePublished":"2020-06-26T18:16:45+00:00","dateModified":"2022-07-22T12:55:09+00:00","breadcrumb":{"@id":"https:\/\/www.akilles.fi\/friidrott\/borga-stavcup-2020-porvoon-seivascup\/#breadcrumb"},"inLanguage":"sv-SE","potentialAction":[{"@type":"ReadAction","target":["https:\/\/www.akilles.fi\/friidrott\/borga-stavcup-2020-porvoon-seivascup\/"]}]},{"@type":"BreadcrumbList","@id":"https:\/\/www.akilles.fi\/friidrott\/borga-stavcup-2020-porvoon-seivascup\/#breadcrumb","itemListElement":[{"@type":"ListItem","position":1,"name":"Home","item":"https:\/\/www.akilles.fi\/friidrott\/"},{"@type":"ListItem","position":2,"name":"Borg\u00e5 stavcup &#8211; 2020 &#8211; Porvoon Seiv\u00e4scup"}]},{"@type":"WebSite","@id":"https:\/\/www.akilles.fi\/friidrott\/#website","url":"https:\/\/www.akilles.fi\/friidrott\/","name":"Friidrott - Yleisurheilu","description":"Borg\u00e5 Akilles Friidrott- Porvoon Akilles Yleisurheilu","potentialAction":[{"@type":"SearchAction","target":{"@type":"EntryPoint","urlTemplate":"https:\/\/www.akilles.fi\/friidrott\/?s={search_term_string}"},"query-input":{"@type":"PropertyValueSpecification","valueRequired":true,"valueName":"search_term_string"}}],"inLanguage":"sv-SE"}]}},"_links":{"self":[{"href":"https:\/\/www.akilles.fi\/friidrott\/wp-json\/wp\/v2\/pages\/4614","targetHints":{"allow":["GET"]}}],"collection":[{"href":"https:\/\/www.akilles.fi\/friidrott\/wp-json\/wp\/v2\/pages"}],"about":[{"href":"https:\/\/www.akilles.fi\/friidrott\/wp-json\/wp\/v2\/types\/page"}],"author":[{"embeddable":true,"href":"https:\/\/www.akilles.fi\/friidrott\/wp-json\/wp\/v2\/users\/3"}],"replies":[{"embeddable":true,"href":"https:\/\/www.akilles.fi\/friidrott\/wp-json\/wp\/v2\/comments?post=4614"}],"version-history":[{"count":18,"href":"https:\/\/www.akilles.fi\/friidrott\/wp-json\/wp\/v2\/pages\/4614\/revisions"}],"predecessor-version":[{"id":23197,"href":"https:\/\/www.akilles.fi\/friidrott\/wp-json\/wp\/v2\/pages\/4614\/revisions\/23197"}],"wp:attachment":[{"href":"https:\/\/www.akilles.fi\/friidrott\/wp-json\/wp\/v2\/media?parent=4614"}],"curies":[{"name":"wp","href":"https:\/\/api.w.org\/{rel}","templated":true}]}}