{"id":48,"date":"2019-01-07T12:58:57","date_gmt":"2019-01-07T10:58:57","guid":{"rendered":"http:\/\/94.237.33.215\/~akilles\/nyasida\/friidrott\/?page_id=48"},"modified":"2025-12-01T06:57:30","modified_gmt":"2025-12-01T06:57:30","slug":"materialbank-materiaalipankki","status":"publish","type":"page","link":"https:\/\/www.akilles.fi\/friidrott\/materialbank-materiaalipankki\/","title":{"rendered":"Materialbank &#8211; Materiaalipankki"},"content":{"rendered":"\t\t<div data-elementor-type=\"wp-post\" data-elementor-id=\"48\" class=\"elementor elementor-48\" data-elementor-post-type=\"page\">\n\t\t\t\t\t\t<section class=\"elementor-section elementor-top-section elementor-element elementor-element-f8636fd elementor-section-boxed elementor-section-height-default elementor-section-height-default\" data-id=\"f8636fd\" data-element_type=\"section\">\n\t\t\t\t\t\t<div class=\"elementor-container elementor-column-gap-default\">\n\t\t\t\t\t<div class=\"elementor-column elementor-col-100 elementor-top-column elementor-element elementor-element-9c64211\" data-id=\"9c64211\" data-element_type=\"column\">\n\t\t\t<div class=\"elementor-widget-wrap elementor-element-populated\">\n\t\t\t\t\t\t<div class=\"elementor-element elementor-element-81f425f elementor-widget elementor-widget-text-editor\" data-id=\"81f425f\" data-element_type=\"widget\" data-widget_type=\"text-editor.default\">\n\t\t\t\t<div class=\"elementor-widget-container\">\n\t\t\t\t\t\t\t\t\t<p><span style=\"color: #ff0000;\"><strong><a style=\"color: #ff0000;\" href=\"https:\/\/kunskapsarenan.se\/friidrott\">Materialbank tr\u00e4ning &#8211; Materiaalipankki valmennus<\/a>\u00a0 (Svensk friidrott)<\/strong><\/span><\/p><p><a href=\"https:\/\/kunskapsarenan.se\/friidrott\/friidrottens-ovningsbank\"><span style=\"color: #800080;\"><strong>Friidrottens \u00f6vningsbank<\/strong><\/span><\/a><strong><span style=\"color: #800080;\">\u00a0(Svensk friidrott)<\/span><\/strong><\/p><p><a href=\"https:\/\/www.yleisurheilu.fi\/wp-content\/uploads\/2024\/01\/Saannot-2024.pdf\"><strong>De viktigaste internationella regel\u00e4ndringarna <\/strong><\/a>som g\u00e4ller fr.o.m. 2024.<br \/><a href=\"https:\/\/www.yleisurheilu.fi\/wp-content\/uploads\/2024\/01\/Saannot-2024.pdf\"><strong>T\u00e4rkeimm\u00e4t kansainv\u00e4liset s\u00e4\u00e4nt\u00f6muutokset<\/strong><\/a> 2024 alkaen.<\/p><p><a href=\"https:\/\/yleisurheilu.fi\/sites\/default\/files\/friidrottsregler_for_barn_2019.pdf\"><strong>Friidrottsregler f\u00f6r barn<\/strong> 2019 &#8211;<strong><br \/><\/strong><\/a><a href=\"https:\/\/yleisurheilu.fi\/sites\/default\/files\/lasten_yu-saannot_2019.pdf\"><strong>Lasten yleisurheilus\u00e4\u00e4nn\u00f6t<\/strong> 2019<\/a><\/p><p><a href=\"https:\/\/www.yleisurheilu.fi\/sites\/default\/files\/atoms\/files\/viralliset_heittovalineet.xls\"><strong>Officiella kastredskap<\/strong><strong>\u00a0&#8211; Viralliset heittov\u00e4lineet<\/strong><\/a><\/p><p><a href=\"https:\/\/www.yleisurheilu.fi\/wp-content\/uploads\/2025\/05\/Aitajuoksut-ulkona-1.xls\"><strong>H\u00e4ckl\u00f6pning utomhus<\/strong> &#8211; <strong>Aitajuokut ulkoradalla<\/strong><\/a><\/p><p><a href=\"https:\/\/www.yleisurheilu.fi\/wp-content\/uploads\/2025\/10\/Taitomerkkirajat-2026.-Voimassa-1.1.2026-alkaen.pdf\"><strong>Friidrottens grenar och klassgr\u00e4nser 1.1.2026 &#8211; Lasten lajit ja taitomerkkirajat 1.1.2026<\/strong><\/a><\/p><p><a href=\"https:\/\/www.yleisurheilu.fi\/saannot-ja-ohjeet-2\/pistetaulukot\/\">Po\u00e4ngr\u00e4knaren i m\u00e5ngkamp fr\u00e5n SULs sida &#8211;\u00a0 Excel version,<\/a> med \u00e4ven inomhusm\u00e5ngkamper.<\/p><p><a href=\"https:\/\/sfi.idrott.fi\/app\/uploads\/sites\/26\/2025\/04\/presentation-masterskapsregler-26.3.2025.pdf\" target=\"_blank\" rel=\"noopener\">SFIM t\u00e4vlingsregler 2025\u00a0<\/a><\/p><p><a href=\"https:\/\/www.yleisurheilu.fi\/wp-content\/uploads\/2025\/01\/Masterskapsregler-2025-sec.pdf\">SUL:s m\u00e4sterskapsregler 2025 (svenska)<\/a><br \/><a href=\"https:\/\/www.yleisurheilu.fi\/wp-content\/uploads\/2024\/11\/MK-saannot-2025-Valmis.pdf\">SUL:n mestaruuskilpailus\u00e4\u00e4nn\u00f6t 2025 (suomeksi)<\/a><\/p><p><a href=\"https:\/\/www.yleisurheilu.fi\/wp-content\/uploads\/2025\/05\/SM-tulosrajat-2025.pdf\">FM-Resultatgr\u00e4nser &#8211; SM-tulosrajat 2025<\/a><\/p>\t\t\t\t\t\t\t\t<\/div>\n\t\t\t\t<\/div>\n\t\t\t\t\t<\/div>\n\t\t<\/div>\n\t\t\t\t\t<\/div>\n\t\t<\/section>\n\t\t\t\t<\/div>\n\t\t","protected":false},"excerpt":{"rendered":"<p>Materialbank tr\u00e4ning &#8211; Materiaalipankki valmennus\u00a0 (Svensk friidrott) Friidrottens \u00f6vningsbank\u00a0(Svensk friidrott) De viktigaste internationella regel\u00e4ndringarna som g\u00e4ller fr.o.m. 2024.T\u00e4rkeimm\u00e4t kansainv\u00e4liset s\u00e4\u00e4nt\u00f6muutokset 2024 alkaen. Friidrottsregler f\u00f6r barn 2019 &#8211;Lasten yleisurheilus\u00e4\u00e4nn\u00f6t 2019 Officiella kastredskap\u00a0&#8211; Viralliset heittov\u00e4lineet H\u00e4ckl\u00f6pning utomhus &#8211; Aitajuokut ulkoradalla Friidrottens grenar och klassgr\u00e4nser 1.1.2026 &#8211; Lasten lajit ja taitomerkkirajat 1.1.2026 Po\u00e4ngr\u00e4knaren i m\u00e5ngkamp fr\u00e5n SULs sida [&hellip;]<\/p>\n","protected":false},"author":4,"featured_media":0,"parent":0,"menu_order":0,"comment_status":"closed","ping_status":"closed","template":"","meta":{"_crdt_document":"","footnotes":""},"class_list":["post-48","page","type-page","status-publish","hentry"],"yoast_head":"<!-- This site is optimized with the Yoast SEO plugin v26.8 - https:\/\/yoast.com\/product\/yoast-seo-wordpress\/ -->\n<title>Materialbank - Materiaalipankki - Friidrott - Yleisurheilu<\/title>\n<meta name=\"robots\" content=\"index, follow, max-snippet:-1, max-image-preview:large, max-video-preview:-1\" \/>\n<link rel=\"canonical\" href=\"https:\/\/www.akilles.fi\/friidrott\/materialbank-materiaalipankki\/\" \/>\n<meta property=\"og:locale\" content=\"sv_SE\" \/>\n<meta property=\"og:type\" content=\"article\" \/>\n<meta property=\"og:title\" content=\"Materialbank - Materiaalipankki - Friidrott - Yleisurheilu\" \/>\n<meta property=\"og:description\" content=\"Materialbank tr\u00e4ning &#8211; Materiaalipankki valmennus\u00a0 (Svensk friidrott) Friidrottens \u00f6vningsbank\u00a0(Svensk friidrott) De viktigaste internationella regel\u00e4ndringarna som g\u00e4ller fr.o.m. 2024.T\u00e4rkeimm\u00e4t kansainv\u00e4liset s\u00e4\u00e4nt\u00f6muutokset 2024 alkaen. Friidrottsregler f\u00f6r barn 2019 &#8211;Lasten yleisurheilus\u00e4\u00e4nn\u00f6t 2019 Officiella kastredskap\u00a0&#8211; Viralliset heittov\u00e4lineet H\u00e4ckl\u00f6pning utomhus &#8211; Aitajuokut ulkoradalla Friidrottens grenar och klassgr\u00e4nser 1.1.2026 &#8211; Lasten lajit ja taitomerkkirajat 1.1.2026 Po\u00e4ngr\u00e4knaren i m\u00e5ngkamp fr\u00e5n SULs sida [&hellip;]\" \/>\n<meta property=\"og:url\" content=\"https:\/\/www.akilles.fi\/friidrott\/materialbank-materiaalipankki\/\" \/>\n<meta property=\"og:site_name\" content=\"Friidrott - Yleisurheilu\" \/>\n<meta property=\"article:modified_time\" content=\"2025-12-01T06:57:30+00:00\" \/>\n<meta name=\"twitter:card\" content=\"summary_large_image\" \/>\n<meta name=\"twitter:label1\" content=\"Ber\u00e4knad l\u00e4stid\" \/>\n\t<meta name=\"twitter:data1\" content=\"1 minut\" \/>\n<script type=\"application\/ld+json\" class=\"yoast-schema-graph\">{\"@context\":\"https:\/\/schema.org\",\"@graph\":[{\"@type\":\"WebPage\",\"@id\":\"https:\/\/www.akilles.fi\/friidrott\/materialbank-materiaalipankki\/\",\"url\":\"https:\/\/www.akilles.fi\/friidrott\/materialbank-materiaalipankki\/\",\"name\":\"Materialbank - Materiaalipankki - Friidrott - Yleisurheilu\",\"isPartOf\":{\"@id\":\"https:\/\/www.akilles.fi\/friidrott\/#website\"},\"datePublished\":\"2019-01-07T10:58:57+00:00\",\"dateModified\":\"2025-12-01T06:57:30+00:00\",\"breadcrumb\":{\"@id\":\"https:\/\/www.akilles.fi\/friidrott\/materialbank-materiaalipankki\/#breadcrumb\"},\"inLanguage\":\"sv-SE\",\"potentialAction\":[{\"@type\":\"ReadAction\",\"target\":[\"https:\/\/www.akilles.fi\/friidrott\/materialbank-materiaalipankki\/\"]}]},{\"@type\":\"BreadcrumbList\",\"@id\":\"https:\/\/www.akilles.fi\/friidrott\/materialbank-materiaalipankki\/#breadcrumb\",\"itemListElement\":[{\"@type\":\"ListItem\",\"position\":1,\"name\":\"Home\",\"item\":\"https:\/\/www.akilles.fi\/friidrott\/\"},{\"@type\":\"ListItem\",\"position\":2,\"name\":\"Materialbank &#8211; Materiaalipankki\"}]},{\"@type\":\"WebSite\",\"@id\":\"https:\/\/www.akilles.fi\/friidrott\/#website\",\"url\":\"https:\/\/www.akilles.fi\/friidrott\/\",\"name\":\"Friidrott - Yleisurheilu\",\"description\":\"Borg\u00e5 Akilles Friidrott- Porvoon Akilles Yleisurheilu\",\"potentialAction\":[{\"@type\":\"SearchAction\",\"target\":{\"@type\":\"EntryPoint\",\"urlTemplate\":\"https:\/\/www.akilles.fi\/friidrott\/?s={search_term_string}\"},\"query-input\":{\"@type\":\"PropertyValueSpecification\",\"valueRequired\":true,\"valueName\":\"search_term_string\"}}],\"inLanguage\":\"sv-SE\"}]}<\/script>\n<!-- \/ Yoast SEO plugin. -->","yoast_head_json":{"title":"Materialbank - Materiaalipankki - Friidrott - Yleisurheilu","robots":{"index":"index","follow":"follow","max-snippet":"max-snippet:-1","max-image-preview":"max-image-preview:large","max-video-preview":"max-video-preview:-1"},"canonical":"https:\/\/www.akilles.fi\/friidrott\/materialbank-materiaalipankki\/","og_locale":"sv_SE","og_type":"article","og_title":"Materialbank - Materiaalipankki - Friidrott - Yleisurheilu","og_description":"Materialbank tr\u00e4ning &#8211; Materiaalipankki valmennus\u00a0 (Svensk friidrott) Friidrottens \u00f6vningsbank\u00a0(Svensk friidrott) De viktigaste internationella regel\u00e4ndringarna som g\u00e4ller fr.o.m. 2024.T\u00e4rkeimm\u00e4t kansainv\u00e4liset s\u00e4\u00e4nt\u00f6muutokset 2024 alkaen. Friidrottsregler f\u00f6r barn 2019 &#8211;Lasten yleisurheilus\u00e4\u00e4nn\u00f6t 2019 Officiella kastredskap\u00a0&#8211; Viralliset heittov\u00e4lineet H\u00e4ckl\u00f6pning utomhus &#8211; Aitajuokut ulkoradalla Friidrottens grenar och klassgr\u00e4nser 1.1.2026 &#8211; Lasten lajit ja taitomerkkirajat 1.1.2026 Po\u00e4ngr\u00e4knaren i m\u00e5ngkamp fr\u00e5n SULs sida [&hellip;]","og_url":"https:\/\/www.akilles.fi\/friidrott\/materialbank-materiaalipankki\/","og_site_name":"Friidrott - Yleisurheilu","article_modified_time":"2025-12-01T06:57:30+00:00","twitter_card":"summary_large_image","twitter_misc":{"Ber\u00e4knad l\u00e4stid":"1 minut"},"schema":{"@context":"https:\/\/schema.org","@graph":[{"@type":"WebPage","@id":"https:\/\/www.akilles.fi\/friidrott\/materialbank-materiaalipankki\/","url":"https:\/\/www.akilles.fi\/friidrott\/materialbank-materiaalipankki\/","name":"Materialbank - Materiaalipankki - Friidrott - Yleisurheilu","isPartOf":{"@id":"https:\/\/www.akilles.fi\/friidrott\/#website"},"datePublished":"2019-01-07T10:58:57+00:00","dateModified":"2025-12-01T06:57:30+00:00","breadcrumb":{"@id":"https:\/\/www.akilles.fi\/friidrott\/materialbank-materiaalipankki\/#breadcrumb"},"inLanguage":"sv-SE","potentialAction":[{"@type":"ReadAction","target":["https:\/\/www.akilles.fi\/friidrott\/materialbank-materiaalipankki\/"]}]},{"@type":"BreadcrumbList","@id":"https:\/\/www.akilles.fi\/friidrott\/materialbank-materiaalipankki\/#breadcrumb","itemListElement":[{"@type":"ListItem","position":1,"name":"Home","item":"https:\/\/www.akilles.fi\/friidrott\/"},{"@type":"ListItem","position":2,"name":"Materialbank &#8211; Materiaalipankki"}]},{"@type":"WebSite","@id":"https:\/\/www.akilles.fi\/friidrott\/#website","url":"https:\/\/www.akilles.fi\/friidrott\/","name":"Friidrott - Yleisurheilu","description":"Borg\u00e5 Akilles Friidrott- Porvoon Akilles Yleisurheilu","potentialAction":[{"@type":"SearchAction","target":{"@type":"EntryPoint","urlTemplate":"https:\/\/www.akilles.fi\/friidrott\/?s={search_term_string}"},"query-input":{"@type":"PropertyValueSpecification","valueRequired":true,"valueName":"search_term_string"}}],"inLanguage":"sv-SE"}]}},"_links":{"self":[{"href":"https:\/\/www.akilles.fi\/friidrott\/wp-json\/wp\/v2\/pages\/48","targetHints":{"allow":["GET"]}}],"collection":[{"href":"https:\/\/www.akilles.fi\/friidrott\/wp-json\/wp\/v2\/pages"}],"about":[{"href":"https:\/\/www.akilles.fi\/friidrott\/wp-json\/wp\/v2\/types\/page"}],"author":[{"embeddable":true,"href":"https:\/\/www.akilles.fi\/friidrott\/wp-json\/wp\/v2\/users\/4"}],"replies":[{"embeddable":true,"href":"https:\/\/www.akilles.fi\/friidrott\/wp-json\/wp\/v2\/comments?post=48"}],"version-history":[{"count":46,"href":"https:\/\/www.akilles.fi\/friidrott\/wp-json\/wp\/v2\/pages\/48\/revisions"}],"predecessor-version":[{"id":28866,"href":"https:\/\/www.akilles.fi\/friidrott\/wp-json\/wp\/v2\/pages\/48\/revisions\/28866"}],"wp:attachment":[{"href":"https:\/\/www.akilles.fi\/friidrott\/wp-json\/wp\/v2\/media?parent=48"}],"curies":[{"name":"wp","href":"https:\/\/api.w.org\/{rel}","templated":true}]}}