{"id":56,"date":"2019-01-07T13:00:03","date_gmt":"2019-01-07T11:00:03","guid":{"rendered":"http:\/\/94.237.33.215\/~akilles\/nyasida\/friidrott\/?page_id=56"},"modified":"2025-10-13T16:36:54","modified_gmt":"2025-10-13T16:36:54","slug":"idrottare-urheilijat","status":"publish","type":"page","link":"https:\/\/www.akilles.fi\/friidrott\/idrottare-urheilijat\/","title":{"rendered":"Idrottare &#8211; Urheilijat"},"content":{"rendered":"\t\t<div data-elementor-type=\"wp-post\" data-elementor-id=\"56\" class=\"elementor elementor-56\" data-elementor-post-type=\"page\">\n\t\t\t\t\t\t<section class=\"elementor-section elementor-top-section elementor-element elementor-element-f8de64d elementor-section-boxed elementor-section-height-default elementor-section-height-default\" data-id=\"f8de64d\" data-element_type=\"section\">\n\t\t\t\t\t\t<div class=\"elementor-container elementor-column-gap-default\">\n\t\t\t\t\t<div class=\"elementor-column elementor-col-50 elementor-top-column elementor-element elementor-element-f4c58fb\" data-id=\"f4c58fb\" data-element_type=\"column\">\n\t\t\t<div class=\"elementor-widget-wrap elementor-element-populated\">\n\t\t\t\t\t\t<div class=\"elementor-element elementor-element-8a2d8d1 elementor-widget elementor-widget-text-editor\" data-id=\"8a2d8d1\" data-element_type=\"widget\" data-widget_type=\"text-editor.default\">\n\t\t\t\t<div class=\"elementor-widget-container\">\n\t\t\t\t\t\t\t\t\t<h3><span lang=\"SV\">Idrottare (H\/D14 och \u00e4ldre) &#8211; 2024 &#8211; Urheilijat (M\/N14 ja vanhemmat)<\/span><\/h3><table><tbody><tr><td>Herrar<\/td><td><strong>Jonathan Brace<br \/>Viktor Kantele<br \/>Benjamin Stendahl<br \/>Viktor Thor<br \/>William Thor<\/strong><\/td><td>sprint<br \/>h\u00e4ck<br \/>sprint<br \/>sprint<br \/>sprint<\/td><\/tr><tr><td>Herrar 22 \u00e5r<\/td><td><strong>Rasmus Martin<br \/>Oscar Nyholm<br \/><\/strong><\/td><td>sprint<br \/>hinder<\/td><\/tr><tr><td>Herrar 20 \u00e5r<\/td><td><strong>Alec Ekblom<br \/>Linus Henriksson<br \/>Samuel Puustinen<br \/>Elliot Schmidt<br \/>Thomas Isaksson<br \/><\/strong><\/td><td>hopp<br \/>m\u00e5ngkamp<br \/>kast<br \/>h\u00e4ck<br \/>m\u00e5ngkamp<\/td><\/tr><tr><td>Herrar 19 \u00e5r<\/td><td>\u00a0<\/td><td>\u00a0<\/td><\/tr><tr><td>Herrar 18 \u00e5r<\/td><td><strong>Jimi Sorvari<br \/><\/strong><\/td><td>sl\u00e4gga<\/td><\/tr><tr><td>Herrar 17 \u00e5r<\/td><td><strong>Lukas Karsikko<br \/>Santeri Puustinen<\/strong><\/td><td>\u00a0<br \/>kast<\/td><\/tr><tr><td>Herrar 15 \u00e5r<\/td><td><strong>Tobias Isaksson<br \/>Aleksei Vikulov<br \/><\/strong><\/td><td>Sl\u00e4gga<\/td><\/tr><tr><td>Herrar 14 \u00e5r<\/td><td><strong>William Holmstr\u00f6m<br \/>Mikael Lopez Eknosyan<br \/>Casper Nopanen<br \/><\/strong><\/td><td>\u00a0<\/td><\/tr><tr><td>Damer<\/td><td><strong> Emmy Ollas<br \/>Alisa Tikkunen<br \/><\/strong><\/td><td>diskus<br \/>l\u00f6pning<\/td><\/tr><tr><td>Damer 22 \u00e5r<\/td><td><strong>Sara Puustinen<br \/>Ida Finell<br \/><\/strong><\/td><td>kast<br \/>l\u00f6pning<\/td><\/tr><tr><td>Damer 19 \u00e5r<\/td><td><strong>Melina Lundqvist<br \/><\/strong><\/td><td>sl\u00e4gga<\/td><\/tr><tr><td>\u00a0<\/td><td><strong>\u00a0<\/strong><\/td><td>\u00a0<\/td><\/tr><tr><td>Damer 17 \u00e5r<\/td><td><strong>Sarah Isaksson<\/strong><strong><br \/><\/strong><\/td><td>stav<\/td><\/tr><tr><td>Damer 16 \u00e5r<\/td><td><strong>Fanny Finell<\/strong><br \/><strong>Clara Henriksson<\/strong><strong><br \/><\/strong><\/td><td>stav<\/td><\/tr><tr><td>Damer 15 \u00e5r<\/td><td><strong>Ingrid Ahlfors<\/strong><strong><br \/><\/strong><\/td><td>\u00a0<\/td><\/tr><tr><td>Damer 14 \u00e5r<\/td><td><strong>Elin Nyholm<\/strong><strong><br \/><\/strong><\/td><td>\u00a0<\/td><\/tr><\/tbody><\/table>\t\t\t\t\t\t\t\t<\/div>\n\t\t\t\t<\/div>\n\t\t\t\t\t<\/div>\n\t\t<\/div>\n\t\t\t\t<div class=\"elementor-column elementor-col-50 elementor-top-column elementor-element elementor-element-8917dbd\" data-id=\"8917dbd\" data-element_type=\"column\">\n\t\t\t<div class=\"elementor-widget-wrap\">\n\t\t\t\t\t\t\t<\/div>\n\t\t<\/div>\n\t\t\t\t\t<\/div>\n\t\t<\/section>\n\t\t\t\t<\/div>\n\t\t","protected":false},"excerpt":{"rendered":"<p>Idrottare (H\/D14 och \u00e4ldre) &#8211; 2024 &#8211; Urheilijat (M\/N14 ja vanhemmat) Herrar Jonathan BraceViktor KanteleBenjamin StendahlViktor ThorWilliam Thor sprinth\u00e4cksprintsprintsprint Herrar 22 \u00e5r Rasmus MartinOscar Nyholm sprinthinder Herrar 20 \u00e5r Alec EkblomLinus HenrikssonSamuel PuustinenElliot SchmidtThomas Isaksson hoppm\u00e5ngkampkasth\u00e4ckm\u00e5ngkamp Herrar 19 \u00e5r \u00a0 \u00a0 Herrar 18 \u00e5r Jimi Sorvari sl\u00e4gga Herrar 17 \u00e5r Lukas KarsikkoSanteri Puustinen \u00a0kast Herrar [&hellip;]<\/p>\n","protected":false},"author":4,"featured_media":0,"parent":0,"menu_order":0,"comment_status":"closed","ping_status":"closed","template":"","meta":{"_crdt_document":"","footnotes":""},"class_list":["post-56","page","type-page","status-publish","hentry"],"yoast_head":"<!-- This site is optimized with the Yoast SEO plugin v27.4 - https:\/\/yoast.com\/product\/yoast-seo-wordpress\/ -->\n<title>Idrottare - Urheilijat - Friidrott - Yleisurheilu<\/title>\n<meta name=\"robots\" content=\"index, follow, max-snippet:-1, max-image-preview:large, max-video-preview:-1\" \/>\n<link rel=\"canonical\" href=\"https:\/\/www.akilles.fi\/friidrott\/idrottare-urheilijat\/\" \/>\n<meta property=\"og:locale\" content=\"sv_SE\" \/>\n<meta property=\"og:type\" content=\"article\" \/>\n<meta property=\"og:title\" content=\"Idrottare - Urheilijat - Friidrott - Yleisurheilu\" \/>\n<meta property=\"og:description\" content=\"Idrottare (H\/D14 och \u00e4ldre) &#8211; 2024 &#8211; Urheilijat (M\/N14 ja vanhemmat) Herrar Jonathan BraceViktor KanteleBenjamin StendahlViktor ThorWilliam Thor sprinth\u00e4cksprintsprintsprint Herrar 22 \u00e5r Rasmus MartinOscar Nyholm sprinthinder Herrar 20 \u00e5r Alec EkblomLinus HenrikssonSamuel PuustinenElliot SchmidtThomas Isaksson hoppm\u00e5ngkampkasth\u00e4ckm\u00e5ngkamp Herrar 19 \u00e5r \u00a0 \u00a0 Herrar 18 \u00e5r Jimi Sorvari sl\u00e4gga Herrar 17 \u00e5r Lukas KarsikkoSanteri Puustinen \u00a0kast Herrar [&hellip;]\" \/>\n<meta property=\"og:url\" content=\"https:\/\/www.akilles.fi\/friidrott\/idrottare-urheilijat\/\" \/>\n<meta property=\"og:site_name\" content=\"Friidrott - Yleisurheilu\" \/>\n<meta property=\"article:modified_time\" content=\"2025-10-13T16:36:54+00:00\" \/>\n<meta name=\"twitter:card\" content=\"summary_large_image\" \/>\n<meta name=\"twitter:label1\" content=\"Ber\u00e4knad l\u00e4stid\" \/>\n\t<meta name=\"twitter:data1\" content=\"1 minut\" \/>\n<script type=\"application\/ld+json\" class=\"yoast-schema-graph\">{\"@context\":\"https:\\\/\\\/schema.org\",\"@graph\":[{\"@type\":\"WebPage\",\"@id\":\"https:\\\/\\\/www.akilles.fi\\\/friidrott\\\/idrottare-urheilijat\\\/\",\"url\":\"https:\\\/\\\/www.akilles.fi\\\/friidrott\\\/idrottare-urheilijat\\\/\",\"name\":\"Idrottare - Urheilijat - Friidrott - Yleisurheilu\",\"isPartOf\":{\"@id\":\"https:\\\/\\\/www.akilles.fi\\\/friidrott\\\/#website\"},\"datePublished\":\"2019-01-07T11:00:03+00:00\",\"dateModified\":\"2025-10-13T16:36:54+00:00\",\"breadcrumb\":{\"@id\":\"https:\\\/\\\/www.akilles.fi\\\/friidrott\\\/idrottare-urheilijat\\\/#breadcrumb\"},\"inLanguage\":\"sv-SE\",\"potentialAction\":[{\"@type\":\"ReadAction\",\"target\":[\"https:\\\/\\\/www.akilles.fi\\\/friidrott\\\/idrottare-urheilijat\\\/\"]}]},{\"@type\":\"BreadcrumbList\",\"@id\":\"https:\\\/\\\/www.akilles.fi\\\/friidrott\\\/idrottare-urheilijat\\\/#breadcrumb\",\"itemListElement\":[{\"@type\":\"ListItem\",\"position\":1,\"name\":\"Home\",\"item\":\"https:\\\/\\\/www.akilles.fi\\\/friidrott\\\/\"},{\"@type\":\"ListItem\",\"position\":2,\"name\":\"Idrottare &#8211; Urheilijat\"}]},{\"@type\":\"WebSite\",\"@id\":\"https:\\\/\\\/www.akilles.fi\\\/friidrott\\\/#website\",\"url\":\"https:\\\/\\\/www.akilles.fi\\\/friidrott\\\/\",\"name\":\"Friidrott - Yleisurheilu\",\"description\":\"Borg\u00e5 Akilles Friidrott- Porvoon Akilles Yleisurheilu\",\"potentialAction\":[{\"@type\":\"SearchAction\",\"target\":{\"@type\":\"EntryPoint\",\"urlTemplate\":\"https:\\\/\\\/www.akilles.fi\\\/friidrott\\\/?s={search_term_string}\"},\"query-input\":{\"@type\":\"PropertyValueSpecification\",\"valueRequired\":true,\"valueName\":\"search_term_string\"}}],\"inLanguage\":\"sv-SE\"}]}<\/script>\n<!-- \/ Yoast SEO plugin. -->","yoast_head_json":{"title":"Idrottare - Urheilijat - Friidrott - Yleisurheilu","robots":{"index":"index","follow":"follow","max-snippet":"max-snippet:-1","max-image-preview":"max-image-preview:large","max-video-preview":"max-video-preview:-1"},"canonical":"https:\/\/www.akilles.fi\/friidrott\/idrottare-urheilijat\/","og_locale":"sv_SE","og_type":"article","og_title":"Idrottare - Urheilijat - Friidrott - Yleisurheilu","og_description":"Idrottare (H\/D14 och \u00e4ldre) &#8211; 2024 &#8211; Urheilijat (M\/N14 ja vanhemmat) Herrar Jonathan BraceViktor KanteleBenjamin StendahlViktor ThorWilliam Thor sprinth\u00e4cksprintsprintsprint Herrar 22 \u00e5r Rasmus MartinOscar Nyholm sprinthinder Herrar 20 \u00e5r Alec EkblomLinus HenrikssonSamuel PuustinenElliot SchmidtThomas Isaksson hoppm\u00e5ngkampkasth\u00e4ckm\u00e5ngkamp Herrar 19 \u00e5r \u00a0 \u00a0 Herrar 18 \u00e5r Jimi Sorvari sl\u00e4gga Herrar 17 \u00e5r Lukas KarsikkoSanteri Puustinen \u00a0kast Herrar [&hellip;]","og_url":"https:\/\/www.akilles.fi\/friidrott\/idrottare-urheilijat\/","og_site_name":"Friidrott - Yleisurheilu","article_modified_time":"2025-10-13T16:36:54+00:00","twitter_card":"summary_large_image","twitter_misc":{"Ber\u00e4knad l\u00e4stid":"1 minut"},"schema":{"@context":"https:\/\/schema.org","@graph":[{"@type":"WebPage","@id":"https:\/\/www.akilles.fi\/friidrott\/idrottare-urheilijat\/","url":"https:\/\/www.akilles.fi\/friidrott\/idrottare-urheilijat\/","name":"Idrottare - Urheilijat - Friidrott - Yleisurheilu","isPartOf":{"@id":"https:\/\/www.akilles.fi\/friidrott\/#website"},"datePublished":"2019-01-07T11:00:03+00:00","dateModified":"2025-10-13T16:36:54+00:00","breadcrumb":{"@id":"https:\/\/www.akilles.fi\/friidrott\/idrottare-urheilijat\/#breadcrumb"},"inLanguage":"sv-SE","potentialAction":[{"@type":"ReadAction","target":["https:\/\/www.akilles.fi\/friidrott\/idrottare-urheilijat\/"]}]},{"@type":"BreadcrumbList","@id":"https:\/\/www.akilles.fi\/friidrott\/idrottare-urheilijat\/#breadcrumb","itemListElement":[{"@type":"ListItem","position":1,"name":"Home","item":"https:\/\/www.akilles.fi\/friidrott\/"},{"@type":"ListItem","position":2,"name":"Idrottare &#8211; Urheilijat"}]},{"@type":"WebSite","@id":"https:\/\/www.akilles.fi\/friidrott\/#website","url":"https:\/\/www.akilles.fi\/friidrott\/","name":"Friidrott - Yleisurheilu","description":"Borg\u00e5 Akilles Friidrott- Porvoon Akilles Yleisurheilu","potentialAction":[{"@type":"SearchAction","target":{"@type":"EntryPoint","urlTemplate":"https:\/\/www.akilles.fi\/friidrott\/?s={search_term_string}"},"query-input":{"@type":"PropertyValueSpecification","valueRequired":true,"valueName":"search_term_string"}}],"inLanguage":"sv-SE"}]}},"_links":{"self":[{"href":"https:\/\/www.akilles.fi\/friidrott\/wp-json\/wp\/v2\/pages\/56","targetHints":{"allow":["GET"]}}],"collection":[{"href":"https:\/\/www.akilles.fi\/friidrott\/wp-json\/wp\/v2\/pages"}],"about":[{"href":"https:\/\/www.akilles.fi\/friidrott\/wp-json\/wp\/v2\/types\/page"}],"author":[{"embeddable":true,"href":"https:\/\/www.akilles.fi\/friidrott\/wp-json\/wp\/v2\/users\/4"}],"replies":[{"embeddable":true,"href":"https:\/\/www.akilles.fi\/friidrott\/wp-json\/wp\/v2\/comments?post=56"}],"version-history":[{"count":274,"href":"https:\/\/www.akilles.fi\/friidrott\/wp-json\/wp\/v2\/pages\/56\/revisions"}],"predecessor-version":[{"id":28673,"href":"https:\/\/www.akilles.fi\/friidrott\/wp-json\/wp\/v2\/pages\/56\/revisions\/28673"}],"wp:attachment":[{"href":"https:\/\/www.akilles.fi\/friidrott\/wp-json\/wp\/v2\/media?parent=56"}],"curies":[{"name":"wp","href":"https:\/\/api.w.org\/{rel}","templated":true}]}}