{"id":6471,"date":"2021-04-03T17:01:04","date_gmt":"2021-04-03T17:01:04","guid":{"rendered":"https:\/\/www.akilles.fi\/friidrott\/?page_id=6471"},"modified":"2022-07-21T17:46:24","modified_gmt":"2022-07-21T17:46:24","slug":"veckotavlingar-2021-viikkokisat","status":"publish","type":"page","link":"https:\/\/www.akilles.fi\/friidrott\/veckotavlingar-2021-viikkokisat\/","title":{"rendered":"Veckot\u00e4vlingar 2021 Viikkokisat"},"content":{"rendered":"\t\t<div data-elementor-type=\"wp-post\" data-elementor-id=\"6471\" class=\"elementor elementor-6471\" data-elementor-post-type=\"page\">\n\t\t\t\t\t\t<section class=\"elementor-section elementor-top-section elementor-element elementor-element-56c92ce elementor-section-boxed elementor-section-height-default elementor-section-height-default\" data-id=\"56c92ce\" data-element_type=\"section\">\n\t\t\t\t\t\t<div class=\"elementor-container elementor-column-gap-default\">\n\t\t\t\t\t<div class=\"elementor-column elementor-col-50 elementor-top-column elementor-element elementor-element-943f808\" data-id=\"943f808\" data-element_type=\"column\">\n\t\t\t<div class=\"elementor-widget-wrap elementor-element-populated\">\n\t\t\t\t\t\t<div class=\"elementor-element elementor-element-54f6333 elementor-widget elementor-widget-text-editor\" data-id=\"54f6333\" data-element_type=\"widget\" data-widget_type=\"text-editor.default\">\n\t\t\t\t<div class=\"elementor-widget-container\">\n\t\t\t\t\t\t\t\t\t<p><strong><br \/><\/strong><strong><br \/><\/strong><\/p><h5><strong>Veckot\u00e4vling 1, onsdag 2.6.2021 kl.18.00 <\/strong><strong>Centralidrottsplan<br \/>Viikkokisa 1, keskiviikko 2.6.2021 klo. 18.00 Keskusurheilukentt\u00e4<\/strong><\/h5><p>Anm\u00e4lning till tr\u00e4narna eller Leif Rikberg leif.rikberg@akilles.fi p\u00e5 fredag 4.6<br \/>Akilles sk\u00f6ter kansli, l\u00f6pningar (start, eltid) och h\u00f6jd, <br \/>PU sk\u00f6ter l\u00e4ngd 1, l\u00e4ngd 2, kula, kiosk<\/p><table width=\"495\"><tbody><tr><td><a href=\"http:\/\/www.akilles.fi\/friidrott\/veckotavling-1-tidsschema\/\">\u00a0Tidsschema &#8211; Aikataulu<\/a><\/td><td>\u00a0<a href=\"https:\/\/www.akilles.fi\/friidrott\/veckotavlingar-resultat-2021-viikkokisat-tulokset\/\">Resultat &#8211; Tulokset<\/a><\/td><\/tr><\/tbody><\/table><table><tbody><tr><td>F8 (-13), F9 (-12): 60m, kula<\/td><td>T8 (-13), T9 (-12): 60m, kuula<\/td><\/tr><tr><td>F10 (-11), F11 (-10): 60m, h\u00f6jd<\/td><td>T10 (-11), T11 (-10): 60m, korkeus<\/td><\/tr><tr><td>F12 (-09), F13 (-08): 60m, l\u00e4ngd<\/td><td>T12 (-09), T13 (-08): 60m, pituus<\/td><\/tr><tr><td>F14 (-07), F15 (-06): 100m, l\u00e4ngd<\/td><td>T14(-07), T15 (-06): 100m, pituus<\/td><\/tr><tr><td>\u00a0<\/td><td>\u00a0<\/td><\/tr><tr><td>P8 (-13), P9 (-12): 60m, kula<\/td><td>P8 (-13), P9 (-12): 60m, kuula<\/td><\/tr><tr><td>P10 (-11), P11 (-10): 60m, l\u00e4ngd<\/td><td>P10 (-11), P11 (-10): 60m, pituus<\/td><\/tr><tr><td>P12 (-09), P13 (-08): 60m, h\u00f6jd<\/td><td>P12 (-09), P13 (-08): 60m, korkeus<\/td><\/tr><tr><td>P14 (-07), P15 (-06): 100m, h\u00f6jd<\/td><td>P14 (-07), P15 (-06): 100m, korkeus<\/td><\/tr><\/tbody><\/table><h5><strong>Veckot\u00e4vling 2, tisdag 29.6.2021\u00a0 kl. 18.00 <\/strong><strong>Centralidrottsplan<br \/>Viikkokisa 2. tiistai 29.6.2021 klo. 18.00 <\/strong><strong>Keskusurheilukentt\u00e4<\/strong><\/h5><p>Anm\u00e4lning till tr\u00e4narna eller Leif. Rikberg leif.rikberg@akilles.fi senast fredag 25.6<br \/>Akilles sk\u00f6ter kansli, l\u00f6pningar (start, eltid) och h\u00f6jd, kiosk<br \/>PU sk\u00f6ter l\u00e4ngd, spjut<\/p><table width=\"495\"><tbody><tr><td>\u00a0<a href=\"http:\/\/www.akilles.fi\/friidrott\/veckotavling-2-tidsschema-viikkokisa-2-aikataulu\/\">Tidsschema &#8211; Aikataulu<\/a><\/td><td><a href=\"https:\/\/www.akilles.fi\/friidrott\/veckotavlingar-resultat-2021-viikkokisat-tulokset\/\">\u00a0Resultat &#8211; Tulokset<\/a><\/td><\/tr><\/tbody><\/table><table><tbody><tr><td>F8 (-13), F9 (-12): 150m, l\u00e4ngd<\/td><td>T8 (-13), T9 (-12): 150m, pituus<\/td><\/tr><tr><td>F10 (-11), F11 (-10): 150m, l\u00e4ngd<\/td><td>T10 (-11), T11 (-10): 150m, pituus<\/td><\/tr><tr><td>F12 (-09), F13 (-08): 200m, spjut<\/td><td>T12 (-09), T13 (-08): 200m, keih\u00e4s<\/td><\/tr><tr><td>F14 (-07), F15 (-06): 300m, spjut<\/td><td>T14 (-07), F15 (-06): 300m, keih\u00e4s<\/td><\/tr><tr><td>\u00a0<\/td><td>\u00a0<\/td><\/tr><tr><td>P8 (-13), P9 (-12): 150m, h\u00f6jd<\/td><td>P8 (-13), P9 (-12): 150m, korkeus<\/td><\/tr><tr><td>P10 (-11), P11 (-10): 150m, h\u00f6jd<\/td><td>P10 (-11), P11 (-10): 150m, korkeus<\/td><\/tr><tr><td>P12 (-09), P13 (-08): 200m, spjut<\/td><td>P12 (-09), P13 (-08): 200m, keih\u00e4s<\/td><\/tr><tr><td>P14 (-07), P15 (-06): 300m, spjut<\/td><td>P14 (-07), P15 (-06): 300m, keih\u00e4s<\/td><\/tr><\/tbody><\/table><h5><strong><span style=\"color: #ff0000;\">OBS nytt datum<\/span> Veckot\u00e4vling 3, torsdag 5.8.2021\u00a0 kl. 18.00 Centralidrottsplan<br \/><span style=\"color: #ff0000;\">Huom uusi pvm<\/span> Viikkokisa 3, torstai 5.8.2021 klo. 18.00 Keskusurheilukentt\u00e4<\/strong><\/h5><p>Anm\u00e4lning till tr\u00e4narna eller Leif Rikberg leif.rikberg@akilles.fi senast fredag 30.7<br \/>Akilles sk\u00f6ter kansli, l\u00f6pningar (start, eltid) och h\u00f6jd<br \/>PU sk\u00f6ter l\u00e4ngd, kula, kiosk<\/p><table width=\"495\"><tbody><tr><td><a href=\"https:\/\/www.akilles.fi\/friidrott\/veckotavling-3-tidsschema-viikkokisa-3-aikataulu\/\">\u00a0Tidsschema &#8211; Aikataulu<\/a><\/td><td><a href=\"https:\/\/www.akilles.fi\/friidrott\/veckotavlingar-resultat-2021-viikkokisat-tulokset\/\">\u00a0Resultat &#8211; Tulokset<\/a><\/td><\/tr><\/tbody><\/table><table width=\"500\"><tbody><tr><td>F8 (-13), F9 (-12): 40m, spjut<\/td><td>T8 (-13), T9 (-12): 40m, keih\u00e4s<\/td><\/tr><tr><td>F10 (-11), F11 (-10): 60m h\u00e4ck (60cm), kula<\/td><td>T10 (-11), T11 (-10): 60m aidat, kuula<\/td><\/tr><tr><td>F12 (-09), F13 (-08): 60m h\u00e4ck (76cm), kula<\/td><td>T12 (-09), T13 (-08): 60m aidat, kuula<\/td><\/tr><tr><td>F14 (-07), F15 (-06): 80m h\u00e4ck (76cm), kula<\/td><td>T14 (-07), F15 (-06): 80m aidat, kuula<\/td><\/tr><tr><td>\u00a0<\/td><td>\u00a0<\/td><\/tr><tr><td>P8 (-13), P9 (-12): 40m, l\u00e4ngd<\/td><td>P8 (-13), P9 (-12): 40m, pituus<\/td><\/tr><tr><td>P10 (-11), P11 (-10): 60m h\u00e4ck (60cm), kula<\/td><td>P10 (-11), P11 (-10): 60m aidat, kuula<\/td><\/tr><tr><td>P12 (-09), P13 (-08): 60m h\u00e4ck (76cm), l\u00e4ngd<\/td><td>P12 (-09), P13 (-08): 60m aidat, pituus<\/td><\/tr><tr><td>P14 (-07), P15 (-06): 100m h\u00e4ck (84cm), l\u00e4ngd<\/td><td>P14 (-07), P15 (-06): 100m aidat, pituus<\/td><\/tr><\/tbody><\/table><h5><strong>Veckot\u00e4vling 4, onsdag 25.8.2021 kl. 18.00 Centralidrottsplan<\/strong><strong><br \/>Viikkokisa 4, keskiviikko 25.8.2021 klo. 18.00 Keskusurheilukentt\u00e4 <\/strong><\/h5><p>Anm\u00e4lning till tr\u00e4narna eller Leif Rikberg leif.rikberg@akilles.fi senast fredag 23.8<br \/>Akilles sk\u00f6ter kansli, l\u00f6pningar (start, eltid) och h\u00f6jd, kiosk<br \/>PU sk\u00f6ter kula, spjut<\/p><table width=\"497\"><tbody><tr><td><a href=\"http:\/\/www.akilles.fi\/friidrott\/veckotavling-4-tidsschema-viikkokisa-4-aikataulu\/\">\u00a0Tidsschema &#8211; Aikataulu<\/a><\/td><td>\u00a0<a href=\"https:\/\/www.akilles.fi\/friidrott\/veckotavlingar-resultat-2021-viikkokisat-tulokset\/\">Resultat &#8211; Tulokset<\/a><\/td><td>\u00a0<\/td><\/tr><\/tbody><\/table><table width=\"500\"><tbody><tr><td>F8 (-13), F9 (-12): 300m, h\u00f6jd<\/td><td>T8 (-13), T9 (-12): 300m, korkeus<\/td><\/tr><tr><td>F10 (-11), F11 (-10): 1000m, spjut<\/td><td>T10 (-11), T11 (-10):1000m, keih\u00e4s<\/td><\/tr><tr><td>F12 (-09), F13 (-08): 1000m, h\u00f6jd<\/td><td>T12 (-09), T13 (-08): 1000m, korkeus<\/td><\/tr><tr><td>F14 (-07), F15 (-06): 800m, h\u00f6jd<\/td><td>T14 (-07), F15 (-06): 800m, korkeus<\/td><\/tr><tr><td>\u00a0<\/td><td>\u00a0<\/td><\/tr><tr><td>P8 (-13), P9 (-12): 300m, spjut<\/td><td>P8 (-13), P9 (-12): 300m,keih\u00e4s<\/td><\/tr><tr><td>P10 (-11); P11 (-10): 1000m, spjut<\/td><td>P10 (-11), P11 (-10): 1000m, keih\u00e4s<\/td><\/tr><tr><td>P12 (-09), P13 (-08): 1000m, kula<\/td><td>P12 (-09), P13 (-08): 1000m, kuula<\/td><\/tr><tr><td>P14 (-07), P15 (-06): 800m, kula<\/td><td>P14 (-07), P15 (-06): 800m, kuula<\/td><\/tr><\/tbody><\/table>\t\t\t\t\t\t\t\t<\/div>\n\t\t\t\t<\/div>\n\t\t\t\t\t<\/div>\n\t\t<\/div>\n\t\t\t\t<div class=\"elementor-column elementor-col-50 elementor-top-column elementor-element elementor-element-999a0d8\" data-id=\"999a0d8\" data-element_type=\"column\">\n\t\t\t<div class=\"elementor-widget-wrap\">\n\t\t\t\t\t\t\t<\/div>\n\t\t<\/div>\n\t\t\t\t\t<\/div>\n\t\t<\/section>\n\t\t\t\t<\/div>\n\t\t","protected":false},"excerpt":{"rendered":"<p>Veckot\u00e4vling 1, onsdag 2.6.2021 kl.18.00 CentralidrottsplanViikkokisa 1, keskiviikko 2.6.2021 klo. 18.00 Keskusurheilukentt\u00e4 Anm\u00e4lning till tr\u00e4narna eller Leif Rikberg leif.rikberg@akilles.fi p\u00e5 fredag 4.6Akilles sk\u00f6ter kansli, l\u00f6pningar (start, eltid) och h\u00f6jd, PU sk\u00f6ter l\u00e4ngd 1, l\u00e4ngd 2, kula, kiosk \u00a0Tidsschema &#8211; Aikataulu \u00a0Resultat &#8211; Tulokset F8 (-13), F9 (-12): 60m, kula T8 (-13), T9 (-12): 60m, kuula [&hellip;]<\/p>\n","protected":false},"author":3,"featured_media":0,"parent":0,"menu_order":0,"comment_status":"closed","ping_status":"closed","template":"","meta":{"_crdt_document":"","footnotes":""},"class_list":["post-6471","page","type-page","status-publish","hentry"],"yoast_head":"<!-- This site is optimized with the Yoast SEO plugin v27.4 - https:\/\/yoast.com\/product\/yoast-seo-wordpress\/ -->\n<title>Veckot\u00e4vlingar 2021 Viikkokisat - Friidrott - Yleisurheilu<\/title>\n<meta name=\"robots\" content=\"index, follow, max-snippet:-1, max-image-preview:large, max-video-preview:-1\" \/>\n<link rel=\"canonical\" href=\"https:\/\/www.akilles.fi\/friidrott\/veckotavlingar-2021-viikkokisat\/\" \/>\n<meta property=\"og:locale\" content=\"sv_SE\" \/>\n<meta property=\"og:type\" content=\"article\" \/>\n<meta property=\"og:title\" content=\"Veckot\u00e4vlingar 2021 Viikkokisat - Friidrott - Yleisurheilu\" \/>\n<meta property=\"og:description\" content=\"Veckot\u00e4vling 1, onsdag 2.6.2021 kl.18.00 CentralidrottsplanViikkokisa 1, keskiviikko 2.6.2021 klo. 18.00 Keskusurheilukentt\u00e4 Anm\u00e4lning till tr\u00e4narna eller Leif Rikberg leif.rikberg@akilles.fi p\u00e5 fredag 4.6Akilles sk\u00f6ter kansli, l\u00f6pningar (start, eltid) och h\u00f6jd, PU sk\u00f6ter l\u00e4ngd 1, l\u00e4ngd 2, kula, kiosk \u00a0Tidsschema &#8211; Aikataulu \u00a0Resultat &#8211; Tulokset F8 (-13), F9 (-12): 60m, kula T8 (-13), T9 (-12): 60m, kuula [&hellip;]\" \/>\n<meta property=\"og:url\" content=\"https:\/\/www.akilles.fi\/friidrott\/veckotavlingar-2021-viikkokisat\/\" \/>\n<meta property=\"og:site_name\" content=\"Friidrott - Yleisurheilu\" \/>\n<meta property=\"article:modified_time\" content=\"2022-07-21T17:46:24+00:00\" \/>\n<meta name=\"twitter:card\" content=\"summary_large_image\" \/>\n<meta name=\"twitter:label1\" content=\"Ber\u00e4knad l\u00e4stid\" \/>\n\t<meta name=\"twitter:data1\" content=\"3 minuter\" \/>\n<script type=\"application\/ld+json\" class=\"yoast-schema-graph\">{\"@context\":\"https:\\\/\\\/schema.org\",\"@graph\":[{\"@type\":\"WebPage\",\"@id\":\"https:\\\/\\\/www.akilles.fi\\\/friidrott\\\/veckotavlingar-2021-viikkokisat\\\/\",\"url\":\"https:\\\/\\\/www.akilles.fi\\\/friidrott\\\/veckotavlingar-2021-viikkokisat\\\/\",\"name\":\"Veckot\u00e4vlingar 2021 Viikkokisat - Friidrott - Yleisurheilu\",\"isPartOf\":{\"@id\":\"https:\\\/\\\/www.akilles.fi\\\/friidrott\\\/#website\"},\"datePublished\":\"2021-04-03T17:01:04+00:00\",\"dateModified\":\"2022-07-21T17:46:24+00:00\",\"breadcrumb\":{\"@id\":\"https:\\\/\\\/www.akilles.fi\\\/friidrott\\\/veckotavlingar-2021-viikkokisat\\\/#breadcrumb\"},\"inLanguage\":\"sv-SE\",\"potentialAction\":[{\"@type\":\"ReadAction\",\"target\":[\"https:\\\/\\\/www.akilles.fi\\\/friidrott\\\/veckotavlingar-2021-viikkokisat\\\/\"]}]},{\"@type\":\"BreadcrumbList\",\"@id\":\"https:\\\/\\\/www.akilles.fi\\\/friidrott\\\/veckotavlingar-2021-viikkokisat\\\/#breadcrumb\",\"itemListElement\":[{\"@type\":\"ListItem\",\"position\":1,\"name\":\"Home\",\"item\":\"https:\\\/\\\/www.akilles.fi\\\/friidrott\\\/\"},{\"@type\":\"ListItem\",\"position\":2,\"name\":\"Veckot\u00e4vlingar 2021 Viikkokisat\"}]},{\"@type\":\"WebSite\",\"@id\":\"https:\\\/\\\/www.akilles.fi\\\/friidrott\\\/#website\",\"url\":\"https:\\\/\\\/www.akilles.fi\\\/friidrott\\\/\",\"name\":\"Friidrott - Yleisurheilu\",\"description\":\"Borg\u00e5 Akilles Friidrott- Porvoon Akilles Yleisurheilu\",\"potentialAction\":[{\"@type\":\"SearchAction\",\"target\":{\"@type\":\"EntryPoint\",\"urlTemplate\":\"https:\\\/\\\/www.akilles.fi\\\/friidrott\\\/?s={search_term_string}\"},\"query-input\":{\"@type\":\"PropertyValueSpecification\",\"valueRequired\":true,\"valueName\":\"search_term_string\"}}],\"inLanguage\":\"sv-SE\"}]}<\/script>\n<!-- \/ Yoast SEO plugin. -->","yoast_head_json":{"title":"Veckot\u00e4vlingar 2021 Viikkokisat - Friidrott - Yleisurheilu","robots":{"index":"index","follow":"follow","max-snippet":"max-snippet:-1","max-image-preview":"max-image-preview:large","max-video-preview":"max-video-preview:-1"},"canonical":"https:\/\/www.akilles.fi\/friidrott\/veckotavlingar-2021-viikkokisat\/","og_locale":"sv_SE","og_type":"article","og_title":"Veckot\u00e4vlingar 2021 Viikkokisat - Friidrott - Yleisurheilu","og_description":"Veckot\u00e4vling 1, onsdag 2.6.2021 kl.18.00 CentralidrottsplanViikkokisa 1, keskiviikko 2.6.2021 klo. 18.00 Keskusurheilukentt\u00e4 Anm\u00e4lning till tr\u00e4narna eller Leif Rikberg leif.rikberg@akilles.fi p\u00e5 fredag 4.6Akilles sk\u00f6ter kansli, l\u00f6pningar (start, eltid) och h\u00f6jd, PU sk\u00f6ter l\u00e4ngd 1, l\u00e4ngd 2, kula, kiosk \u00a0Tidsschema &#8211; Aikataulu \u00a0Resultat &#8211; Tulokset F8 (-13), F9 (-12): 60m, kula T8 (-13), T9 (-12): 60m, kuula [&hellip;]","og_url":"https:\/\/www.akilles.fi\/friidrott\/veckotavlingar-2021-viikkokisat\/","og_site_name":"Friidrott - Yleisurheilu","article_modified_time":"2022-07-21T17:46:24+00:00","twitter_card":"summary_large_image","twitter_misc":{"Ber\u00e4knad l\u00e4stid":"3 minuter"},"schema":{"@context":"https:\/\/schema.org","@graph":[{"@type":"WebPage","@id":"https:\/\/www.akilles.fi\/friidrott\/veckotavlingar-2021-viikkokisat\/","url":"https:\/\/www.akilles.fi\/friidrott\/veckotavlingar-2021-viikkokisat\/","name":"Veckot\u00e4vlingar 2021 Viikkokisat - Friidrott - Yleisurheilu","isPartOf":{"@id":"https:\/\/www.akilles.fi\/friidrott\/#website"},"datePublished":"2021-04-03T17:01:04+00:00","dateModified":"2022-07-21T17:46:24+00:00","breadcrumb":{"@id":"https:\/\/www.akilles.fi\/friidrott\/veckotavlingar-2021-viikkokisat\/#breadcrumb"},"inLanguage":"sv-SE","potentialAction":[{"@type":"ReadAction","target":["https:\/\/www.akilles.fi\/friidrott\/veckotavlingar-2021-viikkokisat\/"]}]},{"@type":"BreadcrumbList","@id":"https:\/\/www.akilles.fi\/friidrott\/veckotavlingar-2021-viikkokisat\/#breadcrumb","itemListElement":[{"@type":"ListItem","position":1,"name":"Home","item":"https:\/\/www.akilles.fi\/friidrott\/"},{"@type":"ListItem","position":2,"name":"Veckot\u00e4vlingar 2021 Viikkokisat"}]},{"@type":"WebSite","@id":"https:\/\/www.akilles.fi\/friidrott\/#website","url":"https:\/\/www.akilles.fi\/friidrott\/","name":"Friidrott - Yleisurheilu","description":"Borg\u00e5 Akilles Friidrott- Porvoon Akilles Yleisurheilu","potentialAction":[{"@type":"SearchAction","target":{"@type":"EntryPoint","urlTemplate":"https:\/\/www.akilles.fi\/friidrott\/?s={search_term_string}"},"query-input":{"@type":"PropertyValueSpecification","valueRequired":true,"valueName":"search_term_string"}}],"inLanguage":"sv-SE"}]}},"_links":{"self":[{"href":"https:\/\/www.akilles.fi\/friidrott\/wp-json\/wp\/v2\/pages\/6471","targetHints":{"allow":["GET"]}}],"collection":[{"href":"https:\/\/www.akilles.fi\/friidrott\/wp-json\/wp\/v2\/pages"}],"about":[{"href":"https:\/\/www.akilles.fi\/friidrott\/wp-json\/wp\/v2\/types\/page"}],"author":[{"embeddable":true,"href":"https:\/\/www.akilles.fi\/friidrott\/wp-json\/wp\/v2\/users\/3"}],"replies":[{"embeddable":true,"href":"https:\/\/www.akilles.fi\/friidrott\/wp-json\/wp\/v2\/comments?post=6471"}],"version-history":[{"count":58,"href":"https:\/\/www.akilles.fi\/friidrott\/wp-json\/wp\/v2\/pages\/6471\/revisions"}],"predecessor-version":[{"id":13332,"href":"https:\/\/www.akilles.fi\/friidrott\/wp-json\/wp\/v2\/pages\/6471\/revisions\/13332"}],"wp:attachment":[{"href":"https:\/\/www.akilles.fi\/friidrott\/wp-json\/wp\/v2\/media?parent=6471"}],"curies":[{"name":"wp","href":"https:\/\/api.w.org\/{rel}","templated":true}]}}