{"id":760,"date":"2019-01-10T11:35:06","date_gmt":"2019-01-10T09:35:06","guid":{"rendered":"http:\/\/94.237.33.215\/~akilles\/nyasida\/friidrott\/?page_id=760"},"modified":"2024-05-01T16:14:38","modified_gmt":"2024-05-01T16:14:38","slug":"traningsgrupp-harjoitusryhma-2007-2009","status":"publish","type":"page","link":"https:\/\/www.akilles.fi\/friidrott\/traningsgrupp-harjoitusryhma-2007-2009\/","title":{"rendered":"Tr\u00e4ningsgrupp &#8211; Harjoitusryhm\u00e4 2007-2009"},"content":{"rendered":"\t\t<div data-elementor-type=\"wp-post\" data-elementor-id=\"760\" class=\"elementor elementor-760\" data-elementor-post-type=\"page\">\n\t\t\t\t\t\t<section class=\"elementor-section elementor-top-section elementor-element elementor-element-6a43563 elementor-section-boxed elementor-section-height-default elementor-section-height-default\" data-id=\"6a43563\" data-element_type=\"section\">\n\t\t\t\t\t\t<div class=\"elementor-container elementor-column-gap-default\">\n\t\t\t\t\t<div class=\"elementor-column elementor-col-50 elementor-top-column elementor-element elementor-element-c4f98be\" data-id=\"c4f98be\" data-element_type=\"column\">\n\t\t\t<div class=\"elementor-widget-wrap elementor-element-populated\">\n\t\t\t\t\t\t<div class=\"elementor-element elementor-element-abf287a elementor-widget elementor-widget-text-editor\" data-id=\"abf287a\" data-element_type=\"widget\" data-widget_type=\"text-editor.default\">\n\t\t\t\t<div class=\"elementor-widget-container\">\n\t\t\t\t\t\t\t\t\t<p><strong>Flickor och pojkar f\u00f6dda 2007-2009<\/strong><\/p><p>Tr\u00e4nare: <span style=\"color: #ff0000;\">?? <\/span><\/p><table border=\"1\" width=\"487\" cellspacing=\"1\" cellpadding=\"1\"><tbody><tr style=\"background-color: green; color: white;\"><td colspan=\"4\"><b><strong>Tr\u00e4ningsturer \u2013 Harjoitusvuorot<\/strong><\/b><\/td><\/tr><tr><td>Centralidrottsplanen\/<br \/>Keskuskentt\u00e4<\/td><td>Onsdag\/<br \/>Keskiviikko<\/td><td>18.00-20.00<\/td><td><span style=\"color: #ff0000;\">??<\/span><\/td><\/tr><tr><td>Centralidrottsplanen\/<br \/>Keskuskentt\u00e4<\/td><td>Onsdag\/<br \/>Keskiviikko<\/td><td>\u00a018.00-20.00<\/td><td><span style=\"color: #ff0000;\">??<\/span><\/td><\/tr><tr><td>\u00a0<\/td><td>\u00a0<\/td><td>\u00a0<\/td><td>\u00a0<\/td><\/tr><tr><td colspan=\"4\"><b><span style=\"color: #ff0000;\"><strong>OBS! <\/strong><\/span>Nya flickor och pojkar kan anm\u00e4la sig vid tr\u00e4ningarna<br \/><span style=\"color: #0000ff;\">HUOM!<\/span> Uusia poikia ja tytt\u00f6j\u00e4 voivat ilmoittautua harjoitusten yhteydess\u00e4 <br \/><\/b><\/td><\/tr><\/tbody><\/table><div style=\"border: 0px solid black; overflow: auto; height: 500px; width: auto; color: red; background-color: white;\">\u00a0<\/div>\t\t\t\t\t\t\t\t<\/div>\n\t\t\t\t<\/div>\n\t\t\t\t\t<\/div>\n\t\t<\/div>\n\t\t\t\t<div class=\"elementor-column elementor-col-50 elementor-top-column elementor-element elementor-element-0a83029\" data-id=\"0a83029\" data-element_type=\"column\">\n\t\t\t<div class=\"elementor-widget-wrap elementor-element-populated\">\n\t\t\t\t\t\t<div class=\"elementor-element elementor-element-5ea7637 elementor-widget elementor-widget-text-editor\" data-id=\"5ea7637\" data-element_type=\"widget\" data-widget_type=\"text-editor.default\">\n\t\t\t\t<div class=\"elementor-widget-container\">\n\t\t\t\t\t\t\t\t\t<!-- myClub embed JS - start -->\n<div class=\"myclub-embed\" data-url=\"https:\/\/akilles.myclub.fi\/groups\/10419\/event_embeds\/1048?token=93c86dd7051bd0be1ffe707438bc0d0c0a7046e7\"><\/div>\n<script>(function(d, s, id) { var js, mjs = d.getElementsByTagName(s)[0]; if (d.getElementById(id)) return; js = d.createElement(s); js.id = id; js.async = true; js.src = \"https:\/\/d2ubdm6yoox6gh.cloudfront.net\/assets\/myclub-embed.js\"; mjs.parentNode.insertBefore(js, mjs); }(document, 'script', 'myclub-embed-js'));<\/script>\n<!-- myClub embed JS - end -->\n\t\t\t\t\t\t\t\t<\/div>\n\t\t\t\t<\/div>\n\t\t\t\t\t<\/div>\n\t\t<\/div>\n\t\t\t\t\t<\/div>\n\t\t<\/section>\n\t\t\t\t<\/div>\n\t\t","protected":false},"excerpt":{"rendered":"<p>Flickor och pojkar f\u00f6dda 2007-2009 Tr\u00e4nare: ?? Tr\u00e4ningsturer \u2013 Harjoitusvuorot Centralidrottsplanen\/Keskuskentt\u00e4 Onsdag\/Keskiviikko 18.00-20.00 ?? Centralidrottsplanen\/Keskuskentt\u00e4 Onsdag\/Keskiviikko \u00a018.00-20.00 ?? \u00a0 \u00a0 \u00a0 \u00a0 OBS! Nya flickor och pojkar kan anm\u00e4la sig vid tr\u00e4ningarnaHUOM! Uusia poikia ja tytt\u00f6j\u00e4 voivat ilmoittautua harjoitusten yhteydess\u00e4 \u00a0<\/p>\n","protected":false},"author":4,"featured_media":0,"parent":0,"menu_order":0,"comment_status":"closed","ping_status":"closed","template":"","meta":{"_crdt_document":"","footnotes":""},"class_list":["post-760","page","type-page","status-publish","hentry"],"yoast_head":"<!-- This site is optimized with the Yoast SEO plugin v26.8 - https:\/\/yoast.com\/product\/yoast-seo-wordpress\/ -->\n<title>Tr\u00e4ningsgrupp - Harjoitusryhm\u00e4 2007-2009 - Friidrott - Yleisurheilu<\/title>\n<meta name=\"robots\" content=\"index, follow, max-snippet:-1, max-image-preview:large, max-video-preview:-1\" \/>\n<link rel=\"canonical\" href=\"https:\/\/www.akilles.fi\/friidrott\/traningsgrupp-harjoitusryhma-2007-2009\/\" \/>\n<meta property=\"og:locale\" content=\"sv_SE\" \/>\n<meta property=\"og:type\" content=\"article\" \/>\n<meta property=\"og:title\" content=\"Tr\u00e4ningsgrupp - Harjoitusryhm\u00e4 2007-2009 - Friidrott - Yleisurheilu\" \/>\n<meta property=\"og:description\" content=\"Flickor och pojkar f\u00f6dda 2007-2009 Tr\u00e4nare: ?? Tr\u00e4ningsturer \u2013 Harjoitusvuorot Centralidrottsplanen\/Keskuskentt\u00e4 Onsdag\/Keskiviikko 18.00-20.00 ?? Centralidrottsplanen\/Keskuskentt\u00e4 Onsdag\/Keskiviikko \u00a018.00-20.00 ?? \u00a0 \u00a0 \u00a0 \u00a0 OBS! Nya flickor och pojkar kan anm\u00e4la sig vid tr\u00e4ningarnaHUOM! Uusia poikia ja tytt\u00f6j\u00e4 voivat ilmoittautua harjoitusten yhteydess\u00e4 \u00a0\" \/>\n<meta property=\"og:url\" content=\"https:\/\/www.akilles.fi\/friidrott\/traningsgrupp-harjoitusryhma-2007-2009\/\" \/>\n<meta property=\"og:site_name\" content=\"Friidrott - Yleisurheilu\" \/>\n<meta property=\"article:modified_time\" content=\"2024-05-01T16:14:38+00:00\" \/>\n<meta name=\"twitter:card\" content=\"summary_large_image\" \/>\n<meta name=\"twitter:label1\" content=\"Ber\u00e4knad l\u00e4stid\" \/>\n\t<meta name=\"twitter:data1\" content=\"1 minut\" \/>\n<script type=\"application\/ld+json\" class=\"yoast-schema-graph\">{\"@context\":\"https:\/\/schema.org\",\"@graph\":[{\"@type\":\"WebPage\",\"@id\":\"https:\/\/www.akilles.fi\/friidrott\/traningsgrupp-harjoitusryhma-2007-2009\/\",\"url\":\"https:\/\/www.akilles.fi\/friidrott\/traningsgrupp-harjoitusryhma-2007-2009\/\",\"name\":\"Tr\u00e4ningsgrupp - Harjoitusryhm\u00e4 2007-2009 - Friidrott - Yleisurheilu\",\"isPartOf\":{\"@id\":\"https:\/\/www.akilles.fi\/friidrott\/#website\"},\"datePublished\":\"2019-01-10T09:35:06+00:00\",\"dateModified\":\"2024-05-01T16:14:38+00:00\",\"breadcrumb\":{\"@id\":\"https:\/\/www.akilles.fi\/friidrott\/traningsgrupp-harjoitusryhma-2007-2009\/#breadcrumb\"},\"inLanguage\":\"sv-SE\",\"potentialAction\":[{\"@type\":\"ReadAction\",\"target\":[\"https:\/\/www.akilles.fi\/friidrott\/traningsgrupp-harjoitusryhma-2007-2009\/\"]}]},{\"@type\":\"BreadcrumbList\",\"@id\":\"https:\/\/www.akilles.fi\/friidrott\/traningsgrupp-harjoitusryhma-2007-2009\/#breadcrumb\",\"itemListElement\":[{\"@type\":\"ListItem\",\"position\":1,\"name\":\"Home\",\"item\":\"https:\/\/www.akilles.fi\/friidrott\/\"},{\"@type\":\"ListItem\",\"position\":2,\"name\":\"Tr\u00e4ningsgrupp &#8211; Harjoitusryhm\u00e4 2007-2009\"}]},{\"@type\":\"WebSite\",\"@id\":\"https:\/\/www.akilles.fi\/friidrott\/#website\",\"url\":\"https:\/\/www.akilles.fi\/friidrott\/\",\"name\":\"Friidrott - Yleisurheilu\",\"description\":\"Borg\u00e5 Akilles Friidrott- Porvoon Akilles Yleisurheilu\",\"potentialAction\":[{\"@type\":\"SearchAction\",\"target\":{\"@type\":\"EntryPoint\",\"urlTemplate\":\"https:\/\/www.akilles.fi\/friidrott\/?s={search_term_string}\"},\"query-input\":{\"@type\":\"PropertyValueSpecification\",\"valueRequired\":true,\"valueName\":\"search_term_string\"}}],\"inLanguage\":\"sv-SE\"}]}<\/script>\n<!-- \/ Yoast SEO plugin. -->","yoast_head_json":{"title":"Tr\u00e4ningsgrupp - Harjoitusryhm\u00e4 2007-2009 - Friidrott - Yleisurheilu","robots":{"index":"index","follow":"follow","max-snippet":"max-snippet:-1","max-image-preview":"max-image-preview:large","max-video-preview":"max-video-preview:-1"},"canonical":"https:\/\/www.akilles.fi\/friidrott\/traningsgrupp-harjoitusryhma-2007-2009\/","og_locale":"sv_SE","og_type":"article","og_title":"Tr\u00e4ningsgrupp - Harjoitusryhm\u00e4 2007-2009 - Friidrott - Yleisurheilu","og_description":"Flickor och pojkar f\u00f6dda 2007-2009 Tr\u00e4nare: ?? Tr\u00e4ningsturer \u2013 Harjoitusvuorot Centralidrottsplanen\/Keskuskentt\u00e4 Onsdag\/Keskiviikko 18.00-20.00 ?? Centralidrottsplanen\/Keskuskentt\u00e4 Onsdag\/Keskiviikko \u00a018.00-20.00 ?? \u00a0 \u00a0 \u00a0 \u00a0 OBS! Nya flickor och pojkar kan anm\u00e4la sig vid tr\u00e4ningarnaHUOM! Uusia poikia ja tytt\u00f6j\u00e4 voivat ilmoittautua harjoitusten yhteydess\u00e4 \u00a0","og_url":"https:\/\/www.akilles.fi\/friidrott\/traningsgrupp-harjoitusryhma-2007-2009\/","og_site_name":"Friidrott - Yleisurheilu","article_modified_time":"2024-05-01T16:14:38+00:00","twitter_card":"summary_large_image","twitter_misc":{"Ber\u00e4knad l\u00e4stid":"1 minut"},"schema":{"@context":"https:\/\/schema.org","@graph":[{"@type":"WebPage","@id":"https:\/\/www.akilles.fi\/friidrott\/traningsgrupp-harjoitusryhma-2007-2009\/","url":"https:\/\/www.akilles.fi\/friidrott\/traningsgrupp-harjoitusryhma-2007-2009\/","name":"Tr\u00e4ningsgrupp - Harjoitusryhm\u00e4 2007-2009 - Friidrott - Yleisurheilu","isPartOf":{"@id":"https:\/\/www.akilles.fi\/friidrott\/#website"},"datePublished":"2019-01-10T09:35:06+00:00","dateModified":"2024-05-01T16:14:38+00:00","breadcrumb":{"@id":"https:\/\/www.akilles.fi\/friidrott\/traningsgrupp-harjoitusryhma-2007-2009\/#breadcrumb"},"inLanguage":"sv-SE","potentialAction":[{"@type":"ReadAction","target":["https:\/\/www.akilles.fi\/friidrott\/traningsgrupp-harjoitusryhma-2007-2009\/"]}]},{"@type":"BreadcrumbList","@id":"https:\/\/www.akilles.fi\/friidrott\/traningsgrupp-harjoitusryhma-2007-2009\/#breadcrumb","itemListElement":[{"@type":"ListItem","position":1,"name":"Home","item":"https:\/\/www.akilles.fi\/friidrott\/"},{"@type":"ListItem","position":2,"name":"Tr\u00e4ningsgrupp &#8211; Harjoitusryhm\u00e4 2007-2009"}]},{"@type":"WebSite","@id":"https:\/\/www.akilles.fi\/friidrott\/#website","url":"https:\/\/www.akilles.fi\/friidrott\/","name":"Friidrott - Yleisurheilu","description":"Borg\u00e5 Akilles Friidrott- Porvoon Akilles Yleisurheilu","potentialAction":[{"@type":"SearchAction","target":{"@type":"EntryPoint","urlTemplate":"https:\/\/www.akilles.fi\/friidrott\/?s={search_term_string}"},"query-input":{"@type":"PropertyValueSpecification","valueRequired":true,"valueName":"search_term_string"}}],"inLanguage":"sv-SE"}]}},"_links":{"self":[{"href":"https:\/\/www.akilles.fi\/friidrott\/wp-json\/wp\/v2\/pages\/760","targetHints":{"allow":["GET"]}}],"collection":[{"href":"https:\/\/www.akilles.fi\/friidrott\/wp-json\/wp\/v2\/pages"}],"about":[{"href":"https:\/\/www.akilles.fi\/friidrott\/wp-json\/wp\/v2\/types\/page"}],"author":[{"embeddable":true,"href":"https:\/\/www.akilles.fi\/friidrott\/wp-json\/wp\/v2\/users\/4"}],"replies":[{"embeddable":true,"href":"https:\/\/www.akilles.fi\/friidrott\/wp-json\/wp\/v2\/comments?post=760"}],"version-history":[{"count":89,"href":"https:\/\/www.akilles.fi\/friidrott\/wp-json\/wp\/v2\/pages\/760\/revisions"}],"predecessor-version":[{"id":23089,"href":"https:\/\/www.akilles.fi\/friidrott\/wp-json\/wp\/v2\/pages\/760\/revisions\/23089"}],"wp:attachment":[{"href":"https:\/\/www.akilles.fi\/friidrott\/wp-json\/wp\/v2\/media?parent=760"}],"curies":[{"name":"wp","href":"https:\/\/api.w.org\/{rel}","templated":true}]}}