{"id":762,"date":"2019-01-10T11:35:20","date_gmt":"2019-01-10T09:35:20","guid":{"rendered":"http:\/\/94.237.33.215\/~akilles\/nyasida\/friidrott\/?page_id=762"},"modified":"2025-10-29T16:45:59","modified_gmt":"2025-10-29T16:45:59","slug":"traningsgrupp-harjoitusryhma-2010-2012","status":"publish","type":"page","link":"https:\/\/www.akilles.fi\/friidrott\/traningsgrupp-harjoitusryhma-2010-2012\/","title":{"rendered":"Tr\u00e4ningsgrupp &#8211; Harjoitusryhm\u00e4 2010-2012"},"content":{"rendered":"\t\t<div data-elementor-type=\"wp-post\" data-elementor-id=\"762\" class=\"elementor elementor-762\" data-elementor-post-type=\"page\">\n\t\t\t\t\t\t<section class=\"elementor-section elementor-top-section elementor-element elementor-element-21459ef elementor-section-boxed elementor-section-height-default elementor-section-height-default\" data-id=\"21459ef\" data-element_type=\"section\">\n\t\t\t\t\t\t<div class=\"elementor-container elementor-column-gap-default\">\n\t\t\t\t\t<div class=\"elementor-column elementor-col-50 elementor-top-column elementor-element elementor-element-7c98160\" data-id=\"7c98160\" data-element_type=\"column\">\n\t\t\t<div class=\"elementor-widget-wrap elementor-element-populated\">\n\t\t\t\t\t\t<div class=\"elementor-element elementor-element-9c13e91 elementor-widget elementor-widget-text-editor\" data-id=\"9c13e91\" data-element_type=\"widget\" data-widget_type=\"text-editor.default\">\n\t\t\t\t<div class=\"elementor-widget-container\">\n\t\t\t\t\t\t\t\t\t<p><strong>Flickor och pojkar f\u00f6dda 2010-2012<\/strong><br \/>Tr\u00e4nare: Nina Nyholm 040-7248731, ninanyholm41(a)gmail.com<br \/>Anna Holmstr\u00f6m<\/p><table border=\"1\" width=\"487\" cellspacing=\"1\" cellpadding=\"1\"><tbody><tr style=\"background-color: green; color: white;\"><td colspan=\"4\"><b><strong>Tr\u00e4ningsturer \u2013 Harjoitusvuorot<\/strong><\/b><\/td><\/tr><tr><td>Uusimaa-areena<\/td><td>M\u00e5ndag\/ Maanantai<\/td><td>17.30-19.30<\/td><td>f. 2010-2012<br \/>Nina, Anna<\/td><\/tr><tr><td>Kokonhallen\/Kokonhalli<\/td><td>Onsdag\/ Keskiviiikko<\/td><td>18.30-20.30<\/td><td>f. 2010-2012<br \/>Nina, Anna<\/td><\/tr><tr><td>Liikuntamylly\/Sportkvarnen<\/td><td>Torsdag\/ Torstai<\/td><td>16.00-18.00<\/td><td>f. 2010-2012<br \/>Nina, Anna<\/td><\/tr><tr><td>Agricolahallen &#8211; Agricolahalli<\/td><td>Fredag\/ Perjantai<\/td><td>16.45-18.45<\/td><td>f. 2010-2012<br \/>Nina, Anna<\/td><\/tr><tr><td>Uusimaa-areena<\/td><td>L\u00f6rdag\/ Lauantai<\/td><td>14.00-16.00<\/td><td>f. 2010-2012<br \/>Nina, Anna<\/td><\/tr><tr><td colspan=\"4\"><b><span style=\"color: #ff0000;\"><strong>OBS! <\/strong><\/span>Nya flickor och pojkar <\/b>kan anm\u00e4la sig under tr\u00e4ningarna, eller genom att fylla i sina uppgifter p\u00e5 MyClub: https:\/\/akilles.myclub.fi\/login<b><br \/><br \/><span style=\"color: #0000ff;\">HUOM!<\/span>Uusia poikia ja tytt\u00f6j\u00e4 <\/b>voivat ilmoittautua harjoitusten yhteydess\u00e4, tai t\u00e4ytt\u00e4m\u00e4ll\u00e4 omat tiedot MyClubiin: https:\/\/akilles.myclub.fi\/login\u00a0<b><br \/><br \/><\/b><\/td><\/tr><\/tbody><\/table><div style=\"border: 0px solid black; overflow: auto; height: 500px; width: auto; color: red; background-color: white;\">\u00a0<\/div>\t\t\t\t\t\t\t\t<\/div>\n\t\t\t\t<\/div>\n\t\t\t\t\t<\/div>\n\t\t<\/div>\n\t\t\t\t<div class=\"elementor-column elementor-col-50 elementor-top-column elementor-element elementor-element-550dd1f\" data-id=\"550dd1f\" data-element_type=\"column\">\n\t\t\t<div class=\"elementor-widget-wrap elementor-element-populated\">\n\t\t\t\t\t\t<div class=\"elementor-element elementor-element-38eb2a0 elementor-widget elementor-widget-text-editor\" data-id=\"38eb2a0\" data-element_type=\"widget\" data-widget_type=\"text-editor.default\">\n\t\t\t\t<div class=\"elementor-widget-container\">\n\t\t\t\t\t\t\t\t\t\n<!-- myClub embed JS - start -->\n<div class=\"myclub-embed\" data-url=\"https:\/\/akilles.myclub.fi\/groups\/10420\/event_embeds\/1050?token=3daefda96403e08869b742cfe8103ef778113b24\"><\/div>\n<script>(function(d, s, id) { var js, mjs = d.getElementsByTagName(s)[0]; if (d.getElementById(id)) return; js = d.createElement(s); js.id = id; js.async = true; js.src = \"https:\/\/d2ubdm6yoox6gh.cloudfront.net\/assets\/myclub-embed.js\"; mjs.parentNode.insertBefore(js, mjs); }(document, 'script', 'myclub-embed-js'));<\/script>\n<!-- myClub embed JS - end -->\t\t\t\t\t\t\t\t<\/div>\n\t\t\t\t<\/div>\n\t\t\t\t\t<\/div>\n\t\t<\/div>\n\t\t\t\t\t<\/div>\n\t\t<\/section>\n\t\t\t\t<\/div>\n\t\t","protected":false},"excerpt":{"rendered":"<p>Flickor och pojkar f\u00f6dda 2010-2012Tr\u00e4nare: Nina Nyholm 040-7248731, ninanyholm41(a)gmail.comAnna Holmstr\u00f6m Tr\u00e4ningsturer \u2013 Harjoitusvuorot Uusimaa-areena M\u00e5ndag\/ Maanantai 17.30-19.30 f. 2010-2012Nina, Anna Kokonhallen\/Kokonhalli Onsdag\/ Keskiviiikko 18.30-20.30 f. 2010-2012Nina, Anna Liikuntamylly\/Sportkvarnen Torsdag\/ Torstai 16.00-18.00 f. 2010-2012Nina, Anna Agricolahallen &#8211; Agricolahalli Fredag\/ Perjantai 16.45-18.45 f. 2010-2012Nina, Anna Uusimaa-areena L\u00f6rdag\/ Lauantai 14.00-16.00 f. 2010-2012Nina, Anna OBS! Nya flickor och pojkar [&hellip;]<\/p>\n","protected":false},"author":4,"featured_media":0,"parent":0,"menu_order":0,"comment_status":"closed","ping_status":"closed","template":"","meta":{"_crdt_document":"","footnotes":""},"class_list":["post-762","page","type-page","status-publish","hentry"],"yoast_head":"<!-- This site is optimized with the Yoast SEO plugin v26.8 - https:\/\/yoast.com\/product\/yoast-seo-wordpress\/ -->\n<title>Tr\u00e4ningsgrupp - Harjoitusryhm\u00e4 2010-2012 - Friidrott - Yleisurheilu<\/title>\n<meta name=\"robots\" content=\"index, follow, max-snippet:-1, max-image-preview:large, max-video-preview:-1\" \/>\n<link rel=\"canonical\" href=\"https:\/\/www.akilles.fi\/friidrott\/traningsgrupp-harjoitusryhma-2010-2012\/\" \/>\n<meta property=\"og:locale\" content=\"sv_SE\" \/>\n<meta property=\"og:type\" content=\"article\" \/>\n<meta property=\"og:title\" content=\"Tr\u00e4ningsgrupp - Harjoitusryhm\u00e4 2010-2012 - Friidrott - Yleisurheilu\" \/>\n<meta property=\"og:description\" content=\"Flickor och pojkar f\u00f6dda 2010-2012Tr\u00e4nare: Nina Nyholm 040-7248731, ninanyholm41(a)gmail.comAnna Holmstr\u00f6m Tr\u00e4ningsturer \u2013 Harjoitusvuorot Uusimaa-areena M\u00e5ndag\/ Maanantai 17.30-19.30 f. 2010-2012Nina, Anna Kokonhallen\/Kokonhalli Onsdag\/ Keskiviiikko 18.30-20.30 f. 2010-2012Nina, Anna Liikuntamylly\/Sportkvarnen Torsdag\/ Torstai 16.00-18.00 f. 2010-2012Nina, Anna Agricolahallen &#8211; Agricolahalli Fredag\/ Perjantai 16.45-18.45 f. 2010-2012Nina, Anna Uusimaa-areena L\u00f6rdag\/ Lauantai 14.00-16.00 f. 2010-2012Nina, Anna OBS! Nya flickor och pojkar [&hellip;]\" \/>\n<meta property=\"og:url\" content=\"https:\/\/www.akilles.fi\/friidrott\/traningsgrupp-harjoitusryhma-2010-2012\/\" \/>\n<meta property=\"og:site_name\" content=\"Friidrott - Yleisurheilu\" \/>\n<meta property=\"article:modified_time\" content=\"2025-10-29T16:45:59+00:00\" \/>\n<meta name=\"twitter:card\" content=\"summary_large_image\" \/>\n<meta name=\"twitter:label1\" content=\"Ber\u00e4knad l\u00e4stid\" \/>\n\t<meta name=\"twitter:data1\" content=\"1 minut\" \/>\n<script type=\"application\/ld+json\" class=\"yoast-schema-graph\">{\"@context\":\"https:\/\/schema.org\",\"@graph\":[{\"@type\":\"WebPage\",\"@id\":\"https:\/\/www.akilles.fi\/friidrott\/traningsgrupp-harjoitusryhma-2010-2012\/\",\"url\":\"https:\/\/www.akilles.fi\/friidrott\/traningsgrupp-harjoitusryhma-2010-2012\/\",\"name\":\"Tr\u00e4ningsgrupp - Harjoitusryhm\u00e4 2010-2012 - Friidrott - Yleisurheilu\",\"isPartOf\":{\"@id\":\"https:\/\/www.akilles.fi\/friidrott\/#website\"},\"datePublished\":\"2019-01-10T09:35:20+00:00\",\"dateModified\":\"2025-10-29T16:45:59+00:00\",\"breadcrumb\":{\"@id\":\"https:\/\/www.akilles.fi\/friidrott\/traningsgrupp-harjoitusryhma-2010-2012\/#breadcrumb\"},\"inLanguage\":\"sv-SE\",\"potentialAction\":[{\"@type\":\"ReadAction\",\"target\":[\"https:\/\/www.akilles.fi\/friidrott\/traningsgrupp-harjoitusryhma-2010-2012\/\"]}]},{\"@type\":\"BreadcrumbList\",\"@id\":\"https:\/\/www.akilles.fi\/friidrott\/traningsgrupp-harjoitusryhma-2010-2012\/#breadcrumb\",\"itemListElement\":[{\"@type\":\"ListItem\",\"position\":1,\"name\":\"Home\",\"item\":\"https:\/\/www.akilles.fi\/friidrott\/\"},{\"@type\":\"ListItem\",\"position\":2,\"name\":\"Tr\u00e4ningsgrupp &#8211; Harjoitusryhm\u00e4 2010-2012\"}]},{\"@type\":\"WebSite\",\"@id\":\"https:\/\/www.akilles.fi\/friidrott\/#website\",\"url\":\"https:\/\/www.akilles.fi\/friidrott\/\",\"name\":\"Friidrott - Yleisurheilu\",\"description\":\"Borg\u00e5 Akilles Friidrott- Porvoon Akilles Yleisurheilu\",\"potentialAction\":[{\"@type\":\"SearchAction\",\"target\":{\"@type\":\"EntryPoint\",\"urlTemplate\":\"https:\/\/www.akilles.fi\/friidrott\/?s={search_term_string}\"},\"query-input\":{\"@type\":\"PropertyValueSpecification\",\"valueRequired\":true,\"valueName\":\"search_term_string\"}}],\"inLanguage\":\"sv-SE\"}]}<\/script>\n<!-- \/ Yoast SEO plugin. -->","yoast_head_json":{"title":"Tr\u00e4ningsgrupp - Harjoitusryhm\u00e4 2010-2012 - Friidrott - Yleisurheilu","robots":{"index":"index","follow":"follow","max-snippet":"max-snippet:-1","max-image-preview":"max-image-preview:large","max-video-preview":"max-video-preview:-1"},"canonical":"https:\/\/www.akilles.fi\/friidrott\/traningsgrupp-harjoitusryhma-2010-2012\/","og_locale":"sv_SE","og_type":"article","og_title":"Tr\u00e4ningsgrupp - Harjoitusryhm\u00e4 2010-2012 - Friidrott - Yleisurheilu","og_description":"Flickor och pojkar f\u00f6dda 2010-2012Tr\u00e4nare: Nina Nyholm 040-7248731, ninanyholm41(a)gmail.comAnna Holmstr\u00f6m Tr\u00e4ningsturer \u2013 Harjoitusvuorot Uusimaa-areena M\u00e5ndag\/ Maanantai 17.30-19.30 f. 2010-2012Nina, Anna Kokonhallen\/Kokonhalli Onsdag\/ Keskiviiikko 18.30-20.30 f. 2010-2012Nina, Anna Liikuntamylly\/Sportkvarnen Torsdag\/ Torstai 16.00-18.00 f. 2010-2012Nina, Anna Agricolahallen &#8211; Agricolahalli Fredag\/ Perjantai 16.45-18.45 f. 2010-2012Nina, Anna Uusimaa-areena L\u00f6rdag\/ Lauantai 14.00-16.00 f. 2010-2012Nina, Anna OBS! Nya flickor och pojkar [&hellip;]","og_url":"https:\/\/www.akilles.fi\/friidrott\/traningsgrupp-harjoitusryhma-2010-2012\/","og_site_name":"Friidrott - Yleisurheilu","article_modified_time":"2025-10-29T16:45:59+00:00","twitter_card":"summary_large_image","twitter_misc":{"Ber\u00e4knad l\u00e4stid":"1 minut"},"schema":{"@context":"https:\/\/schema.org","@graph":[{"@type":"WebPage","@id":"https:\/\/www.akilles.fi\/friidrott\/traningsgrupp-harjoitusryhma-2010-2012\/","url":"https:\/\/www.akilles.fi\/friidrott\/traningsgrupp-harjoitusryhma-2010-2012\/","name":"Tr\u00e4ningsgrupp - Harjoitusryhm\u00e4 2010-2012 - Friidrott - Yleisurheilu","isPartOf":{"@id":"https:\/\/www.akilles.fi\/friidrott\/#website"},"datePublished":"2019-01-10T09:35:20+00:00","dateModified":"2025-10-29T16:45:59+00:00","breadcrumb":{"@id":"https:\/\/www.akilles.fi\/friidrott\/traningsgrupp-harjoitusryhma-2010-2012\/#breadcrumb"},"inLanguage":"sv-SE","potentialAction":[{"@type":"ReadAction","target":["https:\/\/www.akilles.fi\/friidrott\/traningsgrupp-harjoitusryhma-2010-2012\/"]}]},{"@type":"BreadcrumbList","@id":"https:\/\/www.akilles.fi\/friidrott\/traningsgrupp-harjoitusryhma-2010-2012\/#breadcrumb","itemListElement":[{"@type":"ListItem","position":1,"name":"Home","item":"https:\/\/www.akilles.fi\/friidrott\/"},{"@type":"ListItem","position":2,"name":"Tr\u00e4ningsgrupp &#8211; Harjoitusryhm\u00e4 2010-2012"}]},{"@type":"WebSite","@id":"https:\/\/www.akilles.fi\/friidrott\/#website","url":"https:\/\/www.akilles.fi\/friidrott\/","name":"Friidrott - Yleisurheilu","description":"Borg\u00e5 Akilles Friidrott- Porvoon Akilles Yleisurheilu","potentialAction":[{"@type":"SearchAction","target":{"@type":"EntryPoint","urlTemplate":"https:\/\/www.akilles.fi\/friidrott\/?s={search_term_string}"},"query-input":{"@type":"PropertyValueSpecification","valueRequired":true,"valueName":"search_term_string"}}],"inLanguage":"sv-SE"}]}},"_links":{"self":[{"href":"https:\/\/www.akilles.fi\/friidrott\/wp-json\/wp\/v2\/pages\/762","targetHints":{"allow":["GET"]}}],"collection":[{"href":"https:\/\/www.akilles.fi\/friidrott\/wp-json\/wp\/v2\/pages"}],"about":[{"href":"https:\/\/www.akilles.fi\/friidrott\/wp-json\/wp\/v2\/types\/page"}],"author":[{"embeddable":true,"href":"https:\/\/www.akilles.fi\/friidrott\/wp-json\/wp\/v2\/users\/4"}],"replies":[{"embeddable":true,"href":"https:\/\/www.akilles.fi\/friidrott\/wp-json\/wp\/v2\/comments?post=762"}],"version-history":[{"count":111,"href":"https:\/\/www.akilles.fi\/friidrott\/wp-json\/wp\/v2\/pages\/762\/revisions"}],"predecessor-version":[{"id":28797,"href":"https:\/\/www.akilles.fi\/friidrott\/wp-json\/wp\/v2\/pages\/762\/revisions\/28797"}],"wp:attachment":[{"href":"https:\/\/www.akilles.fi\/friidrott\/wp-json\/wp\/v2\/media?parent=762"}],"curies":[{"name":"wp","href":"https:\/\/api.w.org\/{rel}","templated":true}]}}