{"id":764,"date":"2019-01-10T11:35:33","date_gmt":"2019-01-10T09:35:33","guid":{"rendered":"http:\/\/94.237.33.215\/~akilles\/nyasida\/friidrott\/?page_id=764"},"modified":"2026-04-20T07:39:53","modified_gmt":"2026-04-20T07:39:53","slug":"traningsgrupp-harjoitusryhma-2013-2014","status":"publish","type":"page","link":"https:\/\/www.akilles.fi\/friidrott\/traningsgrupp-harjoitusryhma-2013-2014\/","title":{"rendered":"Tr\u00e4ningsgrupp &#8211; Harjoitusryhm\u00e4 2013-2014"},"content":{"rendered":"\t\t<div data-elementor-type=\"wp-post\" data-elementor-id=\"764\" class=\"elementor elementor-764\" data-elementor-post-type=\"page\">\n\t\t\t\t\t\t<section class=\"elementor-section elementor-top-section elementor-element elementor-element-74bf1b0 elementor-section-boxed elementor-section-height-default elementor-section-height-default\" data-id=\"74bf1b0\" data-element_type=\"section\">\n\t\t\t\t\t\t<div class=\"elementor-container elementor-column-gap-default\">\n\t\t\t\t\t<div class=\"elementor-column elementor-col-50 elementor-top-column elementor-element elementor-element-a3215c3\" data-id=\"a3215c3\" data-element_type=\"column\">\n\t\t\t<div class=\"elementor-widget-wrap elementor-element-populated\">\n\t\t\t\t\t\t<div class=\"elementor-element elementor-element-b634d94 elementor-widget elementor-widget-text-editor\" data-id=\"b634d94\" data-element_type=\"widget\" data-widget_type=\"text-editor.default\">\n\t\t\t\t<div class=\"elementor-widget-container\">\n\t\t\t\t\t\t\t\t\t<p><strong>Flickor och pojkar f\u00f6dda 2013-2014<\/strong><\/p><p>Tr\u00e4nare &#8211; Ohjaajat: Mikaela Wikgren (041-5354245, mikaela.wikgren@akilles.fi), Lotta Eskelinen, Sara George, Alisa Kiiski, Niko Kiviranta<\/p><p>Kolla plats och tid i MyClub-listan till h\u00f6ger! D\u00e4r finns senaste informationen.<\/p><p>Tarkistakaa paikka ja aika MyClub-listasta oikella! Siell\u00e4 on viimeisimm\u00e4t tiedot.<\/p><table border=\"1\" width=\"487\" cellspacing=\"1\" cellpadding=\"1\"><tbody><tr style=\"background-color: green; color: white;\"><td colspan=\"4\"><b><strong>Tr\u00e4ningsturer &#8211; Harjoitusvuorot\u00a0 April-maj\u00a0 huhtikuu-toukokuu<br \/><\/strong><\/b><\/td><\/tr><tr><td><p>M\u00e5ndag\/<br \/><span style=\"font-family: inherit; font-size: inherit;\">Maanantai<\/span><\/p><\/td><td>Kastplanen\/Heittokentt\u00e4 4.5<br \/>Jonasbacken\/Joonaanm\u00e4ki 11.5<br \/>Centralidrottsplanen\/<br \/>Keskusurheilukentt\u00e4 18.5 &amp; 25.5<\/td><td><p>maj-toukokuu:<br \/>17.30-19.00<\/p><\/td><td><span style=\"color: #222222;\"> Mikaela, Lotta<\/span><span style=\"color: #222222;\"><br \/><\/span><\/td><\/tr><tr><td>Onsdag\/<br \/>Keskiviikko<\/td><td><span style=\"color: #222222;\">Kokonhallen (ute\/ulkona)<\/span><\/td><td><p><span style=\"color: #222222;\">april\/huhtikuu: 19.00-20.15<\/span><\/p><p>maj\/toukokuu: 17.30-19.00<\/p><\/td><td><p>Niko, Alisa<\/p><\/td><\/tr><tr><td>Fredag\/<br \/>Perjantai<\/td><td>Kastplanen\/Heittokentt\u00e4 8.5<br \/>Jonasbacken\/Joonaanm\u00e4ki 15.5<br \/>Centralidrottsplanen\/<br \/>Keskusurheilukentt\u00e4 29.5<\/td><td>maj-toukokuu:<br \/>17.30-19.00<\/td><td>Mikaela, Lotta<\/td><\/tr><tr><td colspan=\"4\"><span style=\"color: #222222;\"><b>Nya flickor och pojkar<\/b> kan anm\u00e4la sig under tr\u00e4ningarna, eller genom att fylla i sina uppgifter p\u00e5 MyClub: https:\/\/akilles.myclub.fi\/login<b><br \/>Uusia poikia ja tytt\u00f6j\u00e4 <\/b>voivat ilmoittautua harjoitusten yhteydess\u00e4, tai t\u00e4ytt\u00e4m\u00e4ll\u00e4 omat tiedot MyClubiin: https:\/\/akilles.myclub.fi\/login<\/span><\/td><\/tr><\/tbody><\/table><p>\u00a0<\/p>\t\t\t\t\t\t\t\t<\/div>\n\t\t\t\t<\/div>\n\t\t\t\t\t<\/div>\n\t\t<\/div>\n\t\t\t\t<div class=\"elementor-column elementor-col-50 elementor-top-column elementor-element elementor-element-9319ab1\" data-id=\"9319ab1\" data-element_type=\"column\">\n\t\t\t<div class=\"elementor-widget-wrap elementor-element-populated\">\n\t\t\t\t\t\t<div class=\"elementor-element elementor-element-596d038 elementor-widget elementor-widget-text-editor\" data-id=\"596d038\" data-element_type=\"widget\" data-widget_type=\"text-editor.default\">\n\t\t\t\t<div class=\"elementor-widget-container\">\n\t\t\t\t\t\t\t\t\t<div class=\"myclub-embed\" data-url=\"https:\/\/akilles.myclub.fi\/groups\/18175\/event_embeds\/6959?token=2f74153cabba8bedb4426d40e11be724986059b1\">\u00a0<\/div><p><script>(function(d, s, id) { var js, mjs = d.getElementsByTagName(s)[0]; if (d.getElementById(id)) return; js = d.createElement(s); js.id = id; js.async = true; js.src = \"https:\/\/d2ubdm6yoox6gh.cloudfront.net\/assets\/myclub-embed.js\"; mjs.parentNode.insertBefore(js, mjs); }(document, 'script', 'myclub-embed-js'));<\/script><br \/><!-- myClub embed JS - end --><\/p>\t\t\t\t\t\t\t\t<\/div>\n\t\t\t\t<\/div>\n\t\t\t\t\t<\/div>\n\t\t<\/div>\n\t\t\t\t\t<\/div>\n\t\t<\/section>\n\t\t\t\t<\/div>\n\t\t","protected":false},"excerpt":{"rendered":"<p>Flickor och pojkar f\u00f6dda 2013-2014 Tr\u00e4nare &#8211; Ohjaajat: Mikaela Wikgren (041-5354245, mikaela.wikgren@akilles.fi), Lotta Eskelinen, Sara George, Alisa Kiiski, Niko Kiviranta Kolla plats och tid i MyClub-listan till h\u00f6ger! D\u00e4r finns senaste informationen. Tarkistakaa paikka ja aika MyClub-listasta oikella! Siell\u00e4 on viimeisimm\u00e4t tiedot. Tr\u00e4ningsturer &#8211; Harjoitusvuorot\u00a0 April-maj\u00a0 huhtikuu-toukokuu M\u00e5ndag\/Maanantai Kastplanen\/Heittokentt\u00e4 4.5Jonasbacken\/Joonaanm\u00e4ki 11.5Centralidrottsplanen\/Keskusurheilukentt\u00e4 18.5 &amp; 25.5 maj-toukokuu:17.30-19.00 [&hellip;]<\/p>\n","protected":false},"author":4,"featured_media":0,"parent":0,"menu_order":0,"comment_status":"closed","ping_status":"closed","template":"","meta":{"_crdt_document":"","footnotes":""},"class_list":["post-764","page","type-page","status-publish","hentry"],"yoast_head":"<!-- This site is optimized with the Yoast SEO plugin v27.4 - https:\/\/yoast.com\/product\/yoast-seo-wordpress\/ -->\n<title>Tr\u00e4ningsgrupp - Harjoitusryhm\u00e4 2013-2014 - Friidrott - Yleisurheilu<\/title>\n<meta name=\"robots\" content=\"index, follow, max-snippet:-1, max-image-preview:large, max-video-preview:-1\" \/>\n<link rel=\"canonical\" href=\"https:\/\/www.akilles.fi\/friidrott\/traningsgrupp-harjoitusryhma-2013-2014\/\" \/>\n<meta property=\"og:locale\" content=\"sv_SE\" \/>\n<meta property=\"og:type\" content=\"article\" \/>\n<meta property=\"og:title\" content=\"Tr\u00e4ningsgrupp - Harjoitusryhm\u00e4 2013-2014 - Friidrott - Yleisurheilu\" \/>\n<meta property=\"og:description\" content=\"Flickor och pojkar f\u00f6dda 2013-2014 Tr\u00e4nare &#8211; Ohjaajat: Mikaela Wikgren (041-5354245, mikaela.wikgren@akilles.fi), Lotta Eskelinen, Sara George, Alisa Kiiski, Niko Kiviranta Kolla plats och tid i MyClub-listan till h\u00f6ger! D\u00e4r finns senaste informationen. Tarkistakaa paikka ja aika MyClub-listasta oikella! Siell\u00e4 on viimeisimm\u00e4t tiedot. Tr\u00e4ningsturer &#8211; Harjoitusvuorot\u00a0 April-maj\u00a0 huhtikuu-toukokuu M\u00e5ndag\/Maanantai Kastplanen\/Heittokentt\u00e4 4.5Jonasbacken\/Joonaanm\u00e4ki 11.5Centralidrottsplanen\/Keskusurheilukentt\u00e4 18.5 &amp; 25.5 maj-toukokuu:17.30-19.00 [&hellip;]\" \/>\n<meta property=\"og:url\" content=\"https:\/\/www.akilles.fi\/friidrott\/traningsgrupp-harjoitusryhma-2013-2014\/\" \/>\n<meta property=\"og:site_name\" content=\"Friidrott - Yleisurheilu\" \/>\n<meta property=\"article:modified_time\" content=\"2026-04-20T07:39:53+00:00\" \/>\n<meta name=\"twitter:card\" content=\"summary_large_image\" \/>\n<meta name=\"twitter:label1\" content=\"Ber\u00e4knad l\u00e4stid\" \/>\n\t<meta name=\"twitter:data1\" content=\"1 minut\" \/>\n<script type=\"application\/ld+json\" class=\"yoast-schema-graph\">{\"@context\":\"https:\\\/\\\/schema.org\",\"@graph\":[{\"@type\":\"WebPage\",\"@id\":\"https:\\\/\\\/www.akilles.fi\\\/friidrott\\\/traningsgrupp-harjoitusryhma-2013-2014\\\/\",\"url\":\"https:\\\/\\\/www.akilles.fi\\\/friidrott\\\/traningsgrupp-harjoitusryhma-2013-2014\\\/\",\"name\":\"Tr\u00e4ningsgrupp - Harjoitusryhm\u00e4 2013-2014 - Friidrott - Yleisurheilu\",\"isPartOf\":{\"@id\":\"https:\\\/\\\/www.akilles.fi\\\/friidrott\\\/#website\"},\"datePublished\":\"2019-01-10T09:35:33+00:00\",\"dateModified\":\"2026-04-20T07:39:53+00:00\",\"breadcrumb\":{\"@id\":\"https:\\\/\\\/www.akilles.fi\\\/friidrott\\\/traningsgrupp-harjoitusryhma-2013-2014\\\/#breadcrumb\"},\"inLanguage\":\"sv-SE\",\"potentialAction\":[{\"@type\":\"ReadAction\",\"target\":[\"https:\\\/\\\/www.akilles.fi\\\/friidrott\\\/traningsgrupp-harjoitusryhma-2013-2014\\\/\"]}]},{\"@type\":\"BreadcrumbList\",\"@id\":\"https:\\\/\\\/www.akilles.fi\\\/friidrott\\\/traningsgrupp-harjoitusryhma-2013-2014\\\/#breadcrumb\",\"itemListElement\":[{\"@type\":\"ListItem\",\"position\":1,\"name\":\"Home\",\"item\":\"https:\\\/\\\/www.akilles.fi\\\/friidrott\\\/\"},{\"@type\":\"ListItem\",\"position\":2,\"name\":\"Tr\u00e4ningsgrupp &#8211; Harjoitusryhm\u00e4 2013-2014\"}]},{\"@type\":\"WebSite\",\"@id\":\"https:\\\/\\\/www.akilles.fi\\\/friidrott\\\/#website\",\"url\":\"https:\\\/\\\/www.akilles.fi\\\/friidrott\\\/\",\"name\":\"Friidrott - Yleisurheilu\",\"description\":\"Borg\u00e5 Akilles Friidrott- Porvoon Akilles Yleisurheilu\",\"potentialAction\":[{\"@type\":\"SearchAction\",\"target\":{\"@type\":\"EntryPoint\",\"urlTemplate\":\"https:\\\/\\\/www.akilles.fi\\\/friidrott\\\/?s={search_term_string}\"},\"query-input\":{\"@type\":\"PropertyValueSpecification\",\"valueRequired\":true,\"valueName\":\"search_term_string\"}}],\"inLanguage\":\"sv-SE\"}]}<\/script>\n<!-- \/ Yoast SEO plugin. -->","yoast_head_json":{"title":"Tr\u00e4ningsgrupp - Harjoitusryhm\u00e4 2013-2014 - Friidrott - Yleisurheilu","robots":{"index":"index","follow":"follow","max-snippet":"max-snippet:-1","max-image-preview":"max-image-preview:large","max-video-preview":"max-video-preview:-1"},"canonical":"https:\/\/www.akilles.fi\/friidrott\/traningsgrupp-harjoitusryhma-2013-2014\/","og_locale":"sv_SE","og_type":"article","og_title":"Tr\u00e4ningsgrupp - Harjoitusryhm\u00e4 2013-2014 - Friidrott - Yleisurheilu","og_description":"Flickor och pojkar f\u00f6dda 2013-2014 Tr\u00e4nare &#8211; Ohjaajat: Mikaela Wikgren (041-5354245, mikaela.wikgren@akilles.fi), Lotta Eskelinen, Sara George, Alisa Kiiski, Niko Kiviranta Kolla plats och tid i MyClub-listan till h\u00f6ger! D\u00e4r finns senaste informationen. Tarkistakaa paikka ja aika MyClub-listasta oikella! Siell\u00e4 on viimeisimm\u00e4t tiedot. Tr\u00e4ningsturer &#8211; Harjoitusvuorot\u00a0 April-maj\u00a0 huhtikuu-toukokuu M\u00e5ndag\/Maanantai Kastplanen\/Heittokentt\u00e4 4.5Jonasbacken\/Joonaanm\u00e4ki 11.5Centralidrottsplanen\/Keskusurheilukentt\u00e4 18.5 &amp; 25.5 maj-toukokuu:17.30-19.00 [&hellip;]","og_url":"https:\/\/www.akilles.fi\/friidrott\/traningsgrupp-harjoitusryhma-2013-2014\/","og_site_name":"Friidrott - Yleisurheilu","article_modified_time":"2026-04-20T07:39:53+00:00","twitter_card":"summary_large_image","twitter_misc":{"Ber\u00e4knad l\u00e4stid":"1 minut"},"schema":{"@context":"https:\/\/schema.org","@graph":[{"@type":"WebPage","@id":"https:\/\/www.akilles.fi\/friidrott\/traningsgrupp-harjoitusryhma-2013-2014\/","url":"https:\/\/www.akilles.fi\/friidrott\/traningsgrupp-harjoitusryhma-2013-2014\/","name":"Tr\u00e4ningsgrupp - Harjoitusryhm\u00e4 2013-2014 - Friidrott - Yleisurheilu","isPartOf":{"@id":"https:\/\/www.akilles.fi\/friidrott\/#website"},"datePublished":"2019-01-10T09:35:33+00:00","dateModified":"2026-04-20T07:39:53+00:00","breadcrumb":{"@id":"https:\/\/www.akilles.fi\/friidrott\/traningsgrupp-harjoitusryhma-2013-2014\/#breadcrumb"},"inLanguage":"sv-SE","potentialAction":[{"@type":"ReadAction","target":["https:\/\/www.akilles.fi\/friidrott\/traningsgrupp-harjoitusryhma-2013-2014\/"]}]},{"@type":"BreadcrumbList","@id":"https:\/\/www.akilles.fi\/friidrott\/traningsgrupp-harjoitusryhma-2013-2014\/#breadcrumb","itemListElement":[{"@type":"ListItem","position":1,"name":"Home","item":"https:\/\/www.akilles.fi\/friidrott\/"},{"@type":"ListItem","position":2,"name":"Tr\u00e4ningsgrupp &#8211; Harjoitusryhm\u00e4 2013-2014"}]},{"@type":"WebSite","@id":"https:\/\/www.akilles.fi\/friidrott\/#website","url":"https:\/\/www.akilles.fi\/friidrott\/","name":"Friidrott - Yleisurheilu","description":"Borg\u00e5 Akilles Friidrott- Porvoon Akilles Yleisurheilu","potentialAction":[{"@type":"SearchAction","target":{"@type":"EntryPoint","urlTemplate":"https:\/\/www.akilles.fi\/friidrott\/?s={search_term_string}"},"query-input":{"@type":"PropertyValueSpecification","valueRequired":true,"valueName":"search_term_string"}}],"inLanguage":"sv-SE"}]}},"_links":{"self":[{"href":"https:\/\/www.akilles.fi\/friidrott\/wp-json\/wp\/v2\/pages\/764","targetHints":{"allow":["GET"]}}],"collection":[{"href":"https:\/\/www.akilles.fi\/friidrott\/wp-json\/wp\/v2\/pages"}],"about":[{"href":"https:\/\/www.akilles.fi\/friidrott\/wp-json\/wp\/v2\/types\/page"}],"author":[{"embeddable":true,"href":"https:\/\/www.akilles.fi\/friidrott\/wp-json\/wp\/v2\/users\/4"}],"replies":[{"embeddable":true,"href":"https:\/\/www.akilles.fi\/friidrott\/wp-json\/wp\/v2\/comments?post=764"}],"version-history":[{"count":168,"href":"https:\/\/www.akilles.fi\/friidrott\/wp-json\/wp\/v2\/pages\/764\/revisions"}],"predecessor-version":[{"id":29853,"href":"https:\/\/www.akilles.fi\/friidrott\/wp-json\/wp\/v2\/pages\/764\/revisions\/29853"}],"wp:attachment":[{"href":"https:\/\/www.akilles.fi\/friidrott\/wp-json\/wp\/v2\/media?parent=764"}],"curies":[{"name":"wp","href":"https:\/\/api.w.org\/{rel}","templated":true}]}}