{"id":8791,"date":"2021-08-24T11:51:57","date_gmt":"2021-08-24T11:51:57","guid":{"rendered":"https:\/\/www.akilles.fi\/friidrott\/?page_id=8791"},"modified":"2022-07-22T12:52:55","modified_gmt":"2022-07-22T12:52:55","slug":"borga-slaggtavlingar-2021-porvoon-moukarikisat","status":"publish","type":"page","link":"https:\/\/www.akilles.fi\/friidrott\/borga-slaggtavlingar-2021-porvoon-moukarikisat\/","title":{"rendered":"Borg\u00e5 Sl\u00e4ggt\u00e4vlingar 2021 &#8211; Porvoon Moukarikisat"},"content":{"rendered":"\t\t<div data-elementor-type=\"wp-page\" data-elementor-id=\"8791\" class=\"elementor elementor-8791\" data-elementor-post-type=\"page\">\n\t\t\t\t\t\t<section class=\"elementor-section elementor-top-section elementor-element elementor-element-4da4af3 elementor-section-boxed elementor-section-height-default elementor-section-height-default\" data-id=\"4da4af3\" data-element_type=\"section\">\n\t\t\t\t\t\t<div class=\"elementor-container elementor-column-gap-default\">\n\t\t\t\t\t<div class=\"elementor-column elementor-col-33 elementor-top-column elementor-element elementor-element-ff050ce\" data-id=\"ff050ce\" data-element_type=\"column\">\n\t\t\t<div class=\"elementor-widget-wrap elementor-element-populated\">\n\t\t\t\t\t\t<div class=\"elementor-element elementor-element-11b4901 elementor-widget elementor-widget-text-editor\" data-id=\"11b4901\" data-element_type=\"widget\" data-widget_type=\"text-editor.default\">\n\t\t\t\t<div class=\"elementor-widget-container\">\n\t\t\t\t\t\t\t\t\t<p><strong>Borg\u00e5 v\u00e5rkast 1 \/ Porvoon kev\u00e4theitot 1<\/strong><br \/>Borg\u00e5 Akilles 29.5.2021<\/p><p><a href=\"https:\/\/www.akilles.fi\/friidrott\/borga-varkast-porvoon-kevatheitot\/\">Resultat &#8211; Tulokset<\/a><\/p>\t\t\t\t\t\t\t\t<\/div>\n\t\t\t\t<\/div>\n\t\t\t\t\t<\/div>\n\t\t<\/div>\n\t\t\t\t<div class=\"elementor-column elementor-col-33 elementor-top-column elementor-element elementor-element-89a05ba\" data-id=\"89a05ba\" data-element_type=\"column\">\n\t\t\t<div class=\"elementor-widget-wrap elementor-element-populated\">\n\t\t\t\t\t\t<div class=\"elementor-element elementor-element-3a235a0 elementor-widget elementor-widget-text-editor\" data-id=\"3a235a0\" data-element_type=\"widget\" data-widget_type=\"text-editor.default\">\n\t\t\t\t<div class=\"elementor-widget-container\">\n\t\t\t\t\t\t\t\t\t<p><strong>Sl\u00e4ggt\u00e4vling i Borg\u00e5 2 \/ Porvoon moukari 2<\/strong><br \/>Borg\u00e5 Akilles 04.08.2021<\/p><p>Borg\u00e5 Sl\u00e4ggt\u00e4vling 2 \/ Porvoon moukari 2<br \/>Borg\u00e5 Akilles 04.08.2021<\/p><p>P11 Moukari<br \/>1) Aleksei Vikulov Borg\u00e5Ak 26,04 <br \/>26,04 x x x x 22,91 <br \/>2) Alex Leiramo PorvU 18,94 <br \/>x 17,06 17,89 16,47 18,94 17,55 <br \/>3) Rasmus Kalkas HKV 18,35 <br \/>x x 18,24 18,24 x 18,35 <br \/>4) Robin Johansson Borg\u00e5Ak 13,89 <br \/>13,89 11,15 11,13 12,89 11,34 13,29<\/p><p>T11 Moukari<br \/>1) Hilma Rauhasalo KarhKa 24,62 <br \/>21,76 24,62 22,69 23,15 18,90 23,55<\/p><p>P13 Moukari<br \/>1) Santeri Puustinen Borg\u00e5Ak 27,82 <br \/>27,82 x 25,85 25,53 26,82 27,11 <br \/>2) Vilho Rasi KarhU 20,40 <br \/>16,16 x x 18,88 x 20,40<\/p><p>P15 Moukari<br \/>1) Albert Isaksson Borg\u00e5Ak 38,29 <br \/>x 34,43 38,29 x 32,63 34,56 <br \/>2) Jimi Sorvari Borg\u00e5Ak 33,63 <br \/>32,70 30,62 33,56 33,63 x x<\/p><p>T15 Moukari<br \/>1) Melina Lundqvist Borg\u00e5Ak 45,70 <br \/>45,70 x x 42,02 x x <br \/>2) Jessica Bj\u00f6rksten LiljIK 45,55 <br \/>44,70 43,14 x 42,04 45,55 45,40 <br \/>3) Kira Koskiniemi HKV 31,07 <br \/>x 31,07 x 26,64 29,68 x <br \/>4) Emma Simonen KU-58 25,20 <br \/>25,20 24,37 21,42 x 18,39 23,43<\/p><p>M17 Moukari<br \/>1) Aron Johansson Borg\u00e5Ak 46,86 <br \/>46,86 x 46,02 x 45,27 x<\/p><p>N17 Moukari<br \/>1) Wilma Simonen KU-58 42,83 <br \/>42,83 x x 42,64 41,12 41,62 <br \/>2) Sofia Wahlstedt Borg\u00e5Ak 42,29 <br \/>37,74 42,29 x 40,91 41,85 39,73 <br \/>3) Siru Myllykangas HeinI 41,14 <br \/>41,14 38,69 38,63 40,12 x x <br \/>Sara Puustinen Borg\u00e5Ak NM <br \/>x x x x &#8211; &#8211;<\/p><p>M19 Moukari<br \/>1) Joona Tuusj\u00e4rvi HIFK 56,85 <br \/>56,85 55,20 53,63 x x x<\/p><p>N19 Moukari<br \/>1) Emma Backlund Borg\u00e5Ak 43,96 <br \/>43,96 41,61 x 42,75 x 43,49 <\/p><p>\u00a0<\/p>\t\t\t\t\t\t\t\t<\/div>\n\t\t\t\t<\/div>\n\t\t\t\t\t<\/div>\n\t\t<\/div>\n\t\t\t\t<div class=\"elementor-column elementor-col-33 elementor-top-column elementor-element elementor-element-7e04d70\" data-id=\"7e04d70\" data-element_type=\"column\">\n\t\t\t<div class=\"elementor-widget-wrap elementor-element-populated\">\n\t\t\t\t\t\t<div class=\"elementor-element elementor-element-93b770d elementor-widget elementor-widget-text-editor\" data-id=\"93b770d\" data-element_type=\"widget\" data-widget_type=\"text-editor.default\">\n\t\t\t\t<div class=\"elementor-widget-container\">\n\t\t\t\t\t\t\t\t\t<p><strong>H\u00f6stt\u00e4vling sl\u00e4ggkast i Borg\u00e5 10.9.2021 \/ Porvoon Syysmoukari<br \/><br \/><\/strong>M19 Moukari\/HT<br \/>1 Joona Tuusj\u00e4rvi HIFK 10.1.02 55,05 <br \/>X 53,48 53,67 55,05 X X <br \/><br \/>M17 Moukari\/HT<br \/>1 Aron Johansson Borg\u00e5Ak 18.3.04 45,47 <br \/>41,75 45,13 X 43,18 45,47 X <br \/><br \/>P15 Moukari\/HT<br \/>1 Albert Isaksson Borg\u00e5Ak 18.3.07 40,14 <br \/>X X X 40,14 X X <br \/>2 Sakari M\u00e4kel\u00e4 LahdA 20.8.07 38,99 <br \/>X X 37,57 X X 38,99 <br \/>3 Jimi Sorvari Borg\u00e5Ak 15.8.07 34,14 <br \/>32,24 X 34,14 X X X <br \/><br \/>P13 Moukari\/HT<br \/>1 Santeri Puustinen Borg\u00e5Ak 10.3.08 25,96 <br \/>25,96 24,87 24,00 24,14 23,75 24,44 <br \/>2 Oliver Liljendal Borg\u00e5Ak 1.10.09 16,62 PB <br \/>X 15,90 PB 16,62 PB 15,29 P P <br \/><br \/>P11 Moukari\/HT<br \/>1 Alex Leiramo PorvU 15.4.10 19,89 PB <br \/>19,89 PB 18,52 X X X X <br \/>2 Tobias Isaksson Borg\u00e5Ak 18.6.10 16,87 <br \/>15,33 14,17 16,87 15,98 X P <br \/>3 Robin Johansson Borg\u00e5Ak 22.2.12 12,27 <br \/>X 11,69 11,91 12,27 11,43 10,93 <br \/>4 Jonathan Liljendal Borg\u00e5Ak 2.4.12 7,63 PB <br \/>X 7,11 PB X 5,47 7,56 PB 7,63 PB <br \/><br \/>N19 Moukari\/HT<br \/>1 Nellinoora Maunula HIFK 22.10.03 47,17 SB <br \/>47,17 SB X X X X X <br \/>2 Emma Backlund Borg\u00e5Ak 21.9.03 44,88 <br \/>44,88 44,55 43,83 X 43,85 X <br \/><br \/>N17 Moukari\/HT<br \/>1 Sara Puustinen Borg\u00e5Ak 19.1.04 47,85 <br \/>43,73 X 46,57 47,85 X X <br \/>2 Wilma Simonen KU-58 29.4.05 44,26 <br \/>X X 42,67 X 44,26 X <br \/><br \/>T15 Moukari\/HT<br \/>1 Melina Lundqvist Borg\u00e5Ak 20.2.06 41,63 <br \/>X X 41,63 X X X <br \/>2 Jessica Bj\u00f6rksten LiljIK 25.5.07 38,52 <br \/>37,80 X X X X 38,52 <br \/>3 Emilia Liljendal Borg\u00e5Ak 30.7.07 23,08 PB <br \/>22,76 PB 23,08 PB X 23,06 P P <br \/><br \/>T13 Moukari\/HT<br \/>1 Ada Niemel\u00e4inen KarhU 20.8.09 22,61 PB <br \/>20,43 22,10 22,06 22,19 22,61 PB 21,10 <br \/>2 Sarah Isaksson Borg\u00e5Ak 10.3.08 16,06 PB <br \/>15,53 PB 16,06 PB 15,99 X 15,01 14,87 <br \/>3 Erika Tallqvist Borg\u00e5Ak 30.3.08 11,11 PB <br \/>11,11 PB 11,01 10,49 9,83 10,69 10,06 <strong><br \/><\/strong><\/p>\t\t\t\t\t\t\t\t<\/div>\n\t\t\t\t<\/div>\n\t\t\t\t\t<\/div>\n\t\t<\/div>\n\t\t\t\t\t<\/div>\n\t\t<\/section>\n\t\t\t\t<\/div>\n\t\t","protected":false},"excerpt":{"rendered":"<p>Borg\u00e5 v\u00e5rkast 1 \/ Porvoon kev\u00e4theitot 1Borg\u00e5 Akilles 29.5.2021 Resultat &#8211; Tulokset Sl\u00e4ggt\u00e4vling i Borg\u00e5 2 \/ Porvoon moukari 2Borg\u00e5 Akilles 04.08.2021 Borg\u00e5 Sl\u00e4ggt\u00e4vling 2 \/ Porvoon moukari 2Borg\u00e5 Akilles 04.08.2021 P11 Moukari1) Aleksei Vikulov Borg\u00e5Ak 26,04 26,04 x x x x 22,91 2) Alex Leiramo PorvU 18,94 x 17,06 17,89 16,47 18,94 17,55 3) [&hellip;]<\/p>\n","protected":false},"author":3,"featured_media":0,"parent":0,"menu_order":0,"comment_status":"closed","ping_status":"closed","template":"","meta":{"_crdt_document":"","footnotes":""},"class_list":["post-8791","page","type-page","status-publish","hentry"],"yoast_head":"<!-- This site is optimized with the Yoast SEO plugin v26.8 - https:\/\/yoast.com\/product\/yoast-seo-wordpress\/ -->\n<title>Borg\u00e5 Sl\u00e4ggt\u00e4vlingar 2021 - Porvoon Moukarikisat - Friidrott - Yleisurheilu<\/title>\n<meta name=\"robots\" content=\"index, follow, max-snippet:-1, max-image-preview:large, max-video-preview:-1\" \/>\n<link rel=\"canonical\" href=\"https:\/\/www.akilles.fi\/friidrott\/borga-slaggtavlingar-2021-porvoon-moukarikisat\/\" \/>\n<meta property=\"og:locale\" content=\"sv_SE\" \/>\n<meta property=\"og:type\" content=\"article\" \/>\n<meta property=\"og:title\" content=\"Borg\u00e5 Sl\u00e4ggt\u00e4vlingar 2021 - Porvoon Moukarikisat - Friidrott - Yleisurheilu\" \/>\n<meta property=\"og:description\" content=\"Borg\u00e5 v\u00e5rkast 1 \/ Porvoon kev\u00e4theitot 1Borg\u00e5 Akilles 29.5.2021 Resultat &#8211; Tulokset Sl\u00e4ggt\u00e4vling i Borg\u00e5 2 \/ Porvoon moukari 2Borg\u00e5 Akilles 04.08.2021 Borg\u00e5 Sl\u00e4ggt\u00e4vling 2 \/ Porvoon moukari 2Borg\u00e5 Akilles 04.08.2021 P11 Moukari1) Aleksei Vikulov Borg\u00e5Ak 26,04 26,04 x x x x 22,91 2) Alex Leiramo PorvU 18,94 x 17,06 17,89 16,47 18,94 17,55 3) [&hellip;]\" \/>\n<meta property=\"og:url\" content=\"https:\/\/www.akilles.fi\/friidrott\/borga-slaggtavlingar-2021-porvoon-moukarikisat\/\" \/>\n<meta property=\"og:site_name\" content=\"Friidrott - Yleisurheilu\" \/>\n<meta property=\"article:modified_time\" content=\"2022-07-22T12:52:55+00:00\" \/>\n<meta name=\"twitter:card\" content=\"summary_large_image\" \/>\n<meta name=\"twitter:label1\" content=\"Ber\u00e4knad l\u00e4stid\" \/>\n\t<meta name=\"twitter:data1\" content=\"3 minuter\" \/>\n<script type=\"application\/ld+json\" class=\"yoast-schema-graph\">{\"@context\":\"https:\/\/schema.org\",\"@graph\":[{\"@type\":\"WebPage\",\"@id\":\"https:\/\/www.akilles.fi\/friidrott\/borga-slaggtavlingar-2021-porvoon-moukarikisat\/\",\"url\":\"https:\/\/www.akilles.fi\/friidrott\/borga-slaggtavlingar-2021-porvoon-moukarikisat\/\",\"name\":\"Borg\u00e5 Sl\u00e4ggt\u00e4vlingar 2021 - Porvoon Moukarikisat - Friidrott - Yleisurheilu\",\"isPartOf\":{\"@id\":\"https:\/\/www.akilles.fi\/friidrott\/#website\"},\"datePublished\":\"2021-08-24T11:51:57+00:00\",\"dateModified\":\"2022-07-22T12:52:55+00:00\",\"breadcrumb\":{\"@id\":\"https:\/\/www.akilles.fi\/friidrott\/borga-slaggtavlingar-2021-porvoon-moukarikisat\/#breadcrumb\"},\"inLanguage\":\"sv-SE\",\"potentialAction\":[{\"@type\":\"ReadAction\",\"target\":[\"https:\/\/www.akilles.fi\/friidrott\/borga-slaggtavlingar-2021-porvoon-moukarikisat\/\"]}]},{\"@type\":\"BreadcrumbList\",\"@id\":\"https:\/\/www.akilles.fi\/friidrott\/borga-slaggtavlingar-2021-porvoon-moukarikisat\/#breadcrumb\",\"itemListElement\":[{\"@type\":\"ListItem\",\"position\":1,\"name\":\"Home\",\"item\":\"https:\/\/www.akilles.fi\/friidrott\/\"},{\"@type\":\"ListItem\",\"position\":2,\"name\":\"Borg\u00e5 Sl\u00e4ggt\u00e4vlingar 2021 &#8211; Porvoon Moukarikisat\"}]},{\"@type\":\"WebSite\",\"@id\":\"https:\/\/www.akilles.fi\/friidrott\/#website\",\"url\":\"https:\/\/www.akilles.fi\/friidrott\/\",\"name\":\"Friidrott - Yleisurheilu\",\"description\":\"Borg\u00e5 Akilles Friidrott- Porvoon Akilles Yleisurheilu\",\"potentialAction\":[{\"@type\":\"SearchAction\",\"target\":{\"@type\":\"EntryPoint\",\"urlTemplate\":\"https:\/\/www.akilles.fi\/friidrott\/?s={search_term_string}\"},\"query-input\":{\"@type\":\"PropertyValueSpecification\",\"valueRequired\":true,\"valueName\":\"search_term_string\"}}],\"inLanguage\":\"sv-SE\"}]}<\/script>\n<!-- \/ Yoast SEO plugin. -->","yoast_head_json":{"title":"Borg\u00e5 Sl\u00e4ggt\u00e4vlingar 2021 - Porvoon Moukarikisat - Friidrott - Yleisurheilu","robots":{"index":"index","follow":"follow","max-snippet":"max-snippet:-1","max-image-preview":"max-image-preview:large","max-video-preview":"max-video-preview:-1"},"canonical":"https:\/\/www.akilles.fi\/friidrott\/borga-slaggtavlingar-2021-porvoon-moukarikisat\/","og_locale":"sv_SE","og_type":"article","og_title":"Borg\u00e5 Sl\u00e4ggt\u00e4vlingar 2021 - Porvoon Moukarikisat - Friidrott - Yleisurheilu","og_description":"Borg\u00e5 v\u00e5rkast 1 \/ Porvoon kev\u00e4theitot 1Borg\u00e5 Akilles 29.5.2021 Resultat &#8211; Tulokset Sl\u00e4ggt\u00e4vling i Borg\u00e5 2 \/ Porvoon moukari 2Borg\u00e5 Akilles 04.08.2021 Borg\u00e5 Sl\u00e4ggt\u00e4vling 2 \/ Porvoon moukari 2Borg\u00e5 Akilles 04.08.2021 P11 Moukari1) Aleksei Vikulov Borg\u00e5Ak 26,04 26,04 x x x x 22,91 2) Alex Leiramo PorvU 18,94 x 17,06 17,89 16,47 18,94 17,55 3) [&hellip;]","og_url":"https:\/\/www.akilles.fi\/friidrott\/borga-slaggtavlingar-2021-porvoon-moukarikisat\/","og_site_name":"Friidrott - Yleisurheilu","article_modified_time":"2022-07-22T12:52:55+00:00","twitter_card":"summary_large_image","twitter_misc":{"Ber\u00e4knad l\u00e4stid":"3 minuter"},"schema":{"@context":"https:\/\/schema.org","@graph":[{"@type":"WebPage","@id":"https:\/\/www.akilles.fi\/friidrott\/borga-slaggtavlingar-2021-porvoon-moukarikisat\/","url":"https:\/\/www.akilles.fi\/friidrott\/borga-slaggtavlingar-2021-porvoon-moukarikisat\/","name":"Borg\u00e5 Sl\u00e4ggt\u00e4vlingar 2021 - Porvoon Moukarikisat - Friidrott - Yleisurheilu","isPartOf":{"@id":"https:\/\/www.akilles.fi\/friidrott\/#website"},"datePublished":"2021-08-24T11:51:57+00:00","dateModified":"2022-07-22T12:52:55+00:00","breadcrumb":{"@id":"https:\/\/www.akilles.fi\/friidrott\/borga-slaggtavlingar-2021-porvoon-moukarikisat\/#breadcrumb"},"inLanguage":"sv-SE","potentialAction":[{"@type":"ReadAction","target":["https:\/\/www.akilles.fi\/friidrott\/borga-slaggtavlingar-2021-porvoon-moukarikisat\/"]}]},{"@type":"BreadcrumbList","@id":"https:\/\/www.akilles.fi\/friidrott\/borga-slaggtavlingar-2021-porvoon-moukarikisat\/#breadcrumb","itemListElement":[{"@type":"ListItem","position":1,"name":"Home","item":"https:\/\/www.akilles.fi\/friidrott\/"},{"@type":"ListItem","position":2,"name":"Borg\u00e5 Sl\u00e4ggt\u00e4vlingar 2021 &#8211; Porvoon Moukarikisat"}]},{"@type":"WebSite","@id":"https:\/\/www.akilles.fi\/friidrott\/#website","url":"https:\/\/www.akilles.fi\/friidrott\/","name":"Friidrott - Yleisurheilu","description":"Borg\u00e5 Akilles Friidrott- Porvoon Akilles Yleisurheilu","potentialAction":[{"@type":"SearchAction","target":{"@type":"EntryPoint","urlTemplate":"https:\/\/www.akilles.fi\/friidrott\/?s={search_term_string}"},"query-input":{"@type":"PropertyValueSpecification","valueRequired":true,"valueName":"search_term_string"}}],"inLanguage":"sv-SE"}]}},"_links":{"self":[{"href":"https:\/\/www.akilles.fi\/friidrott\/wp-json\/wp\/v2\/pages\/8791","targetHints":{"allow":["GET"]}}],"collection":[{"href":"https:\/\/www.akilles.fi\/friidrott\/wp-json\/wp\/v2\/pages"}],"about":[{"href":"https:\/\/www.akilles.fi\/friidrott\/wp-json\/wp\/v2\/types\/page"}],"author":[{"embeddable":true,"href":"https:\/\/www.akilles.fi\/friidrott\/wp-json\/wp\/v2\/users\/3"}],"replies":[{"embeddable":true,"href":"https:\/\/www.akilles.fi\/friidrott\/wp-json\/wp\/v2\/comments?post=8791"}],"version-history":[{"count":19,"href":"https:\/\/www.akilles.fi\/friidrott\/wp-json\/wp\/v2\/pages\/8791\/revisions"}],"predecessor-version":[{"id":13469,"href":"https:\/\/www.akilles.fi\/friidrott\/wp-json\/wp\/v2\/pages\/8791\/revisions\/13469"}],"wp:attachment":[{"href":"https:\/\/www.akilles.fi\/friidrott\/wp-json\/wp\/v2\/media?parent=8791"}],"curies":[{"name":"wp","href":"https:\/\/api.w.org\/{rel}","templated":true}]}}