{"id":10125,"date":"2023-08-07T11:49:19","date_gmt":"2023-08-07T11:49:19","guid":{"rendered":"https:\/\/www.akilles.fi\/handboll\/?page_id=10125"},"modified":"2025-10-09T17:16:57","modified_gmt":"2025-10-09T17:16:57","slug":"flickor-14-15","status":"publish","type":"page","link":"https:\/\/www.akilles.fi\/handboll\/flickor-14-15\/","title":{"rendered":"Flickor &#8211; Tyt\u00f6t 14-15"},"content":{"rendered":"\t\t<div data-elementor-type=\"wp-post\" data-elementor-id=\"10125\" class=\"elementor elementor-10125\" data-elementor-post-type=\"page\">\n\t\t\t\t\t\t<section class=\"elementor-section elementor-top-section elementor-element elementor-element-6e838a5 elementor-section-boxed elementor-section-height-default elementor-section-height-default\" data-id=\"6e838a5\" data-element_type=\"section\">\n\t\t\t\t\t\t<div class=\"elementor-container elementor-column-gap-default\">\n\t\t\t\t\t<div class=\"elementor-column elementor-col-50 elementor-top-column elementor-element elementor-element-2ba7a85\" data-id=\"2ba7a85\" data-element_type=\"column\">\n\t\t\t<div class=\"elementor-widget-wrap elementor-element-populated\">\n\t\t\t\t\t\t<div class=\"elementor-element elementor-element-e02be48 elementor-widget elementor-widget-image\" data-id=\"e02be48\" data-element_type=\"widget\" data-widget_type=\"image.default\">\n\t\t\t\t<div class=\"elementor-widget-container\">\n\t\t\t\t\t\t\t\t\t\t\t\t\t\t\t<img fetchpriority=\"high\" decoding=\"async\" width=\"1024\" height=\"655\" src=\"https:\/\/www.akilles.fi\/handboll\/wp-content\/uploads\/sites\/18\/2025\/10\/Tytot_2014_6590-1024x655.jpg\" class=\"attachment-large size-large wp-image-12871\" alt=\"\" srcset=\"https:\/\/www.akilles.fi\/handboll\/wp-content\/uploads\/sites\/18\/2025\/10\/Tytot_2014_6590-1024x655.jpg 1024w, https:\/\/www.akilles.fi\/handboll\/wp-content\/uploads\/sites\/18\/2025\/10\/Tytot_2014_6590-300x192.jpg 300w, https:\/\/www.akilles.fi\/handboll\/wp-content\/uploads\/sites\/18\/2025\/10\/Tytot_2014_6590-768x491.jpg 768w, https:\/\/www.akilles.fi\/handboll\/wp-content\/uploads\/sites\/18\/2025\/10\/Tytot_2014_6590-1536x983.jpg 1536w, https:\/\/www.akilles.fi\/handboll\/wp-content\/uploads\/sites\/18\/2025\/10\/Tytot_2014_6590-2048x1310.jpg 2048w, https:\/\/www.akilles.fi\/handboll\/wp-content\/uploads\/sites\/18\/2025\/10\/Tytot_2014_6590-280x180.jpg 280w\" sizes=\"(max-width: 1024px) 100vw, 1024px\" \/>\t\t\t\t\t\t\t\t\t\t\t\t\t\t\t<\/div>\n\t\t\t\t<\/div>\n\t\t\t\t<div class=\"elementor-element elementor-element-bbe5386 elementor-widget elementor-widget-image\" data-id=\"bbe5386\" data-element_type=\"widget\" data-widget_type=\"image.default\">\n\t\t\t\t<div class=\"elementor-widget-container\">\n\t\t\t\t\t\t\t\t\t\t\t\t\t\t\t<img decoding=\"async\" width=\"1024\" height=\"655\" src=\"https:\/\/www.akilles.fi\/handboll\/wp-content\/uploads\/sites\/18\/2025\/10\/Tytot_2015_3193-1024x655.jpg\" class=\"attachment-large size-large wp-image-12872\" alt=\"\" srcset=\"https:\/\/www.akilles.fi\/handboll\/wp-content\/uploads\/sites\/18\/2025\/10\/Tytot_2015_3193-1024x655.jpg 1024w, https:\/\/www.akilles.fi\/handboll\/wp-content\/uploads\/sites\/18\/2025\/10\/Tytot_2015_3193-300x192.jpg 300w, https:\/\/www.akilles.fi\/handboll\/wp-content\/uploads\/sites\/18\/2025\/10\/Tytot_2015_3193-768x491.jpg 768w, https:\/\/www.akilles.fi\/handboll\/wp-content\/uploads\/sites\/18\/2025\/10\/Tytot_2015_3193-1536x983.jpg 1536w, https:\/\/www.akilles.fi\/handboll\/wp-content\/uploads\/sites\/18\/2025\/10\/Tytot_2015_3193-2048x1310.jpg 2048w, https:\/\/www.akilles.fi\/handboll\/wp-content\/uploads\/sites\/18\/2025\/10\/Tytot_2015_3193-280x180.jpg 280w\" sizes=\"(max-width: 1024px) 100vw, 1024px\" \/>\t\t\t\t\t\t\t\t\t\t\t\t\t\t\t<\/div>\n\t\t\t\t<\/div>\n\t\t\t\t<div class=\"elementor-element elementor-element-1fad472 elementor-widget elementor-widget-text-editor\" data-id=\"1fad472\" data-element_type=\"widget\" data-widget_type=\"text-editor.default\">\n\t\t\t\t<div class=\"elementor-widget-container\">\n\t\t\t\t\t\t\t\t\t<p><span style=\"color: #000000;font-family: 'PT Sans', Arial, Helvetica, sans-serif;font-size: 14px\">\u00a0<\/span><\/p><h5 data-fontsize=\"18\" data-lineheight=\"23\">Kontaktuppgifter \/ Yhteystideot<\/h5><p>Tr\u00e4nare \/ Valmentaja<br \/><strong>Philip Ahlgren<\/strong><br \/>0400-802982<br \/><a href=\"mailto:philip@supp.fi\">philip@supp.fi<\/a><\/p><p><strong>Ric Liljendal<\/strong><br \/>040-5722045<br \/><a href=\"mailto:ricliljendal@hotmail.com\">ricliljendal@hotmail.com<\/a><\/p><p>\u00a0<\/p><p><strong>Spelare \/ Pelaajat<\/strong><\/p><p>\u00a0 2\u00a0 Sara Tukiainen<br \/>\u00a0 4\u00a0 Aurora Gr\u00f6nqvist<br \/>\u00a0 6\u00a0 Ellen Ahlgren<br \/>\u00a0 7\u00a0 Min\u00e9a Forsstr\u00f6m<br \/>\u00a0 8\u00a0 Sofia Wiitala<br \/>\u00a0 9\u00a0 Evi Vilenius<br \/>10\u00a0 Line Grefberg<br \/>11\u00a0 Ebba Liljendal<br \/>13\u00a0 Nicky Malmsten<br \/>14\u00a0 Ada Riska<br \/>15\u00a0 Angelina Bomberg-Lindfors<br \/>15\u00a0 Emma S\u00f6derstr\u00f6m\u00a0\u00a0<br \/>16\u00a0 Vilda Bergstr\u00f6m<br \/>18\u00a0 Aamu Santalahti<br \/>29\u00a0 Vera Backstr\u00f6m<br \/>49\u00a0 Asta Ahln\u00e4s<br \/>66\u00a0 Fanny Tukiainen<br \/>91\u00a0 Maya Ekbom<\/p>\t\t\t\t\t\t\t\t<\/div>\n\t\t\t\t<\/div>\n\t\t\t\t\t<\/div>\n\t\t<\/div>\n\t\t\t\t<div class=\"elementor-column elementor-col-50 elementor-top-column elementor-element elementor-element-89c0aaf\" data-id=\"89c0aaf\" data-element_type=\"column\">\n\t\t\t<div class=\"elementor-widget-wrap elementor-element-populated\">\n\t\t\t\t\t\t<div class=\"elementor-element elementor-element-1d79b11 elementor-widget elementor-widget-html\" data-id=\"1d79b11\" data-element_type=\"widget\" data-widget_type=\"html.default\">\n\t\t\t\t<div class=\"elementor-widget-container\">\n\t\t\t\t\t<div style=\"border: 0px solid black;overflow: auto;height: 650px;width: auto;color: red;background-color: white\">\n<!-- myClub embed JS - start -->\n<div class=\"myclub-embed\" data-url=\"https:\/\/akilles.myclub.fi\/groups\/66015\/event_embeds\/25244?token=80dd7516f1f00fd6657ab51c78d35666a3c06c06\"><\/div>\n<script>(function(d, s, id) { var js, mjs = d.getElementsByTagName(s)[0]; if (d.getElementById(id)) return; js = d.createElement(s); js.id = id; js.async = true; js.src = \"https:\/\/d2ubdm6yoox6gh.cloudfront.net\/assets\/myclub-embed.js\"; mjs.parentNode.insertBefore(js, mjs); }(document, 'script', 'myclub-embed-js'));\n<\/script>\n<!-- myClub embed JS - end -->\n<\/div>\t\t\t\t<\/div>\n\t\t\t\t<\/div>\n\t\t\t\t\t<\/div>\n\t\t<\/div>\n\t\t\t\t\t<\/div>\n\t\t<\/section>\n\t\t\t\t<section class=\"elementor-section elementor-top-section elementor-element elementor-element-047dde8 elementor-section-boxed elementor-section-height-default elementor-section-height-default\" data-id=\"047dde8\" data-element_type=\"section\">\n\t\t\t\t\t\t<div class=\"elementor-container elementor-column-gap-default\">\n\t\t\t\t\t<div class=\"elementor-column elementor-col-33 elementor-top-column elementor-element elementor-element-08519b6\" data-id=\"08519b6\" data-element_type=\"column\">\n\t\t\t<div class=\"elementor-widget-wrap elementor-element-populated\">\n\t\t\t\t\t\t<div class=\"elementor-element elementor-element-d641372 elementor-widget elementor-widget-image\" data-id=\"d641372\" data-element_type=\"widget\" data-widget_type=\"image.default\">\n\t\t\t\t<div class=\"elementor-widget-container\">\n\t\t\t\t\t\t\t\t\t\t\t\t\t\t\t\t<a href=\"https:\/\/porvoonautopalvelu.fi\/\">\n\t\t\t\t\t\t\t<img decoding=\"async\" width=\"327\" height=\"101\" src=\"https:\/\/www.akilles.fi\/handboll\/wp-content\/uploads\/sites\/18\/2023\/09\/Autopalvelu-logo.png\" class=\"attachment-large size-large wp-image-10344\" alt=\"\" srcset=\"https:\/\/www.akilles.fi\/handboll\/wp-content\/uploads\/sites\/18\/2023\/09\/Autopalvelu-logo.png 327w, https:\/\/www.akilles.fi\/handboll\/wp-content\/uploads\/sites\/18\/2023\/09\/Autopalvelu-logo-300x93.png 300w\" sizes=\"(max-width: 327px) 100vw, 327px\" \/>\t\t\t\t\t\t\t\t<\/a>\n\t\t\t\t\t\t\t\t\t\t\t\t\t\t\t<\/div>\n\t\t\t\t<\/div>\n\t\t\t\t\t<\/div>\n\t\t<\/div>\n\t\t\t\t<div class=\"elementor-column elementor-col-33 elementor-top-column elementor-element elementor-element-81e383e\" data-id=\"81e383e\" data-element_type=\"column\">\n\t\t\t<div class=\"elementor-widget-wrap elementor-element-populated\">\n\t\t\t\t\t\t<div class=\"elementor-element elementor-element-762db19 elementor-widget elementor-widget-image\" data-id=\"762db19\" data-element_type=\"widget\" data-widget_type=\"image.default\">\n\t\t\t\t<div class=\"elementor-widget-container\">\n\t\t\t\t\t\t\t\t\t\t\t\t\t\t\t\t<a href=\"https:\/\/www.kuljetusliikejsalomaaoy.fi\/\">\n\t\t\t\t\t\t\t<img loading=\"lazy\" decoding=\"async\" width=\"1024\" height=\"576\" src=\"https:\/\/www.akilles.fi\/handboll\/wp-content\/uploads\/sites\/18\/2021\/10\/Salomaa-1024x576.jpg\" class=\"attachment-large size-large wp-image-7838\" alt=\"\" srcset=\"https:\/\/www.akilles.fi\/handboll\/wp-content\/uploads\/sites\/18\/2021\/10\/Salomaa-1024x576.jpg 1024w, https:\/\/www.akilles.fi\/handboll\/wp-content\/uploads\/sites\/18\/2021\/10\/Salomaa-300x169.jpg 300w, https:\/\/www.akilles.fi\/handboll\/wp-content\/uploads\/sites\/18\/2021\/10\/Salomaa-768x432.jpg 768w, https:\/\/www.akilles.fi\/handboll\/wp-content\/uploads\/sites\/18\/2021\/10\/Salomaa-1536x865.jpg 1536w, https:\/\/www.akilles.fi\/handboll\/wp-content\/uploads\/sites\/18\/2021\/10\/Salomaa-2048x1153.jpg 2048w\" sizes=\"(max-width: 1024px) 100vw, 1024px\" \/>\t\t\t\t\t\t\t\t<\/a>\n\t\t\t\t\t\t\t\t\t\t\t\t\t\t\t<\/div>\n\t\t\t\t<\/div>\n\t\t\t\t\t<\/div>\n\t\t<\/div>\n\t\t\t\t<div class=\"elementor-column elementor-col-33 elementor-top-column elementor-element elementor-element-5ce5895\" data-id=\"5ce5895\" data-element_type=\"column\">\n\t\t\t<div class=\"elementor-widget-wrap elementor-element-populated\">\n\t\t\t\t\t\t<div class=\"elementor-element elementor-element-39215c4 elementor-widget elementor-widget-image\" data-id=\"39215c4\" data-element_type=\"widget\" data-widget_type=\"image.default\">\n\t\t\t\t<div class=\"elementor-widget-container\">\n\t\t\t\t\t\t\t\t\t\t\t\t\t\t\t\t<a href=\"http:\/\/www.supp.fi\/\">\n\t\t\t\t\t\t\t<img loading=\"lazy\" decoding=\"async\" width=\"168\" height=\"89\" src=\"https:\/\/www.akilles.fi\/handboll\/wp-content\/uploads\/sites\/18\/2023\/12\/Supp-logo.png\" class=\"attachment-large size-large wp-image-10758\" alt=\"\" \/>\t\t\t\t\t\t\t\t<\/a>\n\t\t\t\t\t\t\t\t\t\t\t\t\t\t\t<\/div>\n\t\t\t\t<\/div>\n\t\t\t\t\t<\/div>\n\t\t<\/div>\n\t\t\t\t\t<\/div>\n\t\t<\/section>\n\t\t\t\t<\/div>\n\t\t","protected":false},"excerpt":{"rendered":"<p>\u00a0 Kontaktuppgifter \/ Yhteystideot Tr\u00e4nare \/ ValmentajaPhilip Ahlgren0400-802982philip@supp.fi Ric Liljendal040-5722045ricliljendal@hotmail.com \u00a0 Spelare \/ Pelaajat \u00a0 2\u00a0 Sara Tukiainen\u00a0 4\u00a0 Aurora Gr\u00f6nqvist\u00a0 6\u00a0 Ellen Ahlgren\u00a0 7\u00a0 Min\u00e9a Forsstr\u00f6m\u00a0 8\u00a0 Sofia Wiitala\u00a0 9\u00a0 Evi Vilenius10\u00a0 Line Grefberg11\u00a0 Ebba Liljendal13\u00a0 Nicky Malmsten14\u00a0 Ada Riska15\u00a0 Angelina Bomberg-Lindfors15\u00a0 Emma S\u00f6derstr\u00f6m\u00a0\u00a016\u00a0 Vilda Bergstr\u00f6m18\u00a0 Aamu Santalahti29\u00a0 Vera Backstr\u00f6m49\u00a0 Asta Ahln\u00e4s66\u00a0 Fanny Tukiainen91\u00a0 [&hellip;]<\/p>\n","protected":false},"author":2,"featured_media":0,"parent":0,"menu_order":0,"comment_status":"closed","ping_status":"closed","template":"","meta":{"_crdt_document":"","footnotes":""},"class_list":["post-10125","page","type-page","status-publish","hentry"],"yoast_head":"<!-- This site is optimized with the Yoast SEO plugin v27.4 - https:\/\/yoast.com\/product\/yoast-seo-wordpress\/ -->\n<title>Flickor - Tyt\u00f6t 14-15 - Handboll - K\u00e4sipallo<\/title>\n<meta name=\"robots\" content=\"index, follow, max-snippet:-1, max-image-preview:large, max-video-preview:-1\" \/>\n<link rel=\"canonical\" href=\"https:\/\/www.akilles.fi\/handboll\/flickor-14-15\/\" \/>\n<meta property=\"og:locale\" content=\"sv_SE\" \/>\n<meta property=\"og:type\" content=\"article\" \/>\n<meta property=\"og:title\" content=\"Flickor - Tyt\u00f6t 14-15 - Handboll - K\u00e4sipallo\" \/>\n<meta property=\"og:description\" content=\"\u00a0 Kontaktuppgifter \/ Yhteystideot Tr\u00e4nare \/ ValmentajaPhilip Ahlgren0400-802982philip@supp.fi Ric Liljendal040-5722045ricliljendal@hotmail.com \u00a0 Spelare \/ Pelaajat \u00a0 2\u00a0 Sara Tukiainen\u00a0 4\u00a0 Aurora Gr\u00f6nqvist\u00a0 6\u00a0 Ellen Ahlgren\u00a0 7\u00a0 Min\u00e9a Forsstr\u00f6m\u00a0 8\u00a0 Sofia Wiitala\u00a0 9\u00a0 Evi Vilenius10\u00a0 Line Grefberg11\u00a0 Ebba Liljendal13\u00a0 Nicky Malmsten14\u00a0 Ada Riska15\u00a0 Angelina Bomberg-Lindfors15\u00a0 Emma S\u00f6derstr\u00f6m\u00a0\u00a016\u00a0 Vilda Bergstr\u00f6m18\u00a0 Aamu Santalahti29\u00a0 Vera Backstr\u00f6m49\u00a0 Asta Ahln\u00e4s66\u00a0 Fanny Tukiainen91\u00a0 [&hellip;]\" \/>\n<meta property=\"og:url\" content=\"https:\/\/www.akilles.fi\/handboll\/flickor-14-15\/\" \/>\n<meta property=\"og:site_name\" content=\"Handboll - K\u00e4sipallo\" \/>\n<meta property=\"article:modified_time\" content=\"2025-10-09T17:16:57+00:00\" \/>\n<meta property=\"og:image\" content=\"https:\/\/www.akilles.fi\/handboll\/wp-content\/uploads\/sites\/18\/2025\/10\/Tytot_2014_6590.jpg\" \/>\n\t<meta property=\"og:image:width\" content=\"2560\" \/>\n\t<meta property=\"og:image:height\" content=\"1638\" \/>\n\t<meta property=\"og:image:type\" content=\"image\/jpeg\" \/>\n<meta name=\"twitter:card\" content=\"summary_large_image\" \/>\n<meta name=\"twitter:label1\" content=\"Ber\u00e4knad l\u00e4stid\" \/>\n\t<meta name=\"twitter:data1\" content=\"2 minuter\" \/>\n<script type=\"application\/ld+json\" class=\"yoast-schema-graph\">{\"@context\":\"https:\\\/\\\/schema.org\",\"@graph\":[{\"@type\":\"WebPage\",\"@id\":\"https:\\\/\\\/www.akilles.fi\\\/handboll\\\/flickor-14-15\\\/\",\"url\":\"https:\\\/\\\/www.akilles.fi\\\/handboll\\\/flickor-14-15\\\/\",\"name\":\"Flickor - Tyt\u00f6t 14-15 - Handboll - K\u00e4sipallo\",\"isPartOf\":{\"@id\":\"https:\\\/\\\/www.akilles.fi\\\/handboll\\\/#website\"},\"primaryImageOfPage\":{\"@id\":\"https:\\\/\\\/www.akilles.fi\\\/handboll\\\/flickor-14-15\\\/#primaryimage\"},\"image\":{\"@id\":\"https:\\\/\\\/www.akilles.fi\\\/handboll\\\/flickor-14-15\\\/#primaryimage\"},\"thumbnailUrl\":\"http:\\\/\\\/www.akilles.fi\\\/handboll\\\/wp-content\\\/uploads\\\/sites\\\/18\\\/2025\\\/10\\\/Tytot_2014_6590-1024x655.jpg\",\"datePublished\":\"2023-08-07T11:49:19+00:00\",\"dateModified\":\"2025-10-09T17:16:57+00:00\",\"breadcrumb\":{\"@id\":\"https:\\\/\\\/www.akilles.fi\\\/handboll\\\/flickor-14-15\\\/#breadcrumb\"},\"inLanguage\":\"sv-SE\",\"potentialAction\":[{\"@type\":\"ReadAction\",\"target\":[\"https:\\\/\\\/www.akilles.fi\\\/handboll\\\/flickor-14-15\\\/\"]}]},{\"@type\":\"ImageObject\",\"inLanguage\":\"sv-SE\",\"@id\":\"https:\\\/\\\/www.akilles.fi\\\/handboll\\\/flickor-14-15\\\/#primaryimage\",\"url\":\"https:\\\/\\\/www.akilles.fi\\\/handboll\\\/wp-content\\\/uploads\\\/sites\\\/18\\\/2025\\\/10\\\/Tytot_2014_6590.jpg\",\"contentUrl\":\"https:\\\/\\\/www.akilles.fi\\\/handboll\\\/wp-content\\\/uploads\\\/sites\\\/18\\\/2025\\\/10\\\/Tytot_2014_6590.jpg\",\"width\":2560,\"height\":1638},{\"@type\":\"BreadcrumbList\",\"@id\":\"https:\\\/\\\/www.akilles.fi\\\/handboll\\\/flickor-14-15\\\/#breadcrumb\",\"itemListElement\":[{\"@type\":\"ListItem\",\"position\":1,\"name\":\"Home\",\"item\":\"https:\\\/\\\/www.akilles.fi\\\/handboll\\\/\"},{\"@type\":\"ListItem\",\"position\":2,\"name\":\"Flickor &#8211; Tyt\u00f6t 14-15\"}]},{\"@type\":\"WebSite\",\"@id\":\"https:\\\/\\\/www.akilles.fi\\\/handboll\\\/#website\",\"url\":\"https:\\\/\\\/www.akilles.fi\\\/handboll\\\/\",\"name\":\"Handboll - K\u00e4sipallo\",\"description\":\"Borg\u00e5 Akilles Handboll - Porvoon Akilles K\u00e4sipallo\",\"potentialAction\":[{\"@type\":\"SearchAction\",\"target\":{\"@type\":\"EntryPoint\",\"urlTemplate\":\"https:\\\/\\\/www.akilles.fi\\\/handboll\\\/?s={search_term_string}\"},\"query-input\":{\"@type\":\"PropertyValueSpecification\",\"valueRequired\":true,\"valueName\":\"search_term_string\"}}],\"inLanguage\":\"sv-SE\"}]}<\/script>\n<!-- \/ Yoast SEO plugin. -->","yoast_head_json":{"title":"Flickor - Tyt\u00f6t 14-15 - Handboll - K\u00e4sipallo","robots":{"index":"index","follow":"follow","max-snippet":"max-snippet:-1","max-image-preview":"max-image-preview:large","max-video-preview":"max-video-preview:-1"},"canonical":"https:\/\/www.akilles.fi\/handboll\/flickor-14-15\/","og_locale":"sv_SE","og_type":"article","og_title":"Flickor - Tyt\u00f6t 14-15 - Handboll - K\u00e4sipallo","og_description":"\u00a0 Kontaktuppgifter \/ Yhteystideot Tr\u00e4nare \/ ValmentajaPhilip Ahlgren0400-802982philip@supp.fi Ric Liljendal040-5722045ricliljendal@hotmail.com \u00a0 Spelare \/ Pelaajat \u00a0 2\u00a0 Sara Tukiainen\u00a0 4\u00a0 Aurora Gr\u00f6nqvist\u00a0 6\u00a0 Ellen Ahlgren\u00a0 7\u00a0 Min\u00e9a Forsstr\u00f6m\u00a0 8\u00a0 Sofia Wiitala\u00a0 9\u00a0 Evi Vilenius10\u00a0 Line Grefberg11\u00a0 Ebba Liljendal13\u00a0 Nicky Malmsten14\u00a0 Ada Riska15\u00a0 Angelina Bomberg-Lindfors15\u00a0 Emma S\u00f6derstr\u00f6m\u00a0\u00a016\u00a0 Vilda Bergstr\u00f6m18\u00a0 Aamu Santalahti29\u00a0 Vera Backstr\u00f6m49\u00a0 Asta Ahln\u00e4s66\u00a0 Fanny Tukiainen91\u00a0 [&hellip;]","og_url":"https:\/\/www.akilles.fi\/handboll\/flickor-14-15\/","og_site_name":"Handboll - K\u00e4sipallo","article_modified_time":"2025-10-09T17:16:57+00:00","og_image":[{"width":2560,"height":1638,"url":"https:\/\/www.akilles.fi\/handboll\/wp-content\/uploads\/sites\/18\/2025\/10\/Tytot_2014_6590.jpg","type":"image\/jpeg"}],"twitter_card":"summary_large_image","twitter_misc":{"Ber\u00e4knad l\u00e4stid":"2 minuter"},"schema":{"@context":"https:\/\/schema.org","@graph":[{"@type":"WebPage","@id":"https:\/\/www.akilles.fi\/handboll\/flickor-14-15\/","url":"https:\/\/www.akilles.fi\/handboll\/flickor-14-15\/","name":"Flickor - Tyt\u00f6t 14-15 - Handboll - K\u00e4sipallo","isPartOf":{"@id":"https:\/\/www.akilles.fi\/handboll\/#website"},"primaryImageOfPage":{"@id":"https:\/\/www.akilles.fi\/handboll\/flickor-14-15\/#primaryimage"},"image":{"@id":"https:\/\/www.akilles.fi\/handboll\/flickor-14-15\/#primaryimage"},"thumbnailUrl":"http:\/\/www.akilles.fi\/handboll\/wp-content\/uploads\/sites\/18\/2025\/10\/Tytot_2014_6590-1024x655.jpg","datePublished":"2023-08-07T11:49:19+00:00","dateModified":"2025-10-09T17:16:57+00:00","breadcrumb":{"@id":"https:\/\/www.akilles.fi\/handboll\/flickor-14-15\/#breadcrumb"},"inLanguage":"sv-SE","potentialAction":[{"@type":"ReadAction","target":["https:\/\/www.akilles.fi\/handboll\/flickor-14-15\/"]}]},{"@type":"ImageObject","inLanguage":"sv-SE","@id":"https:\/\/www.akilles.fi\/handboll\/flickor-14-15\/#primaryimage","url":"https:\/\/www.akilles.fi\/handboll\/wp-content\/uploads\/sites\/18\/2025\/10\/Tytot_2014_6590.jpg","contentUrl":"https:\/\/www.akilles.fi\/handboll\/wp-content\/uploads\/sites\/18\/2025\/10\/Tytot_2014_6590.jpg","width":2560,"height":1638},{"@type":"BreadcrumbList","@id":"https:\/\/www.akilles.fi\/handboll\/flickor-14-15\/#breadcrumb","itemListElement":[{"@type":"ListItem","position":1,"name":"Home","item":"https:\/\/www.akilles.fi\/handboll\/"},{"@type":"ListItem","position":2,"name":"Flickor &#8211; Tyt\u00f6t 14-15"}]},{"@type":"WebSite","@id":"https:\/\/www.akilles.fi\/handboll\/#website","url":"https:\/\/www.akilles.fi\/handboll\/","name":"Handboll - K\u00e4sipallo","description":"Borg\u00e5 Akilles Handboll - Porvoon Akilles K\u00e4sipallo","potentialAction":[{"@type":"SearchAction","target":{"@type":"EntryPoint","urlTemplate":"https:\/\/www.akilles.fi\/handboll\/?s={search_term_string}"},"query-input":{"@type":"PropertyValueSpecification","valueRequired":true,"valueName":"search_term_string"}}],"inLanguage":"sv-SE"}]}},"_links":{"self":[{"href":"https:\/\/www.akilles.fi\/handboll\/wp-json\/wp\/v2\/pages\/10125","targetHints":{"allow":["GET"]}}],"collection":[{"href":"https:\/\/www.akilles.fi\/handboll\/wp-json\/wp\/v2\/pages"}],"about":[{"href":"https:\/\/www.akilles.fi\/handboll\/wp-json\/wp\/v2\/types\/page"}],"author":[{"embeddable":true,"href":"https:\/\/www.akilles.fi\/handboll\/wp-json\/wp\/v2\/users\/2"}],"replies":[{"embeddable":true,"href":"https:\/\/www.akilles.fi\/handboll\/wp-json\/wp\/v2\/comments?post=10125"}],"version-history":[{"count":41,"href":"https:\/\/www.akilles.fi\/handboll\/wp-json\/wp\/v2\/pages\/10125\/revisions"}],"predecessor-version":[{"id":12875,"href":"https:\/\/www.akilles.fi\/handboll\/wp-json\/wp\/v2\/pages\/10125\/revisions\/12875"}],"wp:attachment":[{"href":"https:\/\/www.akilles.fi\/handboll\/wp-json\/wp\/v2\/media?parent=10125"}],"curies":[{"name":"wp","href":"https:\/\/api.w.org\/{rel}","templated":true}]}}