{"id":10126,"date":"2023-08-07T12:12:18","date_gmt":"2023-08-07T12:12:18","guid":{"rendered":"https:\/\/www.akilles.fi\/handboll\/?page_id=10126"},"modified":"2025-10-09T17:01:37","modified_gmt":"2025-10-09T17:01:37","slug":"pojkar-pojat-14","status":"publish","type":"page","link":"https:\/\/www.akilles.fi\/handboll\/pojkar-pojat-14\/","title":{"rendered":"Pojkar &#8211; Pojat 14"},"content":{"rendered":"\t\t<div data-elementor-type=\"wp-post\" data-elementor-id=\"10126\" class=\"elementor elementor-10126\" data-elementor-post-type=\"page\">\n\t\t\t\t\t\t<section class=\"elementor-section elementor-top-section elementor-element elementor-element-6e838a5 elementor-section-boxed elementor-section-height-default elementor-section-height-default\" data-id=\"6e838a5\" data-element_type=\"section\">\n\t\t\t\t\t\t<div class=\"elementor-container elementor-column-gap-default\">\n\t\t\t\t\t<div class=\"elementor-column elementor-col-50 elementor-top-column elementor-element elementor-element-2ba7a85\" data-id=\"2ba7a85\" data-element_type=\"column\">\n\t\t\t<div class=\"elementor-widget-wrap elementor-element-populated\">\n\t\t\t\t\t\t<div class=\"elementor-element elementor-element-e02be48 elementor-widget elementor-widget-image\" data-id=\"e02be48\" data-element_type=\"widget\" data-widget_type=\"image.default\">\n\t\t\t\t<div class=\"elementor-widget-container\">\n\t\t\t\t\t\t\t\t\t\t\t\t\t\t\t<img fetchpriority=\"high\" decoding=\"async\" width=\"1024\" height=\"655\" src=\"https:\/\/www.akilles.fi\/handboll\/wp-content\/uploads\/sites\/18\/2025\/10\/Pojat_2014_2875-1024x655.jpg\" class=\"attachment-large size-large wp-image-12832\" alt=\"\" srcset=\"https:\/\/www.akilles.fi\/handboll\/wp-content\/uploads\/sites\/18\/2025\/10\/Pojat_2014_2875-1024x655.jpg 1024w, https:\/\/www.akilles.fi\/handboll\/wp-content\/uploads\/sites\/18\/2025\/10\/Pojat_2014_2875-300x192.jpg 300w, https:\/\/www.akilles.fi\/handboll\/wp-content\/uploads\/sites\/18\/2025\/10\/Pojat_2014_2875-768x491.jpg 768w, https:\/\/www.akilles.fi\/handboll\/wp-content\/uploads\/sites\/18\/2025\/10\/Pojat_2014_2875-1536x983.jpg 1536w, https:\/\/www.akilles.fi\/handboll\/wp-content\/uploads\/sites\/18\/2025\/10\/Pojat_2014_2875-2048x1310.jpg 2048w, https:\/\/www.akilles.fi\/handboll\/wp-content\/uploads\/sites\/18\/2025\/10\/Pojat_2014_2875-280x180.jpg 280w\" sizes=\"(max-width: 1024px) 100vw, 1024px\" \/>\t\t\t\t\t\t\t\t\t\t\t\t\t\t\t<\/div>\n\t\t\t\t<\/div>\n\t\t\t\t<div class=\"elementor-element elementor-element-1fad472 elementor-widget elementor-widget-text-editor\" data-id=\"1fad472\" data-element_type=\"widget\" data-widget_type=\"text-editor.default\">\n\t\t\t\t<div class=\"elementor-widget-container\">\n\t\t\t\t\t\t\t\t\t<p><strong><span style=\"color: #000000; font-family: 'PT Sans', Arial, Helvetica, sans-serif; font-size: 14px;\"><br \/>Spelare \/ Pelaajat<\/span><\/strong><\/p><p><span style=\"color: #000000; font-family: 'PT Sans', Arial, Helvetica, sans-serif; font-size: 14px;\">\u00a0 3\u00a0 Alvar Turunen\u00a0<br \/>\u00a0 6\u00a0 Max Backstr\u00f6m\u00a0<br \/>\u00a0 9\u00a0 Lucas Andersson\u00a0<br \/>10\u00a0 Santiago Bolivar\u00a0<br \/>11\u00a0 Elvin Skog\u00a0<br \/>15\u00a0 Oskar Pokki<br \/>17\u00a0 Johan Tulonen\u00a0<br \/>18\u00a0 Saku Simi\u00a0<br \/>19\u00a0 Touko V\u00e4lim\u00e4ki\u00a0<br \/>20\u00a0 Paulus Brandt\u00a0<br \/>21\u00a0 Eino Pyh\u00e4j\u00e4rvi\u00a0<br \/>23\u00a0 Albert Nyberg\u00a0<br \/>24\u00a0 Roni Nieminen\u00a0<br \/>28\u00a0 Oscar Nyman\u00a0<br \/>31\u00a0 Alexander Jansson<br \/>33\u00a0 Noah Suoniemi\u00a0<br \/>39\u00a0 Urho Songpraguy\u00a0<br \/>48\u00a0 Nils Magnusson<br \/>52\u00a0 Leevi Perttu\u00a0<\/span><\/p><h5 data-fontsize=\"18\" data-lineheight=\"23\">\u00a0<\/h5><h5 data-fontsize=\"18\" data-lineheight=\"23\">Kontaktuppgifter \/ Yhteystideot<\/h5><p><span style=\"color: #000000; font-family: 'PT Sans', Arial, Helvetica, sans-serif; font-size: 14px;\">Huvudtr\u00e4nare \/ P\u00e4\u00e4valmentaja<\/span><br style=\"color: #000000; font-family: 'PT Sans', Arial, Helvetica, sans-serif; font-size: 14px;\" \/><span style=\"color: #000000; font-family: 'PT Sans', Arial, Helvetica, sans-serif; font-size: 14px;\"><strong>Jonas Turunen<br \/><\/strong>040-588 2284<strong><br \/><\/strong><a href=\"mailto:jo_turunen@hotmail.com\">jo_turunen@hotmail.com<\/a><\/span><\/p><p><span style=\"color: #000000; font-family: 'PT Sans', Arial, Helvetica, sans-serif; font-size: 14px;\">Tr\u00e4nare \/\u00a0 Valmentaja<\/span><br \/><strong><span style=\"color: #000000; font-family: 'PT Sans', Arial, Helvetica, sans-serif; font-size: 14px;\">Anders Skog<\/span><\/strong><br \/><span style=\"color: #000000; font-family: 'PT Sans', Arial, Helvetica, sans-serif; font-size: 14px;\">050-458 2423<\/span><\/p><p><span style=\"color: #000000; font-family: 'PT Sans', Arial, Helvetica, sans-serif; font-size: 14px;\">Lagledare \/ Joukkueenjohtaja<\/span><br \/><strong><span style=\"color: #000000; font-family: 'PT Sans', Arial, Helvetica, sans-serif; font-size: 14px;\">Markus Pyh\u00e4j\u00e4rvi<\/span><\/strong><br \/><span style=\"color: #000000; font-family: 'PT Sans', Arial, Helvetica, sans-serif; font-size: 14px;\">040-734 3440<br \/><a href=\"mailto:markus@amskirjanpito.fi\" target=\"_blank\" rel=\"noopener\">markus@amskirjanpito.fi<\/a><br \/><\/span><\/p><p>\u00a0<\/p>\t\t\t\t\t\t\t\t<\/div>\n\t\t\t\t<\/div>\n\t\t\t\t\t<\/div>\n\t\t<\/div>\n\t\t\t\t<div class=\"elementor-column elementor-col-50 elementor-top-column elementor-element elementor-element-89c0aaf\" data-id=\"89c0aaf\" data-element_type=\"column\">\n\t\t\t<div class=\"elementor-widget-wrap elementor-element-populated\">\n\t\t\t\t\t\t<div class=\"elementor-element elementor-element-1d79b11 elementor-widget elementor-widget-html\" data-id=\"1d79b11\" data-element_type=\"widget\" data-widget_type=\"html.default\">\n\t\t\t\t<div class=\"elementor-widget-container\">\n\t\t\t\t\t<div style=\"border: 0px solid black;overflow: auto;height: 650px;width: auto;color: red;background-color: white\">\n<!-- myClub embed JS - start -->\n<div class=\"myclub-embed\" data-url=\"https:\/\/akilles.myclub.fi\/groups\/66016\/event_embeds\/25245?token=4fef62a1d8d939165343b1dd4426acf30c17969f\"><\/div>\n<script>(function(d, s, id) { var js, mjs = d.getElementsByTagName(s)[0]; if (d.getElementById(id)) return; js = d.createElement(s); js.id = id; js.async = true; js.src = \"https:\/\/d2ubdm6yoox6gh.cloudfront.net\/assets\/myclub-embed.js\"; mjs.parentNode.insertBefore(js, mjs); }(document, 'script', 'myclub-embed-js'));\n<\/script>\n<!-- myClub embed JS - end -->\n<\/div>\t\t\t\t<\/div>\n\t\t\t\t<\/div>\n\t\t\t\t\t<\/div>\n\t\t<\/div>\n\t\t\t\t\t<\/div>\n\t\t<\/section>\n\t\t\t\t<\/div>\n\t\t","protected":false},"excerpt":{"rendered":"<p>Spelare \/ Pelaajat \u00a0 3\u00a0 Alvar Turunen\u00a0\u00a0 6\u00a0 Max Backstr\u00f6m\u00a0\u00a0 9\u00a0 Lucas Andersson\u00a010\u00a0 Santiago Bolivar\u00a011\u00a0 Elvin Skog\u00a015\u00a0 Oskar Pokki17\u00a0 Johan Tulonen\u00a018\u00a0 Saku Simi\u00a019\u00a0 Touko V\u00e4lim\u00e4ki\u00a020\u00a0 Paulus Brandt\u00a021\u00a0 Eino Pyh\u00e4j\u00e4rvi\u00a023\u00a0 Albert Nyberg\u00a024\u00a0 Roni Nieminen\u00a028\u00a0 Oscar Nyman\u00a031\u00a0 Alexander Jansson33\u00a0 Noah Suoniemi\u00a039\u00a0 Urho Songpraguy\u00a048\u00a0 Nils Magnusson52\u00a0 Leevi Perttu\u00a0 \u00a0 Kontaktuppgifter \/ Yhteystideot Huvudtr\u00e4nare \/ P\u00e4\u00e4valmentajaJonas Turunen040-588 2284jo_turunen@hotmail.com Tr\u00e4nare [&hellip;]<\/p>\n","protected":false},"author":2,"featured_media":0,"parent":0,"menu_order":0,"comment_status":"closed","ping_status":"closed","template":"","meta":{"_crdt_document":"","footnotes":""},"class_list":["post-10126","page","type-page","status-publish","hentry"],"yoast_head":"<!-- This site is optimized with the Yoast SEO plugin v27.4 - https:\/\/yoast.com\/product\/yoast-seo-wordpress\/ -->\n<title>Pojkar - Pojat 14 - Handboll - K\u00e4sipallo<\/title>\n<meta name=\"robots\" content=\"index, follow, max-snippet:-1, max-image-preview:large, max-video-preview:-1\" \/>\n<link rel=\"canonical\" href=\"https:\/\/www.akilles.fi\/handboll\/pojkar-pojat-14\/\" \/>\n<meta property=\"og:locale\" content=\"sv_SE\" \/>\n<meta property=\"og:type\" content=\"article\" \/>\n<meta property=\"og:title\" content=\"Pojkar - Pojat 14 - Handboll - K\u00e4sipallo\" \/>\n<meta property=\"og:description\" content=\"Spelare \/ Pelaajat \u00a0 3\u00a0 Alvar Turunen\u00a0\u00a0 6\u00a0 Max Backstr\u00f6m\u00a0\u00a0 9\u00a0 Lucas Andersson\u00a010\u00a0 Santiago Bolivar\u00a011\u00a0 Elvin Skog\u00a015\u00a0 Oskar Pokki17\u00a0 Johan Tulonen\u00a018\u00a0 Saku Simi\u00a019\u00a0 Touko V\u00e4lim\u00e4ki\u00a020\u00a0 Paulus Brandt\u00a021\u00a0 Eino Pyh\u00e4j\u00e4rvi\u00a023\u00a0 Albert Nyberg\u00a024\u00a0 Roni Nieminen\u00a028\u00a0 Oscar Nyman\u00a031\u00a0 Alexander Jansson33\u00a0 Noah Suoniemi\u00a039\u00a0 Urho Songpraguy\u00a048\u00a0 Nils Magnusson52\u00a0 Leevi Perttu\u00a0 \u00a0 Kontaktuppgifter \/ Yhteystideot Huvudtr\u00e4nare \/ P\u00e4\u00e4valmentajaJonas Turunen040-588 2284jo_turunen@hotmail.com Tr\u00e4nare [&hellip;]\" \/>\n<meta property=\"og:url\" content=\"https:\/\/www.akilles.fi\/handboll\/pojkar-pojat-14\/\" \/>\n<meta property=\"og:site_name\" content=\"Handboll - K\u00e4sipallo\" \/>\n<meta property=\"article:modified_time\" content=\"2025-10-09T17:01:37+00:00\" \/>\n<meta property=\"og:image\" content=\"https:\/\/www.akilles.fi\/handboll\/wp-content\/uploads\/sites\/18\/2025\/10\/Pojat_2014_2875.jpg\" \/>\n\t<meta property=\"og:image:width\" content=\"2560\" \/>\n\t<meta property=\"og:image:height\" content=\"1638\" \/>\n\t<meta property=\"og:image:type\" content=\"image\/jpeg\" \/>\n<meta name=\"twitter:card\" content=\"summary_large_image\" \/>\n<meta name=\"twitter:label1\" content=\"Ber\u00e4knad l\u00e4stid\" \/>\n\t<meta name=\"twitter:data1\" content=\"1 minut\" \/>\n<script type=\"application\/ld+json\" class=\"yoast-schema-graph\">{\"@context\":\"https:\\\/\\\/schema.org\",\"@graph\":[{\"@type\":\"WebPage\",\"@id\":\"https:\\\/\\\/www.akilles.fi\\\/handboll\\\/pojkar-pojat-14\\\/\",\"url\":\"https:\\\/\\\/www.akilles.fi\\\/handboll\\\/pojkar-pojat-14\\\/\",\"name\":\"Pojkar - Pojat 14 - Handboll - K\u00e4sipallo\",\"isPartOf\":{\"@id\":\"https:\\\/\\\/www.akilles.fi\\\/handboll\\\/#website\"},\"primaryImageOfPage\":{\"@id\":\"https:\\\/\\\/www.akilles.fi\\\/handboll\\\/pojkar-pojat-14\\\/#primaryimage\"},\"image\":{\"@id\":\"https:\\\/\\\/www.akilles.fi\\\/handboll\\\/pojkar-pojat-14\\\/#primaryimage\"},\"thumbnailUrl\":\"http:\\\/\\\/www.akilles.fi\\\/handboll\\\/wp-content\\\/uploads\\\/sites\\\/18\\\/2025\\\/10\\\/Pojat_2014_2875-1024x655.jpg\",\"datePublished\":\"2023-08-07T12:12:18+00:00\",\"dateModified\":\"2025-10-09T17:01:37+00:00\",\"breadcrumb\":{\"@id\":\"https:\\\/\\\/www.akilles.fi\\\/handboll\\\/pojkar-pojat-14\\\/#breadcrumb\"},\"inLanguage\":\"sv-SE\",\"potentialAction\":[{\"@type\":\"ReadAction\",\"target\":[\"https:\\\/\\\/www.akilles.fi\\\/handboll\\\/pojkar-pojat-14\\\/\"]}]},{\"@type\":\"ImageObject\",\"inLanguage\":\"sv-SE\",\"@id\":\"https:\\\/\\\/www.akilles.fi\\\/handboll\\\/pojkar-pojat-14\\\/#primaryimage\",\"url\":\"https:\\\/\\\/www.akilles.fi\\\/handboll\\\/wp-content\\\/uploads\\\/sites\\\/18\\\/2025\\\/10\\\/Pojat_2014_2875.jpg\",\"contentUrl\":\"https:\\\/\\\/www.akilles.fi\\\/handboll\\\/wp-content\\\/uploads\\\/sites\\\/18\\\/2025\\\/10\\\/Pojat_2014_2875.jpg\",\"width\":2560,\"height\":1638},{\"@type\":\"BreadcrumbList\",\"@id\":\"https:\\\/\\\/www.akilles.fi\\\/handboll\\\/pojkar-pojat-14\\\/#breadcrumb\",\"itemListElement\":[{\"@type\":\"ListItem\",\"position\":1,\"name\":\"Home\",\"item\":\"https:\\\/\\\/www.akilles.fi\\\/handboll\\\/\"},{\"@type\":\"ListItem\",\"position\":2,\"name\":\"Pojkar &#8211; Pojat 14\"}]},{\"@type\":\"WebSite\",\"@id\":\"https:\\\/\\\/www.akilles.fi\\\/handboll\\\/#website\",\"url\":\"https:\\\/\\\/www.akilles.fi\\\/handboll\\\/\",\"name\":\"Handboll - K\u00e4sipallo\",\"description\":\"Borg\u00e5 Akilles Handboll - Porvoon Akilles K\u00e4sipallo\",\"potentialAction\":[{\"@type\":\"SearchAction\",\"target\":{\"@type\":\"EntryPoint\",\"urlTemplate\":\"https:\\\/\\\/www.akilles.fi\\\/handboll\\\/?s={search_term_string}\"},\"query-input\":{\"@type\":\"PropertyValueSpecification\",\"valueRequired\":true,\"valueName\":\"search_term_string\"}}],\"inLanguage\":\"sv-SE\"}]}<\/script>\n<!-- \/ Yoast SEO plugin. -->","yoast_head_json":{"title":"Pojkar - Pojat 14 - Handboll - K\u00e4sipallo","robots":{"index":"index","follow":"follow","max-snippet":"max-snippet:-1","max-image-preview":"max-image-preview:large","max-video-preview":"max-video-preview:-1"},"canonical":"https:\/\/www.akilles.fi\/handboll\/pojkar-pojat-14\/","og_locale":"sv_SE","og_type":"article","og_title":"Pojkar - Pojat 14 - Handboll - K\u00e4sipallo","og_description":"Spelare \/ Pelaajat \u00a0 3\u00a0 Alvar Turunen\u00a0\u00a0 6\u00a0 Max Backstr\u00f6m\u00a0\u00a0 9\u00a0 Lucas Andersson\u00a010\u00a0 Santiago Bolivar\u00a011\u00a0 Elvin Skog\u00a015\u00a0 Oskar Pokki17\u00a0 Johan Tulonen\u00a018\u00a0 Saku Simi\u00a019\u00a0 Touko V\u00e4lim\u00e4ki\u00a020\u00a0 Paulus Brandt\u00a021\u00a0 Eino Pyh\u00e4j\u00e4rvi\u00a023\u00a0 Albert Nyberg\u00a024\u00a0 Roni Nieminen\u00a028\u00a0 Oscar Nyman\u00a031\u00a0 Alexander Jansson33\u00a0 Noah Suoniemi\u00a039\u00a0 Urho Songpraguy\u00a048\u00a0 Nils Magnusson52\u00a0 Leevi Perttu\u00a0 \u00a0 Kontaktuppgifter \/ Yhteystideot Huvudtr\u00e4nare \/ P\u00e4\u00e4valmentajaJonas Turunen040-588 2284jo_turunen@hotmail.com Tr\u00e4nare [&hellip;]","og_url":"https:\/\/www.akilles.fi\/handboll\/pojkar-pojat-14\/","og_site_name":"Handboll - K\u00e4sipallo","article_modified_time":"2025-10-09T17:01:37+00:00","og_image":[{"width":2560,"height":1638,"url":"https:\/\/www.akilles.fi\/handboll\/wp-content\/uploads\/sites\/18\/2025\/10\/Pojat_2014_2875.jpg","type":"image\/jpeg"}],"twitter_card":"summary_large_image","twitter_misc":{"Ber\u00e4knad l\u00e4stid":"1 minut"},"schema":{"@context":"https:\/\/schema.org","@graph":[{"@type":"WebPage","@id":"https:\/\/www.akilles.fi\/handboll\/pojkar-pojat-14\/","url":"https:\/\/www.akilles.fi\/handboll\/pojkar-pojat-14\/","name":"Pojkar - Pojat 14 - Handboll - K\u00e4sipallo","isPartOf":{"@id":"https:\/\/www.akilles.fi\/handboll\/#website"},"primaryImageOfPage":{"@id":"https:\/\/www.akilles.fi\/handboll\/pojkar-pojat-14\/#primaryimage"},"image":{"@id":"https:\/\/www.akilles.fi\/handboll\/pojkar-pojat-14\/#primaryimage"},"thumbnailUrl":"http:\/\/www.akilles.fi\/handboll\/wp-content\/uploads\/sites\/18\/2025\/10\/Pojat_2014_2875-1024x655.jpg","datePublished":"2023-08-07T12:12:18+00:00","dateModified":"2025-10-09T17:01:37+00:00","breadcrumb":{"@id":"https:\/\/www.akilles.fi\/handboll\/pojkar-pojat-14\/#breadcrumb"},"inLanguage":"sv-SE","potentialAction":[{"@type":"ReadAction","target":["https:\/\/www.akilles.fi\/handboll\/pojkar-pojat-14\/"]}]},{"@type":"ImageObject","inLanguage":"sv-SE","@id":"https:\/\/www.akilles.fi\/handboll\/pojkar-pojat-14\/#primaryimage","url":"https:\/\/www.akilles.fi\/handboll\/wp-content\/uploads\/sites\/18\/2025\/10\/Pojat_2014_2875.jpg","contentUrl":"https:\/\/www.akilles.fi\/handboll\/wp-content\/uploads\/sites\/18\/2025\/10\/Pojat_2014_2875.jpg","width":2560,"height":1638},{"@type":"BreadcrumbList","@id":"https:\/\/www.akilles.fi\/handboll\/pojkar-pojat-14\/#breadcrumb","itemListElement":[{"@type":"ListItem","position":1,"name":"Home","item":"https:\/\/www.akilles.fi\/handboll\/"},{"@type":"ListItem","position":2,"name":"Pojkar &#8211; Pojat 14"}]},{"@type":"WebSite","@id":"https:\/\/www.akilles.fi\/handboll\/#website","url":"https:\/\/www.akilles.fi\/handboll\/","name":"Handboll - K\u00e4sipallo","description":"Borg\u00e5 Akilles Handboll - Porvoon Akilles K\u00e4sipallo","potentialAction":[{"@type":"SearchAction","target":{"@type":"EntryPoint","urlTemplate":"https:\/\/www.akilles.fi\/handboll\/?s={search_term_string}"},"query-input":{"@type":"PropertyValueSpecification","valueRequired":true,"valueName":"search_term_string"}}],"inLanguage":"sv-SE"}]}},"_links":{"self":[{"href":"https:\/\/www.akilles.fi\/handboll\/wp-json\/wp\/v2\/pages\/10126","targetHints":{"allow":["GET"]}}],"collection":[{"href":"https:\/\/www.akilles.fi\/handboll\/wp-json\/wp\/v2\/pages"}],"about":[{"href":"https:\/\/www.akilles.fi\/handboll\/wp-json\/wp\/v2\/types\/page"}],"author":[{"embeddable":true,"href":"https:\/\/www.akilles.fi\/handboll\/wp-json\/wp\/v2\/users\/2"}],"replies":[{"embeddable":true,"href":"https:\/\/www.akilles.fi\/handboll\/wp-json\/wp\/v2\/comments?post=10126"}],"version-history":[{"count":31,"href":"https:\/\/www.akilles.fi\/handboll\/wp-json\/wp\/v2\/pages\/10126\/revisions"}],"predecessor-version":[{"id":12835,"href":"https:\/\/www.akilles.fi\/handboll\/wp-json\/wp\/v2\/pages\/10126\/revisions\/12835"}],"wp:attachment":[{"href":"https:\/\/www.akilles.fi\/handboll\/wp-json\/wp\/v2\/media?parent=10126"}],"curies":[{"name":"wp","href":"https:\/\/api.w.org\/{rel}","templated":true}]}}