{"id":11254,"date":"2024-08-24T13:27:15","date_gmt":"2024-08-24T13:27:15","guid":{"rendered":"https:\/\/www.akilles.fi\/handboll\/?page_id=11254"},"modified":"2025-10-09T17:02:33","modified_gmt":"2025-10-09T17:02:33","slug":"pojkar-pojat-15","status":"publish","type":"page","link":"https:\/\/www.akilles.fi\/handboll\/pojkar-pojat-15\/","title":{"rendered":"Pojkar &#8211; Pojat 15"},"content":{"rendered":"\t\t<div data-elementor-type=\"wp-post\" data-elementor-id=\"11254\" class=\"elementor elementor-11254\" data-elementor-post-type=\"page\">\n\t\t\t\t\t\t<section class=\"elementor-section elementor-top-section elementor-element elementor-element-6e838a5 elementor-section-boxed elementor-section-height-default elementor-section-height-default\" data-id=\"6e838a5\" data-element_type=\"section\">\n\t\t\t\t\t\t<div class=\"elementor-container elementor-column-gap-default\">\n\t\t\t\t\t<div class=\"elementor-column elementor-col-50 elementor-top-column elementor-element elementor-element-2ba7a85\" data-id=\"2ba7a85\" data-element_type=\"column\">\n\t\t\t<div class=\"elementor-widget-wrap elementor-element-populated\">\n\t\t\t\t\t\t<div class=\"elementor-element elementor-element-e02be48 elementor-widget elementor-widget-image\" data-id=\"e02be48\" data-element_type=\"widget\" data-widget_type=\"image.default\">\n\t\t\t\t<div class=\"elementor-widget-container\">\n\t\t\t\t\t\t\t\t\t\t\t\t\t\t\t<img fetchpriority=\"high\" decoding=\"async\" width=\"1024\" height=\"655\" src=\"https:\/\/www.akilles.fi\/handboll\/wp-content\/uploads\/sites\/18\/2025\/10\/Pojat_2015_5675-1024x655.jpg\" class=\"attachment-large size-large wp-image-12836\" alt=\"\" srcset=\"https:\/\/www.akilles.fi\/handboll\/wp-content\/uploads\/sites\/18\/2025\/10\/Pojat_2015_5675-1024x655.jpg 1024w, https:\/\/www.akilles.fi\/handboll\/wp-content\/uploads\/sites\/18\/2025\/10\/Pojat_2015_5675-300x192.jpg 300w, https:\/\/www.akilles.fi\/handboll\/wp-content\/uploads\/sites\/18\/2025\/10\/Pojat_2015_5675-768x491.jpg 768w, https:\/\/www.akilles.fi\/handboll\/wp-content\/uploads\/sites\/18\/2025\/10\/Pojat_2015_5675-1536x983.jpg 1536w, https:\/\/www.akilles.fi\/handboll\/wp-content\/uploads\/sites\/18\/2025\/10\/Pojat_2015_5675-2048x1310.jpg 2048w, https:\/\/www.akilles.fi\/handboll\/wp-content\/uploads\/sites\/18\/2025\/10\/Pojat_2015_5675-280x180.jpg 280w\" sizes=\"(max-width: 1024px) 100vw, 1024px\" \/>\t\t\t\t\t\t\t\t\t\t\t\t\t\t\t<\/div>\n\t\t\t\t<\/div>\n\t\t\t\t<div class=\"elementor-element elementor-element-1fad472 elementor-widget elementor-widget-text-editor\" data-id=\"1fad472\" data-element_type=\"widget\" data-widget_type=\"text-editor.default\">\n\t\t\t\t<div class=\"elementor-widget-container\">\n\t\t\t\t\t\t\t\t\t<p><strong><span style=\"color: #000000; font-family: 'PT Sans', Arial, Helvetica, sans-serif; font-size: 14px;\">Spelare \/ Pelaajat<\/span><\/strong><\/p>\n<p>&nbsp; 6 Hugo Angelvirta&nbsp; <br>&nbsp; 7 Pekko Laisi<br>10 Miro Tenhunen<br>11 William L\u00f6nnqvist<br>12 Casper Weckman<br>13 Alex Vuokkovaara<br>14 Hjalmar Gr\u00f6nqvist<br>21 Kevin Ek<br>22 Felix Osmala<br>40 Benjamin Valve<br>77 Anton Lindberg<\/p>\n<h5 data-fontsize=\"18\" data-lineheight=\"23\">Kontaktuppgifter \/ Yhteystideot<\/h5>\n<p>Huvudtr\u00e4nare \/ P\u00e4\u00e4valmentaja<br><strong>Elin Ekholm<\/strong><br>040-7636350<br>ekholmel@gmail.com<\/p>\n<p>Tr\u00e4nare \/ Valmentaja<br><strong>Beatriz Backman<\/strong><br>040-5888355<\/p>\n<p>Lagledare \/ Joukkueenjohtaja<br><b>Heidi Tenhunen<\/b><br>0407288817<br>heidi09tenhunen@gmail.com<\/p>\t\t\t\t\t\t\t\t<\/div>\n\t\t\t\t<\/div>\n\t\t\t\t\t<\/div>\n\t\t<\/div>\n\t\t\t\t<div class=\"elementor-column elementor-col-50 elementor-top-column elementor-element elementor-element-89c0aaf\" data-id=\"89c0aaf\" data-element_type=\"column\">\n\t\t\t<div class=\"elementor-widget-wrap elementor-element-populated\">\n\t\t\t\t\t\t<div class=\"elementor-element elementor-element-1d79b11 elementor-widget elementor-widget-html\" data-id=\"1d79b11\" data-element_type=\"widget\" data-widget_type=\"html.default\">\n\t\t\t\t<div class=\"elementor-widget-container\">\n\t\t\t\t\t<div style=\"border: 0px solid black;overflow: auto;height: 650px;width: auto;color: red;background-color: white\">\n<!-- myClub embed JS - start -->\n<div class=\"myclub-embed\" data-url=\"https:\/\/akilles.myclub.fi\/groups\/76981\/event_embeds\/30173?token=1208642039273b7109a31c0c6a9e61550bdd454f\"><\/div>\n<script>(function(d, s, id) { var js, mjs = d.getElementsByTagName(s)[0]; if (d.getElementById(id)) return; js = d.createElement(s); js.id = id; js.async = true; js.src = \"https:\/\/d2ubdm6yoox6gh.cloudfront.net\/assets\/myclub-embed.js\"; mjs.parentNode.insertBefore(js, mjs); }(document, 'script', 'myclub-embed-js'));\n<\/script>\n<!-- myClub embed JS - end -->\n\n<\/div>\t\t\t\t<\/div>\n\t\t\t\t<\/div>\n\t\t\t\t\t<\/div>\n\t\t<\/div>\n\t\t\t\t\t<\/div>\n\t\t<\/section>\n\t\t\t\t<\/div>\n\t\t","protected":false},"excerpt":{"rendered":"<p>Spelare \/ Pelaajat &nbsp; 6 Hugo Angelvirta&nbsp; &nbsp; 7 Pekko Laisi10 Miro Tenhunen11 William L\u00f6nnqvist12 Casper Weckman13 Alex Vuokkovaara14 Hjalmar Gr\u00f6nqvist21 Kevin Ek22 Felix Osmala40 Benjamin Valve77 Anton Lindberg Kontaktuppgifter \/ Yhteystideot Huvudtr\u00e4nare \/ P\u00e4\u00e4valmentajaElin Ekholm040-7636350ekholmel@gmail.com Tr\u00e4nare \/ ValmentajaBeatriz Backman040-5888355 Lagledare \/ JoukkueenjohtajaHeidi Tenhunen0407288817heidi09tenhunen@gmail.com<\/p>\n","protected":false},"author":2,"featured_media":0,"parent":0,"menu_order":0,"comment_status":"closed","ping_status":"closed","template":"","meta":{"_crdt_document":"","footnotes":""},"class_list":["post-11254","page","type-page","status-publish","hentry"],"yoast_head":"<!-- This site is optimized with the Yoast SEO plugin v27.4 - https:\/\/yoast.com\/product\/yoast-seo-wordpress\/ -->\n<title>Pojkar - Pojat 15 - Handboll - K\u00e4sipallo<\/title>\n<meta name=\"robots\" content=\"index, follow, max-snippet:-1, max-image-preview:large, max-video-preview:-1\" \/>\n<link rel=\"canonical\" href=\"https:\/\/www.akilles.fi\/handboll\/pojkar-pojat-15\/\" \/>\n<meta property=\"og:locale\" content=\"sv_SE\" \/>\n<meta property=\"og:type\" content=\"article\" \/>\n<meta property=\"og:title\" content=\"Pojkar - Pojat 15 - Handboll - K\u00e4sipallo\" \/>\n<meta property=\"og:description\" content=\"Spelare \/ Pelaajat &nbsp; 6 Hugo Angelvirta&nbsp; &nbsp; 7 Pekko Laisi10 Miro Tenhunen11 William L\u00f6nnqvist12 Casper Weckman13 Alex Vuokkovaara14 Hjalmar Gr\u00f6nqvist21 Kevin Ek22 Felix Osmala40 Benjamin Valve77 Anton Lindberg Kontaktuppgifter \/ Yhteystideot Huvudtr\u00e4nare \/ P\u00e4\u00e4valmentajaElin Ekholm040-7636350ekholmel@gmail.com Tr\u00e4nare \/ ValmentajaBeatriz Backman040-5888355 Lagledare \/ JoukkueenjohtajaHeidi Tenhunen0407288817heidi09tenhunen@gmail.com\" \/>\n<meta property=\"og:url\" content=\"https:\/\/www.akilles.fi\/handboll\/pojkar-pojat-15\/\" \/>\n<meta property=\"og:site_name\" content=\"Handboll - K\u00e4sipallo\" \/>\n<meta property=\"article:modified_time\" content=\"2025-10-09T17:02:33+00:00\" \/>\n<meta property=\"og:image\" content=\"https:\/\/www.akilles.fi\/handboll\/wp-content\/uploads\/sites\/18\/2025\/10\/Pojat_2015_5675.jpg\" \/>\n\t<meta property=\"og:image:width\" content=\"2560\" \/>\n\t<meta property=\"og:image:height\" content=\"1638\" \/>\n\t<meta property=\"og:image:type\" content=\"image\/jpeg\" \/>\n<meta name=\"twitter:card\" content=\"summary_large_image\" \/>\n<meta name=\"twitter:label1\" content=\"Ber\u00e4knad l\u00e4stid\" \/>\n\t<meta name=\"twitter:data1\" content=\"1 minut\" \/>\n<script type=\"application\/ld+json\" class=\"yoast-schema-graph\">{\"@context\":\"https:\\\/\\\/schema.org\",\"@graph\":[{\"@type\":\"WebPage\",\"@id\":\"https:\\\/\\\/www.akilles.fi\\\/handboll\\\/pojkar-pojat-15\\\/\",\"url\":\"https:\\\/\\\/www.akilles.fi\\\/handboll\\\/pojkar-pojat-15\\\/\",\"name\":\"Pojkar - Pojat 15 - Handboll - K\u00e4sipallo\",\"isPartOf\":{\"@id\":\"https:\\\/\\\/www.akilles.fi\\\/handboll\\\/#website\"},\"primaryImageOfPage\":{\"@id\":\"https:\\\/\\\/www.akilles.fi\\\/handboll\\\/pojkar-pojat-15\\\/#primaryimage\"},\"image\":{\"@id\":\"https:\\\/\\\/www.akilles.fi\\\/handboll\\\/pojkar-pojat-15\\\/#primaryimage\"},\"thumbnailUrl\":\"http:\\\/\\\/www.akilles.fi\\\/handboll\\\/wp-content\\\/uploads\\\/sites\\\/18\\\/2025\\\/10\\\/Pojat_2015_5675-1024x655.jpg\",\"datePublished\":\"2024-08-24T13:27:15+00:00\",\"dateModified\":\"2025-10-09T17:02:33+00:00\",\"breadcrumb\":{\"@id\":\"https:\\\/\\\/www.akilles.fi\\\/handboll\\\/pojkar-pojat-15\\\/#breadcrumb\"},\"inLanguage\":\"sv-SE\",\"potentialAction\":[{\"@type\":\"ReadAction\",\"target\":[\"https:\\\/\\\/www.akilles.fi\\\/handboll\\\/pojkar-pojat-15\\\/\"]}]},{\"@type\":\"ImageObject\",\"inLanguage\":\"sv-SE\",\"@id\":\"https:\\\/\\\/www.akilles.fi\\\/handboll\\\/pojkar-pojat-15\\\/#primaryimage\",\"url\":\"https:\\\/\\\/www.akilles.fi\\\/handboll\\\/wp-content\\\/uploads\\\/sites\\\/18\\\/2025\\\/10\\\/Pojat_2015_5675.jpg\",\"contentUrl\":\"https:\\\/\\\/www.akilles.fi\\\/handboll\\\/wp-content\\\/uploads\\\/sites\\\/18\\\/2025\\\/10\\\/Pojat_2015_5675.jpg\",\"width\":2560,\"height\":1638},{\"@type\":\"BreadcrumbList\",\"@id\":\"https:\\\/\\\/www.akilles.fi\\\/handboll\\\/pojkar-pojat-15\\\/#breadcrumb\",\"itemListElement\":[{\"@type\":\"ListItem\",\"position\":1,\"name\":\"Home\",\"item\":\"https:\\\/\\\/www.akilles.fi\\\/handboll\\\/\"},{\"@type\":\"ListItem\",\"position\":2,\"name\":\"Pojkar &#8211; Pojat 15\"}]},{\"@type\":\"WebSite\",\"@id\":\"https:\\\/\\\/www.akilles.fi\\\/handboll\\\/#website\",\"url\":\"https:\\\/\\\/www.akilles.fi\\\/handboll\\\/\",\"name\":\"Handboll - K\u00e4sipallo\",\"description\":\"Borg\u00e5 Akilles Handboll - Porvoon Akilles K\u00e4sipallo\",\"potentialAction\":[{\"@type\":\"SearchAction\",\"target\":{\"@type\":\"EntryPoint\",\"urlTemplate\":\"https:\\\/\\\/www.akilles.fi\\\/handboll\\\/?s={search_term_string}\"},\"query-input\":{\"@type\":\"PropertyValueSpecification\",\"valueRequired\":true,\"valueName\":\"search_term_string\"}}],\"inLanguage\":\"sv-SE\"}]}<\/script>\n<!-- \/ Yoast SEO plugin. -->","yoast_head_json":{"title":"Pojkar - Pojat 15 - Handboll - K\u00e4sipallo","robots":{"index":"index","follow":"follow","max-snippet":"max-snippet:-1","max-image-preview":"max-image-preview:large","max-video-preview":"max-video-preview:-1"},"canonical":"https:\/\/www.akilles.fi\/handboll\/pojkar-pojat-15\/","og_locale":"sv_SE","og_type":"article","og_title":"Pojkar - Pojat 15 - Handboll - K\u00e4sipallo","og_description":"Spelare \/ Pelaajat &nbsp; 6 Hugo Angelvirta&nbsp; &nbsp; 7 Pekko Laisi10 Miro Tenhunen11 William L\u00f6nnqvist12 Casper Weckman13 Alex Vuokkovaara14 Hjalmar Gr\u00f6nqvist21 Kevin Ek22 Felix Osmala40 Benjamin Valve77 Anton Lindberg Kontaktuppgifter \/ Yhteystideot Huvudtr\u00e4nare \/ P\u00e4\u00e4valmentajaElin Ekholm040-7636350ekholmel@gmail.com Tr\u00e4nare \/ ValmentajaBeatriz Backman040-5888355 Lagledare \/ JoukkueenjohtajaHeidi Tenhunen0407288817heidi09tenhunen@gmail.com","og_url":"https:\/\/www.akilles.fi\/handboll\/pojkar-pojat-15\/","og_site_name":"Handboll - K\u00e4sipallo","article_modified_time":"2025-10-09T17:02:33+00:00","og_image":[{"width":2560,"height":1638,"url":"https:\/\/www.akilles.fi\/handboll\/wp-content\/uploads\/sites\/18\/2025\/10\/Pojat_2015_5675.jpg","type":"image\/jpeg"}],"twitter_card":"summary_large_image","twitter_misc":{"Ber\u00e4knad l\u00e4stid":"1 minut"},"schema":{"@context":"https:\/\/schema.org","@graph":[{"@type":"WebPage","@id":"https:\/\/www.akilles.fi\/handboll\/pojkar-pojat-15\/","url":"https:\/\/www.akilles.fi\/handboll\/pojkar-pojat-15\/","name":"Pojkar - Pojat 15 - Handboll - K\u00e4sipallo","isPartOf":{"@id":"https:\/\/www.akilles.fi\/handboll\/#website"},"primaryImageOfPage":{"@id":"https:\/\/www.akilles.fi\/handboll\/pojkar-pojat-15\/#primaryimage"},"image":{"@id":"https:\/\/www.akilles.fi\/handboll\/pojkar-pojat-15\/#primaryimage"},"thumbnailUrl":"http:\/\/www.akilles.fi\/handboll\/wp-content\/uploads\/sites\/18\/2025\/10\/Pojat_2015_5675-1024x655.jpg","datePublished":"2024-08-24T13:27:15+00:00","dateModified":"2025-10-09T17:02:33+00:00","breadcrumb":{"@id":"https:\/\/www.akilles.fi\/handboll\/pojkar-pojat-15\/#breadcrumb"},"inLanguage":"sv-SE","potentialAction":[{"@type":"ReadAction","target":["https:\/\/www.akilles.fi\/handboll\/pojkar-pojat-15\/"]}]},{"@type":"ImageObject","inLanguage":"sv-SE","@id":"https:\/\/www.akilles.fi\/handboll\/pojkar-pojat-15\/#primaryimage","url":"https:\/\/www.akilles.fi\/handboll\/wp-content\/uploads\/sites\/18\/2025\/10\/Pojat_2015_5675.jpg","contentUrl":"https:\/\/www.akilles.fi\/handboll\/wp-content\/uploads\/sites\/18\/2025\/10\/Pojat_2015_5675.jpg","width":2560,"height":1638},{"@type":"BreadcrumbList","@id":"https:\/\/www.akilles.fi\/handboll\/pojkar-pojat-15\/#breadcrumb","itemListElement":[{"@type":"ListItem","position":1,"name":"Home","item":"https:\/\/www.akilles.fi\/handboll\/"},{"@type":"ListItem","position":2,"name":"Pojkar &#8211; Pojat 15"}]},{"@type":"WebSite","@id":"https:\/\/www.akilles.fi\/handboll\/#website","url":"https:\/\/www.akilles.fi\/handboll\/","name":"Handboll - K\u00e4sipallo","description":"Borg\u00e5 Akilles Handboll - Porvoon Akilles K\u00e4sipallo","potentialAction":[{"@type":"SearchAction","target":{"@type":"EntryPoint","urlTemplate":"https:\/\/www.akilles.fi\/handboll\/?s={search_term_string}"},"query-input":{"@type":"PropertyValueSpecification","valueRequired":true,"valueName":"search_term_string"}}],"inLanguage":"sv-SE"}]}},"_links":{"self":[{"href":"https:\/\/www.akilles.fi\/handboll\/wp-json\/wp\/v2\/pages\/11254","targetHints":{"allow":["GET"]}}],"collection":[{"href":"https:\/\/www.akilles.fi\/handboll\/wp-json\/wp\/v2\/pages"}],"about":[{"href":"https:\/\/www.akilles.fi\/handboll\/wp-json\/wp\/v2\/types\/page"}],"author":[{"embeddable":true,"href":"https:\/\/www.akilles.fi\/handboll\/wp-json\/wp\/v2\/users\/2"}],"replies":[{"embeddable":true,"href":"https:\/\/www.akilles.fi\/handboll\/wp-json\/wp\/v2\/comments?post=11254"}],"version-history":[{"count":34,"href":"https:\/\/www.akilles.fi\/handboll\/wp-json\/wp\/v2\/pages\/11254\/revisions"}],"predecessor-version":[{"id":12839,"href":"https:\/\/www.akilles.fi\/handboll\/wp-json\/wp\/v2\/pages\/11254\/revisions\/12839"}],"wp:attachment":[{"href":"https:\/\/www.akilles.fi\/handboll\/wp-json\/wp\/v2\/media?parent=11254"}],"curies":[{"name":"wp","href":"https:\/\/api.w.org\/{rel}","templated":true}]}}