{"id":11259,"date":"2024-08-24T13:30:26","date_gmt":"2024-08-24T13:30:26","guid":{"rendered":"https:\/\/www.akilles.fi\/handboll\/?page_id=11259"},"modified":"2025-10-09T16:59:57","modified_gmt":"2025-10-09T16:59:57","slug":"pojkar-pojat-12","status":"publish","type":"page","link":"https:\/\/www.akilles.fi\/handboll\/pojkar-pojat-12\/","title":{"rendered":"Pojkar &#8211; Pojat -12"},"content":{"rendered":"\t\t<div data-elementor-type=\"wp-post\" data-elementor-id=\"11259\" class=\"elementor elementor-11259\" data-elementor-post-type=\"page\">\n\t\t\t\t\t\t<section class=\"elementor-section elementor-top-section elementor-element elementor-element-f4cdc5b elementor-section-boxed elementor-section-height-default elementor-section-height-default\" data-id=\"f4cdc5b\" data-element_type=\"section\">\n\t\t\t\t\t\t<div class=\"elementor-container elementor-column-gap-default\">\n\t\t\t\t\t<div class=\"elementor-column elementor-col-33 elementor-top-column elementor-element elementor-element-aac72ca\" data-id=\"aac72ca\" data-element_type=\"column\">\n\t\t\t<div class=\"elementor-widget-wrap elementor-element-populated\">\n\t\t\t\t\t\t<div class=\"elementor-element elementor-element-1356231 elementor-widget elementor-widget-image\" data-id=\"1356231\" data-element_type=\"widget\" data-widget_type=\"image.default\">\n\t\t\t\t<div class=\"elementor-widget-container\">\n\t\t\t\t\t\t\t\t\t\t\t\t\t\t\t<img fetchpriority=\"high\" decoding=\"async\" width=\"1024\" height=\"655\" src=\"https:\/\/www.akilles.fi\/handboll\/wp-content\/uploads\/sites\/18\/2025\/10\/Pojat_2012_1968-1024x655.jpg\" class=\"attachment-large size-large wp-image-12824\" alt=\"\" srcset=\"https:\/\/www.akilles.fi\/handboll\/wp-content\/uploads\/sites\/18\/2025\/10\/Pojat_2012_1968-1024x655.jpg 1024w, https:\/\/www.akilles.fi\/handboll\/wp-content\/uploads\/sites\/18\/2025\/10\/Pojat_2012_1968-300x192.jpg 300w, https:\/\/www.akilles.fi\/handboll\/wp-content\/uploads\/sites\/18\/2025\/10\/Pojat_2012_1968-768x491.jpg 768w, https:\/\/www.akilles.fi\/handboll\/wp-content\/uploads\/sites\/18\/2025\/10\/Pojat_2012_1968-1536x983.jpg 1536w, https:\/\/www.akilles.fi\/handboll\/wp-content\/uploads\/sites\/18\/2025\/10\/Pojat_2012_1968-2048x1310.jpg 2048w, https:\/\/www.akilles.fi\/handboll\/wp-content\/uploads\/sites\/18\/2025\/10\/Pojat_2012_1968-280x180.jpg 280w\" sizes=\"(max-width: 1024px) 100vw, 1024px\" \/>\t\t\t\t\t\t\t\t\t\t\t\t\t\t\t<\/div>\n\t\t\t\t<\/div>\n\t\t\t\t<section class=\"elementor-section elementor-inner-section elementor-element elementor-element-271f7bd elementor-section-boxed elementor-section-height-default elementor-section-height-default\" data-id=\"271f7bd\" data-element_type=\"section\">\n\t\t\t\t\t\t<div class=\"elementor-container elementor-column-gap-default\">\n\t\t\t\t\t<div class=\"elementor-column elementor-col-50 elementor-inner-column elementor-element elementor-element-e762cd5\" data-id=\"e762cd5\" data-element_type=\"column\">\n\t\t\t<div class=\"elementor-widget-wrap elementor-element-populated\">\n\t\t\t\t\t\t<div class=\"elementor-element elementor-element-74a1351 elementor-widget elementor-widget-text-editor\" data-id=\"74a1351\" data-element_type=\"widget\" data-widget_type=\"text-editor.default\">\n\t\t\t\t<div class=\"elementor-widget-container\">\n\t\t\t\t\t\t\t\t\t<h5 data-fontsize=\"18\" data-lineheight=\"23\">Spelare \/ Pelaajat<\/h5><p>3. Liam Lindholm<br \/>4. Oliver Wester<br \/>5. Alec Bj\u00f6rkwall<br \/>9. Isak Karlsson<br \/>10. Theodor Seistola<br \/>13. Jonathan Liljendal<br \/>16. Lenni Friman<br \/>17. Casper Hallikainen<br \/>19. Leo Sj\u00f6str\u00f6m<br \/>21. Emil Pyh\u00e4j\u00e4rvi<br \/>22. Robin Johansson<br \/>27. Aaron Str\u00e5hlman<br \/>88. Erik Kullstr\u00f6m<br \/>99. Melvin Ahonen<\/p>\t\t\t\t\t\t\t\t<\/div>\n\t\t\t\t<\/div>\n\t\t\t\t\t<\/div>\n\t\t<\/div>\n\t\t\t\t<div class=\"elementor-column elementor-col-50 elementor-inner-column elementor-element elementor-element-a6577fc\" data-id=\"a6577fc\" data-element_type=\"column\">\n\t\t\t<div class=\"elementor-widget-wrap elementor-element-populated\">\n\t\t\t\t\t\t<div class=\"elementor-element elementor-element-379bee7 elementor-widget elementor-widget-text-editor\" data-id=\"379bee7\" data-element_type=\"widget\" data-widget_type=\"text-editor.default\">\n\t\t\t\t<div class=\"elementor-widget-container\">\n\t\t\t\t\t\t\t\t\t<div><div><h5 data-fontsize=\"18\" data-lineheight=\"23\">Kontaktuppgifter<br \/>Yhteystiedot<\/h5><\/div><\/div><div><div><p><strong>Tr\u00e4nare \/ Valmentajat:<br \/><br \/><\/strong>Linus Schmidt<br \/>044-2927342<br \/><a href=\"mailto:linus.schmidt@akilles.fi\">linus.schmidt@akilles.fi<\/a><br \/><br \/>Aron Johansson<\/p><p>Mick N\u00e4rhi<\/p><\/div><\/div><p><strong><span style=\"color: #000000;\">Lagledare \/ Joukkueenjohtajat:<\/span><\/strong><\/p><p>Johan Lindholm<strong><br \/><\/strong>040-4148381<br \/><a href=\"mailto:johan.lindholm@boldansweden.se\">johan.lindholm@boldansweden.se<\/a><br \/><br \/>Ron Liljendal<\/p>\t\t\t\t\t\t\t\t<\/div>\n\t\t\t\t<\/div>\n\t\t\t\t\t<\/div>\n\t\t<\/div>\n\t\t\t\t\t<\/div>\n\t\t<\/section>\n\t\t\t\t\t<\/div>\n\t\t<\/div>\n\t\t\t\t<div class=\"elementor-column elementor-col-33 elementor-top-column elementor-element elementor-element-7bf9782\" data-id=\"7bf9782\" data-element_type=\"column\">\n\t\t\t<div class=\"elementor-widget-wrap elementor-element-populated\">\n\t\t\t\t\t\t<div class=\"elementor-element elementor-element-b145e92 elementor-widget elementor-widget-html\" data-id=\"b145e92\" data-element_type=\"widget\" data-widget_type=\"html.default\">\n\t\t\t\t<div class=\"elementor-widget-container\">\n\t\t\t\t\t<div style=\"border: 0px solid black;overflow: auto;height: 650px;width: auto;color: red;background-color: white\">\n    <!-- myClub embed JS - start -->\n<div class=\"myclub-embed\" data-url=\"https:\/\/akilles.myclub.fi\/groups\/35183\/event_embeds\/15281?token=1a4d8c3c21d2dfebd937a2f4753579b3b981b6c0\"><\/div>\n<script>(function(d, s, id) { var js, mjs = d.getElementsByTagName(s)[0]; if (d.getElementById(id)) return; js = d.createElement(s); js.id = id; js.async = true; js.src = \"https:\/\/d2ubdm6yoox6gh.cloudfront.net\/assets\/myclub-embed.js\"; mjs.parentNode.insertBefore(js, mjs); }(document, 'script', 'myclub-embed-js'));<\/script>\n<!-- myClub embed JS - end -->\n<\/div>\t\t\t\t<\/div>\n\t\t\t\t<\/div>\n\t\t\t\t\t<\/div>\n\t\t<\/div>\n\t\t\t\t<div class=\"elementor-column elementor-col-33 elementor-top-column elementor-element elementor-element-3863754\" data-id=\"3863754\" data-element_type=\"column\">\n\t\t\t<div class=\"elementor-widget-wrap elementor-element-populated\">\n\t\t\t\t\t\t<div class=\"elementor-element elementor-element-97624ee elementor-widget elementor-widget-heading\" data-id=\"97624ee\" data-element_type=\"widget\" data-widget_type=\"heading.default\">\n\t\t\t\t<div class=\"elementor-widget-container\">\n\t\t\t\t\t<h2 class=\"elementor-heading-title elementor-size-default\">Serietabell \/ Sarjataulukko<\/h2>\t\t\t\t<\/div>\n\t\t\t\t<\/div>\n\t\t\t\t<div class=\"elementor-element elementor-element-cd3caff elementor-widget elementor-widget-html\" data-id=\"cd3caff\" data-element_type=\"widget\" data-widget_type=\"html.default\">\n\t\t\t\t<div class=\"elementor-widget-container\">\n\t\t\t\t\t<script src='https:\/\/tulospalvelu.finnhandball.net\/taso\/widget.php?widget=scoretable&competition=hb2024&class=DP-12&group=1&key=9W53YD8D46'><\/script>\t\t\t\t<\/div>\n\t\t\t\t<\/div>\n\t\t\t\t<div class=\"elementor-element elementor-element-c77766d elementor-widget elementor-widget-heading\" data-id=\"c77766d\" data-element_type=\"widget\" data-widget_type=\"heading.default\">\n\t\t\t\t<div class=\"elementor-widget-container\">\n\t\t\t\t\t<h2 class=\"elementor-heading-title elementor-size-default\">N\u00e4sta match \/ Seuraava ottelu<\/h2>\t\t\t\t<\/div>\n\t\t\t\t<\/div>\n\t\t\t\t<div class=\"elementor-element elementor-element-fd7c17a elementor-widget elementor-widget-html\" data-id=\"fd7c17a\" data-element_type=\"widget\" data-widget_type=\"html.default\">\n\t\t\t\t<div class=\"elementor-widget-container\">\n\t\t\t\t\t<script src='https:\/\/tulospalvelu.finnhandball.net\/taso\/widget.php?widget=nextmatch&team=104375&key=9W53YD8D46'><\/script>\t\t\t\t<\/div>\n\t\t\t\t<\/div>\n\t\t\t\t<div class=\"elementor-element elementor-element-c600bf3 elementor-widget elementor-widget-html\" data-id=\"c600bf3\" data-element_type=\"widget\" data-widget_type=\"html.default\">\n\t\t\t\t<div class=\"elementor-widget-container\">\n\t\t\t\t\t<script src='https:\/\/tulospalvelu.finnhandball.net\/taso\/widget.php?widget=nextmatch&team=104536&key=WN2PTARGCB'><\/script>\t\t\t\t<\/div>\n\t\t\t\t<\/div>\n\t\t\t\t\t<\/div>\n\t\t<\/div>\n\t\t\t\t\t<\/div>\n\t\t<\/section>\n\t\t\t\t<section class=\"elementor-section elementor-top-section elementor-element elementor-element-29728f1 elementor-section-boxed elementor-section-height-default elementor-section-height-default\" data-id=\"29728f1\" data-element_type=\"section\">\n\t\t\t\t\t\t<div class=\"elementor-container elementor-column-gap-default\">\n\t\t\t\t\t<div class=\"elementor-column elementor-col-25 elementor-top-column elementor-element elementor-element-59c7efa\" data-id=\"59c7efa\" data-element_type=\"column\">\n\t\t\t<div class=\"elementor-widget-wrap elementor-element-populated\">\n\t\t\t\t\t\t<div class=\"elementor-element elementor-element-9de865a elementor-widget elementor-widget-image\" data-id=\"9de865a\" data-element_type=\"widget\" data-widget_type=\"image.default\">\n\t\t\t\t<div class=\"elementor-widget-container\">\n\t\t\t\t\t\t\t\t\t\t\t\t\t\t\t\t<a href=\"https:\/\/www.corpsec.fi\/\">\n\t\t\t\t\t\t\t<img decoding=\"async\" width=\"669\" height=\"243\" src=\"https:\/\/www.akilles.fi\/handboll\/wp-content\/uploads\/sites\/18\/2024\/10\/Corpsec.jpg\" class=\"attachment-large size-large wp-image-11781\" alt=\"\" srcset=\"https:\/\/www.akilles.fi\/handboll\/wp-content\/uploads\/sites\/18\/2024\/10\/Corpsec.jpg 669w, https:\/\/www.akilles.fi\/handboll\/wp-content\/uploads\/sites\/18\/2024\/10\/Corpsec-300x109.jpg 300w\" sizes=\"(max-width: 669px) 100vw, 669px\" \/>\t\t\t\t\t\t\t\t<\/a>\n\t\t\t\t\t\t\t\t\t\t\t\t\t\t\t<\/div>\n\t\t\t\t<\/div>\n\t\t\t\t\t<\/div>\n\t\t<\/div>\n\t\t\t\t<div class=\"elementor-column elementor-col-25 elementor-top-column elementor-element elementor-element-6dbe940\" data-id=\"6dbe940\" data-element_type=\"column\">\n\t\t\t<div class=\"elementor-widget-wrap elementor-element-populated\">\n\t\t\t\t\t\t<div class=\"elementor-element elementor-element-d0d791a elementor-widget elementor-widget-image\" data-id=\"d0d791a\" data-element_type=\"widget\" data-widget_type=\"image.default\">\n\t\t\t\t<div class=\"elementor-widget-container\">\n\t\t\t\t\t\t\t\t\t\t\t\t\t\t\t\t<a href=\"https:\/\/www.tasteravintolat.fi\/lang-SV\">\n\t\t\t\t\t\t\t<img decoding=\"async\" width=\"1024\" height=\"1007\" src=\"https:\/\/www.akilles.fi\/handboll\/wp-content\/uploads\/sites\/18\/2024\/10\/Tasten-logo-1024x1007.jpg\" class=\"attachment-large size-large wp-image-11547\" alt=\"\" srcset=\"https:\/\/www.akilles.fi\/handboll\/wp-content\/uploads\/sites\/18\/2024\/10\/Tasten-logo-1024x1007.jpg 1024w, https:\/\/www.akilles.fi\/handboll\/wp-content\/uploads\/sites\/18\/2024\/10\/Tasten-logo-300x295.jpg 300w, https:\/\/www.akilles.fi\/handboll\/wp-content\/uploads\/sites\/18\/2024\/10\/Tasten-logo-768x755.jpg 768w, https:\/\/www.akilles.fi\/handboll\/wp-content\/uploads\/sites\/18\/2024\/10\/Tasten-logo.jpg 1181w\" sizes=\"(max-width: 1024px) 100vw, 1024px\" \/>\t\t\t\t\t\t\t\t<\/a>\n\t\t\t\t\t\t\t\t\t\t\t\t\t\t\t<\/div>\n\t\t\t\t<\/div>\n\t\t\t\t\t<\/div>\n\t\t<\/div>\n\t\t\t\t<div class=\"elementor-column elementor-col-25 elementor-top-column elementor-element elementor-element-31f2c26\" data-id=\"31f2c26\" data-element_type=\"column\">\n\t\t\t<div class=\"elementor-widget-wrap elementor-element-populated\">\n\t\t\t\t\t\t<div class=\"elementor-element elementor-element-ce2e2de elementor-widget elementor-widget-image\" data-id=\"ce2e2de\" data-element_type=\"widget\" data-widget_type=\"image.default\">\n\t\t\t\t<div class=\"elementor-widget-container\">\n\t\t\t\t\t\t\t\t\t\t\t\t\t\t\t\t<a href=\"https:\/\/www.facebook.com\/pellingeservice\">\n\t\t\t\t\t\t\t<img loading=\"lazy\" decoding=\"async\" width=\"296\" height=\"296\" src=\"https:\/\/www.akilles.fi\/handboll\/wp-content\/uploads\/sites\/18\/2024\/10\/Pellinge-Skargardsservice-some-_profilbild_2-fyrkant.jpg\" class=\"attachment-medium size-medium wp-image-11536\" alt=\"\" srcset=\"https:\/\/www.akilles.fi\/handboll\/wp-content\/uploads\/sites\/18\/2024\/10\/Pellinge-Skargardsservice-some-_profilbild_2-fyrkant.jpg 296w, https:\/\/www.akilles.fi\/handboll\/wp-content\/uploads\/sites\/18\/2024\/10\/Pellinge-Skargardsservice-some-_profilbild_2-fyrkant-150x150.jpg 150w\" sizes=\"(max-width: 296px) 100vw, 296px\" \/>\t\t\t\t\t\t\t\t<\/a>\n\t\t\t\t\t\t\t\t\t\t\t\t\t\t\t<\/div>\n\t\t\t\t<\/div>\n\t\t\t\t\t<\/div>\n\t\t<\/div>\n\t\t\t\t<div class=\"elementor-column elementor-col-25 elementor-top-column elementor-element elementor-element-4127cd1\" data-id=\"4127cd1\" data-element_type=\"column\">\n\t\t\t<div class=\"elementor-widget-wrap elementor-element-populated\">\n\t\t\t\t\t\t<div class=\"elementor-element elementor-element-373ba15 elementor-widget elementor-widget-image\" data-id=\"373ba15\" data-element_type=\"widget\" data-widget_type=\"image.default\">\n\t\t\t\t<div class=\"elementor-widget-container\">\n\t\t\t\t\t\t\t\t\t\t\t\t\t\t\t\t<a href=\"http:\/\/www.boldan.fi\">\n\t\t\t\t\t\t\t<img loading=\"lazy\" decoding=\"async\" width=\"1024\" height=\"356\" src=\"https:\/\/www.akilles.fi\/handboll\/wp-content\/uploads\/sites\/18\/2023\/09\/Boldan_logo_sininen-1024x356.png\" class=\"attachment-large size-large wp-image-10355\" alt=\"\" srcset=\"https:\/\/www.akilles.fi\/handboll\/wp-content\/uploads\/sites\/18\/2023\/09\/Boldan_logo_sininen-1024x356.png 1024w, https:\/\/www.akilles.fi\/handboll\/wp-content\/uploads\/sites\/18\/2023\/09\/Boldan_logo_sininen-300x104.png 300w, https:\/\/www.akilles.fi\/handboll\/wp-content\/uploads\/sites\/18\/2023\/09\/Boldan_logo_sininen-768x267.png 768w, https:\/\/www.akilles.fi\/handboll\/wp-content\/uploads\/sites\/18\/2023\/09\/Boldan_logo_sininen-1536x534.png 1536w, https:\/\/www.akilles.fi\/handboll\/wp-content\/uploads\/sites\/18\/2023\/09\/Boldan_logo_sininen-2048x713.png 2048w\" sizes=\"(max-width: 1024px) 100vw, 1024px\" \/>\t\t\t\t\t\t\t\t<\/a>\n\t\t\t\t\t\t\t\t\t\t\t\t\t\t\t<\/div>\n\t\t\t\t<\/div>\n\t\t\t\t\t<\/div>\n\t\t<\/div>\n\t\t\t\t\t<\/div>\n\t\t<\/section>\n\t\t\t\t<\/div>\n\t\t","protected":false},"excerpt":{"rendered":"<p>Spelare \/ Pelaajat 3. Liam Lindholm4. Oliver Wester5. Alec Bj\u00f6rkwall9. Isak Karlsson10. Theodor Seistola13. Jonathan Liljendal16. Lenni Friman17. Casper Hallikainen19. Leo Sj\u00f6str\u00f6m21. Emil Pyh\u00e4j\u00e4rvi22. Robin Johansson27. Aaron Str\u00e5hlman88. Erik Kullstr\u00f6m99. Melvin Ahonen KontaktuppgifterYhteystiedot Tr\u00e4nare \/ Valmentajat: Linus Schmidt044-2927342linus.schmidt@akilles.fi Aron Johansson Mick N\u00e4rhi Lagledare \/ Joukkueenjohtajat: Johan Lindholm040-4148381johan.lindholm@boldansweden.se Ron Liljendal Serietabell \/ Sarjataulukko N\u00e4sta match \/ [&hellip;]<\/p>\n","protected":false},"author":2,"featured_media":0,"parent":0,"menu_order":0,"comment_status":"closed","ping_status":"closed","template":"","meta":{"_crdt_document":"","footnotes":""},"class_list":["post-11259","page","type-page","status-publish","hentry"],"yoast_head":"<!-- This site is optimized with the Yoast SEO plugin v27.4 - https:\/\/yoast.com\/product\/yoast-seo-wordpress\/ -->\n<title>Pojkar - Pojat -12 - Handboll - K\u00e4sipallo<\/title>\n<meta name=\"robots\" content=\"index, follow, max-snippet:-1, max-image-preview:large, max-video-preview:-1\" \/>\n<link rel=\"canonical\" href=\"https:\/\/www.akilles.fi\/handboll\/pojkar-pojat-12\/\" \/>\n<meta property=\"og:locale\" content=\"sv_SE\" \/>\n<meta property=\"og:type\" content=\"article\" \/>\n<meta property=\"og:title\" content=\"Pojkar - Pojat -12 - Handboll - K\u00e4sipallo\" \/>\n<meta property=\"og:description\" content=\"Spelare \/ Pelaajat 3. Liam Lindholm4. Oliver Wester5. Alec Bj\u00f6rkwall9. Isak Karlsson10. Theodor Seistola13. Jonathan Liljendal16. Lenni Friman17. Casper Hallikainen19. Leo Sj\u00f6str\u00f6m21. Emil Pyh\u00e4j\u00e4rvi22. Robin Johansson27. Aaron Str\u00e5hlman88. Erik Kullstr\u00f6m99. Melvin Ahonen KontaktuppgifterYhteystiedot Tr\u00e4nare \/ Valmentajat: Linus Schmidt044-2927342linus.schmidt@akilles.fi Aron Johansson Mick N\u00e4rhi Lagledare \/ Joukkueenjohtajat: Johan Lindholm040-4148381johan.lindholm@boldansweden.se Ron Liljendal Serietabell \/ Sarjataulukko N\u00e4sta match \/ [&hellip;]\" \/>\n<meta property=\"og:url\" content=\"https:\/\/www.akilles.fi\/handboll\/pojkar-pojat-12\/\" \/>\n<meta property=\"og:site_name\" content=\"Handboll - K\u00e4sipallo\" \/>\n<meta property=\"article:modified_time\" content=\"2025-10-09T16:59:57+00:00\" \/>\n<meta property=\"og:image\" content=\"https:\/\/www.akilles.fi\/handboll\/wp-content\/uploads\/sites\/18\/2025\/10\/Pojat_2012_1968.jpg\" \/>\n\t<meta property=\"og:image:width\" content=\"2560\" \/>\n\t<meta property=\"og:image:height\" content=\"1638\" \/>\n\t<meta property=\"og:image:type\" content=\"image\/jpeg\" \/>\n<meta name=\"twitter:card\" content=\"summary_large_image\" \/>\n<meta name=\"twitter:label1\" content=\"Ber\u00e4knad l\u00e4stid\" \/>\n\t<meta name=\"twitter:data1\" content=\"2 minuter\" \/>\n<script type=\"application\/ld+json\" class=\"yoast-schema-graph\">{\"@context\":\"https:\\\/\\\/schema.org\",\"@graph\":[{\"@type\":\"WebPage\",\"@id\":\"https:\\\/\\\/www.akilles.fi\\\/handboll\\\/pojkar-pojat-12\\\/\",\"url\":\"https:\\\/\\\/www.akilles.fi\\\/handboll\\\/pojkar-pojat-12\\\/\",\"name\":\"Pojkar - Pojat -12 - Handboll - K\u00e4sipallo\",\"isPartOf\":{\"@id\":\"https:\\\/\\\/www.akilles.fi\\\/handboll\\\/#website\"},\"primaryImageOfPage\":{\"@id\":\"https:\\\/\\\/www.akilles.fi\\\/handboll\\\/pojkar-pojat-12\\\/#primaryimage\"},\"image\":{\"@id\":\"https:\\\/\\\/www.akilles.fi\\\/handboll\\\/pojkar-pojat-12\\\/#primaryimage\"},\"thumbnailUrl\":\"http:\\\/\\\/www.akilles.fi\\\/handboll\\\/wp-content\\\/uploads\\\/sites\\\/18\\\/2025\\\/10\\\/Pojat_2012_1968-1024x655.jpg\",\"datePublished\":\"2024-08-24T13:30:26+00:00\",\"dateModified\":\"2025-10-09T16:59:57+00:00\",\"breadcrumb\":{\"@id\":\"https:\\\/\\\/www.akilles.fi\\\/handboll\\\/pojkar-pojat-12\\\/#breadcrumb\"},\"inLanguage\":\"sv-SE\",\"potentialAction\":[{\"@type\":\"ReadAction\",\"target\":[\"https:\\\/\\\/www.akilles.fi\\\/handboll\\\/pojkar-pojat-12\\\/\"]}]},{\"@type\":\"ImageObject\",\"inLanguage\":\"sv-SE\",\"@id\":\"https:\\\/\\\/www.akilles.fi\\\/handboll\\\/pojkar-pojat-12\\\/#primaryimage\",\"url\":\"https:\\\/\\\/www.akilles.fi\\\/handboll\\\/wp-content\\\/uploads\\\/sites\\\/18\\\/2025\\\/10\\\/Pojat_2012_1968.jpg\",\"contentUrl\":\"https:\\\/\\\/www.akilles.fi\\\/handboll\\\/wp-content\\\/uploads\\\/sites\\\/18\\\/2025\\\/10\\\/Pojat_2012_1968.jpg\",\"width\":2560,\"height\":1638},{\"@type\":\"BreadcrumbList\",\"@id\":\"https:\\\/\\\/www.akilles.fi\\\/handboll\\\/pojkar-pojat-12\\\/#breadcrumb\",\"itemListElement\":[{\"@type\":\"ListItem\",\"position\":1,\"name\":\"Home\",\"item\":\"https:\\\/\\\/www.akilles.fi\\\/handboll\\\/\"},{\"@type\":\"ListItem\",\"position\":2,\"name\":\"Pojkar &#8211; Pojat -12\"}]},{\"@type\":\"WebSite\",\"@id\":\"https:\\\/\\\/www.akilles.fi\\\/handboll\\\/#website\",\"url\":\"https:\\\/\\\/www.akilles.fi\\\/handboll\\\/\",\"name\":\"Handboll - K\u00e4sipallo\",\"description\":\"Borg\u00e5 Akilles Handboll - Porvoon Akilles K\u00e4sipallo\",\"potentialAction\":[{\"@type\":\"SearchAction\",\"target\":{\"@type\":\"EntryPoint\",\"urlTemplate\":\"https:\\\/\\\/www.akilles.fi\\\/handboll\\\/?s={search_term_string}\"},\"query-input\":{\"@type\":\"PropertyValueSpecification\",\"valueRequired\":true,\"valueName\":\"search_term_string\"}}],\"inLanguage\":\"sv-SE\"}]}<\/script>\n<!-- \/ Yoast SEO plugin. -->","yoast_head_json":{"title":"Pojkar - Pojat -12 - Handboll - K\u00e4sipallo","robots":{"index":"index","follow":"follow","max-snippet":"max-snippet:-1","max-image-preview":"max-image-preview:large","max-video-preview":"max-video-preview:-1"},"canonical":"https:\/\/www.akilles.fi\/handboll\/pojkar-pojat-12\/","og_locale":"sv_SE","og_type":"article","og_title":"Pojkar - Pojat -12 - Handboll - K\u00e4sipallo","og_description":"Spelare \/ Pelaajat 3. Liam Lindholm4. Oliver Wester5. Alec Bj\u00f6rkwall9. Isak Karlsson10. Theodor Seistola13. Jonathan Liljendal16. Lenni Friman17. Casper Hallikainen19. Leo Sj\u00f6str\u00f6m21. Emil Pyh\u00e4j\u00e4rvi22. Robin Johansson27. Aaron Str\u00e5hlman88. Erik Kullstr\u00f6m99. Melvin Ahonen KontaktuppgifterYhteystiedot Tr\u00e4nare \/ Valmentajat: Linus Schmidt044-2927342linus.schmidt@akilles.fi Aron Johansson Mick N\u00e4rhi Lagledare \/ Joukkueenjohtajat: Johan Lindholm040-4148381johan.lindholm@boldansweden.se Ron Liljendal Serietabell \/ Sarjataulukko N\u00e4sta match \/ [&hellip;]","og_url":"https:\/\/www.akilles.fi\/handboll\/pojkar-pojat-12\/","og_site_name":"Handboll - K\u00e4sipallo","article_modified_time":"2025-10-09T16:59:57+00:00","og_image":[{"width":2560,"height":1638,"url":"https:\/\/www.akilles.fi\/handboll\/wp-content\/uploads\/sites\/18\/2025\/10\/Pojat_2012_1968.jpg","type":"image\/jpeg"}],"twitter_card":"summary_large_image","twitter_misc":{"Ber\u00e4knad l\u00e4stid":"2 minuter"},"schema":{"@context":"https:\/\/schema.org","@graph":[{"@type":"WebPage","@id":"https:\/\/www.akilles.fi\/handboll\/pojkar-pojat-12\/","url":"https:\/\/www.akilles.fi\/handboll\/pojkar-pojat-12\/","name":"Pojkar - Pojat -12 - Handboll - K\u00e4sipallo","isPartOf":{"@id":"https:\/\/www.akilles.fi\/handboll\/#website"},"primaryImageOfPage":{"@id":"https:\/\/www.akilles.fi\/handboll\/pojkar-pojat-12\/#primaryimage"},"image":{"@id":"https:\/\/www.akilles.fi\/handboll\/pojkar-pojat-12\/#primaryimage"},"thumbnailUrl":"http:\/\/www.akilles.fi\/handboll\/wp-content\/uploads\/sites\/18\/2025\/10\/Pojat_2012_1968-1024x655.jpg","datePublished":"2024-08-24T13:30:26+00:00","dateModified":"2025-10-09T16:59:57+00:00","breadcrumb":{"@id":"https:\/\/www.akilles.fi\/handboll\/pojkar-pojat-12\/#breadcrumb"},"inLanguage":"sv-SE","potentialAction":[{"@type":"ReadAction","target":["https:\/\/www.akilles.fi\/handboll\/pojkar-pojat-12\/"]}]},{"@type":"ImageObject","inLanguage":"sv-SE","@id":"https:\/\/www.akilles.fi\/handboll\/pojkar-pojat-12\/#primaryimage","url":"https:\/\/www.akilles.fi\/handboll\/wp-content\/uploads\/sites\/18\/2025\/10\/Pojat_2012_1968.jpg","contentUrl":"https:\/\/www.akilles.fi\/handboll\/wp-content\/uploads\/sites\/18\/2025\/10\/Pojat_2012_1968.jpg","width":2560,"height":1638},{"@type":"BreadcrumbList","@id":"https:\/\/www.akilles.fi\/handboll\/pojkar-pojat-12\/#breadcrumb","itemListElement":[{"@type":"ListItem","position":1,"name":"Home","item":"https:\/\/www.akilles.fi\/handboll\/"},{"@type":"ListItem","position":2,"name":"Pojkar &#8211; Pojat -12"}]},{"@type":"WebSite","@id":"https:\/\/www.akilles.fi\/handboll\/#website","url":"https:\/\/www.akilles.fi\/handboll\/","name":"Handboll - K\u00e4sipallo","description":"Borg\u00e5 Akilles Handboll - Porvoon Akilles K\u00e4sipallo","potentialAction":[{"@type":"SearchAction","target":{"@type":"EntryPoint","urlTemplate":"https:\/\/www.akilles.fi\/handboll\/?s={search_term_string}"},"query-input":{"@type":"PropertyValueSpecification","valueRequired":true,"valueName":"search_term_string"}}],"inLanguage":"sv-SE"}]}},"_links":{"self":[{"href":"https:\/\/www.akilles.fi\/handboll\/wp-json\/wp\/v2\/pages\/11259","targetHints":{"allow":["GET"]}}],"collection":[{"href":"https:\/\/www.akilles.fi\/handboll\/wp-json\/wp\/v2\/pages"}],"about":[{"href":"https:\/\/www.akilles.fi\/handboll\/wp-json\/wp\/v2\/types\/page"}],"author":[{"embeddable":true,"href":"https:\/\/www.akilles.fi\/handboll\/wp-json\/wp\/v2\/users\/2"}],"replies":[{"embeddable":true,"href":"https:\/\/www.akilles.fi\/handboll\/wp-json\/wp\/v2\/comments?post=11259"}],"version-history":[{"count":37,"href":"https:\/\/www.akilles.fi\/handboll\/wp-json\/wp\/v2\/pages\/11259\/revisions"}],"predecessor-version":[{"id":12827,"href":"https:\/\/www.akilles.fi\/handboll\/wp-json\/wp\/v2\/pages\/11259\/revisions\/12827"}],"wp:attachment":[{"href":"https:\/\/www.akilles.fi\/handboll\/wp-json\/wp\/v2\/media?parent=11259"}],"curies":[{"name":"wp","href":"https:\/\/api.w.org\/{rel}","templated":true}]}}